{"id":105701,"date":"2026-03-18T16:24:34","date_gmt":"2026-03-18T16:24:34","guid":{"rendered":"https:\/\/apgsolutions.com\/thank-you-for-visiting-apg-cash-drawer-at-our-booth\/"},"modified":"2026-03-18T16:32:59","modified_gmt":"2026-03-18T16:32:59","slug":"thank-you-for-visiting-apg-cash-drawer-at-our-booth","status":"publish","type":"page","link":"https:\/\/apgsolutions.com\/it\/thank-you-for-visiting-apg-cash-drawer-at-our-booth\/","title":{"rendered":"Grazie per aver visitato il cassetto portavalori APG presso il nostro stand"},"content":{"rendered":"<div class=\"section_page-header \">\n    <img decoding=\"async\" class=\"header-image\" src=\"https:\/\/apgsolutions.com\/wp-content\/uploads\/2023\/04\/dark-blue-rotated.jpg\" alt=\"dark-blue\" title=\"dark-blue\">\n            <div class=\"header-content\">\n            <h1>Thank you for Visiting APG Cash Drawer<\/h1>\n        <\/div>\n    <\/div>\n<h2 class=\"wp-block-heading has-text-align-center has-large-font-size\" id=\"h-apg-cash-drawer-is-a-global-manufacturer-of-cash-management-solutions-serving-a-variety-of-customers-and-industries\">APG Cash Drawer \u00e8 un produttore globale di soluzioni per la gestione del contante che serve una variet\u00e0 di clienti e settori.<\/h2>\n\n<p>Esplora i link sottostanti e scopri di pi\u00f9 sul Cassetto di Cassa APG:<\/p>\n\n<ul class=\"wp-block-list\">\n<li><a href=\"https:\/\/apgsolutions.com\/it\/products\/\">Prodotti APG<\/a><\/li>\n\n\n\n<li><a href=\"https:\/\/apgsolutions.com\/it\/about-apg\/\">Perch\u00e9 scegliere i cassetti APG?<\/a><\/li>\n\n\n\n<li><a href=\"https:\/\/apgsolutions.com\/it\/press\/\">Sala stampa<\/a><\/li>\n\n\n\n<li><a href=\"https:\/\/apgsolutions.com\/it\/resources\/\">Risorse APG<\/a><\/li>\n\n\n\n<li>Scopri di pi\u00f9 sui nostri <a href=\"https:\/\/apgsolutions.com\/it\/distributors\/\">distributori<\/a><\/li>\n<\/ul>\n\n<p>Vuoi diventare un partner di valore? <a href=\"https:\/\/apgsolutions.com\/it\/global-partners\/\">Clicca qui<\/a> per saperne di pi\u00f9.<\/p>\n\n<p>Oppure <a href=\"https:\/\/apgsolutions.com\/it\/contact-us\/\" target=\"_blank\" rel=\"noreferrer noopener\">contattaci<\/a> per qualsiasi altra domanda.<\/p>\n","protected":false},"excerpt":{"rendered":"<p>APG Cash Drawer \u00e8 un produttore globale di soluzioni per la gestione del contante che serve una variet\u00e0 di clienti e settori. Esplora i link sottostanti e scopri di pi\u00f9 sul Cassetto di Cassa APG: Vuoi diventare un partner di valore? Clicca qui per saperne di pi\u00f9. Oppure contattaci per qualsiasi altra domanda.<\/p>\n","protected":false},"author":4,"featured_media":0,"parent":0,"menu_order":0,"comment_status":"closed","ping_status":"closed","template":"","meta":{"_acf_changed":false,"content-type":"","footnotes":""},"class_list":["post-105701","page","type-page","status-publish"],"yoast_head":"<!-- This site is optimized with the Yoast SEO Premium plugin v23.5 (Yoast SEO v27.2) - https:\/\/yoast.com\/product\/yoast-seo-premium-wordpress\/ -->\n<title>Grazie per aver visitato apg\u00ae Solutions<\/title>\n<meta name=\"description\" content=\"Grazie per averci visitato ai nostri eventi fieristici. Vuoi maggiori informazioni? Esplora i link di questa pagina e scopri di pi\u00f9 sui cassetti per contanti APG.\" \/>\n<meta name=\"robots\" content=\"index, follow, max-snippet:-1, max-image-preview:large, max-video-preview:-1\" \/>\n<link rel=\"canonical\" href=\"https:\/\/apgsolutions.com\/it\/thank-you-for-visiting-apg-cash-drawer-at-our-booth\/\" \/>\n<meta property=\"og:locale\" content=\"it_IT\" \/>\n<meta property=\"og:type\" content=\"article\" \/>\n<meta property=\"og:title\" content=\"Grazie per aver visitato apg\u00ae Solutions\" \/>\n<meta property=\"og:description\" content=\"Grazie per averci visitato ai nostri eventi fieristici. Vuoi maggiori informazioni? Esplora i link di questa pagina e scopri di pi\u00f9 sui cassetti per contanti APG.\" \/>\n<meta property=\"og:url\" content=\"https:\/\/apgsolutions.com\/it\/thank-you-for-visiting-apg-cash-drawer-at-our-booth\/\" \/>\n<meta property=\"og:site_name\" content=\"apg\u00ae Solutions\" \/>\n<meta property=\"article:publisher\" content=\"https:\/\/www.facebook.com\/apgglobalsolutions\" \/>\n<meta property=\"article:modified_time\" content=\"2026-03-18T16:32:59+00:00\" \/>\n<meta name=\"twitter:card\" content=\"summary_large_image\" \/>\n<meta name=\"twitter:site\" content=\"@apg_solutions\" \/>\n<script type=\"application\/ld+json\" class=\"yoast-schema-graph\">{\"@context\":\"https:\/\/schema.org\",\"@graph\":[{\"@type\":\"WebPage\",\"@id\":\"https:\/\/apgsolutions.com\/it\/thank-you-for-visiting-apg-cash-drawer-at-our-booth\/\",\"url\":\"https:\/\/apgsolutions.com\/it\/thank-you-for-visiting-apg-cash-drawer-at-our-booth\/\",\"name\":\"Grazie per aver visitato apg\u00ae Solutions\",\"isPartOf\":{\"@id\":\"https:\/\/apgsolutions.com\/it\/#website\"},\"datePublished\":\"2026-03-18T16:24:34+00:00\",\"dateModified\":\"2026-03-18T16:32:59+00:00\",\"description\":\"Grazie per averci visitato ai nostri eventi fieristici. Vuoi maggiori informazioni? Esplora i link di questa pagina e scopri di pi\u00f9 sui cassetti per contanti APG.\",\"inLanguage\":\"it-IT\",\"potentialAction\":[{\"@type\":\"ReadAction\",\"target\":[\"https:\/\/apgsolutions.com\/it\/thank-you-for-visiting-apg-cash-drawer-at-our-booth\/\"]}]},{\"@type\":\"WebSite\",\"@id\":\"https:\/\/apgsolutions.com\/it\/#website\",\"url\":\"https:\/\/apgsolutions.com\/it\/\",\"name\":\"APG Solutions, LLC\",\"description\":\"Trust at every point.\",\"publisher\":{\"@id\":\"https:\/\/apgsolutions.com\/it\/#organization\"},\"potentialAction\":[{\"@type\":\"SearchAction\",\"target\":{\"@type\":\"EntryPoint\",\"urlTemplate\":\"https:\/\/apgsolutions.com\/it\/?s={search_term_string}\"},\"query-input\":{\"@type\":\"PropertyValueSpecification\",\"valueRequired\":true,\"valueName\":\"search_term_string\"}}],\"inLanguage\":\"it-IT\"},{\"@type\":\"Organization\",\"@id\":\"https:\/\/apgsolutions.com\/it\/#organization\",\"name\":\"APG Solution, LLC\",\"url\":\"https:\/\/apgsolutions.com\/it\/\",\"logo\":{\"@type\":\"ImageObject\",\"inLanguage\":\"it-IT\",\"@id\":\"https:\/\/apgsolutions.com\/it\/#\/schema\/logo\/image\/\",\"url\":\"https:\/\/apgsolutions.com\/wp-content\/uploads\/2023\/12\/logomark-color.svg\",\"contentUrl\":\"https:\/\/apgsolutions.com\/wp-content\/uploads\/2023\/12\/logomark-color.svg\",\"width\":141,\"height\":138,\"caption\":\"APG Solution, LLC\"},\"image\":{\"@id\":\"https:\/\/apgsolutions.com\/it\/#\/schema\/logo\/image\/\"},\"sameAs\":[\"https:\/\/www.facebook.com\/apgglobalsolutions\",\"https:\/\/x.com\/apg_solutions\",\"https:\/\/www.youtube.com\/c\/CashManagementGlobalSolutionsbyapg\",\"https:\/\/www.linkedin.com\/company\/apgglobalsolutions\/\",\"https:\/\/www.instagram.com\/apgglobalsolutions\/\",\"https:\/\/www.pinterest.com\/apgcashdrawer\/\"]}]}<\/script>\n<!-- \/ Yoast SEO Premium plugin. -->","yoast_head_json":{"title":"Grazie per aver visitato apg\u00ae Solutions","description":"Grazie per averci visitato ai nostri eventi fieristici. Vuoi maggiori informazioni? Esplora i link di questa pagina e scopri di pi\u00f9 sui cassetti per contanti APG.","robots":{"index":"index","follow":"follow","max-snippet":"max-snippet:-1","max-image-preview":"max-image-preview:large","max-video-preview":"max-video-preview:-1"},"canonical":"https:\/\/apgsolutions.com\/it\/thank-you-for-visiting-apg-cash-drawer-at-our-booth\/","og_locale":"it_IT","og_type":"article","og_title":"Grazie per aver visitato apg\u00ae Solutions","og_description":"Grazie per averci visitato ai nostri eventi fieristici. Vuoi maggiori informazioni? Esplora i link di questa pagina e scopri di pi\u00f9 sui cassetti per contanti APG.","og_url":"https:\/\/apgsolutions.com\/it\/thank-you-for-visiting-apg-cash-drawer-at-our-booth\/","og_site_name":"apg\u00ae Solutions","article_publisher":"https:\/\/www.facebook.com\/apgglobalsolutions","article_modified_time":"2026-03-18T16:32:59+00:00","twitter_card":"summary_large_image","twitter_site":"@apg_solutions","schema":{"@context":"https:\/\/schema.org","@graph":[{"@type":"WebPage","@id":"https:\/\/apgsolutions.com\/it\/thank-you-for-visiting-apg-cash-drawer-at-our-booth\/","url":"https:\/\/apgsolutions.com\/it\/thank-you-for-visiting-apg-cash-drawer-at-our-booth\/","name":"Grazie per aver visitato apg\u00ae Solutions","isPartOf":{"@id":"https:\/\/apgsolutions.com\/it\/#website"},"datePublished":"2026-03-18T16:24:34+00:00","dateModified":"2026-03-18T16:32:59+00:00","description":"Grazie per averci visitato ai nostri eventi fieristici. Vuoi maggiori informazioni? Esplora i link di questa pagina e scopri di pi\u00f9 sui cassetti per contanti APG.","inLanguage":"it-IT","potentialAction":[{"@type":"ReadAction","target":["https:\/\/apgsolutions.com\/it\/thank-you-for-visiting-apg-cash-drawer-at-our-booth\/"]}]},{"@type":"WebSite","@id":"https:\/\/apgsolutions.com\/it\/#website","url":"https:\/\/apgsolutions.com\/it\/","name":"APG Solutions, LLC","description":"Trust at every point.","publisher":{"@id":"https:\/\/apgsolutions.com\/it\/#organization"},"potentialAction":[{"@type":"SearchAction","target":{"@type":"EntryPoint","urlTemplate":"https:\/\/apgsolutions.com\/it\/?s={search_term_string}"},"query-input":{"@type":"PropertyValueSpecification","valueRequired":true,"valueName":"search_term_string"}}],"inLanguage":"it-IT"},{"@type":"Organization","@id":"https:\/\/apgsolutions.com\/it\/#organization","name":"APG Solution, LLC","url":"https:\/\/apgsolutions.com\/it\/","logo":{"@type":"ImageObject","inLanguage":"it-IT","@id":"https:\/\/apgsolutions.com\/it\/#\/schema\/logo\/image\/","url":"https:\/\/apgsolutions.com\/wp-content\/uploads\/2023\/12\/logomark-color.svg","contentUrl":"https:\/\/apgsolutions.com\/wp-content\/uploads\/2023\/12\/logomark-color.svg","width":141,"height":138,"caption":"APG Solution, LLC"},"image":{"@id":"https:\/\/apgsolutions.com\/it\/#\/schema\/logo\/image\/"},"sameAs":["https:\/\/www.facebook.com\/apgglobalsolutions","https:\/\/x.com\/apg_solutions","https:\/\/www.youtube.com\/c\/CashManagementGlobalSolutionsbyapg","https:\/\/www.linkedin.com\/company\/apgglobalsolutions\/","https:\/\/www.instagram.com\/apgglobalsolutions\/","https:\/\/www.pinterest.com\/apgcashdrawer\/"]}]}},"acf":[],"_links":{"self":[{"href":"https:\/\/apgsolutions.com\/it\/wp-json\/wp\/v2\/pages\/105701","targetHints":{"allow":["GET"]}}],"collection":[{"href":"https:\/\/apgsolutions.com\/it\/wp-json\/wp\/v2\/pages"}],"about":[{"href":"https:\/\/apgsolutions.com\/it\/wp-json\/wp\/v2\/types\/page"}],"author":[{"embeddable":true,"href":"https:\/\/apgsolutions.com\/it\/wp-json\/wp\/v2\/users\/4"}],"replies":[{"embeddable":true,"href":"https:\/\/apgsolutions.com\/it\/wp-json\/wp\/v2\/comments?post=105701"}],"version-history":[{"count":2,"href":"https:\/\/apgsolutions.com\/it\/wp-json\/wp\/v2\/pages\/105701\/revisions"}],"predecessor-version":[{"id":106721,"href":"https:\/\/apgsolutions.com\/it\/wp-json\/wp\/v2\/pages\/105701\/revisions\/106721"}],"wp:attachment":[{"href":"https:\/\/apgsolutions.com\/it\/wp-json\/wp\/v2\/media?parent=105701"}],"curies":[{"name":"wp","href":"https:\/\/api.w.org\/{rel}","templated":true}]}}