{"id":105718,"date":"2026-03-18T16:24:36","date_gmt":"2026-03-18T16:24:36","guid":{"rendered":"https:\/\/apgsolutions.com\/quick-serve-restaurant-qsr\/"},"modified":"2026-04-16T14:23:08","modified_gmt":"2026-04-16T14:23:08","slug":"quick-serve-restaurant-qsr","status":"publish","type":"page","link":"https:\/\/apgsolutions.com\/it\/industry\/quick-serve-restaurant-qsr\/","title":{"rendered":"Ristoranti a servizio rapido"},"content":{"rendered":"<div class=\"section_page-header \">\n    <img decoding=\"async\" class=\"header-image\" src=\"https:\/\/apgsolutions.com\/wp-content\/uploads\/2023\/07\/QSR-Header.jpg\" alt=\"Quick Serve Restaurants\" title=\"Quick Serve Restaurants\">\n            <div class=\"header-content\">\n            <h1>Quick Serve Restaurants<\/h1>\n        <\/div>\n    <\/div>\n<div class=\"wp-block-group pos-content-div is-vertical is-content-justification-center is-layout-flex wp-container-core-group-is-layout-4b2eccd6 wp-block-group-is-layout-flex\">\n<div style=\"height:0px\" aria-hidden=\"true\" class=\"wp-block-spacer wp-container-content-b83b6736\"><\/div>\n\n\n\n<div class=\"wp-block-group is-vertical is-content-justification-center is-nowrap is-layout-flex wp-container-core-group-is-layout-e862386f wp-block-group-is-layout-flex\">\n<p class=\"has-text-align-center has-large-font-size\"><strong>Soluzioni POS robuste e durature<\/strong><\/p>\n\n\n\n<div style=\"height:0px\" aria-hidden=\"true\" class=\"wp-block-spacer wp-container-content-5082a153\"><\/div>\n\n\n\n<p class=\"has-text-align-center\">I ristoranti a ristorazione rapida rappresentano una parte significativa del mercato dell&#8217;industria alimentare. Solo negli Stati Uniti ci sono 195.507 ristoranti a servizio rapido e le dimensioni del mercato hanno raggiunto i 382 miliardi di dollari nel 2022. I ristoranti a ristorazione rapida sono fondamentali nel settore dell&#8217;ospitalit\u00e0 e spesso utilizzano 2-3 terminali POS alle casse del negozio e 1-2 alle finestre del drive-thru.    <\/p>\n\n\n\n<p class=\"has-text-align-center\">apg\u00ae ha l&#8217;esperienza e la capacit\u00e0 di produrre l&#8217;hardware per il punto vendita pi\u00f9 affidabile e affidabile per i ristoranti quick serve. Le nostre solide soluzioni sono progettate per aumentare la produttivit\u00e0 e migliorare l&#8217;esperienza complessiva del cliente. <\/p>\n<\/div>\n\n\n\n<div style=\"height:0px\" aria-hidden=\"true\" class=\"wp-block-spacer wp-container-content-b83b6736\"><\/div>\n\n\n\n<div class=\"wp-block-group is-vertical is-layout-flex wp-container-core-group-is-layout-8cf370e7 wp-block-group-is-layout-flex\">\n<p style=\"font-size:30px\"><strong>Fatti e statistiche<\/strong><\/p>\n\n\n\n<div style=\"height:0px\" aria-hidden=\"true\" class=\"wp-block-spacer wp-container-content-5082a153\"><\/div>\n<\/div>\n\n\n\n<div class=\"wp-block-columns is-layout-flex wp-container-core-columns-is-layout-9d6595d7 wp-block-columns-is-layout-flex\">\n<div class=\"wp-block-column pos-card-box has-background is-layout-flow wp-block-column-is-layout-flow\" style=\"background-color:#fcfaf7;flex-basis:360px\">\n<div style=\"height:1rem\" aria-hidden=\"true\" class=\"wp-block-spacer\"><\/div>\n\n\n<div class=\"wp-block-image\">\n<figure class=\"aligncenter size-full\"><img decoding=\"async\" width=\"80\" height=\"80\" src=\"https:\/\/apgsolutions.com\/wp-content\/uploads\/2023\/07\/Money-Growth_Light-Blue.png\" alt=\"Principale fonte di entrate Icona\" class=\"wp-image-68978\" style=\"object-fit:cover\"\/><\/figure>\n<\/div>\n\n\n<h3 class=\"wp-block-heading has-text-align-center\" id=\"h-growth\">Crescita<\/h3>\n\n\n\n<p class=\"has-text-align-center\">Nel 2023, la spesa dei consumatori presso i QSR sar\u00e0 di 350 miliardi di dollari | Statista<\/p>\n\n\n\n<div style=\"height:1rem\" aria-hidden=\"true\" class=\"wp-block-spacer\"><\/div>\n<\/div>\n\n\n\n<div class=\"wp-block-column pos-card-box has-background is-layout-flow wp-block-column-is-layout-flow\" style=\"background-color:#fcfaf7;flex-basis:360px\">\n<div style=\"height:1rem\" aria-hidden=\"true\" class=\"wp-block-spacer\"><\/div>\n\n\n<div class=\"wp-block-image\">\n<figure class=\"aligncenter size-full\"><img decoding=\"async\" width=\"80\" height=\"80\" src=\"https:\/\/apgsolutions.com\/wp-content\/uploads\/2023\/08\/Serve-Brands-1.png\" alt=\"Valore\" class=\"wp-image-70076\" style=\"object-fit:cover\"\/><\/figure>\n<\/div>\n\n\n<h3 class=\"wp-block-heading has-text-align-center\" id=\"h-value\">Valore<\/h3>\n\n\n\n<p class=\"has-text-align-center\">I ristoranti a ristorazione rapida sono un&#8217;opzione interessante per i consumatori attenti al budget. I consumatori utilizzano contanti per circa la met\u00e0 delle vendite di valore inferiore a 50 dollari. <\/p>\n\n\n\n<div style=\"height:1rem\" aria-hidden=\"true\" class=\"wp-block-spacer\"><\/div>\n<\/div>\n\n\n\n<div class=\"wp-block-column pos-card-box has-background is-layout-flow wp-block-column-is-layout-flow\" style=\"background-color:#fcfaf7;flex-basis:360px\">\n<div style=\"height:1rem\" aria-hidden=\"true\" class=\"wp-block-spacer\"><\/div>\n\n\n<div class=\"wp-block-image\">\n<figure class=\"aligncenter size-full\"><img decoding=\"async\" width=\"80\" height=\"80\" src=\"https:\/\/apgsolutions.com\/wp-content\/uploads\/2023\/07\/Bill_Light-Blue.png\" alt=\"Icona di Bill\" class=\"wp-image-68967\" style=\"object-fit:cover\"\/><\/figure>\n<\/div>\n\n\n<h3 class=\"wp-block-heading has-text-align-center\" id=\"h-cash-usage\">Utilizzo dei contanti<\/h3>\n\n\n\n<p class=\"has-text-align-center\">Il contante \u00e8 ancora la forma di pagamento pi\u00f9 utilizzata, il 67% degli americani \u00e8 favorevole all&#8217;uso del contante.<\/p>\n\n\n\n<div style=\"height:16px\" aria-hidden=\"true\" class=\"wp-block-spacer\"><\/div>\n<\/div>\n<\/div>\n\n\n\n<div style=\"height:0px\" aria-hidden=\"true\" class=\"wp-block-spacer wp-container-content-b83b6736\"><\/div>\n\n\n\n<div class=\"wp-block-group is-vertical is-layout-flex wp-container-core-group-is-layout-8cf370e7 wp-block-group-is-layout-flex\">\n<p style=\"font-size:30px\"><strong>I nostri cassetti consigliati per i ristoranti a servizio rapido<\/strong><\/p>\n\n\n\n<div style=\"height:0px\" aria-hidden=\"true\" class=\"wp-block-spacer wp-container-content-2cb1e7d4\"><\/div>\n<\/div>\n\n\n\n<div class=\"wp-block-columns is-layout-flex wp-container-core-columns-is-layout-9d6595d7 wp-block-columns-is-layout-flex\">\n<div class=\"wp-block-column is-layout-flow wp-block-column-is-layout-flow\">\n<div style=\"height:1rem\" aria-hidden=\"true\" class=\"wp-block-spacer\"><\/div>\n\n\n<div class=\"wp-block-image\">\n<figure class=\"aligncenter size-full is-resized\"><img decoding=\"async\" src=\"https:\/\/apgsolutions.com\/wp-content\/uploads\/2024\/09\/Series-100.png\" alt=\"Cassetto per contanti Serie 100\" class=\"wp-image-86680\" style=\"width:186px\"\/><\/figure>\n<\/div>\n\n\n<h3 class=\"wp-block-heading has-text-align-center\" id=\"h-series-100-cash-drawers\">Cassettiere serie 100<\/h3>\n\n\n\n<p class=\"has-text-align-left\">La Serie 100 \u00e8 ideale per i ristoranti a ristorazione rapida e offre un ampio spazio di archiviazione con un profondo scomparto sotto il bancone per i rotoli di monete e le banconote confezionate. Il suo design compatto ottimizza lo spazio sul bancone, rendendola la migliore per gli ambienti veloci. <\/p>\n\n\n\n<p class=\"has-text-align-left\">Testata per oltre quattro milioni di transazioni, la Serie 100 offre affidabilit\u00e0 e durata costanti per i grandi volumi di transazioni dei ristoranti veloci.<\/p>\n\n\n\n<div style=\"height:1rem\" aria-hidden=\"true\" class=\"wp-block-spacer\"><\/div>\n<\/div>\n\n\n\n<div class=\"wp-block-column is-layout-flow wp-block-column-is-layout-flow\">\n<div style=\"height:1rem\" aria-hidden=\"true\" class=\"wp-block-spacer\"><\/div>\n\n\n<div class=\"wp-block-image\">\n<figure class=\"aligncenter size-full is-resized\"><img loading=\"lazy\" decoding=\"async\" width=\"1600\" height=\"1200\" src=\"https:\/\/apgsolutions.com\/wp-content\/uploads\/2023\/06\/Series-4000-JB520-BL1816-Closed-Right.png\" alt=\"Cassetto Serie 4000\" class=\"wp-image-83857\" style=\"width:186px\" srcset=\"https:\/\/apgsolutions.com\/wp-content\/uploads\/2023\/06\/Series-4000-JB520-BL1816-Closed-Right.png 1600w, https:\/\/apgsolutions.com\/wp-content\/uploads\/2023\/06\/Series-4000-JB520-BL1816-Closed-Right-300x225.png 300w, https:\/\/apgsolutions.com\/wp-content\/uploads\/2023\/06\/Series-4000-JB520-BL1816-Closed-Right-1024x768.png 1024w, https:\/\/apgsolutions.com\/wp-content\/uploads\/2023\/06\/Series-4000-JB520-BL1816-Closed-Right-768x576.png 768w, https:\/\/apgsolutions.com\/wp-content\/uploads\/2023\/06\/Series-4000-JB520-BL1816-Closed-Right-1536x1152.png 1536w, https:\/\/apgsolutions.com\/wp-content\/uploads\/2023\/06\/Series-4000-JB520-BL1816-Closed-Right-550x413.png 550w, https:\/\/apgsolutions.com\/wp-content\/uploads\/2023\/06\/Series-4000-JB520-BL1816-Closed-Right-80x60.png 80w, https:\/\/apgsolutions.com\/wp-content\/uploads\/2023\/06\/Series-4000-JB520-BL1816-Closed-Right-600x450.png 600w\" sizes=\"(max-width: 1600px) 100vw, 1600px\" \/><\/figure>\n<\/div>\n\n\n<h3 class=\"wp-block-heading has-text-align-center\" id=\"h-series-4000-cash-drawer\">Cassetto Serie 4000<\/h3>\n\n\n\n<p class=\"has-text-align-left\">La Serie 4000 garantisce soluzioni di archiviazione flessibili con dimensioni e colori diversi per soddisfare le tue esigenze di cassa in tempi rapidi.  <\/p>\n\n\n\n<p class=\"has-text-align-left\">Costruita per gestire oltre quattro milioni di transazioni, la Serie 4000 garantisce prestazioni affidabili e durata nel tempo, rendendola la scelta pi\u00f9 affidabile per i ristoranti quick serve.<\/p>\n\n\n\n<div style=\"height:1rem\" aria-hidden=\"true\" class=\"wp-block-spacer\"><\/div>\n<\/div>\n<\/div>\n<\/div>\n","protected":false},"excerpt":{"rendered":"<p>Soluzioni POS robuste e durature I ristoranti a ristorazione rapida rappresentano una parte significativa del mercato dell&#8217;industria alimentare. Solo negli Stati Uniti ci sono 195.507 ristoranti a servizio rapido e le dimensioni del mercato hanno raggiunto i 382 miliardi di dollari nel 2022. I ristoranti a ristorazione rapida sono fondamentali nel settore dell&#8217;ospitalit\u00e0 e spesso [&hellip;]<\/p>\n","protected":false},"author":4,"featured_media":0,"parent":0,"menu_order":0,"comment_status":"closed","ping_status":"closed","template":"","meta":{"_acf_changed":false,"content-type":"","footnotes":""},"class_list":["post-105718","page","type-page","status-publish"],"yoast_head":"<!-- This site is optimized with the Yoast SEO Premium plugin v23.5 (Yoast SEO v27.2) - https:\/\/yoast.com\/product\/yoast-seo-premium-wordpress\/ -->\n<title>Ristoranti Quick Serve Soluzioni POS consigliate - APG<\/title>\n<meta name=\"description\" content=\"APG dispone di soluzioni per punti vendita di lunga durata per i ristoranti a ristorazione rapida. Le nostre soluzioni robuste possono aumentare la produttivit\u00e0 e migliorare l&#039;esperienza di check-out.\" \/>\n<meta name=\"robots\" content=\"index, follow, max-snippet:-1, max-image-preview:large, max-video-preview:-1\" \/>\n<link rel=\"canonical\" href=\"https:\/\/apgsolutions.com\/it\/industry\/quick-serve-restaurant-qsr\/\" \/>\n<meta property=\"og:locale\" content=\"it_IT\" \/>\n<meta property=\"og:type\" content=\"article\" \/>\n<meta property=\"og:title\" content=\"Ristoranti Quick Serve Soluzioni POS consigliate - APG\" \/>\n<meta property=\"og:description\" content=\"APG dispone di soluzioni per punti vendita di lunga durata per i ristoranti a ristorazione rapida. Le nostre soluzioni robuste possono aumentare la produttivit\u00e0 e migliorare l&#039;esperienza di check-out.\" \/>\n<meta property=\"og:url\" content=\"https:\/\/apgsolutions.com\/it\/industry\/quick-serve-restaurant-qsr\/\" \/>\n<meta property=\"og:site_name\" content=\"apg\u00ae Solutions\" \/>\n<meta property=\"article:publisher\" content=\"https:\/\/www.facebook.com\/apgglobalsolutions\" \/>\n<meta property=\"article:modified_time\" content=\"2026-04-16T14:23:08+00:00\" \/>\n<meta property=\"og:image\" content=\"https:\/\/apgsolutions.com\/wp-content\/uploads\/2023\/07\/Money-Growth_Light-Blue.png\" \/>\n<meta name=\"twitter:card\" content=\"summary_large_image\" \/>\n<meta name=\"twitter:site\" content=\"@apg_solutions\" \/>\n<meta name=\"twitter:label1\" content=\"Tempo di lettura stimato\" \/>\n\t<meta name=\"twitter:data1\" content=\"3 minuti\" \/>\n<script type=\"application\/ld+json\" class=\"yoast-schema-graph\">{\"@context\":\"https:\/\/schema.org\",\"@graph\":[{\"@type\":\"WebPage\",\"@id\":\"https:\/\/apgsolutions.com\/it\/industry\/quick-serve-restaurant-qsr\/\",\"url\":\"https:\/\/apgsolutions.com\/it\/industry\/quick-serve-restaurant-qsr\/\",\"name\":\"Ristoranti Quick Serve Soluzioni POS consigliate - APG\",\"isPartOf\":{\"@id\":\"https:\/\/apgsolutions.com\/it\/#website\"},\"primaryImageOfPage\":{\"@id\":\"https:\/\/apgsolutions.com\/it\/industry\/quick-serve-restaurant-qsr\/#primaryimage\"},\"image\":{\"@id\":\"https:\/\/apgsolutions.com\/it\/industry\/quick-serve-restaurant-qsr\/#primaryimage\"},\"thumbnailUrl\":\"https:\/\/apgsolutions.com\/wp-content\/uploads\/2023\/07\/Money-Growth_Light-Blue.png\",\"datePublished\":\"2026-03-18T16:24:36+00:00\",\"dateModified\":\"2026-04-16T14:23:08+00:00\",\"description\":\"APG dispone di soluzioni per punti vendita di lunga durata per i ristoranti a ristorazione rapida. Le nostre soluzioni robuste possono aumentare la produttivit\u00e0 e migliorare l'esperienza di check-out.\",\"inLanguage\":\"it-IT\",\"potentialAction\":[{\"@type\":\"ReadAction\",\"target\":[\"https:\/\/apgsolutions.com\/it\/industry\/quick-serve-restaurant-qsr\/\"]}]},{\"@type\":\"ImageObject\",\"inLanguage\":\"it-IT\",\"@id\":\"https:\/\/apgsolutions.com\/it\/industry\/quick-serve-restaurant-qsr\/#primaryimage\",\"url\":\"https:\/\/apgsolutions.com\/wp-content\/uploads\/2023\/07\/Money-Growth_Light-Blue.png\",\"contentUrl\":\"https:\/\/apgsolutions.com\/wp-content\/uploads\/2023\/07\/Money-Growth_Light-Blue.png\"},{\"@type\":\"WebSite\",\"@id\":\"https:\/\/apgsolutions.com\/it\/#website\",\"url\":\"https:\/\/apgsolutions.com\/it\/\",\"name\":\"APG Solutions, LLC\",\"description\":\"Trust at every point.\",\"publisher\":{\"@id\":\"https:\/\/apgsolutions.com\/it\/#organization\"},\"potentialAction\":[{\"@type\":\"SearchAction\",\"target\":{\"@type\":\"EntryPoint\",\"urlTemplate\":\"https:\/\/apgsolutions.com\/it\/?s={search_term_string}\"},\"query-input\":{\"@type\":\"PropertyValueSpecification\",\"valueRequired\":true,\"valueName\":\"search_term_string\"}}],\"inLanguage\":\"it-IT\"},{\"@type\":\"Organization\",\"@id\":\"https:\/\/apgsolutions.com\/it\/#organization\",\"name\":\"APG Solution, LLC\",\"url\":\"https:\/\/apgsolutions.com\/it\/\",\"logo\":{\"@type\":\"ImageObject\",\"inLanguage\":\"it-IT\",\"@id\":\"https:\/\/apgsolutions.com\/it\/#\/schema\/logo\/image\/\",\"url\":\"https:\/\/apgsolutions.com\/wp-content\/uploads\/2023\/12\/logomark-color.svg\",\"contentUrl\":\"https:\/\/apgsolutions.com\/wp-content\/uploads\/2023\/12\/logomark-color.svg\",\"width\":141,\"height\":138,\"caption\":\"APG Solution, LLC\"},\"image\":{\"@id\":\"https:\/\/apgsolutions.com\/it\/#\/schema\/logo\/image\/\"},\"sameAs\":[\"https:\/\/www.facebook.com\/apgglobalsolutions\",\"https:\/\/x.com\/apg_solutions\",\"https:\/\/www.youtube.com\/c\/CashManagementGlobalSolutionsbyapg\",\"https:\/\/www.linkedin.com\/company\/apgglobalsolutions\/\",\"https:\/\/www.instagram.com\/apgglobalsolutions\/\",\"https:\/\/www.pinterest.com\/apgcashdrawer\/\"]}]}<\/script>\n<!-- \/ Yoast SEO Premium plugin. -->","yoast_head_json":{"title":"Ristoranti Quick Serve Soluzioni POS consigliate - APG","description":"APG dispone di soluzioni per punti vendita di lunga durata per i ristoranti a ristorazione rapida. Le nostre soluzioni robuste possono aumentare la produttivit\u00e0 e migliorare l'esperienza di check-out.","robots":{"index":"index","follow":"follow","max-snippet":"max-snippet:-1","max-image-preview":"max-image-preview:large","max-video-preview":"max-video-preview:-1"},"canonical":"https:\/\/apgsolutions.com\/it\/industry\/quick-serve-restaurant-qsr\/","og_locale":"it_IT","og_type":"article","og_title":"Ristoranti Quick Serve Soluzioni POS consigliate - APG","og_description":"APG dispone di soluzioni per punti vendita di lunga durata per i ristoranti a ristorazione rapida. Le nostre soluzioni robuste possono aumentare la produttivit\u00e0 e migliorare l'esperienza di check-out.","og_url":"https:\/\/apgsolutions.com\/it\/industry\/quick-serve-restaurant-qsr\/","og_site_name":"apg\u00ae Solutions","article_publisher":"https:\/\/www.facebook.com\/apgglobalsolutions","article_modified_time":"2026-04-16T14:23:08+00:00","og_image":[{"url":"https:\/\/apgsolutions.com\/wp-content\/uploads\/2023\/07\/Money-Growth_Light-Blue.png","type":"","width":"","height":""}],"twitter_card":"summary_large_image","twitter_site":"@apg_solutions","twitter_misc":{"Tempo di lettura stimato":"3 minuti"},"schema":{"@context":"https:\/\/schema.org","@graph":[{"@type":"WebPage","@id":"https:\/\/apgsolutions.com\/it\/industry\/quick-serve-restaurant-qsr\/","url":"https:\/\/apgsolutions.com\/it\/industry\/quick-serve-restaurant-qsr\/","name":"Ristoranti Quick Serve Soluzioni POS consigliate - APG","isPartOf":{"@id":"https:\/\/apgsolutions.com\/it\/#website"},"primaryImageOfPage":{"@id":"https:\/\/apgsolutions.com\/it\/industry\/quick-serve-restaurant-qsr\/#primaryimage"},"image":{"@id":"https:\/\/apgsolutions.com\/it\/industry\/quick-serve-restaurant-qsr\/#primaryimage"},"thumbnailUrl":"https:\/\/apgsolutions.com\/wp-content\/uploads\/2023\/07\/Money-Growth_Light-Blue.png","datePublished":"2026-03-18T16:24:36+00:00","dateModified":"2026-04-16T14:23:08+00:00","description":"APG dispone di soluzioni per punti vendita di lunga durata per i ristoranti a ristorazione rapida. Le nostre soluzioni robuste possono aumentare la produttivit\u00e0 e migliorare l'esperienza di check-out.","inLanguage":"it-IT","potentialAction":[{"@type":"ReadAction","target":["https:\/\/apgsolutions.com\/it\/industry\/quick-serve-restaurant-qsr\/"]}]},{"@type":"ImageObject","inLanguage":"it-IT","@id":"https:\/\/apgsolutions.com\/it\/industry\/quick-serve-restaurant-qsr\/#primaryimage","url":"https:\/\/apgsolutions.com\/wp-content\/uploads\/2023\/07\/Money-Growth_Light-Blue.png","contentUrl":"https:\/\/apgsolutions.com\/wp-content\/uploads\/2023\/07\/Money-Growth_Light-Blue.png"},{"@type":"WebSite","@id":"https:\/\/apgsolutions.com\/it\/#website","url":"https:\/\/apgsolutions.com\/it\/","name":"APG Solutions, LLC","description":"Trust at every point.","publisher":{"@id":"https:\/\/apgsolutions.com\/it\/#organization"},"potentialAction":[{"@type":"SearchAction","target":{"@type":"EntryPoint","urlTemplate":"https:\/\/apgsolutions.com\/it\/?s={search_term_string}"},"query-input":{"@type":"PropertyValueSpecification","valueRequired":true,"valueName":"search_term_string"}}],"inLanguage":"it-IT"},{"@type":"Organization","@id":"https:\/\/apgsolutions.com\/it\/#organization","name":"APG Solution, LLC","url":"https:\/\/apgsolutions.com\/it\/","logo":{"@type":"ImageObject","inLanguage":"it-IT","@id":"https:\/\/apgsolutions.com\/it\/#\/schema\/logo\/image\/","url":"https:\/\/apgsolutions.com\/wp-content\/uploads\/2023\/12\/logomark-color.svg","contentUrl":"https:\/\/apgsolutions.com\/wp-content\/uploads\/2023\/12\/logomark-color.svg","width":141,"height":138,"caption":"APG Solution, LLC"},"image":{"@id":"https:\/\/apgsolutions.com\/it\/#\/schema\/logo\/image\/"},"sameAs":["https:\/\/www.facebook.com\/apgglobalsolutions","https:\/\/x.com\/apg_solutions","https:\/\/www.youtube.com\/c\/CashManagementGlobalSolutionsbyapg","https:\/\/www.linkedin.com\/company\/apgglobalsolutions\/","https:\/\/www.instagram.com\/apgglobalsolutions\/","https:\/\/www.pinterest.com\/apgcashdrawer\/"]}]}},"acf":[],"_links":{"self":[{"href":"https:\/\/apgsolutions.com\/it\/wp-json\/wp\/v2\/pages\/105718","targetHints":{"allow":["GET"]}}],"collection":[{"href":"https:\/\/apgsolutions.com\/it\/wp-json\/wp\/v2\/pages"}],"about":[{"href":"https:\/\/apgsolutions.com\/it\/wp-json\/wp\/v2\/types\/page"}],"author":[{"embeddable":true,"href":"https:\/\/apgsolutions.com\/it\/wp-json\/wp\/v2\/users\/4"}],"replies":[{"embeddable":true,"href":"https:\/\/apgsolutions.com\/it\/wp-json\/wp\/v2\/comments?post=105718"}],"version-history":[{"count":4,"href":"https:\/\/apgsolutions.com\/it\/wp-json\/wp\/v2\/pages\/105718\/revisions"}],"predecessor-version":[{"id":111698,"href":"https:\/\/apgsolutions.com\/it\/wp-json\/wp\/v2\/pages\/105718\/revisions\/111698"}],"wp:attachment":[{"href":"https:\/\/apgsolutions.com\/it\/wp-json\/wp\/v2\/media?parent=105718"}],"curies":[{"name":"wp","href":"https:\/\/api.w.org\/{rel}","templated":true}]}}