{"id":105730,"date":"2026-03-18T16:24:37","date_gmt":"2026-03-18T16:24:37","guid":{"rendered":"https:\/\/apgsolutions.com\/open-saint-germain-en-laye-positions\/"},"modified":"2026-03-18T16:31:56","modified_gmt":"2026-03-18T16:31:56","slug":"open-saint-germain-en-laye-positions","status":"publish","type":"page","link":"https:\/\/apgsolutions.com\/it\/job-positions\/open-saint-germain-en-laye-positions\/","title":{"rendered":"Posizioni aperte a Saint Germain en Laye"},"content":{"rendered":"\n<h1 class=\"wp-block-heading\" id=\"h-open-saint-germain-en-laye-positions\">Posizioni aperte a Saint Germain en Laye<\/h1>\n\n<h2 class=\"wp-block-heading\" id=\"h-branch-office-administrator-h-f\">Amministratore di filiale H\/F<\/h2>\n\n<p>apg \u00e8 un&#8217;azienda produttrice di casseforti e soluzioni per la gestione del contante, leader nel suo mercato. Stiamo cercando uno\/una Branch Office Administrator a tempo parziale per il nostro ufficio francese responsabile dei mercati Francia, Benelux e Italia. <\/p>\n\n<h3 class=\"wp-block-heading\" id=\"h-salaire\">Salario :  <\/h3>\n\n<p>Non comunicato<\/p>\n\n<h3 class=\"wp-block-heading\" id=\"h-type-de-contrat\">Tipo di contratto :<\/h3>\n\n<p>Tempo parziale da definire<\/p>\n\n<h3 class=\"wp-block-heading\" id=\"h-adresse\">Indirizzo :  <\/h3>\n\n<p>Saint-Germain en Laye, Ile de France<\/p>\n\n<h3 class=\"wp-block-heading\" id=\"h-vos-missions-sont\">Le tue missioni sono :<\/h3>\n\n<ul class=\"wp-block-list\">\n<li>Esegui i comandi dei clienti utilizzando il software previsto a tale scopo, rispettando le procedure interne.\n<ul class=\"wp-block-list\">\n<li>Rispondere ai clienti (tel. Email) in base alle loro richieste, assicurare il rapporto tra i clienti e i commercianti.<\/li>\n\n\n\n<li>Stabilire le preparazioni di ordini da effettuare e fornire i prezzi di vendita. Gestire le scorte in Francia e lavorare in interazione con gli altri uffici. <\/li>\n<\/ul>\n<\/li>\n\n\n\n<li>Gestione delle riparazioni e RMA in collaborazione con il servizio di assistenza tecnica\n<ul class=\"wp-block-list\">\n<li>Organizzare la spedizione presso il cliente: Contatti con i trasportatori e raccolta dei dati, pianificazione delle spedizioni da seguire.<\/li>\n\n\n\n<li>Segui i pagamenti a supporto del servizio di facturation anglosassone.<\/li>\n<\/ul>\n<\/li>\n\n\n\n<li>G\u00e9rer les cong\u00e9s, les fournitures, le courrier, et une partie du support RH et des services g\u00e9n\u00e9raux du bureau fran\u00e7ais, 6 personnes<\/li>\n<\/ul>\n\n<h3 class=\"wp-block-heading\" id=\"h-profil-recherche\">Profil recherch\u00e9 :<\/h3>\n\n<p>Devi avere almeno una prima esperienza in un posto simile ed essere in possesso di una formazione amministrativa e\/o commerciale. Assumi rigore e organizzazione nel tuo lavoro, nonch\u00e9 una buona capacit\u00e0 di relazione e un grande senso del servizio ai clienti. Sei in grado di utilizzare gli strumenti informatici e la gestione dei comandi su ERP. La padronanza dell&#8217;inglese \u00e8 indispensabile e una seconda lingua \u00e8 preferibile. Lavorerai in coppia all&#8217;interno di una piccola \u00e9quipe con uno spirito conviviale.    <\/p>\n\n<p>Ti preghiamo di inviarci la tua lettera di motivazione in inglese e il tuo CV a <a href=\"mailto:ventes@apgsolutions.com\">ventes@apgsolutions.com.<\/a><\/p>\n\n<div class=\"wp-block-buttons is-layout-flex wp-block-buttons-is-layout-flex\"><\/div>\n<p>  hbspt.forms.create({<br \/>\n    region: &#8220;na1&#8221;,<br \/>\n    portalId: &#8220;3337275&#8221;,<br \/>\n    formId: &#8220;16245354-99a4-4dd2-9e9f-fa84d519082d&#8221;<br \/>\n  });<\/p>\n","protected":false},"excerpt":{"rendered":"<p>Posizioni aperte a Saint Germain en Laye Amministratore di filiale H\/F apg \u00e8 un&#8217;azienda produttrice di casseforti e soluzioni per la gestione del contante, leader nel suo mercato. Stiamo cercando uno\/una Branch Office Administrator a tempo parziale per il nostro ufficio francese responsabile dei mercati Francia, Benelux e Italia. Salario : Non comunicato Tipo di [&hellip;]<\/p>\n","protected":false},"author":4,"featured_media":0,"parent":106624,"menu_order":0,"comment_status":"closed","ping_status":"closed","template":"","meta":{"_acf_changed":false,"content-type":"","footnotes":""},"class_list":["post-105730","page","type-page","status-publish"],"yoast_head":"<!-- This site is optimized with the Yoast SEO Premium plugin v23.5 (Yoast SEO v27.2) - https:\/\/yoast.com\/product\/yoast-seo-premium-wordpress\/ -->\n<title>Posizioni aperte a Saint Germain en Laye<\/title>\n<meta name=\"description\" content=\"Visualizza le posizioni disponibili a Saint-Germain-en-Laye, Francia presso APG. Esplora i ruoli a supporto delle operazioni di gestione del contante.\" \/>\n<meta name=\"robots\" content=\"index, follow, max-snippet:-1, max-image-preview:large, max-video-preview:-1\" \/>\n<link rel=\"canonical\" href=\"https:\/\/apgsolutions.com\/it\/job-positions\/open-saint-germain-en-laye-positions\/\" \/>\n<meta property=\"og:locale\" content=\"it_IT\" \/>\n<meta property=\"og:type\" content=\"article\" \/>\n<meta property=\"og:title\" content=\"Posizioni aperte a Saint Germain en Laye\" \/>\n<meta property=\"og:description\" content=\"Visualizza le posizioni disponibili a Saint-Germain-en-Laye, Francia presso APG. Esplora i ruoli a supporto delle operazioni di gestione del contante.\" \/>\n<meta property=\"og:url\" content=\"https:\/\/apgsolutions.com\/it\/job-positions\/open-saint-germain-en-laye-positions\/\" \/>\n<meta property=\"og:site_name\" content=\"apg\u00ae Solutions\" \/>\n<meta property=\"article:publisher\" content=\"https:\/\/www.facebook.com\/apgglobalsolutions\" \/>\n<meta property=\"article:modified_time\" content=\"2026-03-18T16:31:56+00:00\" \/>\n<meta name=\"twitter:card\" content=\"summary_large_image\" \/>\n<meta name=\"twitter:site\" content=\"@apg_solutions\" \/>\n<meta name=\"twitter:label1\" content=\"Tempo di lettura stimato\" \/>\n\t<meta name=\"twitter:data1\" content=\"2 minuti\" \/>\n<script type=\"application\/ld+json\" class=\"yoast-schema-graph\">{\"@context\":\"https:\/\/schema.org\",\"@graph\":[{\"@type\":\"WebPage\",\"@id\":\"https:\/\/apgsolutions.com\/it\/job-positions\/open-saint-germain-en-laye-positions\/\",\"url\":\"https:\/\/apgsolutions.com\/it\/job-positions\/open-saint-germain-en-laye-positions\/\",\"name\":\"Posizioni aperte a Saint Germain en Laye\",\"isPartOf\":{\"@id\":\"https:\/\/apgsolutions.com\/it\/#website\"},\"datePublished\":\"2026-03-18T16:24:37+00:00\",\"dateModified\":\"2026-03-18T16:31:56+00:00\",\"description\":\"Visualizza le posizioni disponibili a Saint-Germain-en-Laye, Francia presso APG. Esplora i ruoli a supporto delle operazioni di gestione del contante.\",\"breadcrumb\":{\"@id\":\"https:\/\/apgsolutions.com\/it\/job-positions\/open-saint-germain-en-laye-positions\/#breadcrumb\"},\"inLanguage\":\"it-IT\",\"potentialAction\":[{\"@type\":\"ReadAction\",\"target\":[\"https:\/\/apgsolutions.com\/it\/job-positions\/open-saint-germain-en-laye-positions\/\"]}]},{\"@type\":\"BreadcrumbList\",\"@id\":\"https:\/\/apgsolutions.com\/it\/job-positions\/open-saint-germain-en-laye-positions\/#breadcrumb\",\"itemListElement\":[{\"@type\":\"ListItem\",\"position\":1,\"name\":\"Posizioni di lavoro\",\"item\":\"https:\/\/apgsolutions.com\/it\/job-positions\/\"},{\"@type\":\"ListItem\",\"position\":2,\"name\":\"Posizioni aperte a Saint Germain en Laye\"}]},{\"@type\":\"WebSite\",\"@id\":\"https:\/\/apgsolutions.com\/it\/#website\",\"url\":\"https:\/\/apgsolutions.com\/it\/\",\"name\":\"APG Solutions, LLC\",\"description\":\"Trust at every point.\",\"publisher\":{\"@id\":\"https:\/\/apgsolutions.com\/it\/#organization\"},\"potentialAction\":[{\"@type\":\"SearchAction\",\"target\":{\"@type\":\"EntryPoint\",\"urlTemplate\":\"https:\/\/apgsolutions.com\/it\/?s={search_term_string}\"},\"query-input\":{\"@type\":\"PropertyValueSpecification\",\"valueRequired\":true,\"valueName\":\"search_term_string\"}}],\"inLanguage\":\"it-IT\"},{\"@type\":\"Organization\",\"@id\":\"https:\/\/apgsolutions.com\/it\/#organization\",\"name\":\"APG Solution, LLC\",\"url\":\"https:\/\/apgsolutions.com\/it\/\",\"logo\":{\"@type\":\"ImageObject\",\"inLanguage\":\"it-IT\",\"@id\":\"https:\/\/apgsolutions.com\/it\/#\/schema\/logo\/image\/\",\"url\":\"https:\/\/apgsolutions.com\/wp-content\/uploads\/2023\/12\/logomark-color.svg\",\"contentUrl\":\"https:\/\/apgsolutions.com\/wp-content\/uploads\/2023\/12\/logomark-color.svg\",\"width\":141,\"height\":138,\"caption\":\"APG Solution, LLC\"},\"image\":{\"@id\":\"https:\/\/apgsolutions.com\/it\/#\/schema\/logo\/image\/\"},\"sameAs\":[\"https:\/\/www.facebook.com\/apgglobalsolutions\",\"https:\/\/x.com\/apg_solutions\",\"https:\/\/www.youtube.com\/c\/CashManagementGlobalSolutionsbyapg\",\"https:\/\/www.linkedin.com\/company\/apgglobalsolutions\/\",\"https:\/\/www.instagram.com\/apgglobalsolutions\/\",\"https:\/\/www.pinterest.com\/apgcashdrawer\/\"]}]}<\/script>\n<!-- \/ Yoast SEO Premium plugin. -->","yoast_head_json":{"title":"Posizioni aperte a Saint Germain en Laye","description":"Visualizza le posizioni disponibili a Saint-Germain-en-Laye, Francia presso APG. Esplora i ruoli a supporto delle operazioni di gestione del contante.","robots":{"index":"index","follow":"follow","max-snippet":"max-snippet:-1","max-image-preview":"max-image-preview:large","max-video-preview":"max-video-preview:-1"},"canonical":"https:\/\/apgsolutions.com\/it\/job-positions\/open-saint-germain-en-laye-positions\/","og_locale":"it_IT","og_type":"article","og_title":"Posizioni aperte a Saint Germain en Laye","og_description":"Visualizza le posizioni disponibili a Saint-Germain-en-Laye, Francia presso APG. Esplora i ruoli a supporto delle operazioni di gestione del contante.","og_url":"https:\/\/apgsolutions.com\/it\/job-positions\/open-saint-germain-en-laye-positions\/","og_site_name":"apg\u00ae Solutions","article_publisher":"https:\/\/www.facebook.com\/apgglobalsolutions","article_modified_time":"2026-03-18T16:31:56+00:00","twitter_card":"summary_large_image","twitter_site":"@apg_solutions","twitter_misc":{"Tempo di lettura stimato":"2 minuti"},"schema":{"@context":"https:\/\/schema.org","@graph":[{"@type":"WebPage","@id":"https:\/\/apgsolutions.com\/it\/job-positions\/open-saint-germain-en-laye-positions\/","url":"https:\/\/apgsolutions.com\/it\/job-positions\/open-saint-germain-en-laye-positions\/","name":"Posizioni aperte a Saint Germain en Laye","isPartOf":{"@id":"https:\/\/apgsolutions.com\/it\/#website"},"datePublished":"2026-03-18T16:24:37+00:00","dateModified":"2026-03-18T16:31:56+00:00","description":"Visualizza le posizioni disponibili a Saint-Germain-en-Laye, Francia presso APG. Esplora i ruoli a supporto delle operazioni di gestione del contante.","breadcrumb":{"@id":"https:\/\/apgsolutions.com\/it\/job-positions\/open-saint-germain-en-laye-positions\/#breadcrumb"},"inLanguage":"it-IT","potentialAction":[{"@type":"ReadAction","target":["https:\/\/apgsolutions.com\/it\/job-positions\/open-saint-germain-en-laye-positions\/"]}]},{"@type":"BreadcrumbList","@id":"https:\/\/apgsolutions.com\/it\/job-positions\/open-saint-germain-en-laye-positions\/#breadcrumb","itemListElement":[{"@type":"ListItem","position":1,"name":"Posizioni di lavoro","item":"https:\/\/apgsolutions.com\/it\/job-positions\/"},{"@type":"ListItem","position":2,"name":"Posizioni aperte a Saint Germain en Laye"}]},{"@type":"WebSite","@id":"https:\/\/apgsolutions.com\/it\/#website","url":"https:\/\/apgsolutions.com\/it\/","name":"APG Solutions, LLC","description":"Trust at every point.","publisher":{"@id":"https:\/\/apgsolutions.com\/it\/#organization"},"potentialAction":[{"@type":"SearchAction","target":{"@type":"EntryPoint","urlTemplate":"https:\/\/apgsolutions.com\/it\/?s={search_term_string}"},"query-input":{"@type":"PropertyValueSpecification","valueRequired":true,"valueName":"search_term_string"}}],"inLanguage":"it-IT"},{"@type":"Organization","@id":"https:\/\/apgsolutions.com\/it\/#organization","name":"APG Solution, LLC","url":"https:\/\/apgsolutions.com\/it\/","logo":{"@type":"ImageObject","inLanguage":"it-IT","@id":"https:\/\/apgsolutions.com\/it\/#\/schema\/logo\/image\/","url":"https:\/\/apgsolutions.com\/wp-content\/uploads\/2023\/12\/logomark-color.svg","contentUrl":"https:\/\/apgsolutions.com\/wp-content\/uploads\/2023\/12\/logomark-color.svg","width":141,"height":138,"caption":"APG Solution, LLC"},"image":{"@id":"https:\/\/apgsolutions.com\/it\/#\/schema\/logo\/image\/"},"sameAs":["https:\/\/www.facebook.com\/apgglobalsolutions","https:\/\/x.com\/apg_solutions","https:\/\/www.youtube.com\/c\/CashManagementGlobalSolutionsbyapg","https:\/\/www.linkedin.com\/company\/apgglobalsolutions\/","https:\/\/www.instagram.com\/apgglobalsolutions\/","https:\/\/www.pinterest.com\/apgcashdrawer\/"]}]}},"acf":[],"_links":{"self":[{"href":"https:\/\/apgsolutions.com\/it\/wp-json\/wp\/v2\/pages\/105730","targetHints":{"allow":["GET"]}}],"collection":[{"href":"https:\/\/apgsolutions.com\/it\/wp-json\/wp\/v2\/pages"}],"about":[{"href":"https:\/\/apgsolutions.com\/it\/wp-json\/wp\/v2\/types\/page"}],"author":[{"embeddable":true,"href":"https:\/\/apgsolutions.com\/it\/wp-json\/wp\/v2\/users\/4"}],"replies":[{"embeddable":true,"href":"https:\/\/apgsolutions.com\/it\/wp-json\/wp\/v2\/comments?post=105730"}],"version-history":[{"count":2,"href":"https:\/\/apgsolutions.com\/it\/wp-json\/wp\/v2\/pages\/105730\/revisions"}],"predecessor-version":[{"id":105732,"href":"https:\/\/apgsolutions.com\/it\/wp-json\/wp\/v2\/pages\/105730\/revisions\/105732"}],"up":[{"embeddable":true,"href":"https:\/\/apgsolutions.com\/it\/wp-json\/wp\/v2\/pages\/106624"}],"wp:attachment":[{"href":"https:\/\/apgsolutions.com\/it\/wp-json\/wp\/v2\/media?parent=105730"}],"curies":[{"name":"wp","href":"https:\/\/api.w.org\/{rel}","templated":true}]}}