{"id":105735,"date":"2026-03-18T16:24:38","date_gmt":"2026-03-18T16:24:38","guid":{"rendered":"https:\/\/apgsolutions.com\/cables\/"},"modified":"2026-03-18T18:53:22","modified_gmt":"2026-03-18T18:53:22","slug":"cables","status":"publish","type":"page","link":"https:\/\/apgsolutions.com\/it\/support\/faqs\/cables\/","title":{"rendered":"Cavi"},"content":{"rendered":"<div class=\"section_page-header \">\n    <img decoding=\"async\" class=\"header-image\" src=\"https:\/\/apgsolutions.com\/wp-content\/uploads\/2023\/04\/business-cards.jpg\" alt=\"business-cards\" title=\"business-cards\">\n            <div class=\"header-content\">\n            <h1>Cables<\/h1>\n        <\/div>\n    <\/div>\n<h2 class=\"wp-block-heading has-text-align-center has-x-large-font-size\" id=\"h-cash-drawer-cables-faqs\">Domande frequenti sui cavi dei cassetti di cassa<\/h2>\n\n<p>Scopri di pi\u00f9 sulle tue esigenze di connessione dei cavi del cassetto portavalori. APG offre cavi per il collegamento a stampanti POS, porte USB, interfacce periferiche e altro ancora. Scorri in basso per consultare le nostre FAQ sui cavi. Se hai bisogno di ulteriore assistenza tecnica, compila il modulo in fondo a questa pagina o contattaci alla <a href=\"https:\/\/apgsolutions.com\/it\/support\/\">pagina di supporto<\/a>.   <\/p>\n\n<div class=\"wp-block-columns is-layout-flex wp-container-core-columns-is-layout-9d6595d7 wp-block-columns-is-layout-flex\">\n<div class=\"wp-block-column tile has-link selected is-layout-flow wp-block-column-is-layout-flow\" style=\"flex-basis:20%\"><div class=\"wp-block-image\">\n<figure class=\"aligncenter size-full is-resized\"><img decoding=\"async\" width=\"100\" height=\"100\" src=\"https:\/\/apgsolutions.com\/wp-content\/uploads\/2023\/06\/USB-Interface-Icon_white-1.png\" alt=\"Icona dell'interfaccia USB\" class=\"wp-image-65801\" style=\"width:60px;height:60px\" srcset=\"https:\/\/apgsolutions.com\/wp-content\/uploads\/2023\/06\/USB-Interface-Icon_white-1.png 100w, https:\/\/apgsolutions.com\/wp-content\/uploads\/2023\/06\/USB-Interface-Icon_white-1-80x80.png 80w, https:\/\/apgsolutions.com\/wp-content\/uploads\/2023\/06\/USB-Interface-Icon_white-1-95x95.png 95w\" sizes=\"(max-width: 100px) 100vw, 100px\" \/><\/figure>\n<\/div>\n\n\n<h3 class=\"wp-block-heading has-text-align-center\" id=\"h-cables\" style=\"font-size:1.125rem\">Cavi<\/h3>\n\n\n\n<p class=\"has-text-align-center\">Leggi le nostre domande frequenti relative alle offerte di cassetti per contanti con stampante di APG.<\/p>\n\n\n\n<p class=\"has-text-align-center cover-link\"><a href=\"https:\/\/apgsolutions.com\/it\/cables\/\">Link<\/a><\/p>\n<\/div>\n\n\n\n<div class=\"wp-block-column tile has-link is-layout-flow wp-block-column-is-layout-flow\" style=\"flex-basis:20%\"><div class=\"wp-block-image\">\n<figure class=\"aligncenter size-full\"><img decoding=\"async\" width=\"63\" height=\"60\" src=\"https:\/\/apgsolutions.com\/wp-content\/uploads\/2023\/06\/Archive_white.png\" alt=\"Icona Archivio\" class=\"wp-image-65817\" srcset=\"https:\/\/apgsolutions.com\/wp-content\/uploads\/2023\/06\/Archive_white.png 63w, https:\/\/apgsolutions.com\/wp-content\/uploads\/2023\/06\/Archive_white-61x58.png 61w\" sizes=\"(max-width: 63px) 100vw, 63px\" \/><\/figure>\n<\/div>\n\n\n<h3 class=\"wp-block-heading has-text-align-center\" id=\"h-interface-drivers\" style=\"font-size:1.125rem\">Interfaccia + Driver<\/h3>\n\n\n\n<p class=\"has-text-align-center\">Clicca qui per visualizzare le domande relative alle interfacce e ai driver<\/p>\n\n\n\n<p class=\"has-text-align-center cover-link\"><a href=\"https:\/\/apgsolutions.com\/it\/support\/faqs\/interface-drivers\/\">Link<\/a><\/p>\n<\/div>\n\n\n\n<div class=\"wp-block-column tile has-link is-layout-flow wp-block-column-is-layout-flow\" style=\"flex-basis:20%\"><div class=\"wp-block-image\">\n<figure class=\"aligncenter size-full is-resized\"><img decoding=\"async\" width=\"68\" height=\"67\" src=\"https:\/\/apgsolutions.com\/wp-content\/uploads\/2023\/06\/KeysandLocks.png\" alt=\"Icona Chiavi e Serrature\" class=\"wp-image-65822\" style=\"width:61px;height:60px\"\/><\/figure>\n<\/div>\n\n\n<h3 class=\"wp-block-heading has-text-align-center\" id=\"h-keys-and-locks\" style=\"font-size:1.125rem\">Chiavi e serrature<\/h3>\n\n\n\n<p class=\"has-text-align-center\">Clicca qui per visualizzare le domande relative alle chiavi e ai lucchetti dei cassetti per contanti<\/p>\n\n\n\n<p class=\"has-text-align-center cover-link\"><a href=\"https:\/\/apgsolutions.com\/it\/support\/faqs\/keys-and-locks-2\/\">Link<\/a><\/p>\n<\/div>\n\n\n\n<div class=\"wp-block-column tile has-link is-layout-flow wp-block-column-is-layout-flow\" style=\"flex-basis:20%\"><div class=\"wp-block-image\">\n<figure class=\"aligncenter size-full is-resized\"><img loading=\"lazy\" decoding=\"async\" width=\"65\" height=\"65\" src=\"https:\/\/apgsolutions.com\/wp-content\/uploads\/2023\/06\/Operations_White.png\" alt=\"Icona Operazioni\" class=\"wp-image-65827\" style=\"width:60px;height:60px\"\/><\/figure>\n<\/div>\n\n\n<h3 class=\"wp-block-heading has-text-align-center\" id=\"h-operating-maintenance\" style=\"font-size:1.125rem\">Funzionamento + Manutenzione<\/h3>\n\n\n\n<p class=\"has-text-align-center\">Clicca qui per visualizzare le domande pi\u00f9 frequenti relative alla manutenzione dei cassetti per contanti e alle risorse operative.<\/p>\n\n\n\n<p class=\"has-text-align-center cover-link\"><a href=\"https:\/\/apgsolutions.com\/it\/support\/faqs\/operating-maintenance\/\">Link<\/a><\/p>\n<\/div>\n\n\n\n<div class=\"wp-block-column tile has-link is-layout-flow wp-block-column-is-layout-flow\" style=\"flex-basis:20%\"><div class=\"wp-block-image\">\n<figure class=\"aligncenter size-full is-resized\"><img loading=\"lazy\" decoding=\"async\" width=\"65\" height=\"61\" src=\"https:\/\/apgsolutions.com\/wp-content\/uploads\/2023\/06\/repair-tools_white.png\" alt=\"icona dello strumento di riparazione\" class=\"wp-image-65832\" style=\"width:64px;height:60px\" srcset=\"https:\/\/apgsolutions.com\/wp-content\/uploads\/2023\/06\/repair-tools_white.png 65w, https:\/\/apgsolutions.com\/wp-content\/uploads\/2023\/06\/repair-tools_white-61x58.png 61w\" sizes=\"(max-width: 65px) 100vw, 65px\" \/><\/figure>\n<\/div>\n\n\n<h3 class=\"wp-block-heading has-text-align-center\" id=\"h-warranty-repairs\" style=\"font-size:1.125rem\">Garanzia + Riparazioni<\/h3>\n\n\n\n<p class=\"has-text-align-center\">Clicca qui per visualizzare le domande relative alle riparazioni<\/p>\n\n\n\n<p class=\"has-text-align-center cover-link\"><a href=\"https:\/\/apgsolutions.com\/it\/support\/faqs\/warranty-repairs\/\">Link<\/a><\/p>\n<\/div>\n<\/div>\n\n<h2 class=\"wp-block-heading has-text-align-center\" id=\"h-what-cable-do-i-need-i-have-no-cable\">Di quale cavo ho bisogno? Non ho un cavo. <\/h2>\n\n<p>Il codice del cavo del cassetto cassa MutliPRO\u00ae 320\/420\/520 dipende dalla stampante\/terminale a cui si collega. Consulta la nostra <a href=\"https:\/\/apgsolutions.com\/wp-content\/uploads\/2023\/06\/M-43-031_revAT-PDF.pdf\" target=\"_blank\" rel=\"noreferrer noopener\">Guida alla Connettivit\u00e0<\/a> per conoscere il cavo corretto da acquistare. I cavi possono essere acquistati presso i rivenditori di POS o nel nostro <a href=\"\/store\/\">negozio online<\/a>. Tieni presente i seguenti aggiornamenti dei cavi: &#8211; I cavi CD-005A e CD-014A sono stati sostituiti dal <a href=\"https:\/\/apgsolutions.com\/it\/store\/cd-101a-printer-cable\/\">cavo CD-101A<\/a> &#8211; I cavi CD-005B e CD-014B sono stati sostituiti dal <a href=\"https:\/\/apgsolutions.com\/it\/store\/cd-101b\/\">cavo CD-101B<\/a> &#8211; Il cavo CD-001A \u00e8 stato sostituito dal <a href=\"https:\/\/apgsolutions.com\/it\/store\/cd-102a\/\">cavo CD-102A<\/a> &#8211; Il cavo CD-001B \u00e8 stato sostituito dal <a href=\"https:\/\/apgsolutions.com\/it\/store\/cd-102b\/\">cavo CD-102B<\/a> &#8211; I cavi CD-005A10 e CD-014A10 sono stati sostituiti dal <a href=\"https:\/\/apgsolutions.com\/it\/store\/cd-101a-10\/\">cavo CD-101A-10<\/a>   <\/p>\n\n<figure class=\"wp-block-image size-full\"><img loading=\"lazy\" decoding=\"async\" width=\"300\" height=\"300\" src=\"https:\/\/apgsolutions.com\/wp-content\/uploads\/2023\/06\/cable-comparison-3-300x300-1.jpg\" alt=\"confronto tra cavi\" class=\"wp-image-65847\" srcset=\"https:\/\/apgsolutions.com\/wp-content\/uploads\/2023\/06\/cable-comparison-3-300x300-1.jpg 300w, https:\/\/apgsolutions.com\/wp-content\/uploads\/2023\/06\/cable-comparison-3-300x300-1-150x150.jpg 150w, https:\/\/apgsolutions.com\/wp-content\/uploads\/2023\/06\/cable-comparison-3-300x300-1-80x80.jpg 80w, https:\/\/apgsolutions.com\/wp-content\/uploads\/2023\/06\/cable-comparison-3-300x300-1-160x160.jpg 160w, https:\/\/apgsolutions.com\/wp-content\/uploads\/2023\/06\/cable-comparison-3-300x300-1-95x95.jpg 95w, https:\/\/apgsolutions.com\/wp-content\/uploads\/2023\/06\/cable-comparison-3-300x300-1-100x100.jpg 100w\" sizes=\"(max-width: 300px) 100vw, 300px\" \/><\/figure>\n\n<p>Un cavo apg utilizza un filo robusto e di calibro maggiore, con il nostro nome su un&#8217;etichetta bianca. I cavi contraffatti utilizzano un filo di calibro pi\u00f9 sottile che si rompe facilmente, con un&#8217;etichetta argentata lunga o addirittura senza etichetta. Ti invitiamo a prendere le giuste decisioni di acquisto per evitare complicazioni e malfunzionamenti successivi. I cavi apg possono essere acquistati sul nostro <a href=\"\/store\/\">negozio online<\/a>.   <\/p>\n\n<h2 class=\"wp-block-heading has-text-align-center\" id=\"h-what-cables-are-required-for-my-cash-drawer\">Quali cavi sono necessari per il mio cassetto portavalori?<\/h2>\n\n<p>A seconda del cassetto cassa che hai acquistato e di come vuoi configurare il tuo sistema POS, si determina il cablaggio necessario. Potresti aver bisogno di uno sdoppiatore di cavi, di un collegamento a margherita o di pi\u00f9 cavi per configurare pi\u00f9 cassetti. Consulta la nostra <a href=\"https:\/\/apgsolutions.com\/wp-content\/uploads\/2023\/06\/M-43-031_revAT-PDF.pdf\" target=\"_blank\" rel=\"noreferrer noopener\">Guida alla connettivit\u00e0 POS<\/a> per saperne di pi\u00f9 sul tipo di cavo necessario per configurare il tuo cassetto portavalori.  <\/p>\n\n<h2 class=\"wp-block-heading has-text-align-center\" id=\"h-why-is-there-no-cable-included-with-my-multipro-320-cash-drawer\">Perch\u00e9 il cavo non \u00e8 incluso nel mio MultiPRO\u00ae 320\/cassetto?<\/h2>\n\n<p>I cavi MultiPRO\u00ae sono venduti separatamente. Il cavo corretto dipende dalla marca e dal modello della tua stampante per ricevute. Abbiamo diversi cavi gi\u00e0 pronti. Consulta la <a href=\"https:\/\/apgsolutions.com\/wp-content\/uploads\/2023\/06\/M-43-031_revAT-PDF.pdf\" target=\"_blank\" rel=\"noreferrer noopener\">Guida alla connettivit\u00e0<\/a> e scopri <a href=\"https:\/\/apgsolutions.com\/it\/connecting-cash-drawer-printer\/\">come collegare un cassetto portavalori a una stampante<\/a>.   <\/p>\n\n<h2 class=\"wp-block-heading has-text-align-center\" id=\"h-how-to-connect-a-cash-drawer-to-a-pos-receipt-printer\">Come collegare un cassetto per contanti a una stampante di ricevute POS<\/h2>\n\n<p>Vuoi sapere come collegare un cassetto per contanti a una stampante di ricevute POS? Consulta le istruzioni e guarda il video qui sotto per ricevere aiuto! Hai acquistato il cassetto portavalori a 24 volt CC con stampante. Questo video ti aiuter\u00e0 a reperire i cavi e a risolvere i problemi relativi all&#8217;apertura elettronica del cassetto portavalori dalla stampante di ricevute POS. Il numero di parte del cavo APG richiesto dipende dalla marca e dal modello della tua stampante di ricevute. Il numero di parte preciso del cavo APG si trova sulla nostra <a href=\"https:\/\/apgsolutions.com\/wp-content\/uploads\/2023\/06\/M-43-031_revAT-PDF.pdf\">guida alla connettivit\u00e0<\/a>. Il numero di parte del cavo si trova nella terza colonna. Ad esempio, se possiedi una stampante per ricevute della serie Epson TM, hai bisogno del cavo CD-101A. Questo cavo \u00e8 disponibile presso i rivenditori di POS ed \u00e8 facilmente reperibile online. Cerca CD-101A nel tuo browser per visualizzare le opzioni di acquisto. Aggancia l&#8217;estremit\u00e0 pi\u00f9 piccola del cavo alla porta del cassetto della tua stampante. Poi, verifica che l&#8217;estremit\u00e0 pi\u00f9 grande del cavo sia installata nella porta RJ 45 del cassetto cassa sul fondo del cassetto. Ora che il collegamento \u00e8 completo, ci sono alcuni requisiti da rispettare. Assicuriamoci che il <a href=\"https:\/\/apgsolutions.com\/it\/\">cassetto<\/a> sia meccanicamente sano. Utilizza la chiave per aprire e chiudere il cassetto in modo piacevole e fluido con il clic di chiusura del chiavistello. Verifica che la serratura sia in posizione verticale, da ore 12 a ore 6 &#8211; elettricamente in linea. La stampante di scontrini deve essere funzionante e priva di errori, altrimenti non riuscir\u00e0 ad aprire elettronicamente il cassetto. Infine, il software del punto vendita deve comunicare alla stampante la presenza di un cassetto per gli scontrini, quindi assicurati che il cassetto sia abilitato nel software del punto vendita. Per questo potrebbe essere necessaria l&#8217;assistenza del fornitore del software POS. Maggiori informazioni sono disponibili <a href=\"https:\/\/apgsolutions.com\/it\/connecting-cash-drawer-printer\/\">qui<\/a>.                   <\/p>\n\n<figure class=\"wp-block-embed aligncenter is-type-video is-provider-youtube wp-block-embed-youtube wp-embed-aspect-16-9 wp-has-aspect-ratio\"><div class=\"wp-block-embed__wrapper\">\n<iframe title=\"How to Connect a Cash Drawer to a POS Receipt Printer - Connecting your Cash Register\" width=\"500\" height=\"281\" src=\"https:\/\/www.youtube.com\/embed\/AMzGxOqm3GA?feature=oembed\" frameborder=\"0\" allow=\"accelerometer; autoplay; clipboard-write; encrypted-media; gyroscope; picture-in-picture; web-share\" referrerpolicy=\"strict-origin-when-cross-origin\" allowfullscreen><\/iframe>\n<\/div><\/figure>\n\n<h2 class=\"wp-block-heading has-text-align-center\" id=\"h-contact-us-for-cash-drawer-technical-support\">Contattaci per l&#8217;assistenza tecnica sui cassetti per contanti<\/h2>\n<p><script charset=\"utf-8\" type=\"text\/javascript\" src=\"\/\/js.hsforms.net\/forms\/embed\/v2.js\"><\/script><br \/>\n<script>\n  hbspt.forms.create({\n    region: \"na1\",\n    portalId: \"3337275\",\n    formId: \"3a628e92-d1cb-47d1-aee7-a34c02043524\"\n  });\n<\/script><\/p>\n","protected":false},"excerpt":{"rendered":"<p>Domande frequenti sui cavi dei cassetti di cassa Scopri di pi\u00f9 sulle tue esigenze di connessione dei cavi del cassetto portavalori. APG offre cavi per il collegamento a stampanti POS, porte USB, interfacce periferiche e altro ancora. Scorri in basso per consultare le nostre FAQ sui cavi. Se hai bisogno di ulteriore assistenza tecnica, compila [&hellip;]<\/p>\n","protected":false},"author":4,"featured_media":0,"parent":106598,"menu_order":0,"comment_status":"closed","ping_status":"closed","template":"","meta":{"_acf_changed":false,"content-type":"","footnotes":""},"class_list":["post-105735","page","type-page","status-publish"],"yoast_head":"<!-- This site is optimized with the Yoast SEO Premium plugin v23.5 (Yoast SEO v27.2) - https:\/\/yoast.com\/product\/yoast-seo-premium-wordpress\/ -->\n<title>Cavi<\/title>\n<meta name=\"description\" content=\"Trova le risposte alle domande pi\u00f9 comuni sui cavi dei cassetti per contanti, tra cui la scelta, il collegamento e la compatibilit\u00e0 con i sistemi POS.\" \/>\n<meta name=\"robots\" content=\"index, follow, max-snippet:-1, max-image-preview:large, max-video-preview:-1\" \/>\n<link rel=\"canonical\" href=\"https:\/\/apgsolutions.com\/it\/support\/faqs\/cables\/\" \/>\n<meta property=\"og:locale\" content=\"it_IT\" \/>\n<meta property=\"og:type\" content=\"article\" \/>\n<meta property=\"og:title\" content=\"Cavi\" \/>\n<meta property=\"og:description\" content=\"Trova le risposte alle domande pi\u00f9 comuni sui cavi dei cassetti per contanti, tra cui la scelta, il collegamento e la compatibilit\u00e0 con i sistemi POS.\" \/>\n<meta property=\"og:url\" content=\"https:\/\/apgsolutions.com\/it\/support\/faqs\/cables\/\" \/>\n<meta property=\"og:site_name\" content=\"apg\u00ae Solutions\" \/>\n<meta property=\"article:publisher\" content=\"https:\/\/www.facebook.com\/apgglobalsolutions\" \/>\n<meta property=\"article:modified_time\" content=\"2026-03-18T18:53:22+00:00\" \/>\n<meta property=\"og:image\" content=\"https:\/\/apgsolutions.com\/wp-content\/uploads\/2023\/06\/USB-Interface-Icon_white-1.png\" \/>\n<meta name=\"twitter:card\" content=\"summary_large_image\" \/>\n<meta name=\"twitter:site\" content=\"@apg_solutions\" \/>\n<meta name=\"twitter:label1\" content=\"Tempo di lettura stimato\" \/>\n\t<meta name=\"twitter:data1\" content=\"4 minuti\" \/>\n<script type=\"application\/ld+json\" class=\"yoast-schema-graph\">{\"@context\":\"https:\/\/schema.org\",\"@graph\":[{\"@type\":\"WebPage\",\"@id\":\"https:\/\/apgsolutions.com\/it\/support\/faqs\/cables\/\",\"url\":\"https:\/\/apgsolutions.com\/it\/support\/faqs\/cables\/\",\"name\":\"Cavi\",\"isPartOf\":{\"@id\":\"https:\/\/apgsolutions.com\/it\/#website\"},\"primaryImageOfPage\":{\"@id\":\"https:\/\/apgsolutions.com\/it\/support\/faqs\/cables\/#primaryimage\"},\"image\":{\"@id\":\"https:\/\/apgsolutions.com\/it\/support\/faqs\/cables\/#primaryimage\"},\"thumbnailUrl\":\"https:\/\/apgsolutions.com\/wp-content\/uploads\/2023\/06\/USB-Interface-Icon_white-1.png\",\"datePublished\":\"2026-03-18T16:24:38+00:00\",\"dateModified\":\"2026-03-18T18:53:22+00:00\",\"description\":\"Trova le risposte alle domande pi\u00f9 comuni sui cavi dei cassetti per contanti, tra cui la scelta, il collegamento e la compatibilit\u00e0 con i sistemi POS.\",\"breadcrumb\":{\"@id\":\"https:\/\/apgsolutions.com\/it\/support\/faqs\/cables\/#breadcrumb\"},\"inLanguage\":\"it-IT\",\"potentialAction\":[{\"@type\":\"ReadAction\",\"target\":[\"https:\/\/apgsolutions.com\/it\/support\/faqs\/cables\/\"]}]},{\"@type\":\"ImageObject\",\"inLanguage\":\"it-IT\",\"@id\":\"https:\/\/apgsolutions.com\/it\/support\/faqs\/cables\/#primaryimage\",\"url\":\"https:\/\/apgsolutions.com\/wp-content\/uploads\/2023\/06\/USB-Interface-Icon_white-1.png\",\"contentUrl\":\"https:\/\/apgsolutions.com\/wp-content\/uploads\/2023\/06\/USB-Interface-Icon_white-1.png\"},{\"@type\":\"BreadcrumbList\",\"@id\":\"https:\/\/apgsolutions.com\/it\/support\/faqs\/cables\/#breadcrumb\",\"itemListElement\":[{\"@type\":\"ListItem\",\"position\":1,\"name\":\"Supporto\",\"item\":\"https:\/\/apgsolutions.com\/it\/support\/\"},{\"@type\":\"ListItem\",\"position\":2,\"name\":\"Domande frequenti sui prodotti\",\"item\":\"https:\/\/apgsolutions.com\/it\/support\/faqs\/\"},{\"@type\":\"ListItem\",\"position\":3,\"name\":\"Cavi\"}]},{\"@type\":\"WebSite\",\"@id\":\"https:\/\/apgsolutions.com\/it\/#website\",\"url\":\"https:\/\/apgsolutions.com\/it\/\",\"name\":\"APG Solutions, LLC\",\"description\":\"Trust at every point.\",\"publisher\":{\"@id\":\"https:\/\/apgsolutions.com\/it\/#organization\"},\"potentialAction\":[{\"@type\":\"SearchAction\",\"target\":{\"@type\":\"EntryPoint\",\"urlTemplate\":\"https:\/\/apgsolutions.com\/it\/?s={search_term_string}\"},\"query-input\":{\"@type\":\"PropertyValueSpecification\",\"valueRequired\":true,\"valueName\":\"search_term_string\"}}],\"inLanguage\":\"it-IT\"},{\"@type\":\"Organization\",\"@id\":\"https:\/\/apgsolutions.com\/it\/#organization\",\"name\":\"APG Solution, LLC\",\"url\":\"https:\/\/apgsolutions.com\/it\/\",\"logo\":{\"@type\":\"ImageObject\",\"inLanguage\":\"it-IT\",\"@id\":\"https:\/\/apgsolutions.com\/it\/#\/schema\/logo\/image\/\",\"url\":\"https:\/\/apgsolutions.com\/wp-content\/uploads\/2023\/12\/logomark-color.svg\",\"contentUrl\":\"https:\/\/apgsolutions.com\/wp-content\/uploads\/2023\/12\/logomark-color.svg\",\"width\":141,\"height\":138,\"caption\":\"APG Solution, LLC\"},\"image\":{\"@id\":\"https:\/\/apgsolutions.com\/it\/#\/schema\/logo\/image\/\"},\"sameAs\":[\"https:\/\/www.facebook.com\/apgglobalsolutions\",\"https:\/\/x.com\/apg_solutions\",\"https:\/\/www.youtube.com\/c\/CashManagementGlobalSolutionsbyapg\",\"https:\/\/www.linkedin.com\/company\/apgglobalsolutions\/\",\"https:\/\/www.instagram.com\/apgglobalsolutions\/\",\"https:\/\/www.pinterest.com\/apgcashdrawer\/\"]}]}<\/script>\n<!-- \/ Yoast SEO Premium plugin. -->","yoast_head_json":{"title":"Cavi","description":"Trova le risposte alle domande pi\u00f9 comuni sui cavi dei cassetti per contanti, tra cui la scelta, il collegamento e la compatibilit\u00e0 con i sistemi POS.","robots":{"index":"index","follow":"follow","max-snippet":"max-snippet:-1","max-image-preview":"max-image-preview:large","max-video-preview":"max-video-preview:-1"},"canonical":"https:\/\/apgsolutions.com\/it\/support\/faqs\/cables\/","og_locale":"it_IT","og_type":"article","og_title":"Cavi","og_description":"Trova le risposte alle domande pi\u00f9 comuni sui cavi dei cassetti per contanti, tra cui la scelta, il collegamento e la compatibilit\u00e0 con i sistemi POS.","og_url":"https:\/\/apgsolutions.com\/it\/support\/faqs\/cables\/","og_site_name":"apg\u00ae Solutions","article_publisher":"https:\/\/www.facebook.com\/apgglobalsolutions","article_modified_time":"2026-03-18T18:53:22+00:00","og_image":[{"url":"https:\/\/apgsolutions.com\/wp-content\/uploads\/2023\/06\/USB-Interface-Icon_white-1.png","type":"","width":"","height":""}],"twitter_card":"summary_large_image","twitter_site":"@apg_solutions","twitter_misc":{"Tempo di lettura stimato":"4 minuti"},"schema":{"@context":"https:\/\/schema.org","@graph":[{"@type":"WebPage","@id":"https:\/\/apgsolutions.com\/it\/support\/faqs\/cables\/","url":"https:\/\/apgsolutions.com\/it\/support\/faqs\/cables\/","name":"Cavi","isPartOf":{"@id":"https:\/\/apgsolutions.com\/it\/#website"},"primaryImageOfPage":{"@id":"https:\/\/apgsolutions.com\/it\/support\/faqs\/cables\/#primaryimage"},"image":{"@id":"https:\/\/apgsolutions.com\/it\/support\/faqs\/cables\/#primaryimage"},"thumbnailUrl":"https:\/\/apgsolutions.com\/wp-content\/uploads\/2023\/06\/USB-Interface-Icon_white-1.png","datePublished":"2026-03-18T16:24:38+00:00","dateModified":"2026-03-18T18:53:22+00:00","description":"Trova le risposte alle domande pi\u00f9 comuni sui cavi dei cassetti per contanti, tra cui la scelta, il collegamento e la compatibilit\u00e0 con i sistemi POS.","breadcrumb":{"@id":"https:\/\/apgsolutions.com\/it\/support\/faqs\/cables\/#breadcrumb"},"inLanguage":"it-IT","potentialAction":[{"@type":"ReadAction","target":["https:\/\/apgsolutions.com\/it\/support\/faqs\/cables\/"]}]},{"@type":"ImageObject","inLanguage":"it-IT","@id":"https:\/\/apgsolutions.com\/it\/support\/faqs\/cables\/#primaryimage","url":"https:\/\/apgsolutions.com\/wp-content\/uploads\/2023\/06\/USB-Interface-Icon_white-1.png","contentUrl":"https:\/\/apgsolutions.com\/wp-content\/uploads\/2023\/06\/USB-Interface-Icon_white-1.png"},{"@type":"BreadcrumbList","@id":"https:\/\/apgsolutions.com\/it\/support\/faqs\/cables\/#breadcrumb","itemListElement":[{"@type":"ListItem","position":1,"name":"Supporto","item":"https:\/\/apgsolutions.com\/it\/support\/"},{"@type":"ListItem","position":2,"name":"Domande frequenti sui prodotti","item":"https:\/\/apgsolutions.com\/it\/support\/faqs\/"},{"@type":"ListItem","position":3,"name":"Cavi"}]},{"@type":"WebSite","@id":"https:\/\/apgsolutions.com\/it\/#website","url":"https:\/\/apgsolutions.com\/it\/","name":"APG Solutions, LLC","description":"Trust at every point.","publisher":{"@id":"https:\/\/apgsolutions.com\/it\/#organization"},"potentialAction":[{"@type":"SearchAction","target":{"@type":"EntryPoint","urlTemplate":"https:\/\/apgsolutions.com\/it\/?s={search_term_string}"},"query-input":{"@type":"PropertyValueSpecification","valueRequired":true,"valueName":"search_term_string"}}],"inLanguage":"it-IT"},{"@type":"Organization","@id":"https:\/\/apgsolutions.com\/it\/#organization","name":"APG Solution, LLC","url":"https:\/\/apgsolutions.com\/it\/","logo":{"@type":"ImageObject","inLanguage":"it-IT","@id":"https:\/\/apgsolutions.com\/it\/#\/schema\/logo\/image\/","url":"https:\/\/apgsolutions.com\/wp-content\/uploads\/2023\/12\/logomark-color.svg","contentUrl":"https:\/\/apgsolutions.com\/wp-content\/uploads\/2023\/12\/logomark-color.svg","width":141,"height":138,"caption":"APG Solution, LLC"},"image":{"@id":"https:\/\/apgsolutions.com\/it\/#\/schema\/logo\/image\/"},"sameAs":["https:\/\/www.facebook.com\/apgglobalsolutions","https:\/\/x.com\/apg_solutions","https:\/\/www.youtube.com\/c\/CashManagementGlobalSolutionsbyapg","https:\/\/www.linkedin.com\/company\/apgglobalsolutions\/","https:\/\/www.instagram.com\/apgglobalsolutions\/","https:\/\/www.pinterest.com\/apgcashdrawer\/"]}]}},"acf":[],"_links":{"self":[{"href":"https:\/\/apgsolutions.com\/it\/wp-json\/wp\/v2\/pages\/105735","targetHints":{"allow":["GET"]}}],"collection":[{"href":"https:\/\/apgsolutions.com\/it\/wp-json\/wp\/v2\/pages"}],"about":[{"href":"https:\/\/apgsolutions.com\/it\/wp-json\/wp\/v2\/types\/page"}],"author":[{"embeddable":true,"href":"https:\/\/apgsolutions.com\/it\/wp-json\/wp\/v2\/users\/4"}],"replies":[{"embeddable":true,"href":"https:\/\/apgsolutions.com\/it\/wp-json\/wp\/v2\/comments?post=105735"}],"version-history":[{"count":6,"href":"https:\/\/apgsolutions.com\/it\/wp-json\/wp\/v2\/pages\/105735\/revisions"}],"predecessor-version":[{"id":107795,"href":"https:\/\/apgsolutions.com\/it\/wp-json\/wp\/v2\/pages\/105735\/revisions\/107795"}],"up":[{"embeddable":true,"href":"https:\/\/apgsolutions.com\/it\/wp-json\/wp\/v2\/pages\/106598"}],"wp:attachment":[{"href":"https:\/\/apgsolutions.com\/it\/wp-json\/wp\/v2\/media?parent=105735"}],"curies":[{"name":"wp","href":"https:\/\/api.w.org\/{rel}","templated":true}]}}