{"id":105797,"date":"2026-03-18T16:24:42","date_gmt":"2026-03-18T16:24:42","guid":{"rendered":"https:\/\/apgsolutions.com\/open-newhaven-uk-positions\/"},"modified":"2026-03-18T16:31:56","modified_gmt":"2026-03-18T16:31:56","slug":"open-newhaven-uk-positions","status":"publish","type":"page","link":"https:\/\/apgsolutions.com\/it\/job-positions\/open-newhaven-uk-positions\/","title":{"rendered":"Posizioni aperte a Newhaven (Regno Unito)"},"content":{"rendered":"\n<h1 class=\"wp-block-heading\" id=\"h-open-newhaven-uk-positions\">Posizioni aperte a Newhaven (Regno Unito)<\/h1>\n\n<h2 class=\"wp-block-heading\" id=\"h-product-designer\">Designer di prodotti<\/h2>\n\n<p>APG Solutions EMEA<br \/>Unit 4, The Drove, Newhaven BN9 0LA<br \/>\u00a326.000 &#8211; \u00a330.000 all&#8217;anno &#8211; Tempo pieno<br \/> <\/p>\n\n<h3 class=\"wp-block-heading\" id=\"h-job-title\">Titolo di lavoro:<\/h3>\n\n<p>Designer di prodotti<\/p>\n\n<h3 class=\"wp-block-heading\">Posizione:<\/h3>\n\n<p>Newhaven, Regno Unito<\/p>\n\n<h3 class=\"wp-block-heading\">Dipartimento:<\/h3>\n\n<p>Ingegneria Fascia retributiva: Ufficio\/Tecnico\/Leader<\/p>\n\n<h3 class=\"wp-block-heading\">Riporta a:<\/h3>\n\n<p>Responsabile della progettazione ingegneristica<\/p>\n\n<h3 class=\"wp-block-heading\">Tipo di posizione:<\/h3>\n\n<p>A tempo pieno<\/p>\n\n<h3 class=\"wp-block-heading\">SCOPO:<\/h3>\n\n<p>Il Product Designer \u00e8 responsabile di fornire un supporto ingegneristico specialistico attraverso la progettazione CAD in SolidWorks e la conduzione di controlli di qualit\u00e0 per componenti nuovi ed esistenti. Questo ruolo prevede lo sviluppo di progetti precisi e funzionali, la garanzia di conformit\u00e0 ai requisiti tecnici e la generazione di rapporti dettagliati per mantenere l&#8217;integrit\u00e0 del progetto e gli standard di prestazione. Contribuendo allo sviluppo del prodotto e al miglioramento continuo, questa posizione svolge un ruolo fondamentale nel miglioramento dei processi di progettazione e produzione.  <\/p>\n\n<h3 class=\"wp-block-heading\">RESPONSABILIT\u00c0:<\/h3>\n\n<p>Design e sviluppo del prodotto<\/p>\n\n<ul class=\"wp-block-list\">\n<li>Progettare e modificare prodotti nell&#8217;ambito di progetti di ingegneria, garantendo l&#8217;allineamento con i requisiti tecnici e funzionali.<\/li>\n\n\n\n<li>Sviluppare e aggiornare modelli 3D e disegni tecnici in SolidWorks come parte del processo di gestione delle modifiche.<\/li>\n\n\n\n<li>Revisionare e mantenere la documentazione tecnica in conformit\u00e0 alle richieste di modifica approvate per garantire l&#8217;accuratezza e la conformit\u00e0.<\/li>\n\n\n\n<li>Collaborare con la R&amp;S per valutare la necessit\u00e0 di ulteriori verifiche e convalide (V&amp;V) per le modifiche di progetto applicabili.<\/li>\n<\/ul>\n\n<p>Gestione del cambiamento e garanzia di qualit\u00e0<\/p>\n\n<ul class=\"wp-block-list\">\n<li>Effettuare controlli di qualit\u00e0 sui pezzi forniti dai fornitori su richiesta, assicurando la conformit\u00e0 alle specifiche e agli standard.<\/li>\n\n\n\n<li>Stabilire e gestire un chiaro elenco di priorit\u00e0 per le modifiche al progetto che si allineano ai programmi di produzione e ai processi di introduzione di nuovi pezzi.<\/li>\n\n\n\n<li>Garantire l&#8217;implementazione e la convalida delle richieste di modifica approvate, mantenendo l&#8217;integrit\u00e0 del prodotto.<\/li>\n\n\n\n<li>Coordinarsi con l&#8217;ingegneria di produzione per rivedere, valutare e implementare le azioni necessarie derivanti dalle richieste di modifica per ottimizzare l&#8217;efficienza della produzione.<\/li>\n<\/ul>\n\n<h3 class=\"wp-block-heading\" id=\"h-knowledge-skills-and-abilities\">CONOSCENZE, COMPETENZE E ABILIT\u00c0:<\/h3>\n\n<ul class=\"wp-block-list\">\n<li>HNC\/HND Ingegneria meccanica o equivalente.<\/li>\n\n\n\n<li>Esperienza in un ruolo precedente che preveda l&#8217;aggiornamento di disegni tramite Solidworks.<\/li>\n\n\n\n<li>Esperienza di modellazione SolidWorks.<\/li>\n\n\n\n<li>Esperienza nei sistemi di gestione del cambiamento.<\/li>\n\n\n\n<li>Forte esperienza con gli strumenti di misura manuali.<\/li>\n\n\n\n<li>Forte comunicatore con buone capacit\u00e0 interpersonali e analitiche.<\/li>\n\n\n\n<li>Forti doti di collaborazione con la capacit\u00e0 di lavorare come parte di un team o in modo indipendente con un supporto minimo.<\/li>\n\n\n\n<li>Capacit\u00e0 di gestire priorit\u00e0 mutevoli adattandosi a pi\u00f9 progetti contemporaneamente.<\/li>\n<\/ul>\n\n<h3 class=\"wp-block-heading\">REQUISITI:<\/h3>\n\n<ul class=\"wp-block-list\">\n<li>HNC\/HND o superiore in Ingegneria Meccanica o in un campo correlato.<\/li>\n\n\n\n<li>Sono auspicabili certificazioni pertinenti in software CAD (ad esempio, SolidWorks).<\/li>\n\n\n\n<li>2-5 anni di esperienza in un ruolo di Product Designer o Mechanical Design Engineer, o in una posizione simile.<\/li>\n<\/ul>\n<p>  hbspt.forms.create({<br \/>\n    portalId: &#8220;3337275&#8221;,<br \/>\n    formId: &#8220;dce214bb-a4d0-4cc2-a8ad-0023beda9f2c&#8221;,<br \/>\n    region: &#8220;na1&#8221;<br \/>\n  });<\/p>\n","protected":false},"excerpt":{"rendered":"<p>Posizioni aperte a Newhaven (Regno Unito) Designer di prodotti APG Solutions EMEAUnit 4, The Drove, Newhaven BN9 0LA\u00a326.000 &#8211; \u00a330.000 all&#8217;anno &#8211; Tempo pieno Titolo di lavoro: Designer di prodotti Posizione: Newhaven, Regno Unito Dipartimento: Ingegneria Fascia retributiva: Ufficio\/Tecnico\/Leader Riporta a: Responsabile della progettazione ingegneristica Tipo di posizione: A tempo pieno SCOPO: Il Product Designer [&hellip;]<\/p>\n","protected":false},"author":4,"featured_media":0,"parent":106624,"menu_order":0,"comment_status":"closed","ping_status":"closed","template":"","meta":{"_acf_changed":false,"content-type":"","footnotes":""},"class_list":["post-105797","page","type-page","status-publish"],"yoast_head":"<!-- This site is optimized with the Yoast SEO Premium plugin v23.5 (Yoast SEO v27.2) - https:\/\/yoast.com\/product\/yoast-seo-premium-wordpress\/ -->\n<title>Posizioni aperte a Newhaven (Regno Unito)<\/title>\n<meta name=\"description\" content=\"Controlla le attuali opportunit\u00e0 di carriera a Newhaven, Regno Unito, con APG. Opportunit\u00e0 nella progettazione di prodotti e nella tecnologia di gestione del contante.\" \/>\n<meta name=\"robots\" content=\"index, follow, max-snippet:-1, max-image-preview:large, max-video-preview:-1\" \/>\n<link rel=\"canonical\" href=\"https:\/\/apgsolutions.com\/it\/job-positions\/open-newhaven-uk-positions\/\" \/>\n<meta property=\"og:locale\" content=\"it_IT\" \/>\n<meta property=\"og:type\" content=\"article\" \/>\n<meta property=\"og:title\" content=\"Posizioni aperte a Newhaven (Regno Unito)\" \/>\n<meta property=\"og:description\" content=\"Controlla le attuali opportunit\u00e0 di carriera a Newhaven, Regno Unito, con APG. Opportunit\u00e0 nella progettazione di prodotti e nella tecnologia di gestione del contante.\" \/>\n<meta property=\"og:url\" content=\"https:\/\/apgsolutions.com\/it\/job-positions\/open-newhaven-uk-positions\/\" \/>\n<meta property=\"og:site_name\" content=\"apg\u00ae Solutions\" \/>\n<meta property=\"article:publisher\" content=\"https:\/\/www.facebook.com\/apgglobalsolutions\" \/>\n<meta property=\"article:modified_time\" content=\"2026-03-18T16:31:56+00:00\" \/>\n<meta name=\"twitter:card\" content=\"summary_large_image\" \/>\n<meta name=\"twitter:site\" content=\"@apg_solutions\" \/>\n<meta name=\"twitter:label1\" content=\"Tempo di lettura stimato\" \/>\n\t<meta name=\"twitter:data1\" content=\"2 minuti\" \/>\n<script type=\"application\/ld+json\" class=\"yoast-schema-graph\">{\"@context\":\"https:\/\/schema.org\",\"@graph\":[{\"@type\":\"WebPage\",\"@id\":\"https:\/\/apgsolutions.com\/it\/job-positions\/open-newhaven-uk-positions\/\",\"url\":\"https:\/\/apgsolutions.com\/it\/job-positions\/open-newhaven-uk-positions\/\",\"name\":\"Posizioni aperte a Newhaven (Regno Unito)\",\"isPartOf\":{\"@id\":\"https:\/\/apgsolutions.com\/it\/#website\"},\"datePublished\":\"2026-03-18T16:24:42+00:00\",\"dateModified\":\"2026-03-18T16:31:56+00:00\",\"description\":\"Controlla le attuali opportunit\u00e0 di carriera a Newhaven, Regno Unito, con APG. Opportunit\u00e0 nella progettazione di prodotti e nella tecnologia di gestione del contante.\",\"breadcrumb\":{\"@id\":\"https:\/\/apgsolutions.com\/it\/job-positions\/open-newhaven-uk-positions\/#breadcrumb\"},\"inLanguage\":\"it-IT\",\"potentialAction\":[{\"@type\":\"ReadAction\",\"target\":[\"https:\/\/apgsolutions.com\/it\/job-positions\/open-newhaven-uk-positions\/\"]}]},{\"@type\":\"BreadcrumbList\",\"@id\":\"https:\/\/apgsolutions.com\/it\/job-positions\/open-newhaven-uk-positions\/#breadcrumb\",\"itemListElement\":[{\"@type\":\"ListItem\",\"position\":1,\"name\":\"Posizioni di lavoro\",\"item\":\"https:\/\/apgsolutions.com\/it\/job-positions\/\"},{\"@type\":\"ListItem\",\"position\":2,\"name\":\"Posizioni aperte a Newhaven (Regno Unito)\"}]},{\"@type\":\"WebSite\",\"@id\":\"https:\/\/apgsolutions.com\/it\/#website\",\"url\":\"https:\/\/apgsolutions.com\/it\/\",\"name\":\"APG Solutions, LLC\",\"description\":\"Trust at every point.\",\"publisher\":{\"@id\":\"https:\/\/apgsolutions.com\/it\/#organization\"},\"potentialAction\":[{\"@type\":\"SearchAction\",\"target\":{\"@type\":\"EntryPoint\",\"urlTemplate\":\"https:\/\/apgsolutions.com\/it\/?s={search_term_string}\"},\"query-input\":{\"@type\":\"PropertyValueSpecification\",\"valueRequired\":true,\"valueName\":\"search_term_string\"}}],\"inLanguage\":\"it-IT\"},{\"@type\":\"Organization\",\"@id\":\"https:\/\/apgsolutions.com\/it\/#organization\",\"name\":\"APG Solution, LLC\",\"url\":\"https:\/\/apgsolutions.com\/it\/\",\"logo\":{\"@type\":\"ImageObject\",\"inLanguage\":\"it-IT\",\"@id\":\"https:\/\/apgsolutions.com\/it\/#\/schema\/logo\/image\/\",\"url\":\"https:\/\/apgsolutions.com\/wp-content\/uploads\/2023\/12\/logomark-color.svg\",\"contentUrl\":\"https:\/\/apgsolutions.com\/wp-content\/uploads\/2023\/12\/logomark-color.svg\",\"width\":141,\"height\":138,\"caption\":\"APG Solution, LLC\"},\"image\":{\"@id\":\"https:\/\/apgsolutions.com\/it\/#\/schema\/logo\/image\/\"},\"sameAs\":[\"https:\/\/www.facebook.com\/apgglobalsolutions\",\"https:\/\/x.com\/apg_solutions\",\"https:\/\/www.youtube.com\/c\/CashManagementGlobalSolutionsbyapg\",\"https:\/\/www.linkedin.com\/company\/apgglobalsolutions\/\",\"https:\/\/www.instagram.com\/apgglobalsolutions\/\",\"https:\/\/www.pinterest.com\/apgcashdrawer\/\"]}]}<\/script>\n<!-- \/ Yoast SEO Premium plugin. -->","yoast_head_json":{"title":"Posizioni aperte a Newhaven (Regno Unito)","description":"Controlla le attuali opportunit\u00e0 di carriera a Newhaven, Regno Unito, con APG. Opportunit\u00e0 nella progettazione di prodotti e nella tecnologia di gestione del contante.","robots":{"index":"index","follow":"follow","max-snippet":"max-snippet:-1","max-image-preview":"max-image-preview:large","max-video-preview":"max-video-preview:-1"},"canonical":"https:\/\/apgsolutions.com\/it\/job-positions\/open-newhaven-uk-positions\/","og_locale":"it_IT","og_type":"article","og_title":"Posizioni aperte a Newhaven (Regno Unito)","og_description":"Controlla le attuali opportunit\u00e0 di carriera a Newhaven, Regno Unito, con APG. Opportunit\u00e0 nella progettazione di prodotti e nella tecnologia di gestione del contante.","og_url":"https:\/\/apgsolutions.com\/it\/job-positions\/open-newhaven-uk-positions\/","og_site_name":"apg\u00ae Solutions","article_publisher":"https:\/\/www.facebook.com\/apgglobalsolutions","article_modified_time":"2026-03-18T16:31:56+00:00","twitter_card":"summary_large_image","twitter_site":"@apg_solutions","twitter_misc":{"Tempo di lettura stimato":"2 minuti"},"schema":{"@context":"https:\/\/schema.org","@graph":[{"@type":"WebPage","@id":"https:\/\/apgsolutions.com\/it\/job-positions\/open-newhaven-uk-positions\/","url":"https:\/\/apgsolutions.com\/it\/job-positions\/open-newhaven-uk-positions\/","name":"Posizioni aperte a Newhaven (Regno Unito)","isPartOf":{"@id":"https:\/\/apgsolutions.com\/it\/#website"},"datePublished":"2026-03-18T16:24:42+00:00","dateModified":"2026-03-18T16:31:56+00:00","description":"Controlla le attuali opportunit\u00e0 di carriera a Newhaven, Regno Unito, con APG. Opportunit\u00e0 nella progettazione di prodotti e nella tecnologia di gestione del contante.","breadcrumb":{"@id":"https:\/\/apgsolutions.com\/it\/job-positions\/open-newhaven-uk-positions\/#breadcrumb"},"inLanguage":"it-IT","potentialAction":[{"@type":"ReadAction","target":["https:\/\/apgsolutions.com\/it\/job-positions\/open-newhaven-uk-positions\/"]}]},{"@type":"BreadcrumbList","@id":"https:\/\/apgsolutions.com\/it\/job-positions\/open-newhaven-uk-positions\/#breadcrumb","itemListElement":[{"@type":"ListItem","position":1,"name":"Posizioni di lavoro","item":"https:\/\/apgsolutions.com\/it\/job-positions\/"},{"@type":"ListItem","position":2,"name":"Posizioni aperte a Newhaven (Regno Unito)"}]},{"@type":"WebSite","@id":"https:\/\/apgsolutions.com\/it\/#website","url":"https:\/\/apgsolutions.com\/it\/","name":"APG Solutions, LLC","description":"Trust at every point.","publisher":{"@id":"https:\/\/apgsolutions.com\/it\/#organization"},"potentialAction":[{"@type":"SearchAction","target":{"@type":"EntryPoint","urlTemplate":"https:\/\/apgsolutions.com\/it\/?s={search_term_string}"},"query-input":{"@type":"PropertyValueSpecification","valueRequired":true,"valueName":"search_term_string"}}],"inLanguage":"it-IT"},{"@type":"Organization","@id":"https:\/\/apgsolutions.com\/it\/#organization","name":"APG Solution, LLC","url":"https:\/\/apgsolutions.com\/it\/","logo":{"@type":"ImageObject","inLanguage":"it-IT","@id":"https:\/\/apgsolutions.com\/it\/#\/schema\/logo\/image\/","url":"https:\/\/apgsolutions.com\/wp-content\/uploads\/2023\/12\/logomark-color.svg","contentUrl":"https:\/\/apgsolutions.com\/wp-content\/uploads\/2023\/12\/logomark-color.svg","width":141,"height":138,"caption":"APG Solution, LLC"},"image":{"@id":"https:\/\/apgsolutions.com\/it\/#\/schema\/logo\/image\/"},"sameAs":["https:\/\/www.facebook.com\/apgglobalsolutions","https:\/\/x.com\/apg_solutions","https:\/\/www.youtube.com\/c\/CashManagementGlobalSolutionsbyapg","https:\/\/www.linkedin.com\/company\/apgglobalsolutions\/","https:\/\/www.instagram.com\/apgglobalsolutions\/","https:\/\/www.pinterest.com\/apgcashdrawer\/"]}]}},"acf":[],"_links":{"self":[{"href":"https:\/\/apgsolutions.com\/it\/wp-json\/wp\/v2\/pages\/105797","targetHints":{"allow":["GET"]}}],"collection":[{"href":"https:\/\/apgsolutions.com\/it\/wp-json\/wp\/v2\/pages"}],"about":[{"href":"https:\/\/apgsolutions.com\/it\/wp-json\/wp\/v2\/types\/page"}],"author":[{"embeddable":true,"href":"https:\/\/apgsolutions.com\/it\/wp-json\/wp\/v2\/users\/4"}],"replies":[{"embeddable":true,"href":"https:\/\/apgsolutions.com\/it\/wp-json\/wp\/v2\/comments?post=105797"}],"version-history":[{"count":2,"href":"https:\/\/apgsolutions.com\/it\/wp-json\/wp\/v2\/pages\/105797\/revisions"}],"predecessor-version":[{"id":105803,"href":"https:\/\/apgsolutions.com\/it\/wp-json\/wp\/v2\/pages\/105797\/revisions\/105803"}],"up":[{"embeddable":true,"href":"https:\/\/apgsolutions.com\/it\/wp-json\/wp\/v2\/pages\/106624"}],"wp:attachment":[{"href":"https:\/\/apgsolutions.com\/it\/wp-json\/wp\/v2\/media?parent=105797"}],"curies":[{"name":"wp","href":"https:\/\/api.w.org\/{rel}","templated":true}]}}