{"id":106131,"date":"2026-03-18T16:27:03","date_gmt":"2026-03-18T16:27:03","guid":{"rendered":"https:\/\/apgsolutions.com\/calculoid\/"},"modified":"2026-03-18T16:27:03","modified_gmt":"2026-03-18T16:27:03","slug":"calculoid","status":"publish","type":"page","link":"https:\/\/apgsolutions.com\/it\/calculoid\/","title":{"rendered":"Calcolatore di valore smarttill"},"content":{"rendered":"<div class=\"section_page-header \">\n    <img decoding=\"async\" class=\"header-image\" src=\"https:\/\/apgsolutions.com\/wp-content\/uploads\/2025\/04\/Smarttill-value-calculator-banner-simple.png\" alt=\"Smarttill-value-calculator-banner-simple\" title=\"Smarttill-value-calculator-banner-simple\">\n            <div class=\"header-content\">\n            <h1>smarttill\u00ae Value Calculator<\/h1>\n        <\/div>\n    <\/div>\n<div class=\"wp-block-columns pad-t0 is-layout-flex wp-container-core-columns-is-layout-9d6595d7 wp-block-columns-is-layout-flex\">\n<div class=\"wp-block-column is-vertically-aligned-center is-layout-flow wp-block-column-is-layout-flow\">\n<h2 class=\"wp-block-heading has-text-align-left has-large-font-size\" id=\"h-discover-your-potential-savings-with-apg-s-smarttill-cash-management-solution\">Scopri il tuo potenziale di risparmio con la soluzione di gestione del contante smarttill\u00ae di apg<\/h2>\n\n\n\n<p>La gestione manuale del contante richiede tempo, impegna le risorse del personale e aumenta il rischio di errori e perdite. La <a href=\"https:\/\/apgsolutions.com\/it\/products\/smarttill-solution-suite\/\">soluzione smarttill per la gestione del contante<\/a> offre un modo pi\u00f9 intelligente, automatizzando i conteggi in tempo reale, riducendo le differenze inventariali e dando al tuo team pi\u00f9 tempo per concentrarsi su ci\u00f2 che conta: i tuoi clienti. <\/p>\n\n\n\n<p>Con il nostro calcolatore del valore della smarttill, puoi stimare rapidamente quanto tempo e denaro la tua attivit\u00e0 di vendita al dettaglio o di ospitalit\u00e0 potrebbe risparmiare passando a una soluzione di gestione automatica del contante.<\/p>\n\n\n\n<h3 class=\"wp-block-heading\" id=\"h-see-the-impact-on-your-business\">Guarda l&#8217;impatto sulla tua attivit\u00e0<\/h3>\n\n\n\n<ul class=\"wp-block-list\">\n<li>Risparmia tempo ogni giorno nella riconciliazione dei contanti e nei cambi turno<\/li>\n\n\n\n<li>Riduci le perdite di denaro fino al 90%<\/li>\n\n\n\n<li>Ridurre i costi operativi e migliorare l&#8217;efficienza del personale<\/li>\n\n\n\n<li>Ottieni visibilit\u00e0 e controllo in tempo reale sulla gestione del contante<\/li>\n<\/ul>\n<\/div>\n\n\n\n<div class=\"wp-block-column is-vertically-aligned-center is-layout-flow wp-block-column-is-layout-flow\">\n<figure class=\"wp-block-image size-large is-resized\"><img fetchpriority=\"high\" decoding=\"async\" width=\"1024\" height=\"848\" src=\"https:\/\/apgsolutions.com\/wp-content\/uploads\/2025\/04\/See_The_Impact_Of_Your_Business-1-1024x848.png\" alt=\"calcolatore di valore smarttill\" class=\"wp-image-89923\" style=\"width:800px\" srcset=\"https:\/\/apgsolutions.com\/wp-content\/uploads\/2025\/04\/See_The_Impact_Of_Your_Business-1-1024x848.png 1024w, https:\/\/apgsolutions.com\/wp-content\/uploads\/2025\/04\/See_The_Impact_Of_Your_Business-1-300x248.png 300w, https:\/\/apgsolutions.com\/wp-content\/uploads\/2025\/04\/See_The_Impact_Of_Your_Business-1-768x636.png 768w, https:\/\/apgsolutions.com\/wp-content\/uploads\/2025\/04\/See_The_Impact_Of_Your_Business-1-50x41.png 50w, https:\/\/apgsolutions.com\/wp-content\/uploads\/2025\/04\/See_The_Impact_Of_Your_Business-1-550x455.png 550w, https:\/\/apgsolutions.com\/wp-content\/uploads\/2025\/04\/See_The_Impact_Of_Your_Business-1-80x66.png 80w, https:\/\/apgsolutions.com\/wp-content\/uploads\/2025\/04\/See_The_Impact_Of_Your_Business-1-600x497.png 600w, https:\/\/apgsolutions.com\/wp-content\/uploads\/2025\/04\/See_The_Impact_Of_Your_Business-1.png 1080w\" sizes=\"(max-width: 1024px) 100vw, 1024px\" \/><\/figure>\n<\/div>\n<\/div>\n\n<div class=\"wp-block-columns is-layout-flex wp-container-core-columns-is-layout-9d6595d7 wp-block-columns-is-layout-flex\">\n<div class=\"wp-block-column is-layout-flow wp-block-column-is-layout-flow\"><div class=\"wp-block-image\">\n<figure class=\"aligncenter size-full is-resized\"><img decoding=\"async\" width=\"847\" height=\"211\" src=\"https:\/\/apgsolutions.com\/wp-content\/uploads\/2025\/04\/TimeAndMoneySavingsWithSmarttill.png\" alt=\"Risparmio di tempo e denaro con Smarttill\" class=\"wp-image-89857\" style=\"width:500px\" srcset=\"https:\/\/apgsolutions.com\/wp-content\/uploads\/2025\/04\/TimeAndMoneySavingsWithSmarttill.png 847w, https:\/\/apgsolutions.com\/wp-content\/uploads\/2025\/04\/TimeAndMoneySavingsWithSmarttill-300x75.png 300w, https:\/\/apgsolutions.com\/wp-content\/uploads\/2025\/04\/TimeAndMoneySavingsWithSmarttill-768x191.png 768w, https:\/\/apgsolutions.com\/wp-content\/uploads\/2025\/04\/TimeAndMoneySavingsWithSmarttill-50x12.png 50w, https:\/\/apgsolutions.com\/wp-content\/uploads\/2025\/04\/TimeAndMoneySavingsWithSmarttill-550x137.png 550w, https:\/\/apgsolutions.com\/wp-content\/uploads\/2025\/04\/TimeAndMoneySavingsWithSmarttill-80x20.png 80w, https:\/\/apgsolutions.com\/wp-content\/uploads\/2025\/04\/TimeAndMoneySavingsWithSmarttill-600x149.png 600w\" sizes=\"(max-width: 847px) 100vw, 847px\" \/><\/figure>\n<\/div>\n\n\n<p class=\"has-text-align-center\">Calcola quanto tempo e quanto denaro puoi risparmiare utilizzando la soluzione di gestione del contante smarttill di apg.<\/p>\n\n\n\n<p class=\"has-text-align-center\">Questo calcolatore fornisce un&#8217;istantanea semplificata dei tuoi potenziali risparmi. Per un&#8217;analisi pi\u00f9 approfondita e personalizzata, che tenga conto del numero esatto di sedi, corsie, casse, salari dei dipendenti e altri fattori specifici, ti invitiamo a compilare il modulo sottostante per richiedere un audit completo ai nostri architetti di soluzioni smarttill. <\/p>\n\n\n\n<div style=\"height:25px\" aria-hidden=\"true\" class=\"wp-block-spacer\"><\/div>\n\n\n\n<div><\/div>\n<\/div>\n<\/div>\n\n<h2 class=\"wp-block-heading has-text-align-center\" id=\"h-why-choose-smarttill\">Perch\u00e9 scegliere smarttill?<\/h2>\n\n<div class=\"wp-block-columns are-vertically-aligned-center is-layout-flex wp-container-core-columns-is-layout-9d6595d7 wp-block-columns-is-layout-flex\">\n<div class=\"wp-block-column is-vertically-aligned-center is-layout-flow wp-block-column-is-layout-flow\"><div class=\"wp-block-image\">\n<figure class=\"aligncenter size-large is-resized\"><img decoding=\"async\" width=\"1024\" height=\"848\" src=\"https:\/\/apgsolutions.com\/wp-content\/uploads\/2025\/04\/Why_Choose_smarttill-1024x848.png\" alt=\"calcolatrice smarttill\" class=\"wp-image-89966\" style=\"width:700px\" srcset=\"https:\/\/apgsolutions.com\/wp-content\/uploads\/2025\/04\/Why_Choose_smarttill-1024x848.png 1024w, https:\/\/apgsolutions.com\/wp-content\/uploads\/2025\/04\/Why_Choose_smarttill-300x248.png 300w, https:\/\/apgsolutions.com\/wp-content\/uploads\/2025\/04\/Why_Choose_smarttill-768x636.png 768w, https:\/\/apgsolutions.com\/wp-content\/uploads\/2025\/04\/Why_Choose_smarttill-50x41.png 50w, https:\/\/apgsolutions.com\/wp-content\/uploads\/2025\/04\/Why_Choose_smarttill-550x455.png 550w, https:\/\/apgsolutions.com\/wp-content\/uploads\/2025\/04\/Why_Choose_smarttill-80x66.png 80w, https:\/\/apgsolutions.com\/wp-content\/uploads\/2025\/04\/Why_Choose_smarttill-600x497.png 600w, https:\/\/apgsolutions.com\/wp-content\/uploads\/2025\/04\/Why_Choose_smarttill.png 1080w\" sizes=\"(max-width: 1024px) 100vw, 1024px\" \/><\/figure>\n<\/div><\/div>\n\n\n\n<div class=\"wp-block-column is-vertically-aligned-center is-layout-flow wp-block-column-is-layout-flow\">\n<p>smarttill gode della fiducia dei principali <a href=\"https:\/\/apgsolutions.com\/industry\/retail\/\">rivenditori<\/a> e fornitori di servizi <a href=\"https:\/\/apgsolutions.com\/industry\/hospitality\/\">di ospitalit\u00e0<\/a> in tutto il mondo. Che tu gestisca un singolo negozio o una grande catena, smarttill si integra perfettamente nel tuo ambiente POS esistente. <\/p>\n\n\n\n<p>Vuoi saperne di pi\u00f9 su come funziona smarttill?<\/p>\n\n\n\n<div class=\"wp-block-buttons is-layout-flex wp-block-buttons-is-layout-flex\">\n<div class=\"wp-block-button\"><a class=\"wp-block-button__link wp-element-button\" href=\"https:\/\/apgsolutions.com\/it\/products\/smarttill-solution-suite\/\">Per saperne di pi\u00f9 su smarttill<\/a><\/div>\n<\/div>\n<\/div>\n<\/div>\n\n<div class=\"wp-block-group graybox has-background is-vertical is-content-justification-center is-layout-flex wp-container-core-group-is-layout-4b2eccd6 wp-block-group-is-layout-flex\" style=\"background-color:#ecf1f7\">\n<figure class=\"wp-block-image size-full is-resized\"><img loading=\"lazy\" decoding=\"async\" width=\"911\" height=\"163\" src=\"https:\/\/apgsolutions.com\/wp-content\/uploads\/2025\/04\/GetInTouch.png\" alt=\"Entra in contatto\" class=\"wp-image-89863\" style=\"width:600px\" srcset=\"https:\/\/apgsolutions.com\/wp-content\/uploads\/2025\/04\/GetInTouch.png 911w, https:\/\/apgsolutions.com\/wp-content\/uploads\/2025\/04\/GetInTouch-300x54.png 300w, https:\/\/apgsolutions.com\/wp-content\/uploads\/2025\/04\/GetInTouch-768x137.png 768w, https:\/\/apgsolutions.com\/wp-content\/uploads\/2025\/04\/GetInTouch-50x9.png 50w, https:\/\/apgsolutions.com\/wp-content\/uploads\/2025\/04\/GetInTouch-550x98.png 550w, https:\/\/apgsolutions.com\/wp-content\/uploads\/2025\/04\/GetInTouch-80x14.png 80w, https:\/\/apgsolutions.com\/wp-content\/uploads\/2025\/04\/GetInTouch-600x107.png 600w\" sizes=\"(max-width: 911px) 100vw, 911px\" \/><\/figure>\n\n\n\n<p class=\"has-text-align-center\">Prenota una consulenza con uno dei nostri Account Manager apg e Solution Architect smarttill, di persona o online.<\/p>\n<\/div>\n\n<div style=\"height:50px\" aria-hidden=\"true\" class=\"wp-block-spacer\"><\/div>\n\n<p>hbspt.forms.create({\n    region: &#8220;na1&#8221;,\n    portalId: &#8220;3337275&#8221;,\n    formId: &#8220;3fa13a5b-1718-4053-9c9c-d3189889d1b6&#8221;,\n    \/\/ Redirect after successful submission\n    onFormSubmit: function($form) {\n      window.location.href = &#8220;https:\/\/apgsolutions.com\/thank-you-for-contacting-apg-cash-drawer\/&#8221;;\n    }\n  });\n<\/p>\n\n<p><\/p>\n","protected":false},"excerpt":{"rendered":"<p>Scopri il tuo potenziale di risparmio con la soluzione di gestione del contante smarttill\u00ae di apg La gestione manuale del contante richiede tempo, impegna le risorse del personale e aumenta il rischio di errori e perdite. La soluzione smarttill per la gestione del contante offre un modo pi\u00f9 intelligente, automatizzando i conteggi in tempo reale, [&hellip;]<\/p>\n","protected":false},"author":2921,"featured_media":0,"parent":0,"menu_order":0,"comment_status":"closed","ping_status":"closed","template":"","meta":{"_acf_changed":false,"content-type":"","footnotes":""},"class_list":["post-106131","page","type-page","status-publish"],"yoast_head":"<!-- This site is optimized with the Yoast SEO Premium plugin v23.5 (Yoast SEO v27.2) - https:\/\/yoast.com\/product\/yoast-seo-premium-wordpress\/ -->\n<title>calcolatore di valore smarttill\u00ae | apg\u00ae<\/title>\n<meta name=\"description\" content=\"Valuta rapidamente quanto tempo e denaro potrebbe risparmiare la tua attivit\u00e0 di vendita al dettaglio o di ospitalit\u00e0 passando alla nostra soluzione di gestione del contante smarttill.\" \/>\n<meta name=\"robots\" content=\"index, follow, max-snippet:-1, max-image-preview:large, max-video-preview:-1\" \/>\n<link rel=\"canonical\" href=\"https:\/\/apgsolutions.com\/it\/calculoid\/\" \/>\n<meta property=\"og:locale\" content=\"it_IT\" \/>\n<meta property=\"og:type\" content=\"article\" \/>\n<meta property=\"og:title\" content=\"calcolatore di valore smarttill\u00ae | apg\u00ae\" \/>\n<meta property=\"og:description\" content=\"Valuta rapidamente quanto tempo e denaro potrebbe risparmiare la tua attivit\u00e0 di vendita al dettaglio o di ospitalit\u00e0 passando alla nostra soluzione di gestione del contante smarttill.\" \/>\n<meta property=\"og:url\" content=\"https:\/\/apgsolutions.com\/it\/calculoid\/\" \/>\n<meta property=\"og:site_name\" content=\"apg\u00ae Solutions\" \/>\n<meta property=\"article:publisher\" content=\"https:\/\/www.facebook.com\/apgglobalsolutions\" \/>\n<meta property=\"og:image\" content=\"https:\/\/apgsolutions.com\/wp-content\/uploads\/2025\/04\/See_The_Impact_Of_Your_Business-1-1024x848.png\" \/>\n<meta name=\"twitter:card\" content=\"summary_large_image\" \/>\n<meta name=\"twitter:site\" content=\"@apg_solutions\" \/>\n<meta name=\"twitter:label1\" content=\"Tempo di lettura stimato\" \/>\n\t<meta name=\"twitter:data1\" content=\"2 minuti\" \/>\n<script type=\"application\/ld+json\" class=\"yoast-schema-graph\">{\"@context\":\"https:\/\/schema.org\",\"@graph\":[{\"@type\":\"WebPage\",\"@id\":\"https:\/\/apgsolutions.com\/it\/calculoid\/\",\"url\":\"https:\/\/apgsolutions.com\/it\/calculoid\/\",\"name\":\"calcolatore di valore smarttill\u00ae | apg\u00ae\",\"isPartOf\":{\"@id\":\"https:\/\/apgsolutions.com\/it\/#website\"},\"primaryImageOfPage\":{\"@id\":\"https:\/\/apgsolutions.com\/it\/calculoid\/#primaryimage\"},\"image\":{\"@id\":\"https:\/\/apgsolutions.com\/it\/calculoid\/#primaryimage\"},\"thumbnailUrl\":\"https:\/\/apgsolutions.com\/wp-content\/uploads\/2025\/04\/See_The_Impact_Of_Your_Business-1-1024x848.png\",\"datePublished\":\"2026-03-18T16:27:03+00:00\",\"description\":\"Valuta rapidamente quanto tempo e denaro potrebbe risparmiare la tua attivit\u00e0 di vendita al dettaglio o di ospitalit\u00e0 passando alla nostra soluzione di gestione del contante smarttill.\",\"inLanguage\":\"it-IT\",\"potentialAction\":[{\"@type\":\"ReadAction\",\"target\":[\"https:\/\/apgsolutions.com\/it\/calculoid\/\"]}]},{\"@type\":\"ImageObject\",\"inLanguage\":\"it-IT\",\"@id\":\"https:\/\/apgsolutions.com\/it\/calculoid\/#primaryimage\",\"url\":\"https:\/\/apgsolutions.com\/wp-content\/uploads\/2025\/04\/See_The_Impact_Of_Your_Business-1-1024x848.png\",\"contentUrl\":\"https:\/\/apgsolutions.com\/wp-content\/uploads\/2025\/04\/See_The_Impact_Of_Your_Business-1-1024x848.png\"},{\"@type\":\"WebSite\",\"@id\":\"https:\/\/apgsolutions.com\/it\/#website\",\"url\":\"https:\/\/apgsolutions.com\/it\/\",\"name\":\"APG Solutions, LLC\",\"description\":\"Trust at every point.\",\"publisher\":{\"@id\":\"https:\/\/apgsolutions.com\/it\/#organization\"},\"potentialAction\":[{\"@type\":\"SearchAction\",\"target\":{\"@type\":\"EntryPoint\",\"urlTemplate\":\"https:\/\/apgsolutions.com\/it\/?s={search_term_string}\"},\"query-input\":{\"@type\":\"PropertyValueSpecification\",\"valueRequired\":true,\"valueName\":\"search_term_string\"}}],\"inLanguage\":\"it-IT\"},{\"@type\":\"Organization\",\"@id\":\"https:\/\/apgsolutions.com\/it\/#organization\",\"name\":\"APG Solution, LLC\",\"url\":\"https:\/\/apgsolutions.com\/it\/\",\"logo\":{\"@type\":\"ImageObject\",\"inLanguage\":\"it-IT\",\"@id\":\"https:\/\/apgsolutions.com\/it\/#\/schema\/logo\/image\/\",\"url\":\"https:\/\/apgsolutions.com\/wp-content\/uploads\/2023\/12\/logomark-color.svg\",\"contentUrl\":\"https:\/\/apgsolutions.com\/wp-content\/uploads\/2023\/12\/logomark-color.svg\",\"width\":141,\"height\":138,\"caption\":\"APG Solution, LLC\"},\"image\":{\"@id\":\"https:\/\/apgsolutions.com\/it\/#\/schema\/logo\/image\/\"},\"sameAs\":[\"https:\/\/www.facebook.com\/apgglobalsolutions\",\"https:\/\/x.com\/apg_solutions\",\"https:\/\/www.youtube.com\/c\/CashManagementGlobalSolutionsbyapg\",\"https:\/\/www.linkedin.com\/company\/apgglobalsolutions\/\",\"https:\/\/www.instagram.com\/apgglobalsolutions\/\",\"https:\/\/www.pinterest.com\/apgcashdrawer\/\"]}]}<\/script>\n<!-- \/ Yoast SEO Premium plugin. -->","yoast_head_json":{"title":"calcolatore di valore smarttill\u00ae | apg\u00ae","description":"Valuta rapidamente quanto tempo e denaro potrebbe risparmiare la tua attivit\u00e0 di vendita al dettaglio o di ospitalit\u00e0 passando alla nostra soluzione di gestione del contante smarttill.","robots":{"index":"index","follow":"follow","max-snippet":"max-snippet:-1","max-image-preview":"max-image-preview:large","max-video-preview":"max-video-preview:-1"},"canonical":"https:\/\/apgsolutions.com\/it\/calculoid\/","og_locale":"it_IT","og_type":"article","og_title":"calcolatore di valore smarttill\u00ae | apg\u00ae","og_description":"Valuta rapidamente quanto tempo e denaro potrebbe risparmiare la tua attivit\u00e0 di vendita al dettaglio o di ospitalit\u00e0 passando alla nostra soluzione di gestione del contante smarttill.","og_url":"https:\/\/apgsolutions.com\/it\/calculoid\/","og_site_name":"apg\u00ae Solutions","article_publisher":"https:\/\/www.facebook.com\/apgglobalsolutions","og_image":[{"url":"https:\/\/apgsolutions.com\/wp-content\/uploads\/2025\/04\/See_The_Impact_Of_Your_Business-1-1024x848.png","type":"","width":"","height":""}],"twitter_card":"summary_large_image","twitter_site":"@apg_solutions","twitter_misc":{"Tempo di lettura stimato":"2 minuti"},"schema":{"@context":"https:\/\/schema.org","@graph":[{"@type":"WebPage","@id":"https:\/\/apgsolutions.com\/it\/calculoid\/","url":"https:\/\/apgsolutions.com\/it\/calculoid\/","name":"calcolatore di valore smarttill\u00ae | apg\u00ae","isPartOf":{"@id":"https:\/\/apgsolutions.com\/it\/#website"},"primaryImageOfPage":{"@id":"https:\/\/apgsolutions.com\/it\/calculoid\/#primaryimage"},"image":{"@id":"https:\/\/apgsolutions.com\/it\/calculoid\/#primaryimage"},"thumbnailUrl":"https:\/\/apgsolutions.com\/wp-content\/uploads\/2025\/04\/See_The_Impact_Of_Your_Business-1-1024x848.png","datePublished":"2026-03-18T16:27:03+00:00","description":"Valuta rapidamente quanto tempo e denaro potrebbe risparmiare la tua attivit\u00e0 di vendita al dettaglio o di ospitalit\u00e0 passando alla nostra soluzione di gestione del contante smarttill.","inLanguage":"it-IT","potentialAction":[{"@type":"ReadAction","target":["https:\/\/apgsolutions.com\/it\/calculoid\/"]}]},{"@type":"ImageObject","inLanguage":"it-IT","@id":"https:\/\/apgsolutions.com\/it\/calculoid\/#primaryimage","url":"https:\/\/apgsolutions.com\/wp-content\/uploads\/2025\/04\/See_The_Impact_Of_Your_Business-1-1024x848.png","contentUrl":"https:\/\/apgsolutions.com\/wp-content\/uploads\/2025\/04\/See_The_Impact_Of_Your_Business-1-1024x848.png"},{"@type":"WebSite","@id":"https:\/\/apgsolutions.com\/it\/#website","url":"https:\/\/apgsolutions.com\/it\/","name":"APG Solutions, LLC","description":"Trust at every point.","publisher":{"@id":"https:\/\/apgsolutions.com\/it\/#organization"},"potentialAction":[{"@type":"SearchAction","target":{"@type":"EntryPoint","urlTemplate":"https:\/\/apgsolutions.com\/it\/?s={search_term_string}"},"query-input":{"@type":"PropertyValueSpecification","valueRequired":true,"valueName":"search_term_string"}}],"inLanguage":"it-IT"},{"@type":"Organization","@id":"https:\/\/apgsolutions.com\/it\/#organization","name":"APG Solution, LLC","url":"https:\/\/apgsolutions.com\/it\/","logo":{"@type":"ImageObject","inLanguage":"it-IT","@id":"https:\/\/apgsolutions.com\/it\/#\/schema\/logo\/image\/","url":"https:\/\/apgsolutions.com\/wp-content\/uploads\/2023\/12\/logomark-color.svg","contentUrl":"https:\/\/apgsolutions.com\/wp-content\/uploads\/2023\/12\/logomark-color.svg","width":141,"height":138,"caption":"APG Solution, LLC"},"image":{"@id":"https:\/\/apgsolutions.com\/it\/#\/schema\/logo\/image\/"},"sameAs":["https:\/\/www.facebook.com\/apgglobalsolutions","https:\/\/x.com\/apg_solutions","https:\/\/www.youtube.com\/c\/CashManagementGlobalSolutionsbyapg","https:\/\/www.linkedin.com\/company\/apgglobalsolutions\/","https:\/\/www.instagram.com\/apgglobalsolutions\/","https:\/\/www.pinterest.com\/apgcashdrawer\/"]}]}},"acf":[],"_links":{"self":[{"href":"https:\/\/apgsolutions.com\/it\/wp-json\/wp\/v2\/pages\/106131","targetHints":{"allow":["GET"]}}],"collection":[{"href":"https:\/\/apgsolutions.com\/it\/wp-json\/wp\/v2\/pages"}],"about":[{"href":"https:\/\/apgsolutions.com\/it\/wp-json\/wp\/v2\/types\/page"}],"author":[{"embeddable":true,"href":"https:\/\/apgsolutions.com\/it\/wp-json\/wp\/v2\/users\/2921"}],"replies":[{"embeddable":true,"href":"https:\/\/apgsolutions.com\/it\/wp-json\/wp\/v2\/comments?post=106131"}],"version-history":[{"count":2,"href":"https:\/\/apgsolutions.com\/it\/wp-json\/wp\/v2\/pages\/106131\/revisions"}],"predecessor-version":[{"id":106135,"href":"https:\/\/apgsolutions.com\/it\/wp-json\/wp\/v2\/pages\/106131\/revisions\/106135"}],"wp:attachment":[{"href":"https:\/\/apgsolutions.com\/it\/wp-json\/wp\/v2\/media?parent=106131"}],"curies":[{"name":"wp","href":"https:\/\/api.w.org\/{rel}","templated":true}]}}