{"id":106621,"date":"2026-03-18T16:31:54","date_gmt":"2026-03-18T16:31:54","guid":{"rendered":"https:\/\/apgsolutions.com\/modern-slavery-act\/"},"modified":"2026-03-18T16:31:54","modified_gmt":"2026-03-18T16:31:54","slug":"modern-slavery-act","status":"publish","type":"page","link":"https:\/\/apgsolutions.com\/it\/modern-slavery-act\/","title":{"rendered":"Legge sulla schiavit\u00f9 moderna"},"content":{"rendered":"<div class=\"section_page-header \">\n    <img decoding=\"async\" class=\"header-image\" src=\"https:\/\/apgsolutions.com\/wp-content\/uploads\/2023\/04\/dark-blue-rotated.jpg\" alt=\"dark-blue\" title=\"dark-blue\">\n            <div class=\"header-content\">\n            <h1>Modern Slavery Act<\/h1>\n        <\/div>\n    <\/div>\n<p><strong>La presente dichiarazione viene rilasciata per conto di APG Cash Drawer Ltd (APG) ai sensi della sezione 54(1) del Modern Slavery Act 2015 (la &#8220;Legge&#8221;) e costituisce la dichiarazione del nostro gruppo sulla schiavit\u00f9 e il traffico di esseri umani per l&#8217;anno che termina il 31 dicembre 2021.<\/strong><\/p>\n\n<p><strong>LA NOSTRA ATTIVIT\u00c0 E LA NOSTRA STRUTTURA<\/strong><\/p>\n\n<p>APG acquista e produce cassetti per contanti per distributori e rivenditori di tutto il mondo. La nostra sede centrale \u00e8 a Minneapolis, Minnesota, USA e abbiamo uffici e filiali nel Regno Unito, Francia, Belgio, Spagna e Germania. <\/p>\n\n<p><strong>LE NOSTRE CATENE DI FORNITURA<\/strong><\/p>\n\n<p>Le nostre catene di fornitura comprendono cassetti per contanti, lamiere, fissaggi, componenti elettronici, PCB, cavi assemblati, cartone, imballaggi, servizi editoriali e di stampa, servizi informatici, fornitori di formazione e consulenti, servizi di marketing e PR. Abbiamo esaminato i rischi che queste catene di fornitura possono presentare e, sebbene riteniamo che la nostra esposizione alla schiavit\u00f9 moderna sia limitata, ci aspettiamo che i nostri fornitori e appaltatori dimostrino un approccio di tolleranza zero allo sfruttamento. <\/p>\n\n<p><strong>AZIONE<\/strong><\/p>\n\n<p>Nell&#8217;ambito del nostro processo di approvvigionamento nel 2021, abbiamo avviato un dialogo con i nostri fornitori con l&#8217;obiettivo non solo di sensibilizzarli, ma anche di avere la certezza della loro comprensione del Modern Slavery Act 2015 e di come esso li riguardi. Continuiamo a raccogliere dati dai nostri principali fornitori e riporteremo i nostri risultati in una dichiarazione all&#8217;inizio del 2023. <\/p>\n\n<p><strong>IL NOSTRO PERSONALE ADDETTO AGLI ACQUISTI<\/strong><\/p>\n\n<p>Il nostro team di approvvigionamento \u00e8 consapevole che la schiavit\u00f9 moderna \u00e8 un problema globale che riguarda tutti noi. Sono consapevoli delle insidie cognitive per i giovani che potrebbero involontariamente entrare a far parte del ciclo. Grazie alla formazione e alle qualifiche CIPS, nel corso del 2021 abbiamo adottato misure per mitigare questi rischi.  <\/p>\n","protected":false},"excerpt":{"rendered":"<p>La presente dichiarazione viene rilasciata per conto di APG Cash Drawer Ltd (APG) ai sensi della sezione 54(1) del Modern Slavery Act 2015 (la &#8220;Legge&#8221;) e costituisce la dichiarazione del nostro gruppo sulla schiavit\u00f9 e il traffico di esseri umani per l&#8217;anno che termina il 31 dicembre 2021. LA NOSTRA ATTIVIT\u00c0 E LA NOSTRA STRUTTURA [&hellip;]<\/p>\n","protected":false},"author":4,"featured_media":0,"parent":0,"menu_order":0,"comment_status":"closed","ping_status":"closed","template":"","meta":{"_acf_changed":false,"content-type":"","footnotes":""},"class_list":["post-106621","page","type-page","status-publish"],"yoast_head":"<!-- This site is optimized with the Yoast SEO Premium plugin v23.5 (Yoast SEO v27.2) - https:\/\/yoast.com\/product\/yoast-seo-premium-wordpress\/ -->\n<title>Legge sulla schiavit\u00f9 moderna<\/title>\n<meta name=\"description\" content=\"Dichiarazione di APG sulla conformit\u00e0 al Modern Slavery Act. Impegno per pratiche etiche nelle catene di fornitura.\" \/>\n<meta name=\"robots\" content=\"index, follow, max-snippet:-1, max-image-preview:large, max-video-preview:-1\" \/>\n<link rel=\"canonical\" href=\"https:\/\/apgsolutions.com\/it\/modern-slavery-act\/\" \/>\n<meta property=\"og:locale\" content=\"it_IT\" \/>\n<meta property=\"og:type\" content=\"article\" \/>\n<meta property=\"og:title\" content=\"Legge sulla schiavit\u00f9 moderna\" \/>\n<meta property=\"og:description\" content=\"Dichiarazione di APG sulla conformit\u00e0 al Modern Slavery Act. Impegno per pratiche etiche nelle catene di fornitura.\" \/>\n<meta property=\"og:url\" content=\"https:\/\/apgsolutions.com\/it\/modern-slavery-act\/\" \/>\n<meta property=\"og:site_name\" content=\"apg\u00ae Solutions\" \/>\n<meta property=\"article:publisher\" content=\"https:\/\/www.facebook.com\/apgglobalsolutions\" \/>\n<meta name=\"twitter:card\" content=\"summary_large_image\" \/>\n<meta name=\"twitter:site\" content=\"@apg_solutions\" \/>\n<meta name=\"twitter:label1\" content=\"Tempo di lettura stimato\" \/>\n\t<meta name=\"twitter:data1\" content=\"1 minuto\" \/>\n<script type=\"application\/ld+json\" class=\"yoast-schema-graph\">{\"@context\":\"https:\/\/schema.org\",\"@graph\":[{\"@type\":\"WebPage\",\"@id\":\"https:\/\/apgsolutions.com\/it\/modern-slavery-act\/\",\"url\":\"https:\/\/apgsolutions.com\/it\/modern-slavery-act\/\",\"name\":\"Legge sulla schiavit\u00f9 moderna\",\"isPartOf\":{\"@id\":\"https:\/\/apgsolutions.com\/it\/#website\"},\"datePublished\":\"2026-03-18T16:31:54+00:00\",\"description\":\"Dichiarazione di APG sulla conformit\u00e0 al Modern Slavery Act. Impegno per pratiche etiche nelle catene di fornitura.\",\"inLanguage\":\"it-IT\",\"potentialAction\":[{\"@type\":\"ReadAction\",\"target\":[\"https:\/\/apgsolutions.com\/it\/modern-slavery-act\/\"]}]},{\"@type\":\"WebSite\",\"@id\":\"https:\/\/apgsolutions.com\/it\/#website\",\"url\":\"https:\/\/apgsolutions.com\/it\/\",\"name\":\"APG Solutions, LLC\",\"description\":\"Trust at every point.\",\"publisher\":{\"@id\":\"https:\/\/apgsolutions.com\/it\/#organization\"},\"potentialAction\":[{\"@type\":\"SearchAction\",\"target\":{\"@type\":\"EntryPoint\",\"urlTemplate\":\"https:\/\/apgsolutions.com\/it\/?s={search_term_string}\"},\"query-input\":{\"@type\":\"PropertyValueSpecification\",\"valueRequired\":true,\"valueName\":\"search_term_string\"}}],\"inLanguage\":\"it-IT\"},{\"@type\":\"Organization\",\"@id\":\"https:\/\/apgsolutions.com\/it\/#organization\",\"name\":\"APG Solution, LLC\",\"url\":\"https:\/\/apgsolutions.com\/it\/\",\"logo\":{\"@type\":\"ImageObject\",\"inLanguage\":\"it-IT\",\"@id\":\"https:\/\/apgsolutions.com\/it\/#\/schema\/logo\/image\/\",\"url\":\"https:\/\/apgsolutions.com\/wp-content\/uploads\/2023\/12\/logomark-color.svg\",\"contentUrl\":\"https:\/\/apgsolutions.com\/wp-content\/uploads\/2023\/12\/logomark-color.svg\",\"width\":141,\"height\":138,\"caption\":\"APG Solution, LLC\"},\"image\":{\"@id\":\"https:\/\/apgsolutions.com\/it\/#\/schema\/logo\/image\/\"},\"sameAs\":[\"https:\/\/www.facebook.com\/apgglobalsolutions\",\"https:\/\/x.com\/apg_solutions\",\"https:\/\/www.youtube.com\/c\/CashManagementGlobalSolutionsbyapg\",\"https:\/\/www.linkedin.com\/company\/apgglobalsolutions\/\",\"https:\/\/www.instagram.com\/apgglobalsolutions\/\",\"https:\/\/www.pinterest.com\/apgcashdrawer\/\"]}]}<\/script>\n<!-- \/ Yoast SEO Premium plugin. -->","yoast_head_json":{"title":"Legge sulla schiavit\u00f9 moderna","description":"Dichiarazione di APG sulla conformit\u00e0 al Modern Slavery Act. Impegno per pratiche etiche nelle catene di fornitura.","robots":{"index":"index","follow":"follow","max-snippet":"max-snippet:-1","max-image-preview":"max-image-preview:large","max-video-preview":"max-video-preview:-1"},"canonical":"https:\/\/apgsolutions.com\/it\/modern-slavery-act\/","og_locale":"it_IT","og_type":"article","og_title":"Legge sulla schiavit\u00f9 moderna","og_description":"Dichiarazione di APG sulla conformit\u00e0 al Modern Slavery Act. Impegno per pratiche etiche nelle catene di fornitura.","og_url":"https:\/\/apgsolutions.com\/it\/modern-slavery-act\/","og_site_name":"apg\u00ae Solutions","article_publisher":"https:\/\/www.facebook.com\/apgglobalsolutions","twitter_card":"summary_large_image","twitter_site":"@apg_solutions","twitter_misc":{"Tempo di lettura stimato":"1 minuto"},"schema":{"@context":"https:\/\/schema.org","@graph":[{"@type":"WebPage","@id":"https:\/\/apgsolutions.com\/it\/modern-slavery-act\/","url":"https:\/\/apgsolutions.com\/it\/modern-slavery-act\/","name":"Legge sulla schiavit\u00f9 moderna","isPartOf":{"@id":"https:\/\/apgsolutions.com\/it\/#website"},"datePublished":"2026-03-18T16:31:54+00:00","description":"Dichiarazione di APG sulla conformit\u00e0 al Modern Slavery Act. Impegno per pratiche etiche nelle catene di fornitura.","inLanguage":"it-IT","potentialAction":[{"@type":"ReadAction","target":["https:\/\/apgsolutions.com\/it\/modern-slavery-act\/"]}]},{"@type":"WebSite","@id":"https:\/\/apgsolutions.com\/it\/#website","url":"https:\/\/apgsolutions.com\/it\/","name":"APG Solutions, LLC","description":"Trust at every point.","publisher":{"@id":"https:\/\/apgsolutions.com\/it\/#organization"},"potentialAction":[{"@type":"SearchAction","target":{"@type":"EntryPoint","urlTemplate":"https:\/\/apgsolutions.com\/it\/?s={search_term_string}"},"query-input":{"@type":"PropertyValueSpecification","valueRequired":true,"valueName":"search_term_string"}}],"inLanguage":"it-IT"},{"@type":"Organization","@id":"https:\/\/apgsolutions.com\/it\/#organization","name":"APG Solution, LLC","url":"https:\/\/apgsolutions.com\/it\/","logo":{"@type":"ImageObject","inLanguage":"it-IT","@id":"https:\/\/apgsolutions.com\/it\/#\/schema\/logo\/image\/","url":"https:\/\/apgsolutions.com\/wp-content\/uploads\/2023\/12\/logomark-color.svg","contentUrl":"https:\/\/apgsolutions.com\/wp-content\/uploads\/2023\/12\/logomark-color.svg","width":141,"height":138,"caption":"APG Solution, LLC"},"image":{"@id":"https:\/\/apgsolutions.com\/it\/#\/schema\/logo\/image\/"},"sameAs":["https:\/\/www.facebook.com\/apgglobalsolutions","https:\/\/x.com\/apg_solutions","https:\/\/www.youtube.com\/c\/CashManagementGlobalSolutionsbyapg","https:\/\/www.linkedin.com\/company\/apgglobalsolutions\/","https:\/\/www.instagram.com\/apgglobalsolutions\/","https:\/\/www.pinterest.com\/apgcashdrawer\/"]}]}},"acf":[],"_links":{"self":[{"href":"https:\/\/apgsolutions.com\/it\/wp-json\/wp\/v2\/pages\/106621","targetHints":{"allow":["GET"]}}],"collection":[{"href":"https:\/\/apgsolutions.com\/it\/wp-json\/wp\/v2\/pages"}],"about":[{"href":"https:\/\/apgsolutions.com\/it\/wp-json\/wp\/v2\/types\/page"}],"author":[{"embeddable":true,"href":"https:\/\/apgsolutions.com\/it\/wp-json\/wp\/v2\/users\/4"}],"replies":[{"embeddable":true,"href":"https:\/\/apgsolutions.com\/it\/wp-json\/wp\/v2\/comments?post=106621"}],"version-history":[{"count":1,"href":"https:\/\/apgsolutions.com\/it\/wp-json\/wp\/v2\/pages\/106621\/revisions"}],"predecessor-version":[{"id":106623,"href":"https:\/\/apgsolutions.com\/it\/wp-json\/wp\/v2\/pages\/106621\/revisions\/106623"}],"wp:attachment":[{"href":"https:\/\/apgsolutions.com\/it\/wp-json\/wp\/v2\/media?parent=106621"}],"curies":[{"name":"wp","href":"https:\/\/api.w.org\/{rel}","templated":true}]}}