{"id":106640,"date":"2026-03-18T16:32:07","date_gmt":"2026-03-18T16:32:07","guid":{"rendered":"https:\/\/apgsolutions.com\/finding-pos-match-link-cash-drawer-connectivity-options-business-goals\/"},"modified":"2026-03-18T16:32:07","modified_gmt":"2026-03-18T16:32:07","slug":"finding-pos-match-link-cash-drawer-connectivity-options-business-goals","status":"publish","type":"page","link":"https:\/\/apgsolutions.com\/it\/finding-pos-match-link-cash-drawer-connectivity-options-business-goals\/","title":{"rendered":"Trovare l&#8217;abbinamento dei Pos: Collegare le opzioni di connettivit\u00e0 dei cassetti di cassa Obiettivi aziendali"},"content":{"rendered":"\n<h1 class=\"has-text-align-center wp-block-heading\" id=\"h-finding-your-pos-match-how-to-link-cash-drawer-and-connectivity\">Trovare il tuo Pos compatibile: Come collegare cassetto e connettivit\u00e0<\/h1>\n\n<p>Ora che le soluzioni per i punti vendita (POS) non devono pi\u00f9 dipendere dai PC per funzionare, le aziende hanno a disposizione un&#8217;ampia gamma di opzioni per configurare i loro sistemi. I rivenditori, i ristoratori e gli operatori del settore alberghiero e della ristorazione possono sfruttare i componenti IP standalone per scegliere la configurazione pi\u00f9 adatta ai loro obiettivi aziendali e alle esigenze dei clienti. <\/p>\n\n<h2 class=\"wp-block-heading\" id=\"h-english\">Inglese<\/h2>\n\n<p><a href=\"\/wp-content\/uploads\/2023\/05\/APG_whitepaper_POS_Match-How-to-Link-Cash-Drawer-and-Connectivity-Options-to-Business-Goals.pdf\">Trova il tuo POS ideale: Come collegare le opzioni di cassetto e connettivit\u00e0 agli obiettivi aziendali<\/a><br\/><a href=\"https:\/\/apgsolutions.com\/wp-content\/uploads\/2023\/05\/APG_whitepaper_POS_Match_ISV-Rev2.pdf\">Non dimenticare i contanti: I cassetti per il contante sono essenziali per lo sviluppo e la configurazione delle soluzioni POS<\/a><br\/><a href=\"https:\/\/apgsolutions.com\/wp-content\/uploads\/2023\/05\/Finding-Your-POS-Match-Addressing-Security-and-Connectivity-with-Cash-Drawer-Configuration-Options_FINAL.pdf\">Trovare il tuo POS adatto: Come affrontare la sicurezza e la connettivit\u00e0 con le opzioni di configurazione dei cassetti per il contante<\/a><\/p>\n\n<h2 class=\"wp-block-heading\" id=\"h-fran-ais\">Fran\u00e7ais<\/h2>\n\n<p>Da quando \u00e8 stato confermato un nuovo approccio al punto vendita (POS) pi\u00f9 leggero, le soluzioni di punto vendita non necessitano pi\u00f9 di un PC per funzionare. A seconda della configurazione del sistema, il nuovo modello di POS pu\u00f2 utilizzare parti di client leggeri come tablettes, portables e tiroirs-caisses compatibili IP per apportare souplesse e commodit\u00e0 d&#8217;uso alle transazioni in negozio. <\/p>\n\n<p><a href=\"\/wp-content\/uploads\/2023\/05\/FR-4-APG_whitepaper_POS_Match-How-to-Link-Cash-Drawer-and-Connectivity-Options-to-Business-Goals-FR.pdf\">TROVARE UN POS ADEGUATO: come utilizzare le opzioni di cassa registrata e di connettivit\u00e0 con gli obiettivi dell&#8217;azienda<\/a><br\/><a href=\"https:\/\/apgsolutions.com\/wp-content\/uploads\/2023\/05\/FR-1-ISV_Dont-Forget-the-Cash-FR.pdf\">Non dimenticarti di usare i dispositivi di sicurezza: i tiri a vuoto sono indispensabili per lo sviluppo e la configurazione delle soluzioni POS.<\/a><br\/><a href=\"https:\/\/apgsolutions.com\/wp-content\/uploads\/2023\/05\/FR-2-Finding-Your-POS-Match-Addressing-Security-Connectivity-Configuration-Options-FR.pdf\">TROVARE UN POS ADEGUATO: Rispondere ai problemi di sicurezza e di connettivit\u00e0 con le opzioni di configurazione Cash Drawer<\/a><\/p>\n\n<h2 class=\"wp-block-heading\" id=\"h-deutsch\">Deutsch<\/h2>\n\n<p>Da oggi, dato che gli sportelli di cassa (POS) per la vendita non sono pi\u00f9 collegati ai PC, i commercianti hanno a disposizione una vasta gamma di prodotti da scegliere, che possono essere utilizzati per l&#8217;installazione dei loro sistemi. Gli imprenditori, i gastronomi e i ristoratori possono sfruttare i vantaggi dei componenti IP autosufficienti per capire quale sia la configurazione migliore per le loro attivit\u00e0 e per i loro clienti. <\/p>\n\n<p><a href=\"\/wp-content\/uploads\/2023\/05\/DE-APG_whitepaper_POS_Match-How-to-Link-Cash-Drawer-and-Connectivity-Options-to-Business-Goals-DE.pdf\">DIE SUCHE NACH DEM PASSENDEN: Come si legano le Kassenschublade e le Opzioni di Anschluss con i Gesch\u00e4ftszielen<\/a><br\/><a href=\"https:\/\/apgsolutions.com\/wp-content\/uploads\/2023\/05\/DE-1-ISV_Dont-Forget-the-Cash-DE.pdf\">VERGESSEN SIE NICHT DAS BARGELD: le Kassenschubladen sono un fattore importante per lo sviluppo e la configurazione delle soluzioni POS.<\/a><br\/><a href=\"https:\/\/apgsolutions.com\/wp-content\/uploads\/2023\/05\/DE-Finding-Your-POS-Match-Addressing-Security-and-Connectivity-with-Cash-Drawer-Configuration-Options-DE.pdf\">DIE SUCHE NACH DEM PASSENDEN POS-SYSTEM: Auseinandersetzung mit Sicherheit und Anschluss, sowie Konfigurationsoptionen von Kassenschubladen<\/a><\/p>\n\n<p><\/p>\n","protected":false},"excerpt":{"rendered":"<p>Trovare il tuo Pos compatibile: Come collegare cassetto e connettivit\u00e0 Ora che le soluzioni per i punti vendita (POS) non devono pi\u00f9 dipendere dai PC per funzionare, le aziende hanno a disposizione un&#8217;ampia gamma di opzioni per configurare i loro sistemi. I rivenditori, i ristoratori e gli operatori del settore alberghiero e della ristorazione possono [&hellip;]<\/p>\n","protected":false},"author":4,"featured_media":0,"parent":0,"menu_order":0,"comment_status":"closed","ping_status":"closed","template":"","meta":{"_acf_changed":false,"content-type":"","footnotes":""},"class_list":["post-106640","page","type-page","status-publish"],"yoast_head":"<!-- This site is optimized with the Yoast SEO Premium plugin v23.5 (Yoast SEO v27.2) - https:\/\/yoast.com\/product\/yoast-seo-premium-wordpress\/ -->\n<title>Trovare l&#039;abbinamento dei Pos: Collegare le opzioni di connettivit\u00e0 dei cassetti di cassa Obiettivi aziendali<\/title>\n<meta name=\"description\" content=\"Scopri come adattare la connettivit\u00e0 dei cassetti di cassa alle esigenze aziendali. Esplora le opzioni dei moderni sistemi POS.\" \/>\n<meta name=\"robots\" content=\"index, follow, max-snippet:-1, max-image-preview:large, max-video-preview:-1\" \/>\n<link rel=\"canonical\" href=\"https:\/\/apgsolutions.com\/it\/finding-pos-match-link-cash-drawer-connectivity-options-business-goals\/\" \/>\n<meta property=\"og:locale\" content=\"it_IT\" \/>\n<meta property=\"og:type\" content=\"article\" \/>\n<meta property=\"og:title\" content=\"Trovare l&#039;abbinamento dei Pos: Collegare le opzioni di connettivit\u00e0 dei cassetti di cassa Obiettivi aziendali\" \/>\n<meta property=\"og:description\" content=\"Scopri come adattare la connettivit\u00e0 dei cassetti di cassa alle esigenze aziendali. Esplora le opzioni dei moderni sistemi POS.\" \/>\n<meta property=\"og:url\" content=\"https:\/\/apgsolutions.com\/it\/finding-pos-match-link-cash-drawer-connectivity-options-business-goals\/\" \/>\n<meta property=\"og:site_name\" content=\"apg\u00ae Solutions\" \/>\n<meta property=\"article:publisher\" content=\"https:\/\/www.facebook.com\/apgglobalsolutions\" \/>\n<meta name=\"twitter:card\" content=\"summary_large_image\" \/>\n<meta name=\"twitter:site\" content=\"@apg_solutions\" \/>\n<meta name=\"twitter:label1\" content=\"Tempo di lettura stimato\" \/>\n\t<meta name=\"twitter:data1\" content=\"2 minuti\" \/>\n<script type=\"application\/ld+json\" class=\"yoast-schema-graph\">{\"@context\":\"https:\/\/schema.org\",\"@graph\":[{\"@type\":\"WebPage\",\"@id\":\"https:\/\/apgsolutions.com\/it\/finding-pos-match-link-cash-drawer-connectivity-options-business-goals\/\",\"url\":\"https:\/\/apgsolutions.com\/it\/finding-pos-match-link-cash-drawer-connectivity-options-business-goals\/\",\"name\":\"Trovare l'abbinamento dei Pos: Collegare le opzioni di connettivit\u00e0 dei cassetti di cassa Obiettivi aziendali\",\"isPartOf\":{\"@id\":\"https:\/\/apgsolutions.com\/it\/#website\"},\"datePublished\":\"2026-03-18T16:32:07+00:00\",\"description\":\"Scopri come adattare la connettivit\u00e0 dei cassetti di cassa alle esigenze aziendali. Esplora le opzioni dei moderni sistemi POS.\",\"inLanguage\":\"it-IT\",\"potentialAction\":[{\"@type\":\"ReadAction\",\"target\":[\"https:\/\/apgsolutions.com\/it\/finding-pos-match-link-cash-drawer-connectivity-options-business-goals\/\"]}]},{\"@type\":\"WebSite\",\"@id\":\"https:\/\/apgsolutions.com\/it\/#website\",\"url\":\"https:\/\/apgsolutions.com\/it\/\",\"name\":\"APG Solutions, LLC\",\"description\":\"Trust at every point.\",\"publisher\":{\"@id\":\"https:\/\/apgsolutions.com\/it\/#organization\"},\"potentialAction\":[{\"@type\":\"SearchAction\",\"target\":{\"@type\":\"EntryPoint\",\"urlTemplate\":\"https:\/\/apgsolutions.com\/it\/?s={search_term_string}\"},\"query-input\":{\"@type\":\"PropertyValueSpecification\",\"valueRequired\":true,\"valueName\":\"search_term_string\"}}],\"inLanguage\":\"it-IT\"},{\"@type\":\"Organization\",\"@id\":\"https:\/\/apgsolutions.com\/it\/#organization\",\"name\":\"APG Solution, LLC\",\"url\":\"https:\/\/apgsolutions.com\/it\/\",\"logo\":{\"@type\":\"ImageObject\",\"inLanguage\":\"it-IT\",\"@id\":\"https:\/\/apgsolutions.com\/it\/#\/schema\/logo\/image\/\",\"url\":\"https:\/\/apgsolutions.com\/wp-content\/uploads\/2023\/12\/logomark-color.svg\",\"contentUrl\":\"https:\/\/apgsolutions.com\/wp-content\/uploads\/2023\/12\/logomark-color.svg\",\"width\":141,\"height\":138,\"caption\":\"APG Solution, LLC\"},\"image\":{\"@id\":\"https:\/\/apgsolutions.com\/it\/#\/schema\/logo\/image\/\"},\"sameAs\":[\"https:\/\/www.facebook.com\/apgglobalsolutions\",\"https:\/\/x.com\/apg_solutions\",\"https:\/\/www.youtube.com\/c\/CashManagementGlobalSolutionsbyapg\",\"https:\/\/www.linkedin.com\/company\/apgglobalsolutions\/\",\"https:\/\/www.instagram.com\/apgglobalsolutions\/\",\"https:\/\/www.pinterest.com\/apgcashdrawer\/\"]}]}<\/script>\n<!-- \/ Yoast SEO Premium plugin. -->","yoast_head_json":{"title":"Trovare l'abbinamento dei Pos: Collegare le opzioni di connettivit\u00e0 dei cassetti di cassa Obiettivi aziendali","description":"Scopri come adattare la connettivit\u00e0 dei cassetti di cassa alle esigenze aziendali. Esplora le opzioni dei moderni sistemi POS.","robots":{"index":"index","follow":"follow","max-snippet":"max-snippet:-1","max-image-preview":"max-image-preview:large","max-video-preview":"max-video-preview:-1"},"canonical":"https:\/\/apgsolutions.com\/it\/finding-pos-match-link-cash-drawer-connectivity-options-business-goals\/","og_locale":"it_IT","og_type":"article","og_title":"Trovare l'abbinamento dei Pos: Collegare le opzioni di connettivit\u00e0 dei cassetti di cassa Obiettivi aziendali","og_description":"Scopri come adattare la connettivit\u00e0 dei cassetti di cassa alle esigenze aziendali. Esplora le opzioni dei moderni sistemi POS.","og_url":"https:\/\/apgsolutions.com\/it\/finding-pos-match-link-cash-drawer-connectivity-options-business-goals\/","og_site_name":"apg\u00ae Solutions","article_publisher":"https:\/\/www.facebook.com\/apgglobalsolutions","twitter_card":"summary_large_image","twitter_site":"@apg_solutions","twitter_misc":{"Tempo di lettura stimato":"2 minuti"},"schema":{"@context":"https:\/\/schema.org","@graph":[{"@type":"WebPage","@id":"https:\/\/apgsolutions.com\/it\/finding-pos-match-link-cash-drawer-connectivity-options-business-goals\/","url":"https:\/\/apgsolutions.com\/it\/finding-pos-match-link-cash-drawer-connectivity-options-business-goals\/","name":"Trovare l'abbinamento dei Pos: Collegare le opzioni di connettivit\u00e0 dei cassetti di cassa Obiettivi aziendali","isPartOf":{"@id":"https:\/\/apgsolutions.com\/it\/#website"},"datePublished":"2026-03-18T16:32:07+00:00","description":"Scopri come adattare la connettivit\u00e0 dei cassetti di cassa alle esigenze aziendali. Esplora le opzioni dei moderni sistemi POS.","inLanguage":"it-IT","potentialAction":[{"@type":"ReadAction","target":["https:\/\/apgsolutions.com\/it\/finding-pos-match-link-cash-drawer-connectivity-options-business-goals\/"]}]},{"@type":"WebSite","@id":"https:\/\/apgsolutions.com\/it\/#website","url":"https:\/\/apgsolutions.com\/it\/","name":"APG Solutions, LLC","description":"Trust at every point.","publisher":{"@id":"https:\/\/apgsolutions.com\/it\/#organization"},"potentialAction":[{"@type":"SearchAction","target":{"@type":"EntryPoint","urlTemplate":"https:\/\/apgsolutions.com\/it\/?s={search_term_string}"},"query-input":{"@type":"PropertyValueSpecification","valueRequired":true,"valueName":"search_term_string"}}],"inLanguage":"it-IT"},{"@type":"Organization","@id":"https:\/\/apgsolutions.com\/it\/#organization","name":"APG Solution, LLC","url":"https:\/\/apgsolutions.com\/it\/","logo":{"@type":"ImageObject","inLanguage":"it-IT","@id":"https:\/\/apgsolutions.com\/it\/#\/schema\/logo\/image\/","url":"https:\/\/apgsolutions.com\/wp-content\/uploads\/2023\/12\/logomark-color.svg","contentUrl":"https:\/\/apgsolutions.com\/wp-content\/uploads\/2023\/12\/logomark-color.svg","width":141,"height":138,"caption":"APG Solution, LLC"},"image":{"@id":"https:\/\/apgsolutions.com\/it\/#\/schema\/logo\/image\/"},"sameAs":["https:\/\/www.facebook.com\/apgglobalsolutions","https:\/\/x.com\/apg_solutions","https:\/\/www.youtube.com\/c\/CashManagementGlobalSolutionsbyapg","https:\/\/www.linkedin.com\/company\/apgglobalsolutions\/","https:\/\/www.instagram.com\/apgglobalsolutions\/","https:\/\/www.pinterest.com\/apgcashdrawer\/"]}]}},"acf":[],"_links":{"self":[{"href":"https:\/\/apgsolutions.com\/it\/wp-json\/wp\/v2\/pages\/106640","targetHints":{"allow":["GET"]}}],"collection":[{"href":"https:\/\/apgsolutions.com\/it\/wp-json\/wp\/v2\/pages"}],"about":[{"href":"https:\/\/apgsolutions.com\/it\/wp-json\/wp\/v2\/types\/page"}],"author":[{"embeddable":true,"href":"https:\/\/apgsolutions.com\/it\/wp-json\/wp\/v2\/users\/4"}],"replies":[{"embeddable":true,"href":"https:\/\/apgsolutions.com\/it\/wp-json\/wp\/v2\/comments?post=106640"}],"version-history":[{"count":1,"href":"https:\/\/apgsolutions.com\/it\/wp-json\/wp\/v2\/pages\/106640\/revisions"}],"predecessor-version":[{"id":106641,"href":"https:\/\/apgsolutions.com\/it\/wp-json\/wp\/v2\/pages\/106640\/revisions\/106641"}],"wp:attachment":[{"href":"https:\/\/apgsolutions.com\/it\/wp-json\/wp\/v2\/media?parent=106640"}],"curies":[{"name":"wp","href":"https:\/\/api.w.org\/{rel}","templated":true}]}}