{"id":106652,"date":"2026-03-18T16:32:19","date_gmt":"2026-03-18T16:32:19","guid":{"rendered":"https:\/\/apgsolutions.com\/cash-transactions-mobile-world-download\/"},"modified":"2026-03-18T16:32:19","modified_gmt":"2026-03-18T16:32:19","slug":"cash-transactions-mobile-world-download","status":"publish","type":"page","link":"https:\/\/apgsolutions.com\/it\/cash-transactions-mobile-world-download\/","title":{"rendered":"Transazioni di cassa Mobile World Download"},"content":{"rendered":"<div class=\"section_page-header \">\n    <img decoding=\"async\" class=\"header-image\" src=\"https:\/\/apgsolutions.com\/wp-content\/uploads\/2023\/05\/GettyImages-184405133-1-1.jpg\" alt=\"GettyImages-184405133-1-1\" title=\"GettyImages-184405133-1-1\">\n            <div class=\"header-content\">\n            <h1>Cash Transactions Mobile World Download<\/h1>\n        <\/div>\n    <\/div>\n<h2 class=\"wp-block-heading has-text-align-center has-x-large-font-size\" id=\"h-cash-transactions-in-a-mobile-world-download\">Le transazioni in contanti in un mondo mobile Download<\/h2>\n\n<p>L&#8217;introduzione delle soluzioni mPOS per i punti vendita ha fatto s\u00ec che i rivenditori di tutto il mondo cambiassero il modo di effettuare il check-out dei clienti. Che si tratti di un Thin Client, di una soluzione basata sul cloud o di una soluzione da aggiungere a un&#8217;installazione POS esistente, APG ha la soluzione di connettivit\u00e0 con una suite di interfacce ampliata. Scarica i nostri white paper per saperne di pi\u00f9 sulle transazioni mobili e sulle soluzioni POS per aiutare la tua attivit\u00e0 a prosperare nel 2018.  <\/p>\n\n<h2 class=\"wp-block-heading\" id=\"h-english\">Inglese<\/h2>\n\n<p><a href=\"\/wp-content\/uploads\/2023\/05\/APG_whitepaper_dealer.pdf\">Transazioni di cassa in un mondo mobile (versione per rivenditori)<\/a><br\/><a href=\"https:\/\/apgsolutions.com\/wp-content\/uploads\/2023\/05\/APG_whitepaper_ISV.pdf\">Transazioni di cassa nel mondo mobile (versione ISV)<\/a><br\/><a href=\"https:\/\/apgsolutions.com\/wp-content\/uploads\/2023\/05\/APG_whitepaper_technical.pdf\">Transazioni di cassa in un mondo mobile (Versione tecnica)<\/a><\/p>\n\n<p><\/p>\n\n<h2 class=\"wp-block-heading\" id=\"h-francais\">Fran\u00e7ais<\/h2>\n\n<p>L&#8217;introduzione di una soluzione mPOS per i punti vendita ha avuto un impatto negativo su tutto il mondo e ha cambiato il modo in cui i clienti effettuano il check-out. Che si tratti di un cliente pi\u00f9 grande, basato sul cloud, o di un boulon sulla soluzione per un&#8217;installazione di POS esistente, APG offre una soluzione di connettivit\u00e0 con una suite di interfacce pi\u00f9 ampia. Scarica i nostri libri in bianco per saperne di pi\u00f9 sulle transazioni mobili e sulle soluzioni per i punti vendita per aiutare la tua azienda a prosperare nel 2018.  <\/p>\n\n<p><a href=\"\/wp-content\/uploads\/2023\/05\/APG_whitepaper_dealer-Fr1-French.pdf\">Operazioni di Cassa in un mondo mobile (Punto di vista del concessionario: Vista d&#8217;insieme)<\/a><br\/><a href=\"https:\/\/apgsolutions.com\/wp-content\/uploads\/2023\/05\/APG_whitepaper_ISV-French.pdf\">Operazioni di Cassa in un mondo mobile (editori di prodotti logistici indipendenti: Vue d&#8217;ensemble)<\/a><br\/><a href=\"https:\/\/apgsolutions.com\/wp-content\/uploads\/2023\/05\/APG_whitepaper_technical-Fr-French.pdf\">Operazioni di Cassa in un mondo mobile (Vue D&#8217;ensemble Technique)<\/a><\/p>\n\n<p><\/p>\n\n<h2 class=\"wp-block-heading\" id=\"h-deutsch\">Deutsch<\/h2>\n\n<p>L&#8217;introduzione di soluzioni per il punto vendita mPOS ha reso pi\u00f9 sicuro il mondo intero per quanto riguarda il check-out dei clienti. Che si tratti di un Thin Client, di una soluzione basata sul Cloud o di una soluzione pi\u00f9 complessa per un&#8217;installazione POS di alto livello, la soluzione di connettivit\u00e0 APG \u00e8 dotata di un&#8217;innovativa suite di strumenti. Consulta il nostro Whitepaper, per saperne di pi\u00f9 sulle transazioni mobili e sulle soluzioni POS, e per migliorare il tuo business nel 2018.  <\/p>\n\n<p><a href=\"\/wp-content\/uploads\/2023\/05\/APG_whitepaper_dealer-DE-German.pdf\">Transazioni di denaro contante in un mondo mobile (Versione H\u00e4ndler)<\/a><br\/><a href=\"https:\/\/apgsolutions.com\/wp-content\/uploads\/2023\/05\/APG_whitepaper_ISV-German.pdf\">Transazioni di cassa in un mondo mobile (Versione per i venditori)<\/a><br\/><a href=\"https:\/\/apgsolutions.com\/wp-content\/uploads\/2023\/05\/APG_whitepaper_technical-DE-German.pdf\">Operazioni di cassa in un mondo mobile (Versione tecnica)<\/a><\/p>\n\n<p><\/p>\n","protected":false},"excerpt":{"rendered":"<p>Le transazioni in contanti in un mondo mobile Download L&#8217;introduzione delle soluzioni mPOS per i punti vendita ha fatto s\u00ec che i rivenditori di tutto il mondo cambiassero il modo di effettuare il check-out dei clienti. Che si tratti di un Thin Client, di una soluzione basata sul cloud o di una soluzione da aggiungere [&hellip;]<\/p>\n","protected":false},"author":4,"featured_media":0,"parent":0,"menu_order":0,"comment_status":"closed","ping_status":"closed","template":"","meta":{"_acf_changed":false,"content-type":"","footnotes":""},"class_list":["post-106652","page","type-page","status-publish"],"yoast_head":"<!-- This site is optimized with the Yoast SEO Premium plugin v23.5 (Yoast SEO v27.2) - https:\/\/yoast.com\/product\/yoast-seo-premium-wordpress\/ -->\n<title>Transazioni di cassa Mobile World Download<\/title>\n<meta name=\"description\" content=\"Accedi agli approfondimenti sulla gestione del contante negli ambienti POS mobili. Scarica le guide per le soluzioni retail integrate.\" \/>\n<meta name=\"robots\" content=\"index, follow, max-snippet:-1, max-image-preview:large, max-video-preview:-1\" \/>\n<link rel=\"canonical\" href=\"https:\/\/apgsolutions.com\/it\/cash-transactions-mobile-world-download\/\" \/>\n<meta property=\"og:locale\" content=\"it_IT\" \/>\n<meta property=\"og:type\" content=\"article\" \/>\n<meta property=\"og:title\" content=\"Transazioni di cassa Mobile World Download\" \/>\n<meta property=\"og:description\" content=\"Accedi agli approfondimenti sulla gestione del contante negli ambienti POS mobili. Scarica le guide per le soluzioni retail integrate.\" \/>\n<meta property=\"og:url\" content=\"https:\/\/apgsolutions.com\/it\/cash-transactions-mobile-world-download\/\" \/>\n<meta property=\"og:site_name\" content=\"apg\u00ae Solutions\" \/>\n<meta property=\"article:publisher\" content=\"https:\/\/www.facebook.com\/apgglobalsolutions\" \/>\n<meta name=\"twitter:card\" content=\"summary_large_image\" \/>\n<meta name=\"twitter:site\" content=\"@apg_solutions\" \/>\n<meta name=\"twitter:label1\" content=\"Tempo di lettura stimato\" \/>\n\t<meta name=\"twitter:data1\" content=\"2 minuti\" \/>\n<script type=\"application\/ld+json\" class=\"yoast-schema-graph\">{\"@context\":\"https:\/\/schema.org\",\"@graph\":[{\"@type\":\"WebPage\",\"@id\":\"https:\/\/apgsolutions.com\/it\/cash-transactions-mobile-world-download\/\",\"url\":\"https:\/\/apgsolutions.com\/it\/cash-transactions-mobile-world-download\/\",\"name\":\"Transazioni di cassa Mobile World Download\",\"isPartOf\":{\"@id\":\"https:\/\/apgsolutions.com\/it\/#website\"},\"datePublished\":\"2026-03-18T16:32:19+00:00\",\"description\":\"Accedi agli approfondimenti sulla gestione del contante negli ambienti POS mobili. Scarica le guide per le soluzioni retail integrate.\",\"inLanguage\":\"it-IT\",\"potentialAction\":[{\"@type\":\"ReadAction\",\"target\":[\"https:\/\/apgsolutions.com\/it\/cash-transactions-mobile-world-download\/\"]}]},{\"@type\":\"WebSite\",\"@id\":\"https:\/\/apgsolutions.com\/it\/#website\",\"url\":\"https:\/\/apgsolutions.com\/it\/\",\"name\":\"APG Solutions, LLC\",\"description\":\"Trust at every point.\",\"publisher\":{\"@id\":\"https:\/\/apgsolutions.com\/it\/#organization\"},\"potentialAction\":[{\"@type\":\"SearchAction\",\"target\":{\"@type\":\"EntryPoint\",\"urlTemplate\":\"https:\/\/apgsolutions.com\/it\/?s={search_term_string}\"},\"query-input\":{\"@type\":\"PropertyValueSpecification\",\"valueRequired\":true,\"valueName\":\"search_term_string\"}}],\"inLanguage\":\"it-IT\"},{\"@type\":\"Organization\",\"@id\":\"https:\/\/apgsolutions.com\/it\/#organization\",\"name\":\"APG Solution, LLC\",\"url\":\"https:\/\/apgsolutions.com\/it\/\",\"logo\":{\"@type\":\"ImageObject\",\"inLanguage\":\"it-IT\",\"@id\":\"https:\/\/apgsolutions.com\/it\/#\/schema\/logo\/image\/\",\"url\":\"https:\/\/apgsolutions.com\/wp-content\/uploads\/2023\/12\/logomark-color.svg\",\"contentUrl\":\"https:\/\/apgsolutions.com\/wp-content\/uploads\/2023\/12\/logomark-color.svg\",\"width\":141,\"height\":138,\"caption\":\"APG Solution, LLC\"},\"image\":{\"@id\":\"https:\/\/apgsolutions.com\/it\/#\/schema\/logo\/image\/\"},\"sameAs\":[\"https:\/\/www.facebook.com\/apgglobalsolutions\",\"https:\/\/x.com\/apg_solutions\",\"https:\/\/www.youtube.com\/c\/CashManagementGlobalSolutionsbyapg\",\"https:\/\/www.linkedin.com\/company\/apgglobalsolutions\/\",\"https:\/\/www.instagram.com\/apgglobalsolutions\/\",\"https:\/\/www.pinterest.com\/apgcashdrawer\/\"]}]}<\/script>\n<!-- \/ Yoast SEO Premium plugin. -->","yoast_head_json":{"title":"Transazioni di cassa Mobile World Download","description":"Accedi agli approfondimenti sulla gestione del contante negli ambienti POS mobili. Scarica le guide per le soluzioni retail integrate.","robots":{"index":"index","follow":"follow","max-snippet":"max-snippet:-1","max-image-preview":"max-image-preview:large","max-video-preview":"max-video-preview:-1"},"canonical":"https:\/\/apgsolutions.com\/it\/cash-transactions-mobile-world-download\/","og_locale":"it_IT","og_type":"article","og_title":"Transazioni di cassa Mobile World Download","og_description":"Accedi agli approfondimenti sulla gestione del contante negli ambienti POS mobili. Scarica le guide per le soluzioni retail integrate.","og_url":"https:\/\/apgsolutions.com\/it\/cash-transactions-mobile-world-download\/","og_site_name":"apg\u00ae Solutions","article_publisher":"https:\/\/www.facebook.com\/apgglobalsolutions","twitter_card":"summary_large_image","twitter_site":"@apg_solutions","twitter_misc":{"Tempo di lettura stimato":"2 minuti"},"schema":{"@context":"https:\/\/schema.org","@graph":[{"@type":"WebPage","@id":"https:\/\/apgsolutions.com\/it\/cash-transactions-mobile-world-download\/","url":"https:\/\/apgsolutions.com\/it\/cash-transactions-mobile-world-download\/","name":"Transazioni di cassa Mobile World Download","isPartOf":{"@id":"https:\/\/apgsolutions.com\/it\/#website"},"datePublished":"2026-03-18T16:32:19+00:00","description":"Accedi agli approfondimenti sulla gestione del contante negli ambienti POS mobili. Scarica le guide per le soluzioni retail integrate.","inLanguage":"it-IT","potentialAction":[{"@type":"ReadAction","target":["https:\/\/apgsolutions.com\/it\/cash-transactions-mobile-world-download\/"]}]},{"@type":"WebSite","@id":"https:\/\/apgsolutions.com\/it\/#website","url":"https:\/\/apgsolutions.com\/it\/","name":"APG Solutions, LLC","description":"Trust at every point.","publisher":{"@id":"https:\/\/apgsolutions.com\/it\/#organization"},"potentialAction":[{"@type":"SearchAction","target":{"@type":"EntryPoint","urlTemplate":"https:\/\/apgsolutions.com\/it\/?s={search_term_string}"},"query-input":{"@type":"PropertyValueSpecification","valueRequired":true,"valueName":"search_term_string"}}],"inLanguage":"it-IT"},{"@type":"Organization","@id":"https:\/\/apgsolutions.com\/it\/#organization","name":"APG Solution, LLC","url":"https:\/\/apgsolutions.com\/it\/","logo":{"@type":"ImageObject","inLanguage":"it-IT","@id":"https:\/\/apgsolutions.com\/it\/#\/schema\/logo\/image\/","url":"https:\/\/apgsolutions.com\/wp-content\/uploads\/2023\/12\/logomark-color.svg","contentUrl":"https:\/\/apgsolutions.com\/wp-content\/uploads\/2023\/12\/logomark-color.svg","width":141,"height":138,"caption":"APG Solution, LLC"},"image":{"@id":"https:\/\/apgsolutions.com\/it\/#\/schema\/logo\/image\/"},"sameAs":["https:\/\/www.facebook.com\/apgglobalsolutions","https:\/\/x.com\/apg_solutions","https:\/\/www.youtube.com\/c\/CashManagementGlobalSolutionsbyapg","https:\/\/www.linkedin.com\/company\/apgglobalsolutions\/","https:\/\/www.instagram.com\/apgglobalsolutions\/","https:\/\/www.pinterest.com\/apgcashdrawer\/"]}]}},"acf":[],"_links":{"self":[{"href":"https:\/\/apgsolutions.com\/it\/wp-json\/wp\/v2\/pages\/106652","targetHints":{"allow":["GET"]}}],"collection":[{"href":"https:\/\/apgsolutions.com\/it\/wp-json\/wp\/v2\/pages"}],"about":[{"href":"https:\/\/apgsolutions.com\/it\/wp-json\/wp\/v2\/types\/page"}],"author":[{"embeddable":true,"href":"https:\/\/apgsolutions.com\/it\/wp-json\/wp\/v2\/users\/4"}],"replies":[{"embeddable":true,"href":"https:\/\/apgsolutions.com\/it\/wp-json\/wp\/v2\/comments?post=106652"}],"version-history":[{"count":1,"href":"https:\/\/apgsolutions.com\/it\/wp-json\/wp\/v2\/pages\/106652\/revisions"}],"predecessor-version":[{"id":106654,"href":"https:\/\/apgsolutions.com\/it\/wp-json\/wp\/v2\/pages\/106652\/revisions\/106654"}],"wp:attachment":[{"href":"https:\/\/apgsolutions.com\/it\/wp-json\/wp\/v2\/media?parent=106652"}],"curies":[{"name":"wp","href":"https:\/\/api.w.org\/{rel}","templated":true}]}}