{"id":106657,"date":"2026-03-18T16:32:20","date_gmt":"2026-03-18T16:32:20","guid":{"rendered":"https:\/\/apgsolutions.com\/squirrel-systems-cash-drawer-solutions\/"},"modified":"2026-03-18T16:32:21","modified_gmt":"2026-03-18T16:32:21","slug":"squirrel-systems-cash-drawer-solutions","status":"publish","type":"page","link":"https:\/\/apgsolutions.com\/it\/squirrel-systems-cash-drawer-solutions\/","title":{"rendered":"Soluzioni per cassetti di cassa Squirrel Systems"},"content":{"rendered":"<div class=\"section_page-header \">\n    <img decoding=\"async\" class=\"header-image\" src=\"https:\/\/apgsolutions.com\/wp-content\/uploads\/2023\/04\/dark-blue-rotated.jpg\" alt=\"dark-blue\" title=\"dark-blue\">\n            <div class=\"header-content\">\n            <h1>Squirrel Systems Cash Drawer Solutions<\/h1>\n        <\/div>\n    <\/div><div class=\"wp-block-image\">\n<figure class=\"aligncenter size-full\"><img fetchpriority=\"high\" decoding=\"async\" width=\"300\" height=\"180\" src=\"https:\/\/apgsolutions.com\/wp-content\/uploads\/2023\/05\/squirrel-systems-logo-300x180-1.png\" alt=\"logo dei sistemi scoiattolo\" class=\"wp-image-3282\"\/><\/figure>\n<\/div>\n<p>APG offre un&#8217;ampia gamma di cassetti per contanti per tutti i tipi di ambienti POS. Squirrel Systems e APG hanno una lunga storia di collaborazione per fornire una soluzione hardware POS robusta con un basso costo totale di propriet\u00e0. Per saperne di pi\u00f9, visita il sito <a href=\"https:\/\/apgsolutions.com\/it\/\">www.cashdrawer.com.<\/a>  <\/p>\n\n<h2 class=\"wp-block-heading has-text-align-center\" id=\"h-series-100-cash-drawer\">Cassetto Serie 100<\/h2>\n\n<h3 class=\"wp-block-heading\">Una soluzione efficiente che aumenta l&#8217;efficacia della tua postazione di lavoro.<\/h3>\n\n<p>Di dimensioni ridotte, il cassetto portadenaro APG Serie 100 non compromette l&#8217;efficienza. Anzi, la migliora, aumentando l&#8217;efficacia della tua postazione di lavoro.  Progettata attorno a una cassa di dimensioni standard, l&#8217;ingombro ridotto della Serie 100 riduce al minimo lo spazio necessario sul bancone. Il profondo scomparto sotto la cassa consente di riporre rotoli di monete e valuta confezionata. Un divisorio regolabile per i supporti separa e organizza i diversi tipi di supporti.  <\/p>\n\n<p>Grazie alle sue caratteristiche, come le guide a sfera in acciaio e il robusto meccanismo di chiusura, la Serie 100 \u00e8 stata testata per oltre 4 milioni di cicli. Il design resistente della cassa e la finitura a polvere resiste anche negli ambienti pi\u00f9 difficili. Le opzioni di dimensione, colore, interfaccia, accessori e configurazione completano la soluzione Serie 100.  <\/p>\n\n<p><strong>Scarica il PDF:<\/strong><\/p>\n\n<p><a href=\"\/wp-content\/uploads\/2023\/05\/M-43-001-Rev.-I-Series-100-English_WEB-1.pdf\">Opuscolo Serie 100<\/a><br\/><a href=\"\/wp-content\/uploads\/2023\/05\/M-423_RevA.pdf\">Istruzioni per l&#8217;uso e la manutenzione della Serie 100<\/a><br\/><a href=\"\/wp-content\/uploads\/2023\/04\/M-43-021-Rev.-M-Performance-Accessories-Guide_WEB.pdf\">Guida agli accessori per le prestazioni<\/a><br\/><a href=\"\/wp-content\/uploads\/2023\/04\/M-43-118-Rev.-E-Coin-Cups_web.pdf\">Opuscolo sulle tazze per monete pesabili<\/a><\/p>\n\n<h2 class=\"wp-block-heading has-text-align-center\" id=\"h-vasario-cash-drawer\">Cassetto portavalori Vasario<\/h2>\n\n<h3 class=\"wp-block-heading\">La soluzione perfetta per le applicazioni che possono essere affrontate con un cassetto portavalori standard.<\/h3>\n\n<p>La serie Vasario \u00e8 la scelta economica che non rinuncia alla qualit\u00e0 e all&#8217;affidabilit\u00e0. Ogni membro della famiglia di cassetti per contanti Vasario ha un prezzo competitivo e include funzioni, come le serrature multifunzione e la segnalazione dello stato del cassetto, che si trovano in cassetti per contanti pi\u00f9 costosi. Sono disponibili diversi modelli con un&#8217;ampia gamma di opzioni di dimensioni, stile, colore, interfaccia e configurazione della cassa per soddisfare le tue esigenze specifiche.  <\/p>\n\n<p><strong>Scarica il PDF:<\/strong><\/p>\n\n<p><a href=\"\/wp-content\/uploads\/2023\/05\/M-43-026-Rev.-J-Vasario-Series-English-1.pdf\">Opuscolo Vasario<\/a><br\/><a href=\"\/wp-content\/uploads\/2023\/05\/M-43-024-Rev.-K-Standard-Accessories-Guide_WEB.pdf\">Opuscolo sugli accessori standard<\/a><br\/><a href=\"\/wp-content\/uploads\/2023\/04\/M-43-118-Rev.-E-Coin-Cups_web.pdf\">Opuscolo sulle tazze per monete pesabili<\/a><\/p>\n","protected":false},"excerpt":{"rendered":"<p>APG offre un&#8217;ampia gamma di cassetti per contanti per tutti i tipi di ambienti POS. Squirrel Systems e APG hanno una lunga storia di collaborazione per fornire una soluzione hardware POS robusta con un basso costo totale di propriet\u00e0. Per saperne di pi\u00f9, visita il sito www.cashdrawer.com. Cassetto Serie 100 Una soluzione efficiente che aumenta [&hellip;]<\/p>\n","protected":false},"author":4,"featured_media":0,"parent":0,"menu_order":0,"comment_status":"closed","ping_status":"closed","template":"","meta":{"_acf_changed":false,"content-type":"","footnotes":""},"class_list":["post-106657","page","type-page","status-publish"],"yoast_head":"<!-- This site is optimized with the Yoast SEO Premium plugin v23.5 (Yoast SEO v27.2) - https:\/\/yoast.com\/product\/yoast-seo-premium-wordpress\/ -->\n<title>Soluzioni per cassetti di cassa Squirrel Systems<\/title>\n<meta name=\"description\" content=\"Opzioni di cassetti di cassa APG per i POS Squirrel Systems. Integrazioni affidabili per gli ambienti dell&#039;ospitalit\u00e0.\" \/>\n<meta name=\"robots\" content=\"index, follow, max-snippet:-1, max-image-preview:large, max-video-preview:-1\" \/>\n<link rel=\"canonical\" href=\"https:\/\/apgsolutions.com\/it\/squirrel-systems-cash-drawer-solutions\/\" \/>\n<meta property=\"og:locale\" content=\"it_IT\" \/>\n<meta property=\"og:type\" content=\"article\" \/>\n<meta property=\"og:title\" content=\"Soluzioni per cassetti di cassa Squirrel Systems\" \/>\n<meta property=\"og:description\" content=\"Opzioni di cassetti di cassa APG per i POS Squirrel Systems. Integrazioni affidabili per gli ambienti dell&#039;ospitalit\u00e0.\" \/>\n<meta property=\"og:url\" content=\"https:\/\/apgsolutions.com\/it\/squirrel-systems-cash-drawer-solutions\/\" \/>\n<meta property=\"og:site_name\" content=\"apg\u00ae Solutions\" \/>\n<meta property=\"article:publisher\" content=\"https:\/\/www.facebook.com\/apgglobalsolutions\" \/>\n<meta property=\"article:modified_time\" content=\"2026-03-18T16:32:21+00:00\" \/>\n<meta property=\"og:image\" content=\"https:\/\/apgsolutions.com\/wp-content\/uploads\/2023\/05\/squirrel-systems-logo-300x180-1.png\" \/>\n<meta name=\"twitter:card\" content=\"summary_large_image\" \/>\n<meta name=\"twitter:site\" content=\"@apg_solutions\" \/>\n<meta name=\"twitter:label1\" content=\"Tempo di lettura stimato\" \/>\n\t<meta name=\"twitter:data1\" content=\"2 minuti\" \/>\n<script type=\"application\/ld+json\" class=\"yoast-schema-graph\">{\"@context\":\"https:\/\/schema.org\",\"@graph\":[{\"@type\":\"WebPage\",\"@id\":\"https:\/\/apgsolutions.com\/it\/squirrel-systems-cash-drawer-solutions\/\",\"url\":\"https:\/\/apgsolutions.com\/it\/squirrel-systems-cash-drawer-solutions\/\",\"name\":\"Soluzioni per cassetti di cassa Squirrel Systems\",\"isPartOf\":{\"@id\":\"https:\/\/apgsolutions.com\/it\/#website\"},\"primaryImageOfPage\":{\"@id\":\"https:\/\/apgsolutions.com\/it\/squirrel-systems-cash-drawer-solutions\/#primaryimage\"},\"image\":{\"@id\":\"https:\/\/apgsolutions.com\/it\/squirrel-systems-cash-drawer-solutions\/#primaryimage\"},\"thumbnailUrl\":\"https:\/\/apgsolutions.com\/wp-content\/uploads\/2023\/05\/squirrel-systems-logo-300x180-1.png\",\"datePublished\":\"2026-03-18T16:32:20+00:00\",\"dateModified\":\"2026-03-18T16:32:21+00:00\",\"description\":\"Opzioni di cassetti di cassa APG per i POS Squirrel Systems. Integrazioni affidabili per gli ambienti dell'ospitalit\u00e0.\",\"inLanguage\":\"it-IT\",\"potentialAction\":[{\"@type\":\"ReadAction\",\"target\":[\"https:\/\/apgsolutions.com\/it\/squirrel-systems-cash-drawer-solutions\/\"]}]},{\"@type\":\"ImageObject\",\"inLanguage\":\"it-IT\",\"@id\":\"https:\/\/apgsolutions.com\/it\/squirrel-systems-cash-drawer-solutions\/#primaryimage\",\"url\":\"https:\/\/apgsolutions.com\/wp-content\/uploads\/2023\/05\/squirrel-systems-logo-300x180-1.png\",\"contentUrl\":\"https:\/\/apgsolutions.com\/wp-content\/uploads\/2023\/05\/squirrel-systems-logo-300x180-1.png\"},{\"@type\":\"WebSite\",\"@id\":\"https:\/\/apgsolutions.com\/it\/#website\",\"url\":\"https:\/\/apgsolutions.com\/it\/\",\"name\":\"APG Solutions, LLC\",\"description\":\"Trust at every point.\",\"publisher\":{\"@id\":\"https:\/\/apgsolutions.com\/it\/#organization\"},\"potentialAction\":[{\"@type\":\"SearchAction\",\"target\":{\"@type\":\"EntryPoint\",\"urlTemplate\":\"https:\/\/apgsolutions.com\/it\/?s={search_term_string}\"},\"query-input\":{\"@type\":\"PropertyValueSpecification\",\"valueRequired\":true,\"valueName\":\"search_term_string\"}}],\"inLanguage\":\"it-IT\"},{\"@type\":\"Organization\",\"@id\":\"https:\/\/apgsolutions.com\/it\/#organization\",\"name\":\"APG Solution, LLC\",\"url\":\"https:\/\/apgsolutions.com\/it\/\",\"logo\":{\"@type\":\"ImageObject\",\"inLanguage\":\"it-IT\",\"@id\":\"https:\/\/apgsolutions.com\/it\/#\/schema\/logo\/image\/\",\"url\":\"https:\/\/apgsolutions.com\/wp-content\/uploads\/2023\/12\/logomark-color.svg\",\"contentUrl\":\"https:\/\/apgsolutions.com\/wp-content\/uploads\/2023\/12\/logomark-color.svg\",\"width\":141,\"height\":138,\"caption\":\"APG Solution, LLC\"},\"image\":{\"@id\":\"https:\/\/apgsolutions.com\/it\/#\/schema\/logo\/image\/\"},\"sameAs\":[\"https:\/\/www.facebook.com\/apgglobalsolutions\",\"https:\/\/x.com\/apg_solutions\",\"https:\/\/www.youtube.com\/c\/CashManagementGlobalSolutionsbyapg\",\"https:\/\/www.linkedin.com\/company\/apgglobalsolutions\/\",\"https:\/\/www.instagram.com\/apgglobalsolutions\/\",\"https:\/\/www.pinterest.com\/apgcashdrawer\/\"]}]}<\/script>\n<!-- \/ Yoast SEO Premium plugin. -->","yoast_head_json":{"title":"Soluzioni per cassetti di cassa Squirrel Systems","description":"Opzioni di cassetti di cassa APG per i POS Squirrel Systems. Integrazioni affidabili per gli ambienti dell'ospitalit\u00e0.","robots":{"index":"index","follow":"follow","max-snippet":"max-snippet:-1","max-image-preview":"max-image-preview:large","max-video-preview":"max-video-preview:-1"},"canonical":"https:\/\/apgsolutions.com\/it\/squirrel-systems-cash-drawer-solutions\/","og_locale":"it_IT","og_type":"article","og_title":"Soluzioni per cassetti di cassa Squirrel Systems","og_description":"Opzioni di cassetti di cassa APG per i POS Squirrel Systems. Integrazioni affidabili per gli ambienti dell'ospitalit\u00e0.","og_url":"https:\/\/apgsolutions.com\/it\/squirrel-systems-cash-drawer-solutions\/","og_site_name":"apg\u00ae Solutions","article_publisher":"https:\/\/www.facebook.com\/apgglobalsolutions","article_modified_time":"2026-03-18T16:32:21+00:00","og_image":[{"url":"https:\/\/apgsolutions.com\/wp-content\/uploads\/2023\/05\/squirrel-systems-logo-300x180-1.png","type":"","width":"","height":""}],"twitter_card":"summary_large_image","twitter_site":"@apg_solutions","twitter_misc":{"Tempo di lettura stimato":"2 minuti"},"schema":{"@context":"https:\/\/schema.org","@graph":[{"@type":"WebPage","@id":"https:\/\/apgsolutions.com\/it\/squirrel-systems-cash-drawer-solutions\/","url":"https:\/\/apgsolutions.com\/it\/squirrel-systems-cash-drawer-solutions\/","name":"Soluzioni per cassetti di cassa Squirrel Systems","isPartOf":{"@id":"https:\/\/apgsolutions.com\/it\/#website"},"primaryImageOfPage":{"@id":"https:\/\/apgsolutions.com\/it\/squirrel-systems-cash-drawer-solutions\/#primaryimage"},"image":{"@id":"https:\/\/apgsolutions.com\/it\/squirrel-systems-cash-drawer-solutions\/#primaryimage"},"thumbnailUrl":"https:\/\/apgsolutions.com\/wp-content\/uploads\/2023\/05\/squirrel-systems-logo-300x180-1.png","datePublished":"2026-03-18T16:32:20+00:00","dateModified":"2026-03-18T16:32:21+00:00","description":"Opzioni di cassetti di cassa APG per i POS Squirrel Systems. Integrazioni affidabili per gli ambienti dell'ospitalit\u00e0.","inLanguage":"it-IT","potentialAction":[{"@type":"ReadAction","target":["https:\/\/apgsolutions.com\/it\/squirrel-systems-cash-drawer-solutions\/"]}]},{"@type":"ImageObject","inLanguage":"it-IT","@id":"https:\/\/apgsolutions.com\/it\/squirrel-systems-cash-drawer-solutions\/#primaryimage","url":"https:\/\/apgsolutions.com\/wp-content\/uploads\/2023\/05\/squirrel-systems-logo-300x180-1.png","contentUrl":"https:\/\/apgsolutions.com\/wp-content\/uploads\/2023\/05\/squirrel-systems-logo-300x180-1.png"},{"@type":"WebSite","@id":"https:\/\/apgsolutions.com\/it\/#website","url":"https:\/\/apgsolutions.com\/it\/","name":"APG Solutions, LLC","description":"Trust at every point.","publisher":{"@id":"https:\/\/apgsolutions.com\/it\/#organization"},"potentialAction":[{"@type":"SearchAction","target":{"@type":"EntryPoint","urlTemplate":"https:\/\/apgsolutions.com\/it\/?s={search_term_string}"},"query-input":{"@type":"PropertyValueSpecification","valueRequired":true,"valueName":"search_term_string"}}],"inLanguage":"it-IT"},{"@type":"Organization","@id":"https:\/\/apgsolutions.com\/it\/#organization","name":"APG Solution, LLC","url":"https:\/\/apgsolutions.com\/it\/","logo":{"@type":"ImageObject","inLanguage":"it-IT","@id":"https:\/\/apgsolutions.com\/it\/#\/schema\/logo\/image\/","url":"https:\/\/apgsolutions.com\/wp-content\/uploads\/2023\/12\/logomark-color.svg","contentUrl":"https:\/\/apgsolutions.com\/wp-content\/uploads\/2023\/12\/logomark-color.svg","width":141,"height":138,"caption":"APG Solution, LLC"},"image":{"@id":"https:\/\/apgsolutions.com\/it\/#\/schema\/logo\/image\/"},"sameAs":["https:\/\/www.facebook.com\/apgglobalsolutions","https:\/\/x.com\/apg_solutions","https:\/\/www.youtube.com\/c\/CashManagementGlobalSolutionsbyapg","https:\/\/www.linkedin.com\/company\/apgglobalsolutions\/","https:\/\/www.instagram.com\/apgglobalsolutions\/","https:\/\/www.pinterest.com\/apgcashdrawer\/"]}]}},"acf":[],"_links":{"self":[{"href":"https:\/\/apgsolutions.com\/it\/wp-json\/wp\/v2\/pages\/106657","targetHints":{"allow":["GET"]}}],"collection":[{"href":"https:\/\/apgsolutions.com\/it\/wp-json\/wp\/v2\/pages"}],"about":[{"href":"https:\/\/apgsolutions.com\/it\/wp-json\/wp\/v2\/types\/page"}],"author":[{"embeddable":true,"href":"https:\/\/apgsolutions.com\/it\/wp-json\/wp\/v2\/users\/4"}],"replies":[{"embeddable":true,"href":"https:\/\/apgsolutions.com\/it\/wp-json\/wp\/v2\/comments?post=106657"}],"version-history":[{"count":1,"href":"https:\/\/apgsolutions.com\/it\/wp-json\/wp\/v2\/pages\/106657\/revisions"}],"predecessor-version":[{"id":106658,"href":"https:\/\/apgsolutions.com\/it\/wp-json\/wp\/v2\/pages\/106657\/revisions\/106658"}],"wp:attachment":[{"href":"https:\/\/apgsolutions.com\/it\/wp-json\/wp\/v2\/media?parent=106657"}],"curies":[{"name":"wp","href":"https:\/\/api.w.org\/{rel}","templated":true}]}}