{"id":106722,"date":"2026-03-18T16:32:59","date_gmt":"2026-03-18T16:32:59","guid":{"rendered":"https:\/\/apgsolutions.com\/warranty\/"},"modified":"2026-03-18T16:33:04","modified_gmt":"2026-03-18T16:33:04","slug":"warranty","status":"publish","type":"page","link":"https:\/\/apgsolutions.com\/it\/warranty\/","title":{"rendered":"Garanzia del prodotto"},"content":{"rendered":"<div class=\"section_page-header \">\n    <img decoding=\"async\" class=\"header-image\" src=\"https:\/\/apgsolutions.com\/wp-content\/uploads\/2023\/05\/MICROS-matrix-header.jpg\" alt=\"MICROS-matrix-header\" title=\"MICROS-matrix-header\">\n            <div class=\"header-content\">\n            <h1>Product Warranty<\/h1>\n        <\/div>\n    <\/div>\n<h2 class=\"wp-block-heading has-text-align-center has-large-font-size\" id=\"h-view-our-warranty-statement-below-and-register-your-pos-products\">Consulta la nostra dichiarazione di garanzia qui sotto e registra i tuoi prodotti POS.<\/h2>\n\n<p>apg\u00ae offre una garanzia di 1, 3, 5 o una garanzia <strong>limitata a vita<\/strong> per i suoi <a href=\"https:\/\/apgsolutions.com\/it\/products\/#cash-drawers\">cassetti<\/a> e prodotti <a href=\"https:\/\/apg.apgsolutions.com\/smarttill-solution-suite\">per la gestione del<\/a> contante non OEM.<\/p>\n\n<p>Vedi di seguito la garanzia appropriata per ogni linea di prodotti e compila il modulo in fondo a questa pagina per registrarti. Per ulteriori informazioni, contatta il tuo rappresentante di vendita. <\/p>\n\n<div class=\"wp-block-buttons is-content-justification-center is-layout-flex wp-container-core-buttons-is-layout-28206b41 wp-block-buttons-is-layout-flex\"><\/div>\n\n<h2 class=\"wp-block-heading\" id=\"h-non-oem-product-warranty\">Garanzia sui prodotti non OEM<\/h2>\n\n<p>apg\u00ae offre una garanzia di 1, 3, 5 o una garanzia limitata a vita per i suoi cassetti per contanti non OEM. Vedi sotto per la garanzia appropriata per ogni linea di prodotti. Per ulteriori informazioni, contatta il tuo rappresentante di vendita.  <\/p>\n\n<h2 class=\"wp-block-heading\" id=\"h-1-year-limited\">Limitato a 1 anno<\/h2>\n\n<p>Si applica ai cassetti per contanti Economical Entry Level (ECD), Minota Cash Drawer e Arlo Cash Drawer.<\/p>\n\n<h2 class=\"wp-block-heading\" id=\"h-3-year-limited-warranty\">Garanzia limitata di 3 anni<\/h2>\n\n<p>Si applica ai prodotti Standard, General Application (GA): Vasario, Serie 1150, Serie 1517, Serie Stratis\u2122, MICRO, 460MOD03, STD2000, E3000 e le linee di prodotti di cassetti per contanti Flip-Top. Questo vale per i numeri di serie a partire da marzo 2019. <\/p>\n\n<h2 class=\"wp-block-heading\" id=\"h-5-year-limited-warranty\">Garanzia limitata di 5 anni<\/h2>\n\n<p>Le linee di prodotti Cash Drawer Performance Serie 100 e Serie 4000 hanno una garanzia di 5 anni (a partire da marzo 2019).<\/p>\n\n<h2 class=\"wp-block-heading\" id=\"h-limited-lifetime-warranty\">Garanzia limitata a vita<\/h2>\n\n<p>Il cassetto portavalori della Serie 4000 \u00e8 coperto da una garanzia limitata a vita che puoi ottenere registrandoti <a href=\"https:\/\/share.hsforms.com\/1Uxrj08iASHemvyI3rcnR2w1zj23\">qui<\/a>. Il prodotto deve essere registrato entro 30 giorni dall&#8217;acquisto per ricevere la garanzia estesa. Senza registrazione, la garanzia \u00e8 di 5 anni. Questa garanzia limitata a vita non copre i danni causati dalla normale usura.   <\/p>\n\n<h2 class=\"wp-block-heading\" id=\"h-oem-amp-bespoke-product-warranty\">Garanzia sui prodotti OEM e su misura<\/h2>\n\n<p>apg\u00ae offre una garanzia di 1 anno per i suoi prodotti OEM e Bespoke. Contatta il tuo rappresentante di vendita per maggiori informazioni. <\/p>\n\n<h2 class=\"wp-block-heading\" id=\"h-cash-management-product-warranty\">Garanzia del prodotto Cash Management<\/h2>\n\n<p>apg\u00ae fornisce una garanzia di 1 anno per i suoi prodotti smarttill\u00ae Solution. Le garanzie estese smarttill\u00ae Solution sono disponibili per l&#8217;acquisto.  Contatta il tuo rappresentante di vendita per maggiori informazioni.<\/p>\n\n<h2 class=\"wp-block-heading\" id=\"h-warranty-statement\">Dichiarazione di garanzia<\/h2>\n\n<p>Contatta l&#8217;ufficio relazioni con i clienti di apg\u00ae per ricevere assistenza nel determinare la copertura della garanzia. Non restituire alcun materiale <strong>prima di aver<\/strong> determinato la copertura della garanzia. Questa garanzia prevede specifici diritti legali e altri diritti applicabili in alcuni stati.  <\/p>\n\n<p>apg\u00ae garantisce che i suoi prodotti sono privi di difetti di materiale o di fabbricazione per il periodo di garanzia specifico a partire dalla data di produzione, in condizioni di uso e manutenzione normali. Questa garanzia limitata \u00e8 disponibile per l&#8217;acquirente originale e non copre prodotti usati in modo improprio, alterati, trascurati, maneggiati con noncuranza o usati per scopi non previsti. <\/p>\n\n<p>apg\u00ae riparer\u00e0 o sostituir\u00e0, a sua discrezione, qualsiasi prodotto che risulti difettoso durante il periodo di garanzia. Le riparazioni in garanzia sono gratuite per quanto riguarda le parti o la manodopera. L&#8217;unico obbligo di apg\u00ae \u00e8 limitato alla riparazione o alla sostituzione del prodotto o dei componenti difettosi.   <\/p>\n\n<p>apg\u00ae non sar\u00e0 responsabile di alcun danno incidentale o consequenziale o di qualsiasi altro costo che possa derivare dall&#8217;acquisto o dall&#8217;uso di questo prodotto. Nessuna altra garanzia (incluse la commerciabilit\u00e0 e l&#8217;idoneit\u00e0 per uno scopo particolare) \u00e8 espressamente fornita o implicita. Alcuni stati non ammettono limitazioni o esclusioni di garanzie implicite e in tali stati le limitazioni di garanzia implicita di cui sopra potrebbero non essere applicabili.  <\/p>\n\n<h2 class=\"wp-block-heading\" id=\"h-warranty-registration-form\">Modulo di registrazione della garanzia<\/h2>\n<p>  hbspt.forms.create({<br \/>\n    region: &#8220;na1&#8221;,<br \/>\n    portalId: &#8220;3337275&#8221;,<br \/>\n    formId: &#8220;531ae3d3-c880-4877-a6bf-2237adc9d1db&#8221;,<br \/>\n    sfdcCampaignId: &#8220;7011L000000H6sFQAS&#8221;<br \/>\n  });<\/p>\n","protected":false},"excerpt":{"rendered":"<p>Consulta la nostra dichiarazione di garanzia qui sotto e registra i tuoi prodotti POS. apg\u00ae offre una garanzia di 1, 3, 5 o una garanzia limitata a vita per i suoi cassetti e prodotti per la gestione del contante non OEM. Vedi di seguito la garanzia appropriata per ogni linea di prodotti e compila il [&hellip;]<\/p>\n","protected":false},"author":4,"featured_media":0,"parent":0,"menu_order":0,"comment_status":"closed","ping_status":"closed","template":"","meta":{"_acf_changed":false,"content-type":"","footnotes":""},"class_list":["post-106722","page","type-page","status-publish"],"yoast_head":"<!-- This site is optimized with the Yoast SEO Premium plugin v23.5 (Yoast SEO v27.2) - https:\/\/yoast.com\/product\/yoast-seo-premium-wordpress\/ -->\n<title>Dichiarazione di garanzia del prodotto e registrazione | apg\u00ae<\/title>\n<meta name=\"description\" content=\"APG Cash Drawer offre una garanzia di 1, 3, 5 o una garanzia limitata a vita per i suoi prodotti non OEM per la gestione del contante e Guardiant.\" \/>\n<meta name=\"robots\" content=\"index, follow, max-snippet:-1, max-image-preview:large, max-video-preview:-1\" \/>\n<link rel=\"canonical\" href=\"https:\/\/apgsolutions.com\/it\/warranty\/\" \/>\n<meta property=\"og:locale\" content=\"it_IT\" \/>\n<meta property=\"og:type\" content=\"article\" \/>\n<meta property=\"og:title\" content=\"Dichiarazione di garanzia del prodotto e registrazione | apg\u00ae\" \/>\n<meta property=\"og:description\" content=\"APG Cash Drawer offre una garanzia di 1, 3, 5 o una garanzia limitata a vita per i suoi prodotti non OEM per la gestione del contante e Guardiant.\" \/>\n<meta property=\"og:url\" content=\"https:\/\/apgsolutions.com\/it\/warranty\/\" \/>\n<meta property=\"og:site_name\" content=\"apg\u00ae Solutions\" \/>\n<meta property=\"article:publisher\" content=\"https:\/\/www.facebook.com\/apgglobalsolutions\" \/>\n<meta property=\"article:modified_time\" content=\"2026-03-18T16:33:04+00:00\" \/>\n<meta name=\"twitter:card\" content=\"summary_large_image\" \/>\n<meta name=\"twitter:site\" content=\"@apg_solutions\" \/>\n<meta name=\"twitter:label1\" content=\"Tempo di lettura stimato\" \/>\n\t<meta name=\"twitter:data1\" content=\"3 minuti\" \/>\n<script type=\"application\/ld+json\" class=\"yoast-schema-graph\">{\"@context\":\"https:\/\/schema.org\",\"@graph\":[{\"@type\":\"WebPage\",\"@id\":\"https:\/\/apgsolutions.com\/it\/warranty\/\",\"url\":\"https:\/\/apgsolutions.com\/it\/warranty\/\",\"name\":\"Dichiarazione di garanzia del prodotto e registrazione | apg\u00ae\",\"isPartOf\":{\"@id\":\"https:\/\/apgsolutions.com\/it\/#website\"},\"datePublished\":\"2026-03-18T16:32:59+00:00\",\"dateModified\":\"2026-03-18T16:33:04+00:00\",\"description\":\"APG Cash Drawer offre una garanzia di 1, 3, 5 o una garanzia limitata a vita per i suoi prodotti non OEM per la gestione del contante e Guardiant.\",\"inLanguage\":\"it-IT\",\"potentialAction\":[{\"@type\":\"ReadAction\",\"target\":[\"https:\/\/apgsolutions.com\/it\/warranty\/\"]}]},{\"@type\":\"WebSite\",\"@id\":\"https:\/\/apgsolutions.com\/it\/#website\",\"url\":\"https:\/\/apgsolutions.com\/it\/\",\"name\":\"APG Solutions, LLC\",\"description\":\"Trust at every point.\",\"publisher\":{\"@id\":\"https:\/\/apgsolutions.com\/it\/#organization\"},\"potentialAction\":[{\"@type\":\"SearchAction\",\"target\":{\"@type\":\"EntryPoint\",\"urlTemplate\":\"https:\/\/apgsolutions.com\/it\/?s={search_term_string}\"},\"query-input\":{\"@type\":\"PropertyValueSpecification\",\"valueRequired\":true,\"valueName\":\"search_term_string\"}}],\"inLanguage\":\"it-IT\"},{\"@type\":\"Organization\",\"@id\":\"https:\/\/apgsolutions.com\/it\/#organization\",\"name\":\"APG Solution, LLC\",\"url\":\"https:\/\/apgsolutions.com\/it\/\",\"logo\":{\"@type\":\"ImageObject\",\"inLanguage\":\"it-IT\",\"@id\":\"https:\/\/apgsolutions.com\/it\/#\/schema\/logo\/image\/\",\"url\":\"https:\/\/apgsolutions.com\/wp-content\/uploads\/2023\/12\/logomark-color.svg\",\"contentUrl\":\"https:\/\/apgsolutions.com\/wp-content\/uploads\/2023\/12\/logomark-color.svg\",\"width\":141,\"height\":138,\"caption\":\"APG Solution, LLC\"},\"image\":{\"@id\":\"https:\/\/apgsolutions.com\/it\/#\/schema\/logo\/image\/\"},\"sameAs\":[\"https:\/\/www.facebook.com\/apgglobalsolutions\",\"https:\/\/x.com\/apg_solutions\",\"https:\/\/www.youtube.com\/c\/CashManagementGlobalSolutionsbyapg\",\"https:\/\/www.linkedin.com\/company\/apgglobalsolutions\/\",\"https:\/\/www.instagram.com\/apgglobalsolutions\/\",\"https:\/\/www.pinterest.com\/apgcashdrawer\/\"]}]}<\/script>\n<!-- \/ Yoast SEO Premium plugin. -->","yoast_head_json":{"title":"Dichiarazione di garanzia del prodotto e registrazione | apg\u00ae","description":"APG Cash Drawer offre una garanzia di 1, 3, 5 o una garanzia limitata a vita per i suoi prodotti non OEM per la gestione del contante e Guardiant.","robots":{"index":"index","follow":"follow","max-snippet":"max-snippet:-1","max-image-preview":"max-image-preview:large","max-video-preview":"max-video-preview:-1"},"canonical":"https:\/\/apgsolutions.com\/it\/warranty\/","og_locale":"it_IT","og_type":"article","og_title":"Dichiarazione di garanzia del prodotto e registrazione | apg\u00ae","og_description":"APG Cash Drawer offre una garanzia di 1, 3, 5 o una garanzia limitata a vita per i suoi prodotti non OEM per la gestione del contante e Guardiant.","og_url":"https:\/\/apgsolutions.com\/it\/warranty\/","og_site_name":"apg\u00ae Solutions","article_publisher":"https:\/\/www.facebook.com\/apgglobalsolutions","article_modified_time":"2026-03-18T16:33:04+00:00","twitter_card":"summary_large_image","twitter_site":"@apg_solutions","twitter_misc":{"Tempo di lettura stimato":"3 minuti"},"schema":{"@context":"https:\/\/schema.org","@graph":[{"@type":"WebPage","@id":"https:\/\/apgsolutions.com\/it\/warranty\/","url":"https:\/\/apgsolutions.com\/it\/warranty\/","name":"Dichiarazione di garanzia del prodotto e registrazione | apg\u00ae","isPartOf":{"@id":"https:\/\/apgsolutions.com\/it\/#website"},"datePublished":"2026-03-18T16:32:59+00:00","dateModified":"2026-03-18T16:33:04+00:00","description":"APG Cash Drawer offre una garanzia di 1, 3, 5 o una garanzia limitata a vita per i suoi prodotti non OEM per la gestione del contante e Guardiant.","inLanguage":"it-IT","potentialAction":[{"@type":"ReadAction","target":["https:\/\/apgsolutions.com\/it\/warranty\/"]}]},{"@type":"WebSite","@id":"https:\/\/apgsolutions.com\/it\/#website","url":"https:\/\/apgsolutions.com\/it\/","name":"APG Solutions, LLC","description":"Trust at every point.","publisher":{"@id":"https:\/\/apgsolutions.com\/it\/#organization"},"potentialAction":[{"@type":"SearchAction","target":{"@type":"EntryPoint","urlTemplate":"https:\/\/apgsolutions.com\/it\/?s={search_term_string}"},"query-input":{"@type":"PropertyValueSpecification","valueRequired":true,"valueName":"search_term_string"}}],"inLanguage":"it-IT"},{"@type":"Organization","@id":"https:\/\/apgsolutions.com\/it\/#organization","name":"APG Solution, LLC","url":"https:\/\/apgsolutions.com\/it\/","logo":{"@type":"ImageObject","inLanguage":"it-IT","@id":"https:\/\/apgsolutions.com\/it\/#\/schema\/logo\/image\/","url":"https:\/\/apgsolutions.com\/wp-content\/uploads\/2023\/12\/logomark-color.svg","contentUrl":"https:\/\/apgsolutions.com\/wp-content\/uploads\/2023\/12\/logomark-color.svg","width":141,"height":138,"caption":"APG Solution, LLC"},"image":{"@id":"https:\/\/apgsolutions.com\/it\/#\/schema\/logo\/image\/"},"sameAs":["https:\/\/www.facebook.com\/apgglobalsolutions","https:\/\/x.com\/apg_solutions","https:\/\/www.youtube.com\/c\/CashManagementGlobalSolutionsbyapg","https:\/\/www.linkedin.com\/company\/apgglobalsolutions\/","https:\/\/www.instagram.com\/apgglobalsolutions\/","https:\/\/www.pinterest.com\/apgcashdrawer\/"]}]}},"acf":[],"_links":{"self":[{"href":"https:\/\/apgsolutions.com\/it\/wp-json\/wp\/v2\/pages\/106722","targetHints":{"allow":["GET"]}}],"collection":[{"href":"https:\/\/apgsolutions.com\/it\/wp-json\/wp\/v2\/pages"}],"about":[{"href":"https:\/\/apgsolutions.com\/it\/wp-json\/wp\/v2\/types\/page"}],"author":[{"embeddable":true,"href":"https:\/\/apgsolutions.com\/it\/wp-json\/wp\/v2\/users\/4"}],"replies":[{"embeddable":true,"href":"https:\/\/apgsolutions.com\/it\/wp-json\/wp\/v2\/comments?post=106722"}],"version-history":[{"count":2,"href":"https:\/\/apgsolutions.com\/it\/wp-json\/wp\/v2\/pages\/106722\/revisions"}],"predecessor-version":[{"id":106729,"href":"https:\/\/apgsolutions.com\/it\/wp-json\/wp\/v2\/pages\/106722\/revisions\/106729"}],"wp:attachment":[{"href":"https:\/\/apgsolutions.com\/it\/wp-json\/wp\/v2\/media?parent=106722"}],"curies":[{"name":"wp","href":"https:\/\/api.w.org\/{rel}","templated":true}]}}