{"id":107378,"date":"2026-03-18T18:31:59","date_gmt":"2026-03-18T18:31:59","guid":{"rendered":"https:\/\/apgsolutions.com\/store\/vpk-15b-3-bx\/"},"modified":"2026-03-18T18:31:59","modified_gmt":"2026-03-18T18:31:59","slug":"vpk-15b-3-bx","status":"publish","type":"product","link":"https:\/\/apgsolutions.com\/it\/store\/vpk-15b-3-bx\/","title":{"rendered":"VPK-15B-3-BX"},"content":{"rendered":"<p>Area fissa per banconote e monete, fermi per banconote a filo, 5 banconote x 5 monete, adatta ai cassetti portavalori Vasario 1915. La cassa misura 16,0 x 11,0 x 2,2 pollici \/ 407 x 278 x 55 mm. Valute adatte a questa cassa: Dollaro USA, Dirham degli Emirati Arabi Uniti, Riyal saudita, Riyal del Qatar, Corona norvegese, Ringgit malese, Dinaro kuwaitiano, Corona islandese, Corona estone, Dollaro delle Bahamas, Peso argentino.  <\/p>\n","protected":false},"excerpt":{"rendered":"<p>Gruppo cassa fisso 5\u00d75 fermabanconote in filo metallico &#8211; si adatta ai cassetti cassa Vasario formato 1915.<\/p>\n<ul>\n<li>INSERTO PER CASSETTO: cassa in plastica ABS nera per i cassetti cassa APG Vasario 1915, venduti separatamente. Adatto per i sistemi di punti vendita e per la conservazione temporanea del denaro. Utilizza cinque scomparti per banconote e cinque scomparti per monete per organizzare il denaro.  <\/li>\n<li>DESIGN: La cassa \u00e8 realizzata in plastica ABS (acrilonitrile butadiene stirene) per garantire rigidit\u00e0 e resistenza agli urti e alle abrasioni. \u00c8 rifinita con un sistema di fissaggio delle banconote in filo metallico caricato a molla per mantenerle saldamente in posizione e ribaltabile per inserire o recuperare le banconote. <\/li>\n<li>INTERRUTTORE RAPIDO E FACILE: con la cassa in plastica ABS per impieghi standard, puoi sostituire o ridurre la cassa usata in modo semplice e rapido, senza rallentare i tempi delle transazioni.<\/li>\n<li>SOLDI PER DENOMINAZIONE: i cinque scomparti organizzano il denaro per denominazione. Le valute compatibili sono ARS, MYR e USD. <\/li>\n<li>DIMENSIONI: La cassa misura 16,0&#8243; x 11,0&#8243; x 2,2&#8243;. Compatibile con i cassetti per contanti: Vasario 1915 <\/li>\n<\/ul>\n","protected":false},"featured_media":107381,"template":"","meta":{"_acf_changed":false,"content-type":""},"product_brand":[],"product_cat":[1053,1054,1029,1028],"product_tag":[],"class_list":{"0":"post-107378","1":"product","2":"type-product","3":"status-publish","4":"has-post-thumbnail","6":"product_cat-accessori-standard","7":"product_cat-cassette-inserti","8":"product_cat-ricambi-e-accessori","9":"product_cat-tutti-i-prodotti","11":"first","12":"instock","13":"taxable","14":"shipping-taxable","15":"purchasable","16":"product-type-simple"},"yoast_head":"<!-- This site is optimized with the Yoast SEO Premium plugin v23.5 (Yoast SEO v27.2) - https:\/\/yoast.com\/product\/yoast-seo-premium-wordpress\/ -->\n<title>VPK-15B-3-BX | apg\u00ae Online Parts Accessories Store<\/title>\n<meta name=\"description\" content=\"Vasario 1915 Till. SKU: VPK-15B-3-BX. Clicca qui per visitare il negozio online di ricambi e accessori di APG Cash Drawer e acquistare questi accessori oggi stesso.\" \/>\n<meta name=\"robots\" content=\"index, follow, max-snippet:-1, max-image-preview:large, max-video-preview:-1\" \/>\n<link rel=\"canonical\" href=\"https:\/\/apgsolutions.com\/it\/store\/vpk-15b-3-bx\/\" \/>\n<meta property=\"og:locale\" content=\"it_IT\" \/>\n<meta property=\"og:type\" content=\"article\" \/>\n<meta property=\"og:title\" content=\"VPK-15B-3-BX | apg\u00ae Online Parts Accessories Store\" \/>\n<meta property=\"og:description\" content=\"Vasario 1915 Till. SKU: VPK-15B-3-BX. Clicca qui per visitare il negozio online di ricambi e accessori di APG Cash Drawer e acquistare questi accessori oggi stesso.\" \/>\n<meta property=\"og:url\" content=\"https:\/\/apgsolutions.com\/it\/store\/vpk-15b-3-bx\/\" \/>\n<meta property=\"og:site_name\" content=\"apg\u00ae Solutions\" \/>\n<meta property=\"article:publisher\" content=\"https:\/\/www.facebook.com\/apgglobalsolutions\" \/>\n<meta property=\"og:image\" content=\"https:\/\/apgsolutions.com\/wp-content\/uploads\/2023\/05\/VPK-15B-3-BX.jpg\" \/>\n\t<meta property=\"og:image:width\" content=\"295\" \/>\n\t<meta property=\"og:image:height\" content=\"295\" \/>\n\t<meta property=\"og:image:type\" content=\"image\/jpeg\" \/>\n<meta name=\"twitter:card\" content=\"summary_large_image\" \/>\n<meta name=\"twitter:site\" content=\"@apg_solutions\" \/>\n<script type=\"application\/ld+json\" class=\"yoast-schema-graph\">{\"@context\":\"https:\/\/schema.org\",\"@graph\":[{\"@type\":\"WebPage\",\"@id\":\"https:\/\/apgsolutions.com\/it\/store\/vpk-15b-3-bx\/\",\"url\":\"https:\/\/apgsolutions.com\/it\/store\/vpk-15b-3-bx\/\",\"name\":\"VPK-15B-3-BX | apg\u00ae Online Parts Accessories Store\",\"isPartOf\":{\"@id\":\"https:\/\/apgsolutions.com\/it\/#website\"},\"primaryImageOfPage\":{\"@id\":\"https:\/\/apgsolutions.com\/it\/store\/vpk-15b-3-bx\/#primaryimage\"},\"image\":{\"@id\":\"https:\/\/apgsolutions.com\/it\/store\/vpk-15b-3-bx\/#primaryimage\"},\"thumbnailUrl\":\"https:\/\/apgsolutions.com\/wp-content\/uploads\/2023\/05\/VPK-15B-3-BX.jpg\",\"datePublished\":\"2026-03-18T18:31:59+00:00\",\"description\":\"Vasario 1915 Till. SKU: VPK-15B-3-BX. Clicca qui per visitare il negozio online di ricambi e accessori di APG Cash Drawer e acquistare questi accessori oggi stesso.\",\"breadcrumb\":{\"@id\":\"https:\/\/apgsolutions.com\/it\/store\/vpk-15b-3-bx\/#breadcrumb\"},\"inLanguage\":\"it-IT\",\"potentialAction\":[{\"@type\":\"ReadAction\",\"target\":[\"https:\/\/apgsolutions.com\/it\/store\/vpk-15b-3-bx\/\"]}]},{\"@type\":\"ImageObject\",\"inLanguage\":\"it-IT\",\"@id\":\"https:\/\/apgsolutions.com\/it\/store\/vpk-15b-3-bx\/#primaryimage\",\"url\":\"https:\/\/apgsolutions.com\/wp-content\/uploads\/2023\/05\/VPK-15B-3-BX.jpg\",\"contentUrl\":\"https:\/\/apgsolutions.com\/wp-content\/uploads\/2023\/05\/VPK-15B-3-BX.jpg\",\"width\":295,\"height\":295,\"caption\":\"VPK-15B-3-BX\"},{\"@type\":\"BreadcrumbList\",\"@id\":\"https:\/\/apgsolutions.com\/it\/store\/vpk-15b-3-bx\/#breadcrumb\",\"itemListElement\":[{\"@type\":\"ListItem\",\"position\":1,\"name\":\"U.S. Online Parts Store\",\"item\":\"https:\/\/apgsolutions.com\/store\/\"},{\"@type\":\"ListItem\",\"position\":2,\"name\":\"VPK-15B-3-BX\"}]},{\"@type\":\"WebSite\",\"@id\":\"https:\/\/apgsolutions.com\/it\/#website\",\"url\":\"https:\/\/apgsolutions.com\/it\/\",\"name\":\"APG Solutions, LLC\",\"description\":\"Trust at every point.\",\"publisher\":{\"@id\":\"https:\/\/apgsolutions.com\/it\/#organization\"},\"potentialAction\":[{\"@type\":\"SearchAction\",\"target\":{\"@type\":\"EntryPoint\",\"urlTemplate\":\"https:\/\/apgsolutions.com\/it\/?s={search_term_string}\"},\"query-input\":{\"@type\":\"PropertyValueSpecification\",\"valueRequired\":true,\"valueName\":\"search_term_string\"}}],\"inLanguage\":\"it-IT\"},{\"@type\":\"Organization\",\"@id\":\"https:\/\/apgsolutions.com\/it\/#organization\",\"name\":\"APG Solution, LLC\",\"url\":\"https:\/\/apgsolutions.com\/it\/\",\"logo\":{\"@type\":\"ImageObject\",\"inLanguage\":\"it-IT\",\"@id\":\"https:\/\/apgsolutions.com\/it\/#\/schema\/logo\/image\/\",\"url\":\"https:\/\/apgsolutions.com\/wp-content\/uploads\/2023\/12\/logomark-color.svg\",\"contentUrl\":\"https:\/\/apgsolutions.com\/wp-content\/uploads\/2023\/12\/logomark-color.svg\",\"width\":141,\"height\":138,\"caption\":\"APG Solution, LLC\"},\"image\":{\"@id\":\"https:\/\/apgsolutions.com\/it\/#\/schema\/logo\/image\/\"},\"sameAs\":[\"https:\/\/www.facebook.com\/apgglobalsolutions\",\"https:\/\/x.com\/apg_solutions\",\"https:\/\/www.youtube.com\/c\/CashManagementGlobalSolutionsbyapg\",\"https:\/\/www.linkedin.com\/company\/apgglobalsolutions\/\",\"https:\/\/www.instagram.com\/apgglobalsolutions\/\",\"https:\/\/www.pinterest.com\/apgcashdrawer\/\"]}]}<\/script>\n<!-- \/ Yoast SEO Premium plugin. -->","yoast_head_json":{"title":"VPK-15B-3-BX | apg\u00ae Online Parts Accessories Store","description":"Vasario 1915 Till. SKU: VPK-15B-3-BX. Clicca qui per visitare il negozio online di ricambi e accessori di APG Cash Drawer e acquistare questi accessori oggi stesso.","robots":{"index":"index","follow":"follow","max-snippet":"max-snippet:-1","max-image-preview":"max-image-preview:large","max-video-preview":"max-video-preview:-1"},"canonical":"https:\/\/apgsolutions.com\/it\/store\/vpk-15b-3-bx\/","og_locale":"it_IT","og_type":"article","og_title":"VPK-15B-3-BX | apg\u00ae Online Parts Accessories Store","og_description":"Vasario 1915 Till. SKU: VPK-15B-3-BX. Clicca qui per visitare il negozio online di ricambi e accessori di APG Cash Drawer e acquistare questi accessori oggi stesso.","og_url":"https:\/\/apgsolutions.com\/it\/store\/vpk-15b-3-bx\/","og_site_name":"apg\u00ae Solutions","article_publisher":"https:\/\/www.facebook.com\/apgglobalsolutions","og_image":[{"width":295,"height":295,"url":"https:\/\/apgsolutions.com\/wp-content\/uploads\/2023\/05\/VPK-15B-3-BX.jpg","type":"image\/jpeg"}],"twitter_card":"summary_large_image","twitter_site":"@apg_solutions","schema":{"@context":"https:\/\/schema.org","@graph":[{"@type":"WebPage","@id":"https:\/\/apgsolutions.com\/it\/store\/vpk-15b-3-bx\/","url":"https:\/\/apgsolutions.com\/it\/store\/vpk-15b-3-bx\/","name":"VPK-15B-3-BX | apg\u00ae Online Parts Accessories Store","isPartOf":{"@id":"https:\/\/apgsolutions.com\/it\/#website"},"primaryImageOfPage":{"@id":"https:\/\/apgsolutions.com\/it\/store\/vpk-15b-3-bx\/#primaryimage"},"image":{"@id":"https:\/\/apgsolutions.com\/it\/store\/vpk-15b-3-bx\/#primaryimage"},"thumbnailUrl":"https:\/\/apgsolutions.com\/wp-content\/uploads\/2023\/05\/VPK-15B-3-BX.jpg","datePublished":"2026-03-18T18:31:59+00:00","description":"Vasario 1915 Till. SKU: VPK-15B-3-BX. Clicca qui per visitare il negozio online di ricambi e accessori di APG Cash Drawer e acquistare questi accessori oggi stesso.","breadcrumb":{"@id":"https:\/\/apgsolutions.com\/it\/store\/vpk-15b-3-bx\/#breadcrumb"},"inLanguage":"it-IT","potentialAction":[{"@type":"ReadAction","target":["https:\/\/apgsolutions.com\/it\/store\/vpk-15b-3-bx\/"]}]},{"@type":"ImageObject","inLanguage":"it-IT","@id":"https:\/\/apgsolutions.com\/it\/store\/vpk-15b-3-bx\/#primaryimage","url":"https:\/\/apgsolutions.com\/wp-content\/uploads\/2023\/05\/VPK-15B-3-BX.jpg","contentUrl":"https:\/\/apgsolutions.com\/wp-content\/uploads\/2023\/05\/VPK-15B-3-BX.jpg","width":295,"height":295,"caption":"VPK-15B-3-BX"},{"@type":"BreadcrumbList","@id":"https:\/\/apgsolutions.com\/it\/store\/vpk-15b-3-bx\/#breadcrumb","itemListElement":[{"@type":"ListItem","position":1,"name":"U.S. Online Parts Store","item":"https:\/\/apgsolutions.com\/store\/"},{"@type":"ListItem","position":2,"name":"VPK-15B-3-BX"}]},{"@type":"WebSite","@id":"https:\/\/apgsolutions.com\/it\/#website","url":"https:\/\/apgsolutions.com\/it\/","name":"APG Solutions, LLC","description":"Trust at every point.","publisher":{"@id":"https:\/\/apgsolutions.com\/it\/#organization"},"potentialAction":[{"@type":"SearchAction","target":{"@type":"EntryPoint","urlTemplate":"https:\/\/apgsolutions.com\/it\/?s={search_term_string}"},"query-input":{"@type":"PropertyValueSpecification","valueRequired":true,"valueName":"search_term_string"}}],"inLanguage":"it-IT"},{"@type":"Organization","@id":"https:\/\/apgsolutions.com\/it\/#organization","name":"APG Solution, LLC","url":"https:\/\/apgsolutions.com\/it\/","logo":{"@type":"ImageObject","inLanguage":"it-IT","@id":"https:\/\/apgsolutions.com\/it\/#\/schema\/logo\/image\/","url":"https:\/\/apgsolutions.com\/wp-content\/uploads\/2023\/12\/logomark-color.svg","contentUrl":"https:\/\/apgsolutions.com\/wp-content\/uploads\/2023\/12\/logomark-color.svg","width":141,"height":138,"caption":"APG Solution, LLC"},"image":{"@id":"https:\/\/apgsolutions.com\/it\/#\/schema\/logo\/image\/"},"sameAs":["https:\/\/www.facebook.com\/apgglobalsolutions","https:\/\/x.com\/apg_solutions","https:\/\/www.youtube.com\/c\/CashManagementGlobalSolutionsbyapg","https:\/\/www.linkedin.com\/company\/apgglobalsolutions\/","https:\/\/www.instagram.com\/apgglobalsolutions\/","https:\/\/www.pinterest.com\/apgcashdrawer\/"]}]}},"acf":[],"_links":{"self":[{"href":"https:\/\/apgsolutions.com\/it\/wp-json\/wp\/v2\/product\/107378","targetHints":{"allow":["GET"]}}],"collection":[{"href":"https:\/\/apgsolutions.com\/it\/wp-json\/wp\/v2\/product"}],"about":[{"href":"https:\/\/apgsolutions.com\/it\/wp-json\/wp\/v2\/types\/product"}],"wp:featuredmedia":[{"embeddable":true,"href":"https:\/\/apgsolutions.com\/it\/wp-json\/wp\/v2\/media\/107381"}],"wp:attachment":[{"href":"https:\/\/apgsolutions.com\/it\/wp-json\/wp\/v2\/media?parent=107378"}],"wp:term":[{"taxonomy":"product_brand","embeddable":true,"href":"https:\/\/apgsolutions.com\/it\/wp-json\/wp\/v2\/product_brand?post=107378"},{"taxonomy":"product_cat","embeddable":true,"href":"https:\/\/apgsolutions.com\/it\/wp-json\/wp\/v2\/product_cat?post=107378"},{"taxonomy":"product_tag","embeddable":true,"href":"https:\/\/apgsolutions.com\/it\/wp-json\/wp\/v2\/product_tag?post=107378"}],"curies":[{"name":"wp","href":"https:\/\/api.w.org\/{rel}","templated":true}]}}