{"id":107434,"date":"2026-03-18T18:38:00","date_gmt":"2026-03-18T18:38:00","guid":{"rendered":"https:\/\/apgsolutions.com\/store\/cd-101a-printer-cable\/"},"modified":"2026-03-18T18:38:00","modified_gmt":"2026-03-18T18:38:00","slug":"cd-101a-printer-cable","status":"publish","type":"product","link":"https:\/\/apgsolutions.com\/it\/store\/cd-101a-printer-cable\/","title":{"rendered":"CD-101A"},"content":{"rendered":"<p>Si tratta di un cavo apg di 5 piedi da utilizzare con stampanti Epson o Star specifiche. Questo cavo sostituisce i cavi CD-005A e CD-014A. Per maggiori dettagli, consulta la nostra <a href=\"https:\/\/apgsolutions.com\/wp-content\/uploads\/M-43-031-Connectivity-Guide-Rev-AP.pdf\" target=\"_blank\" rel=\"noopener noreferrer\">Guida alla connettivit\u00e0<\/a>.  <\/p>\n<ul>\n<li>INTERFACCIA: APG CD-101A \u00e8 un modo sicuro e affidabile per collegare il tuo cassetto per contanti APG alla tua stampante di ricevute.<\/li>\n<li>DESCRIZIONE DEL CAVO: Il cavo di interfaccia ha un connettore maschio RJ45 a 8 poli a un&#8217;estremit\u00e0 per il collegamento al cassetto portavalori e un connettore femmina RJ12 a 6 poli per il collegamento alla stampante di ricevute o al terminale. Si collega a un apg con interfaccia MultiPRO 320 o 520. <\/li>\n<li>MATERIALE DI ALTA QUALIT\u00c0: il cavo di interfaccia utilizza un conduttore in rame per migliorare la connettivit\u00e0, le prestazioni e l&#8217;affidabilit\u00e0.<\/li>\n<li>DETTAGLI DEL PRODOTTO: Il cavo di interfaccia misura 5 piedi di lunghezza ed \u00e8 compatibile con le stampanti Epson e Star. Utilizzato per sostituire efficacemente i cavi CD-005A e CD-014A. <\/li>\n<li>COLLEGAMENTO: scopri <a href=\"https:\/\/apgsolutions.com\/it\/connecting-cash-drawer-printer\/\">come collegare un cassetto portavalori a una stampante.<\/a><\/li>\n<\/ul>\n","protected":false},"excerpt":{"rendered":"<p>Si tratta di un cavo apg di 5 piedi da utilizzare con stampanti Epson o Star specifiche. Questo cavo sostituisce i cavi CD-005A e CD-014A. Per maggiori dettagli, consulta la nostra <a href=\"https:\/\/apgsolutions.com\/wp-content\/uploads\/M-43-031-Connectivity-Guide-Rev-AP.pdf\" target=\"_blank\" rel=\"noopener noreferrer\">Guida alla connettivit\u00e0<\/a>.  <\/p>\n<ul>\n<li>INTERFACCIA: APG CD-101A \u00e8 un modo sicuro e affidabile per collegare il tuo cassetto per contanti APG alla tua stampante di ricevute.<\/li>\n<li>DESCRIZIONE DEL CAVO: Il cavo di interfaccia ha un connettore maschio RJ45 a 8 poli a un&#8217;estremit\u00e0 per il collegamento al cassetto portavalori e un connettore femmina RJ12 a 6 poli per il collegamento alla stampante di ricevute o al terminale. Si collega a un apg con interfaccia MultiPRO 320 o 520. <\/li>\n<li>MATERIALE DI ALTA QUALIT\u00c0: il cavo di interfaccia utilizza un conduttore in rame per migliorare la connettivit\u00e0, le prestazioni e l&#8217;affidabilit\u00e0.<\/li>\n<li>DETTAGLI DEL PRODOTTO: Il cavo di interfaccia misura 5 piedi di lunghezza ed \u00e8 compatibile con le stampanti Epson e Star. Utilizzato per sostituire efficacemente i cavi CD-005A e CD-014A. <\/li>\n<li>COLLEGAMENTO: scopri <a href=\"https:\/\/apgsolutions.com\/it\/connecting-cash-drawer-printer\/\">come collegare un cassetto portavalori a una stampante.<\/a><\/li>\n<\/ul>\n","protected":false},"featured_media":107441,"template":"","meta":{"_acf_changed":false,"content-type":""},"product_brand":[],"product_cat":[1039,1047,1062,1029,1028],"product_tag":[],"class_list":{"0":"post-107434","1":"product","2":"type-product","3":"status-publish","4":"has-post-thumbnail","6":"product_cat-accessori-arlo","7":"product_cat-interfacce-cavi","9":"product_cat-ricambi-e-accessori","10":"product_cat-tutti-i-prodotti","12":"first","13":"instock","14":"taxable","15":"shipping-taxable","16":"purchasable","17":"product-type-simple"},"yoast_head":"<!-- This site is optimized with the Yoast SEO Premium plugin v23.5 (Yoast SEO v27.2) - https:\/\/yoast.com\/product\/yoast-seo-premium-wordpress\/ -->\n<title>CD-101A - Negozio online di ricambi e accessori NA | apg | Cash Management Solutions<\/title>\n<meta name=\"description\" content=\"Cavo per cassetto portavalori APG da 5 piedi da utilizzare con stampanti specifiche Epson o Star. Questo cavo sostituisce i cavi CD-005A e CD-014A. SKU: CD-101A.\" \/>\n<meta name=\"robots\" content=\"index, follow, max-snippet:-1, max-image-preview:large, max-video-preview:-1\" \/>\n<link rel=\"canonical\" href=\"https:\/\/apgsolutions.com\/it\/store\/cd-101a-printer-cable\/\" \/>\n<meta property=\"og:locale\" content=\"it_IT\" \/>\n<meta property=\"og:type\" content=\"article\" \/>\n<meta property=\"og:title\" content=\"CD-101A - Negozio online di ricambi e accessori NA | apg | Cash Management Solutions\" \/>\n<meta property=\"og:description\" content=\"Cavo per cassetto portavalori APG da 5 piedi da utilizzare con stampanti specifiche Epson o Star. Questo cavo sostituisce i cavi CD-005A e CD-014A. SKU: CD-101A.\" \/>\n<meta property=\"og:url\" content=\"https:\/\/apgsolutions.com\/it\/store\/cd-101a-printer-cable\/\" \/>\n<meta property=\"og:site_name\" content=\"apg\u00ae Solutions\" \/>\n<meta property=\"article:publisher\" content=\"https:\/\/www.facebook.com\/apgglobalsolutions\" \/>\n<meta property=\"og:image\" content=\"https:\/\/apgsolutions.com\/wp-content\/uploads\/2014\/10\/cd-101a.jpg\" \/>\n\t<meta property=\"og:image:width\" content=\"350\" \/>\n\t<meta property=\"og:image:height\" content=\"350\" \/>\n\t<meta property=\"og:image:type\" content=\"image\/jpeg\" \/>\n<meta name=\"twitter:card\" content=\"summary_large_image\" \/>\n<meta name=\"twitter:site\" content=\"@apg_solutions\" \/>\n<meta name=\"twitter:label1\" content=\"Tempo di lettura stimato\" \/>\n\t<meta name=\"twitter:data1\" content=\"1 minuto\" \/>\n<script type=\"application\/ld+json\" class=\"yoast-schema-graph\">{\"@context\":\"https:\/\/schema.org\",\"@graph\":[{\"@type\":\"WebPage\",\"@id\":\"https:\/\/apgsolutions.com\/it\/store\/cd-101a-printer-cable\/\",\"url\":\"https:\/\/apgsolutions.com\/it\/store\/cd-101a-printer-cable\/\",\"name\":\"CD-101A - Negozio online di ricambi e accessori NA | apg | Cash Management Solutions\",\"isPartOf\":{\"@id\":\"https:\/\/apgsolutions.com\/it\/#website\"},\"primaryImageOfPage\":{\"@id\":\"https:\/\/apgsolutions.com\/it\/store\/cd-101a-printer-cable\/#primaryimage\"},\"image\":{\"@id\":\"https:\/\/apgsolutions.com\/it\/store\/cd-101a-printer-cable\/#primaryimage\"},\"thumbnailUrl\":\"https:\/\/apgsolutions.com\/wp-content\/uploads\/2014\/10\/cd-101a.jpg\",\"datePublished\":\"2026-03-18T18:38:00+00:00\",\"description\":\"Cavo per cassetto portavalori APG da 5 piedi da utilizzare con stampanti specifiche Epson o Star. Questo cavo sostituisce i cavi CD-005A e CD-014A. SKU: CD-101A.\",\"breadcrumb\":{\"@id\":\"https:\/\/apgsolutions.com\/it\/store\/cd-101a-printer-cable\/#breadcrumb\"},\"inLanguage\":\"it-IT\",\"potentialAction\":[{\"@type\":\"ReadAction\",\"target\":[\"https:\/\/apgsolutions.com\/it\/store\/cd-101a-printer-cable\/\"]}]},{\"@type\":\"ImageObject\",\"inLanguage\":\"it-IT\",\"@id\":\"https:\/\/apgsolutions.com\/it\/store\/cd-101a-printer-cable\/#primaryimage\",\"url\":\"https:\/\/apgsolutions.com\/wp-content\/uploads\/2014\/10\/cd-101a.jpg\",\"contentUrl\":\"https:\/\/apgsolutions.com\/wp-content\/uploads\/2014\/10\/cd-101a.jpg\",\"width\":350,\"height\":350,\"caption\":\"cd-101a\"},{\"@type\":\"BreadcrumbList\",\"@id\":\"https:\/\/apgsolutions.com\/it\/store\/cd-101a-printer-cable\/#breadcrumb\",\"itemListElement\":[{\"@type\":\"ListItem\",\"position\":1,\"name\":\"U.S. Online Parts Store\",\"item\":\"https:\/\/apgsolutions.com\/store\/\"},{\"@type\":\"ListItem\",\"position\":2,\"name\":\"CD-101A\"}]},{\"@type\":\"WebSite\",\"@id\":\"https:\/\/apgsolutions.com\/it\/#website\",\"url\":\"https:\/\/apgsolutions.com\/it\/\",\"name\":\"APG Solutions, LLC\",\"description\":\"Trust at every point.\",\"publisher\":{\"@id\":\"https:\/\/apgsolutions.com\/it\/#organization\"},\"potentialAction\":[{\"@type\":\"SearchAction\",\"target\":{\"@type\":\"EntryPoint\",\"urlTemplate\":\"https:\/\/apgsolutions.com\/it\/?s={search_term_string}\"},\"query-input\":{\"@type\":\"PropertyValueSpecification\",\"valueRequired\":true,\"valueName\":\"search_term_string\"}}],\"inLanguage\":\"it-IT\"},{\"@type\":\"Organization\",\"@id\":\"https:\/\/apgsolutions.com\/it\/#organization\",\"name\":\"APG Solution, LLC\",\"url\":\"https:\/\/apgsolutions.com\/it\/\",\"logo\":{\"@type\":\"ImageObject\",\"inLanguage\":\"it-IT\",\"@id\":\"https:\/\/apgsolutions.com\/it\/#\/schema\/logo\/image\/\",\"url\":\"https:\/\/apgsolutions.com\/wp-content\/uploads\/2023\/12\/logomark-color.svg\",\"contentUrl\":\"https:\/\/apgsolutions.com\/wp-content\/uploads\/2023\/12\/logomark-color.svg\",\"width\":141,\"height\":138,\"caption\":\"APG Solution, LLC\"},\"image\":{\"@id\":\"https:\/\/apgsolutions.com\/it\/#\/schema\/logo\/image\/\"},\"sameAs\":[\"https:\/\/www.facebook.com\/apgglobalsolutions\",\"https:\/\/x.com\/apg_solutions\",\"https:\/\/www.youtube.com\/c\/CashManagementGlobalSolutionsbyapg\",\"https:\/\/www.linkedin.com\/company\/apgglobalsolutions\/\",\"https:\/\/www.instagram.com\/apgglobalsolutions\/\",\"https:\/\/www.pinterest.com\/apgcashdrawer\/\"]}]}<\/script>\n<!-- \/ Yoast SEO Premium plugin. -->","yoast_head_json":{"title":"CD-101A - Negozio online di ricambi e accessori NA | apg | Cash Management Solutions","description":"Cavo per cassetto portavalori APG da 5 piedi da utilizzare con stampanti specifiche Epson o Star. Questo cavo sostituisce i cavi CD-005A e CD-014A. SKU: CD-101A.","robots":{"index":"index","follow":"follow","max-snippet":"max-snippet:-1","max-image-preview":"max-image-preview:large","max-video-preview":"max-video-preview:-1"},"canonical":"https:\/\/apgsolutions.com\/it\/store\/cd-101a-printer-cable\/","og_locale":"it_IT","og_type":"article","og_title":"CD-101A - Negozio online di ricambi e accessori NA | apg | Cash Management Solutions","og_description":"Cavo per cassetto portavalori APG da 5 piedi da utilizzare con stampanti specifiche Epson o Star. Questo cavo sostituisce i cavi CD-005A e CD-014A. SKU: CD-101A.","og_url":"https:\/\/apgsolutions.com\/it\/store\/cd-101a-printer-cable\/","og_site_name":"apg\u00ae Solutions","article_publisher":"https:\/\/www.facebook.com\/apgglobalsolutions","og_image":[{"width":350,"height":350,"url":"https:\/\/apgsolutions.com\/wp-content\/uploads\/2014\/10\/cd-101a.jpg","type":"image\/jpeg"}],"twitter_card":"summary_large_image","twitter_site":"@apg_solutions","twitter_misc":{"Tempo di lettura stimato":"1 minuto"},"schema":{"@context":"https:\/\/schema.org","@graph":[{"@type":"WebPage","@id":"https:\/\/apgsolutions.com\/it\/store\/cd-101a-printer-cable\/","url":"https:\/\/apgsolutions.com\/it\/store\/cd-101a-printer-cable\/","name":"CD-101A - Negozio online di ricambi e accessori NA | apg | Cash Management Solutions","isPartOf":{"@id":"https:\/\/apgsolutions.com\/it\/#website"},"primaryImageOfPage":{"@id":"https:\/\/apgsolutions.com\/it\/store\/cd-101a-printer-cable\/#primaryimage"},"image":{"@id":"https:\/\/apgsolutions.com\/it\/store\/cd-101a-printer-cable\/#primaryimage"},"thumbnailUrl":"https:\/\/apgsolutions.com\/wp-content\/uploads\/2014\/10\/cd-101a.jpg","datePublished":"2026-03-18T18:38:00+00:00","description":"Cavo per cassetto portavalori APG da 5 piedi da utilizzare con stampanti specifiche Epson o Star. Questo cavo sostituisce i cavi CD-005A e CD-014A. SKU: CD-101A.","breadcrumb":{"@id":"https:\/\/apgsolutions.com\/it\/store\/cd-101a-printer-cable\/#breadcrumb"},"inLanguage":"it-IT","potentialAction":[{"@type":"ReadAction","target":["https:\/\/apgsolutions.com\/it\/store\/cd-101a-printer-cable\/"]}]},{"@type":"ImageObject","inLanguage":"it-IT","@id":"https:\/\/apgsolutions.com\/it\/store\/cd-101a-printer-cable\/#primaryimage","url":"https:\/\/apgsolutions.com\/wp-content\/uploads\/2014\/10\/cd-101a.jpg","contentUrl":"https:\/\/apgsolutions.com\/wp-content\/uploads\/2014\/10\/cd-101a.jpg","width":350,"height":350,"caption":"cd-101a"},{"@type":"BreadcrumbList","@id":"https:\/\/apgsolutions.com\/it\/store\/cd-101a-printer-cable\/#breadcrumb","itemListElement":[{"@type":"ListItem","position":1,"name":"U.S. Online Parts Store","item":"https:\/\/apgsolutions.com\/store\/"},{"@type":"ListItem","position":2,"name":"CD-101A"}]},{"@type":"WebSite","@id":"https:\/\/apgsolutions.com\/it\/#website","url":"https:\/\/apgsolutions.com\/it\/","name":"APG Solutions, LLC","description":"Trust at every point.","publisher":{"@id":"https:\/\/apgsolutions.com\/it\/#organization"},"potentialAction":[{"@type":"SearchAction","target":{"@type":"EntryPoint","urlTemplate":"https:\/\/apgsolutions.com\/it\/?s={search_term_string}"},"query-input":{"@type":"PropertyValueSpecification","valueRequired":true,"valueName":"search_term_string"}}],"inLanguage":"it-IT"},{"@type":"Organization","@id":"https:\/\/apgsolutions.com\/it\/#organization","name":"APG Solution, LLC","url":"https:\/\/apgsolutions.com\/it\/","logo":{"@type":"ImageObject","inLanguage":"it-IT","@id":"https:\/\/apgsolutions.com\/it\/#\/schema\/logo\/image\/","url":"https:\/\/apgsolutions.com\/wp-content\/uploads\/2023\/12\/logomark-color.svg","contentUrl":"https:\/\/apgsolutions.com\/wp-content\/uploads\/2023\/12\/logomark-color.svg","width":141,"height":138,"caption":"APG Solution, LLC"},"image":{"@id":"https:\/\/apgsolutions.com\/it\/#\/schema\/logo\/image\/"},"sameAs":["https:\/\/www.facebook.com\/apgglobalsolutions","https:\/\/x.com\/apg_solutions","https:\/\/www.youtube.com\/c\/CashManagementGlobalSolutionsbyapg","https:\/\/www.linkedin.com\/company\/apgglobalsolutions\/","https:\/\/www.instagram.com\/apgglobalsolutions\/","https:\/\/www.pinterest.com\/apgcashdrawer\/"]}]}},"acf":[],"_links":{"self":[{"href":"https:\/\/apgsolutions.com\/it\/wp-json\/wp\/v2\/product\/107434","targetHints":{"allow":["GET"]}}],"collection":[{"href":"https:\/\/apgsolutions.com\/it\/wp-json\/wp\/v2\/product"}],"about":[{"href":"https:\/\/apgsolutions.com\/it\/wp-json\/wp\/v2\/types\/product"}],"wp:featuredmedia":[{"embeddable":true,"href":"https:\/\/apgsolutions.com\/it\/wp-json\/wp\/v2\/media\/107441"}],"wp:attachment":[{"href":"https:\/\/apgsolutions.com\/it\/wp-json\/wp\/v2\/media?parent=107434"}],"wp:term":[{"taxonomy":"product_brand","embeddable":true,"href":"https:\/\/apgsolutions.com\/it\/wp-json\/wp\/v2\/product_brand?post=107434"},{"taxonomy":"product_cat","embeddable":true,"href":"https:\/\/apgsolutions.com\/it\/wp-json\/wp\/v2\/product_cat?post=107434"},{"taxonomy":"product_tag","embeddable":true,"href":"https:\/\/apgsolutions.com\/it\/wp-json\/wp\/v2\/product_tag?post=107434"}],"curies":[{"name":"wp","href":"https:\/\/api.w.org\/{rel}","templated":true}]}}