{"id":108163,"date":"2026-03-20T09:54:36","date_gmt":"2026-03-20T09:54:36","guid":{"rendered":"https:\/\/apgsolutions.com\/hospitality\/"},"modified":"2026-03-20T11:41:56","modified_gmt":"2026-03-20T11:41:56","slug":"hospitality","status":"publish","type":"page","link":"https:\/\/apgsolutions.com\/pt-br\/hospitality\/","title":{"rendered":"Solu\u00e7\u00f5es de PDV e gavetas de dinheiro para hotelaria"},"content":{"rendered":"<div class=\"section_page-header \">\n    <img decoding=\"async\" class=\"header-image\" src=\"https:\/\/apgsolutions.com\/wp-content\/uploads\/2023\/07\/Hospitality-2.jpg\" alt=\"Hospitality\" title=\"Hospitality\">\n            <div class=\"header-content\">\n            <h1>POS Solutions &amp; Cash Drawers for Hospitality<\/h1>\n        <\/div>\n    <\/div>\n<div class=\"wp-block-group pos-content-div is-vertical is-content-justification-center is-layout-flex wp-container-core-group-is-layout-4b2eccd6 wp-block-group-is-layout-flex\">\n<div style=\"height:0px\" aria-hidden=\"true\" class=\"wp-block-spacer wp-container-content-b83b6736\"><\/div>\n\n\n\n<div class=\"wp-block-group is-vertical is-content-justification-center is-nowrap is-layout-flex wp-container-core-group-is-layout-e862386f wp-block-group-is-layout-flex\">\n<p class=\"has-text-align-center has-large-font-size\"><strong>Melhorar a experi\u00eancia e o atendimento ao cliente<\/strong><\/p>\n\n\n\n<div style=\"height:0px\" aria-hidden=\"true\" class=\"wp-block-spacer wp-container-content-5082a153\"><\/div>\n\n\n\n<p class=\"has-text-align-center\">Oferecer entretenimento para milh\u00f5es de clientes em um setor que \u00e9 altamente regulamentado pode gerar estresse para a ger\u00eancia. Com a forte concorr\u00eancia, o setor de restaurantes continuar\u00e1 a avan\u00e7ar em 2024. De acordo com a National Restaurant Association, a previs\u00e3o \u00e9 de que o total de empregos no setor chegue a 15,7 milh\u00f5es at\u00e9 o final de 2024.  <\/p>\n\n\n\n<p class=\"has-text-align-center\"><\/p>\n\n\n\n<p class=\"has-text-align-center\">  Nesse cen\u00e1rio din\u00e2mico, o papel dos sistemas de PDV nas opera\u00e7\u00f5es de hospitalidade \u00e9 fundamental. A apg\u00ae tem <a href=\"https:\/\/apgsolutions.com\/pt-br\/produtos\/\">solu\u00e7\u00f5es de PDV<\/a> projetadas para agilizar as transa\u00e7\u00f5es, garantindo opera\u00e7\u00f5es tranquilas e cont\u00ednuas. Capacite seus funcion\u00e1rios a prestar um servi\u00e7o e uma experi\u00eancia excepcionais a todos os clientes. Fique \u00e0 frente no competitivo setor de hospitalidade e eleve seus padr\u00f5es de servi\u00e7o com a apg\u00ae.   <\/p>\n<\/div>\n\n\n\n<div style=\"height:0px\" aria-hidden=\"true\" class=\"wp-block-spacer wp-container-content-b83b6736\"><\/div>\n\n\n\n<div class=\"wp-block-group is-vertical is-layout-flex wp-container-core-group-is-layout-8cf370e7 wp-block-group-is-layout-flex\">\n<p style=\"font-size:30px\"><strong>Fatos e estat\u00edsticas<\/strong><\/p>\n\n\n\n<div style=\"height:0px\" aria-hidden=\"true\" class=\"wp-block-spacer wp-container-content-5082a153\"><\/div>\n<\/div>\n\n\n\n<div class=\"wp-block-columns is-layout-flex wp-container-core-columns-is-layout-9d6595d7 wp-block-columns-is-layout-flex\">\n<div class=\"wp-block-column pos-card-box has-background is-layout-flow wp-block-column-is-layout-flow\" style=\"background-color:#fcfaf7;flex-basis:360px\">\n<div style=\"height:1rem\" aria-hidden=\"true\" class=\"wp-block-spacer\"><\/div>\n\n\n<div class=\"wp-block-image\">\n<figure class=\"aligncenter size-full\"><img decoding=\"async\" width=\"80\" height=\"80\" src=\"https:\/\/apgsolutions.com\/wp-content\/uploads\/2023\/07\/Money-Growth_Light-Blue.png\" alt=\"&#xCD;cone da principal fonte de receita\" class=\"wp-image-68978\" style=\"object-fit:cover\"\/><\/figure>\n<\/div>\n\n\n<h3 class=\"wp-block-heading has-text-align-center\" id=\"h-growth\">Crescimento<\/h3>\n\n\n\n<p class=\"has-text-align-center\">Em 2023, haver\u00e1 quase 750.000 restaurantes nos EUA.<\/p>\n\n\n\n<div style=\"height:1rem\" aria-hidden=\"true\" class=\"wp-block-spacer\"><\/div>\n<\/div>\n\n\n\n<div class=\"wp-block-column pos-card-box has-background is-layout-flow wp-block-column-is-layout-flow\" style=\"background-color:#fcfaf7;flex-basis:360px\">\n<div style=\"height:1rem\" aria-hidden=\"true\" class=\"wp-block-spacer\"><\/div>\n\n\n<div class=\"wp-block-image\">\n<figure class=\"aligncenter size-full\"><img decoding=\"async\" width=\"80\" height=\"80\" src=\"https:\/\/apgsolutions.com\/wp-content\/uploads\/2023\/07\/Global-Coins_Light-Blue.png\" alt=\"Taxa de interc&#xE2;mbio\" class=\"wp-image-69322\" style=\"object-fit:cover\"\/><\/figure>\n<\/div>\n\n\n<h3 class=\"wp-block-heading has-text-align-center\" id=\"h-interchange-fee\">Taxa de interc\u00e2mbio<\/h3>\n\n\n\n<p class=\"has-text-align-center\">A taxa de interc\u00e2mbio atual \u00e9 de 21 centavos mais 0,05% do valor da transa\u00e7\u00e3o de d\u00e9bito.<\/p>\n\n\n\n<div style=\"height:1rem\" aria-hidden=\"true\" class=\"wp-block-spacer\"><\/div>\n<\/div>\n\n\n\n<div class=\"wp-block-column pos-card-box has-background is-layout-flow wp-block-column-is-layout-flow\" style=\"background-color:#fcfaf7;flex-basis:360px\">\n<div style=\"height:1rem\" aria-hidden=\"true\" class=\"wp-block-spacer\"><\/div>\n\n\n<div class=\"wp-block-image\">\n<figure class=\"aligncenter size-full\"><img decoding=\"async\" width=\"80\" height=\"80\" src=\"https:\/\/apgsolutions.com\/wp-content\/uploads\/2023\/07\/Partners-5.png\" alt=\"&#xCD;cone de parceiros\" class=\"wp-image-69397\" style=\"object-fit:cover\"\/><\/figure>\n<\/div>\n\n\n<h3 class=\"wp-block-heading has-text-align-center\" id=\"h-opportunity\">Oportunidade<\/h3>\n\n\n\n<p class=\"has-text-align-center\">O setor de restaurantes conta com uma for\u00e7a de trabalho de 15,5 milh\u00f5es de empregados na NRA<\/p>\n\n\n\n<div style=\"height:16px\" aria-hidden=\"true\" class=\"wp-block-spacer\"><\/div>\n<\/div>\n<\/div>\n\n\n\n<div style=\"height:0px\" aria-hidden=\"true\" class=\"wp-block-spacer wp-container-content-b83b6736\"><\/div>\n\n\n\n<div class=\"wp-block-group is-vertical is-layout-flex wp-container-core-group-is-layout-8cf370e7 wp-block-group-is-layout-flex\">\n<p style=\"font-size:30px\"><strong>Nossas gavetas recomendadas para hospitalidade<\/strong><\/p>\n\n\n\n<div style=\"height:0px\" aria-hidden=\"true\" class=\"wp-block-spacer wp-container-content-2cb1e7d4\"><\/div>\n<\/div>\n\n\n\n<div class=\"wp-block-columns is-layout-flex wp-container-core-columns-is-layout-9d6595d7 wp-block-columns-is-layout-flex\">\n<div class=\"wp-block-column is-layout-flow wp-block-column-is-layout-flow\">\n<div style=\"height:1rem\" aria-hidden=\"true\" class=\"wp-block-spacer\"><\/div>\n\n\n<div class=\"wp-block-image\">\n<figure class=\"aligncenter size-full is-resized\"><img loading=\"lazy\" decoding=\"async\" width=\"280\" height=\"210\" src=\"https:\/\/apgsolutions.com\/wp-content\/uploads\/2023\/06\/Vasario-VBxxx-BL1616-Closed-Left.jpg\" alt=\"Gaveta de dinheiro Vasario\" class=\"wp-image-62747\" style=\"width:186px\"\/><\/figure>\n<\/div>\n\n\n<h3 class=\"wp-block-heading has-text-align-center\" id=\"h-vasario-cash-drawer\">Gaveta de dinheiro Vasario<\/h3>\n\n\n\n<p class=\"has-text-align-left\">Para uma escolha econ\u00f4mica, escolha a <a href=\"https:\/\/apgsolutions.com\/products\/cash-drawers\/standard-duty\/vasario\">gaveta de dinheiro Vasario<\/a>. Com v\u00e1rios tamanhos para se adequar a diferentes \u00e1reas de servi\u00e7o, ela foi projetada para atender \u00e0s necessidades do setor de hospitalidade.   <\/p>\n\n\n\n<p class=\"has-text-align-left\">Testada para durar mais de um milh\u00e3o de transa\u00e7\u00f5es, a gaveta de dinheiro Vasario oferece desempenho e durabilidade confi\u00e1veis, o que a torna a op\u00e7\u00e3o ideal para lidar com volumes moderados de transa\u00e7\u00f5es.<\/p>\n\n\n\n<div style=\"height:1rem\" aria-hidden=\"true\" class=\"wp-block-spacer\"><\/div>\n<\/div>\n\n\n\n<div class=\"wp-block-column is-layout-flow wp-block-column-is-layout-flow\">\n<div style=\"height:1rem\" aria-hidden=\"true\" class=\"wp-block-spacer\"><\/div>\n\n\n<div class=\"wp-block-image\">\n<figure class=\"aligncenter size-full is-resized\"><img decoding=\"async\" src=\"https:\/\/apgsolutions.com\/wp-content\/uploads\/2024\/09\/Series-100.png\" alt=\"Gaveta de dinheiro S&#xE9;rie 100\" class=\"wp-image-86680\" style=\"width:186px\"\/><\/figure>\n<\/div>\n\n\n<h3 class=\"wp-block-heading has-text-align-center\" id=\"h-series-100-cash-drawer\">Gaveta de dinheiro S\u00e9rie 100<\/h3>\n\n\n\n<p class=\"has-text-align-left\">A <a href=\"https:\/\/apgsolutions.com\/products\/cash-drawers\/heavy-duty\/series-100\/\">S\u00e9rie 100<\/a> \u00e9 uma excelente op\u00e7\u00e3o para o setor de hospitalidade, oferecendo armazenamento generoso com um compartimento inferior profundo para rolos de moedas e moedas embaladas.  <\/p>\n\n\n\n<p class=\"has-text-align-left\">Seu design compacto maximiza o espa\u00e7o no balc\u00e3o, tornando-o perfeito para lobbies de hot\u00e9is, restaurantes e outros ambientes de hospitalidade. Criado para lidar com mais de quatro milh\u00f5es de transa\u00e7\u00f5es, ele oferece confiabilidade e desempenho excepcionais. <\/p>\n\n\n\n<div style=\"height:1rem\" aria-hidden=\"true\" class=\"wp-block-spacer\"><\/div>\n<\/div>\n<\/div>\n<\/div>\n","protected":false},"excerpt":{"rendered":"<p>Melhorar a experi\u00eancia e o atendimento ao cliente Oferecer entretenimento para milh\u00f5es de clientes em um setor que \u00e9 altamente regulamentado pode gerar estresse para a ger\u00eancia. Com a forte concorr\u00eancia, o setor de restaurantes continuar\u00e1 a avan\u00e7ar em 2024. De acordo com a National Restaurant Association, a previs\u00e3o \u00e9 de que o total de [&hellip;]<\/p>\n","protected":false},"author":4,"featured_media":0,"parent":0,"menu_order":0,"comment_status":"closed","ping_status":"closed","template":"","meta":{"_acf_changed":false,"content-type":"","footnotes":""},"class_list":["post-108163","page","type-page","status-publish"],"yoast_head":"<!-- This site is optimized with the Yoast SEO Premium plugin v23.5 (Yoast SEO v27.2) - https:\/\/yoast.com\/product\/yoast-seo-premium-wordpress\/ -->\n<title>Solu\u00e7\u00f5es POS para hotelaria - Gavetas de dinheiro para hotelaria<\/title>\n<meta name=\"description\" content=\"Os sistemas de PDV em ambientes de hotelaria s\u00e3o essenciais para as opera\u00e7\u00f5es de front-end. Transa\u00e7\u00f5es suaves e ininterruptas s\u00e3o essenciais para satisfazer os clientes.\" \/>\n<meta name=\"robots\" content=\"index, follow, max-snippet:-1, max-image-preview:large, max-video-preview:-1\" \/>\n<link rel=\"canonical\" href=\"https:\/\/apgsolutions.com\/pt-br\/hospitality\/\" \/>\n<meta property=\"og:locale\" content=\"pt_BR\" \/>\n<meta property=\"og:type\" content=\"article\" \/>\n<meta property=\"og:title\" content=\"Solu\u00e7\u00f5es POS para hotelaria - Gavetas de dinheiro para hotelaria\" \/>\n<meta property=\"og:description\" content=\"Os sistemas de PDV em ambientes de hotelaria s\u00e3o essenciais para as opera\u00e7\u00f5es de front-end. Transa\u00e7\u00f5es suaves e ininterruptas s\u00e3o essenciais para satisfazer os clientes.\" \/>\n<meta property=\"og:url\" content=\"https:\/\/apgsolutions.com\/pt-br\/hospitality\/\" \/>\n<meta property=\"og:site_name\" content=\"apg\u00ae Solutions\" \/>\n<meta property=\"article:publisher\" content=\"https:\/\/www.facebook.com\/apgglobalsolutions\" \/>\n<meta property=\"article:modified_time\" content=\"2026-03-20T11:41:56+00:00\" \/>\n<meta property=\"og:image\" content=\"https:\/\/apgsolutions.com\/wp-content\/uploads\/2023\/07\/Money-Growth_Light-Blue.png\" \/>\n<meta name=\"twitter:card\" content=\"summary_large_image\" \/>\n<meta name=\"twitter:site\" content=\"@apg_solutions\" \/>\n<meta name=\"twitter:label1\" content=\"Est. tempo de leitura\" \/>\n\t<meta name=\"twitter:data1\" content=\"2 minutos\" \/>\n<script type=\"application\/ld+json\" class=\"yoast-schema-graph\">{\"@context\":\"https:\/\/schema.org\",\"@graph\":[{\"@type\":\"WebPage\",\"@id\":\"https:\/\/apgsolutions.com\/pt-br\/hospitality\/\",\"url\":\"https:\/\/apgsolutions.com\/pt-br\/hospitality\/\",\"name\":\"Solu\u00e7\u00f5es POS para hotelaria - Gavetas de dinheiro para hotelaria\",\"isPartOf\":{\"@id\":\"https:\/\/apgsolutions.com\/pt-br\/#website\"},\"primaryImageOfPage\":{\"@id\":\"https:\/\/apgsolutions.com\/pt-br\/hospitality\/#primaryimage\"},\"image\":{\"@id\":\"https:\/\/apgsolutions.com\/pt-br\/hospitality\/#primaryimage\"},\"thumbnailUrl\":\"https:\/\/apgsolutions.com\/wp-content\/uploads\/2023\/07\/Money-Growth_Light-Blue.png\",\"datePublished\":\"2026-03-20T09:54:36+00:00\",\"dateModified\":\"2026-03-20T11:41:56+00:00\",\"description\":\"Os sistemas de PDV em ambientes de hotelaria s\u00e3o essenciais para as opera\u00e7\u00f5es de front-end. Transa\u00e7\u00f5es suaves e ininterruptas s\u00e3o essenciais para satisfazer os clientes.\",\"inLanguage\":\"pt-BR\",\"potentialAction\":[{\"@type\":\"ReadAction\",\"target\":[\"https:\/\/apgsolutions.com\/pt-br\/hospitality\/\"]}]},{\"@type\":\"ImageObject\",\"inLanguage\":\"pt-BR\",\"@id\":\"https:\/\/apgsolutions.com\/pt-br\/hospitality\/#primaryimage\",\"url\":\"https:\/\/apgsolutions.com\/wp-content\/uploads\/2023\/07\/Money-Growth_Light-Blue.png\",\"contentUrl\":\"https:\/\/apgsolutions.com\/wp-content\/uploads\/2023\/07\/Money-Growth_Light-Blue.png\"},{\"@type\":\"WebSite\",\"@id\":\"https:\/\/apgsolutions.com\/pt-br\/#website\",\"url\":\"https:\/\/apgsolutions.com\/pt-br\/\",\"name\":\"APG Solutions, LLC\",\"description\":\"Trust at every point.\",\"publisher\":{\"@id\":\"https:\/\/apgsolutions.com\/pt-br\/#organization\"},\"potentialAction\":[{\"@type\":\"SearchAction\",\"target\":{\"@type\":\"EntryPoint\",\"urlTemplate\":\"https:\/\/apgsolutions.com\/pt-br\/?s={search_term_string}\"},\"query-input\":{\"@type\":\"PropertyValueSpecification\",\"valueRequired\":true,\"valueName\":\"search_term_string\"}}],\"inLanguage\":\"pt-BR\"},{\"@type\":\"Organization\",\"@id\":\"https:\/\/apgsolutions.com\/pt-br\/#organization\",\"name\":\"APG Solution, LLC\",\"url\":\"https:\/\/apgsolutions.com\/pt-br\/\",\"logo\":{\"@type\":\"ImageObject\",\"inLanguage\":\"pt-BR\",\"@id\":\"https:\/\/apgsolutions.com\/pt-br\/#\/schema\/logo\/image\/\",\"url\":\"https:\/\/apgsolutions.com\/wp-content\/uploads\/2023\/12\/logomark-color.svg\",\"contentUrl\":\"https:\/\/apgsolutions.com\/wp-content\/uploads\/2023\/12\/logomark-color.svg\",\"width\":141,\"height\":138,\"caption\":\"APG Solution, LLC\"},\"image\":{\"@id\":\"https:\/\/apgsolutions.com\/pt-br\/#\/schema\/logo\/image\/\"},\"sameAs\":[\"https:\/\/www.facebook.com\/apgglobalsolutions\",\"https:\/\/x.com\/apg_solutions\",\"https:\/\/www.youtube.com\/c\/CashManagementGlobalSolutionsbyapg\",\"https:\/\/www.linkedin.com\/company\/apgglobalsolutions\/\",\"https:\/\/www.instagram.com\/apgglobalsolutions\/\",\"https:\/\/www.pinterest.com\/apgcashdrawer\/\"]}]}<\/script>\n<!-- \/ Yoast SEO Premium plugin. -->","yoast_head_json":{"title":"Solu\u00e7\u00f5es POS para hotelaria - Gavetas de dinheiro para hotelaria","description":"Os sistemas de PDV em ambientes de hotelaria s\u00e3o essenciais para as opera\u00e7\u00f5es de front-end. Transa\u00e7\u00f5es suaves e ininterruptas s\u00e3o essenciais para satisfazer os clientes.","robots":{"index":"index","follow":"follow","max-snippet":"max-snippet:-1","max-image-preview":"max-image-preview:large","max-video-preview":"max-video-preview:-1"},"canonical":"https:\/\/apgsolutions.com\/pt-br\/hospitality\/","og_locale":"pt_BR","og_type":"article","og_title":"Solu\u00e7\u00f5es POS para hotelaria - Gavetas de dinheiro para hotelaria","og_description":"Os sistemas de PDV em ambientes de hotelaria s\u00e3o essenciais para as opera\u00e7\u00f5es de front-end. Transa\u00e7\u00f5es suaves e ininterruptas s\u00e3o essenciais para satisfazer os clientes.","og_url":"https:\/\/apgsolutions.com\/pt-br\/hospitality\/","og_site_name":"apg\u00ae Solutions","article_publisher":"https:\/\/www.facebook.com\/apgglobalsolutions","article_modified_time":"2026-03-20T11:41:56+00:00","og_image":[{"url":"https:\/\/apgsolutions.com\/wp-content\/uploads\/2023\/07\/Money-Growth_Light-Blue.png","type":"","width":"","height":""}],"twitter_card":"summary_large_image","twitter_site":"@apg_solutions","twitter_misc":{"Est. tempo de leitura":"2 minutos"},"schema":{"@context":"https:\/\/schema.org","@graph":[{"@type":"WebPage","@id":"https:\/\/apgsolutions.com\/pt-br\/hospitality\/","url":"https:\/\/apgsolutions.com\/pt-br\/hospitality\/","name":"Solu\u00e7\u00f5es POS para hotelaria - Gavetas de dinheiro para hotelaria","isPartOf":{"@id":"https:\/\/apgsolutions.com\/pt-br\/#website"},"primaryImageOfPage":{"@id":"https:\/\/apgsolutions.com\/pt-br\/hospitality\/#primaryimage"},"image":{"@id":"https:\/\/apgsolutions.com\/pt-br\/hospitality\/#primaryimage"},"thumbnailUrl":"https:\/\/apgsolutions.com\/wp-content\/uploads\/2023\/07\/Money-Growth_Light-Blue.png","datePublished":"2026-03-20T09:54:36+00:00","dateModified":"2026-03-20T11:41:56+00:00","description":"Os sistemas de PDV em ambientes de hotelaria s\u00e3o essenciais para as opera\u00e7\u00f5es de front-end. Transa\u00e7\u00f5es suaves e ininterruptas s\u00e3o essenciais para satisfazer os clientes.","inLanguage":"pt-BR","potentialAction":[{"@type":"ReadAction","target":["https:\/\/apgsolutions.com\/pt-br\/hospitality\/"]}]},{"@type":"ImageObject","inLanguage":"pt-BR","@id":"https:\/\/apgsolutions.com\/pt-br\/hospitality\/#primaryimage","url":"https:\/\/apgsolutions.com\/wp-content\/uploads\/2023\/07\/Money-Growth_Light-Blue.png","contentUrl":"https:\/\/apgsolutions.com\/wp-content\/uploads\/2023\/07\/Money-Growth_Light-Blue.png"},{"@type":"WebSite","@id":"https:\/\/apgsolutions.com\/pt-br\/#website","url":"https:\/\/apgsolutions.com\/pt-br\/","name":"APG Solutions, LLC","description":"Trust at every point.","publisher":{"@id":"https:\/\/apgsolutions.com\/pt-br\/#organization"},"potentialAction":[{"@type":"SearchAction","target":{"@type":"EntryPoint","urlTemplate":"https:\/\/apgsolutions.com\/pt-br\/?s={search_term_string}"},"query-input":{"@type":"PropertyValueSpecification","valueRequired":true,"valueName":"search_term_string"}}],"inLanguage":"pt-BR"},{"@type":"Organization","@id":"https:\/\/apgsolutions.com\/pt-br\/#organization","name":"APG Solution, LLC","url":"https:\/\/apgsolutions.com\/pt-br\/","logo":{"@type":"ImageObject","inLanguage":"pt-BR","@id":"https:\/\/apgsolutions.com\/pt-br\/#\/schema\/logo\/image\/","url":"https:\/\/apgsolutions.com\/wp-content\/uploads\/2023\/12\/logomark-color.svg","contentUrl":"https:\/\/apgsolutions.com\/wp-content\/uploads\/2023\/12\/logomark-color.svg","width":141,"height":138,"caption":"APG Solution, LLC"},"image":{"@id":"https:\/\/apgsolutions.com\/pt-br\/#\/schema\/logo\/image\/"},"sameAs":["https:\/\/www.facebook.com\/apgglobalsolutions","https:\/\/x.com\/apg_solutions","https:\/\/www.youtube.com\/c\/CashManagementGlobalSolutionsbyapg","https:\/\/www.linkedin.com\/company\/apgglobalsolutions\/","https:\/\/www.instagram.com\/apgglobalsolutions\/","https:\/\/www.pinterest.com\/apgcashdrawer\/"]}]}},"acf":[],"_links":{"self":[{"href":"https:\/\/apgsolutions.com\/pt-br\/wp-json\/wp\/v2\/pages\/108163","targetHints":{"allow":["GET"]}}],"collection":[{"href":"https:\/\/apgsolutions.com\/pt-br\/wp-json\/wp\/v2\/pages"}],"about":[{"href":"https:\/\/apgsolutions.com\/pt-br\/wp-json\/wp\/v2\/types\/page"}],"author":[{"embeddable":true,"href":"https:\/\/apgsolutions.com\/pt-br\/wp-json\/wp\/v2\/users\/4"}],"replies":[{"embeddable":true,"href":"https:\/\/apgsolutions.com\/pt-br\/wp-json\/wp\/v2\/comments?post=108163"}],"version-history":[{"count":3,"href":"https:\/\/apgsolutions.com\/pt-br\/wp-json\/wp\/v2\/pages\/108163\/revisions"}],"predecessor-version":[{"id":109222,"href":"https:\/\/apgsolutions.com\/pt-br\/wp-json\/wp\/v2\/pages\/108163\/revisions\/109222"}],"wp:attachment":[{"href":"https:\/\/apgsolutions.com\/pt-br\/wp-json\/wp\/v2\/media?parent=108163"}],"curies":[{"name":"wp","href":"https:\/\/api.w.org\/{rel}","templated":true}]}}