{"id":108196,"date":"2026-03-20T09:54:45","date_gmt":"2026-03-20T09:54:45","guid":{"rendered":"https:\/\/apgsolutions.com\/events\/"},"modified":"2026-03-20T09:58:53","modified_gmt":"2026-03-20T09:58:53","slug":"events","status":"publish","type":"page","link":"https:\/\/apgsolutions.com\/pt-br\/events\/","title":{"rendered":"Eventos"},"content":{"rendered":"<h1>Voc\u00ea est\u00e1 participando de uma pr\u00f3xima feira comercial? Gostar\u00edamos muito de nos encontrar com voc\u00ea! <\/h1>\n<p>A apg exp\u00f5e <a href=\"https:\/\/apgsolutions.com\/pt-br\/products\/\">solu\u00e7\u00f5es de ponto de venda<\/a> e participa de feiras comerciais em todo o mundo. Clique em um dos pr\u00f3ximos eventos e agende uma reuni\u00e3o com nossa equipe hoje mesmo. <\/p>\n\n<p><\/p>\n","protected":false},"excerpt":{"rendered":"<p>Voc\u00ea est\u00e1 participando de uma pr\u00f3xima feira comercial? Gostar\u00edamos muito de nos encontrar com voc\u00ea! A apg exp\u00f5e solu\u00e7\u00f5es de ponto de venda e participa de feiras comerciais em todo o mundo. Clique em um dos pr\u00f3ximos eventos e agende uma reuni\u00e3o com nossa equipe hoje mesmo.<\/p>\n","protected":false},"author":4,"featured_media":0,"parent":0,"menu_order":0,"comment_status":"closed","ping_status":"closed","template":"page-events.php","meta":{"_acf_changed":false,"content-type":"","footnotes":""},"class_list":["post-108196","page","type-page","status-publish"],"yoast_head":"<!-- This site is optimized with the Yoast SEO Premium plugin v23.5 (Yoast SEO v27.2) - https:\/\/yoast.com\/product\/yoast-seo-premium-wordpress\/ -->\n<title>Eventos globais | Solu\u00e7\u00f5es apg<\/title>\n<meta name=\"description\" content=\"Gostar\u00edamos muito de nos encontrar com voc\u00ea! A apg exp\u00f5e e participa de feiras comerciais em todo o mundo. Clique em um dos pr\u00f3ximos eventos e agende uma reuni\u00e3o com nossa equipe hoje mesmo.\" \/>\n<meta name=\"robots\" content=\"index, follow, max-snippet:-1, max-image-preview:large, max-video-preview:-1\" \/>\n<link rel=\"canonical\" href=\"https:\/\/apgsolutions.com\/pt-br\/events\/\" \/>\n<meta property=\"og:locale\" content=\"pt_BR\" \/>\n<meta property=\"og:type\" content=\"article\" \/>\n<meta property=\"og:title\" content=\"Eventos globais | Solu\u00e7\u00f5es apg\" \/>\n<meta property=\"og:description\" content=\"Gostar\u00edamos muito de nos encontrar com voc\u00ea! A apg exp\u00f5e e participa de feiras comerciais em todo o mundo. Clique em um dos pr\u00f3ximos eventos e agende uma reuni\u00e3o com nossa equipe hoje mesmo.\" \/>\n<meta property=\"og:url\" content=\"https:\/\/apgsolutions.com\/pt-br\/events\/\" \/>\n<meta property=\"og:site_name\" content=\"apg\u00ae Solutions\" \/>\n<meta property=\"article:publisher\" content=\"https:\/\/www.facebook.com\/apgglobalsolutions\" \/>\n<meta property=\"article:modified_time\" content=\"2026-03-20T09:58:53+00:00\" \/>\n<meta name=\"twitter:card\" content=\"summary_large_image\" \/>\n<meta name=\"twitter:site\" content=\"@apg_solutions\" \/>\n<script type=\"application\/ld+json\" class=\"yoast-schema-graph\">{\"@context\":\"https:\/\/schema.org\",\"@graph\":[{\"@type\":\"WebPage\",\"@id\":\"https:\/\/apgsolutions.com\/pt-br\/events\/\",\"url\":\"https:\/\/apgsolutions.com\/pt-br\/events\/\",\"name\":\"Eventos globais | Solu\u00e7\u00f5es apg\",\"isPartOf\":{\"@id\":\"https:\/\/apgsolutions.com\/pt-br\/#website\"},\"datePublished\":\"2026-03-20T09:54:45+00:00\",\"dateModified\":\"2026-03-20T09:58:53+00:00\",\"description\":\"Gostar\u00edamos muito de nos encontrar com voc\u00ea! A apg exp\u00f5e e participa de feiras comerciais em todo o mundo. Clique em um dos pr\u00f3ximos eventos e agende uma reuni\u00e3o com nossa equipe hoje mesmo.\",\"inLanguage\":\"pt-BR\",\"potentialAction\":[{\"@type\":\"ReadAction\",\"target\":[\"https:\/\/apgsolutions.com\/pt-br\/events\/\"]}]},{\"@type\":\"WebSite\",\"@id\":\"https:\/\/apgsolutions.com\/pt-br\/#website\",\"url\":\"https:\/\/apgsolutions.com\/pt-br\/\",\"name\":\"APG Solutions, LLC\",\"description\":\"Trust at every point.\",\"publisher\":{\"@id\":\"https:\/\/apgsolutions.com\/pt-br\/#organization\"},\"potentialAction\":[{\"@type\":\"SearchAction\",\"target\":{\"@type\":\"EntryPoint\",\"urlTemplate\":\"https:\/\/apgsolutions.com\/pt-br\/?s={search_term_string}\"},\"query-input\":{\"@type\":\"PropertyValueSpecification\",\"valueRequired\":true,\"valueName\":\"search_term_string\"}}],\"inLanguage\":\"pt-BR\"},{\"@type\":\"Organization\",\"@id\":\"https:\/\/apgsolutions.com\/pt-br\/#organization\",\"name\":\"APG Solution, LLC\",\"url\":\"https:\/\/apgsolutions.com\/pt-br\/\",\"logo\":{\"@type\":\"ImageObject\",\"inLanguage\":\"pt-BR\",\"@id\":\"https:\/\/apgsolutions.com\/pt-br\/#\/schema\/logo\/image\/\",\"url\":\"https:\/\/apgsolutions.com\/wp-content\/uploads\/2023\/12\/logomark-color.svg\",\"contentUrl\":\"https:\/\/apgsolutions.com\/wp-content\/uploads\/2023\/12\/logomark-color.svg\",\"width\":141,\"height\":138,\"caption\":\"APG Solution, LLC\"},\"image\":{\"@id\":\"https:\/\/apgsolutions.com\/pt-br\/#\/schema\/logo\/image\/\"},\"sameAs\":[\"https:\/\/www.facebook.com\/apgglobalsolutions\",\"https:\/\/x.com\/apg_solutions\",\"https:\/\/www.youtube.com\/c\/CashManagementGlobalSolutionsbyapg\",\"https:\/\/www.linkedin.com\/company\/apgglobalsolutions\/\",\"https:\/\/www.instagram.com\/apgglobalsolutions\/\",\"https:\/\/www.pinterest.com\/apgcashdrawer\/\"]}]}<\/script>\n<!-- \/ Yoast SEO Premium plugin. -->","yoast_head_json":{"title":"Eventos globais | Solu\u00e7\u00f5es apg","description":"Gostar\u00edamos muito de nos encontrar com voc\u00ea! A apg exp\u00f5e e participa de feiras comerciais em todo o mundo. Clique em um dos pr\u00f3ximos eventos e agende uma reuni\u00e3o com nossa equipe hoje mesmo.","robots":{"index":"index","follow":"follow","max-snippet":"max-snippet:-1","max-image-preview":"max-image-preview:large","max-video-preview":"max-video-preview:-1"},"canonical":"https:\/\/apgsolutions.com\/pt-br\/events\/","og_locale":"pt_BR","og_type":"article","og_title":"Eventos globais | Solu\u00e7\u00f5es apg","og_description":"Gostar\u00edamos muito de nos encontrar com voc\u00ea! A apg exp\u00f5e e participa de feiras comerciais em todo o mundo. Clique em um dos pr\u00f3ximos eventos e agende uma reuni\u00e3o com nossa equipe hoje mesmo.","og_url":"https:\/\/apgsolutions.com\/pt-br\/events\/","og_site_name":"apg\u00ae Solutions","article_publisher":"https:\/\/www.facebook.com\/apgglobalsolutions","article_modified_time":"2026-03-20T09:58:53+00:00","twitter_card":"summary_large_image","twitter_site":"@apg_solutions","schema":{"@context":"https:\/\/schema.org","@graph":[{"@type":"WebPage","@id":"https:\/\/apgsolutions.com\/pt-br\/events\/","url":"https:\/\/apgsolutions.com\/pt-br\/events\/","name":"Eventos globais | Solu\u00e7\u00f5es apg","isPartOf":{"@id":"https:\/\/apgsolutions.com\/pt-br\/#website"},"datePublished":"2026-03-20T09:54:45+00:00","dateModified":"2026-03-20T09:58:53+00:00","description":"Gostar\u00edamos muito de nos encontrar com voc\u00ea! A apg exp\u00f5e e participa de feiras comerciais em todo o mundo. Clique em um dos pr\u00f3ximos eventos e agende uma reuni\u00e3o com nossa equipe hoje mesmo.","inLanguage":"pt-BR","potentialAction":[{"@type":"ReadAction","target":["https:\/\/apgsolutions.com\/pt-br\/events\/"]}]},{"@type":"WebSite","@id":"https:\/\/apgsolutions.com\/pt-br\/#website","url":"https:\/\/apgsolutions.com\/pt-br\/","name":"APG Solutions, LLC","description":"Trust at every point.","publisher":{"@id":"https:\/\/apgsolutions.com\/pt-br\/#organization"},"potentialAction":[{"@type":"SearchAction","target":{"@type":"EntryPoint","urlTemplate":"https:\/\/apgsolutions.com\/pt-br\/?s={search_term_string}"},"query-input":{"@type":"PropertyValueSpecification","valueRequired":true,"valueName":"search_term_string"}}],"inLanguage":"pt-BR"},{"@type":"Organization","@id":"https:\/\/apgsolutions.com\/pt-br\/#organization","name":"APG Solution, LLC","url":"https:\/\/apgsolutions.com\/pt-br\/","logo":{"@type":"ImageObject","inLanguage":"pt-BR","@id":"https:\/\/apgsolutions.com\/pt-br\/#\/schema\/logo\/image\/","url":"https:\/\/apgsolutions.com\/wp-content\/uploads\/2023\/12\/logomark-color.svg","contentUrl":"https:\/\/apgsolutions.com\/wp-content\/uploads\/2023\/12\/logomark-color.svg","width":141,"height":138,"caption":"APG Solution, LLC"},"image":{"@id":"https:\/\/apgsolutions.com\/pt-br\/#\/schema\/logo\/image\/"},"sameAs":["https:\/\/www.facebook.com\/apgglobalsolutions","https:\/\/x.com\/apg_solutions","https:\/\/www.youtube.com\/c\/CashManagementGlobalSolutionsbyapg","https:\/\/www.linkedin.com\/company\/apgglobalsolutions\/","https:\/\/www.instagram.com\/apgglobalsolutions\/","https:\/\/www.pinterest.com\/apgcashdrawer\/"]}]}},"acf":[],"_links":{"self":[{"href":"https:\/\/apgsolutions.com\/pt-br\/wp-json\/wp\/v2\/pages\/108196","targetHints":{"allow":["GET"]}}],"collection":[{"href":"https:\/\/apgsolutions.com\/pt-br\/wp-json\/wp\/v2\/pages"}],"about":[{"href":"https:\/\/apgsolutions.com\/pt-br\/wp-json\/wp\/v2\/types\/page"}],"author":[{"embeddable":true,"href":"https:\/\/apgsolutions.com\/pt-br\/wp-json\/wp\/v2\/users\/4"}],"replies":[{"embeddable":true,"href":"https:\/\/apgsolutions.com\/pt-br\/wp-json\/wp\/v2\/comments?post=108196"}],"version-history":[{"count":2,"href":"https:\/\/apgsolutions.com\/pt-br\/wp-json\/wp\/v2\/pages\/108196\/revisions"}],"predecessor-version":[{"id":108269,"href":"https:\/\/apgsolutions.com\/pt-br\/wp-json\/wp\/v2\/pages\/108196\/revisions\/108269"}],"wp:attachment":[{"href":"https:\/\/apgsolutions.com\/pt-br\/wp-json\/wp\/v2\/media?parent=108196"}],"curies":[{"name":"wp","href":"https:\/\/api.w.org\/{rel}","templated":true}]}}