{"id":108198,"date":"2026-03-20T09:54:58","date_gmt":"2026-03-20T09:54:58","guid":{"rendered":"https:\/\/apgsolutions.com\/software-development-kits\/"},"modified":"2026-03-23T14:13:33","modified_gmt":"2026-03-23T14:13:33","slug":"software-development-kits","status":"publish","type":"page","link":"https:\/\/apgsolutions.com\/pt-br\/software-development-kits\/","title":{"rendered":"Downloads de drivers e SDKs de gaveta de dinheiro"},"content":{"rendered":"<div class=\"section_page-header \">\n    <img decoding=\"async\" class=\"header-image\" src=\"https:\/\/apgsolutions.com\/wp-content\/uploads\/2023\/04\/dark-blue-rotated.jpg\" alt=\"dark-blue\" title=\"dark-blue\">\n            <div class=\"header-content\">\n            <h1>Cash Drawer Drivers and SDK Downloads<\/h1>\n        <\/div>\n    <\/div>\n<h2 class=\"wp-block-heading has-text-align-center has-large-font-size\" id=\"h-cash-drawer-driver-and-sdk-downloads\">Downloads do driver e do SDK da gaveta de dinheiro<\/h2>\n\n<p><strong>Voc\u00ea \u00e9 um desenvolvedor de software? Se for o caso, <a href=\"https:\/\/apgsolutions.com\/pt-br\/software-driver-kits\/\">visite esta p\u00e1gina<\/a>. <\/strong><\/p>\n\n<p>As gavetas de dinheiro apg\u00ae podem ser equipadas com uma variedade de interfaces diferentes para garantir que se comuniquem corretamente com outros hardwares e softwares <a href=\"https:\/\/apgsolutions.com\/pt-br\/products\/\">de ponto de venda<\/a>. N\u00e3o fornecemos drivers para gavetas de dinheiro como as interfaces 320-24vdc, 420-12vdc, 520-12\/24vdc. Essas gavetas se conectam e s\u00e3o controladas por impressoras de recibos de PDV ou terminais de PDV. Consulte o fabricante da impressora ou do terminal para obter os drivers\/c\u00f3digos. Consulte as op\u00e7\u00f5es de gaveta de dinheiro abaixo e fa\u00e7a o download do que \u00e9 necess\u00e1rio para sua loja de varejo!    <\/p>\n\n<p>554A USBPro: <a href=\"https:\/\/cashdrawer.sharefile.com\/d-s8292426c31344c3a\">https:\/\/cashdrawer.sharefile.com\/d-s8292426c31344c3a<\/a><br\/>554B USBPro: <a href=\"https:\/\/cashdrawer.sharefile.com\/d-s28a2b9aa3d041fbb\">https:\/\/cashdrawer.sharefile.com\/d-s28a2b9aa3d041fbb<\/a><br\/>484A SerialPRO: <a href=\"https:\/\/cashdrawer.sharefile.com\/d-s4dbbf4b58ad431e8\">https:\/\/cashdrawer.sharefile.com\/d-s4dbbf4b58ad431e8<\/a><br\/>485 USBProLite: <a href=\"https:\/\/cashdrawer.sharefile.com\/d-sa79027af2d74b3d9\">https:\/\/cashdrawer.sharefile.com\/d-sa79027af2d74b3d9<\/a><br\/>480A\/490A NetPRO: <a href=\"https:\/\/cashdrawer.sharefile.com\/d-s2fafd0bd4eb4665b\">https:\/\/cashdrawer.sharefile.com\/d-s2fafd0bd4eb4665b<\/a><br\/>486\/496 NetPRO Auth+Encrypt: <a href=\"https:\/\/cashdrawer.sharefile.com\/d-s8665bbbaac34c13a\">https:\/\/cashdrawer.sharefile.com\/d-s8665bbbaac34c13a<\/a><br\/>470 NetPRO: <a href=\"https:\/\/cashdrawer.sharefile.com\/d-s3474fcfe2874909a\">https:\/\/cashdrawer.sharefile.com\/d-s3474fcfe2874909a<\/a><\/p>\n\n<p>Se voc\u00ea tiver d\u00favidas, sinta-se \u00e0 vontade para entrar em contato conosco pelo <a href=\"mailto:support@us.cashdrawer.com\">e-mail support@us.cashdrawer.com<\/a><\/p>\n","protected":false},"excerpt":{"rendered":"<p>Downloads do driver e do SDK da gaveta de dinheiro Voc\u00ea \u00e9 um desenvolvedor de software? Se for o caso, visite esta p\u00e1gina. As gavetas de dinheiro apg\u00ae podem ser equipadas com uma variedade de interfaces diferentes para garantir que se comuniquem corretamente com outros hardwares e softwares de ponto de venda. N\u00e3o fornecemos drivers [&hellip;]<\/p>\n","protected":false},"author":4,"featured_media":0,"parent":0,"menu_order":0,"comment_status":"closed","ping_status":"closed","template":"","meta":{"_acf_changed":false,"content-type":"","footnotes":""},"class_list":["post-108198","page","type-page","status-publish"],"yoast_head":"<!-- This site is optimized with the Yoast SEO Premium plugin v23.5 (Yoast SEO v27.2) - https:\/\/yoast.com\/product\/yoast-seo-premium-wordpress\/ -->\n<title>Downloads de drivers e SDKs de gaveta de dinheiro<\/title>\n<meta name=\"description\" content=\"Voc\u00ea est\u00e1 procurando drivers e SDKs para gavetas de dinheiro? Veja as op\u00e7\u00f5es de driver abaixo e fa\u00e7a o download do que voc\u00ea precisa para sua loja de varejo!\" \/>\n<meta name=\"robots\" content=\"index, follow, max-snippet:-1, max-image-preview:large, max-video-preview:-1\" \/>\n<link rel=\"canonical\" href=\"https:\/\/apgsolutions.com\/pt-br\/software-development-kits\/\" \/>\n<meta property=\"og:locale\" content=\"pt_BR\" \/>\n<meta property=\"og:type\" content=\"article\" \/>\n<meta property=\"og:title\" content=\"Downloads de drivers e SDKs de gaveta de dinheiro\" \/>\n<meta property=\"og:description\" content=\"Voc\u00ea est\u00e1 procurando drivers e SDKs para gavetas de dinheiro? Veja as op\u00e7\u00f5es de driver abaixo e fa\u00e7a o download do que voc\u00ea precisa para sua loja de varejo!\" \/>\n<meta property=\"og:url\" content=\"https:\/\/apgsolutions.com\/pt-br\/software-development-kits\/\" \/>\n<meta property=\"og:site_name\" content=\"apg\u00ae Solutions\" \/>\n<meta property=\"article:publisher\" content=\"https:\/\/www.facebook.com\/apgglobalsolutions\" \/>\n<meta property=\"article:modified_time\" content=\"2026-03-23T14:13:33+00:00\" \/>\n<meta name=\"twitter:card\" content=\"summary_large_image\" \/>\n<meta name=\"twitter:site\" content=\"@apg_solutions\" \/>\n<meta name=\"twitter:label1\" content=\"Est. tempo de leitura\" \/>\n\t<meta name=\"twitter:data1\" content=\"1 minuto\" \/>\n<script type=\"application\/ld+json\" class=\"yoast-schema-graph\">{\"@context\":\"https:\/\/schema.org\",\"@graph\":[{\"@type\":\"WebPage\",\"@id\":\"https:\/\/apgsolutions.com\/pt-br\/software-development-kits\/\",\"url\":\"https:\/\/apgsolutions.com\/pt-br\/software-development-kits\/\",\"name\":\"Downloads de drivers e SDKs de gaveta de dinheiro\",\"isPartOf\":{\"@id\":\"https:\/\/apgsolutions.com\/pt-br\/#website\"},\"datePublished\":\"2026-03-20T09:54:58+00:00\",\"dateModified\":\"2026-03-23T14:13:33+00:00\",\"description\":\"Voc\u00ea est\u00e1 procurando drivers e SDKs para gavetas de dinheiro? Veja as op\u00e7\u00f5es de driver abaixo e fa\u00e7a o download do que voc\u00ea precisa para sua loja de varejo!\",\"inLanguage\":\"pt-BR\",\"potentialAction\":[{\"@type\":\"ReadAction\",\"target\":[\"https:\/\/apgsolutions.com\/pt-br\/software-development-kits\/\"]}]},{\"@type\":\"WebSite\",\"@id\":\"https:\/\/apgsolutions.com\/pt-br\/#website\",\"url\":\"https:\/\/apgsolutions.com\/pt-br\/\",\"name\":\"APG Solutions, LLC\",\"description\":\"Trust at every point.\",\"publisher\":{\"@id\":\"https:\/\/apgsolutions.com\/pt-br\/#organization\"},\"potentialAction\":[{\"@type\":\"SearchAction\",\"target\":{\"@type\":\"EntryPoint\",\"urlTemplate\":\"https:\/\/apgsolutions.com\/pt-br\/?s={search_term_string}\"},\"query-input\":{\"@type\":\"PropertyValueSpecification\",\"valueRequired\":true,\"valueName\":\"search_term_string\"}}],\"inLanguage\":\"pt-BR\"},{\"@type\":\"Organization\",\"@id\":\"https:\/\/apgsolutions.com\/pt-br\/#organization\",\"name\":\"APG Solution, LLC\",\"url\":\"https:\/\/apgsolutions.com\/pt-br\/\",\"logo\":{\"@type\":\"ImageObject\",\"inLanguage\":\"pt-BR\",\"@id\":\"https:\/\/apgsolutions.com\/pt-br\/#\/schema\/logo\/image\/\",\"url\":\"https:\/\/apgsolutions.com\/wp-content\/uploads\/2023\/12\/logomark-color.svg\",\"contentUrl\":\"https:\/\/apgsolutions.com\/wp-content\/uploads\/2023\/12\/logomark-color.svg\",\"width\":141,\"height\":138,\"caption\":\"APG Solution, LLC\"},\"image\":{\"@id\":\"https:\/\/apgsolutions.com\/pt-br\/#\/schema\/logo\/image\/\"},\"sameAs\":[\"https:\/\/www.facebook.com\/apgglobalsolutions\",\"https:\/\/x.com\/apg_solutions\",\"https:\/\/www.youtube.com\/c\/CashManagementGlobalSolutionsbyapg\",\"https:\/\/www.linkedin.com\/company\/apgglobalsolutions\/\",\"https:\/\/www.instagram.com\/apgglobalsolutions\/\",\"https:\/\/www.pinterest.com\/apgcashdrawer\/\"]}]}<\/script>\n<!-- \/ Yoast SEO Premium plugin. -->","yoast_head_json":{"title":"Downloads de drivers e SDKs de gaveta de dinheiro","description":"Voc\u00ea est\u00e1 procurando drivers e SDKs para gavetas de dinheiro? Veja as op\u00e7\u00f5es de driver abaixo e fa\u00e7a o download do que voc\u00ea precisa para sua loja de varejo!","robots":{"index":"index","follow":"follow","max-snippet":"max-snippet:-1","max-image-preview":"max-image-preview:large","max-video-preview":"max-video-preview:-1"},"canonical":"https:\/\/apgsolutions.com\/pt-br\/software-development-kits\/","og_locale":"pt_BR","og_type":"article","og_title":"Downloads de drivers e SDKs de gaveta de dinheiro","og_description":"Voc\u00ea est\u00e1 procurando drivers e SDKs para gavetas de dinheiro? Veja as op\u00e7\u00f5es de driver abaixo e fa\u00e7a o download do que voc\u00ea precisa para sua loja de varejo!","og_url":"https:\/\/apgsolutions.com\/pt-br\/software-development-kits\/","og_site_name":"apg\u00ae Solutions","article_publisher":"https:\/\/www.facebook.com\/apgglobalsolutions","article_modified_time":"2026-03-23T14:13:33+00:00","twitter_card":"summary_large_image","twitter_site":"@apg_solutions","twitter_misc":{"Est. tempo de leitura":"1 minuto"},"schema":{"@context":"https:\/\/schema.org","@graph":[{"@type":"WebPage","@id":"https:\/\/apgsolutions.com\/pt-br\/software-development-kits\/","url":"https:\/\/apgsolutions.com\/pt-br\/software-development-kits\/","name":"Downloads de drivers e SDKs de gaveta de dinheiro","isPartOf":{"@id":"https:\/\/apgsolutions.com\/pt-br\/#website"},"datePublished":"2026-03-20T09:54:58+00:00","dateModified":"2026-03-23T14:13:33+00:00","description":"Voc\u00ea est\u00e1 procurando drivers e SDKs para gavetas de dinheiro? Veja as op\u00e7\u00f5es de driver abaixo e fa\u00e7a o download do que voc\u00ea precisa para sua loja de varejo!","inLanguage":"pt-BR","potentialAction":[{"@type":"ReadAction","target":["https:\/\/apgsolutions.com\/pt-br\/software-development-kits\/"]}]},{"@type":"WebSite","@id":"https:\/\/apgsolutions.com\/pt-br\/#website","url":"https:\/\/apgsolutions.com\/pt-br\/","name":"APG Solutions, LLC","description":"Trust at every point.","publisher":{"@id":"https:\/\/apgsolutions.com\/pt-br\/#organization"},"potentialAction":[{"@type":"SearchAction","target":{"@type":"EntryPoint","urlTemplate":"https:\/\/apgsolutions.com\/pt-br\/?s={search_term_string}"},"query-input":{"@type":"PropertyValueSpecification","valueRequired":true,"valueName":"search_term_string"}}],"inLanguage":"pt-BR"},{"@type":"Organization","@id":"https:\/\/apgsolutions.com\/pt-br\/#organization","name":"APG Solution, LLC","url":"https:\/\/apgsolutions.com\/pt-br\/","logo":{"@type":"ImageObject","inLanguage":"pt-BR","@id":"https:\/\/apgsolutions.com\/pt-br\/#\/schema\/logo\/image\/","url":"https:\/\/apgsolutions.com\/wp-content\/uploads\/2023\/12\/logomark-color.svg","contentUrl":"https:\/\/apgsolutions.com\/wp-content\/uploads\/2023\/12\/logomark-color.svg","width":141,"height":138,"caption":"APG Solution, LLC"},"image":{"@id":"https:\/\/apgsolutions.com\/pt-br\/#\/schema\/logo\/image\/"},"sameAs":["https:\/\/www.facebook.com\/apgglobalsolutions","https:\/\/x.com\/apg_solutions","https:\/\/www.youtube.com\/c\/CashManagementGlobalSolutionsbyapg","https:\/\/www.linkedin.com\/company\/apgglobalsolutions\/","https:\/\/www.instagram.com\/apgglobalsolutions\/","https:\/\/www.pinterest.com\/apgcashdrawer\/"]}]}},"acf":[],"_links":{"self":[{"href":"https:\/\/apgsolutions.com\/pt-br\/wp-json\/wp\/v2\/pages\/108198","targetHints":{"allow":["GET"]}}],"collection":[{"href":"https:\/\/apgsolutions.com\/pt-br\/wp-json\/wp\/v2\/pages"}],"about":[{"href":"https:\/\/apgsolutions.com\/pt-br\/wp-json\/wp\/v2\/types\/page"}],"author":[{"embeddable":true,"href":"https:\/\/apgsolutions.com\/pt-br\/wp-json\/wp\/v2\/users\/4"}],"replies":[{"embeddable":true,"href":"https:\/\/apgsolutions.com\/pt-br\/wp-json\/wp\/v2\/comments?post=108198"}],"version-history":[{"count":2,"href":"https:\/\/apgsolutions.com\/pt-br\/wp-json\/wp\/v2\/pages\/108198\/revisions"}],"predecessor-version":[{"id":110785,"href":"https:\/\/apgsolutions.com\/pt-br\/wp-json\/wp\/v2\/pages\/108198\/revisions\/110785"}],"wp:attachment":[{"href":"https:\/\/apgsolutions.com\/pt-br\/wp-json\/wp\/v2\/media?parent=108198"}],"curies":[{"name":"wp","href":"https:\/\/api.w.org\/{rel}","templated":true}]}}