{"id":108210,"date":"2026-03-20T09:55:08","date_gmt":"2026-03-20T09:55:08","guid":{"rendered":"https:\/\/apgsolutions.com\/european-usb-drivers\/"},"modified":"2026-03-20T09:55:08","modified_gmt":"2026-03-20T09:55:08","slug":"european-usb-drivers","status":"publish","type":"page","link":"https:\/\/apgsolutions.com\/pt-br\/european-usb-drivers\/","title":{"rendered":"Drivers USB europeus"},"content":{"rendered":"<div class=\"section_page-header \">\n    <img decoding=\"async\" class=\"header-image\" src=\"https:\/\/apgsolutions.com\/wp-content\/uploads\/2023\/05\/European-USB-Drivers.jpg\" alt=\"European-USB-Drivers\" title=\"European-USB-Drivers\">\n            <div class=\"header-content\">\n            <h1>European<br>USB Drivers<\/h1>\n        <\/div>\n    <\/div>\n<h2 class=\"wp-block-heading\" id=\"h-usb-drivers-and-testing-utility\">Drivers USB e utilit\u00e1rio de teste<\/h2>\n\n<p>Os downloads a seguir cont\u00eam o utilit\u00e1rio de teste de gaveta de dinheiro APG USB (somente Windows) para gavetas USB internas e m\u00f3dulos UMI para USB, um arquivo de configura\u00e7\u00e3o associado, drivers USB para Windows e um documento de instru\u00e7\u00f5es. Esse utilit\u00e1rio facilita o teste de gavetas de dinheiro conectadas via USB e permite que as gavetas sejam abertas e que o status de abertura\/fechamento da gaveta seja monitorado. Selecione o download apropriado para o seu tipo de dispositivo:  <\/p>\n\n<p><a href=\"\/wp-content\/uploads\/2023\/05\/PROG0077.zip\">USB interno<\/a><br\/><a href=\"https:\/\/apgsolutions.com\/wp-content\/uploads\/2023\/05\/PROG0061.zip\">UMI &#8211; USB<\/a><\/p>\n\n<h2 class=\"wp-block-heading\" id=\"h-opos-drivers-and-testing-utility\">Drivers OPOS e utilit\u00e1rio de teste<\/h2>\n\n<p>Os downloads a seguir cont\u00eam os drivers APG OPOS e o utilit\u00e1rio de teste (somente Windows) para gavetas USB internas e m\u00f3dulos UMI para USB, os CCOs OPOS necess\u00e1rios e o documento de instru\u00e7\u00f5es. Esses drivers permitem que as gavetas sejam abertas e que o status de abertura\/fechamento da gaveta seja monitorado por meio do padr\u00e3o OPOS. O utilit\u00e1rio inclu\u00eddo facilita o teste do driver. Selecione o download apropriado para o seu tipo de dispositivo:   <\/p>\n\n<p><a href=\"\/wp-content\/uploads\/2023\/05\/PROG0121-rev-A-USB-OPOS-Driver-for-Windows.zip\">Driver USB OPOS interno <\/a><br\/><a href=\"https:\/\/apgsolutions.com\/wp-content\/uploads\/2023\/05\/PROG0078-rev-B-UMI-OPOS-Driver-for-Windows.zip\">UMI &#8211; Driver USB OPOS<\/a><\/p>\n\n<h2 class=\"wp-block-heading\" id=\"h-usb-sdk\">SDK USB<\/h2>\n\n<p>O download a seguir cont\u00e9m o kit de desenvolvimento de software APG USB para gavetas USB internas. Esse kit consiste em um exemplo de c\u00f3digo-fonte de utilit\u00e1rio de teste em C# e um documento de instru\u00e7\u00f5es. Esse utilit\u00e1rio facilita o teste de gavetas de dinheiro conectadas via USB e permite que as gavetas sejam abertas e que o status de abertura\/fechamento da gaveta seja monitorado.  <\/p>\n\n<p><a href=\"\/wp-content\/uploads\/2023\/05\/APG-EMEA-USB-Interface-SDK-rev-1.0.zip\">SDK USB interno<\/a><\/p>\n\n<hr class=\"wp-block-separator has-alpha-channel-opacity\"\/>\n\n<p>Os drivers USB da gaveta de dinheiro para outros sistemas operacionais est\u00e3o dispon\u00edveis aqui: <a href=\"http:\/\/www.ftdichip.com\/FTDrivers.htm\" target=\"_blank\" rel=\"noreferrer noopener nofollow\">https:\/\/www.ftdichip.com\/FTDrivers.htm<\/a><\/p>\n\n<p>Para obter suporte t\u00e9cnico, entre em contato com: <a href=\"mailto:sales.na@apgsolutions.com\">sales.na@apgsolutions.com<\/a> e <a href=\"mailto:sales.eu@apgsolutions.com\">sales.eu@apgsolutions.com<\/a><\/p>\n\n<p><\/p>\n","protected":false},"excerpt":{"rendered":"<p>Drivers USB e utilit\u00e1rio de teste Os downloads a seguir cont\u00eam o utilit\u00e1rio de teste de gaveta de dinheiro APG USB (somente Windows) para gavetas USB internas e m\u00f3dulos UMI para USB, um arquivo de configura\u00e7\u00e3o associado, drivers USB para Windows e um documento de instru\u00e7\u00f5es. Esse utilit\u00e1rio facilita o teste de gavetas de dinheiro [&hellip;]<\/p>\n","protected":false},"author":4,"featured_media":0,"parent":0,"menu_order":0,"comment_status":"closed","ping_status":"closed","template":"","meta":{"_acf_changed":false,"content-type":"","footnotes":""},"class_list":["post-108210","page","type-page","status-publish"],"yoast_head":"<!-- This site is optimized with the Yoast SEO Premium plugin v23.5 (Yoast SEO v27.2) - https:\/\/yoast.com\/product\/yoast-seo-premium-wordpress\/ -->\n<title>Drivers USB europeus | apg\u00ae Solutions<\/title>\n<meta name=\"description\" content=\"Cash Bases Utilit\u00e1rio de teste de gaveta de dinheiro USB (somente Windows) para gavetas USB internas e m\u00f3dulos UMI para USB e outros.\" \/>\n<meta name=\"robots\" content=\"index, follow, max-snippet:-1, max-image-preview:large, max-video-preview:-1\" \/>\n<link rel=\"canonical\" href=\"https:\/\/apgsolutions.com\/pt-br\/european-usb-drivers\/\" \/>\n<meta property=\"og:locale\" content=\"pt_BR\" \/>\n<meta property=\"og:type\" content=\"article\" \/>\n<meta property=\"og:title\" content=\"Drivers USB europeus | apg\u00ae Solutions\" \/>\n<meta property=\"og:description\" content=\"Cash Bases Utilit\u00e1rio de teste de gaveta de dinheiro USB (somente Windows) para gavetas USB internas e m\u00f3dulos UMI para USB e outros.\" \/>\n<meta property=\"og:url\" content=\"https:\/\/apgsolutions.com\/pt-br\/european-usb-drivers\/\" \/>\n<meta property=\"og:site_name\" content=\"apg\u00ae Solutions\" \/>\n<meta property=\"article:publisher\" content=\"https:\/\/www.facebook.com\/apgglobalsolutions\" \/>\n<meta name=\"twitter:card\" content=\"summary_large_image\" \/>\n<meta name=\"twitter:site\" content=\"@apg_solutions\" \/>\n<meta name=\"twitter:label1\" content=\"Est. tempo de leitura\" \/>\n\t<meta name=\"twitter:data1\" content=\"2 minutos\" \/>\n<script type=\"application\/ld+json\" class=\"yoast-schema-graph\">{\"@context\":\"https:\/\/schema.org\",\"@graph\":[{\"@type\":\"WebPage\",\"@id\":\"https:\/\/apgsolutions.com\/pt-br\/european-usb-drivers\/\",\"url\":\"https:\/\/apgsolutions.com\/pt-br\/european-usb-drivers\/\",\"name\":\"Drivers USB europeus | apg\u00ae Solutions\",\"isPartOf\":{\"@id\":\"https:\/\/apgsolutions.com\/pt-br\/#website\"},\"datePublished\":\"2026-03-20T09:55:08+00:00\",\"description\":\"Cash Bases Utilit\u00e1rio de teste de gaveta de dinheiro USB (somente Windows) para gavetas USB internas e m\u00f3dulos UMI para USB e outros.\",\"inLanguage\":\"pt-BR\",\"potentialAction\":[{\"@type\":\"ReadAction\",\"target\":[\"https:\/\/apgsolutions.com\/pt-br\/european-usb-drivers\/\"]}]},{\"@type\":\"WebSite\",\"@id\":\"https:\/\/apgsolutions.com\/pt-br\/#website\",\"url\":\"https:\/\/apgsolutions.com\/pt-br\/\",\"name\":\"APG Solutions, LLC\",\"description\":\"Trust at every point.\",\"publisher\":{\"@id\":\"https:\/\/apgsolutions.com\/pt-br\/#organization\"},\"potentialAction\":[{\"@type\":\"SearchAction\",\"target\":{\"@type\":\"EntryPoint\",\"urlTemplate\":\"https:\/\/apgsolutions.com\/pt-br\/?s={search_term_string}\"},\"query-input\":{\"@type\":\"PropertyValueSpecification\",\"valueRequired\":true,\"valueName\":\"search_term_string\"}}],\"inLanguage\":\"pt-BR\"},{\"@type\":\"Organization\",\"@id\":\"https:\/\/apgsolutions.com\/pt-br\/#organization\",\"name\":\"APG Solution, LLC\",\"url\":\"https:\/\/apgsolutions.com\/pt-br\/\",\"logo\":{\"@type\":\"ImageObject\",\"inLanguage\":\"pt-BR\",\"@id\":\"https:\/\/apgsolutions.com\/pt-br\/#\/schema\/logo\/image\/\",\"url\":\"https:\/\/apgsolutions.com\/wp-content\/uploads\/2023\/12\/logomark-color.svg\",\"contentUrl\":\"https:\/\/apgsolutions.com\/wp-content\/uploads\/2023\/12\/logomark-color.svg\",\"width\":141,\"height\":138,\"caption\":\"APG Solution, LLC\"},\"image\":{\"@id\":\"https:\/\/apgsolutions.com\/pt-br\/#\/schema\/logo\/image\/\"},\"sameAs\":[\"https:\/\/www.facebook.com\/apgglobalsolutions\",\"https:\/\/x.com\/apg_solutions\",\"https:\/\/www.youtube.com\/c\/CashManagementGlobalSolutionsbyapg\",\"https:\/\/www.linkedin.com\/company\/apgglobalsolutions\/\",\"https:\/\/www.instagram.com\/apgglobalsolutions\/\",\"https:\/\/www.pinterest.com\/apgcashdrawer\/\"]}]}<\/script>\n<!-- \/ Yoast SEO Premium plugin. -->","yoast_head_json":{"title":"Drivers USB europeus | apg\u00ae Solutions","description":"Cash Bases Utilit\u00e1rio de teste de gaveta de dinheiro USB (somente Windows) para gavetas USB internas e m\u00f3dulos UMI para USB e outros.","robots":{"index":"index","follow":"follow","max-snippet":"max-snippet:-1","max-image-preview":"max-image-preview:large","max-video-preview":"max-video-preview:-1"},"canonical":"https:\/\/apgsolutions.com\/pt-br\/european-usb-drivers\/","og_locale":"pt_BR","og_type":"article","og_title":"Drivers USB europeus | apg\u00ae Solutions","og_description":"Cash Bases Utilit\u00e1rio de teste de gaveta de dinheiro USB (somente Windows) para gavetas USB internas e m\u00f3dulos UMI para USB e outros.","og_url":"https:\/\/apgsolutions.com\/pt-br\/european-usb-drivers\/","og_site_name":"apg\u00ae Solutions","article_publisher":"https:\/\/www.facebook.com\/apgglobalsolutions","twitter_card":"summary_large_image","twitter_site":"@apg_solutions","twitter_misc":{"Est. tempo de leitura":"2 minutos"},"schema":{"@context":"https:\/\/schema.org","@graph":[{"@type":"WebPage","@id":"https:\/\/apgsolutions.com\/pt-br\/european-usb-drivers\/","url":"https:\/\/apgsolutions.com\/pt-br\/european-usb-drivers\/","name":"Drivers USB europeus | apg\u00ae Solutions","isPartOf":{"@id":"https:\/\/apgsolutions.com\/pt-br\/#website"},"datePublished":"2026-03-20T09:55:08+00:00","description":"Cash Bases Utilit\u00e1rio de teste de gaveta de dinheiro USB (somente Windows) para gavetas USB internas e m\u00f3dulos UMI para USB e outros.","inLanguage":"pt-BR","potentialAction":[{"@type":"ReadAction","target":["https:\/\/apgsolutions.com\/pt-br\/european-usb-drivers\/"]}]},{"@type":"WebSite","@id":"https:\/\/apgsolutions.com\/pt-br\/#website","url":"https:\/\/apgsolutions.com\/pt-br\/","name":"APG Solutions, LLC","description":"Trust at every point.","publisher":{"@id":"https:\/\/apgsolutions.com\/pt-br\/#organization"},"potentialAction":[{"@type":"SearchAction","target":{"@type":"EntryPoint","urlTemplate":"https:\/\/apgsolutions.com\/pt-br\/?s={search_term_string}"},"query-input":{"@type":"PropertyValueSpecification","valueRequired":true,"valueName":"search_term_string"}}],"inLanguage":"pt-BR"},{"@type":"Organization","@id":"https:\/\/apgsolutions.com\/pt-br\/#organization","name":"APG Solution, LLC","url":"https:\/\/apgsolutions.com\/pt-br\/","logo":{"@type":"ImageObject","inLanguage":"pt-BR","@id":"https:\/\/apgsolutions.com\/pt-br\/#\/schema\/logo\/image\/","url":"https:\/\/apgsolutions.com\/wp-content\/uploads\/2023\/12\/logomark-color.svg","contentUrl":"https:\/\/apgsolutions.com\/wp-content\/uploads\/2023\/12\/logomark-color.svg","width":141,"height":138,"caption":"APG Solution, LLC"},"image":{"@id":"https:\/\/apgsolutions.com\/pt-br\/#\/schema\/logo\/image\/"},"sameAs":["https:\/\/www.facebook.com\/apgglobalsolutions","https:\/\/x.com\/apg_solutions","https:\/\/www.youtube.com\/c\/CashManagementGlobalSolutionsbyapg","https:\/\/www.linkedin.com\/company\/apgglobalsolutions\/","https:\/\/www.instagram.com\/apgglobalsolutions\/","https:\/\/www.pinterest.com\/apgcashdrawer\/"]}]}},"acf":[],"_links":{"self":[{"href":"https:\/\/apgsolutions.com\/pt-br\/wp-json\/wp\/v2\/pages\/108210","targetHints":{"allow":["GET"]}}],"collection":[{"href":"https:\/\/apgsolutions.com\/pt-br\/wp-json\/wp\/v2\/pages"}],"about":[{"href":"https:\/\/apgsolutions.com\/pt-br\/wp-json\/wp\/v2\/types\/page"}],"author":[{"embeddable":true,"href":"https:\/\/apgsolutions.com\/pt-br\/wp-json\/wp\/v2\/users\/4"}],"replies":[{"embeddable":true,"href":"https:\/\/apgsolutions.com\/pt-br\/wp-json\/wp\/v2\/comments?post=108210"}],"version-history":[{"count":1,"href":"https:\/\/apgsolutions.com\/pt-br\/wp-json\/wp\/v2\/pages\/108210\/revisions"}],"predecessor-version":[{"id":108212,"href":"https:\/\/apgsolutions.com\/pt-br\/wp-json\/wp\/v2\/pages\/108210\/revisions\/108212"}],"wp:attachment":[{"href":"https:\/\/apgsolutions.com\/pt-br\/wp-json\/wp\/v2\/media?parent=108210"}],"curies":[{"name":"wp","href":"https:\/\/api.w.org\/{rel}","templated":true}]}}