{"id":108213,"date":"2026-03-20T09:55:10","date_gmt":"2026-03-20T09:55:10","guid":{"rendered":"https:\/\/apgsolutions.com\/connecting-cash-drawer-printer\/"},"modified":"2026-03-20T15:35:17","modified_gmt":"2026-03-20T15:35:17","slug":"connecting-cash-drawer-printer","status":"publish","type":"page","link":"https:\/\/apgsolutions.com\/pt-br\/connecting-cash-drawer-printer\/","title":{"rendered":"Como conectar uma gaveta de dinheiro a uma impressora"},"content":{"rendered":"<div class=\"section_page-header \">\n    <img decoding=\"async\" class=\"header-image\" src=\"https:\/\/apgsolutions.com\/wp-content\/uploads\/2023\/05\/connecting-a-cash-dawer-to-a-printer.jpg\" alt=\"connecting-a-cash-dawer-to-a-printer\" title=\"connecting-a-cash-dawer-to-a-printer\">\n            <div class=\"header-content\">\n            <h1>How to Connect a Cash Drawer to a Printer<\/h1>\n        <\/div>\n    <\/div>\n<h2 class=\"wp-block-heading has-text-align-center\">Conex\u00e3o de uma gaveta de dinheiro APG a uma impressora de recibos de 24V<\/h2>\n\n<div class=\"wp-block-columns is-layout-flex wp-container-core-columns-is-layout-9d6595d7 wp-block-columns-is-layout-flex\">\n<div class=\"wp-block-column is-layout-flow wp-block-column-is-layout-flow\" style=\"flex-basis:66.66%\">\n<p>A maioria das impressoras de recibos no mercado de <a href=\"https:\/\/apgsolutions.com\/pt-br\/products\/\">pontos de venda<\/a> tem portas de chute de gaveta que enviam um sinal de 24 VCC para abrir a gaveta de dinheiro. \u00c9 importante observar que nem todas as portas de chute de gaveta dos fabricantes de impressoras s\u00e3o fixadas da mesma forma. Isso significa que h\u00e1 muitos cabos diferentes que podem ser usados para a sua configura\u00e7\u00e3o. As informa\u00e7\u00f5es abaixo podem ser usadas para tentar determinar o cabo correto para muitas impressoras comumente usadas. Voc\u00ea tamb\u00e9m pode <a href=\"https:\/\/youtu.be\/AMzGxOqm3GA\" target=\"_blank\" rel=\"noreferrer noopener\">assistir a este v\u00eddeo<\/a> para ajud\u00e1-lo com a conex\u00e3o da gaveta de dinheiro \u00e0 impressora de recibos.    <\/p>\n<\/div>\n\n\n\n<div class=\"wp-block-column is-layout-flow wp-block-column-is-layout-flow\" style=\"flex-basis:33.33%\"><div class=\"wp-block-image wp-duotone-unset-2\">\n<figure class=\"aligncenter size-thumbnail\"><img decoding=\"async\" width=\"150\" height=\"150\" src=\"https:\/\/apgsolutions.com\/wp-content\/uploads\/2023\/05\/Cable-used-for-multiple-parts-150x150.jpg\" alt=\"Conex&#xE3;o de uma gaveta de dinheiro APG a uma impressora de recibos de 24V\" class=\"wp-image-3257\" srcset=\"https:\/\/apgsolutions.com\/wp-content\/uploads\/2023\/05\/Cable-used-for-multiple-parts-150x150.jpg 150w, https:\/\/apgsolutions.com\/wp-content\/uploads\/2023\/05\/Cable-used-for-multiple-parts-300x300.jpg 300w, https:\/\/apgsolutions.com\/wp-content\/uploads\/2023\/05\/Cable-used-for-multiple-parts-100x100.jpg 100w\" sizes=\"(max-width: 150px) 100vw, 150px\" \/><\/figure>\n<\/div><\/div>\n<\/div>\n\n<figure class=\"wp-block-embed aligncenter is-type-video is-provider-youtube wp-block-embed-youtube wp-embed-aspect-16-9 wp-has-aspect-ratio\"><div class=\"wp-block-embed__wrapper\">\n<iframe title=\"How to Connect a Cash Drawer to a POS Receipt Printer - Connecting your Cash Register\" width=\"500\" height=\"281\" src=\"https:\/\/www.youtube.com\/embed\/AMzGxOqm3GA?feature=oembed\" frameborder=\"0\" allow=\"accelerometer; autoplay; clipboard-write; encrypted-media; gyroscope; picture-in-picture; web-share\" referrerpolicy=\"strict-origin-when-cross-origin\" allowfullscreen><\/iframe>\n<\/div><\/figure>\n\n<h3 class=\"wp-block-heading\" id=\"h-what-cash-drawer-do-i-have\">Que gaveta de dinheiro eu tenho?<\/h3>\n\n<p>A obten\u00e7\u00e3o do cabo certo come\u00e7a com a certeza de que voc\u00ea tem a gaveta de dinheiro certa. A gaveta de dinheiro que voc\u00ea est\u00e1 usando deve ter a nossa interface MultiPRO\u00ae &#8220;320&#8221; para funcionar com impressoras de recibos de 24V. Veja os exemplos abaixo:  <\/p>\n\n<p>JD320-BL1816-C<br\/>JB320-BL1816-C<br\/>T320-BL1616<br\/>VB320-BL1616<br\/>VBS320-BL1915<br\/>VP320-BL1416<\/p>\n\n<p>Se voc\u00ea n\u00e3o souber o n\u00famero da pe\u00e7a, assista aos v\u00eddeos nesta <a href=\"https:\/\/apgsolutions.com\/pt-br\/resources\/\">p\u00e1gina<\/a>.<\/p>\n\n<h3 class=\"wp-block-heading\" id=\"h-what-cable-do-i-need\">Qual cabo eu preciso?<\/h3>\n\n<p>A tabela abaixo inclui algumas das impressoras e fabricantes de impressoras mais comuns. Encontre a impressora que voc\u00ea est\u00e1 usando abaixo e siga a tabela at\u00e9 a coluna &#8220;APG Cable Needed&#8221; (Cabo APG necess\u00e1rio) para ver qual cabo voc\u00ea precisar\u00e1. <\/p>\n\n<figure class=\"wp-block-table is-style-stripes\"><table><thead><tr><th>Fabricante da impressora<\/th><th>Modelo\/s\u00e9rie da impressora<\/th><th>Necessidade de cabos APG<\/th><th>Link para nossa loja on-line<\/th><\/tr><\/thead><tbody><tr><td>Epson<\/td><td>S\u00e9rie TM<\/td><td>CD-101A<\/td><td><a href=\"https:\/\/apgsolutions.com\/pt-br\/store\/cd-101a-printer-cable\/\">encomendar agora<\/a><\/td><\/tr><tr><td>Estrela<\/td><td>S\u00e9ries SP e TSP<\/td><td>CD-101A<\/td><td><a href=\"https:\/\/apgsolutions.com\/pt-br\/store\/cd-101a-printer-cable\/\">encomendar agora<\/a><\/td><\/tr><tr><td>TPG<\/td><td>&#8220;S\u00e9rie &#8220;A<\/td><td>CD-102A<\/td><td><a href=\"https:\/\/apgsolutions.com\/pt-br\/store\/cd-102a\/\">encomendar agora<\/a><\/td><\/tr><tr><td>Cidad\u00e3o<\/td><td>S\u00e9ries CT e CTS<\/td><td>CD-101A<\/td><td><a href=\"https:\/\/apgsolutions.com\/pt-br\/store\/cd-101a-printer-cable\/\">encomendar agora<\/a><\/td><\/tr><\/tbody><\/table><\/figure>\n\n<p>Veja a lista completa de impressoras e cabos em nosso <a href=\"https:\/\/apgsolutions.com\/wp-content\/uploads\/2023\/06\/M-43-031_revAT-PDF.pdf\" target=\"_blank\" rel=\"noreferrer noopener\">Guia de conectividade<\/a>.<\/p>\n\n<hr class=\"wp-block-separator has-alpha-channel-opacity\"\/>\n\n<p>Se voc\u00ea tiver outras d\u00favidas sobre esse assunto, entre em contato conosco pelo telefone +1 763-571-5000 ou envie um e-mail para <a href=\"mailto:sales.na@apgsolutions.com\">sales.na@apgsolutions.com<\/a> e <a href=\"mailto:sales.eu@apgsolutions.com\">sales.eu@apgsolutions.com.<\/a> Ao enviar um e-mail, inclua o n\u00famero de pe\u00e7a da gaveta de dinheiro, a marca e a s\u00e9rie da impressora. <\/p>\n","protected":false},"excerpt":{"rendered":"<p>Conex\u00e3o de uma gaveta de dinheiro APG a uma impressora de recibos de 24V A maioria das impressoras de recibos no mercado de pontos de venda tem portas de chute de gaveta que enviam um sinal de 24 VCC para abrir a gaveta de dinheiro. \u00c9 importante observar que nem todas as portas de chute [&hellip;]<\/p>\n","protected":false},"author":4,"featured_media":0,"parent":0,"menu_order":0,"comment_status":"closed","ping_status":"closed","template":"","meta":{"_acf_changed":false,"content-type":"","footnotes":""},"class_list":["post-108213","page","type-page","status-publish"],"yoast_head":"<!-- This site is optimized with the Yoast SEO Premium plugin v23.5 (Yoast SEO v27.2) - https:\/\/yoast.com\/product\/yoast-seo-premium-wordpress\/ -->\n<title>Conex\u00e3o de uma gaveta de dinheiro a uma impressora | apg\u00ae Solutions<\/title>\n<meta name=\"description\" content=\"Como conectar uma gaveta de dinheiro a uma impressora. A maioria das impressoras de recibos no mercado tem portas de chute de gaveta que enviam um sinal de 24 VCC para abrir a gaveta de dinheiro. \u00c9 importante observar que nem todas as portas de chute de gaveta do fabricante da impressora t\u00eam a mesma fixa\u00e7\u00e3o.\" \/>\n<meta name=\"robots\" content=\"index, follow, max-snippet:-1, max-image-preview:large, max-video-preview:-1\" \/>\n<link rel=\"canonical\" href=\"https:\/\/apgsolutions.com\/pt-br\/connecting-cash-drawer-printer\/\" \/>\n<meta property=\"og:locale\" content=\"pt_BR\" \/>\n<meta property=\"og:type\" content=\"article\" \/>\n<meta property=\"og:title\" content=\"Conex\u00e3o de uma gaveta de dinheiro a uma impressora | apg\u00ae Solutions\" \/>\n<meta property=\"og:description\" content=\"Como conectar uma gaveta de dinheiro a uma impressora. A maioria das impressoras de recibos no mercado tem portas de chute de gaveta que enviam um sinal de 24 VCC para abrir a gaveta de dinheiro. \u00c9 importante observar que nem todas as portas de chute de gaveta do fabricante da impressora t\u00eam a mesma fixa\u00e7\u00e3o.\" \/>\n<meta property=\"og:url\" content=\"https:\/\/apgsolutions.com\/pt-br\/connecting-cash-drawer-printer\/\" \/>\n<meta property=\"og:site_name\" content=\"apg\u00ae Solutions\" \/>\n<meta property=\"article:publisher\" content=\"https:\/\/www.facebook.com\/apgglobalsolutions\" \/>\n<meta property=\"article:modified_time\" content=\"2026-03-20T15:35:17+00:00\" \/>\n<meta property=\"og:image\" content=\"https:\/\/apgsolutions.com\/wp-content\/uploads\/2023\/05\/Cable-used-for-multiple-parts-150x150.jpg\" \/>\n<meta name=\"twitter:card\" content=\"summary_large_image\" \/>\n<meta name=\"twitter:site\" content=\"@apg_solutions\" \/>\n<meta name=\"twitter:label1\" content=\"Est. tempo de leitura\" \/>\n\t<meta name=\"twitter:data1\" content=\"2 minutos\" \/>\n<script type=\"application\/ld+json\" class=\"yoast-schema-graph\">{\"@context\":\"https:\/\/schema.org\",\"@graph\":[{\"@type\":\"WebPage\",\"@id\":\"https:\/\/apgsolutions.com\/pt-br\/connecting-cash-drawer-printer\/\",\"url\":\"https:\/\/apgsolutions.com\/pt-br\/connecting-cash-drawer-printer\/\",\"name\":\"Conex\u00e3o de uma gaveta de dinheiro a uma impressora | apg\u00ae Solutions\",\"isPartOf\":{\"@id\":\"https:\/\/apgsolutions.com\/pt-br\/#website\"},\"primaryImageOfPage\":{\"@id\":\"https:\/\/apgsolutions.com\/pt-br\/connecting-cash-drawer-printer\/#primaryimage\"},\"image\":{\"@id\":\"https:\/\/apgsolutions.com\/pt-br\/connecting-cash-drawer-printer\/#primaryimage\"},\"thumbnailUrl\":\"https:\/\/apgsolutions.com\/wp-content\/uploads\/2023\/05\/Cable-used-for-multiple-parts-150x150.jpg\",\"datePublished\":\"2026-03-20T09:55:10+00:00\",\"dateModified\":\"2026-03-20T15:35:17+00:00\",\"description\":\"Como conectar uma gaveta de dinheiro a uma impressora. A maioria das impressoras de recibos no mercado tem portas de chute de gaveta que enviam um sinal de 24 VCC para abrir a gaveta de dinheiro. \u00c9 importante observar que nem todas as portas de chute de gaveta do fabricante da impressora t\u00eam a mesma fixa\u00e7\u00e3o.\",\"inLanguage\":\"pt-BR\",\"potentialAction\":[{\"@type\":\"ReadAction\",\"target\":[\"https:\/\/apgsolutions.com\/pt-br\/connecting-cash-drawer-printer\/\"]}]},{\"@type\":\"ImageObject\",\"inLanguage\":\"pt-BR\",\"@id\":\"https:\/\/apgsolutions.com\/pt-br\/connecting-cash-drawer-printer\/#primaryimage\",\"url\":\"https:\/\/apgsolutions.com\/wp-content\/uploads\/2023\/05\/Cable-used-for-multiple-parts-150x150.jpg\",\"contentUrl\":\"https:\/\/apgsolutions.com\/wp-content\/uploads\/2023\/05\/Cable-used-for-multiple-parts-150x150.jpg\"},{\"@type\":\"WebSite\",\"@id\":\"https:\/\/apgsolutions.com\/pt-br\/#website\",\"url\":\"https:\/\/apgsolutions.com\/pt-br\/\",\"name\":\"APG Solutions, LLC\",\"description\":\"Trust at every point.\",\"publisher\":{\"@id\":\"https:\/\/apgsolutions.com\/pt-br\/#organization\"},\"potentialAction\":[{\"@type\":\"SearchAction\",\"target\":{\"@type\":\"EntryPoint\",\"urlTemplate\":\"https:\/\/apgsolutions.com\/pt-br\/?s={search_term_string}\"},\"query-input\":{\"@type\":\"PropertyValueSpecification\",\"valueRequired\":true,\"valueName\":\"search_term_string\"}}],\"inLanguage\":\"pt-BR\"},{\"@type\":\"Organization\",\"@id\":\"https:\/\/apgsolutions.com\/pt-br\/#organization\",\"name\":\"APG Solution, LLC\",\"url\":\"https:\/\/apgsolutions.com\/pt-br\/\",\"logo\":{\"@type\":\"ImageObject\",\"inLanguage\":\"pt-BR\",\"@id\":\"https:\/\/apgsolutions.com\/pt-br\/#\/schema\/logo\/image\/\",\"url\":\"https:\/\/apgsolutions.com\/wp-content\/uploads\/2023\/12\/logomark-color.svg\",\"contentUrl\":\"https:\/\/apgsolutions.com\/wp-content\/uploads\/2023\/12\/logomark-color.svg\",\"width\":141,\"height\":138,\"caption\":\"APG Solution, LLC\"},\"image\":{\"@id\":\"https:\/\/apgsolutions.com\/pt-br\/#\/schema\/logo\/image\/\"},\"sameAs\":[\"https:\/\/www.facebook.com\/apgglobalsolutions\",\"https:\/\/x.com\/apg_solutions\",\"https:\/\/www.youtube.com\/c\/CashManagementGlobalSolutionsbyapg\",\"https:\/\/www.linkedin.com\/company\/apgglobalsolutions\/\",\"https:\/\/www.instagram.com\/apgglobalsolutions\/\",\"https:\/\/www.pinterest.com\/apgcashdrawer\/\"]}]}<\/script>\n<!-- \/ Yoast SEO Premium plugin. -->","yoast_head_json":{"title":"Conex\u00e3o de uma gaveta de dinheiro a uma impressora | apg\u00ae Solutions","description":"Como conectar uma gaveta de dinheiro a uma impressora. A maioria das impressoras de recibos no mercado tem portas de chute de gaveta que enviam um sinal de 24 VCC para abrir a gaveta de dinheiro. \u00c9 importante observar que nem todas as portas de chute de gaveta do fabricante da impressora t\u00eam a mesma fixa\u00e7\u00e3o.","robots":{"index":"index","follow":"follow","max-snippet":"max-snippet:-1","max-image-preview":"max-image-preview:large","max-video-preview":"max-video-preview:-1"},"canonical":"https:\/\/apgsolutions.com\/pt-br\/connecting-cash-drawer-printer\/","og_locale":"pt_BR","og_type":"article","og_title":"Conex\u00e3o de uma gaveta de dinheiro a uma impressora | apg\u00ae Solutions","og_description":"Como conectar uma gaveta de dinheiro a uma impressora. A maioria das impressoras de recibos no mercado tem portas de chute de gaveta que enviam um sinal de 24 VCC para abrir a gaveta de dinheiro. \u00c9 importante observar que nem todas as portas de chute de gaveta do fabricante da impressora t\u00eam a mesma fixa\u00e7\u00e3o.","og_url":"https:\/\/apgsolutions.com\/pt-br\/connecting-cash-drawer-printer\/","og_site_name":"apg\u00ae Solutions","article_publisher":"https:\/\/www.facebook.com\/apgglobalsolutions","article_modified_time":"2026-03-20T15:35:17+00:00","og_image":[{"url":"https:\/\/apgsolutions.com\/wp-content\/uploads\/2023\/05\/Cable-used-for-multiple-parts-150x150.jpg","type":"","width":"","height":""}],"twitter_card":"summary_large_image","twitter_site":"@apg_solutions","twitter_misc":{"Est. tempo de leitura":"2 minutos"},"schema":{"@context":"https:\/\/schema.org","@graph":[{"@type":"WebPage","@id":"https:\/\/apgsolutions.com\/pt-br\/connecting-cash-drawer-printer\/","url":"https:\/\/apgsolutions.com\/pt-br\/connecting-cash-drawer-printer\/","name":"Conex\u00e3o de uma gaveta de dinheiro a uma impressora | apg\u00ae Solutions","isPartOf":{"@id":"https:\/\/apgsolutions.com\/pt-br\/#website"},"primaryImageOfPage":{"@id":"https:\/\/apgsolutions.com\/pt-br\/connecting-cash-drawer-printer\/#primaryimage"},"image":{"@id":"https:\/\/apgsolutions.com\/pt-br\/connecting-cash-drawer-printer\/#primaryimage"},"thumbnailUrl":"https:\/\/apgsolutions.com\/wp-content\/uploads\/2023\/05\/Cable-used-for-multiple-parts-150x150.jpg","datePublished":"2026-03-20T09:55:10+00:00","dateModified":"2026-03-20T15:35:17+00:00","description":"Como conectar uma gaveta de dinheiro a uma impressora. A maioria das impressoras de recibos no mercado tem portas de chute de gaveta que enviam um sinal de 24 VCC para abrir a gaveta de dinheiro. \u00c9 importante observar que nem todas as portas de chute de gaveta do fabricante da impressora t\u00eam a mesma fixa\u00e7\u00e3o.","inLanguage":"pt-BR","potentialAction":[{"@type":"ReadAction","target":["https:\/\/apgsolutions.com\/pt-br\/connecting-cash-drawer-printer\/"]}]},{"@type":"ImageObject","inLanguage":"pt-BR","@id":"https:\/\/apgsolutions.com\/pt-br\/connecting-cash-drawer-printer\/#primaryimage","url":"https:\/\/apgsolutions.com\/wp-content\/uploads\/2023\/05\/Cable-used-for-multiple-parts-150x150.jpg","contentUrl":"https:\/\/apgsolutions.com\/wp-content\/uploads\/2023\/05\/Cable-used-for-multiple-parts-150x150.jpg"},{"@type":"WebSite","@id":"https:\/\/apgsolutions.com\/pt-br\/#website","url":"https:\/\/apgsolutions.com\/pt-br\/","name":"APG Solutions, LLC","description":"Trust at every point.","publisher":{"@id":"https:\/\/apgsolutions.com\/pt-br\/#organization"},"potentialAction":[{"@type":"SearchAction","target":{"@type":"EntryPoint","urlTemplate":"https:\/\/apgsolutions.com\/pt-br\/?s={search_term_string}"},"query-input":{"@type":"PropertyValueSpecification","valueRequired":true,"valueName":"search_term_string"}}],"inLanguage":"pt-BR"},{"@type":"Organization","@id":"https:\/\/apgsolutions.com\/pt-br\/#organization","name":"APG Solution, LLC","url":"https:\/\/apgsolutions.com\/pt-br\/","logo":{"@type":"ImageObject","inLanguage":"pt-BR","@id":"https:\/\/apgsolutions.com\/pt-br\/#\/schema\/logo\/image\/","url":"https:\/\/apgsolutions.com\/wp-content\/uploads\/2023\/12\/logomark-color.svg","contentUrl":"https:\/\/apgsolutions.com\/wp-content\/uploads\/2023\/12\/logomark-color.svg","width":141,"height":138,"caption":"APG Solution, LLC"},"image":{"@id":"https:\/\/apgsolutions.com\/pt-br\/#\/schema\/logo\/image\/"},"sameAs":["https:\/\/www.facebook.com\/apgglobalsolutions","https:\/\/x.com\/apg_solutions","https:\/\/www.youtube.com\/c\/CashManagementGlobalSolutionsbyapg","https:\/\/www.linkedin.com\/company\/apgglobalsolutions\/","https:\/\/www.instagram.com\/apgglobalsolutions\/","https:\/\/www.pinterest.com\/apgcashdrawer\/"]}]}},"acf":[],"_links":{"self":[{"href":"https:\/\/apgsolutions.com\/pt-br\/wp-json\/wp\/v2\/pages\/108213","targetHints":{"allow":["GET"]}}],"collection":[{"href":"https:\/\/apgsolutions.com\/pt-br\/wp-json\/wp\/v2\/pages"}],"about":[{"href":"https:\/\/apgsolutions.com\/pt-br\/wp-json\/wp\/v2\/types\/page"}],"author":[{"embeddable":true,"href":"https:\/\/apgsolutions.com\/pt-br\/wp-json\/wp\/v2\/users\/4"}],"replies":[{"embeddable":true,"href":"https:\/\/apgsolutions.com\/pt-br\/wp-json\/wp\/v2\/comments?post=108213"}],"version-history":[{"count":3,"href":"https:\/\/apgsolutions.com\/pt-br\/wp-json\/wp\/v2\/pages\/108213\/revisions"}],"predecessor-version":[{"id":110144,"href":"https:\/\/apgsolutions.com\/pt-br\/wp-json\/wp\/v2\/pages\/108213\/revisions\/110144"}],"wp:attachment":[{"href":"https:\/\/apgsolutions.com\/pt-br\/wp-json\/wp\/v2\/media?parent=108213"}],"curies":[{"name":"wp","href":"https:\/\/api.w.org\/{rel}","templated":true}]}}