{"id":108237,"date":"2026-03-20T09:58:34","date_gmt":"2026-03-20T09:58:34","guid":{"rendered":"https:\/\/apgsolutions.com\/cables\/"},"modified":"2026-03-23T14:42:22","modified_gmt":"2026-03-23T14:42:22","slug":"cables","status":"publish","type":"page","link":"https:\/\/apgsolutions.com\/pt-br\/support\/faqs\/cables\/","title":{"rendered":"Cabos"},"content":{"rendered":"<div class=\"section_page-header \">\n    <img decoding=\"async\" class=\"header-image\" src=\"https:\/\/apgsolutions.com\/wp-content\/uploads\/2023\/04\/business-cards.jpg\" alt=\"business-cards\" title=\"business-cards\">\n            <div class=\"header-content\">\n            <h1>Cables<\/h1>\n        <\/div>\n    <\/div>\n<h2 class=\"wp-block-heading has-text-align-center has-x-large-font-size\" id=\"h-cash-drawer-cables-faqs\">Perguntas frequentes sobre cabos de gaveta de dinheiro<\/h2>\n\n<p>Saiba mais sobre suas necessidades de conex\u00e3o de cabos para gavetas de dinheiro. A APG oferece cabos para voc\u00ea se conectar a uma impressora de PDV, porta USB, interface perif\u00e9rica e muito mais. Role a tela abaixo para ver nossas perguntas frequentes sobre cabos. Se voc\u00ea precisar de ajuda adicional do suporte t\u00e9cnico, preencha o formul\u00e1rio na parte inferior desta p\u00e1gina ou entre em contato conosco em nossa <a href=\"https:\/\/apgsolutions.com\/pt-br\/support\/\">p\u00e1gina de Suporte<\/a>.   <\/p>\n\n<div class=\"wp-block-columns is-layout-flex wp-container-core-columns-is-layout-9d6595d7 wp-block-columns-is-layout-flex\">\n<div class=\"wp-block-column tile has-link selected is-layout-flow wp-block-column-is-layout-flow\" style=\"flex-basis:20%\"><div class=\"wp-block-image\">\n<figure class=\"aligncenter size-full is-resized\"><img decoding=\"async\" width=\"100\" height=\"100\" src=\"https:\/\/apgsolutions.com\/wp-content\/uploads\/2023\/06\/USB-Interface-Icon_white-1.png\" alt=\"&#xCD;cone de interface USB\" class=\"wp-image-65801\" style=\"width:60px;height:60px\" srcset=\"https:\/\/apgsolutions.com\/wp-content\/uploads\/2023\/06\/USB-Interface-Icon_white-1.png 100w, https:\/\/apgsolutions.com\/wp-content\/uploads\/2023\/06\/USB-Interface-Icon_white-1-80x80.png 80w, https:\/\/apgsolutions.com\/wp-content\/uploads\/2023\/06\/USB-Interface-Icon_white-1-95x95.png 95w\" sizes=\"(max-width: 100px) 100vw, 100px\" \/><\/figure>\n<\/div>\n\n\n<h3 class=\"wp-block-heading has-text-align-center\" id=\"h-cables\" style=\"font-size:1.125rem\">Cabos<\/h3>\n\n\n\n<p class=\"has-text-align-center\">Consulte nossas perguntas frequentes relacionadas \u00e0s ofertas de gavetas de dinheiro acionadas por impressora da APG<\/p>\n\n\n\n<p class=\"has-text-align-center cover-link\"><a href=\"https:\/\/apgsolutions.com\/pt-br\/cables\/\">Link<\/a><\/p>\n<\/div>\n\n\n\n<div class=\"wp-block-column tile has-link is-layout-flow wp-block-column-is-layout-flow\" style=\"flex-basis:20%\"><div class=\"wp-block-image\">\n<figure class=\"aligncenter size-full\"><img decoding=\"async\" width=\"63\" height=\"60\" src=\"https:\/\/apgsolutions.com\/wp-content\/uploads\/2023\/06\/Archive_white.png\" alt=\"&#xCD;cone de arquivo\" class=\"wp-image-65817\" srcset=\"https:\/\/apgsolutions.com\/wp-content\/uploads\/2023\/06\/Archive_white.png 63w, https:\/\/apgsolutions.com\/wp-content\/uploads\/2023\/06\/Archive_white-61x58.png 61w\" sizes=\"(max-width: 63px) 100vw, 63px\" \/><\/figure>\n<\/div>\n\n\n<h3 class=\"wp-block-heading has-text-align-center\" id=\"h-interface-drivers\" style=\"font-size:1.125rem\">Interface + drivers<\/h3>\n\n\n\n<p class=\"has-text-align-center\">Clique aqui para ver as perguntas relacionadas a interfaces e drivers<\/p>\n\n\n\n<p class=\"has-text-align-center cover-link\"><a href=\"https:\/\/apgsolutions.com\/pt-br\/support\/faqs\/interface-drivers\/\">Link<\/a><\/p>\n<\/div>\n\n\n\n<div class=\"wp-block-column tile has-link is-layout-flow wp-block-column-is-layout-flow\" style=\"flex-basis:20%\"><div class=\"wp-block-image\">\n<figure class=\"aligncenter size-full is-resized\"><img decoding=\"async\" width=\"68\" height=\"67\" src=\"https:\/\/apgsolutions.com\/wp-content\/uploads\/2023\/06\/KeysandLocks.png\" alt=\"&#xCD;cone de chaves e cadeados\" class=\"wp-image-65822\" style=\"width:61px;height:60px\"\/><\/figure>\n<\/div>\n\n\n<h3 class=\"wp-block-heading has-text-align-center\" id=\"h-keys-and-locks\" style=\"font-size:1.125rem\">Chaves e cadeados<\/h3>\n\n\n\n<p class=\"has-text-align-center\">Clique aqui para ver perguntas relacionadas a chaves e fechaduras de gavetas de dinheiro<\/p>\n\n\n\n<p class=\"has-text-align-center cover-link\"><a href=\"https:\/\/apgsolutions.com\/pt-br\/support\/faqs\/keys-and-locks-2\/\">Link<\/a><\/p>\n<\/div>\n\n\n\n<div class=\"wp-block-column tile has-link is-layout-flow wp-block-column-is-layout-flow\" style=\"flex-basis:20%\"><div class=\"wp-block-image\">\n<figure class=\"aligncenter size-full is-resized\"><img loading=\"lazy\" decoding=\"async\" width=\"65\" height=\"65\" src=\"https:\/\/apgsolutions.com\/wp-content\/uploads\/2023\/06\/Operations_White.png\" alt=\"&#xCD;cone de opera&#xE7;&#xF5;es\" class=\"wp-image-65827\" style=\"width:60px;height:60px\"\/><\/figure>\n<\/div>\n\n\n<h3 class=\"wp-block-heading has-text-align-center\" id=\"h-operating-maintenance\" style=\"font-size:1.125rem\">Opera\u00e7\u00e3o + manuten\u00e7\u00e3o<\/h3>\n\n\n\n<p class=\"has-text-align-center\">Clique aqui para ver as perguntas frequentes relacionadas \u00e0 manuten\u00e7\u00e3o da gaveta de dinheiro e aos recursos operacionais<\/p>\n\n\n\n<p class=\"has-text-align-center cover-link\"><a href=\"https:\/\/apgsolutions.com\/pt-br\/support\/faqs\/operating-maintenance\/\">Link<\/a><\/p>\n<\/div>\n\n\n\n<div class=\"wp-block-column tile has-link is-layout-flow wp-block-column-is-layout-flow\" style=\"flex-basis:20%\"><div class=\"wp-block-image\">\n<figure class=\"aligncenter size-full is-resized\"><img loading=\"lazy\" decoding=\"async\" width=\"65\" height=\"61\" src=\"https:\/\/apgsolutions.com\/wp-content\/uploads\/2023\/06\/repair-tools_white.png\" alt=\"&#xED;cone da ferramenta de reparo\" class=\"wp-image-65832\" style=\"width:64px;height:60px\" srcset=\"https:\/\/apgsolutions.com\/wp-content\/uploads\/2023\/06\/repair-tools_white.png 65w, https:\/\/apgsolutions.com\/wp-content\/uploads\/2023\/06\/repair-tools_white-61x58.png 61w\" sizes=\"(max-width: 65px) 100vw, 65px\" \/><\/figure>\n<\/div>\n\n\n<h3 class=\"wp-block-heading has-text-align-center\" id=\"h-warranty-repairs\" style=\"font-size:1.125rem\">Garantia + reparos<\/h3>\n\n\n\n<p class=\"has-text-align-center\">Clique aqui para ver as perguntas relacionadas a reparos<\/p>\n\n\n\n<p class=\"has-text-align-center cover-link\"><a href=\"https:\/\/apgsolutions.com\/pt-br\/support\/faqs\/warranty-repairs\/\">Link<\/a><\/p>\n<\/div>\n<\/div>\n\n<h2 class=\"wp-block-heading has-text-align-center\" id=\"h-what-cable-do-i-need-i-have-no-cable\">De que cabo eu preciso? N\u00e3o tenho nenhum cabo. <\/h2>\n\n<p>O n\u00famero de pe\u00e7a do cabo da gaveta de dinheiro MutliPRO\u00ae 320\/420\/520 depende da impressora\/terminal \u00e0 qual voc\u00ea se conecta. Consulte nosso <a href=\"https:\/\/apgsolutions.com\/wp-content\/uploads\/2023\/06\/M-43-031_revAT-PDF.pdf\" target=\"_blank\" rel=\"noreferrer noopener\">Guia de Conectividade<\/a> para saber qual o cabo correto que voc\u00ea deve comprar. Os cabos podem ser comprados em revendedores de POS ou em nossa <a href=\"\/store\/\">loja on-line<\/a>. Observe as seguintes atualiza\u00e7\u00f5es de cabos: &#8211; Os cabos CD-005A e CD-014A foram substitu\u00eddos pelo <a href=\"https:\/\/apgsolutions.com\/pt-br\/store\/cd-101a-printer-cable\/\">cabo CD-101A<\/a> &#8211; Os cabos CD-005B e CD-014B foram substitu\u00eddos pelo <a href=\"https:\/\/apgsolutions.com\/pt-br\/store\/cd-101b\/\">cabo CD-101B<\/a> &#8211; O cabo CD-001A foi substitu\u00eddo pelo <a href=\"https:\/\/apgsolutions.com\/pt-br\/store\/cd-102a\/\">cabo CD-102A<\/a> &#8211; O cabo CD-001B foi substitu\u00eddo pelo <a href=\"https:\/\/apgsolutions.com\/pt-br\/store\/cd-102b\/\">cabo CD-102B<\/a> &#8211; Os cabos CD-005A10 e CD-014A10 foram substitu\u00eddos pelo <a href=\"https:\/\/apgsolutions.com\/pt-br\/store\/cd-101a-10\/\">cabo CD-101A-10<\/a>   <\/p>\n\n<figure class=\"wp-block-image size-full\"><img loading=\"lazy\" decoding=\"async\" width=\"300\" height=\"300\" src=\"https:\/\/apgsolutions.com\/wp-content\/uploads\/2023\/06\/cable-comparison-3-300x300-1.jpg\" alt=\"compara&#xE7;&#xE3;o de cabos\" class=\"wp-image-65847\" srcset=\"https:\/\/apgsolutions.com\/wp-content\/uploads\/2023\/06\/cable-comparison-3-300x300-1.jpg 300w, https:\/\/apgsolutions.com\/wp-content\/uploads\/2023\/06\/cable-comparison-3-300x300-1-150x150.jpg 150w, https:\/\/apgsolutions.com\/wp-content\/uploads\/2023\/06\/cable-comparison-3-300x300-1-80x80.jpg 80w, https:\/\/apgsolutions.com\/wp-content\/uploads\/2023\/06\/cable-comparison-3-300x300-1-160x160.jpg 160w, https:\/\/apgsolutions.com\/wp-content\/uploads\/2023\/06\/cable-comparison-3-300x300-1-95x95.jpg 95w, https:\/\/apgsolutions.com\/wp-content\/uploads\/2023\/06\/cable-comparison-3-300x300-1-100x100.jpg 100w\" sizes=\"(max-width: 300px) 100vw, 300px\" \/><\/figure>\n\n<p>Um cabo apg usa um fio robusto de bitola mais pesada, com nosso nome em uma etiqueta branca. O cabo falsificado usa um fio de bitola mais fina que se rompe facilmente, com uma etiqueta prateada longa ou nenhuma etiqueta. Por favor, tome as decis\u00f5es corretas de compra para evitar complica\u00e7\u00f5es e mau funcionamento posteriores. Os cabos apg podem ser adquiridos em nossa <a href=\"\/store\/\">loja on-line<\/a>.   <\/p>\n\n<h2 class=\"wp-block-heading has-text-align-center\" id=\"h-what-cables-are-required-for-my-cash-drawer\">Quais cabos s\u00e3o necess\u00e1rios para a minha gaveta de dinheiro?<\/h2>\n\n<p>Dependendo da gaveta de dinheiro que voc\u00ea comprou e de como deseja configurar o sistema de PDV, isso determinar\u00e1 o cabeamento necess\u00e1rio. Voc\u00ea pode precisar de um divisor de cabos, de uma cadeia em margarida ou de v\u00e1rios cabos para configura\u00e7\u00f5es de v\u00e1rias gavetas. Consulte nosso <a href=\"https:\/\/apgsolutions.com\/wp-content\/uploads\/2023\/06\/M-43-031_revAT-PDF.pdf\" target=\"_blank\" rel=\"noreferrer noopener\">Guia de conectividade de PDV<\/a> para saber mais sobre o tipo de cabo que voc\u00ea precisa para configurar sua gaveta de dinheiro.  <\/p>\n\n<h2 class=\"wp-block-heading has-text-align-center\" id=\"h-why-is-there-no-cable-included-with-my-multipro-320-cash-drawer\">Por que meu MultiPRO\u00ae 320\/gaveta de dinheiro n\u00e3o vem com um cabo?<\/h2>\n\n<p>Os cabos MultiPRO\u00ae s\u00e3o vendidos separadamente. O cabo correto depende da marca e do modelo da sua impressora de recibos. Temos v\u00e1rios cabos prontos para voc\u00ea. Veja o <a href=\"https:\/\/apgsolutions.com\/wp-content\/uploads\/2023\/06\/M-43-031_revAT-PDF.pdf\" target=\"_blank\" rel=\"noreferrer noopener\">Guia de conectividade<\/a> e <a href=\"https:\/\/apgsolutions.com\/pt-br\/connecting-cash-drawer-printer\/\">como conectar uma gaveta de dinheiro a uma impressora<\/a>.   <\/p>\n\n<h2 class=\"wp-block-heading has-text-align-center\" id=\"h-how-to-connect-a-cash-drawer-to-a-pos-receipt-printer\">Como conectar uma gaveta de dinheiro a uma impressora de recibos de PDV<\/h2>\n\n<p>Voc\u00ea quer saber como conectar uma gaveta de dinheiro a uma impressora de recibos de PDV? Leia as instru\u00e7\u00f5es e assista ao v\u00eddeo abaixo para obter ajuda! Voc\u00ea adquiriu a gaveta de dinheiro de 24 volts CC acionada por impressora. Este v\u00eddeo ajudar\u00e1 voc\u00ea com a aquisi\u00e7\u00e3o de cabos e dicas de solu\u00e7\u00e3o de problemas relacionados \u00e0 abertura eletr\u00f4nica da gaveta de dinheiro a partir da impressora de recibos de PDV. O n\u00famero correto da pe\u00e7a do cabo APG necess\u00e1rio depende da marca e do modelo da impressora de recibos que voc\u00ea possui. O n\u00famero exato da pe\u00e7a do cabo APG est\u00e1 localizado em nosso <a href=\"https:\/\/apgsolutions.com\/wp-content\/uploads\/2023\/06\/M-43-031_revAT-PDF.pdf\">guia de conectividade<\/a>. O n\u00famero de pe\u00e7a do seu cabo est\u00e1 localizado na terceira coluna. Por exemplo, se voc\u00ea tiver a impressora de recibos Epson s\u00e9rie TM, precisar\u00e1 do cabo CD-101A. Esse cabo est\u00e1 dispon\u00edvel por meio de revendedores de PDV e pode ser facilmente encontrado on-line. Em seu navegador, pesquise CD-101A para ver suas op\u00e7\u00f5es de compra. Prenda a extremidade menor do cabo na porta de abertura da gaveta da impressora. Em seguida, verifique se a extremidade maior do cabo est\u00e1 instalada na porta RJ 45 da gaveta de dinheiro, na parte inferior da gaveta. Agora que a conex\u00e3o est\u00e1 conclu\u00edda, h\u00e1 alguns requisitos que devem ser atendidos. Vamos nos certificar de que <a href=\"https:\/\/apgsolutions.com\/pt-br\/\">a gaveta de dinheiro<\/a> esteja mecanicamente correta. Use a chave para abrir e fechar a gaveta de forma suave, com o clique da trava fechando. Verifique se a trava est\u00e1 na posi\u00e7\u00e3o vertical, das 12 \u00e0s 6 horas &#8211; eletricamente on-line. Sua impressora de recibos deve estar operacional e sem erros ou n\u00e3o abrir\u00e1 eletronicamente a gaveta. Finalmente, o software do ponto de venda deve comunicar \u00e0 impressora que h\u00e1 uma gaveta de dinheiro, portanto, certifique-se de que a gaveta de dinheiro esteja ativada no software do ponto de venda. Para isso, voc\u00ea pode precisar da ajuda do seu fornecedor de software de PDV. Mais informa\u00e7\u00f5es podem ser encontradas <a href=\"https:\/\/apgsolutions.com\/pt-br\/connecting-cash-drawer-printer\/\">aqui<\/a>.                   <\/p>\n\n<figure class=\"wp-block-embed aligncenter is-type-video is-provider-youtube wp-block-embed-youtube wp-embed-aspect-16-9 wp-has-aspect-ratio\"><div class=\"wp-block-embed__wrapper\">\n<iframe title=\"How to Connect a Cash Drawer to a POS Receipt Printer - Connecting your Cash Register\" width=\"500\" height=\"281\" src=\"https:\/\/www.youtube.com\/embed\/AMzGxOqm3GA?feature=oembed\" frameborder=\"0\" allow=\"accelerometer; autoplay; clipboard-write; encrypted-media; gyroscope; picture-in-picture; web-share\" referrerpolicy=\"strict-origin-when-cross-origin\" allowfullscreen><\/iframe>\n<\/div><\/figure>\n\n<h2 class=\"wp-block-heading has-text-align-center\" id=\"h-contact-us-for-cash-drawer-technical-support\">Entre em contato conosco para obter suporte t\u00e9cnico para gavetas de dinheiro<\/h2>\n<p><script charset=\"utf-8\" type=\"text\/javascript\" src=\"\/\/js.hsforms.net\/forms\/embed\/v2.js\"><\/script><br \/>\n<script>\n  hbspt.forms.create({\n    region: \"na1\",\n    portalId: \"3337275\",\n    formId: \"3a628e92-d1cb-47d1-aee7-a34c02043524\"\n  });\n<\/script><\/p>\n","protected":false},"excerpt":{"rendered":"<p>Perguntas frequentes sobre cabos de gaveta de dinheiro Saiba mais sobre suas necessidades de conex\u00e3o de cabos para gavetas de dinheiro. A APG oferece cabos para voc\u00ea se conectar a uma impressora de PDV, porta USB, interface perif\u00e9rica e muito mais. Role a tela abaixo para ver nossas perguntas frequentes sobre cabos. Se voc\u00ea precisar [&hellip;]<\/p>\n","protected":false},"author":4,"featured_media":0,"parent":109629,"menu_order":0,"comment_status":"closed","ping_status":"closed","template":"","meta":{"_acf_changed":false,"content-type":"","footnotes":""},"class_list":["post-108237","page","type-page","status-publish"],"yoast_head":"<!-- This site is optimized with the Yoast SEO Premium plugin v23.5 (Yoast SEO v27.2) - https:\/\/yoast.com\/product\/yoast-seo-premium-wordpress\/ -->\n<title>Cabos<\/title>\n<meta name=\"description\" content=\"Encontre respostas para perguntas comuns sobre cabos de gaveta de dinheiro, incluindo sele\u00e7\u00e3o, conex\u00e3o e compatibilidade para sistemas POS.\" \/>\n<meta name=\"robots\" content=\"index, follow, max-snippet:-1, max-image-preview:large, max-video-preview:-1\" \/>\n<link rel=\"canonical\" href=\"https:\/\/apgsolutions.com\/pt-br\/support\/faqs\/cables\/\" \/>\n<meta property=\"og:locale\" content=\"pt_BR\" \/>\n<meta property=\"og:type\" content=\"article\" \/>\n<meta property=\"og:title\" content=\"Cabos\" \/>\n<meta property=\"og:description\" content=\"Encontre respostas para perguntas comuns sobre cabos de gaveta de dinheiro, incluindo sele\u00e7\u00e3o, conex\u00e3o e compatibilidade para sistemas POS.\" \/>\n<meta property=\"og:url\" content=\"https:\/\/apgsolutions.com\/pt-br\/support\/faqs\/cables\/\" \/>\n<meta property=\"og:site_name\" content=\"apg\u00ae Solutions\" \/>\n<meta property=\"article:publisher\" content=\"https:\/\/www.facebook.com\/apgglobalsolutions\" \/>\n<meta property=\"article:modified_time\" content=\"2026-03-23T14:42:22+00:00\" \/>\n<meta property=\"og:image\" content=\"https:\/\/apgsolutions.com\/wp-content\/uploads\/2023\/06\/USB-Interface-Icon_white-1.png\" \/>\n<meta name=\"twitter:card\" content=\"summary_large_image\" \/>\n<meta name=\"twitter:site\" content=\"@apg_solutions\" \/>\n<meta name=\"twitter:label1\" content=\"Est. tempo de leitura\" \/>\n\t<meta name=\"twitter:data1\" content=\"4 minutos\" \/>\n<script type=\"application\/ld+json\" class=\"yoast-schema-graph\">{\"@context\":\"https:\/\/schema.org\",\"@graph\":[{\"@type\":\"WebPage\",\"@id\":\"https:\/\/apgsolutions.com\/pt-br\/support\/faqs\/cables\/\",\"url\":\"https:\/\/apgsolutions.com\/pt-br\/support\/faqs\/cables\/\",\"name\":\"Cabos\",\"isPartOf\":{\"@id\":\"https:\/\/apgsolutions.com\/pt-br\/#website\"},\"primaryImageOfPage\":{\"@id\":\"https:\/\/apgsolutions.com\/pt-br\/support\/faqs\/cables\/#primaryimage\"},\"image\":{\"@id\":\"https:\/\/apgsolutions.com\/pt-br\/support\/faqs\/cables\/#primaryimage\"},\"thumbnailUrl\":\"https:\/\/apgsolutions.com\/wp-content\/uploads\/2023\/06\/USB-Interface-Icon_white-1.png\",\"datePublished\":\"2026-03-20T09:58:34+00:00\",\"dateModified\":\"2026-03-23T14:42:22+00:00\",\"description\":\"Encontre respostas para perguntas comuns sobre cabos de gaveta de dinheiro, incluindo sele\u00e7\u00e3o, conex\u00e3o e compatibilidade para sistemas POS.\",\"breadcrumb\":{\"@id\":\"https:\/\/apgsolutions.com\/pt-br\/support\/faqs\/cables\/#breadcrumb\"},\"inLanguage\":\"pt-BR\",\"potentialAction\":[{\"@type\":\"ReadAction\",\"target\":[\"https:\/\/apgsolutions.com\/pt-br\/support\/faqs\/cables\/\"]}]},{\"@type\":\"ImageObject\",\"inLanguage\":\"pt-BR\",\"@id\":\"https:\/\/apgsolutions.com\/pt-br\/support\/faqs\/cables\/#primaryimage\",\"url\":\"https:\/\/apgsolutions.com\/wp-content\/uploads\/2023\/06\/USB-Interface-Icon_white-1.png\",\"contentUrl\":\"https:\/\/apgsolutions.com\/wp-content\/uploads\/2023\/06\/USB-Interface-Icon_white-1.png\"},{\"@type\":\"BreadcrumbList\",\"@id\":\"https:\/\/apgsolutions.com\/pt-br\/support\/faqs\/cables\/#breadcrumb\",\"itemListElement\":[{\"@type\":\"ListItem\",\"position\":1,\"name\":\"Suporte\",\"item\":\"https:\/\/apgsolutions.com\/pt-br\/support\/\"},{\"@type\":\"ListItem\",\"position\":2,\"name\":\"Perguntas frequentes sobre o produto\",\"item\":\"https:\/\/apgsolutions.com\/pt-br\/support\/faqs\/\"},{\"@type\":\"ListItem\",\"position\":3,\"name\":\"Cabos\"}]},{\"@type\":\"WebSite\",\"@id\":\"https:\/\/apgsolutions.com\/pt-br\/#website\",\"url\":\"https:\/\/apgsolutions.com\/pt-br\/\",\"name\":\"APG Solutions, LLC\",\"description\":\"Trust at every point.\",\"publisher\":{\"@id\":\"https:\/\/apgsolutions.com\/pt-br\/#organization\"},\"potentialAction\":[{\"@type\":\"SearchAction\",\"target\":{\"@type\":\"EntryPoint\",\"urlTemplate\":\"https:\/\/apgsolutions.com\/pt-br\/?s={search_term_string}\"},\"query-input\":{\"@type\":\"PropertyValueSpecification\",\"valueRequired\":true,\"valueName\":\"search_term_string\"}}],\"inLanguage\":\"pt-BR\"},{\"@type\":\"Organization\",\"@id\":\"https:\/\/apgsolutions.com\/pt-br\/#organization\",\"name\":\"APG Solution, LLC\",\"url\":\"https:\/\/apgsolutions.com\/pt-br\/\",\"logo\":{\"@type\":\"ImageObject\",\"inLanguage\":\"pt-BR\",\"@id\":\"https:\/\/apgsolutions.com\/pt-br\/#\/schema\/logo\/image\/\",\"url\":\"https:\/\/apgsolutions.com\/wp-content\/uploads\/2023\/12\/logomark-color.svg\",\"contentUrl\":\"https:\/\/apgsolutions.com\/wp-content\/uploads\/2023\/12\/logomark-color.svg\",\"width\":141,\"height\":138,\"caption\":\"APG Solution, LLC\"},\"image\":{\"@id\":\"https:\/\/apgsolutions.com\/pt-br\/#\/schema\/logo\/image\/\"},\"sameAs\":[\"https:\/\/www.facebook.com\/apgglobalsolutions\",\"https:\/\/x.com\/apg_solutions\",\"https:\/\/www.youtube.com\/c\/CashManagementGlobalSolutionsbyapg\",\"https:\/\/www.linkedin.com\/company\/apgglobalsolutions\/\",\"https:\/\/www.instagram.com\/apgglobalsolutions\/\",\"https:\/\/www.pinterest.com\/apgcashdrawer\/\"]}]}<\/script>\n<!-- \/ Yoast SEO Premium plugin. -->","yoast_head_json":{"title":"Cabos","description":"Encontre respostas para perguntas comuns sobre cabos de gaveta de dinheiro, incluindo sele\u00e7\u00e3o, conex\u00e3o e compatibilidade para sistemas POS.","robots":{"index":"index","follow":"follow","max-snippet":"max-snippet:-1","max-image-preview":"max-image-preview:large","max-video-preview":"max-video-preview:-1"},"canonical":"https:\/\/apgsolutions.com\/pt-br\/support\/faqs\/cables\/","og_locale":"pt_BR","og_type":"article","og_title":"Cabos","og_description":"Encontre respostas para perguntas comuns sobre cabos de gaveta de dinheiro, incluindo sele\u00e7\u00e3o, conex\u00e3o e compatibilidade para sistemas POS.","og_url":"https:\/\/apgsolutions.com\/pt-br\/support\/faqs\/cables\/","og_site_name":"apg\u00ae Solutions","article_publisher":"https:\/\/www.facebook.com\/apgglobalsolutions","article_modified_time":"2026-03-23T14:42:22+00:00","og_image":[{"url":"https:\/\/apgsolutions.com\/wp-content\/uploads\/2023\/06\/USB-Interface-Icon_white-1.png","type":"","width":"","height":""}],"twitter_card":"summary_large_image","twitter_site":"@apg_solutions","twitter_misc":{"Est. tempo de leitura":"4 minutos"},"schema":{"@context":"https:\/\/schema.org","@graph":[{"@type":"WebPage","@id":"https:\/\/apgsolutions.com\/pt-br\/support\/faqs\/cables\/","url":"https:\/\/apgsolutions.com\/pt-br\/support\/faqs\/cables\/","name":"Cabos","isPartOf":{"@id":"https:\/\/apgsolutions.com\/pt-br\/#website"},"primaryImageOfPage":{"@id":"https:\/\/apgsolutions.com\/pt-br\/support\/faqs\/cables\/#primaryimage"},"image":{"@id":"https:\/\/apgsolutions.com\/pt-br\/support\/faqs\/cables\/#primaryimage"},"thumbnailUrl":"https:\/\/apgsolutions.com\/wp-content\/uploads\/2023\/06\/USB-Interface-Icon_white-1.png","datePublished":"2026-03-20T09:58:34+00:00","dateModified":"2026-03-23T14:42:22+00:00","description":"Encontre respostas para perguntas comuns sobre cabos de gaveta de dinheiro, incluindo sele\u00e7\u00e3o, conex\u00e3o e compatibilidade para sistemas POS.","breadcrumb":{"@id":"https:\/\/apgsolutions.com\/pt-br\/support\/faqs\/cables\/#breadcrumb"},"inLanguage":"pt-BR","potentialAction":[{"@type":"ReadAction","target":["https:\/\/apgsolutions.com\/pt-br\/support\/faqs\/cables\/"]}]},{"@type":"ImageObject","inLanguage":"pt-BR","@id":"https:\/\/apgsolutions.com\/pt-br\/support\/faqs\/cables\/#primaryimage","url":"https:\/\/apgsolutions.com\/wp-content\/uploads\/2023\/06\/USB-Interface-Icon_white-1.png","contentUrl":"https:\/\/apgsolutions.com\/wp-content\/uploads\/2023\/06\/USB-Interface-Icon_white-1.png"},{"@type":"BreadcrumbList","@id":"https:\/\/apgsolutions.com\/pt-br\/support\/faqs\/cables\/#breadcrumb","itemListElement":[{"@type":"ListItem","position":1,"name":"Suporte","item":"https:\/\/apgsolutions.com\/pt-br\/support\/"},{"@type":"ListItem","position":2,"name":"Perguntas frequentes sobre o produto","item":"https:\/\/apgsolutions.com\/pt-br\/support\/faqs\/"},{"@type":"ListItem","position":3,"name":"Cabos"}]},{"@type":"WebSite","@id":"https:\/\/apgsolutions.com\/pt-br\/#website","url":"https:\/\/apgsolutions.com\/pt-br\/","name":"APG Solutions, LLC","description":"Trust at every point.","publisher":{"@id":"https:\/\/apgsolutions.com\/pt-br\/#organization"},"potentialAction":[{"@type":"SearchAction","target":{"@type":"EntryPoint","urlTemplate":"https:\/\/apgsolutions.com\/pt-br\/?s={search_term_string}"},"query-input":{"@type":"PropertyValueSpecification","valueRequired":true,"valueName":"search_term_string"}}],"inLanguage":"pt-BR"},{"@type":"Organization","@id":"https:\/\/apgsolutions.com\/pt-br\/#organization","name":"APG Solution, LLC","url":"https:\/\/apgsolutions.com\/pt-br\/","logo":{"@type":"ImageObject","inLanguage":"pt-BR","@id":"https:\/\/apgsolutions.com\/pt-br\/#\/schema\/logo\/image\/","url":"https:\/\/apgsolutions.com\/wp-content\/uploads\/2023\/12\/logomark-color.svg","contentUrl":"https:\/\/apgsolutions.com\/wp-content\/uploads\/2023\/12\/logomark-color.svg","width":141,"height":138,"caption":"APG Solution, LLC"},"image":{"@id":"https:\/\/apgsolutions.com\/pt-br\/#\/schema\/logo\/image\/"},"sameAs":["https:\/\/www.facebook.com\/apgglobalsolutions","https:\/\/x.com\/apg_solutions","https:\/\/www.youtube.com\/c\/CashManagementGlobalSolutionsbyapg","https:\/\/www.linkedin.com\/company\/apgglobalsolutions\/","https:\/\/www.instagram.com\/apgglobalsolutions\/","https:\/\/www.pinterest.com\/apgcashdrawer\/"]}]}},"acf":[],"_links":{"self":[{"href":"https:\/\/apgsolutions.com\/pt-br\/wp-json\/wp\/v2\/pages\/108237","targetHints":{"allow":["GET"]}}],"collection":[{"href":"https:\/\/apgsolutions.com\/pt-br\/wp-json\/wp\/v2\/pages"}],"about":[{"href":"https:\/\/apgsolutions.com\/pt-br\/wp-json\/wp\/v2\/types\/page"}],"author":[{"embeddable":true,"href":"https:\/\/apgsolutions.com\/pt-br\/wp-json\/wp\/v2\/users\/4"}],"replies":[{"embeddable":true,"href":"https:\/\/apgsolutions.com\/pt-br\/wp-json\/wp\/v2\/comments?post=108237"}],"version-history":[{"count":5,"href":"https:\/\/apgsolutions.com\/pt-br\/wp-json\/wp\/v2\/pages\/108237\/revisions"}],"predecessor-version":[{"id":110892,"href":"https:\/\/apgsolutions.com\/pt-br\/wp-json\/wp\/v2\/pages\/108237\/revisions\/110892"}],"up":[{"embeddable":true,"href":"https:\/\/apgsolutions.com\/pt-br\/wp-json\/wp\/v2\/pages\/109629"}],"wp:attachment":[{"href":"https:\/\/apgsolutions.com\/pt-br\/wp-json\/wp\/v2\/media?parent=108237"}],"curies":[{"name":"wp","href":"https:\/\/api.w.org\/{rel}","templated":true}]}}