{"id":108411,"date":"2026-03-20T10:10:48","date_gmt":"2026-03-20T10:10:48","guid":{"rendered":"https:\/\/apgsolutions.com\/cash-statistics\/"},"modified":"2026-03-20T10:15:56","modified_gmt":"2026-03-20T10:15:56","slug":"cash-statistics","status":"publish","type":"page","link":"https:\/\/apgsolutions.com\/pt-br\/cash-statistics\/","title":{"rendered":"Estat\u00edsticas de caixa"},"content":{"rendered":"<div class=\"section_page-header \">\n    <img decoding=\"async\" class=\"header-image\" src=\"https:\/\/apgsolutions.com\/wp-content\/uploads\/2024\/07\/Screenshot-2024-07-17-083512.png\" alt=\"Screenshot 2024-07-17 083512\" title=\"Screenshot 2024-07-17 083512\">\n            <div class=\"header-content\">\n            <h1>Cash Statistics<\/h1>\n        <\/div>\n    <\/div>\n<div class=\"wp-block-columns is-layout-flex wp-container-core-columns-is-layout-9d6595d7 wp-block-columns-is-layout-flex\">\n<div class=\"wp-block-column is-vertically-aligned-center is-layout-flow wp-block-column-is-layout-flow\">\n<div class=\"wp-block-columns is-layout-flex wp-container-core-columns-is-layout-9d6595d7 wp-block-columns-is-layout-flex\">\n<div class=\"wp-block-column is-layout-flow wp-block-column-is-layout-flow\"><div class=\"wp-block-image\">\n<figure class=\"aligncenter size-full is-resized\"><img fetchpriority=\"high\" decoding=\"async\" width=\"762\" height=\"582\" src=\"https:\/\/apgsolutions.com\/wp-content\/uploads\/2024\/07\/Screenshot-2024-07-26-090613.png\" alt=\"Dinheiro: Um ativo atemporal\" class=\"wp-image-85681\" style=\"width:482px;height:auto\" srcset=\"https:\/\/apgsolutions.com\/wp-content\/uploads\/2024\/07\/Screenshot-2024-07-26-090613.png 762w, https:\/\/apgsolutions.com\/wp-content\/uploads\/2024\/07\/Screenshot-2024-07-26-090613-300x229.png 300w, https:\/\/apgsolutions.com\/wp-content\/uploads\/2024\/07\/Screenshot-2024-07-26-090613-550x420.png 550w, https:\/\/apgsolutions.com\/wp-content\/uploads\/2024\/07\/Screenshot-2024-07-26-090613-80x61.png 80w, https:\/\/apgsolutions.com\/wp-content\/uploads\/2024\/07\/Screenshot-2024-07-26-090613-600x458.png 600w\" sizes=\"(max-width: 762px) 100vw, 762px\" \/><\/figure>\n<\/div><\/div>\n<\/div>\n<\/div>\n\n\n\n<div class=\"wp-block-column is-layout-flow wp-block-column-is-layout-flow\">\n<h2 class=\"wp-block-heading\" id=\"h-cash-a-timeless-asset\">Dinheiro: Um ativo atemporal<\/h2>\n\n\n\n<p>No cen\u00e1rio de pagamentos diversificado de hoje, v\u00e1rios m\u00e9todos competem para ajudar nas transa\u00e7\u00f5es. Entretanto, em meio a essas op\u00e7\u00f5es, o dinheiro em esp\u00e9cie continua firme e indispens\u00e1vel. <\/p>\n\n\n\n<p>Reconhecido por sua rapidez, conveni\u00eancia e aceita\u00e7\u00e3o universal, o numer\u00e1rio continua sendo \u00fatil em muitos ambientes. De pequenos estabelecimentos varejistas a lojas de conveni\u00eancia, e em locais onde a gorjeta \u00e9 comum, a demanda por moeda f\u00edsica \u00e9 grande. <\/p>\n\n\n\n<p>Em tempos de incerteza, o dinheiro vivo continua a ser amplamente aceito. De acordo com o Federal Reserve, quando as pessoas foram questionadas se tinham planos de parar de usar dinheiro, 93% responderam que n\u00e3o tinham planos de parar de usar dinheiro. <\/p>\n<\/div>\n<\/div>\n\n<div class=\"wp-block-columns is-layout-flex wp-container-core-columns-is-layout-9d6595d7 wp-block-columns-is-layout-flex\">\n<div class=\"wp-block-column is-vertically-aligned-stretch resource-item has-white-color has-text-color has-background is-layout-flow wp-block-column-is-layout-flow\" style=\"background-color:#bfbfbf\">\n<h4 class=\"wp-block-heading has-text-align-center\" id=\"h-cash-has-control\">O dinheiro tem controle<\/h4>\n\n\n<div class=\"wp-block-image\">\n<figure class=\"aligncenter size-full is-resized\"><img decoding=\"async\" width=\"80\" height=\"80\" src=\"https:\/\/apgsolutions.com\/wp-content\/uploads\/2023\/07\/Finance_White-3.png\" alt=\"O dinheiro tem controle\" class=\"wp-image-69259\" style=\"width:70px;height:auto\"\/><\/figure>\n<\/div>\n\n\n<p><\/p>\n\n\n\n<p class=\"has-text-align-center\">77% dos americanos disseram que outros pagamentos, como cart\u00f5es de cr\u00e9dito e d\u00e9bito, far\u00e3o com que eles gastem mais do que se usassem dinheiro<\/p>\n<\/div>\n\n\n\n<div class=\"wp-block-column is-layout-flow wp-block-column-is-layout-flow\">\n<p><\/p>\n<\/div>\n\n\n\n<div class=\"wp-block-column is-vertically-aligned-stretch resource-item has-white-color has-text-color has-background is-layout-flow wp-block-column-is-layout-flow\" style=\"background-color:#da7700\">\n<h4 class=\"wp-block-heading has-text-align-center\" id=\"h-cash-purchases\">Compras em dinheiro<\/h4>\n\n\n<div class=\"wp-block-image\">\n<figure class=\"aligncenter size-full\"><img decoding=\"async\" width=\"80\" height=\"80\" src=\"https:\/\/apgsolutions.com\/wp-content\/uploads\/2023\/07\/Bill_White.png\" alt=\"Compras em dinheiro\" class=\"wp-image-68963\"\/><\/figure>\n<\/div>\n\n\n<p><\/p>\n\n\n\n<p class=\"has-text-align-center\">Cerca de metade de todas as vendas avaliadas em menos de US$ 25 \u00e9 feita em dinheiro<\/p>\n<\/div>\n\n\n\n<div class=\"wp-block-column is-layout-flow wp-block-column-is-layout-flow\">\n<p><\/p>\n<\/div>\n\n\n\n<div class=\"wp-block-column is-vertically-aligned-stretch resource-item has-white-color has-text-color has-background is-layout-flow wp-block-column-is-layout-flow\" style=\"background-color:#00224a\">\n<h4 class=\"wp-block-heading has-text-align-center\" id=\"h-cash-is-inclusive\">O dinheiro \u00e9 inclusivo<\/h4>\n\n\n<div class=\"wp-block-image\">\n<figure class=\"aligncenter size-full is-resized\"><img loading=\"lazy\" decoding=\"async\" width=\"80\" height=\"80\" src=\"https:\/\/apgsolutions.com\/wp-content\/uploads\/2023\/07\/Partners_White.png\" alt=\"O dinheiro &#xE9; inclusivo\" class=\"wp-image-69364\" style=\"width:74px;height:auto\"\/><\/figure>\n<\/div>\n\n\n<p><\/p>\n\n\n\n<p class=\"has-text-align-center\">De acordo com o FDIC, aproximadamente 5,9 milh\u00f5es de resid\u00eancias nos EUA n\u00e3o ter\u00e3o acesso a servi\u00e7os banc\u00e1rios em 2021<\/p>\n<\/div>\n\n\n\n<div class=\"wp-block-column is-layout-flow wp-block-column-is-layout-flow\">\n<p><\/p>\n<\/div>\n\n\n\n<div class=\"wp-block-column is-vertically-aligned-stretch resource-item has-white-color has-text-color has-background is-layout-flow wp-block-column-is-layout-flow\" style=\"background-color:#066b7f\">\n<h4 class=\"wp-block-heading has-text-align-center\" id=\"h-cash-in-circulation\">Dinheiro em circula\u00e7\u00e3o<\/h4>\n\n\n<div class=\"wp-block-image\">\n<figure class=\"aligncenter size-full is-resized\"><img loading=\"lazy\" decoding=\"async\" width=\"80\" height=\"80\" src=\"https:\/\/apgsolutions.com\/wp-content\/uploads\/2023\/07\/Shrinkage_White.png\" alt=\"Dinheiro em circula&#xE7;&#xE3;o\" class=\"wp-image-69281\" style=\"width:80px;height:auto\"\/><\/figure>\n<\/div>\n\n\n<p><\/p>\n\n\n\n<p class=\"has-text-align-center\">Em junho de 2024, haver\u00e1 mais de US$ 2,3 trilh\u00f5es em moeda americana em circula\u00e7\u00e3o<\/p>\n<\/div>\n<\/div>\n\n<div class=\"wp-block-columns is-layout-flex wp-container-core-columns-is-layout-9d6595d7 wp-block-columns-is-layout-flex\">\n<div class=\"wp-block-column is-vertically-aligned-center is-layout-flow wp-block-column-is-layout-flow\">\n<h2 class=\"wp-block-heading has-text-align-center\" id=\"h-seven-situations-where-cash-is-king\">Sete situa\u00e7\u00f5es em que o dinheiro \u00e9 rei<\/h2>\n\n\n\n<p class=\"has-text-align-center\">O numer\u00e1rio tem se mostrado resiliente, apesar das amea\u00e7as ao longo dos anos de uma variedade de alternativas, incluindo cart\u00f5es de cr\u00e9dito e d\u00e9bito, sistemas de pagamento on-line e carteiras digitais. Sua fisicalidade oferece uma sensa\u00e7\u00e3o tang\u00edvel de seguran\u00e7a e controle que os m\u00e9todos digitais nem sempre conseguem reproduzir. <\/p>\n\n\n\n<p class=\"has-text-align-center\">As transa\u00e7\u00f5es em dinheiro s\u00e3o geralmente mais r\u00e1pidas e diretas, dispensando a necessidade de tecnologia ou conectividade com a Internet. Aqui est\u00e3o sete motivos pelos quais o dinheiro vivo \u00e9 rei. <\/p>\n<\/div>\n\n\n\n<div class=\"wp-block-column is-vertically-aligned-stretch wp-embed-aspect-16-9 wp-has-aspect-ratio is-layout-flow wp-block-column-is-layout-flow\">\n<figure class=\"wp-block-embed aligncenter is-type-video is-provider-youtube wp-block-embed-youtube wp-embed-aspect-16-9 wp-has-aspect-ratio\"><div class=\"wp-block-embed__wrapper\">\n<iframe title=\"7 Situations Where Cash Is King\" width=\"500\" height=\"281\" src=\"https:\/\/www.youtube.com\/embed\/vXyLj239G7o?feature=oembed\" frameborder=\"0\" allow=\"accelerometer; autoplay; clipboard-write; encrypted-media; gyroscope; picture-in-picture; web-share\" referrerpolicy=\"strict-origin-when-cross-origin\" allowfullscreen><\/iframe>\n<\/div><\/figure>\n<\/div>\n<\/div>\n\n<div class=\"wp-block-columns is-layout-flex wp-container-core-columns-is-layout-9d6595d7 wp-block-columns-is-layout-flex\">\n<div class=\"wp-block-column is-vertically-aligned-top is-layout-flow wp-block-column-is-layout-flow\">\n<h2 class=\"wp-block-heading has-text-align-center\" id=\"h-banning-cashless-stores\">Proibi\u00e7\u00e3o de lojas sem dinheiro<\/h2>\n\n\n\n<p class=\"has-text-align-center\">Atualmente, h\u00e1 13 estados nos Estados Unidos que proibiram lojas sem dinheiro e 19 que est\u00e3o considerando uma legisla\u00e7\u00e3o semelhante. Essa tend\u00eancia crescente ressalta o reconhecimento do papel vital do numer\u00e1rio para garantir a acessibilidade e a inclus\u00e3o no com\u00e9rcio. <\/p>\n\n\n<div class=\"wp-block-image\">\n<figure class=\"aligncenter size-large is-resized\"><img loading=\"lazy\" decoding=\"async\" width=\"1024\" height=\"578\" src=\"https:\/\/apgsolutions.com\/wp-content\/uploads\/2024\/07\/Screenshot-2024-07-18-115447-1024x578.png\" alt=\"Estados que pro&#xED;bem lojas sem dinheiro\" class=\"wp-image-85475\" style=\"width:726px;height:auto\"\/><\/figure>\n<\/div><\/div>\n<\/div>\n","protected":false},"excerpt":{"rendered":"<p>Dinheiro: Um ativo atemporal No cen\u00e1rio de pagamentos diversificado de hoje, v\u00e1rios m\u00e9todos competem para ajudar nas transa\u00e7\u00f5es. Entretanto, em meio a essas op\u00e7\u00f5es, o dinheiro em esp\u00e9cie continua firme e indispens\u00e1vel. Reconhecido por sua rapidez, conveni\u00eancia e aceita\u00e7\u00e3o universal, o numer\u00e1rio continua sendo \u00fatil em muitos ambientes. De pequenos estabelecimentos varejistas a lojas de [&hellip;]<\/p>\n","protected":false},"author":3233,"featured_media":0,"parent":0,"menu_order":0,"comment_status":"closed","ping_status":"closed","template":"","meta":{"_acf_changed":false,"content-type":"","footnotes":""},"class_list":["post-108411","page","type-page","status-publish"],"yoast_head":"<!-- This site is optimized with the Yoast SEO Premium plugin v23.5 (Yoast SEO v27.2) - https:\/\/yoast.com\/product\/yoast-seo-premium-wordpress\/ -->\n<title>Estat\u00edsticas de caixa<\/title>\n<meta name=\"description\" content=\"Descubra as principais estat\u00edsticas sobre o uso de numer\u00e1rio no varejo. Entenda por que o numer\u00e1rio continua sendo essencial nas transa\u00e7\u00f5es modernas.\" \/>\n<meta name=\"robots\" content=\"index, follow, max-snippet:-1, max-image-preview:large, max-video-preview:-1\" \/>\n<link rel=\"canonical\" href=\"https:\/\/apgsolutions.com\/pt-br\/cash-statistics\/\" \/>\n<meta property=\"og:locale\" content=\"pt_BR\" \/>\n<meta property=\"og:type\" content=\"article\" \/>\n<meta property=\"og:title\" content=\"Estat\u00edsticas de caixa\" \/>\n<meta property=\"og:description\" content=\"Descubra as principais estat\u00edsticas sobre o uso de numer\u00e1rio no varejo. Entenda por que o numer\u00e1rio continua sendo essencial nas transa\u00e7\u00f5es modernas.\" \/>\n<meta property=\"og:url\" content=\"https:\/\/apgsolutions.com\/pt-br\/cash-statistics\/\" \/>\n<meta property=\"og:site_name\" content=\"apg\u00ae Solutions\" \/>\n<meta property=\"article:publisher\" content=\"https:\/\/www.facebook.com\/apgglobalsolutions\" \/>\n<meta property=\"article:modified_time\" content=\"2026-03-20T10:15:56+00:00\" \/>\n<meta property=\"og:image\" content=\"https:\/\/apgsolutions.com\/wp-content\/uploads\/2024\/07\/Screenshot-2024-07-26-090613.png\" \/>\n<meta name=\"twitter:card\" content=\"summary_large_image\" \/>\n<meta name=\"twitter:site\" content=\"@apg_solutions\" \/>\n<meta name=\"twitter:label1\" content=\"Est. tempo de leitura\" \/>\n\t<meta name=\"twitter:data1\" content=\"2 minutos\" \/>\n<script type=\"application\/ld+json\" class=\"yoast-schema-graph\">{\"@context\":\"https:\/\/schema.org\",\"@graph\":[{\"@type\":\"WebPage\",\"@id\":\"https:\/\/apgsolutions.com\/pt-br\/cash-statistics\/\",\"url\":\"https:\/\/apgsolutions.com\/pt-br\/cash-statistics\/\",\"name\":\"Estat\u00edsticas de caixa\",\"isPartOf\":{\"@id\":\"https:\/\/apgsolutions.com\/pt-br\/#website\"},\"primaryImageOfPage\":{\"@id\":\"https:\/\/apgsolutions.com\/pt-br\/cash-statistics\/#primaryimage\"},\"image\":{\"@id\":\"https:\/\/apgsolutions.com\/pt-br\/cash-statistics\/#primaryimage\"},\"thumbnailUrl\":\"https:\/\/apgsolutions.com\/wp-content\/uploads\/2024\/07\/Screenshot-2024-07-26-090613.png\",\"datePublished\":\"2026-03-20T10:10:48+00:00\",\"dateModified\":\"2026-03-20T10:15:56+00:00\",\"description\":\"Descubra as principais estat\u00edsticas sobre o uso de numer\u00e1rio no varejo. Entenda por que o numer\u00e1rio continua sendo essencial nas transa\u00e7\u00f5es modernas.\",\"inLanguage\":\"pt-BR\",\"potentialAction\":[{\"@type\":\"ReadAction\",\"target\":[\"https:\/\/apgsolutions.com\/pt-br\/cash-statistics\/\"]}]},{\"@type\":\"ImageObject\",\"inLanguage\":\"pt-BR\",\"@id\":\"https:\/\/apgsolutions.com\/pt-br\/cash-statistics\/#primaryimage\",\"url\":\"https:\/\/apgsolutions.com\/wp-content\/uploads\/2024\/07\/Screenshot-2024-07-26-090613.png\",\"contentUrl\":\"https:\/\/apgsolutions.com\/wp-content\/uploads\/2024\/07\/Screenshot-2024-07-26-090613.png\"},{\"@type\":\"WebSite\",\"@id\":\"https:\/\/apgsolutions.com\/pt-br\/#website\",\"url\":\"https:\/\/apgsolutions.com\/pt-br\/\",\"name\":\"APG Solutions, LLC\",\"description\":\"Trust at every point.\",\"publisher\":{\"@id\":\"https:\/\/apgsolutions.com\/pt-br\/#organization\"},\"potentialAction\":[{\"@type\":\"SearchAction\",\"target\":{\"@type\":\"EntryPoint\",\"urlTemplate\":\"https:\/\/apgsolutions.com\/pt-br\/?s={search_term_string}\"},\"query-input\":{\"@type\":\"PropertyValueSpecification\",\"valueRequired\":true,\"valueName\":\"search_term_string\"}}],\"inLanguage\":\"pt-BR\"},{\"@type\":\"Organization\",\"@id\":\"https:\/\/apgsolutions.com\/pt-br\/#organization\",\"name\":\"APG Solution, LLC\",\"url\":\"https:\/\/apgsolutions.com\/pt-br\/\",\"logo\":{\"@type\":\"ImageObject\",\"inLanguage\":\"pt-BR\",\"@id\":\"https:\/\/apgsolutions.com\/pt-br\/#\/schema\/logo\/image\/\",\"url\":\"https:\/\/apgsolutions.com\/wp-content\/uploads\/2023\/12\/logomark-color.svg\",\"contentUrl\":\"https:\/\/apgsolutions.com\/wp-content\/uploads\/2023\/12\/logomark-color.svg\",\"width\":141,\"height\":138,\"caption\":\"APG Solution, LLC\"},\"image\":{\"@id\":\"https:\/\/apgsolutions.com\/pt-br\/#\/schema\/logo\/image\/\"},\"sameAs\":[\"https:\/\/www.facebook.com\/apgglobalsolutions\",\"https:\/\/x.com\/apg_solutions\",\"https:\/\/www.youtube.com\/c\/CashManagementGlobalSolutionsbyapg\",\"https:\/\/www.linkedin.com\/company\/apgglobalsolutions\/\",\"https:\/\/www.instagram.com\/apgglobalsolutions\/\",\"https:\/\/www.pinterest.com\/apgcashdrawer\/\"]}]}<\/script>\n<!-- \/ Yoast SEO Premium plugin. -->","yoast_head_json":{"title":"Estat\u00edsticas de caixa","description":"Descubra as principais estat\u00edsticas sobre o uso de numer\u00e1rio no varejo. Entenda por que o numer\u00e1rio continua sendo essencial nas transa\u00e7\u00f5es modernas.","robots":{"index":"index","follow":"follow","max-snippet":"max-snippet:-1","max-image-preview":"max-image-preview:large","max-video-preview":"max-video-preview:-1"},"canonical":"https:\/\/apgsolutions.com\/pt-br\/cash-statistics\/","og_locale":"pt_BR","og_type":"article","og_title":"Estat\u00edsticas de caixa","og_description":"Descubra as principais estat\u00edsticas sobre o uso de numer\u00e1rio no varejo. Entenda por que o numer\u00e1rio continua sendo essencial nas transa\u00e7\u00f5es modernas.","og_url":"https:\/\/apgsolutions.com\/pt-br\/cash-statistics\/","og_site_name":"apg\u00ae Solutions","article_publisher":"https:\/\/www.facebook.com\/apgglobalsolutions","article_modified_time":"2026-03-20T10:15:56+00:00","og_image":[{"url":"https:\/\/apgsolutions.com\/wp-content\/uploads\/2024\/07\/Screenshot-2024-07-26-090613.png","type":"","width":"","height":""}],"twitter_card":"summary_large_image","twitter_site":"@apg_solutions","twitter_misc":{"Est. tempo de leitura":"2 minutos"},"schema":{"@context":"https:\/\/schema.org","@graph":[{"@type":"WebPage","@id":"https:\/\/apgsolutions.com\/pt-br\/cash-statistics\/","url":"https:\/\/apgsolutions.com\/pt-br\/cash-statistics\/","name":"Estat\u00edsticas de caixa","isPartOf":{"@id":"https:\/\/apgsolutions.com\/pt-br\/#website"},"primaryImageOfPage":{"@id":"https:\/\/apgsolutions.com\/pt-br\/cash-statistics\/#primaryimage"},"image":{"@id":"https:\/\/apgsolutions.com\/pt-br\/cash-statistics\/#primaryimage"},"thumbnailUrl":"https:\/\/apgsolutions.com\/wp-content\/uploads\/2024\/07\/Screenshot-2024-07-26-090613.png","datePublished":"2026-03-20T10:10:48+00:00","dateModified":"2026-03-20T10:15:56+00:00","description":"Descubra as principais estat\u00edsticas sobre o uso de numer\u00e1rio no varejo. Entenda por que o numer\u00e1rio continua sendo essencial nas transa\u00e7\u00f5es modernas.","inLanguage":"pt-BR","potentialAction":[{"@type":"ReadAction","target":["https:\/\/apgsolutions.com\/pt-br\/cash-statistics\/"]}]},{"@type":"ImageObject","inLanguage":"pt-BR","@id":"https:\/\/apgsolutions.com\/pt-br\/cash-statistics\/#primaryimage","url":"https:\/\/apgsolutions.com\/wp-content\/uploads\/2024\/07\/Screenshot-2024-07-26-090613.png","contentUrl":"https:\/\/apgsolutions.com\/wp-content\/uploads\/2024\/07\/Screenshot-2024-07-26-090613.png"},{"@type":"WebSite","@id":"https:\/\/apgsolutions.com\/pt-br\/#website","url":"https:\/\/apgsolutions.com\/pt-br\/","name":"APG Solutions, LLC","description":"Trust at every point.","publisher":{"@id":"https:\/\/apgsolutions.com\/pt-br\/#organization"},"potentialAction":[{"@type":"SearchAction","target":{"@type":"EntryPoint","urlTemplate":"https:\/\/apgsolutions.com\/pt-br\/?s={search_term_string}"},"query-input":{"@type":"PropertyValueSpecification","valueRequired":true,"valueName":"search_term_string"}}],"inLanguage":"pt-BR"},{"@type":"Organization","@id":"https:\/\/apgsolutions.com\/pt-br\/#organization","name":"APG Solution, LLC","url":"https:\/\/apgsolutions.com\/pt-br\/","logo":{"@type":"ImageObject","inLanguage":"pt-BR","@id":"https:\/\/apgsolutions.com\/pt-br\/#\/schema\/logo\/image\/","url":"https:\/\/apgsolutions.com\/wp-content\/uploads\/2023\/12\/logomark-color.svg","contentUrl":"https:\/\/apgsolutions.com\/wp-content\/uploads\/2023\/12\/logomark-color.svg","width":141,"height":138,"caption":"APG Solution, LLC"},"image":{"@id":"https:\/\/apgsolutions.com\/pt-br\/#\/schema\/logo\/image\/"},"sameAs":["https:\/\/www.facebook.com\/apgglobalsolutions","https:\/\/x.com\/apg_solutions","https:\/\/www.youtube.com\/c\/CashManagementGlobalSolutionsbyapg","https:\/\/www.linkedin.com\/company\/apgglobalsolutions\/","https:\/\/www.instagram.com\/apgglobalsolutions\/","https:\/\/www.pinterest.com\/apgcashdrawer\/"]}]}},"acf":[],"_links":{"self":[{"href":"https:\/\/apgsolutions.com\/pt-br\/wp-json\/wp\/v2\/pages\/108411","targetHints":{"allow":["GET"]}}],"collection":[{"href":"https:\/\/apgsolutions.com\/pt-br\/wp-json\/wp\/v2\/pages"}],"about":[{"href":"https:\/\/apgsolutions.com\/pt-br\/wp-json\/wp\/v2\/types\/page"}],"author":[{"embeddable":true,"href":"https:\/\/apgsolutions.com\/pt-br\/wp-json\/wp\/v2\/users\/3233"}],"replies":[{"embeddable":true,"href":"https:\/\/apgsolutions.com\/pt-br\/wp-json\/wp\/v2\/comments?post=108411"}],"version-history":[{"count":1,"href":"https:\/\/apgsolutions.com\/pt-br\/wp-json\/wp\/v2\/pages\/108411\/revisions"}],"predecessor-version":[{"id":108422,"href":"https:\/\/apgsolutions.com\/pt-br\/wp-json\/wp\/v2\/pages\/108411\/revisions\/108422"}],"wp:attachment":[{"href":"https:\/\/apgsolutions.com\/pt-br\/wp-json\/wp\/v2\/media?parent=108411"}],"curies":[{"name":"wp","href":"https:\/\/api.w.org\/{rel}","templated":true}]}}