{"id":108694,"date":"2026-03-20T10:35:46","date_gmt":"2026-03-20T10:35:46","guid":{"rendered":"https:\/\/apgsolutions.com\/bars-and-nightclubs\/"},"modified":"2026-03-20T11:41:56","modified_gmt":"2026-03-20T11:41:56","slug":"bars-and-nightclubs","status":"publish","type":"page","link":"https:\/\/apgsolutions.com\/pt-br\/bars-and-nightclubs\/","title":{"rendered":"Solu\u00e7\u00f5es de PDV e gavetas de dinheiro para bares e casas noturnas"},"content":{"rendered":"<div class=\"section_page-header \">\n    <img decoding=\"async\" class=\"header-image\" src=\"https:\/\/apgsolutions.com\/wp-content\/uploads\/2023\/07\/Bars-Vertical-Page-e1721758476330.jpg\" alt=\"Bars + Nightclubs\" title=\"Bars + Nightclubs\">\n            <div class=\"header-content\">\n            <h1>POS Solutions &amp; Cash Drawers for Bars and Nightclubs<\/h1>\n        <\/div>\n    <\/div>\n<div class=\"wp-block-group pos-content-div is-vertical is-content-justification-center is-layout-flex wp-container-core-group-is-layout-4b2eccd6 wp-block-group-is-layout-flex\">\n<div style=\"height:0px\" aria-hidden=\"true\" class=\"wp-block-spacer wp-container-content-b83b6736\"><\/div>\n\n\n\n<div class=\"wp-block-group is-vertical is-content-justification-center is-nowrap is-layout-flex wp-container-core-group-is-layout-e862386f wp-block-group-is-layout-flex\">\n<p class=\"has-text-align-center has-large-font-size\"><strong>Solu\u00e7\u00f5es para transa\u00e7\u00f5es r\u00e1pidas em dinheiro<\/strong><\/p>\n\n\n\n<div style=\"height:0px\" aria-hidden=\"true\" class=\"wp-block-spacer wp-container-content-5082a153\"><\/div>\n\n\n\n<p class=\"has-text-align-center\">Bares e casas noturnas nos Estados Unidos s\u00e3o centros vibrantes de intera\u00e7\u00e3o social. Com 67.531 estabelecimentos em todo o pa\u00eds a partir de 2023, os propriet\u00e1rios e gerentes enfrentam o desafio de administrar esses locais com efici\u00eancia e, ao mesmo tempo, priorizar um servi\u00e7o excepcional, a experi\u00eancia do cliente e a seguran\u00e7a.  O manuseio eficaz do numer\u00e1rio \u00e9 crucial nesses ambientes de ritmo acelerado, nos quais transa\u00e7\u00f5es seguras e cont\u00ednuas s\u00e3o essenciais. Os propriet\u00e1rios podem ter dificuldades para gerenciar grandes volumes de numer\u00e1rio, lidar com os riscos de roubo e garantir o gerenciamento preciso das contas. Esses fatores afetam significativamente a lucratividade e o sucesso operacional.  <\/p>\n\n\n\n<p class=\"has-text-align-center\">  A apg\u00ae oferece solu\u00e7\u00f5es de PDV personalizadas, projetadas para aliviar os desafios de gerenciamento de caixa, independentemente do tamanho ou do escopo. Nossas <a href=\"https:\/\/apgsolutions.com\/pt-br\/produtos\/\">solu\u00e7\u00f5es de PDV<\/a> oferecem captura segura de transa\u00e7\u00f5es e recursos robustos de armazenamento, ajudando os propriet\u00e1rios a otimizar a efici\u00eancia operacional e a proteger os ativos financeiros. Eleve o desempenho de seu bar ou casa noturna com a apg\u00ae, garantindo opera\u00e7\u00f5es tranquilas e maior lucratividade.  <\/p>\n<\/div>\n\n\n\n<div style=\"height:0px\" aria-hidden=\"true\" class=\"wp-block-spacer wp-container-content-b83b6736\"><\/div>\n\n\n\n<div class=\"wp-block-group is-vertical is-layout-flex wp-container-core-group-is-layout-8cf370e7 wp-block-group-is-layout-flex\">\n<p style=\"font-size:30px\"><strong>Fatos e estat\u00edsticas<\/strong><\/p>\n\n\n\n<div style=\"height:0px\" aria-hidden=\"true\" class=\"wp-block-spacer wp-container-content-5082a153\"><\/div>\n<\/div>\n\n\n\n<div class=\"wp-block-columns is-layout-flex wp-container-core-columns-is-layout-9d6595d7 wp-block-columns-is-layout-flex\">\n<div class=\"wp-block-column pos-card-box has-background is-layout-flow wp-block-column-is-layout-flow\" style=\"background-color:#fcfaf7;flex-basis:360px\">\n<div style=\"height:1rem\" aria-hidden=\"true\" class=\"wp-block-spacer\"><\/div>\n\n\n<div class=\"wp-block-image\">\n<figure class=\"aligncenter size-full\"><img decoding=\"async\" width=\"80\" height=\"80\" src=\"https:\/\/apgsolutions.com\/wp-content\/uploads\/2023\/07\/Money-Growth_Light-Blue.png\" alt=\"&#xCD;cone da principal fonte de receita\" class=\"wp-image-68978\" style=\"object-fit:cover\"\/><\/figure>\n<\/div>\n\n\n<h3 class=\"wp-block-heading has-text-align-center\" id=\"h-revenue\">Receita<\/h3>\n\n\n\n<p class=\"has-text-align-center\">Em 2023, a receita de bares e casas noturnas foi de US$ 36,3 bilh\u00f5es | IBIS World<\/p>\n\n\n\n<div style=\"height:1rem\" aria-hidden=\"true\" class=\"wp-block-spacer\"><\/div>\n<\/div>\n\n\n\n<div class=\"wp-block-column pos-card-box has-background is-layout-flow wp-block-column-is-layout-flow\" style=\"background-color:#fcfaf7;flex-basis:360px\">\n<div style=\"height:1rem\" aria-hidden=\"true\" class=\"wp-block-spacer\"><\/div>\n\n\n<div class=\"wp-block-image\">\n<figure class=\"aligncenter size-full\"><img decoding=\"async\" width=\"80\" height=\"80\" src=\"https:\/\/apgsolutions.com\/wp-content\/uploads\/2023\/07\/Beer_Light-Blue-b.png\" alt=\"&#xCD;cone da cerveja\" class=\"wp-image-69424\" style=\"object-fit:cover\"\/><\/figure>\n<\/div>\n\n\n<h3 class=\"wp-block-heading has-text-align-center\" id=\"h-growth\">Crescimento<\/h3>\n\n\n\n<p class=\"has-text-align-center\">Em 2023, haver\u00e1 67.500 bares e casas noturnas nos EUA | IBIS World<\/p>\n\n\n\n<div style=\"height:1rem\" aria-hidden=\"true\" class=\"wp-block-spacer\"><\/div>\n<\/div>\n\n\n\n<div class=\"wp-block-column pos-card-box has-background is-layout-flow wp-block-column-is-layout-flow\" style=\"background-color:#fcfaf7;flex-basis:360px\">\n<div style=\"height:1rem\" aria-hidden=\"true\" class=\"wp-block-spacer\"><\/div>\n\n\n<div class=\"wp-block-image\">\n<figure class=\"aligncenter size-full\"><img decoding=\"async\" width=\"80\" height=\"80\" src=\"https:\/\/apgsolutions.com\/wp-content\/uploads\/2023\/07\/Partners-5.png\" alt=\"&#xCD;cone de parceiros\" class=\"wp-image-69397\" style=\"object-fit:cover\"\/><\/figure>\n<\/div>\n\n\n<h3 class=\"wp-block-heading has-text-align-center\" id=\"h-opportunity\">Oportunidade<\/h3>\n\n\n\n<p class=\"has-text-align-center\">Em 2022, havia 570.000 funcion\u00e1rios no setor de bares e casas noturnas nos EUA | Statista<\/p>\n\n\n\n<div style=\"height:16px\" aria-hidden=\"true\" class=\"wp-block-spacer\"><\/div>\n<\/div>\n<\/div>\n\n\n\n<div style=\"height:0px\" aria-hidden=\"true\" class=\"wp-block-spacer wp-container-content-b83b6736\"><\/div>\n\n\n\n<div class=\"wp-block-group is-vertical is-layout-flex wp-container-core-group-is-layout-8cf370e7 wp-block-group-is-layout-flex\">\n<p style=\"font-size:30px\"><strong>Nossas gavetas recomendadas para bares e casas noturnas<\/strong><\/p>\n\n\n\n<div style=\"height:0px\" aria-hidden=\"true\" class=\"wp-block-spacer wp-container-content-2cb1e7d4\"><\/div>\n<\/div>\n\n\n\n<div class=\"wp-block-columns is-layout-flex wp-container-core-columns-is-layout-9d6595d7 wp-block-columns-is-layout-flex\">\n<div class=\"wp-block-column is-layout-flow wp-block-column-is-layout-flow\">\n<div style=\"height:1rem\" aria-hidden=\"true\" class=\"wp-block-spacer\"><\/div>\n\n\n<div class=\"wp-block-image\">\n<figure class=\"aligncenter size-full is-resized\"><img decoding=\"async\" src=\"https:\/\/apgsolutions.com\/wp-content\/uploads\/2024\/09\/Series-100.png\" alt=\"Gaveta de dinheiro S&#xE9;rie 100\" class=\"wp-image-86680\" style=\"width:186px\"\/><\/figure>\n<\/div>\n\n\n<h3 class=\"wp-block-heading has-text-align-center\" id=\"h-series-100-cash-drawer\">Gaveta de dinheiro S\u00e9rie 100<\/h3>\n\n\n\n<p class=\"has-text-align-left\">A <a href=\"https:\/\/apgsolutions.com\/products\/cash-drawers\/heavy-duty\/series-100\/\">S\u00e9rie 100<\/a> \u00e9 ideal para bares e casas noturnas, apresentando um espa\u00e7o de armazenamento generoso com um compartimento inferior profundo para rolos de moedas e moedas embaladas.<\/p>\n\n\n\n<p class=\"has-text-align-left\">Seu design maximiza o espa\u00e7o no balc\u00e3o, tornando-o ideal para ambientes de ritmo acelerado e de alta energia. Constru\u00eddo para durar mais de quatro milh\u00f5es de transa\u00e7\u00f5es, o Series 100 garante desempenho e durabilidade confi\u00e1veis. <\/p>\n\n\n\n<div style=\"height:1rem\" aria-hidden=\"true\" class=\"wp-block-spacer\"><\/div>\n<\/div>\n\n\n\n<div class=\"wp-block-column is-layout-flow wp-block-column-is-layout-flow\">\n<div style=\"height:1rem\" aria-hidden=\"true\" class=\"wp-block-spacer\"><\/div>\n\n\n<div class=\"wp-block-image\">\n<figure class=\"aligncenter size-full is-resized\"><img loading=\"lazy\" decoding=\"async\" width=\"1600\" height=\"1200\" src=\"https:\/\/apgsolutions.com\/wp-content\/uploads\/2023\/06\/Series-4000-JB520-BL1816-Closed-Right.png\" alt=\"Gaveta de dinheiro Series 4000\" class=\"wp-image-83857\" style=\"width:186px\" srcset=\"https:\/\/apgsolutions.com\/wp-content\/uploads\/2023\/06\/Series-4000-JB520-BL1816-Closed-Right.png 1600w, https:\/\/apgsolutions.com\/wp-content\/uploads\/2023\/06\/Series-4000-JB520-BL1816-Closed-Right-300x225.png 300w, https:\/\/apgsolutions.com\/wp-content\/uploads\/2023\/06\/Series-4000-JB520-BL1816-Closed-Right-1024x768.png 1024w, https:\/\/apgsolutions.com\/wp-content\/uploads\/2023\/06\/Series-4000-JB520-BL1816-Closed-Right-768x576.png 768w, https:\/\/apgsolutions.com\/wp-content\/uploads\/2023\/06\/Series-4000-JB520-BL1816-Closed-Right-1536x1152.png 1536w, https:\/\/apgsolutions.com\/wp-content\/uploads\/2023\/06\/Series-4000-JB520-BL1816-Closed-Right-550x413.png 550w, https:\/\/apgsolutions.com\/wp-content\/uploads\/2023\/06\/Series-4000-JB520-BL1816-Closed-Right-80x60.png 80w, https:\/\/apgsolutions.com\/wp-content\/uploads\/2023\/06\/Series-4000-JB520-BL1816-Closed-Right-600x450.png 600w\" sizes=\"(max-width: 1600px) 100vw, 1600px\" \/><\/figure>\n<\/div>\n\n\n<h3 class=\"wp-block-heading has-text-align-center\" id=\"h-series-4000-cash-drawer\">Gaveta de dinheiro Series 4000<\/h3>\n\n\n\n<p class=\"has-text-align-left\">A <a href=\"https:\/\/apgsolutions.com\/products\/cash-drawers\/heavy-duty\/series-4000\/\">S\u00e9rie 4000<\/a> oferece solu\u00e7\u00f5es de armazenamento vers\u00e1teis com uma variedade de tamanhos e cores. Projetado para suportar a intensa atividade de bares ou casas noturnas de alto volume.   <\/p>\n\n\n\n<p class=\"has-text-align-left\">O Series 4000 foi desenvolvido para suportar mais de quatro milh\u00f5es de transa\u00e7\u00f5es, garantindo que as altas demandas de bares e casas noturnas sejam sempre atendidas.<\/p>\n\n\n\n<div style=\"height:1rem\" aria-hidden=\"true\" class=\"wp-block-spacer\"><\/div>\n<\/div>\n<\/div>\n<\/div>\n","protected":false},"excerpt":{"rendered":"<p>Solu\u00e7\u00f5es para transa\u00e7\u00f5es r\u00e1pidas em dinheiro Bares e casas noturnas nos Estados Unidos s\u00e3o centros vibrantes de intera\u00e7\u00e3o social. Com 67.531 estabelecimentos em todo o pa\u00eds a partir de 2023, os propriet\u00e1rios e gerentes enfrentam o desafio de administrar esses locais com efici\u00eancia e, ao mesmo tempo, priorizar um servi\u00e7o excepcional, a experi\u00eancia do cliente [&hellip;]<\/p>\n","protected":false},"author":4,"featured_media":0,"parent":0,"menu_order":0,"comment_status":"closed","ping_status":"closed","template":"","meta":{"_acf_changed":false,"content-type":"","footnotes":""},"class_list":["post-108694","page","type-page","status-publish"],"yoast_head":"<!-- This site is optimized with the Yoast SEO Premium plugin v23.5 (Yoast SEO v27.2) - https:\/\/yoast.com\/product\/yoast-seo-premium-wordpress\/ -->\n<title>Solu\u00e7\u00f5es POS para bares e casas noturnas - Gavetas de dinheiro para bares e casas noturnas<\/title>\n<meta name=\"description\" content=\"As melhores solu\u00e7\u00f5es de ponto de venda e gavetas de dinheiro da APG para transa\u00e7\u00f5es r\u00e1pidas em dinheiro em bares e casas noturnas, projetadas para aliviar os desafios de gerenciamento de dinheiro.\" \/>\n<meta name=\"robots\" content=\"index, follow, max-snippet:-1, max-image-preview:large, max-video-preview:-1\" \/>\n<link rel=\"canonical\" href=\"https:\/\/apgsolutions.com\/pt-br\/bars-and-nightclubs\/\" \/>\n<meta property=\"og:locale\" content=\"pt_BR\" \/>\n<meta property=\"og:type\" content=\"article\" \/>\n<meta property=\"og:title\" content=\"Solu\u00e7\u00f5es POS para bares e casas noturnas - Gavetas de dinheiro para bares e casas noturnas\" \/>\n<meta property=\"og:description\" content=\"As melhores solu\u00e7\u00f5es de ponto de venda e gavetas de dinheiro da APG para transa\u00e7\u00f5es r\u00e1pidas em dinheiro em bares e casas noturnas, projetadas para aliviar os desafios de gerenciamento de dinheiro.\" \/>\n<meta property=\"og:url\" content=\"https:\/\/apgsolutions.com\/pt-br\/bars-and-nightclubs\/\" \/>\n<meta property=\"og:site_name\" content=\"apg\u00ae Solutions\" \/>\n<meta property=\"article:publisher\" content=\"https:\/\/www.facebook.com\/apgglobalsolutions\" \/>\n<meta property=\"article:modified_time\" content=\"2026-03-20T11:41:56+00:00\" \/>\n<meta property=\"og:image\" content=\"https:\/\/apgsolutions.com\/wp-content\/uploads\/2023\/07\/Money-Growth_Light-Blue.png\" \/>\n<meta name=\"twitter:card\" content=\"summary_large_image\" \/>\n<meta name=\"twitter:site\" content=\"@apg_solutions\" \/>\n<meta name=\"twitter:label1\" content=\"Est. tempo de leitura\" \/>\n\t<meta name=\"twitter:data1\" content=\"2 minutos\" \/>\n<script type=\"application\/ld+json\" class=\"yoast-schema-graph\">{\"@context\":\"https:\/\/schema.org\",\"@graph\":[{\"@type\":\"WebPage\",\"@id\":\"https:\/\/apgsolutions.com\/pt-br\/bars-and-nightclubs\/\",\"url\":\"https:\/\/apgsolutions.com\/pt-br\/bars-and-nightclubs\/\",\"name\":\"Solu\u00e7\u00f5es POS para bares e casas noturnas - Gavetas de dinheiro para bares e casas noturnas\",\"isPartOf\":{\"@id\":\"https:\/\/apgsolutions.com\/pt-br\/#website\"},\"primaryImageOfPage\":{\"@id\":\"https:\/\/apgsolutions.com\/pt-br\/bars-and-nightclubs\/#primaryimage\"},\"image\":{\"@id\":\"https:\/\/apgsolutions.com\/pt-br\/bars-and-nightclubs\/#primaryimage\"},\"thumbnailUrl\":\"https:\/\/apgsolutions.com\/wp-content\/uploads\/2023\/07\/Money-Growth_Light-Blue.png\",\"datePublished\":\"2026-03-20T10:35:46+00:00\",\"dateModified\":\"2026-03-20T11:41:56+00:00\",\"description\":\"As melhores solu\u00e7\u00f5es de ponto de venda e gavetas de dinheiro da APG para transa\u00e7\u00f5es r\u00e1pidas em dinheiro em bares e casas noturnas, projetadas para aliviar os desafios de gerenciamento de dinheiro.\",\"inLanguage\":\"pt-BR\",\"potentialAction\":[{\"@type\":\"ReadAction\",\"target\":[\"https:\/\/apgsolutions.com\/pt-br\/bars-and-nightclubs\/\"]}]},{\"@type\":\"ImageObject\",\"inLanguage\":\"pt-BR\",\"@id\":\"https:\/\/apgsolutions.com\/pt-br\/bars-and-nightclubs\/#primaryimage\",\"url\":\"https:\/\/apgsolutions.com\/wp-content\/uploads\/2023\/07\/Money-Growth_Light-Blue.png\",\"contentUrl\":\"https:\/\/apgsolutions.com\/wp-content\/uploads\/2023\/07\/Money-Growth_Light-Blue.png\"},{\"@type\":\"WebSite\",\"@id\":\"https:\/\/apgsolutions.com\/pt-br\/#website\",\"url\":\"https:\/\/apgsolutions.com\/pt-br\/\",\"name\":\"APG Solutions, LLC\",\"description\":\"Trust at every point.\",\"publisher\":{\"@id\":\"https:\/\/apgsolutions.com\/pt-br\/#organization\"},\"potentialAction\":[{\"@type\":\"SearchAction\",\"target\":{\"@type\":\"EntryPoint\",\"urlTemplate\":\"https:\/\/apgsolutions.com\/pt-br\/?s={search_term_string}\"},\"query-input\":{\"@type\":\"PropertyValueSpecification\",\"valueRequired\":true,\"valueName\":\"search_term_string\"}}],\"inLanguage\":\"pt-BR\"},{\"@type\":\"Organization\",\"@id\":\"https:\/\/apgsolutions.com\/pt-br\/#organization\",\"name\":\"APG Solution, LLC\",\"url\":\"https:\/\/apgsolutions.com\/pt-br\/\",\"logo\":{\"@type\":\"ImageObject\",\"inLanguage\":\"pt-BR\",\"@id\":\"https:\/\/apgsolutions.com\/pt-br\/#\/schema\/logo\/image\/\",\"url\":\"https:\/\/apgsolutions.com\/wp-content\/uploads\/2023\/12\/logomark-color.svg\",\"contentUrl\":\"https:\/\/apgsolutions.com\/wp-content\/uploads\/2023\/12\/logomark-color.svg\",\"width\":141,\"height\":138,\"caption\":\"APG Solution, LLC\"},\"image\":{\"@id\":\"https:\/\/apgsolutions.com\/pt-br\/#\/schema\/logo\/image\/\"},\"sameAs\":[\"https:\/\/www.facebook.com\/apgglobalsolutions\",\"https:\/\/x.com\/apg_solutions\",\"https:\/\/www.youtube.com\/c\/CashManagementGlobalSolutionsbyapg\",\"https:\/\/www.linkedin.com\/company\/apgglobalsolutions\/\",\"https:\/\/www.instagram.com\/apgglobalsolutions\/\",\"https:\/\/www.pinterest.com\/apgcashdrawer\/\"]}]}<\/script>\n<!-- \/ Yoast SEO Premium plugin. -->","yoast_head_json":{"title":"Solu\u00e7\u00f5es POS para bares e casas noturnas - Gavetas de dinheiro para bares e casas noturnas","description":"As melhores solu\u00e7\u00f5es de ponto de venda e gavetas de dinheiro da APG para transa\u00e7\u00f5es r\u00e1pidas em dinheiro em bares e casas noturnas, projetadas para aliviar os desafios de gerenciamento de dinheiro.","robots":{"index":"index","follow":"follow","max-snippet":"max-snippet:-1","max-image-preview":"max-image-preview:large","max-video-preview":"max-video-preview:-1"},"canonical":"https:\/\/apgsolutions.com\/pt-br\/bars-and-nightclubs\/","og_locale":"pt_BR","og_type":"article","og_title":"Solu\u00e7\u00f5es POS para bares e casas noturnas - Gavetas de dinheiro para bares e casas noturnas","og_description":"As melhores solu\u00e7\u00f5es de ponto de venda e gavetas de dinheiro da APG para transa\u00e7\u00f5es r\u00e1pidas em dinheiro em bares e casas noturnas, projetadas para aliviar os desafios de gerenciamento de dinheiro.","og_url":"https:\/\/apgsolutions.com\/pt-br\/bars-and-nightclubs\/","og_site_name":"apg\u00ae Solutions","article_publisher":"https:\/\/www.facebook.com\/apgglobalsolutions","article_modified_time":"2026-03-20T11:41:56+00:00","og_image":[{"url":"https:\/\/apgsolutions.com\/wp-content\/uploads\/2023\/07\/Money-Growth_Light-Blue.png","type":"","width":"","height":""}],"twitter_card":"summary_large_image","twitter_site":"@apg_solutions","twitter_misc":{"Est. tempo de leitura":"2 minutos"},"schema":{"@context":"https:\/\/schema.org","@graph":[{"@type":"WebPage","@id":"https:\/\/apgsolutions.com\/pt-br\/bars-and-nightclubs\/","url":"https:\/\/apgsolutions.com\/pt-br\/bars-and-nightclubs\/","name":"Solu\u00e7\u00f5es POS para bares e casas noturnas - Gavetas de dinheiro para bares e casas noturnas","isPartOf":{"@id":"https:\/\/apgsolutions.com\/pt-br\/#website"},"primaryImageOfPage":{"@id":"https:\/\/apgsolutions.com\/pt-br\/bars-and-nightclubs\/#primaryimage"},"image":{"@id":"https:\/\/apgsolutions.com\/pt-br\/bars-and-nightclubs\/#primaryimage"},"thumbnailUrl":"https:\/\/apgsolutions.com\/wp-content\/uploads\/2023\/07\/Money-Growth_Light-Blue.png","datePublished":"2026-03-20T10:35:46+00:00","dateModified":"2026-03-20T11:41:56+00:00","description":"As melhores solu\u00e7\u00f5es de ponto de venda e gavetas de dinheiro da APG para transa\u00e7\u00f5es r\u00e1pidas em dinheiro em bares e casas noturnas, projetadas para aliviar os desafios de gerenciamento de dinheiro.","inLanguage":"pt-BR","potentialAction":[{"@type":"ReadAction","target":["https:\/\/apgsolutions.com\/pt-br\/bars-and-nightclubs\/"]}]},{"@type":"ImageObject","inLanguage":"pt-BR","@id":"https:\/\/apgsolutions.com\/pt-br\/bars-and-nightclubs\/#primaryimage","url":"https:\/\/apgsolutions.com\/wp-content\/uploads\/2023\/07\/Money-Growth_Light-Blue.png","contentUrl":"https:\/\/apgsolutions.com\/wp-content\/uploads\/2023\/07\/Money-Growth_Light-Blue.png"},{"@type":"WebSite","@id":"https:\/\/apgsolutions.com\/pt-br\/#website","url":"https:\/\/apgsolutions.com\/pt-br\/","name":"APG Solutions, LLC","description":"Trust at every point.","publisher":{"@id":"https:\/\/apgsolutions.com\/pt-br\/#organization"},"potentialAction":[{"@type":"SearchAction","target":{"@type":"EntryPoint","urlTemplate":"https:\/\/apgsolutions.com\/pt-br\/?s={search_term_string}"},"query-input":{"@type":"PropertyValueSpecification","valueRequired":true,"valueName":"search_term_string"}}],"inLanguage":"pt-BR"},{"@type":"Organization","@id":"https:\/\/apgsolutions.com\/pt-br\/#organization","name":"APG Solution, LLC","url":"https:\/\/apgsolutions.com\/pt-br\/","logo":{"@type":"ImageObject","inLanguage":"pt-BR","@id":"https:\/\/apgsolutions.com\/pt-br\/#\/schema\/logo\/image\/","url":"https:\/\/apgsolutions.com\/wp-content\/uploads\/2023\/12\/logomark-color.svg","contentUrl":"https:\/\/apgsolutions.com\/wp-content\/uploads\/2023\/12\/logomark-color.svg","width":141,"height":138,"caption":"APG Solution, LLC"},"image":{"@id":"https:\/\/apgsolutions.com\/pt-br\/#\/schema\/logo\/image\/"},"sameAs":["https:\/\/www.facebook.com\/apgglobalsolutions","https:\/\/x.com\/apg_solutions","https:\/\/www.youtube.com\/c\/CashManagementGlobalSolutionsbyapg","https:\/\/www.linkedin.com\/company\/apgglobalsolutions\/","https:\/\/www.instagram.com\/apgglobalsolutions\/","https:\/\/www.pinterest.com\/apgcashdrawer\/"]}]}},"acf":[],"_links":{"self":[{"href":"https:\/\/apgsolutions.com\/pt-br\/wp-json\/wp\/v2\/pages\/108694","targetHints":{"allow":["GET"]}}],"collection":[{"href":"https:\/\/apgsolutions.com\/pt-br\/wp-json\/wp\/v2\/pages"}],"about":[{"href":"https:\/\/apgsolutions.com\/pt-br\/wp-json\/wp\/v2\/types\/page"}],"author":[{"embeddable":true,"href":"https:\/\/apgsolutions.com\/pt-br\/wp-json\/wp\/v2\/users\/4"}],"replies":[{"embeddable":true,"href":"https:\/\/apgsolutions.com\/pt-br\/wp-json\/wp\/v2\/comments?post=108694"}],"version-history":[{"count":1,"href":"https:\/\/apgsolutions.com\/pt-br\/wp-json\/wp\/v2\/pages\/108694\/revisions"}],"predecessor-version":[{"id":108699,"href":"https:\/\/apgsolutions.com\/pt-br\/wp-json\/wp\/v2\/pages\/108694\/revisions\/108699"}],"wp:attachment":[{"href":"https:\/\/apgsolutions.com\/pt-br\/wp-json\/wp\/v2\/media?parent=108694"}],"curies":[{"name":"wp","href":"https:\/\/api.w.org\/{rel}","templated":true}]}}