{"id":108701,"date":"2026-03-20T10:35:47","date_gmt":"2026-03-20T10:35:47","guid":{"rendered":"https:\/\/apgsolutions.com\/convenience-stores\/"},"modified":"2026-03-20T10:40:54","modified_gmt":"2026-03-20T10:40:54","slug":"convenience-stores","status":"publish","type":"page","link":"https:\/\/apgsolutions.com\/pt-br\/convenience-stores\/","title":{"rendered":"Solu\u00e7\u00f5es de PDV e gavetas de dinheiro para lojas de conveni\u00eancia"},"content":{"rendered":"<div class=\"section_page-header \">\n    <img decoding=\"async\" class=\"header-image\" src=\"https:\/\/apgsolutions.com\/wp-content\/uploads\/2023\/07\/Convenience-Store.jpg\" alt=\"Convenience Stores\" title=\"Convenience Stores\">\n            <div class=\"header-content\">\n            <h1>POS Solutions &amp; Cash Drawers for Convenience Stores<\/h1>\n        <\/div>\n    <\/div>\n<div class=\"wp-block-group pos-content-div is-vertical is-content-justification-center is-layout-flex wp-container-core-group-is-layout-4b2eccd6 wp-block-group-is-layout-flex\">\n<div style=\"height:0px\" aria-hidden=\"true\" class=\"wp-block-spacer wp-container-content-b83b6736\"><\/div>\n\n\n\n<div class=\"wp-block-group is-vertical is-content-justification-center is-nowrap is-layout-flex wp-container-core-group-is-layout-e862386f wp-block-group-is-layout-flex\">\n<p class=\"has-text-align-center has-large-font-size\"><strong>Cria\u00e7\u00e3o de efici\u00eancias no manuseio de numer\u00e1rio<\/strong><\/p>\n\n\n\n<div style=\"height:0px\" aria-hidden=\"true\" class=\"wp-block-spacer wp-container-content-5082a153\"><\/div>\n\n\n\n<p class=\"has-text-align-center\">As lojas de conveni\u00eancia em todo o mundo est\u00e3o passando por uma transforma\u00e7\u00e3o, deixando de ser um ambiente movido a combust\u00edvel para oferecer itens essenciais que os consumidores adquiriam em lojas de varejo. De acordo com a NACS, em m\u00e9dia, uma loja de conveni\u00eancia nos EUA realiza 1.491 transa\u00e7\u00f5es por dia, 45.312 por m\u00eas. O setor \u00e9 dominado por operadores de uma \u00fanica loja, que representam cerca de 60% de todas as lojas de conveni\u00eancia. Com uma pequena \u00e1rea de loja, os compradores em tr\u00e2nsito podem comprar rapidamente alimentos, gasolina, itens essenciais para a casa e muito mais, com transa\u00e7\u00f5es t\u00edpicas abaixo de US$ 50. Os consumidores preferem usar dinheiro em cerca de metade de todas as vendas avaliadas em menos de US$ 50.    <\/p>\n\n\n\n<p class=\"has-text-align-center\"><\/p>\n\n\n\n<p class=\"has-text-align-center\">Com muitas transa\u00e7\u00f5es em dinheiro, as lojas de conveni\u00eancia precisam de <a href=\"https:\/\/apgsolutions.com\/pt-br\/produtos\/\">solu\u00e7\u00f5es de PDV<\/a> dur\u00e1veis que reduzam os desafios de manuseio de dinheiro. Nesse cen\u00e1rio, o manuseio manual de numer\u00e1rio leva a altos custos de m\u00e3o de obra e discrep\u00e2ncias de numer\u00e1rio que afetam os resultados financeiros. Os propriet\u00e1rios de lojas tamb\u00e9m enfrentam amea\u00e7as de roubo, furto interno e dinheiro falso. A apg\u00ae oferece v\u00e1rias solu\u00e7\u00f5es para ajudar a reduzir os problemas <a href=\"https:\/\/apgsolutions.com\/pt-br\/produtos\/smarttill-solution-suite\/\">de gerenciamento de numer\u00e1rio<\/a> no setor de conveni\u00eancia.   <\/p>\n<\/div>\n\n\n\n<div style=\"height:0px\" aria-hidden=\"true\" class=\"wp-block-spacer wp-container-content-b83b6736\"><\/div>\n\n\n\n<div class=\"wp-block-group is-vertical is-layout-flex wp-container-core-group-is-layout-8cf370e7 wp-block-group-is-layout-flex\">\n<p style=\"font-size:30px\"><strong>Fatos e estat\u00edsticas<\/strong><\/p>\n\n\n\n<div style=\"height:0px\" aria-hidden=\"true\" class=\"wp-block-spacer wp-container-content-5082a153\"><\/div>\n<\/div>\n\n\n\n<div class=\"wp-block-columns is-layout-flex wp-container-core-columns-is-layout-9d6595d7 wp-block-columns-is-layout-flex\">\n<div class=\"wp-block-column pos-card-box has-background is-layout-flow wp-block-column-is-layout-flow\" style=\"background-color:#fcfaf7;flex-basis:360px\">\n<div style=\"height:1rem\" aria-hidden=\"true\" class=\"wp-block-spacer\"><\/div>\n\n\n<div class=\"wp-block-image\">\n<figure class=\"aligncenter size-full\"><img decoding=\"async\" width=\"80\" height=\"80\" src=\"https:\/\/apgsolutions.com\/wp-content\/uploads\/2023\/07\/Money-Growth_Light-Blue.png\" alt=\"&#xCD;cone da principal fonte de receita\" class=\"wp-image-68978\" style=\"object-fit:cover\"\/><\/figure>\n<\/div>\n\n\n<h3 class=\"wp-block-heading has-text-align-center\" id=\"h-growth\">Crescimento<\/h3>\n\n\n\n<p class=\"has-text-align-center\">Em janeiro de 2024, haver\u00e1 152.396 lojas de conveni\u00eancia nos EUA | NACS<\/p>\n\n\n\n<div style=\"height:1rem\" aria-hidden=\"true\" class=\"wp-block-spacer\"><\/div>\n<\/div>\n\n\n\n<div class=\"wp-block-column pos-card-box has-background is-layout-flow wp-block-column-is-layout-flow\" style=\"background-color:#fcfaf7;flex-basis:360px\">\n<div style=\"height:1rem\" aria-hidden=\"true\" class=\"wp-block-spacer\"><\/div>\n\n\n<div class=\"wp-block-image\">\n<figure class=\"aligncenter size-full\"><img decoding=\"async\" width=\"80\" height=\"80\" src=\"https:\/\/apgsolutions.com\/wp-content\/uploads\/2023\/07\/Partners-5.png\" alt=\"&#xCD;cone de parceiros\" class=\"wp-image-69397\" style=\"object-fit:cover\"\/><\/figure>\n<\/div>\n\n\n<h3 class=\"wp-block-heading has-text-align-center\" id=\"h-opportunity\">Oportunidade<\/h3>\n\n\n\n<p class=\"has-text-align-center\">Em 2023, as lojas de conveni\u00eancia geraram 2,74 milh\u00f5es de empregos nos EUA | NACS<\/p>\n\n\n\n<div style=\"height:1rem\" aria-hidden=\"true\" class=\"wp-block-spacer\"><\/div>\n<\/div>\n\n\n\n<div class=\"wp-block-column pos-card-box has-background is-layout-flow wp-block-column-is-layout-flow\" style=\"background-color:#fcfaf7;flex-basis:360px\">\n<div style=\"height:1rem\" aria-hidden=\"true\" class=\"wp-block-spacer\"><\/div>\n\n\n<div class=\"wp-block-image\">\n<figure class=\"aligncenter size-full\"><img decoding=\"async\" width=\"80\" height=\"80\" src=\"https:\/\/apgsolutions.com\/wp-content\/uploads\/2023\/07\/Finance-3.png\" alt=\"&#xCD;cone de finan&#xE7;as\" class=\"wp-image-69255\" style=\"object-fit:cover\"\/><\/figure>\n<\/div>\n\n\n<h3 class=\"wp-block-heading has-text-align-center\" id=\"h-revenue\">Receita<\/h3>\n\n\n\n<p class=\"has-text-align-center\">As vendas totais das lojas de conveni\u00eancia em 2023 foram de US$ 859,8 bilh\u00f5es | NACS<\/p>\n\n\n\n<div style=\"height:16px\" aria-hidden=\"true\" class=\"wp-block-spacer\"><\/div>\n<\/div>\n<\/div>\n\n\n\n<div style=\"height:0px\" aria-hidden=\"true\" class=\"wp-block-spacer wp-container-content-b83b6736\"><\/div>\n\n\n\n<div class=\"wp-block-group is-vertical is-layout-flex wp-container-core-group-is-layout-8cf370e7 wp-block-group-is-layout-flex\">\n<p style=\"font-size:30px\"><strong>Nossas gavetas recomendadas para lojas de conveni\u00eancia<\/strong><\/p>\n\n\n\n<div style=\"height:0px\" aria-hidden=\"true\" class=\"wp-block-spacer wp-container-content-2cb1e7d4\"><\/div>\n<\/div>\n\n\n\n<div class=\"wp-block-columns is-layout-flex wp-container-core-columns-is-layout-9d6595d7 wp-block-columns-is-layout-flex\">\n<div class=\"wp-block-column is-layout-flow wp-block-column-is-layout-flow\">\n<div style=\"height:1rem\" aria-hidden=\"true\" class=\"wp-block-spacer\"><\/div>\n\n\n<div class=\"wp-block-image\">\n<figure class=\"aligncenter size-full is-resized\"><img loading=\"lazy\" decoding=\"async\" width=\"280\" height=\"210\" src=\"https:\/\/apgsolutions.com\/wp-content\/uploads\/2023\/06\/Vasario-VBxxx-BL1616-Closed-Left.jpg\" alt=\"Gaveta de dinheiro E3600\" class=\"wp-image-62747\" style=\"width:186px\"\/><\/figure>\n<\/div>\n\n\n<h3 class=\"wp-block-heading has-text-align-center\" id=\"h-e3600-cash-drawer\">Gaveta de dinheiro E3600<\/h3>\n\n\n\n<p class=\"has-text-align-left\">Facilite o checkout para funcion\u00e1rios experientes e novos com a <a href=\"https:\/\/apgsolutions.com\/cash-drawer\/flip-top-cash-drawer-mfs437a-bl460\/\">gaveta de dinheiro E3600<\/a>. Ofere\u00e7a um checkout r\u00e1pido e \u00e1gil durante os hor\u00e1rios de pico.   <\/p>\n\n\n\n<p class=\"has-text-align-left\">Com durabilidade testada para exceder quatro milh\u00f5es de transa\u00e7\u00f5es, o E3600 oferece desempenho confi\u00e1vel.<\/p>\n\n\n\n<div style=\"height:1rem\" aria-hidden=\"true\" class=\"wp-block-spacer\"><\/div>\n<\/div>\n\n\n\n<div class=\"wp-block-column is-layout-flow wp-block-column-is-layout-flow\">\n<div style=\"height:1rem\" aria-hidden=\"true\" class=\"wp-block-spacer\"><\/div>\n\n\n<div class=\"wp-block-image\">\n<figure class=\"aligncenter size-full is-resized\"><img decoding=\"async\" src=\"https:\/\/apgsolutions.com\/wp-content\/uploads\/2024\/09\/Series-100.png\" alt=\"Gaveta de dinheiro S&#xE9;rie 100\" class=\"wp-image-86680\" style=\"width:186px\"\/><\/figure>\n<\/div>\n\n\n<h3 class=\"wp-block-heading has-text-align-center\" id=\"h-series-100-cash-drawer\">Gaveta de dinheiro S\u00e9rie 100<\/h3>\n\n\n\n<p class=\"has-text-align-left\">A <a href=\"https:\/\/apgsolutions.com\/products\/cash-drawers\/heavy-duty\/series-100\/\">S\u00e9rie 100<\/a> foi desenvolvida para o ambiente de lojas de conveni\u00eancia de ritmo acelerado, oferecendo amplo armazenamento com um compartimento inferior profundo, perfeito para guardar rolos de moedas e moedas embaladas.  <\/p>\n\n\n\n<p class=\"has-text-align-left\">Constru\u00eddo para suportar mais de quatro milh\u00f5es de transa\u00e7\u00f5es, o Series 100 garante opera\u00e7\u00f5es tranquilas e eficientes no caixa.  <\/p>\n\n\n\n<div style=\"height:1rem\" aria-hidden=\"true\" class=\"wp-block-spacer\"><\/div>\n<\/div>\n<\/div>\n<\/div>\n","protected":false},"excerpt":{"rendered":"<p>Cria\u00e7\u00e3o de efici\u00eancias no manuseio de numer\u00e1rio As lojas de conveni\u00eancia em todo o mundo est\u00e3o passando por uma transforma\u00e7\u00e3o, deixando de ser um ambiente movido a combust\u00edvel para oferecer itens essenciais que os consumidores adquiriam em lojas de varejo. De acordo com a NACS, em m\u00e9dia, uma loja de conveni\u00eancia nos EUA realiza 1.491 [&hellip;]<\/p>\n","protected":false},"author":4,"featured_media":0,"parent":0,"menu_order":0,"comment_status":"closed","ping_status":"closed","template":"","meta":{"_acf_changed":false,"content-type":"","footnotes":""},"class_list":["post-108701","page","type-page","status-publish"],"yoast_head":"<!-- This site is optimized with the Yoast SEO Premium plugin v23.5 (Yoast SEO v27.2) - https:\/\/yoast.com\/product\/yoast-seo-premium-wordpress\/ -->\n<title>Solu\u00e7\u00f5es de POS para lojas de conveni\u00eancia - Gavetas de dinheiro para lojas de conveni\u00eancia | apg\u00ae<\/title>\n<meta name=\"description\" content=\"As lojas de conveni\u00eancia dominam com pagamentos em dinheiro de 63% em todas as transa\u00e7\u00f5es. Veja nossas solu\u00e7\u00f5es de PDV recomendadas para lojas de conveni\u00eancia e postos de gasolina.\" \/>\n<meta name=\"robots\" content=\"index, follow, max-snippet:-1, max-image-preview:large, max-video-preview:-1\" \/>\n<link rel=\"canonical\" href=\"https:\/\/apgsolutions.com\/pt-br\/convenience-stores\/\" \/>\n<meta property=\"og:locale\" content=\"pt_BR\" \/>\n<meta property=\"og:type\" content=\"article\" \/>\n<meta property=\"og:title\" content=\"Solu\u00e7\u00f5es de POS para lojas de conveni\u00eancia - Gavetas de dinheiro para lojas de conveni\u00eancia | apg\u00ae\" \/>\n<meta property=\"og:description\" content=\"As lojas de conveni\u00eancia dominam com pagamentos em dinheiro de 63% em todas as transa\u00e7\u00f5es. Veja nossas solu\u00e7\u00f5es de PDV recomendadas para lojas de conveni\u00eancia e postos de gasolina.\" \/>\n<meta property=\"og:url\" content=\"https:\/\/apgsolutions.com\/pt-br\/convenience-stores\/\" \/>\n<meta property=\"og:site_name\" content=\"apg\u00ae Solutions\" \/>\n<meta property=\"article:publisher\" content=\"https:\/\/www.facebook.com\/apgglobalsolutions\" \/>\n<meta property=\"article:modified_time\" content=\"2026-03-20T10:40:54+00:00\" \/>\n<meta property=\"og:image\" content=\"https:\/\/apgsolutions.com\/wp-content\/uploads\/2023\/07\/Money-Growth_Light-Blue.png\" \/>\n<meta name=\"twitter:card\" content=\"summary_large_image\" \/>\n<meta name=\"twitter:site\" content=\"@apg_solutions\" \/>\n<meta name=\"twitter:label1\" content=\"Est. tempo de leitura\" \/>\n\t<meta name=\"twitter:data1\" content=\"2 minutos\" \/>\n<script type=\"application\/ld+json\" class=\"yoast-schema-graph\">{\"@context\":\"https:\/\/schema.org\",\"@graph\":[{\"@type\":\"WebPage\",\"@id\":\"https:\/\/apgsolutions.com\/pt-br\/convenience-stores\/\",\"url\":\"https:\/\/apgsolutions.com\/pt-br\/convenience-stores\/\",\"name\":\"Solu\u00e7\u00f5es de POS para lojas de conveni\u00eancia - Gavetas de dinheiro para lojas de conveni\u00eancia | apg\u00ae\",\"isPartOf\":{\"@id\":\"https:\/\/apgsolutions.com\/pt-br\/#website\"},\"primaryImageOfPage\":{\"@id\":\"https:\/\/apgsolutions.com\/pt-br\/convenience-stores\/#primaryimage\"},\"image\":{\"@id\":\"https:\/\/apgsolutions.com\/pt-br\/convenience-stores\/#primaryimage\"},\"thumbnailUrl\":\"https:\/\/apgsolutions.com\/wp-content\/uploads\/2023\/07\/Money-Growth_Light-Blue.png\",\"datePublished\":\"2026-03-20T10:35:47+00:00\",\"dateModified\":\"2026-03-20T10:40:54+00:00\",\"description\":\"As lojas de conveni\u00eancia dominam com pagamentos em dinheiro de 63% em todas as transa\u00e7\u00f5es. Veja nossas solu\u00e7\u00f5es de PDV recomendadas para lojas de conveni\u00eancia e postos de gasolina.\",\"inLanguage\":\"pt-BR\",\"potentialAction\":[{\"@type\":\"ReadAction\",\"target\":[\"https:\/\/apgsolutions.com\/pt-br\/convenience-stores\/\"]}]},{\"@type\":\"ImageObject\",\"inLanguage\":\"pt-BR\",\"@id\":\"https:\/\/apgsolutions.com\/pt-br\/convenience-stores\/#primaryimage\",\"url\":\"https:\/\/apgsolutions.com\/wp-content\/uploads\/2023\/07\/Money-Growth_Light-Blue.png\",\"contentUrl\":\"https:\/\/apgsolutions.com\/wp-content\/uploads\/2023\/07\/Money-Growth_Light-Blue.png\"},{\"@type\":\"WebSite\",\"@id\":\"https:\/\/apgsolutions.com\/pt-br\/#website\",\"url\":\"https:\/\/apgsolutions.com\/pt-br\/\",\"name\":\"APG Solutions, LLC\",\"description\":\"Trust at every point.\",\"publisher\":{\"@id\":\"https:\/\/apgsolutions.com\/pt-br\/#organization\"},\"potentialAction\":[{\"@type\":\"SearchAction\",\"target\":{\"@type\":\"EntryPoint\",\"urlTemplate\":\"https:\/\/apgsolutions.com\/pt-br\/?s={search_term_string}\"},\"query-input\":{\"@type\":\"PropertyValueSpecification\",\"valueRequired\":true,\"valueName\":\"search_term_string\"}}],\"inLanguage\":\"pt-BR\"},{\"@type\":\"Organization\",\"@id\":\"https:\/\/apgsolutions.com\/pt-br\/#organization\",\"name\":\"APG Solution, LLC\",\"url\":\"https:\/\/apgsolutions.com\/pt-br\/\",\"logo\":{\"@type\":\"ImageObject\",\"inLanguage\":\"pt-BR\",\"@id\":\"https:\/\/apgsolutions.com\/pt-br\/#\/schema\/logo\/image\/\",\"url\":\"https:\/\/apgsolutions.com\/wp-content\/uploads\/2023\/12\/logomark-color.svg\",\"contentUrl\":\"https:\/\/apgsolutions.com\/wp-content\/uploads\/2023\/12\/logomark-color.svg\",\"width\":141,\"height\":138,\"caption\":\"APG Solution, LLC\"},\"image\":{\"@id\":\"https:\/\/apgsolutions.com\/pt-br\/#\/schema\/logo\/image\/\"},\"sameAs\":[\"https:\/\/www.facebook.com\/apgglobalsolutions\",\"https:\/\/x.com\/apg_solutions\",\"https:\/\/www.youtube.com\/c\/CashManagementGlobalSolutionsbyapg\",\"https:\/\/www.linkedin.com\/company\/apgglobalsolutions\/\",\"https:\/\/www.instagram.com\/apgglobalsolutions\/\",\"https:\/\/www.pinterest.com\/apgcashdrawer\/\"]}]}<\/script>\n<!-- \/ Yoast SEO Premium plugin. -->","yoast_head_json":{"title":"Solu\u00e7\u00f5es de POS para lojas de conveni\u00eancia - Gavetas de dinheiro para lojas de conveni\u00eancia | apg\u00ae","description":"As lojas de conveni\u00eancia dominam com pagamentos em dinheiro de 63% em todas as transa\u00e7\u00f5es. Veja nossas solu\u00e7\u00f5es de PDV recomendadas para lojas de conveni\u00eancia e postos de gasolina.","robots":{"index":"index","follow":"follow","max-snippet":"max-snippet:-1","max-image-preview":"max-image-preview:large","max-video-preview":"max-video-preview:-1"},"canonical":"https:\/\/apgsolutions.com\/pt-br\/convenience-stores\/","og_locale":"pt_BR","og_type":"article","og_title":"Solu\u00e7\u00f5es de POS para lojas de conveni\u00eancia - Gavetas de dinheiro para lojas de conveni\u00eancia | apg\u00ae","og_description":"As lojas de conveni\u00eancia dominam com pagamentos em dinheiro de 63% em todas as transa\u00e7\u00f5es. Veja nossas solu\u00e7\u00f5es de PDV recomendadas para lojas de conveni\u00eancia e postos de gasolina.","og_url":"https:\/\/apgsolutions.com\/pt-br\/convenience-stores\/","og_site_name":"apg\u00ae Solutions","article_publisher":"https:\/\/www.facebook.com\/apgglobalsolutions","article_modified_time":"2026-03-20T10:40:54+00:00","og_image":[{"url":"https:\/\/apgsolutions.com\/wp-content\/uploads\/2023\/07\/Money-Growth_Light-Blue.png","type":"","width":"","height":""}],"twitter_card":"summary_large_image","twitter_site":"@apg_solutions","twitter_misc":{"Est. tempo de leitura":"2 minutos"},"schema":{"@context":"https:\/\/schema.org","@graph":[{"@type":"WebPage","@id":"https:\/\/apgsolutions.com\/pt-br\/convenience-stores\/","url":"https:\/\/apgsolutions.com\/pt-br\/convenience-stores\/","name":"Solu\u00e7\u00f5es de POS para lojas de conveni\u00eancia - Gavetas de dinheiro para lojas de conveni\u00eancia | apg\u00ae","isPartOf":{"@id":"https:\/\/apgsolutions.com\/pt-br\/#website"},"primaryImageOfPage":{"@id":"https:\/\/apgsolutions.com\/pt-br\/convenience-stores\/#primaryimage"},"image":{"@id":"https:\/\/apgsolutions.com\/pt-br\/convenience-stores\/#primaryimage"},"thumbnailUrl":"https:\/\/apgsolutions.com\/wp-content\/uploads\/2023\/07\/Money-Growth_Light-Blue.png","datePublished":"2026-03-20T10:35:47+00:00","dateModified":"2026-03-20T10:40:54+00:00","description":"As lojas de conveni\u00eancia dominam com pagamentos em dinheiro de 63% em todas as transa\u00e7\u00f5es. Veja nossas solu\u00e7\u00f5es de PDV recomendadas para lojas de conveni\u00eancia e postos de gasolina.","inLanguage":"pt-BR","potentialAction":[{"@type":"ReadAction","target":["https:\/\/apgsolutions.com\/pt-br\/convenience-stores\/"]}]},{"@type":"ImageObject","inLanguage":"pt-BR","@id":"https:\/\/apgsolutions.com\/pt-br\/convenience-stores\/#primaryimage","url":"https:\/\/apgsolutions.com\/wp-content\/uploads\/2023\/07\/Money-Growth_Light-Blue.png","contentUrl":"https:\/\/apgsolutions.com\/wp-content\/uploads\/2023\/07\/Money-Growth_Light-Blue.png"},{"@type":"WebSite","@id":"https:\/\/apgsolutions.com\/pt-br\/#website","url":"https:\/\/apgsolutions.com\/pt-br\/","name":"APG Solutions, LLC","description":"Trust at every point.","publisher":{"@id":"https:\/\/apgsolutions.com\/pt-br\/#organization"},"potentialAction":[{"@type":"SearchAction","target":{"@type":"EntryPoint","urlTemplate":"https:\/\/apgsolutions.com\/pt-br\/?s={search_term_string}"},"query-input":{"@type":"PropertyValueSpecification","valueRequired":true,"valueName":"search_term_string"}}],"inLanguage":"pt-BR"},{"@type":"Organization","@id":"https:\/\/apgsolutions.com\/pt-br\/#organization","name":"APG Solution, LLC","url":"https:\/\/apgsolutions.com\/pt-br\/","logo":{"@type":"ImageObject","inLanguage":"pt-BR","@id":"https:\/\/apgsolutions.com\/pt-br\/#\/schema\/logo\/image\/","url":"https:\/\/apgsolutions.com\/wp-content\/uploads\/2023\/12\/logomark-color.svg","contentUrl":"https:\/\/apgsolutions.com\/wp-content\/uploads\/2023\/12\/logomark-color.svg","width":141,"height":138,"caption":"APG Solution, LLC"},"image":{"@id":"https:\/\/apgsolutions.com\/pt-br\/#\/schema\/logo\/image\/"},"sameAs":["https:\/\/www.facebook.com\/apgglobalsolutions","https:\/\/x.com\/apg_solutions","https:\/\/www.youtube.com\/c\/CashManagementGlobalSolutionsbyapg","https:\/\/www.linkedin.com\/company\/apgglobalsolutions\/","https:\/\/www.instagram.com\/apgglobalsolutions\/","https:\/\/www.pinterest.com\/apgcashdrawer\/"]}]}},"acf":[],"_links":{"self":[{"href":"https:\/\/apgsolutions.com\/pt-br\/wp-json\/wp\/v2\/pages\/108701","targetHints":{"allow":["GET"]}}],"collection":[{"href":"https:\/\/apgsolutions.com\/pt-br\/wp-json\/wp\/v2\/pages"}],"about":[{"href":"https:\/\/apgsolutions.com\/pt-br\/wp-json\/wp\/v2\/types\/page"}],"author":[{"embeddable":true,"href":"https:\/\/apgsolutions.com\/pt-br\/wp-json\/wp\/v2\/users\/4"}],"replies":[{"embeddable":true,"href":"https:\/\/apgsolutions.com\/pt-br\/wp-json\/wp\/v2\/comments?post=108701"}],"version-history":[{"count":1,"href":"https:\/\/apgsolutions.com\/pt-br\/wp-json\/wp\/v2\/pages\/108701\/revisions"}],"predecessor-version":[{"id":108707,"href":"https:\/\/apgsolutions.com\/pt-br\/wp-json\/wp\/v2\/pages\/108701\/revisions\/108707"}],"wp:attachment":[{"href":"https:\/\/apgsolutions.com\/pt-br\/wp-json\/wp\/v2\/media?parent=108701"}],"curies":[{"name":"wp","href":"https:\/\/api.w.org\/{rel}","templated":true}]}}