{"id":108709,"date":"2026-03-20T10:35:48","date_gmt":"2026-03-20T10:35:48","guid":{"rendered":"https:\/\/apgsolutions.com\/grocery\/"},"modified":"2026-03-20T15:25:31","modified_gmt":"2026-03-20T15:25:31","slug":"grocery","status":"publish","type":"page","link":"https:\/\/apgsolutions.com\/pt-br\/grocery\/","title":{"rendered":"Solu\u00e7\u00f5es de PDV e gavetas de dinheiro para mercearias"},"content":{"rendered":"<div class=\"section_page-header \">\n    <img decoding=\"async\" class=\"header-image\" src=\"https:\/\/apgsolutions.com\/wp-content\/uploads\/2023\/09\/Grocery-Business-type-3.jpg\" alt=\"Grocery\" title=\"Grocery\">\n            <div class=\"header-content\">\n            <h1>POS Solutions &amp; Cash Drawers for Grocery Stores<\/h1>\n        <\/div>\n    <\/div>\n<div class=\"wp-block-group pos-content-div is-vertical is-content-justification-center is-layout-flex wp-container-core-group-is-layout-4b2eccd6 wp-block-group-is-layout-flex\">\n<div style=\"height:0px\" aria-hidden=\"true\" class=\"wp-block-spacer wp-container-content-b83b6736\"><\/div>\n\n\n\n<div class=\"wp-block-group is-vertical is-content-justification-center is-nowrap is-layout-flex wp-container-core-group-is-layout-e862386f wp-block-group-is-layout-flex\">\n<p class=\"has-text-align-center has-large-font-size\"><strong>Melhore a opera\u00e7\u00e3o e a produtividade<\/strong><\/p>\n\n\n\n<div style=\"height:0px\" aria-hidden=\"true\" class=\"wp-block-spacer wp-container-content-5082a153\"><\/div>\n\n\n\n<p class=\"has-text-align-center\">Os supermercados oferecem uma ampla gama de op\u00e7\u00f5es de compras, desde alimentos at\u00e9 produtos para o lar. No mercado atual, que muda rapidamente, as empresas precisam adotar novas tecnologias de PDV para atender aos clientes com efici\u00eancia e manter a lucratividade. Normalmente, os supermercados t\u00eam de 20 a 30 pistas de checkout, ajustando-se ao seu tamanho e ao tr\u00e1fego de clientes. De acordo com o Statista, em 2023, as vendas de supermercados e mercearias nos EUA atingiram o impressionante valor de US$ 846 bilh\u00f5es.   <\/p>\n\n\n\n<p class=\"has-text-align-center\"><\/p>\n\n\n\n<p class=\"has-text-align-center\">Com muitas transa\u00e7\u00f5es em dinheiro, sistemas de PDV confi\u00e1veis s\u00e3o cruciais para opera\u00e7\u00f5es tranquilas e servi\u00e7os ininterruptos. O uso de <a href=\"https:\/\/apgsolutions.com\/pt-br\/produtos\/smarttill-solution-suite\/\">solu\u00e7\u00f5es de gerenciamento de numer\u00e1rio<\/a> ajuda a reduzir erros e perdas, permitindo que os funcion\u00e1rios se concentrem em oferecer um excelente atendimento ao cliente. A APG\u00ae oferece <a href=\"https:\/\/apgsolutions.com\/pt-br\/produtos\/\">solu\u00e7\u00f5es de PDV<\/a> que melhoram e protegem os terminais de caixa de supermercado, garantindo confiabilidade e seguran\u00e7a para ajudar as mercearias a atender \u00e0s necessidades dos clientes de forma eficaz.  <\/p>\n<\/div>\n\n\n\n<div style=\"height:0px\" aria-hidden=\"true\" class=\"wp-block-spacer wp-container-content-b83b6736\"><\/div>\n\n\n\n<div class=\"wp-block-group is-vertical is-layout-flex wp-container-core-group-is-layout-8cf370e7 wp-block-group-is-layout-flex\">\n<p style=\"font-size:30px\"><strong>Fatos e estat\u00edsticas<\/strong><\/p>\n\n\n\n<div style=\"height:0px\" aria-hidden=\"true\" class=\"wp-block-spacer wp-container-content-5082a153\"><\/div>\n<\/div>\n\n\n\n<div class=\"wp-block-columns is-layout-flex wp-container-core-columns-is-layout-9d6595d7 wp-block-columns-is-layout-flex\">\n<div class=\"wp-block-column pos-card-box has-background is-layout-flow wp-block-column-is-layout-flow\" style=\"background-color:#fcfaf7;flex-basis:360px\">\n<div style=\"height:1rem\" aria-hidden=\"true\" class=\"wp-block-spacer\"><\/div>\n\n\n<div class=\"wp-block-image\">\n<figure class=\"aligncenter size-full\"><img decoding=\"async\" width=\"80\" height=\"80\" src=\"https:\/\/apgsolutions.com\/wp-content\/uploads\/2023\/07\/Money-Growth_Light-Blue.png\" alt=\"&#xCD;cone da principal fonte de receita\" class=\"wp-image-68978\" style=\"object-fit:cover\"\/><\/figure>\n<\/div>\n\n\n<h3 class=\"wp-block-heading has-text-align-center\" id=\"h-growth\">Crescimento<\/h3>\n\n\n\n<p class=\"has-text-align-center\">Em 2022, a m\u00e9dia de vendas semanais por supermercado foi de US$ 595.987 | NRF<\/p>\n\n\n\n<div style=\"height:1rem\" aria-hidden=\"true\" class=\"wp-block-spacer\"><\/div>\n<\/div>\n\n\n\n<div class=\"wp-block-column pos-card-box has-background is-layout-flow wp-block-column-is-layout-flow\" style=\"background-color:#fcfaf7;flex-basis:360px\">\n<div style=\"height:1rem\" aria-hidden=\"true\" class=\"wp-block-spacer\"><\/div>\n\n\n<div class=\"wp-block-image\">\n<figure class=\"aligncenter size-full\"><img decoding=\"async\" width=\"80\" height=\"80\" src=\"https:\/\/apgsolutions.com\/wp-content\/uploads\/2023\/07\/Partners-5.png\" alt=\"&#xCD;cone de parceiros\" class=\"wp-image-69397\" style=\"object-fit:cover\"\/><\/figure>\n<\/div>\n\n\n<h3 class=\"wp-block-heading has-text-align-center\" id=\"h-opportunity\">Oportunidade<\/h3>\n\n\n\n<p class=\"has-text-align-center\">Em 2023, haver\u00e1 2,8 milh\u00f5es de trabalhadores empregados em supermercados\/mercearias nos EUA | IBIS World<\/p>\n\n\n\n<div style=\"height:1rem\" aria-hidden=\"true\" class=\"wp-block-spacer\"><\/div>\n<\/div>\n\n\n\n<div class=\"wp-block-column pos-card-box has-background is-layout-flow wp-block-column-is-layout-flow\" style=\"background-color:#fcfaf7;flex-basis:360px\">\n<div style=\"height:1rem\" aria-hidden=\"true\" class=\"wp-block-spacer\"><\/div>\n\n\n<div class=\"wp-block-image\">\n<figure class=\"aligncenter size-full\"><img decoding=\"async\" width=\"80\" height=\"80\" src=\"https:\/\/apgsolutions.com\/wp-content\/uploads\/2023\/07\/Finance-3.png\" alt=\"&#xCD;cone de finan&#xE7;as\" class=\"wp-image-69255\" style=\"object-fit:cover\"\/><\/figure>\n<\/div>\n\n\n<h3 class=\"wp-block-heading has-text-align-center\" id=\"h-revenue\">Receita<\/h3>\n\n\n\n<p class=\"has-text-align-center\">Em 2023, as vendas em supermercados totalizaram US$ 846 bilh\u00f5es | Statista<\/p>\n\n\n\n<div style=\"height:16px\" aria-hidden=\"true\" class=\"wp-block-spacer\"><\/div>\n<\/div>\n<\/div>\n\n\n\n<div style=\"height:0px\" aria-hidden=\"true\" class=\"wp-block-spacer wp-container-content-b83b6736\"><\/div>\n\n\n\n<div class=\"wp-block-group is-vertical is-layout-flex wp-container-core-group-is-layout-8cf370e7 wp-block-group-is-layout-flex\">\n<p style=\"font-size:30px\"><strong>Nossas gavetas recomendadas para compras<\/strong><\/p>\n\n\n\n<div style=\"height:0px\" aria-hidden=\"true\" class=\"wp-block-spacer wp-container-content-2cb1e7d4\"><\/div>\n<\/div>\n\n\n\n<div class=\"wp-block-columns is-layout-flex wp-container-core-columns-is-layout-9d6595d7 wp-block-columns-is-layout-flex\">\n<div class=\"wp-block-column is-layout-flow wp-block-column-is-layout-flow\">\n<div style=\"height:1rem\" aria-hidden=\"true\" class=\"wp-block-spacer\"><\/div>\n\n\n<div class=\"wp-block-image\">\n<figure class=\"aligncenter size-full is-resized\"><img loading=\"lazy\" decoding=\"async\" width=\"684\" height=\"365\" src=\"https:\/\/apgsolutions.com\/wp-content\/uploads\/2024\/07\/APG-Flptp-Clsd-R-SST-removebg-preview.png\" alt=\"Gaveta de dinheiro da s&#xE9;rie Vasario\" class=\"wp-image-85851\" style=\"width:240px\" srcset=\"https:\/\/apgsolutions.com\/wp-content\/uploads\/2024\/07\/APG-Flptp-Clsd-R-SST-removebg-preview.png 684w, https:\/\/apgsolutions.com\/wp-content\/uploads\/2024\/07\/APG-Flptp-Clsd-R-SST-removebg-preview-300x160.png 300w, https:\/\/apgsolutions.com\/wp-content\/uploads\/2024\/07\/APG-Flptp-Clsd-R-SST-removebg-preview-550x293.png 550w, https:\/\/apgsolutions.com\/wp-content\/uploads\/2024\/07\/APG-Flptp-Clsd-R-SST-removebg-preview-80x43.png 80w, https:\/\/apgsolutions.com\/wp-content\/uploads\/2024\/07\/APG-Flptp-Clsd-R-SST-removebg-preview-600x320.png 600w, https:\/\/apgsolutions.com\/wp-content\/uploads\/2024\/07\/elementor\/thumbs\/APG-Flptp-Clsd-R-SST-removebg-preview-qrvtp81bzpa34q0d49l29xmhmdmbi958srf90o8m6m.png 230w, https:\/\/apgsolutions.com\/wp-content\/uploads\/2024\/07\/elementor\/thumbs\/APG-Flptp-Clsd-R-SST-removebg-preview-qrvtp81c435p9oyiucqk26ptpf49t4v999lvj5yl8g.png 240w, https:\/\/apgsolutions.com\/wp-content\/uploads\/2024\/07\/elementor\/thumbs\/APG-Flptp-Clsd-R-SST-removebg-preview-qrvtp81c0kusycmjx4ffqwvuu1qgurrqgq7eaubglq.png 232w\" sizes=\"(max-width: 684px) 100vw, 684px\" \/><\/figure>\n<\/div>\n\n\n<h3 class=\"wp-block-heading has-text-align-center\" id=\"h-vasario-series-cash-drawer\">Gaveta de dinheiro da s\u00e9rie Vasario<\/h3>\n\n\n\n<p class=\"has-text-align-left\">Simplifique o checkout para funcion\u00e1rios novos e experientes com a <a href=\"https:\/\/apgsolutions.com\/cash-drawer\/flip-top-cash-drawer-mf437a-bg460\/\">gaveta de dinheiro E3600<\/a>. Projetada para lidar com o tr\u00e1fego de alto volume de supermercados, ela garante transa\u00e7\u00f5es r\u00e1pidas e eficientes em hor\u00e1rios de grande movimento. <\/p>\n\n\n\n<p class=\"has-text-align-left\">Testado para durar mais de quatro milh\u00f5es de transa\u00e7\u00f5es, o E3600 oferece sempre um desempenho confi\u00e1vel.<\/p>\n\n\n\n<div style=\"height:1rem\" aria-hidden=\"true\" class=\"wp-block-spacer\"><\/div>\n<\/div>\n\n\n\n<div class=\"wp-block-column is-layout-flow wp-block-column-is-layout-flow\">\n<div style=\"height:1rem\" aria-hidden=\"true\" class=\"wp-block-spacer\"><\/div>\n\n\n<div class=\"wp-block-image\">\n<figure class=\"aligncenter size-full is-resized\"><img loading=\"lazy\" decoding=\"async\" width=\"1600\" height=\"1200\" src=\"https:\/\/apgsolutions.com\/wp-content\/uploads\/2023\/06\/Series-4000-JB520-BL1816-Closed-Right.png\" alt=\"Gaveta de dinheiro Series 4000\" class=\"wp-image-83857\" style=\"width:186px\" srcset=\"https:\/\/apgsolutions.com\/wp-content\/uploads\/2023\/06\/Series-4000-JB520-BL1816-Closed-Right.png 1600w, https:\/\/apgsolutions.com\/wp-content\/uploads\/2023\/06\/Series-4000-JB520-BL1816-Closed-Right-300x225.png 300w, https:\/\/apgsolutions.com\/wp-content\/uploads\/2023\/06\/Series-4000-JB520-BL1816-Closed-Right-1024x768.png 1024w, https:\/\/apgsolutions.com\/wp-content\/uploads\/2023\/06\/Series-4000-JB520-BL1816-Closed-Right-768x576.png 768w, https:\/\/apgsolutions.com\/wp-content\/uploads\/2023\/06\/Series-4000-JB520-BL1816-Closed-Right-1536x1152.png 1536w, https:\/\/apgsolutions.com\/wp-content\/uploads\/2023\/06\/Series-4000-JB520-BL1816-Closed-Right-550x413.png 550w, https:\/\/apgsolutions.com\/wp-content\/uploads\/2023\/06\/Series-4000-JB520-BL1816-Closed-Right-80x60.png 80w, https:\/\/apgsolutions.com\/wp-content\/uploads\/2023\/06\/Series-4000-JB520-BL1816-Closed-Right-600x450.png 600w\" sizes=\"(max-width: 1600px) 100vw, 1600px\" \/><\/figure>\n<\/div>\n\n\n<h3 class=\"wp-block-heading has-text-align-center\" id=\"h-series-4000-cash-drawer\">Gaveta de dinheiro Series 4000<\/h3>\n\n\n\n<p class=\"has-text-align-left\">A <a href=\"https:\/\/apgsolutions.com\/products\/cash-drawers\/heavy-duty\/series-4000\/\">S\u00e9rie 4000<\/a> foi projetada para as demandas de ritmo acelerado dos supermercados, oferecendo espa\u00e7o de armazenamento flex\u00edvel com v\u00e1rios tamanhos e cores para atender \u00e0s suas necessidades de checkout.<\/p>\n\n\n\n<p class=\"has-text-align-left\">Constru\u00eddo para durar mais de quatro milh\u00f5es de transa\u00e7\u00f5es, o Series 4000 garante desempenho confi\u00e1vel e durabilidade duradoura, tornando-o a escolha confi\u00e1vel para mercearias.<\/p>\n\n\n\n<div style=\"height:1rem\" aria-hidden=\"true\" class=\"wp-block-spacer\"><\/div>\n<\/div>\n<\/div>\n<\/div>\n","protected":false},"excerpt":{"rendered":"<p>Melhore a opera\u00e7\u00e3o e a produtividade Os supermercados oferecem uma ampla gama de op\u00e7\u00f5es de compras, desde alimentos at\u00e9 produtos para o lar. No mercado atual, que muda rapidamente, as empresas precisam adotar novas tecnologias de PDV para atender aos clientes com efici\u00eancia e manter a lucratividade. Normalmente, os supermercados t\u00eam de 20 a 30 [&hellip;]<\/p>\n","protected":false},"author":4,"featured_media":0,"parent":0,"menu_order":0,"comment_status":"closed","ping_status":"closed","template":"","meta":{"_acf_changed":false,"content-type":"","footnotes":""},"class_list":["post-108709","page","type-page","status-publish"],"yoast_head":"<!-- This site is optimized with the Yoast SEO Premium plugin v23.5 (Yoast SEO v27.2) - https:\/\/yoast.com\/product\/yoast-seo-premium-wordpress\/ -->\n<title>Solu\u00e7\u00f5es para PDVs de supermercado - Gavetas de dinheiro para supermercado | apg\u00ae<\/title>\n<meta name=\"description\" content=\"A APG fornece solu\u00e7\u00f5es de PDV para mercearias para aprimorar e proteger os terminais de checkout das mercearias e aumentar a produtividade geral.\" \/>\n<meta name=\"robots\" content=\"index, follow, max-snippet:-1, max-image-preview:large, max-video-preview:-1\" \/>\n<link rel=\"canonical\" href=\"https:\/\/apgsolutions.com\/pt-br\/grocery\/\" \/>\n<meta property=\"og:locale\" content=\"pt_BR\" \/>\n<meta property=\"og:type\" content=\"article\" \/>\n<meta property=\"og:title\" content=\"Solu\u00e7\u00f5es para PDVs de supermercado - Gavetas de dinheiro para supermercado | apg\u00ae\" \/>\n<meta property=\"og:description\" content=\"A APG fornece solu\u00e7\u00f5es de PDV para mercearias para aprimorar e proteger os terminais de checkout das mercearias e aumentar a produtividade geral.\" \/>\n<meta property=\"og:url\" content=\"https:\/\/apgsolutions.com\/pt-br\/grocery\/\" \/>\n<meta property=\"og:site_name\" content=\"apg\u00ae Solutions\" \/>\n<meta property=\"article:publisher\" content=\"https:\/\/www.facebook.com\/apgglobalsolutions\" \/>\n<meta property=\"article:modified_time\" content=\"2026-03-20T15:25:31+00:00\" \/>\n<meta property=\"og:image\" content=\"https:\/\/apgsolutions.com\/wp-content\/uploads\/2023\/07\/Money-Growth_Light-Blue.png\" \/>\n<meta name=\"twitter:card\" content=\"summary_large_image\" \/>\n<meta name=\"twitter:site\" content=\"@apg_solutions\" \/>\n<meta name=\"twitter:label1\" content=\"Est. tempo de leitura\" \/>\n\t<meta name=\"twitter:data1\" content=\"2 minutos\" \/>\n<script type=\"application\/ld+json\" class=\"yoast-schema-graph\">{\"@context\":\"https:\/\/schema.org\",\"@graph\":[{\"@type\":\"WebPage\",\"@id\":\"https:\/\/apgsolutions.com\/pt-br\/grocery\/\",\"url\":\"https:\/\/apgsolutions.com\/pt-br\/grocery\/\",\"name\":\"Solu\u00e7\u00f5es para PDVs de supermercado - Gavetas de dinheiro para supermercado | apg\u00ae\",\"isPartOf\":{\"@id\":\"https:\/\/apgsolutions.com\/pt-br\/#website\"},\"primaryImageOfPage\":{\"@id\":\"https:\/\/apgsolutions.com\/pt-br\/grocery\/#primaryimage\"},\"image\":{\"@id\":\"https:\/\/apgsolutions.com\/pt-br\/grocery\/#primaryimage\"},\"thumbnailUrl\":\"https:\/\/apgsolutions.com\/wp-content\/uploads\/2023\/07\/Money-Growth_Light-Blue.png\",\"datePublished\":\"2026-03-20T10:35:48+00:00\",\"dateModified\":\"2026-03-20T15:25:31+00:00\",\"description\":\"A APG fornece solu\u00e7\u00f5es de PDV para mercearias para aprimorar e proteger os terminais de checkout das mercearias e aumentar a produtividade geral.\",\"inLanguage\":\"pt-BR\",\"potentialAction\":[{\"@type\":\"ReadAction\",\"target\":[\"https:\/\/apgsolutions.com\/pt-br\/grocery\/\"]}]},{\"@type\":\"ImageObject\",\"inLanguage\":\"pt-BR\",\"@id\":\"https:\/\/apgsolutions.com\/pt-br\/grocery\/#primaryimage\",\"url\":\"https:\/\/apgsolutions.com\/wp-content\/uploads\/2023\/07\/Money-Growth_Light-Blue.png\",\"contentUrl\":\"https:\/\/apgsolutions.com\/wp-content\/uploads\/2023\/07\/Money-Growth_Light-Blue.png\"},{\"@type\":\"WebSite\",\"@id\":\"https:\/\/apgsolutions.com\/pt-br\/#website\",\"url\":\"https:\/\/apgsolutions.com\/pt-br\/\",\"name\":\"APG Solutions, LLC\",\"description\":\"Trust at every point.\",\"publisher\":{\"@id\":\"https:\/\/apgsolutions.com\/pt-br\/#organization\"},\"potentialAction\":[{\"@type\":\"SearchAction\",\"target\":{\"@type\":\"EntryPoint\",\"urlTemplate\":\"https:\/\/apgsolutions.com\/pt-br\/?s={search_term_string}\"},\"query-input\":{\"@type\":\"PropertyValueSpecification\",\"valueRequired\":true,\"valueName\":\"search_term_string\"}}],\"inLanguage\":\"pt-BR\"},{\"@type\":\"Organization\",\"@id\":\"https:\/\/apgsolutions.com\/pt-br\/#organization\",\"name\":\"APG Solution, LLC\",\"url\":\"https:\/\/apgsolutions.com\/pt-br\/\",\"logo\":{\"@type\":\"ImageObject\",\"inLanguage\":\"pt-BR\",\"@id\":\"https:\/\/apgsolutions.com\/pt-br\/#\/schema\/logo\/image\/\",\"url\":\"https:\/\/apgsolutions.com\/wp-content\/uploads\/2023\/12\/logomark-color.svg\",\"contentUrl\":\"https:\/\/apgsolutions.com\/wp-content\/uploads\/2023\/12\/logomark-color.svg\",\"width\":141,\"height\":138,\"caption\":\"APG Solution, LLC\"},\"image\":{\"@id\":\"https:\/\/apgsolutions.com\/pt-br\/#\/schema\/logo\/image\/\"},\"sameAs\":[\"https:\/\/www.facebook.com\/apgglobalsolutions\",\"https:\/\/x.com\/apg_solutions\",\"https:\/\/www.youtube.com\/c\/CashManagementGlobalSolutionsbyapg\",\"https:\/\/www.linkedin.com\/company\/apgglobalsolutions\/\",\"https:\/\/www.instagram.com\/apgglobalsolutions\/\",\"https:\/\/www.pinterest.com\/apgcashdrawer\/\"]}]}<\/script>\n<!-- \/ Yoast SEO Premium plugin. -->","yoast_head_json":{"title":"Solu\u00e7\u00f5es para PDVs de supermercado - Gavetas de dinheiro para supermercado | apg\u00ae","description":"A APG fornece solu\u00e7\u00f5es de PDV para mercearias para aprimorar e proteger os terminais de checkout das mercearias e aumentar a produtividade geral.","robots":{"index":"index","follow":"follow","max-snippet":"max-snippet:-1","max-image-preview":"max-image-preview:large","max-video-preview":"max-video-preview:-1"},"canonical":"https:\/\/apgsolutions.com\/pt-br\/grocery\/","og_locale":"pt_BR","og_type":"article","og_title":"Solu\u00e7\u00f5es para PDVs de supermercado - Gavetas de dinheiro para supermercado | apg\u00ae","og_description":"A APG fornece solu\u00e7\u00f5es de PDV para mercearias para aprimorar e proteger os terminais de checkout das mercearias e aumentar a produtividade geral.","og_url":"https:\/\/apgsolutions.com\/pt-br\/grocery\/","og_site_name":"apg\u00ae Solutions","article_publisher":"https:\/\/www.facebook.com\/apgglobalsolutions","article_modified_time":"2026-03-20T15:25:31+00:00","og_image":[{"url":"https:\/\/apgsolutions.com\/wp-content\/uploads\/2023\/07\/Money-Growth_Light-Blue.png","type":"","width":"","height":""}],"twitter_card":"summary_large_image","twitter_site":"@apg_solutions","twitter_misc":{"Est. tempo de leitura":"2 minutos"},"schema":{"@context":"https:\/\/schema.org","@graph":[{"@type":"WebPage","@id":"https:\/\/apgsolutions.com\/pt-br\/grocery\/","url":"https:\/\/apgsolutions.com\/pt-br\/grocery\/","name":"Solu\u00e7\u00f5es para PDVs de supermercado - Gavetas de dinheiro para supermercado | apg\u00ae","isPartOf":{"@id":"https:\/\/apgsolutions.com\/pt-br\/#website"},"primaryImageOfPage":{"@id":"https:\/\/apgsolutions.com\/pt-br\/grocery\/#primaryimage"},"image":{"@id":"https:\/\/apgsolutions.com\/pt-br\/grocery\/#primaryimage"},"thumbnailUrl":"https:\/\/apgsolutions.com\/wp-content\/uploads\/2023\/07\/Money-Growth_Light-Blue.png","datePublished":"2026-03-20T10:35:48+00:00","dateModified":"2026-03-20T15:25:31+00:00","description":"A APG fornece solu\u00e7\u00f5es de PDV para mercearias para aprimorar e proteger os terminais de checkout das mercearias e aumentar a produtividade geral.","inLanguage":"pt-BR","potentialAction":[{"@type":"ReadAction","target":["https:\/\/apgsolutions.com\/pt-br\/grocery\/"]}]},{"@type":"ImageObject","inLanguage":"pt-BR","@id":"https:\/\/apgsolutions.com\/pt-br\/grocery\/#primaryimage","url":"https:\/\/apgsolutions.com\/wp-content\/uploads\/2023\/07\/Money-Growth_Light-Blue.png","contentUrl":"https:\/\/apgsolutions.com\/wp-content\/uploads\/2023\/07\/Money-Growth_Light-Blue.png"},{"@type":"WebSite","@id":"https:\/\/apgsolutions.com\/pt-br\/#website","url":"https:\/\/apgsolutions.com\/pt-br\/","name":"APG Solutions, LLC","description":"Trust at every point.","publisher":{"@id":"https:\/\/apgsolutions.com\/pt-br\/#organization"},"potentialAction":[{"@type":"SearchAction","target":{"@type":"EntryPoint","urlTemplate":"https:\/\/apgsolutions.com\/pt-br\/?s={search_term_string}"},"query-input":{"@type":"PropertyValueSpecification","valueRequired":true,"valueName":"search_term_string"}}],"inLanguage":"pt-BR"},{"@type":"Organization","@id":"https:\/\/apgsolutions.com\/pt-br\/#organization","name":"APG Solution, LLC","url":"https:\/\/apgsolutions.com\/pt-br\/","logo":{"@type":"ImageObject","inLanguage":"pt-BR","@id":"https:\/\/apgsolutions.com\/pt-br\/#\/schema\/logo\/image\/","url":"https:\/\/apgsolutions.com\/wp-content\/uploads\/2023\/12\/logomark-color.svg","contentUrl":"https:\/\/apgsolutions.com\/wp-content\/uploads\/2023\/12\/logomark-color.svg","width":141,"height":138,"caption":"APG Solution, LLC"},"image":{"@id":"https:\/\/apgsolutions.com\/pt-br\/#\/schema\/logo\/image\/"},"sameAs":["https:\/\/www.facebook.com\/apgglobalsolutions","https:\/\/x.com\/apg_solutions","https:\/\/www.youtube.com\/c\/CashManagementGlobalSolutionsbyapg","https:\/\/www.linkedin.com\/company\/apgglobalsolutions\/","https:\/\/www.instagram.com\/apgglobalsolutions\/","https:\/\/www.pinterest.com\/apgcashdrawer\/"]}]}},"acf":[],"_links":{"self":[{"href":"https:\/\/apgsolutions.com\/pt-br\/wp-json\/wp\/v2\/pages\/108709","targetHints":{"allow":["GET"]}}],"collection":[{"href":"https:\/\/apgsolutions.com\/pt-br\/wp-json\/wp\/v2\/pages"}],"about":[{"href":"https:\/\/apgsolutions.com\/pt-br\/wp-json\/wp\/v2\/types\/page"}],"author":[{"embeddable":true,"href":"https:\/\/apgsolutions.com\/pt-br\/wp-json\/wp\/v2\/users\/4"}],"replies":[{"embeddable":true,"href":"https:\/\/apgsolutions.com\/pt-br\/wp-json\/wp\/v2\/comments?post=108709"}],"version-history":[{"count":5,"href":"https:\/\/apgsolutions.com\/pt-br\/wp-json\/wp\/v2\/pages\/108709\/revisions"}],"predecessor-version":[{"id":109766,"href":"https:\/\/apgsolutions.com\/pt-br\/wp-json\/wp\/v2\/pages\/108709\/revisions\/109766"}],"wp:attachment":[{"href":"https:\/\/apgsolutions.com\/pt-br\/wp-json\/wp\/v2\/media?parent=108709"}],"curies":[{"name":"wp","href":"https:\/\/api.w.org\/{rel}","templated":true}]}}