{"id":108714,"date":"2026-03-20T10:36:01","date_gmt":"2026-03-20T10:36:01","guid":{"rendered":"https:\/\/apgsolutions.com\/bakery-point-of-sale-solutions\/"},"modified":"2026-03-20T15:19:05","modified_gmt":"2026-03-20T15:19:05","slug":"bakery-point-of-sale-solutions","status":"publish","type":"page","link":"https:\/\/apgsolutions.com\/pt-br\/bakery-point-of-sale-solutions\/","title":{"rendered":"Solu\u00e7\u00f5es de PDV e gavetas de dinheiro para padarias"},"content":{"rendered":"<div class=\"section_page-header \">\n    <img decoding=\"async\" class=\"header-image\" src=\"https:\/\/apgsolutions.com\/wp-content\/uploads\/2023\/07\/Bakery-POS-Solutions.jpg\" alt=\"Bakery-POS-Solutions\" title=\"Bakery-POS-Solutions\">\n            <div class=\"header-content\">\n            <h1>POS Solutions &amp; Cash Drawers for Bakeries<\/h1>\n        <\/div>\n    <\/div>\n<div class=\"wp-block-group pos-content-div is-vertical is-content-justification-center is-layout-flex wp-container-core-group-is-layout-4b2eccd6 wp-block-group-is-layout-flex\">\n<div style=\"height:0px\" aria-hidden=\"true\" class=\"wp-block-spacer wp-container-content-b83b6736\"><\/div>\n\n\n\n<div class=\"wp-block-group is-vertical is-content-justification-center is-nowrap is-layout-flex wp-container-core-group-is-layout-e862386f wp-block-group-is-layout-flex\">\n<p class=\"has-text-align-center has-large-font-size\"><strong>Oportunidades crescentes para o setor de panifica\u00e7\u00e3o<\/strong><\/p>\n\n\n\n<div style=\"height:0px\" aria-hidden=\"true\" class=\"wp-block-spacer wp-container-content-5082a153\"><\/div>\n\n\n\n<p class=\"has-text-align-center\">Na Europa, o setor de panifica\u00e7\u00e3o \u00e9 vital para o mercado, com p\u00e3es, confeitarias e caf\u00e9s desempenhando um papel fundamental na cultura de muitas na\u00e7\u00f5es. Em 2021, o consumo total de panifica\u00e7\u00e3o foi de 38 milh\u00f5es de toneladas em 29 pa\u00edses da Europa. O setor de panifica\u00e7\u00e3o est\u00e1 bem estabelecido, oferecendo uma variedade de ofertas de produtos com canais de distribui\u00e7\u00e3o, regulamenta\u00e7\u00f5es, plataformas de inova\u00e7\u00e3o e prefer\u00eancias do consumidor respeit\u00e1veis. O setor de panifica\u00e7\u00e3o continuar\u00e1 sendo um dos mercados mais importantes do mundo nos pr\u00f3ximos anos.   <\/p>\n\n\n\n<p class=\"has-text-align-center\">As transa\u00e7\u00f5es em dinheiro desempenham um papel fundamental nas padarias europeias, mas podem atrasar o servi\u00e7o se n\u00e3o forem gerenciadas com efici\u00eancia. A conveni\u00eancia \u00e9 um fator importante para os europeus quando se trata de escolher alimentos e as gera\u00e7\u00f5es mais jovens est\u00e3o procurando op\u00e7\u00f5es frescas, org\u00e2nicas e artesanais que possam comprar em qualquer lugar. Com as altas expectativas de atendimento ao cliente, \u00e9 importante que as padarias lidem com as transa\u00e7\u00f5es de forma precisa e eficiente ou correm o risco de perder para a concorr\u00eancia.  <\/p>\n\n\n\n<p class=\"has-text-align-center\">O setor de panifica\u00e7\u00e3o europeu \u00e9 impulsionado por inova\u00e7\u00f5es frequentes em tecnologia e pela evolu\u00e7\u00e3o das prefer\u00eancias dos consumidores. Em um setor com muitas transa\u00e7\u00f5es realizadas em dinheiro, as padarias devem considerar investir em <a href=\"https:\/\/apgsolutions.com\/pt-br\/products\/smarttill-solution-suite\/\">solu\u00e7\u00f5es de gerenciamento de numer\u00e1rio<\/a> projetadas para oferecer prote\u00e7\u00e3o adicional contra a entrada em ambientes com excesso de detritos, como migalhas, a\u00e7\u00facar e poss\u00edveis derramamentos de l\u00edquidos. Essas solu\u00e7\u00f5es podem facilitar um grande volume de transa\u00e7\u00f5es em dinheiro, funcionando de forma consistente em ambientes de alta rotatividade e melhorando a experi\u00eancia do caixa em um ambiente de ritmo acelerado.  <\/p>\n\n\n\n<p class=\"has-text-align-center\"><\/p>\n<\/div>\n\n\n\n<div style=\"height:0px\" aria-hidden=\"true\" class=\"wp-block-spacer wp-container-content-b83b6736\"><\/div>\n\n\n\n<div class=\"wp-block-group is-vertical is-layout-flex wp-container-core-group-is-layout-8cf370e7 wp-block-group-is-layout-flex\">\n<p style=\"font-size:30px\"><strong>Fatos e estat\u00edsticas<\/strong><\/p>\n\n\n\n<div style=\"height:0px\" aria-hidden=\"true\" class=\"wp-block-spacer wp-container-content-5082a153\"><\/div>\n<\/div>\n\n\n\n<div class=\"wp-block-columns is-layout-flex wp-container-core-columns-is-layout-9d6595d7 wp-block-columns-is-layout-flex\">\n<div class=\"wp-block-column pos-card-box has-background is-layout-flow wp-block-column-is-layout-flow\" style=\"background-color:#fcfaf7;flex-basis:360px\">\n<div style=\"height:1rem\" aria-hidden=\"true\" class=\"wp-block-spacer\"><\/div>\n\n\n<div class=\"wp-block-image\">\n<figure class=\"aligncenter size-full\"><img decoding=\"async\" width=\"80\" height=\"80\" src=\"https:\/\/apgsolutions.com\/wp-content\/uploads\/2023\/07\/Money-Growth_Light-Blue.png\" alt=\"&#xCD;cone da principal fonte de receita\" class=\"wp-image-68978\" style=\"object-fit:cover\"\/><\/figure>\n<\/div>\n\n\n<h3 class=\"wp-block-heading has-text-align-center\" id=\"h-growth\">Crescimento<\/h3>\n\n\n\n<p class=\"has-text-align-center\">O setor de panifica\u00e7\u00e3o tem um impacto econ\u00f4mico geral de mais de US$ 186 bilh\u00f5es nos EUA | ABA<\/p>\n\n\n\n<div style=\"height:1rem\" aria-hidden=\"true\" class=\"wp-block-spacer\"><\/div>\n<\/div>\n\n\n\n<div class=\"wp-block-column pos-card-box has-background is-layout-flow wp-block-column-is-layout-flow\" style=\"background-color:#fcfaf7;flex-basis:360px\">\n<div style=\"height:1rem\" aria-hidden=\"true\" class=\"wp-block-spacer\"><\/div>\n\n\n<div class=\"wp-block-image\">\n<figure class=\"aligncenter size-full\"><img decoding=\"async\" width=\"80\" height=\"80\" src=\"https:\/\/apgsolutions.com\/wp-content\/uploads\/2023\/07\/Finance-3.png\" alt=\"&#xCD;cone de finan&#xE7;as\" class=\"wp-image-69255\" style=\"object-fit:cover\"\/><\/figure>\n<\/div>\n\n\n<h3 class=\"wp-block-heading has-text-align-center\" id=\"h-market-share\">Participa\u00e7\u00e3o de mercado<\/h3>\n\n\n\n<p class=\"has-text-align-center\">Na Europa, os produtos de panifica\u00e7\u00e3o representaram uma participa\u00e7\u00e3o de 38% do mercado total em 2023 | ABA<\/p>\n\n\n\n<div style=\"height:1rem\" aria-hidden=\"true\" class=\"wp-block-spacer\"><\/div>\n<\/div>\n\n\n\n<div class=\"wp-block-column pos-card-box has-background is-layout-flow wp-block-column-is-layout-flow\" style=\"background-color:#fcfaf7;flex-basis:360px\">\n<div style=\"height:1rem\" aria-hidden=\"true\" class=\"wp-block-spacer\"><\/div>\n\n\n<div class=\"wp-block-image\">\n<figure class=\"aligncenter size-full\"><img decoding=\"async\" width=\"80\" height=\"80\" src=\"https:\/\/apgsolutions.com\/wp-content\/uploads\/2023\/07\/Partners-5.png\" alt=\"&#xCD;cone de parceiros\" class=\"wp-image-69397\" style=\"object-fit:cover\"\/><\/figure>\n<\/div>\n\n\n<h3 class=\"wp-block-heading has-text-align-center\" id=\"h-opportunity\">Oportunidade<\/h3>\n\n\n\n<p class=\"has-text-align-center\">Nos Estados Unidos, o setor de panifica\u00e7\u00e3o emprega quase 800.000 funcion\u00e1rios | ABA<\/p>\n\n\n\n<div style=\"height:16px\" aria-hidden=\"true\" class=\"wp-block-spacer\"><\/div>\n<\/div>\n<\/div>\n\n\n\n<div style=\"height:0px\" aria-hidden=\"true\" class=\"wp-block-spacer wp-container-content-b83b6736\"><\/div>\n\n\n\n<div class=\"wp-block-group is-vertical is-layout-flex wp-container-core-group-is-layout-8cf370e7 wp-block-group-is-layout-flex\">\n<p style=\"font-size:30px\"><strong>Nossas gavetas recomendadas para padarias<\/strong><\/p>\n\n\n\n<div style=\"height:0px\" aria-hidden=\"true\" class=\"wp-block-spacer wp-container-content-2cb1e7d4\"><\/div>\n<\/div>\n\n\n\n<div class=\"wp-block-columns is-layout-flex wp-container-core-columns-is-layout-9d6595d7 wp-block-columns-is-layout-flex\">\n<div class=\"wp-block-column is-layout-flow wp-block-column-is-layout-flow\">\n<div style=\"height:1rem\" aria-hidden=\"true\" class=\"wp-block-spacer\"><\/div>\n\n\n<div class=\"wp-block-image\">\n<figure class=\"aligncenter size-full is-resized\"><img decoding=\"async\" src=\"https:\/\/apgsolutions.com\/wp-content\/uploads\/2024\/09\/Series-100.png\" alt=\"Gaveta de dinheiro S&#xE9;rie 100\" class=\"wp-image-86680\" style=\"width:186px\"\/><\/figure>\n<\/div>\n\n\n<h3 class=\"wp-block-heading has-text-align-center\" id=\"h-series-100-cash-drawer\">Gaveta de dinheiro S\u00e9rie 100<\/h3>\n\n\n\n<p class=\"has-text-align-left\">A <a href=\"https:\/\/apgsolutions.com\/products\/cash-drawers\/heavy-duty\/series-100\/\">S\u00e9rie 100<\/a> \u00e9 ideal para padarias, oferecendo amplo armazenamento com um compartimento inferior profundo para organizar rolos de moedas e moedas embaladas.  <\/p>\n\n\n\n<p class=\"has-text-align-left\">Seu design compacto \u00e9 perfeito para otimizar o espa\u00e7o do balc\u00e3o em ambientes movimentados de padarias. Criada para suportar mais de quatro milh\u00f5es de transa\u00e7\u00f5es, a S\u00e9rie 100 \u00e9 a op\u00e7\u00e3o ideal para lidar com um alto volume de vendas. <\/p>\n\n\n\n<div style=\"height:1rem\" aria-hidden=\"true\" class=\"wp-block-spacer\"><\/div>\n<\/div>\n\n\n\n<div class=\"wp-block-column is-layout-flow wp-block-column-is-layout-flow\">\n<div style=\"height:1rem\" aria-hidden=\"true\" class=\"wp-block-spacer\"><\/div>\n\n\n<div class=\"wp-block-image\">\n<figure class=\"aligncenter size-full is-resized\"><img loading=\"lazy\" decoding=\"async\" width=\"280\" height=\"211\" src=\"https:\/\/apgsolutions.com\/wp-content\/uploads\/2024\/07\/Vasario-VBxxx-BL1618-Closed-Right-removebg-preview.png\" alt=\"Gaveta de dinheiro da s&#xE9;rie Vasario\" class=\"wp-image-85846\" style=\"width:186px\" srcset=\"https:\/\/apgsolutions.com\/wp-content\/uploads\/2024\/07\/Vasario-VBxxx-BL1618-Closed-Right-removebg-preview.png 280w, https:\/\/apgsolutions.com\/wp-content\/uploads\/2024\/07\/Vasario-VBxxx-BL1618-Closed-Right-removebg-preview-80x60.png 80w\" sizes=\"(max-width: 280px) 100vw, 280px\" \/><\/figure>\n<\/div>\n\n\n<h3 class=\"wp-block-heading has-text-align-center\" id=\"h-vasario-series-cash-drawer\">Gaveta de dinheiro da s\u00e9rie Vasario<\/h3>\n\n\n\n<p class=\"has-text-align-left\">Para uma op\u00e7\u00e3o econ\u00f4mica no setor de panifica\u00e7\u00e3o, considere a <a href=\"https:\/\/apgsolutions.com\/products\/cash-drawers\/standard-duty\/vasario\">gaveta de dinheiro Vasario<\/a>. Dispon\u00edvel em uma variedade de tamanhos para se adequar a v\u00e1rias configura\u00e7\u00f5es de padarias, ela foi projetada para atender \u00e0s demandas de padarias.   <\/p>\n\n\n\n<p class=\"has-text-align-left\">Com durabilidade testada para exceder um milh\u00e3o de transa\u00e7\u00f5es, a gaveta de dinheiro Vasario garante experi\u00eancias de caixa tranquilas e eficientes.<\/p>\n\n\n\n<div style=\"height:1rem\" aria-hidden=\"true\" class=\"wp-block-spacer\"><\/div>\n<\/div>\n<\/div>\n<\/div>\n","protected":false},"excerpt":{"rendered":"<p>Oportunidades crescentes para o setor de panifica\u00e7\u00e3o Na Europa, o setor de panifica\u00e7\u00e3o \u00e9 vital para o mercado, com p\u00e3es, confeitarias e caf\u00e9s desempenhando um papel fundamental na cultura de muitas na\u00e7\u00f5es. Em 2021, o consumo total de panifica\u00e7\u00e3o foi de 38 milh\u00f5es de toneladas em 29 pa\u00edses da Europa. O setor de panifica\u00e7\u00e3o est\u00e1 [&hellip;]<\/p>\n","protected":false},"author":4,"featured_media":0,"parent":0,"menu_order":0,"comment_status":"closed","ping_status":"closed","template":"","meta":{"_acf_changed":false,"content-type":"","footnotes":""},"class_list":["post-108714","page","type-page","status-publish"],"yoast_head":"<!-- This site is optimized with the Yoast SEO Premium plugin v23.5 (Yoast SEO v27.2) - https:\/\/yoast.com\/product\/yoast-seo-premium-wordpress\/ -->\n<title>Solu\u00e7\u00f5es para PDVs de padaria - Gavetas de dinheiro para padaria | apg\u00ae<\/title>\n<meta name=\"description\" content=\"Solu\u00e7\u00f5es de ponto de venda para o setor de panifica\u00e7\u00e3o. As padarias exigem solu\u00e7\u00f5es robustas de gerenciamento de caixa criadas para resistir \u00e0 queda de migalhas de p\u00e3o e farinha.\" \/>\n<meta name=\"robots\" content=\"index, follow, max-snippet:-1, max-image-preview:large, max-video-preview:-1\" \/>\n<link rel=\"canonical\" href=\"https:\/\/apgsolutions.com\/pt-br\/bakery-point-of-sale-solutions\/\" \/>\n<meta property=\"og:locale\" content=\"pt_BR\" \/>\n<meta property=\"og:type\" content=\"article\" \/>\n<meta property=\"og:title\" content=\"Solu\u00e7\u00f5es para PDVs de padaria - Gavetas de dinheiro para padaria | apg\u00ae\" \/>\n<meta property=\"og:description\" content=\"Solu\u00e7\u00f5es de ponto de venda para o setor de panifica\u00e7\u00e3o. As padarias exigem solu\u00e7\u00f5es robustas de gerenciamento de caixa criadas para resistir \u00e0 queda de migalhas de p\u00e3o e farinha.\" \/>\n<meta property=\"og:url\" content=\"https:\/\/apgsolutions.com\/pt-br\/bakery-point-of-sale-solutions\/\" \/>\n<meta property=\"og:site_name\" content=\"apg\u00ae Solutions\" \/>\n<meta property=\"article:publisher\" content=\"https:\/\/www.facebook.com\/apgglobalsolutions\" \/>\n<meta property=\"article:modified_time\" content=\"2026-03-20T15:19:05+00:00\" \/>\n<meta property=\"og:image\" content=\"https:\/\/apgsolutions.com\/wp-content\/uploads\/2023\/07\/Money-Growth_Light-Blue.png\" \/>\n<meta name=\"twitter:card\" content=\"summary_large_image\" \/>\n<meta name=\"twitter:site\" content=\"@apg_solutions\" \/>\n<meta name=\"twitter:label1\" content=\"Est. tempo de leitura\" \/>\n\t<meta name=\"twitter:data1\" content=\"3 minutos\" \/>\n<script type=\"application\/ld+json\" class=\"yoast-schema-graph\">{\"@context\":\"https:\/\/schema.org\",\"@graph\":[{\"@type\":\"WebPage\",\"@id\":\"https:\/\/apgsolutions.com\/pt-br\/bakery-point-of-sale-solutions\/\",\"url\":\"https:\/\/apgsolutions.com\/pt-br\/bakery-point-of-sale-solutions\/\",\"name\":\"Solu\u00e7\u00f5es para PDVs de padaria - Gavetas de dinheiro para padaria | apg\u00ae\",\"isPartOf\":{\"@id\":\"https:\/\/apgsolutions.com\/pt-br\/#website\"},\"primaryImageOfPage\":{\"@id\":\"https:\/\/apgsolutions.com\/pt-br\/bakery-point-of-sale-solutions\/#primaryimage\"},\"image\":{\"@id\":\"https:\/\/apgsolutions.com\/pt-br\/bakery-point-of-sale-solutions\/#primaryimage\"},\"thumbnailUrl\":\"https:\/\/apgsolutions.com\/wp-content\/uploads\/2023\/07\/Money-Growth_Light-Blue.png\",\"datePublished\":\"2026-03-20T10:36:01+00:00\",\"dateModified\":\"2026-03-20T15:19:05+00:00\",\"description\":\"Solu\u00e7\u00f5es de ponto de venda para o setor de panifica\u00e7\u00e3o. As padarias exigem solu\u00e7\u00f5es robustas de gerenciamento de caixa criadas para resistir \u00e0 queda de migalhas de p\u00e3o e farinha.\",\"inLanguage\":\"pt-BR\",\"potentialAction\":[{\"@type\":\"ReadAction\",\"target\":[\"https:\/\/apgsolutions.com\/pt-br\/bakery-point-of-sale-solutions\/\"]}]},{\"@type\":\"ImageObject\",\"inLanguage\":\"pt-BR\",\"@id\":\"https:\/\/apgsolutions.com\/pt-br\/bakery-point-of-sale-solutions\/#primaryimage\",\"url\":\"https:\/\/apgsolutions.com\/wp-content\/uploads\/2023\/07\/Money-Growth_Light-Blue.png\",\"contentUrl\":\"https:\/\/apgsolutions.com\/wp-content\/uploads\/2023\/07\/Money-Growth_Light-Blue.png\"},{\"@type\":\"WebSite\",\"@id\":\"https:\/\/apgsolutions.com\/pt-br\/#website\",\"url\":\"https:\/\/apgsolutions.com\/pt-br\/\",\"name\":\"APG Solutions, LLC\",\"description\":\"Trust at every point.\",\"publisher\":{\"@id\":\"https:\/\/apgsolutions.com\/pt-br\/#organization\"},\"potentialAction\":[{\"@type\":\"SearchAction\",\"target\":{\"@type\":\"EntryPoint\",\"urlTemplate\":\"https:\/\/apgsolutions.com\/pt-br\/?s={search_term_string}\"},\"query-input\":{\"@type\":\"PropertyValueSpecification\",\"valueRequired\":true,\"valueName\":\"search_term_string\"}}],\"inLanguage\":\"pt-BR\"},{\"@type\":\"Organization\",\"@id\":\"https:\/\/apgsolutions.com\/pt-br\/#organization\",\"name\":\"APG Solution, LLC\",\"url\":\"https:\/\/apgsolutions.com\/pt-br\/\",\"logo\":{\"@type\":\"ImageObject\",\"inLanguage\":\"pt-BR\",\"@id\":\"https:\/\/apgsolutions.com\/pt-br\/#\/schema\/logo\/image\/\",\"url\":\"https:\/\/apgsolutions.com\/wp-content\/uploads\/2023\/12\/logomark-color.svg\",\"contentUrl\":\"https:\/\/apgsolutions.com\/wp-content\/uploads\/2023\/12\/logomark-color.svg\",\"width\":141,\"height\":138,\"caption\":\"APG Solution, LLC\"},\"image\":{\"@id\":\"https:\/\/apgsolutions.com\/pt-br\/#\/schema\/logo\/image\/\"},\"sameAs\":[\"https:\/\/www.facebook.com\/apgglobalsolutions\",\"https:\/\/x.com\/apg_solutions\",\"https:\/\/www.youtube.com\/c\/CashManagementGlobalSolutionsbyapg\",\"https:\/\/www.linkedin.com\/company\/apgglobalsolutions\/\",\"https:\/\/www.instagram.com\/apgglobalsolutions\/\",\"https:\/\/www.pinterest.com\/apgcashdrawer\/\"]}]}<\/script>\n<!-- \/ Yoast SEO Premium plugin. -->","yoast_head_json":{"title":"Solu\u00e7\u00f5es para PDVs de padaria - Gavetas de dinheiro para padaria | apg\u00ae","description":"Solu\u00e7\u00f5es de ponto de venda para o setor de panifica\u00e7\u00e3o. As padarias exigem solu\u00e7\u00f5es robustas de gerenciamento de caixa criadas para resistir \u00e0 queda de migalhas de p\u00e3o e farinha.","robots":{"index":"index","follow":"follow","max-snippet":"max-snippet:-1","max-image-preview":"max-image-preview:large","max-video-preview":"max-video-preview:-1"},"canonical":"https:\/\/apgsolutions.com\/pt-br\/bakery-point-of-sale-solutions\/","og_locale":"pt_BR","og_type":"article","og_title":"Solu\u00e7\u00f5es para PDVs de padaria - Gavetas de dinheiro para padaria | apg\u00ae","og_description":"Solu\u00e7\u00f5es de ponto de venda para o setor de panifica\u00e7\u00e3o. As padarias exigem solu\u00e7\u00f5es robustas de gerenciamento de caixa criadas para resistir \u00e0 queda de migalhas de p\u00e3o e farinha.","og_url":"https:\/\/apgsolutions.com\/pt-br\/bakery-point-of-sale-solutions\/","og_site_name":"apg\u00ae Solutions","article_publisher":"https:\/\/www.facebook.com\/apgglobalsolutions","article_modified_time":"2026-03-20T15:19:05+00:00","og_image":[{"url":"https:\/\/apgsolutions.com\/wp-content\/uploads\/2023\/07\/Money-Growth_Light-Blue.png","type":"","width":"","height":""}],"twitter_card":"summary_large_image","twitter_site":"@apg_solutions","twitter_misc":{"Est. tempo de leitura":"3 minutos"},"schema":{"@context":"https:\/\/schema.org","@graph":[{"@type":"WebPage","@id":"https:\/\/apgsolutions.com\/pt-br\/bakery-point-of-sale-solutions\/","url":"https:\/\/apgsolutions.com\/pt-br\/bakery-point-of-sale-solutions\/","name":"Solu\u00e7\u00f5es para PDVs de padaria - Gavetas de dinheiro para padaria | apg\u00ae","isPartOf":{"@id":"https:\/\/apgsolutions.com\/pt-br\/#website"},"primaryImageOfPage":{"@id":"https:\/\/apgsolutions.com\/pt-br\/bakery-point-of-sale-solutions\/#primaryimage"},"image":{"@id":"https:\/\/apgsolutions.com\/pt-br\/bakery-point-of-sale-solutions\/#primaryimage"},"thumbnailUrl":"https:\/\/apgsolutions.com\/wp-content\/uploads\/2023\/07\/Money-Growth_Light-Blue.png","datePublished":"2026-03-20T10:36:01+00:00","dateModified":"2026-03-20T15:19:05+00:00","description":"Solu\u00e7\u00f5es de ponto de venda para o setor de panifica\u00e7\u00e3o. As padarias exigem solu\u00e7\u00f5es robustas de gerenciamento de caixa criadas para resistir \u00e0 queda de migalhas de p\u00e3o e farinha.","inLanguage":"pt-BR","potentialAction":[{"@type":"ReadAction","target":["https:\/\/apgsolutions.com\/pt-br\/bakery-point-of-sale-solutions\/"]}]},{"@type":"ImageObject","inLanguage":"pt-BR","@id":"https:\/\/apgsolutions.com\/pt-br\/bakery-point-of-sale-solutions\/#primaryimage","url":"https:\/\/apgsolutions.com\/wp-content\/uploads\/2023\/07\/Money-Growth_Light-Blue.png","contentUrl":"https:\/\/apgsolutions.com\/wp-content\/uploads\/2023\/07\/Money-Growth_Light-Blue.png"},{"@type":"WebSite","@id":"https:\/\/apgsolutions.com\/pt-br\/#website","url":"https:\/\/apgsolutions.com\/pt-br\/","name":"APG Solutions, LLC","description":"Trust at every point.","publisher":{"@id":"https:\/\/apgsolutions.com\/pt-br\/#organization"},"potentialAction":[{"@type":"SearchAction","target":{"@type":"EntryPoint","urlTemplate":"https:\/\/apgsolutions.com\/pt-br\/?s={search_term_string}"},"query-input":{"@type":"PropertyValueSpecification","valueRequired":true,"valueName":"search_term_string"}}],"inLanguage":"pt-BR"},{"@type":"Organization","@id":"https:\/\/apgsolutions.com\/pt-br\/#organization","name":"APG Solution, LLC","url":"https:\/\/apgsolutions.com\/pt-br\/","logo":{"@type":"ImageObject","inLanguage":"pt-BR","@id":"https:\/\/apgsolutions.com\/pt-br\/#\/schema\/logo\/image\/","url":"https:\/\/apgsolutions.com\/wp-content\/uploads\/2023\/12\/logomark-color.svg","contentUrl":"https:\/\/apgsolutions.com\/wp-content\/uploads\/2023\/12\/logomark-color.svg","width":141,"height":138,"caption":"APG Solution, LLC"},"image":{"@id":"https:\/\/apgsolutions.com\/pt-br\/#\/schema\/logo\/image\/"},"sameAs":["https:\/\/www.facebook.com\/apgglobalsolutions","https:\/\/x.com\/apg_solutions","https:\/\/www.youtube.com\/c\/CashManagementGlobalSolutionsbyapg","https:\/\/www.linkedin.com\/company\/apgglobalsolutions\/","https:\/\/www.instagram.com\/apgglobalsolutions\/","https:\/\/www.pinterest.com\/apgcashdrawer\/"]}]}},"acf":[],"_links":{"self":[{"href":"https:\/\/apgsolutions.com\/pt-br\/wp-json\/wp\/v2\/pages\/108714","targetHints":{"allow":["GET"]}}],"collection":[{"href":"https:\/\/apgsolutions.com\/pt-br\/wp-json\/wp\/v2\/pages"}],"about":[{"href":"https:\/\/apgsolutions.com\/pt-br\/wp-json\/wp\/v2\/types\/page"}],"author":[{"embeddable":true,"href":"https:\/\/apgsolutions.com\/pt-br\/wp-json\/wp\/v2\/users\/4"}],"replies":[{"embeddable":true,"href":"https:\/\/apgsolutions.com\/pt-br\/wp-json\/wp\/v2\/comments?post=108714"}],"version-history":[{"count":3,"href":"https:\/\/apgsolutions.com\/pt-br\/wp-json\/wp\/v2\/pages\/108714\/revisions"}],"predecessor-version":[{"id":109642,"href":"https:\/\/apgsolutions.com\/pt-br\/wp-json\/wp\/v2\/pages\/108714\/revisions\/109642"}],"wp:attachment":[{"href":"https:\/\/apgsolutions.com\/pt-br\/wp-json\/wp\/v2\/media?parent=108714"}],"curies":[{"name":"wp","href":"https:\/\/api.w.org\/{rel}","templated":true}]}}