{"id":108779,"date":"2026-03-20T10:38:49","date_gmt":"2026-03-20T10:38:49","guid":{"rendered":"https:\/\/apgsolutions.com\/careers\/"},"modified":"2026-03-20T10:40:48","modified_gmt":"2026-03-20T10:40:48","slug":"careers","status":"publish","type":"page","link":"https:\/\/apgsolutions.com\/pt-br\/careers\/","title":{"rendered":"Carreiras"},"content":{"rendered":"<div class=\"section_page-header \">\n    <img decoding=\"async\" class=\"header-image\" src=\"https:\/\/apgsolutions.com\/wp-content\/uploads\/2025\/07\/apg-careers.png\" alt=\"apg-solutions-careers\" title=\"apg-careers\">\n    <\/div>\n<div class=\"wp-block-columns is-layout-flex wp-container-core-columns-is-layout-9d6595d7 wp-block-columns-is-layout-flex\">\n<div class=\"wp-block-column is-vertically-aligned-center is-layout-flow wp-block-column-is-layout-flow\">\n<h1 class=\"wp-block-heading has-text-align-center margin-zero\" id=\"h-when-the-mission-is-global-so-are-the-opportunities\" style=\"font-size:55px\">Quando a miss\u00e3o \u00e9 global, o mesmo acontece com as oportunidades do<br\/><\/h1>\n\n\n\n<div class=\"wp-block-buttons is-content-justification-center is-layout-flex wp-container-core-buttons-is-layout-16018d1d wp-block-buttons-is-layout-flex\">\n<div class=\"wp-block-button\"><a class=\"wp-block-button__link wp-element-button\" href=\"https:\/\/www.paycomonline.net\/v4\/ats\/web.php\/jobs?clientkey=2328182528056843FB9FDBC9AD2B04B0\" rel=\"nofollow\">Clique aqui para ver todas as vagas abertas<\/a><\/div>\n<\/div>\n<\/div>\n<\/div>\n<div class=\"wp-block-image\">\n<figure class=\"aligncenter size-full\"><img fetchpriority=\"high\" decoding=\"async\" width=\"4000\" height=\"2133\" src=\"https:\/\/apgsolutions.com\/wp-content\/uploads\/2025\/10\/WorldMap_WhiteLabels-scaled.png\" alt=\"WorldMap_WhiteLabels\" class=\"wp-image-93923\" style=\"object-fit:cover\" srcset=\"https:\/\/apgsolutions.com\/wp-content\/uploads\/2025\/10\/WorldMap_WhiteLabels-scaled.png 4000w, https:\/\/apgsolutions.com\/wp-content\/uploads\/2025\/10\/WorldMap_WhiteLabels-300x160.png 300w, https:\/\/apgsolutions.com\/wp-content\/uploads\/2025\/10\/WorldMap_WhiteLabels-1024x546.png 1024w, https:\/\/apgsolutions.com\/wp-content\/uploads\/2025\/10\/WorldMap_WhiteLabels-768x409.png 768w, https:\/\/apgsolutions.com\/wp-content\/uploads\/2025\/10\/WorldMap_WhiteLabels-1536x819.png 1536w, https:\/\/apgsolutions.com\/wp-content\/uploads\/2025\/10\/WorldMap_WhiteLabels-2048x1092.png 2048w, https:\/\/apgsolutions.com\/wp-content\/uploads\/2025\/10\/WorldMap_WhiteLabels-50x27.png 50w, https:\/\/apgsolutions.com\/wp-content\/uploads\/2025\/10\/WorldMap_WhiteLabels-1600x853.png 1600w, https:\/\/apgsolutions.com\/wp-content\/uploads\/2025\/10\/WorldMap_WhiteLabels-550x293.png 550w, https:\/\/apgsolutions.com\/wp-content\/uploads\/2025\/10\/WorldMap_WhiteLabels-80x43.png 80w, https:\/\/apgsolutions.com\/wp-content\/uploads\/2025\/10\/WorldMap_WhiteLabels-600x320.png 600w\" sizes=\"(max-width: 4000px) 100vw, 4000px\" \/><\/figure>\n<\/div>\n<div style=\"height:50px\" aria-hidden=\"true\" class=\"wp-block-spacer\"><\/div>\n\n<figure class=\"wp-block-embed is-type-video is-provider-youtube wp-block-embed-youtube wp-embed-aspect-16-9 wp-has-aspect-ratio careers-video\"><div class=\"wp-block-embed__wrapper\">\n<iframe title=\"apg Solutions - About us\" width=\"500\" height=\"281\" src=\"https:\/\/www.youtube.com\/embed\/u0Hh3iQDNdM?feature=oembed\" frameborder=\"0\" allow=\"accelerometer; autoplay; clipboard-write; encrypted-media; gyroscope; picture-in-picture; web-share\" referrerpolicy=\"strict-origin-when-cross-origin\" allowfullscreen><\/iframe>\n<\/div><\/figure>\n\n<div style=\"height:50px\" aria-hidden=\"true\" class=\"wp-block-spacer\"><\/div>\n\n<h2 class=\"wp-block-heading has-text-align-center custom-heading-h2\" id=\"h-apg-core-values\" style=\"font-size:55px\">Valores essenciais da apg<\/h2>\n\n<div style=\"height:50px\" aria-hidden=\"true\" class=\"wp-block-spacer\"><\/div>\n<div class=\"wp-block-image\">\n<figure class=\"aligncenter size-full\"><img decoding=\"async\" width=\"1309\" height=\"768\" src=\"https:\/\/apgsolutions.com\/wp-content\/uploads\/2025\/09\/apg-compass-2025.png\" alt=\"apg-compass-2025\" class=\"wp-image-93470\" srcset=\"https:\/\/apgsolutions.com\/wp-content\/uploads\/2025\/09\/apg-compass-2025.png 1309w, https:\/\/apgsolutions.com\/wp-content\/uploads\/2025\/09\/apg-compass-2025-300x176.png 300w, https:\/\/apgsolutions.com\/wp-content\/uploads\/2025\/09\/apg-compass-2025-1024x601.png 1024w, https:\/\/apgsolutions.com\/wp-content\/uploads\/2025\/09\/apg-compass-2025-768x451.png 768w, https:\/\/apgsolutions.com\/wp-content\/uploads\/2025\/09\/apg-compass-2025-50x29.png 50w, https:\/\/apgsolutions.com\/wp-content\/uploads\/2025\/09\/apg-compass-2025-550x323.png 550w, https:\/\/apgsolutions.com\/wp-content\/uploads\/2025\/09\/apg-compass-2025-80x47.png 80w, https:\/\/apgsolutions.com\/wp-content\/uploads\/2025\/09\/apg-compass-2025-600x352.png 600w\" sizes=\"(max-width: 1309px) 100vw, 1309px\" \/><\/figure>\n<\/div>\n<div style=\"height:50px\" aria-hidden=\"true\" class=\"wp-block-spacer\"><\/div>\n\n<div class=\"wp-block-group graybox is-vertical is-content-justification-center is-layout-flex wp-container-core-group-is-layout-4b2eccd6 wp-block-group-is-layout-flex\">\n<div class=\"wp-block-columns is-layout-flex wp-container-core-columns-is-layout-9d6595d7 wp-block-columns-is-layout-flex\">\n<div class=\"wp-block-column is-layout-flow wp-block-column-is-layout-flow\" style=\"flex-basis:100%\">\n<h2 class=\"wp-block-heading has-text-align-center mt-6\" id=\"h-benefits-and-wellbeing\" style=\"font-size:37px\">BENEF\u00cdCIOS E BEM-ESTAR<\/h2>\n\n\n\n<p class=\"has-text-align-left\">Na apg\u00ae, nosso pessoal abrange uma fam\u00edlia global de indiv\u00edduos diversificados e dedicados que se esfor\u00e7am ao m\u00e1ximo para demonstrar<br\/>paix\u00e3o e talentos excepcionais para atender ou superar continuamente as expectativas de nossos clientes. Na apg\u00ae, somos unidos por nossa<br\/>paix\u00e3o pelo nosso trabalho e nosso compromisso em ajudar nossos clientes a prosperar. <\/p>\n\n\n\n<p class=\"has-text-align-center\">Ao investir em nosso pessoal, fornecemos produtos de alta qualidade e prestamos um servi\u00e7o comprometido, o que, por sua vez, proporciona aos nossos<br\/>clientes um valor excepcional. A apg\u00ae \u00e9 uma empregadora global em que o talento e a paix\u00e3o t\u00eam autonomia para crescer. Nosso pessoal<br\/>adota a solu\u00e7\u00e3o de problemas, o que nos permite atingir ou superar as expectativas de todas as partes interessadas internas e externas<br\/>, aderindo \u00e0s marcas da apg.  <\/p>\n<\/div>\n<\/div>\n<\/div>\n\n<div style=\"height:50px\" aria-hidden=\"true\" class=\"wp-block-spacer\"><\/div>\n\n<h3 class=\"wp-block-heading has-text-align-center\" id=\"h-that-s-why-we-offer-a-wide-range-of-wellness-benefits-including\">\u00c9 por isso que oferecemos uma ampla gama de benef\u00edcios de bem-estar, incluindo:<\/h3>\n\n<div class=\"wp-block-group is-vertical is-layout-flex wp-container-core-group-is-layout-8cf370e7 wp-block-group-is-layout-flex\">\n<div class=\"wp-block-columns is-layout-flex wp-container-core-columns-is-layout-9d6595d7 wp-block-columns-is-layout-flex\">\n<div class=\"wp-block-column is-layout-flow wp-block-column-is-layout-flow\">\n<figure class=\"wp-block-image size-full\"><img decoding=\"async\" width=\"640\" height=\"480\" src=\"https:\/\/apgsolutions.com\/wp-content\/uploads\/2025\/07\/Parental-Leave.png\" alt=\"Parental-Leave\" class=\"wp-image-91347\" srcset=\"https:\/\/apgsolutions.com\/wp-content\/uploads\/2025\/07\/Parental-Leave.png 640w, https:\/\/apgsolutions.com\/wp-content\/uploads\/2025\/07\/Parental-Leave-300x225.png 300w, https:\/\/apgsolutions.com\/wp-content\/uploads\/2025\/07\/Parental-Leave-50x38.png 50w, https:\/\/apgsolutions.com\/wp-content\/uploads\/2025\/07\/Parental-Leave-550x413.png 550w, https:\/\/apgsolutions.com\/wp-content\/uploads\/2025\/07\/Parental-Leave-80x60.png 80w, https:\/\/apgsolutions.com\/wp-content\/uploads\/2025\/07\/Parental-Leave-600x450.png 600w\" sizes=\"(max-width: 640px) 100vw, 640px\" \/><\/figure>\n<\/div>\n\n\n\n<div class=\"wp-block-column is-layout-flow wp-block-column-is-layout-flow\">\n<figure class=\"wp-block-image size-full\"><img loading=\"lazy\" decoding=\"async\" width=\"640\" height=\"480\" src=\"https:\/\/apgsolutions.com\/wp-content\/uploads\/2025\/07\/Tuition-Reimbursement.png\" alt=\"Tuition-Reimbursement\" class=\"wp-image-91375\" srcset=\"https:\/\/apgsolutions.com\/wp-content\/uploads\/2025\/07\/Tuition-Reimbursement.png 640w, https:\/\/apgsolutions.com\/wp-content\/uploads\/2025\/07\/Tuition-Reimbursement-300x225.png 300w, https:\/\/apgsolutions.com\/wp-content\/uploads\/2025\/07\/Tuition-Reimbursement-50x38.png 50w, https:\/\/apgsolutions.com\/wp-content\/uploads\/2025\/07\/Tuition-Reimbursement-550x413.png 550w, https:\/\/apgsolutions.com\/wp-content\/uploads\/2025\/07\/Tuition-Reimbursement-80x60.png 80w, https:\/\/apgsolutions.com\/wp-content\/uploads\/2025\/07\/Tuition-Reimbursement-600x450.png 600w\" sizes=\"(max-width: 640px) 100vw, 640px\" \/><\/figure>\n<\/div>\n\n\n\n<div class=\"wp-block-column is-layout-flow wp-block-column-is-layout-flow\">\n<figure class=\"wp-block-image size-full\"><img loading=\"lazy\" decoding=\"async\" width=\"640\" height=\"480\" src=\"https:\/\/apgsolutions.com\/wp-content\/uploads\/2025\/07\/Supportive-Mental-Health.png\" alt=\"Supportive-Mental-Health\" class=\"wp-image-91352\" srcset=\"https:\/\/apgsolutions.com\/wp-content\/uploads\/2025\/07\/Supportive-Mental-Health.png 640w, https:\/\/apgsolutions.com\/wp-content\/uploads\/2025\/07\/Supportive-Mental-Health-300x225.png 300w, https:\/\/apgsolutions.com\/wp-content\/uploads\/2025\/07\/Supportive-Mental-Health-50x38.png 50w, https:\/\/apgsolutions.com\/wp-content\/uploads\/2025\/07\/Supportive-Mental-Health-550x413.png 550w, https:\/\/apgsolutions.com\/wp-content\/uploads\/2025\/07\/Supportive-Mental-Health-80x60.png 80w, https:\/\/apgsolutions.com\/wp-content\/uploads\/2025\/07\/Supportive-Mental-Health-600x450.png 600w\" sizes=\"(max-width: 640px) 100vw, 640px\" \/><\/figure>\n<\/div>\n\n\n\n<div class=\"wp-block-column is-layout-flow wp-block-column-is-layout-flow\">\n<figure class=\"wp-block-image size-full\"><img loading=\"lazy\" decoding=\"async\" width=\"640\" height=\"480\" src=\"https:\/\/apgsolutions.com\/wp-content\/uploads\/2025\/10\/FinancialPlanningForTheFuture.png\" alt=\"FinancialPlanningForTheFuture\" class=\"wp-image-95910\" srcset=\"https:\/\/apgsolutions.com\/wp-content\/uploads\/2025\/10\/FinancialPlanningForTheFuture.png 640w, https:\/\/apgsolutions.com\/wp-content\/uploads\/2025\/10\/FinancialPlanningForTheFuture-300x225.png 300w, https:\/\/apgsolutions.com\/wp-content\/uploads\/2025\/10\/FinancialPlanningForTheFuture-50x38.png 50w, https:\/\/apgsolutions.com\/wp-content\/uploads\/2025\/10\/FinancialPlanningForTheFuture-550x413.png 550w, https:\/\/apgsolutions.com\/wp-content\/uploads\/2025\/10\/FinancialPlanningForTheFuture-80x60.png 80w, https:\/\/apgsolutions.com\/wp-content\/uploads\/2025\/10\/FinancialPlanningForTheFuture-600x450.png 600w\" sizes=\"(max-width: 640px) 100vw, 640px\" \/><\/figure>\n<\/div>\n<\/div>\n\n\n\n<div class=\"wp-block-columns is-layout-flex wp-container-core-columns-is-layout-9d6595d7 wp-block-columns-is-layout-flex\">\n<div class=\"wp-block-column is-layout-flow wp-block-column-is-layout-flow\">\n<figure class=\"wp-block-image size-full\"><img loading=\"lazy\" decoding=\"async\" width=\"640\" height=\"480\" src=\"https:\/\/apgsolutions.com\/wp-content\/uploads\/2025\/07\/Learning-and-Growth-Courses.png\" alt=\"Learning-and-Growth-Courses\" class=\"wp-image-91366\" srcset=\"https:\/\/apgsolutions.com\/wp-content\/uploads\/2025\/07\/Learning-and-Growth-Courses.png 640w, https:\/\/apgsolutions.com\/wp-content\/uploads\/2025\/07\/Learning-and-Growth-Courses-300x225.png 300w, https:\/\/apgsolutions.com\/wp-content\/uploads\/2025\/07\/Learning-and-Growth-Courses-50x38.png 50w, https:\/\/apgsolutions.com\/wp-content\/uploads\/2025\/07\/Learning-and-Growth-Courses-550x413.png 550w, https:\/\/apgsolutions.com\/wp-content\/uploads\/2025\/07\/Learning-and-Growth-Courses-80x60.png 80w, https:\/\/apgsolutions.com\/wp-content\/uploads\/2025\/07\/Learning-and-Growth-Courses-600x450.png 600w\" sizes=\"(max-width: 640px) 100vw, 640px\" \/><\/figure>\n<\/div>\n\n\n\n<div class=\"wp-block-column is-layout-flow wp-block-column-is-layout-flow\">\n<figure class=\"wp-block-image size-full\"><img loading=\"lazy\" decoding=\"async\" width=\"640\" height=\"480\" src=\"https:\/\/apgsolutions.com\/wp-content\/uploads\/2025\/07\/Paid-Holidays.png\" alt=\"Paid-Holidays\" class=\"wp-image-91357\" srcset=\"https:\/\/apgsolutions.com\/wp-content\/uploads\/2025\/07\/Paid-Holidays.png 640w, https:\/\/apgsolutions.com\/wp-content\/uploads\/2025\/07\/Paid-Holidays-300x225.png 300w, https:\/\/apgsolutions.com\/wp-content\/uploads\/2025\/07\/Paid-Holidays-50x38.png 50w, https:\/\/apgsolutions.com\/wp-content\/uploads\/2025\/07\/Paid-Holidays-550x413.png 550w, https:\/\/apgsolutions.com\/wp-content\/uploads\/2025\/07\/Paid-Holidays-80x60.png 80w, https:\/\/apgsolutions.com\/wp-content\/uploads\/2025\/07\/Paid-Holidays-600x450.png 600w\" sizes=\"(max-width: 640px) 100vw, 640px\" \/><\/figure>\n<\/div>\n\n\n\n<div class=\"wp-block-column is-layout-flow wp-block-column-is-layout-flow\">\n<figure class=\"wp-block-image size-full\"><img loading=\"lazy\" decoding=\"async\" width=\"640\" height=\"480\" src=\"https:\/\/apgsolutions.com\/wp-content\/uploads\/2025\/07\/Volunteer-and-Charitable.png\" alt=\"Volunteer-and-Charitable\" class=\"wp-image-91362\" srcset=\"https:\/\/apgsolutions.com\/wp-content\/uploads\/2025\/07\/Volunteer-and-Charitable.png 640w, https:\/\/apgsolutions.com\/wp-content\/uploads\/2025\/07\/Volunteer-and-Charitable-300x225.png 300w, https:\/\/apgsolutions.com\/wp-content\/uploads\/2025\/07\/Volunteer-and-Charitable-50x38.png 50w, https:\/\/apgsolutions.com\/wp-content\/uploads\/2025\/07\/Volunteer-and-Charitable-550x413.png 550w, https:\/\/apgsolutions.com\/wp-content\/uploads\/2025\/07\/Volunteer-and-Charitable-80x60.png 80w, https:\/\/apgsolutions.com\/wp-content\/uploads\/2025\/07\/Volunteer-and-Charitable-600x450.png 600w\" sizes=\"(max-width: 640px) 100vw, 640px\" \/><\/figure>\n<\/div>\n\n\n\n<div class=\"wp-block-column is-layout-flow wp-block-column-is-layout-flow\">\n<figure class=\"wp-block-image size-full\"><img loading=\"lazy\" decoding=\"async\" width=\"640\" height=\"480\" src=\"https:\/\/apgsolutions.com\/wp-content\/uploads\/2025\/07\/ComprehensiveHealthcare.png\" alt=\"ComprehensiveHealthcare\" class=\"wp-image-91343\" srcset=\"https:\/\/apgsolutions.com\/wp-content\/uploads\/2025\/07\/ComprehensiveHealthcare.png 640w, https:\/\/apgsolutions.com\/wp-content\/uploads\/2025\/07\/ComprehensiveHealthcare-300x225.png 300w, https:\/\/apgsolutions.com\/wp-content\/uploads\/2025\/07\/ComprehensiveHealthcare-50x38.png 50w, https:\/\/apgsolutions.com\/wp-content\/uploads\/2025\/07\/ComprehensiveHealthcare-550x413.png 550w, https:\/\/apgsolutions.com\/wp-content\/uploads\/2025\/07\/ComprehensiveHealthcare-80x60.png 80w, https:\/\/apgsolutions.com\/wp-content\/uploads\/2025\/07\/ComprehensiveHealthcare-600x450.png 600w\" sizes=\"(max-width: 640px) 100vw, 640px\" \/><\/figure>\n<\/div>\n<\/div>\n<\/div>\n\n<h2 class=\"wp-block-heading has-text-align-center\" id=\"h-we-re-excited-to-connect-with-you\">Estamos ansiosos para entrar em contato com voc\u00ea!<\/h2>\n\n<p class=\"has-text-align-center\">Voc\u00ea est\u00e1 pronto para dar o pr\u00f3ximo passo em sua carreira? Candidate-se hoje mesmo para explorar as vagas dispon\u00edveis e fazer parte da jornada inovadora da apg\u00ae<br\/>Solutions. Sua pr\u00f3xima oportunidade pode estar logo ali na esquina!  <\/p>\n\n<div class=\"wp-block-buttons is-content-justification-center is-layout-flex wp-container-core-buttons-is-layout-16018d1d wp-block-buttons-is-layout-flex\">\n<div class=\"wp-block-button\"><a class=\"wp-block-button__link wp-element-button\" href=\"https:\/\/www.paycomonline.net\/v4\/ats\/web.php\/jobs?clientkey=2328182528056843FB9FDBC9AD2B04B0\">Inscreva-se hoje<\/a><\/div>\n<\/div>\n\n<p class=\"has-text-align-center\"><\/p>\n","protected":false},"excerpt":{"rendered":"<p>Quando a miss\u00e3o \u00e9 global, o mesmo acontece com as oportunidades do Valores essenciais da apg BENEF\u00cdCIOS E BEM-ESTAR Na apg\u00ae, nosso pessoal abrange uma fam\u00edlia global de indiv\u00edduos diversificados e dedicados que se esfor\u00e7am ao m\u00e1ximo para demonstrarpaix\u00e3o e talentos excepcionais para atender ou superar continuamente as expectativas de nossos clientes. Na apg\u00ae, somos [&hellip;]<\/p>\n","protected":false},"author":4,"featured_media":0,"parent":0,"menu_order":0,"comment_status":"closed","ping_status":"closed","template":"","meta":{"_acf_changed":false,"content-type":"","footnotes":""},"class_list":["post-108779","page","type-page","status-publish"],"yoast_head":"<!-- This site is optimized with the Yoast SEO Premium plugin v23.5 (Yoast SEO v27.2) - https:\/\/yoast.com\/product\/yoast-seo-premium-wordpress\/ -->\n<title>Saiba mais sobre a cultura da apg\u00ae e sobre as vagas de emprego abertas na apg\u00ae Solutions<\/title>\n<meta name=\"description\" content=\"Venha fazer parte de uma cultura incr\u00edvel e trabalhar em uma organiza\u00e7\u00e3o global em crescimento. Clique no local relevante para saber mais sobre a apg\u00ae.\" \/>\n<meta name=\"robots\" content=\"index, follow, max-snippet:-1, max-image-preview:large, max-video-preview:-1\" \/>\n<link rel=\"canonical\" href=\"https:\/\/apgsolutions.com\/pt-br\/careers\/\" \/>\n<meta property=\"og:locale\" content=\"pt_BR\" \/>\n<meta property=\"og:type\" content=\"article\" \/>\n<meta property=\"og:title\" content=\"Saiba mais sobre a cultura da apg\u00ae e sobre as vagas de emprego abertas na apg\u00ae Solutions\" \/>\n<meta property=\"og:description\" content=\"Venha fazer parte de uma cultura incr\u00edvel e trabalhar em uma organiza\u00e7\u00e3o global em crescimento. Clique no local relevante para saber mais sobre a apg\u00ae.\" \/>\n<meta property=\"og:url\" content=\"https:\/\/apgsolutions.com\/pt-br\/careers\/\" \/>\n<meta property=\"og:site_name\" content=\"apg\u00ae Solutions\" \/>\n<meta property=\"article:publisher\" content=\"https:\/\/www.facebook.com\/apgglobalsolutions\" \/>\n<meta property=\"article:modified_time\" content=\"2026-03-20T10:40:48+00:00\" \/>\n<meta property=\"og:image\" content=\"https:\/\/apgsolutions.com\/wp-content\/uploads\/2025\/10\/WorldMap_WhiteLabels-scaled.png\" \/>\n<meta name=\"twitter:card\" content=\"summary_large_image\" \/>\n<meta name=\"twitter:site\" content=\"@apg_solutions\" \/>\n<meta name=\"twitter:label1\" content=\"Est. tempo de leitura\" \/>\n\t<meta name=\"twitter:data1\" content=\"1 minuto\" \/>\n<script type=\"application\/ld+json\" class=\"yoast-schema-graph\">{\"@context\":\"https:\/\/schema.org\",\"@graph\":[{\"@type\":\"WebPage\",\"@id\":\"https:\/\/apgsolutions.com\/pt-br\/careers\/\",\"url\":\"https:\/\/apgsolutions.com\/pt-br\/careers\/\",\"name\":\"Saiba mais sobre a cultura da apg\u00ae e sobre as vagas de emprego abertas na apg\u00ae Solutions\",\"isPartOf\":{\"@id\":\"https:\/\/apgsolutions.com\/pt-br\/#website\"},\"primaryImageOfPage\":{\"@id\":\"https:\/\/apgsolutions.com\/pt-br\/careers\/#primaryimage\"},\"image\":{\"@id\":\"https:\/\/apgsolutions.com\/pt-br\/careers\/#primaryimage\"},\"thumbnailUrl\":\"https:\/\/apgsolutions.com\/wp-content\/uploads\/2025\/10\/WorldMap_WhiteLabels-scaled.png\",\"datePublished\":\"2026-03-20T10:38:49+00:00\",\"dateModified\":\"2026-03-20T10:40:48+00:00\",\"description\":\"Venha fazer parte de uma cultura incr\u00edvel e trabalhar em uma organiza\u00e7\u00e3o global em crescimento. Clique no local relevante para saber mais sobre a apg\u00ae.\",\"inLanguage\":\"pt-BR\",\"potentialAction\":[{\"@type\":\"ReadAction\",\"target\":[\"https:\/\/apgsolutions.com\/pt-br\/careers\/\"]}]},{\"@type\":\"ImageObject\",\"inLanguage\":\"pt-BR\",\"@id\":\"https:\/\/apgsolutions.com\/pt-br\/careers\/#primaryimage\",\"url\":\"https:\/\/apgsolutions.com\/wp-content\/uploads\/2025\/10\/WorldMap_WhiteLabels-scaled.png\",\"contentUrl\":\"https:\/\/apgsolutions.com\/wp-content\/uploads\/2025\/10\/WorldMap_WhiteLabels-scaled.png\"},{\"@type\":\"WebSite\",\"@id\":\"https:\/\/apgsolutions.com\/pt-br\/#website\",\"url\":\"https:\/\/apgsolutions.com\/pt-br\/\",\"name\":\"APG Solutions, LLC\",\"description\":\"Trust at every point.\",\"publisher\":{\"@id\":\"https:\/\/apgsolutions.com\/pt-br\/#organization\"},\"potentialAction\":[{\"@type\":\"SearchAction\",\"target\":{\"@type\":\"EntryPoint\",\"urlTemplate\":\"https:\/\/apgsolutions.com\/pt-br\/?s={search_term_string}\"},\"query-input\":{\"@type\":\"PropertyValueSpecification\",\"valueRequired\":true,\"valueName\":\"search_term_string\"}}],\"inLanguage\":\"pt-BR\"},{\"@type\":\"Organization\",\"@id\":\"https:\/\/apgsolutions.com\/pt-br\/#organization\",\"name\":\"APG Solution, LLC\",\"url\":\"https:\/\/apgsolutions.com\/pt-br\/\",\"logo\":{\"@type\":\"ImageObject\",\"inLanguage\":\"pt-BR\",\"@id\":\"https:\/\/apgsolutions.com\/pt-br\/#\/schema\/logo\/image\/\",\"url\":\"https:\/\/apgsolutions.com\/wp-content\/uploads\/2023\/12\/logomark-color.svg\",\"contentUrl\":\"https:\/\/apgsolutions.com\/wp-content\/uploads\/2023\/12\/logomark-color.svg\",\"width\":141,\"height\":138,\"caption\":\"APG Solution, LLC\"},\"image\":{\"@id\":\"https:\/\/apgsolutions.com\/pt-br\/#\/schema\/logo\/image\/\"},\"sameAs\":[\"https:\/\/www.facebook.com\/apgglobalsolutions\",\"https:\/\/x.com\/apg_solutions\",\"https:\/\/www.youtube.com\/c\/CashManagementGlobalSolutionsbyapg\",\"https:\/\/www.linkedin.com\/company\/apgglobalsolutions\/\",\"https:\/\/www.instagram.com\/apgglobalsolutions\/\",\"https:\/\/www.pinterest.com\/apgcashdrawer\/\"]}]}<\/script>\n<!-- \/ Yoast SEO Premium plugin. -->","yoast_head_json":{"title":"Saiba mais sobre a cultura da apg\u00ae e sobre as vagas de emprego abertas na apg\u00ae Solutions","description":"Venha fazer parte de uma cultura incr\u00edvel e trabalhar em uma organiza\u00e7\u00e3o global em crescimento. Clique no local relevante para saber mais sobre a apg\u00ae.","robots":{"index":"index","follow":"follow","max-snippet":"max-snippet:-1","max-image-preview":"max-image-preview:large","max-video-preview":"max-video-preview:-1"},"canonical":"https:\/\/apgsolutions.com\/pt-br\/careers\/","og_locale":"pt_BR","og_type":"article","og_title":"Saiba mais sobre a cultura da apg\u00ae e sobre as vagas de emprego abertas na apg\u00ae Solutions","og_description":"Venha fazer parte de uma cultura incr\u00edvel e trabalhar em uma organiza\u00e7\u00e3o global em crescimento. Clique no local relevante para saber mais sobre a apg\u00ae.","og_url":"https:\/\/apgsolutions.com\/pt-br\/careers\/","og_site_name":"apg\u00ae Solutions","article_publisher":"https:\/\/www.facebook.com\/apgglobalsolutions","article_modified_time":"2026-03-20T10:40:48+00:00","og_image":[{"url":"https:\/\/apgsolutions.com\/wp-content\/uploads\/2025\/10\/WorldMap_WhiteLabels-scaled.png","type":"","width":"","height":""}],"twitter_card":"summary_large_image","twitter_site":"@apg_solutions","twitter_misc":{"Est. tempo de leitura":"1 minuto"},"schema":{"@context":"https:\/\/schema.org","@graph":[{"@type":"WebPage","@id":"https:\/\/apgsolutions.com\/pt-br\/careers\/","url":"https:\/\/apgsolutions.com\/pt-br\/careers\/","name":"Saiba mais sobre a cultura da apg\u00ae e sobre as vagas de emprego abertas na apg\u00ae Solutions","isPartOf":{"@id":"https:\/\/apgsolutions.com\/pt-br\/#website"},"primaryImageOfPage":{"@id":"https:\/\/apgsolutions.com\/pt-br\/careers\/#primaryimage"},"image":{"@id":"https:\/\/apgsolutions.com\/pt-br\/careers\/#primaryimage"},"thumbnailUrl":"https:\/\/apgsolutions.com\/wp-content\/uploads\/2025\/10\/WorldMap_WhiteLabels-scaled.png","datePublished":"2026-03-20T10:38:49+00:00","dateModified":"2026-03-20T10:40:48+00:00","description":"Venha fazer parte de uma cultura incr\u00edvel e trabalhar em uma organiza\u00e7\u00e3o global em crescimento. Clique no local relevante para saber mais sobre a apg\u00ae.","inLanguage":"pt-BR","potentialAction":[{"@type":"ReadAction","target":["https:\/\/apgsolutions.com\/pt-br\/careers\/"]}]},{"@type":"ImageObject","inLanguage":"pt-BR","@id":"https:\/\/apgsolutions.com\/pt-br\/careers\/#primaryimage","url":"https:\/\/apgsolutions.com\/wp-content\/uploads\/2025\/10\/WorldMap_WhiteLabels-scaled.png","contentUrl":"https:\/\/apgsolutions.com\/wp-content\/uploads\/2025\/10\/WorldMap_WhiteLabels-scaled.png"},{"@type":"WebSite","@id":"https:\/\/apgsolutions.com\/pt-br\/#website","url":"https:\/\/apgsolutions.com\/pt-br\/","name":"APG Solutions, LLC","description":"Trust at every point.","publisher":{"@id":"https:\/\/apgsolutions.com\/pt-br\/#organization"},"potentialAction":[{"@type":"SearchAction","target":{"@type":"EntryPoint","urlTemplate":"https:\/\/apgsolutions.com\/pt-br\/?s={search_term_string}"},"query-input":{"@type":"PropertyValueSpecification","valueRequired":true,"valueName":"search_term_string"}}],"inLanguage":"pt-BR"},{"@type":"Organization","@id":"https:\/\/apgsolutions.com\/pt-br\/#organization","name":"APG Solution, LLC","url":"https:\/\/apgsolutions.com\/pt-br\/","logo":{"@type":"ImageObject","inLanguage":"pt-BR","@id":"https:\/\/apgsolutions.com\/pt-br\/#\/schema\/logo\/image\/","url":"https:\/\/apgsolutions.com\/wp-content\/uploads\/2023\/12\/logomark-color.svg","contentUrl":"https:\/\/apgsolutions.com\/wp-content\/uploads\/2023\/12\/logomark-color.svg","width":141,"height":138,"caption":"APG Solution, LLC"},"image":{"@id":"https:\/\/apgsolutions.com\/pt-br\/#\/schema\/logo\/image\/"},"sameAs":["https:\/\/www.facebook.com\/apgglobalsolutions","https:\/\/x.com\/apg_solutions","https:\/\/www.youtube.com\/c\/CashManagementGlobalSolutionsbyapg","https:\/\/www.linkedin.com\/company\/apgglobalsolutions\/","https:\/\/www.instagram.com\/apgglobalsolutions\/","https:\/\/www.pinterest.com\/apgcashdrawer\/"]}]}},"acf":[],"_links":{"self":[{"href":"https:\/\/apgsolutions.com\/pt-br\/wp-json\/wp\/v2\/pages\/108779","targetHints":{"allow":["GET"]}}],"collection":[{"href":"https:\/\/apgsolutions.com\/pt-br\/wp-json\/wp\/v2\/pages"}],"about":[{"href":"https:\/\/apgsolutions.com\/pt-br\/wp-json\/wp\/v2\/types\/page"}],"author":[{"embeddable":true,"href":"https:\/\/apgsolutions.com\/pt-br\/wp-json\/wp\/v2\/users\/4"}],"replies":[{"embeddable":true,"href":"https:\/\/apgsolutions.com\/pt-br\/wp-json\/wp\/v2\/comments?post=108779"}],"version-history":[{"count":1,"href":"https:\/\/apgsolutions.com\/pt-br\/wp-json\/wp\/v2\/pages\/108779\/revisions"}],"predecessor-version":[{"id":108785,"href":"https:\/\/apgsolutions.com\/pt-br\/wp-json\/wp\/v2\/pages\/108779\/revisions\/108785"}],"wp:attachment":[{"href":"https:\/\/apgsolutions.com\/pt-br\/wp-json\/wp\/v2\/media?parent=108779"}],"curies":[{"name":"wp","href":"https:\/\/api.w.org\/{rel}","templated":true}]}}