{"id":108809,"date":"2026-03-20T10:41:47","date_gmt":"2026-03-20T10:41:47","guid":{"rendered":"https:\/\/apgsolutions.com\/privacy-policy\/"},"modified":"2026-03-20T10:41:47","modified_gmt":"2026-03-20T10:41:47","slug":"privacy-policy","status":"publish","type":"page","link":"https:\/\/apgsolutions.com\/pt-br\/privacy-policy\/","title":{"rendered":"Pol\u00edtica de privacidade"},"content":{"rendered":"<div class=\"section_page-header \">\n    <img decoding=\"async\" class=\"header-image\" src=\"https:\/\/apgsolutions.com\/wp-content\/uploads\/2023\/04\/dark-blue-rotated.jpg\" alt=\"dark-blue\" title=\"dark-blue\">\n            <div class=\"header-content\">\n            <h1>Privacy Policy<\/h1>\n        <\/div>\n    <\/div>\n<p>A APG Cash Drawer, LLC tem o compromisso de garantir que sua privacidade seja protegida quando voc\u00ea optar por compartilhar qualquer informa\u00e7\u00e3o pessoal conosco. Se solicitarmos que voc\u00ea forne\u00e7a determinadas informa\u00e7\u00f5es, pelas quais voc\u00ea possa ser identificado ao usar este site, elas ser\u00e3o usadas somente de acordo com esta declara\u00e7\u00e3o de privacidade. <\/p>\n\n<p>Esta pol\u00edtica descreve os tipos de informa\u00e7\u00f5es que podemos coletar de voc\u00ea ou que voc\u00ea pode fornecer quando visita o site <a href=\"https:\/\/apgsolutions.com\/pt-br\/\">www.apgsolutions.com<\/a> (nosso &#8220;Site&#8221;) e as informa\u00e7\u00f5es coletadas em e-mails, textos e outras mensagens eletr\u00f4nicas entre voc\u00ea e o Site; e quando voc\u00ea interage com quaisquer prestadores de servi\u00e7os terceirizados que usamos em conex\u00e3o com o Site. Esta pol\u00edtica n\u00e3o se aplica \u00e0s informa\u00e7\u00f5es coletadas por n\u00f3s off-line ou por qualquer outro meio ou intera\u00e7\u00e3o que voc\u00ea tenha com terceiros que possam estar vinculados ao Site ou ser acessados a partir dele. <\/p>\n\n<h2 class=\"wp-block-heading\" id=\"h-what-information-do-we-collect\">Quais informa\u00e7\u00f5es coletamos?<\/h2>\n\n<p>Se voc\u00ea solicitar ou enviar informa\u00e7\u00f5es para n\u00f3s enviando um e-mail ou preenchendo os formul\u00e1rios do nosso site, poderemos coletar as seguintes informa\u00e7\u00f5es pessoais:  <\/p>\n\n<ul class=\"wp-block-list\">\n<li>Nome e sobrenome<\/li>\n\n\n\n<li>Informa\u00e7\u00f5es relevantes sobre a empresa<\/li>\n\n\n\n<li>Informa\u00e7\u00f5es de contato, incluindo endere\u00e7o de e-mail<\/li>\n\n\n\n<li>Informa\u00e7\u00f5es demogr\u00e1ficas, como cidade ou pa\u00eds<\/li>\n\n\n\n<li>Endere\u00e7o de envio ou de cobran\u00e7a<\/li>\n\n\n\n<li>Outros dados relevantes que permitem que a APG Cash Drawer entre em contato com voc\u00ea<\/li>\n\n\n\n<li>Informa\u00e7\u00f5es coletadas automaticamente \u00e0 medida que voc\u00ea navega pelo site, como detalhes de uso, endere\u00e7os IP e informa\u00e7\u00f5es coletadas por meio de cookies, web beacons ou outras tecnologias de rastreamento; informa\u00e7\u00f5es sobre seu computador e conex\u00e3o com a Internet, incluindo seu sistema operacional, configura\u00e7\u00e3o do sistema e tipo de navegador.<\/li>\n<\/ul>\n\n<h2 class=\"wp-block-heading\" id=\"h-what-do-we-use-your-information-for\">Para que usamos suas informa\u00e7\u00f5es?<\/h2>\n\n<p>Essas informa\u00e7\u00f5es podem ser usadas para entrar em contato com voc\u00ea no futuro por correio, e-mail ou telefone para transmitir informa\u00e7\u00f5es sobre os produtos ou servi\u00e7os da APG Cash Drawer. As informa\u00e7\u00f5es que voc\u00ea optar por fornecer n\u00e3o ser\u00e3o vendidas a terceiros e ser\u00e3o usadas e divulgadas somente conforme estabelecido nesta pol\u00edtica. <\/p>\n\n<p>Solicitamos essas informa\u00e7\u00f5es para entender suas necessidades e fornecer a voc\u00ea um servi\u00e7o melhor, e pelos seguintes motivos:<\/p>\n\n<ul class=\"wp-block-list\">\n<li>Manuten\u00e7\u00e3o de registros internos<\/li>\n\n\n\n<li>Informa\u00e7\u00f5es para melhorar nosso site, produtos e servi\u00e7os<\/li>\n\n\n\n<li>Enviar periodicamente e-mails promocionais sobre novos produtos, feiras, webinars on-line, boletins informativos ou outras informa\u00e7\u00f5es que acreditamos que voc\u00ea possa achar interessantes, usando o endere\u00e7o de e-mail que voc\u00ea forneceu<\/li>\n\n\n\n<li>Processar suas solicita\u00e7\u00f5es, como agendar uma reuni\u00e3o ou entregar um produto<\/li>\n\n\n\n<li>Convites para eventos e feiras comerciais<\/li>\n\n\n\n<li>Solicitar que voc\u00ea d\u00ea sua opini\u00e3o sobre os produtos ou servi\u00e7os da APG<\/li>\n\n\n\n<li>Compras completas<\/li>\n<\/ul>\n\n<p>Podemos divulgar informa\u00e7\u00f5es da seguinte forma: para nossas subsidi\u00e1rias e afiliadas para fins comerciais; para contratados, prestadores de servi\u00e7os e outros terceiros que usamos para dar suporte ao site ou aos nossos neg\u00f3cios; para um comprador ou outro sucessor em caso de fus\u00e3o, aliena\u00e7\u00e3o, reestrutura\u00e7\u00e3o, reorganiza\u00e7\u00e3o, dissolu\u00e7\u00e3o ou outra venda ou transfer\u00eancia de alguns ou de todos os nossos ativos, seja como uma empresa em funcionamento ou como parte de um processo de fal\u00eancia, liquida\u00e7\u00e3o ou similar; para cumprir a finalidade para a qual voc\u00ea as forneceu; para qualquer outra finalidade divulgada por n\u00f3s quando voc\u00ea forneceu as informa\u00e7\u00f5es ou conforme exigido por uma necessidade comercial leg\u00edtima; ou com o seu consentimento.<\/p>\n\n<p>Tamb\u00e9m podemos divulgar suas informa\u00e7\u00f5es pessoais: para cumprir qualquer ordem judicial, lei ou processo legal, inclusive para responder a qualquer solicita\u00e7\u00e3o governamental ou regulat\u00f3ria; para fazer cumprir ou aplicar nossos termos e condi\u00e7\u00f5es de uso e outros acordos, inclusive para fins de faturamento e cobran\u00e7a; ou se acreditarmos que a divulga\u00e7\u00e3o \u00e9 necess\u00e1ria ou apropriada para proteger os direitos, a propriedade ou a seguran\u00e7a da APG Cash Drawer, de nossos clientes ou de outros.<\/p>\n\n<h2 class=\"wp-block-heading\" id=\"h-do-not-track-signals\">N\u00e3o rastreie sinais<\/h2>\n\n<p>Voc\u00ea pode configurar seu navegador para recusar todos ou alguns cookies do navegador, para alert\u00e1-lo quando os cookies estiverem sendo enviados ou para enviar um sinal de n\u00e3o rastreamento. Para saber mais sobre essas configura\u00e7\u00f5es, consulte as configura\u00e7\u00f5es do seu navegador. Se voc\u00ea desativar ou recusar cookies, observe que algumas partes deste site poder\u00e3o ficar inacess\u00edveis ou n\u00e3o funcionar corretamente. No momento, n\u00e3o respondemos a sinais de n\u00e3o rastreamento.   <\/p>\n\n<h2 class=\"wp-block-heading\" id=\"h-how-do-we-protect-your-information\">Como protegemos suas informa\u00e7\u00f5es?<\/h2>\n\n<p>A APG Cash Drawer implementa uma variedade de medidas de seguran\u00e7a para manter a seguran\u00e7a de suas informa\u00e7\u00f5es pessoais quando processamos seus dados pessoais.<\/p>\n\n<h2 class=\"wp-block-heading\" id=\"h-cookies\">Cookies<\/h2>\n\n<p>Queremos que voc\u00ea, como um valioso usu\u00e1rio do site da APG Cash Drawer, entenda completamente sua privacidade, como os cookies o afetam e se sinta totalmente confort\u00e1vel com sua experi\u00eancia no site da APG Cash Drawer. Visite nossa Pol\u00edtica de cookies para saber mais sobre o que s\u00e3o cookies   <a href=\"https:\/\/apgsolutions.com\/pt-br\/\"><\/a><a href=\"https:\/\/apgsolutions.com\/pt-br\/\"><\/a><a href=\"https:\/\/apgsolutions.com\/pt-br\/\">www.cashdrawer.com<\/a> utiliza.<\/p>\n\n<h2 class=\"wp-block-heading\" id=\"h-children-s-privacy\">Privacidade das crian\u00e7as<\/h2>\n\n<p>A APG Cash Drawer, LLC n\u00e3o coleta ou usa intencionalmente dados pessoais de crian\u00e7as com menos de 13 anos de idade. Este site n\u00e3o \u00e9 destinado a crian\u00e7as. Se voc\u00ea tiver menos de 13 anos de idade, n\u00e3o fa\u00e7a compras neste site e n\u00e3o forne\u00e7a nenhuma informa\u00e7\u00e3o, especialmente informa\u00e7\u00f5es pessoais, para n\u00f3s. Se soubermos que coletamos ou recebemos informa\u00e7\u00f5es pessoais de uma crian\u00e7a menor de 13 anos sem a verifica\u00e7\u00e3o do consentimento dos pais, excluiremos essas informa\u00e7\u00f5es. Se voc\u00ea acredita que podemos ter alguma informa\u00e7\u00e3o de ou sobre uma crian\u00e7a com menos de 13 anos, entre em contato conosco pelo endere\u00e7o de e-mail fornecido abaixo na se\u00e7\u00e3o Fale conosco desta pol\u00edtica.    <\/p>\n\n<p>Os residentes da Calif\u00f3rnia com menos de 16 anos de idade podem ter direitos adicionais com rela\u00e7\u00e3o \u00e0 coleta e \u00e0 venda de suas informa\u00e7\u00f5es pessoais. Consulte a se\u00e7\u00e3o Seus direitos de privacidade na Calif\u00f3rnia desta pol\u00edtica para obter mais informa\u00e7\u00f5es. <\/p>\n\n<h2 class=\"wp-block-heading\" id=\"h-your-california-privacy-rights\">Seus direitos de privacidade na Calif\u00f3rnia<\/h2>\n\n<p>Se voc\u00ea for residente da Calif\u00f3rnia, a legisla\u00e7\u00e3o da Calif\u00f3rnia poder\u00e1 lhe dar direitos adicionais em rela\u00e7\u00e3o ao uso de suas informa\u00e7\u00f5es pessoais. Para saber mais sobre seus direitos de privacidade na Calif\u00f3rnia, visite <a href=\"https:\/\/oag.ca.gov\/privacy\/consumer-privacy-resources\" target=\"_blank\" rel=\"noreferrer noopener\">https:\/\/oag.ca.gov\/privacy\/consumer-privacy-resources<\/a> para obter mais informa\u00e7\u00f5es, incluindo informa\u00e7\u00f5es sobre a Lei de Prote\u00e7\u00e3o ao Consumidor da Calif\u00f3rnia. <\/p>\n\n<p>A lei &#8220;Shine the Light&#8221; da Calif\u00f3rnia (Se\u00e7\u00e3o do C\u00f3digo Civil \u00a7 1798.83) permite que os usu\u00e1rios do nosso site residentes na Calif\u00f3rnia solicitem determinadas informa\u00e7\u00f5es sobre a divulga\u00e7\u00e3o de informa\u00e7\u00f5es pessoais a terceiros para fins de marketing direto (se aplic\u00e1vel). Para fazer essa solicita\u00e7\u00e3o, envie um e-mail para o endere\u00e7o de e-mail listado abaixo. <\/p>\n\n<h2 class=\"wp-block-heading\" id=\"h-third-party-links\">Links de terceiros<\/h2>\n\n<p>O site da APG Cash Drawer pode conter links para que voc\u00ea possa visitar outros sites de interesse. Se voc\u00ea optar por usar esses links para sair do site da APG Cash Drawer, n\u00e3o temos nenhum controle sobre o site que voc\u00ea escolher visitar. Portanto, a APG Cash Drawer n\u00e3o pode ser respons\u00e1vel pela prote\u00e7\u00e3o e privacidade de qualquer informa\u00e7\u00e3o que voc\u00ea forne\u00e7a ao visitar esses sites e esses sites n\u00e3o s\u00e3o regidos por esta declara\u00e7\u00e3o de privacidade. Voc\u00ea deve ter cuidado e consultar a declara\u00e7\u00e3o de privacidade aplic\u00e1vel ao site que escolher visitar.   <\/p>\n\n<h2 class=\"wp-block-heading\" id=\"h-controlling-your-personal-information\">Controle de suas informa\u00e7\u00f5es pessoais<\/h2>\n\n<p>Estamos processando suas informa\u00e7\u00f5es com base em interesses leg\u00edtimos. Voc\u00ea pode optar por n\u00e3o receber nossos contatos futuros a qualquer momento. Voc\u00ea pode fazer isso entrando em contato conosco por e-mail em <a href=\"mailto:marketing@apgsolutions.com\">marketing@apgsolutions.com<\/a> para:  <\/p>\n\n<ul class=\"wp-block-list\">\n<li>Veja quais dados temos sobre voc\u00ea, se houver<\/li>\n\n\n\n<li>Alterar ou corrigir quaisquer dados que tenhamos sobre voc\u00ea<\/li>\n\n\n\n<li>Expressar qualquer preocupa\u00e7\u00e3o que voc\u00ea tenha sobre o uso que fazemos de seus dados<\/li>\n<\/ul>\n\n<h2 class=\"wp-block-heading\">Consentimento e acordo<\/h2>\n\n<p>Ao usar o site da APG Cash Drawer, voc\u00ea concorda com os termos e condi\u00e7\u00f5es desta Pol\u00edtica de privacidade. Se voc\u00ea n\u00e3o concordar com esses termos e condi\u00e7\u00f5es, n\u00e3o divulgue nenhuma informa\u00e7\u00e3o pessoal para o site ou n\u00e3o use o site. A APG Cash Drawer, LLC pode alterar esta Pol\u00edtica de Privacidade de tempos em tempos, atualizando esta p\u00e1gina. Recomendamos que voc\u00ea verifique esta p\u00e1gina periodicamente para garantir que esteja satisfeito com quaisquer altera\u00e7\u00f5es. Se voc\u00ea continuar a usar este site depois que fizermos altera\u00e7\u00f5es, isso ser\u00e1 considerado como aceita\u00e7\u00e3o dessas altera\u00e7\u00f5es. Esta pol\u00edtica foi revisada em 9 de fevereiro de 2019.     <\/p>\n\n<h2 class=\"wp-block-heading\" id=\"h-contact-us\">Entre em contato conosco<\/h2>\n\n<p>Se voc\u00ea tiver alguma d\u00favida ou sugest\u00e3o sobre nossa Pol\u00edtica de Privacidade, entre em contato conosco pelo e-mail <a href=\"mailto:marketing@apgsolutions.com\">marketing@apgsolutions.com.<\/a><\/p>\n","protected":false},"excerpt":{"rendered":"<p>A APG Cash Drawer, LLC tem o compromisso de garantir que sua privacidade seja protegida quando voc\u00ea optar por compartilhar qualquer informa\u00e7\u00e3o pessoal conosco. Se solicitarmos que voc\u00ea forne\u00e7a determinadas informa\u00e7\u00f5es, pelas quais voc\u00ea possa ser identificado ao usar este site, elas ser\u00e3o usadas somente de acordo com esta declara\u00e7\u00e3o de privacidade. Esta pol\u00edtica descreve [&hellip;]<\/p>\n","protected":false},"author":1,"featured_media":0,"parent":0,"menu_order":0,"comment_status":"closed","ping_status":"closed","template":"","meta":{"_acf_changed":false,"content-type":"","footnotes":""},"class_list":["post-108809","page","type-page","status-publish"],"yoast_head":"<!-- This site is optimized with the Yoast SEO Premium plugin v23.5 (Yoast SEO v27.2) - https:\/\/yoast.com\/product\/yoast-seo-premium-wordpress\/ -->\n<title>Pol\u00edtica de Privacidade | apg\u00ae Solutions<\/title>\n<meta name=\"description\" content=\"A APG Cash Drawer, LLC tem o compromisso de garantir que sua privacidade seja protegida quando voc\u00ea optar por compartilhar qualquer informa\u00e7\u00e3o pessoal conosco.\" \/>\n<meta name=\"robots\" content=\"index, follow, max-snippet:-1, max-image-preview:large, max-video-preview:-1\" \/>\n<link rel=\"canonical\" href=\"https:\/\/apgsolutions.com\/pt-br\/privacy-policy\/\" \/>\n<meta property=\"og:locale\" content=\"pt_BR\" \/>\n<meta property=\"og:type\" content=\"article\" \/>\n<meta property=\"og:title\" content=\"Pol\u00edtica de Privacidade | apg\u00ae Solutions\" \/>\n<meta property=\"og:description\" content=\"A APG Cash Drawer, LLC tem o compromisso de garantir que sua privacidade seja protegida quando voc\u00ea optar por compartilhar qualquer informa\u00e7\u00e3o pessoal conosco.\" \/>\n<meta property=\"og:url\" content=\"https:\/\/apgsolutions.com\/pt-br\/privacy-policy\/\" \/>\n<meta property=\"og:site_name\" content=\"apg\u00ae Solutions\" \/>\n<meta property=\"article:publisher\" content=\"https:\/\/www.facebook.com\/apgglobalsolutions\" \/>\n<meta name=\"twitter:card\" content=\"summary_large_image\" \/>\n<meta name=\"twitter:site\" content=\"@apg_solutions\" \/>\n<meta name=\"twitter:label1\" content=\"Est. tempo de leitura\" \/>\n\t<meta name=\"twitter:data1\" content=\"7 minutos\" \/>\n<script type=\"application\/ld+json\" class=\"yoast-schema-graph\">{\"@context\":\"https:\/\/schema.org\",\"@graph\":[{\"@type\":\"WebPage\",\"@id\":\"https:\/\/apgsolutions.com\/pt-br\/privacy-policy\/\",\"url\":\"https:\/\/apgsolutions.com\/pt-br\/privacy-policy\/\",\"name\":\"Pol\u00edtica de Privacidade | apg\u00ae Solutions\",\"isPartOf\":{\"@id\":\"https:\/\/apgsolutions.com\/pt-br\/#website\"},\"datePublished\":\"2026-03-20T10:41:47+00:00\",\"description\":\"A APG Cash Drawer, LLC tem o compromisso de garantir que sua privacidade seja protegida quando voc\u00ea optar por compartilhar qualquer informa\u00e7\u00e3o pessoal conosco.\",\"inLanguage\":\"pt-BR\",\"potentialAction\":[{\"@type\":\"ReadAction\",\"target\":[\"https:\/\/apgsolutions.com\/pt-br\/privacy-policy\/\"]}]},{\"@type\":\"WebSite\",\"@id\":\"https:\/\/apgsolutions.com\/pt-br\/#website\",\"url\":\"https:\/\/apgsolutions.com\/pt-br\/\",\"name\":\"APG Solutions, LLC\",\"description\":\"Trust at every point.\",\"publisher\":{\"@id\":\"https:\/\/apgsolutions.com\/pt-br\/#organization\"},\"potentialAction\":[{\"@type\":\"SearchAction\",\"target\":{\"@type\":\"EntryPoint\",\"urlTemplate\":\"https:\/\/apgsolutions.com\/pt-br\/?s={search_term_string}\"},\"query-input\":{\"@type\":\"PropertyValueSpecification\",\"valueRequired\":true,\"valueName\":\"search_term_string\"}}],\"inLanguage\":\"pt-BR\"},{\"@type\":\"Organization\",\"@id\":\"https:\/\/apgsolutions.com\/pt-br\/#organization\",\"name\":\"APG Solution, LLC\",\"url\":\"https:\/\/apgsolutions.com\/pt-br\/\",\"logo\":{\"@type\":\"ImageObject\",\"inLanguage\":\"pt-BR\",\"@id\":\"https:\/\/apgsolutions.com\/pt-br\/#\/schema\/logo\/image\/\",\"url\":\"https:\/\/apgsolutions.com\/wp-content\/uploads\/2023\/12\/logomark-color.svg\",\"contentUrl\":\"https:\/\/apgsolutions.com\/wp-content\/uploads\/2023\/12\/logomark-color.svg\",\"width\":141,\"height\":138,\"caption\":\"APG Solution, LLC\"},\"image\":{\"@id\":\"https:\/\/apgsolutions.com\/pt-br\/#\/schema\/logo\/image\/\"},\"sameAs\":[\"https:\/\/www.facebook.com\/apgglobalsolutions\",\"https:\/\/x.com\/apg_solutions\",\"https:\/\/www.youtube.com\/c\/CashManagementGlobalSolutionsbyapg\",\"https:\/\/www.linkedin.com\/company\/apgglobalsolutions\/\",\"https:\/\/www.instagram.com\/apgglobalsolutions\/\",\"https:\/\/www.pinterest.com\/apgcashdrawer\/\"]}]}<\/script>\n<!-- \/ Yoast SEO Premium plugin. -->","yoast_head_json":{"title":"Pol\u00edtica de Privacidade | apg\u00ae Solutions","description":"A APG Cash Drawer, LLC tem o compromisso de garantir que sua privacidade seja protegida quando voc\u00ea optar por compartilhar qualquer informa\u00e7\u00e3o pessoal conosco.","robots":{"index":"index","follow":"follow","max-snippet":"max-snippet:-1","max-image-preview":"max-image-preview:large","max-video-preview":"max-video-preview:-1"},"canonical":"https:\/\/apgsolutions.com\/pt-br\/privacy-policy\/","og_locale":"pt_BR","og_type":"article","og_title":"Pol\u00edtica de Privacidade | apg\u00ae Solutions","og_description":"A APG Cash Drawer, LLC tem o compromisso de garantir que sua privacidade seja protegida quando voc\u00ea optar por compartilhar qualquer informa\u00e7\u00e3o pessoal conosco.","og_url":"https:\/\/apgsolutions.com\/pt-br\/privacy-policy\/","og_site_name":"apg\u00ae Solutions","article_publisher":"https:\/\/www.facebook.com\/apgglobalsolutions","twitter_card":"summary_large_image","twitter_site":"@apg_solutions","twitter_misc":{"Est. tempo de leitura":"7 minutos"},"schema":{"@context":"https:\/\/schema.org","@graph":[{"@type":"WebPage","@id":"https:\/\/apgsolutions.com\/pt-br\/privacy-policy\/","url":"https:\/\/apgsolutions.com\/pt-br\/privacy-policy\/","name":"Pol\u00edtica de Privacidade | apg\u00ae Solutions","isPartOf":{"@id":"https:\/\/apgsolutions.com\/pt-br\/#website"},"datePublished":"2026-03-20T10:41:47+00:00","description":"A APG Cash Drawer, LLC tem o compromisso de garantir que sua privacidade seja protegida quando voc\u00ea optar por compartilhar qualquer informa\u00e7\u00e3o pessoal conosco.","inLanguage":"pt-BR","potentialAction":[{"@type":"ReadAction","target":["https:\/\/apgsolutions.com\/pt-br\/privacy-policy\/"]}]},{"@type":"WebSite","@id":"https:\/\/apgsolutions.com\/pt-br\/#website","url":"https:\/\/apgsolutions.com\/pt-br\/","name":"APG Solutions, LLC","description":"Trust at every point.","publisher":{"@id":"https:\/\/apgsolutions.com\/pt-br\/#organization"},"potentialAction":[{"@type":"SearchAction","target":{"@type":"EntryPoint","urlTemplate":"https:\/\/apgsolutions.com\/pt-br\/?s={search_term_string}"},"query-input":{"@type":"PropertyValueSpecification","valueRequired":true,"valueName":"search_term_string"}}],"inLanguage":"pt-BR"},{"@type":"Organization","@id":"https:\/\/apgsolutions.com\/pt-br\/#organization","name":"APG Solution, LLC","url":"https:\/\/apgsolutions.com\/pt-br\/","logo":{"@type":"ImageObject","inLanguage":"pt-BR","@id":"https:\/\/apgsolutions.com\/pt-br\/#\/schema\/logo\/image\/","url":"https:\/\/apgsolutions.com\/wp-content\/uploads\/2023\/12\/logomark-color.svg","contentUrl":"https:\/\/apgsolutions.com\/wp-content\/uploads\/2023\/12\/logomark-color.svg","width":141,"height":138,"caption":"APG Solution, LLC"},"image":{"@id":"https:\/\/apgsolutions.com\/pt-br\/#\/schema\/logo\/image\/"},"sameAs":["https:\/\/www.facebook.com\/apgglobalsolutions","https:\/\/x.com\/apg_solutions","https:\/\/www.youtube.com\/c\/CashManagementGlobalSolutionsbyapg","https:\/\/www.linkedin.com\/company\/apgglobalsolutions\/","https:\/\/www.instagram.com\/apgglobalsolutions\/","https:\/\/www.pinterest.com\/apgcashdrawer\/"]}]}},"acf":[],"_links":{"self":[{"href":"https:\/\/apgsolutions.com\/pt-br\/wp-json\/wp\/v2\/pages\/108809","targetHints":{"allow":["GET"]}}],"collection":[{"href":"https:\/\/apgsolutions.com\/pt-br\/wp-json\/wp\/v2\/pages"}],"about":[{"href":"https:\/\/apgsolutions.com\/pt-br\/wp-json\/wp\/v2\/types\/page"}],"author":[{"embeddable":true,"href":"https:\/\/apgsolutions.com\/pt-br\/wp-json\/wp\/v2\/users\/1"}],"replies":[{"embeddable":true,"href":"https:\/\/apgsolutions.com\/pt-br\/wp-json\/wp\/v2\/comments?post=108809"}],"version-history":[{"count":1,"href":"https:\/\/apgsolutions.com\/pt-br\/wp-json\/wp\/v2\/pages\/108809\/revisions"}],"predecessor-version":[{"id":108813,"href":"https:\/\/apgsolutions.com\/pt-br\/wp-json\/wp\/v2\/pages\/108809\/revisions\/108813"}],"wp:attachment":[{"href":"https:\/\/apgsolutions.com\/pt-br\/wp-json\/wp\/v2\/media?parent=108809"}],"curies":[{"name":"wp","href":"https:\/\/api.w.org\/{rel}","templated":true}]}}