{"id":109144,"date":"2026-03-20T11:37:15","date_gmt":"2026-03-20T11:37:15","guid":{"rendered":"https:\/\/apgsolutions.com\/compass-partner-program\/"},"modified":"2026-03-20T11:42:22","modified_gmt":"2026-03-20T11:42:22","slug":"compass-partner-program","status":"publish","type":"page","link":"https:\/\/apgsolutions.com\/pt-br\/compass-partner-program\/","title":{"rendered":"Programa de revenda da Compass"},"content":{"rendered":"\n<p><\/p>\n<div class=\"section_page-header \">\n    <img decoding=\"async\" class=\"header-image\" src=\"https:\/\/apgsolutions.com\/wp-content\/uploads\/2024\/03\/Untitled-design-2-1-scaled.jpg\" alt=\"Partnership program\" title=\"Partnership program\">\n            <div class=\"header-content\">\n            <h1>Compass Partner Program<\/h1>\n        <\/div>\n    <\/div>\n<h2 class=\"wp-block-heading has-large-font-size\" id=\"h-how-it-works\"><strong>Como funciona?<\/strong><\/h2>\n\n<p>Os revendedores da apg\u00ae se beneficiam de uma parceria durante todo o ciclo de vida do neg\u00f3cio, desde o treinamento e a integra\u00e7\u00e3o at\u00e9 as vendas e o suporte. Dedicados a ajudar voc\u00ea a levar o neg\u00f3cio adiante e a obter sucesso, os parceiros podem alinhar os recursos da apg\u00ae para expandir seu potencial de mercado atual. Os parceiros podem promover sua marca e seus servi\u00e7os por meio dos principais canais e campanhas de marketing da apg\u00ae. Nossos parceiros nos ajudam a projetar solu\u00e7\u00f5es que atendam \u00e0s necessidades dos clientes e recebem acesso a um conjunto de <a href=\"https:\/\/apg.apgsolutions.com\/hubfs\/Brochures\/M-43-377NA%20(Compass%20Reseller%20Program)%20v2.pdf\">recursos<\/a> de valor agregado. Oferecemos um programa de descontos lucrativo e abrangente com base nos itens encomendados.      <\/p>\n\n<div class=\"wp-block-group\"><div class=\"wp-block-group__inner-container is-layout-constrained wp-block-group-is-layout-constrained\">\n<div class=\"wp-block-columns is-layout-flex wp-container-core-columns-is-layout-9d6595d7 wp-block-columns-is-layout-flex\">\n<div class=\"wp-block-column is-layout-flow wp-block-column-is-layout-flow\"><\/div>\n\n\n\n<div class=\"wp-block-column is-vertically-aligned-stretch tile has-link is-layout-flow wp-block-column-is-layout-flow\" style=\"flex-basis:20%\">\n<div style=\"height:21px\" aria-hidden=\"true\" class=\"wp-block-spacer\"><\/div>\n\n\n\n<h3 class=\"wp-block-heading has-text-align-center\" id=\"h-step-1\" style=\"font-size:1.125rem\"><span style=\"text-decoration: underline;\">Etapa 1<\/span><\/h3>\n\n\n\n<p class=\"has-text-align-center\">Entre em contato conosco clicando no bot\u00e3o<a href=\"#Partner-with-apg-now\">&#8220;Registrar<\/a>&#8221; abaixo para acessar o formul\u00e1rio.<\/p>\n<\/div>\n\n\n\n<div class=\"wp-block-column is-vertically-aligned-stretch tile has-link is-layout-flow wp-block-column-is-layout-flow\" style=\"flex-basis:20%\">\n<div style=\"height:21px\" aria-hidden=\"true\" class=\"wp-block-spacer\"><\/div>\n\n\n\n<h3 class=\"wp-block-heading has-text-align-center\" id=\"h-step-2\" style=\"font-size:1.125rem\"><span style=\"text-decoration: underline;\">Etapa 2<\/span><\/h3>\n\n\n\n<p class=\"has-text-align-center\">A apg\u00ae entrar\u00e1 em contato com voc\u00ea para agendar uma reuni\u00e3o. Vamos nos conhecer melhor. <\/p>\n<\/div>\n\n\n\n<div class=\"wp-block-column is-vertically-aligned-stretch tile has-link is-layout-flow wp-block-column-is-layout-flow\" style=\"flex-basis:20%\">\n<div style=\"height:21px\" aria-hidden=\"true\" class=\"wp-block-spacer\"><\/div>\n\n\n\n<h3 class=\"wp-block-heading has-text-align-center\" id=\"h-step-3\" style=\"font-size:1.125rem\"><span style=\"text-decoration: underline;\">Etapa 3<\/span><\/h3>\n\n\n\n<p class=\"has-text-align-center\">Aproveite o conjunto de recursos de valor agregado da apg.<\/p>\n<\/div>\n\n\n\n<div class=\"wp-block-column is-layout-flow wp-block-column-is-layout-flow\"><\/div>\n<\/div>\n<\/div><\/div>\n\n<h2 class=\"wp-block-heading\" id=\"h-why-partner-with-apg\"><strong><strong>Por que fazer parceria com a <sup>apg\u00ae<\/sup>?<\/strong><\/strong><\/h2>\n\n<p>Dedicada a atender o setor varejista h\u00e1 mais de 40 anos, a <sup>apg\u00ae<\/sup> construiu uma reputa\u00e7\u00e3o de fornecedor preferencial de solu\u00e7\u00f5es para gavetas de dinheiro e gerenciamento de numer\u00e1rio em todas as verticais de varejo do mundo. Nossos produtos e marcas se diferenciam por nossa capacidade de oferecer as melhores tecnologias inovadoras da categoria, que aumentam globalmente a efici\u00eancia e a seguran\u00e7a no ponto de venda. A <sup>apgasna<\/sup> est\u00e1 comprometida com o canal indireto, trabalhando com <a href=\"https:\/\/apgsolutions.com\/pt-br\/distributors\/\">distribuidores<\/a> l\u00edderes do setor, <a href=\"https:\/\/apgsolutions.com\/pt-br\/global-partners\/\">OEMs<\/a>, desenvolvedores de software, processadores de pagamento, revendedores e empresas de integra\u00e7\u00e3o para oferecer aos nossos clientes a melhor experi\u00eancia.  <\/p>\n\n<p><\/p>\n\n<figure class=\"wp-block-embed aligncenter is-type-video is-provider-youtube wp-block-embed-youtube wp-embed-aspect-16-9 wp-has-aspect-ratio\"><div class=\"wp-block-embed__wrapper\">\n<iframe title=\"Why partner with apg?\" width=\"500\" height=\"281\" src=\"https:\/\/www.youtube.com\/embed\/Qtkc7uL0YAA?feature=oembed\" frameborder=\"0\" allow=\"accelerometer; autoplay; clipboard-write; encrypted-media; gyroscope; picture-in-picture; web-share\" referrerpolicy=\"strict-origin-when-cross-origin\" allowfullscreen><\/iframe>\n<\/div><\/figure>\n\n<h2 class=\"wp-block-heading\" id=\"h-apg-partner-tools\"><strong><strong><sup>apg\u00ae<\/sup>.<\/strong><\/strong> <strong>Ferramentas de parceiros<\/strong><\/h2>\n\n<div class=\"wp-block-columns is-layout-flex wp-container-core-columns-is-layout-9d6595d7 wp-block-columns-is-layout-flex\">\n<div class=\"wp-block-column is-layout-flow wp-block-column-is-layout-flow\"><\/div>\n\n\n\n<div class=\"wp-block-column tile has-link is-layout-flow wp-block-column-is-layout-flow\" style=\"flex-basis:20%\"><div class=\"wp-block-image\">\n<figure class=\"aligncenter size-full is-resized\"><img fetchpriority=\"high\" decoding=\"async\" width=\"500\" height=\"500\" src=\"https:\/\/apgsolutions.com\/wp-content\/uploads\/2024\/03\/1-1.png\" alt=\"Treinamento\" class=\"wp-image-82004\" style=\"width:66px;height:auto\" srcset=\"https:\/\/apgsolutions.com\/wp-content\/uploads\/2024\/03\/1-1.png 500w, https:\/\/apgsolutions.com\/wp-content\/uploads\/2024\/03\/1-1-300x300.png 300w, https:\/\/apgsolutions.com\/wp-content\/uploads\/2024\/03\/1-1-150x150.png 150w, https:\/\/apgsolutions.com\/wp-content\/uploads\/2024\/03\/1-1-80x80.png 80w, https:\/\/apgsolutions.com\/wp-content\/uploads\/2024\/03\/1-1-160x160.png 160w, https:\/\/apgsolutions.com\/wp-content\/uploads\/2024\/03\/1-1-95x95.png 95w, https:\/\/apgsolutions.com\/wp-content\/uploads\/2024\/03\/1-1-100x100.png 100w, https:\/\/apgsolutions.com\/wp-content\/uploads\/2024\/03\/1-1-96x96.png 96w\" sizes=\"(max-width: 500px) 100vw, 500px\" \/><\/figure>\n<\/div>\n\n\n<h3 class=\"wp-block-heading has-text-align-center\" id=\"h-training\" style=\"font-size:1.125rem\"><span style=\"text-decoration: underline;\">Treinamento<\/span><\/h3>\n\n\n\n<p class=\"has-text-align-center\">Voc\u00ea quer saber mais sobre nossos produtos? Oferecemos treinamento sobre produtos para a sua equipe com nossos gurus de gavetas de dinheiro para que voc\u00ea possa avan\u00e7ar em seus esfor\u00e7os de venda. <\/p>\n<\/div>\n\n\n\n<div class=\"wp-block-column tile has-link is-layout-flow wp-block-column-is-layout-flow\" style=\"flex-basis:20%\"><div class=\"wp-block-image is-resized\">\n<figure class=\"aligncenter size-full\"><img decoding=\"async\" width=\"500\" height=\"500\" src=\"https:\/\/apgsolutions.com\/wp-content\/uploads\/2024\/03\/2-1.png\" alt=\"Material de apoio personalizado\" class=\"wp-image-82008\" style=\"width:68px;height:auto\" srcset=\"https:\/\/apgsolutions.com\/wp-content\/uploads\/2024\/03\/2-1.png 500w, https:\/\/apgsolutions.com\/wp-content\/uploads\/2024\/03\/2-1-300x300.png 300w, https:\/\/apgsolutions.com\/wp-content\/uploads\/2024\/03\/2-1-150x150.png 150w, https:\/\/apgsolutions.com\/wp-content\/uploads\/2024\/03\/2-1-80x80.png 80w, https:\/\/apgsolutions.com\/wp-content\/uploads\/2024\/03\/2-1-160x160.png 160w, https:\/\/apgsolutions.com\/wp-content\/uploads\/2024\/03\/2-1-95x95.png 95w, https:\/\/apgsolutions.com\/wp-content\/uploads\/2024\/03\/2-1-100x100.png 100w, https:\/\/apgsolutions.com\/wp-content\/uploads\/2024\/03\/2-1-96x96.png 96w\" sizes=\"(max-width: 500px) 100vw, 500px\" \/><\/figure>\n<\/div>\n\n\n<h3 class=\"wp-block-heading has-text-align-center\" id=\"h-custom-collateral\" style=\"font-size:1.125rem\"><span style=\"text-decoration: underline;\">Material de apoio personalizado<\/span><\/h3>\n\n\n\n<p class=\"has-text-align-center\">Oferecemos aos nossos parceiros materiais de vendas desenvolvidos sob medida para ajudar a acelerar os esfor\u00e7os de venda. Exemplos de material colateral de marca conjunta dispon\u00edvel para a sua equipe de vendas: folhetos personalizados, oportunidades de blogs de convidados, comunicados de imprensa conjuntos e muito mais. <\/p>\n<\/div>\n\n\n\n<div class=\"wp-block-column tile has-link is-layout-flow wp-block-column-is-layout-flow\" style=\"flex-basis:20%\"><div class=\"wp-block-image is-resized\">\n<figure class=\"aligncenter size-full\"><img decoding=\"async\" width=\"500\" height=\"500\" src=\"https:\/\/apgsolutions.com\/wp-content\/uploads\/2024\/03\/3-1.png\" alt=\"Biblioteca de imagens apg\" class=\"wp-image-82012\" style=\"width:68px;height:auto\" srcset=\"https:\/\/apgsolutions.com\/wp-content\/uploads\/2024\/03\/3-1.png 500w, https:\/\/apgsolutions.com\/wp-content\/uploads\/2024\/03\/3-1-300x300.png 300w, https:\/\/apgsolutions.com\/wp-content\/uploads\/2024\/03\/3-1-150x150.png 150w, https:\/\/apgsolutions.com\/wp-content\/uploads\/2024\/03\/3-1-80x80.png 80w, https:\/\/apgsolutions.com\/wp-content\/uploads\/2024\/03\/3-1-160x160.png 160w, https:\/\/apgsolutions.com\/wp-content\/uploads\/2024\/03\/3-1-95x95.png 95w, https:\/\/apgsolutions.com\/wp-content\/uploads\/2024\/03\/3-1-100x100.png 100w, https:\/\/apgsolutions.com\/wp-content\/uploads\/2024\/03\/3-1-96x96.png 96w\" sizes=\"(max-width: 500px) 100vw, 500px\" \/><\/figure>\n<\/div>\n\n\n<h3 class=\"wp-block-heading has-text-align-center\" id=\"h-apg-image-library\" style=\"font-size:1.125rem\"><span style=\"text-decoration: underline;\">apg<strong><strong><sup>\u00ae<\/sup><\/strong><\/strong> Biblioteca de imagens<\/span><\/h3>\n\n\n\n<p class=\"has-text-align-center\">Obtenha acesso \u00e0 biblioteca de imagens da apg, onde voc\u00ea poder\u00e1 baixar imagens de nossos logotipos, produtos de aplica\u00e7\u00e3o geral e acess\u00f3rios. Essas imagens est\u00e3o dispon\u00edveis para uso em seu site, material de apoio ou promo\u00e7\u00e3o. <\/p>\n<\/div>\n\n\n\n<div class=\"wp-block-column tile has-link is-layout-flow wp-block-column-is-layout-flow\" style=\"flex-basis:20%\"><div class=\"wp-block-image is-resized\">\n<figure class=\"aligncenter size-full\"><img loading=\"lazy\" decoding=\"async\" width=\"500\" height=\"500\" src=\"https:\/\/apgsolutions.com\/wp-content\/uploads\/2024\/03\/4-1.png\" alt=\"Suporte t&#xE9;cnico\" class=\"wp-image-82016\" style=\"width:66px;height:auto\" srcset=\"https:\/\/apgsolutions.com\/wp-content\/uploads\/2024\/03\/4-1.png 500w, https:\/\/apgsolutions.com\/wp-content\/uploads\/2024\/03\/4-1-300x300.png 300w, https:\/\/apgsolutions.com\/wp-content\/uploads\/2024\/03\/4-1-150x150.png 150w, https:\/\/apgsolutions.com\/wp-content\/uploads\/2024\/03\/4-1-80x80.png 80w, https:\/\/apgsolutions.com\/wp-content\/uploads\/2024\/03\/4-1-160x160.png 160w, https:\/\/apgsolutions.com\/wp-content\/uploads\/2024\/03\/4-1-95x95.png 95w, https:\/\/apgsolutions.com\/wp-content\/uploads\/2024\/03\/4-1-100x100.png 100w, https:\/\/apgsolutions.com\/wp-content\/uploads\/2024\/03\/4-1-96x96.png 96w\" sizes=\"(max-width: 500px) 100vw, 500px\" \/><\/figure>\n<\/div>\n\n\n<h3 class=\"wp-block-heading has-text-align-center\" id=\"h-tech-support\" style=\"font-size:1.125rem\"><span style=\"text-decoration: underline;\">Suporte t\u00e9cnico<\/span><\/h3>\n\n\n\n<p class=\"has-text-align-center\">Voc\u00ea tem d\u00favidas? Entre em contato com o Suporte T\u00e9cnico da apg, pois eles podem esclarecer todas as d\u00favidas, problemas ou preocupa\u00e7\u00f5es que voc\u00ea possa ter. <br\/><br\/><br\/><\/p>\n<\/div>\n\n\n\n<div class=\"wp-block-column is-layout-flow wp-block-column-is-layout-flow\"><\/div>\n<\/div>\n\n<div class=\"wp-block-columns is-layout-flex wp-container-core-columns-is-layout-9d6595d7 wp-block-columns-is-layout-flex\">\n<div class=\"wp-block-column is-layout-flow wp-block-column-is-layout-flow\">\n<div class=\"wp-block-columns is-layout-flex wp-container-core-columns-is-layout-9d6595d7 wp-block-columns-is-layout-flex\">\n<div class=\"wp-block-column is-layout-flow wp-block-column-is-layout-flow\" style=\"flex-basis:100%\">\n<div class=\"wp-block-cover aligncenter\" style=\"min-height:322px;aspect-ratio:unset;\"><img loading=\"lazy\" decoding=\"async\" width=\"1024\" height=\"559\" class=\"wp-block-cover__image-background wp-image-82364\" alt=\"background blue\" src=\"https:\/\/apgsolutions.com\/wp-content\/uploads\/2024\/03\/Untitled-design-11-1024x559.png\" data-object-fit=\"cover\" srcset=\"https:\/\/apgsolutions.com\/wp-content\/uploads\/2024\/03\/Untitled-design-11-1024x559.png 1024w, https:\/\/apgsolutions.com\/wp-content\/uploads\/2024\/03\/Untitled-design-11-300x164.png 300w, https:\/\/apgsolutions.com\/wp-content\/uploads\/2024\/03\/Untitled-design-11-768x419.png 768w, https:\/\/apgsolutions.com\/wp-content\/uploads\/2024\/03\/Untitled-design-11-550x300.png 550w, https:\/\/apgsolutions.com\/wp-content\/uploads\/2024\/03\/Untitled-design-11-80x44.png 80w, https:\/\/apgsolutions.com\/wp-content\/uploads\/2024\/03\/Untitled-design-11-600x327.png 600w, https:\/\/apgsolutions.com\/wp-content\/uploads\/2024\/03\/Untitled-design-11.png 1320w\" sizes=\"(max-width: 1024px) 100vw, 1024px\" \/><span aria-hidden=\"true\" class=\"wp-block-cover__background has-background-dim\"><\/span><div class=\"wp-block-cover__inner-container is-layout-flow wp-block-cover-is-layout-flow\">\n<h2 class=\"wp-block-heading has-text-align-center has-large-font-size\" id=\"Partner-with-apg-now\"><mark style=\"background-color:rgba(0, 0, 0, 0)\" class=\"has-inline-color has-white-color\"><strong>Seja parceiro da apg\u00ae agora!<\/strong><\/mark><\/h2>\n\n\n\n<div class=\"wp-block-buttons is-content-justification-center is-layout-flex wp-container-core-buttons-is-layout-16018d1d wp-block-buttons-is-layout-flex\">\n<div class=\"wp-block-button\"><a class=\"wp-block-button__link wp-element-button\" href=\"https:\/\/share.hsforms.com\/1LbKxkX1xTDyGvG01ToUqKw1zj23\" target=\"_blank\" rel=\"noreferrer noopener\">Registro<\/a><\/div>\n<\/div>\n<\/div><\/div>\n<\/div>\n<\/div>\n<\/div>\n<\/div>\n\n<div class=\"wp-block-media-text alignfull has-media-on-the-right is-stacked-on-mobile\" style=\"margin-bottom:80px;grid-template-columns:auto 49%\"><div class=\"wp-block-media-text__content\">\n<h2 class=\"wp-block-heading has-text-align-center\" id=\"h-download-apg-s-compass-reseller-program-booklet-to-discover-the-resources-available-to-you-and-the-business-benefits-of-our-program\"><strong>Download do apg<strong><strong><sup>\u00ae<\/sup><\/strong><\/strong>para descobrir os recursos dispon\u00edveis para voc\u00ea e os benef\u00edcios comerciais do nosso programa.<\/strong><\/h2>\n\n\n\n<div class=\"wp-block-buttons is-content-justification-center is-layout-flex wp-container-core-buttons-is-layout-166d4f9d wp-block-buttons-is-layout-flex\" style=\"margin-bottom:var(--wp--preset--spacing--40)\">\n<div class=\"wp-block-button\"><a class=\"wp-block-button__link has-text-align-center wp-element-button\" href=\"https:\/\/apgsolutions.com\/wp-content\/uploads\/2025\/03\/2025-Compass-Reseller-Program-Brochure.pdf\" target=\"_blank\" rel=\"noreferrer noopener\">Fa\u00e7a o download agora<\/a><\/div>\n<\/div>\n<\/div><figure class=\"wp-block-media-text__media\"><img loading=\"lazy\" decoding=\"async\" width=\"797\" height=\"500\" src=\"https:\/\/apgsolutions.com\/wp-content\/uploads\/2024\/03\/Untitled-design-10.png\" alt=\"apg\u00ae's Compass Reseller Program booklet\" class=\"wp-image-82340 size-full\" srcset=\"https:\/\/apgsolutions.com\/wp-content\/uploads\/2024\/03\/Untitled-design-10.png 797w, https:\/\/apgsolutions.com\/wp-content\/uploads\/2024\/03\/Untitled-design-10-300x188.png 300w, https:\/\/apgsolutions.com\/wp-content\/uploads\/2024\/03\/Untitled-design-10-768x482.png 768w, https:\/\/apgsolutions.com\/wp-content\/uploads\/2024\/03\/Untitled-design-10-550x345.png 550w, https:\/\/apgsolutions.com\/wp-content\/uploads\/2024\/03\/Untitled-design-10-80x50.png 80w, https:\/\/apgsolutions.com\/wp-content\/uploads\/2024\/03\/Untitled-design-10-600x376.png 600w\" sizes=\"(max-width: 797px) 100vw, 797px\" \/><\/figure><\/div>\n","protected":false},"excerpt":{"rendered":"<p>Como funciona? Os revendedores da apg\u00ae se beneficiam de uma parceria durante todo o ciclo de vida do neg\u00f3cio, desde o treinamento e a integra\u00e7\u00e3o at\u00e9 as vendas e o suporte. Dedicados a ajudar voc\u00ea a levar o neg\u00f3cio adiante e a obter sucesso, os parceiros podem alinhar os recursos da apg\u00ae para expandir seu [&hellip;]<\/p>\n","protected":false},"author":488,"featured_media":0,"parent":0,"menu_order":0,"comment_status":"closed","ping_status":"closed","template":"","meta":{"_acf_changed":false,"content-type":"","footnotes":""},"class_list":["post-109144","page","type-page","status-publish"],"yoast_head":"<!-- This site is optimized with the Yoast SEO Premium plugin v23.5 (Yoast SEO v27.2) - https:\/\/yoast.com\/product\/yoast-seo-premium-wordpress\/ -->\n<title>apg Programa de revenda da Compass<\/title>\n<meta name=\"description\" content=\"Junte-se ao nosso programa Compass Partner com 40 anos de experi\u00eancia em solu\u00e7\u00f5es de gerenciamento de numer\u00e1rio. Aumente a efici\u00eancia e a seguran\u00e7a no ponto de venda.\" \/>\n<meta name=\"robots\" content=\"index, follow, max-snippet:-1, max-image-preview:large, max-video-preview:-1\" \/>\n<link rel=\"canonical\" href=\"https:\/\/apgsolutions.com\/pt-br\/compass-partner-program\/\" \/>\n<meta property=\"og:locale\" content=\"pt_BR\" \/>\n<meta property=\"og:type\" content=\"article\" \/>\n<meta property=\"og:title\" content=\"apg Programa de revenda da Compass\" \/>\n<meta property=\"og:description\" content=\"Junte-se ao nosso programa Compass Partner com 40 anos de experi\u00eancia em solu\u00e7\u00f5es de gerenciamento de numer\u00e1rio. Aumente a efici\u00eancia e a seguran\u00e7a no ponto de venda.\" \/>\n<meta property=\"og:url\" content=\"https:\/\/apgsolutions.com\/pt-br\/compass-partner-program\/\" \/>\n<meta property=\"og:site_name\" content=\"apg\u00ae Solutions\" \/>\n<meta property=\"article:publisher\" content=\"https:\/\/www.facebook.com\/apgglobalsolutions\" \/>\n<meta property=\"article:modified_time\" content=\"2026-03-20T11:42:22+00:00\" \/>\n<meta property=\"og:image\" content=\"https:\/\/apgsolutions.com\/wp-content\/uploads\/2024\/03\/1-1.png\" \/>\n<meta name=\"twitter:card\" content=\"summary_large_image\" \/>\n<meta name=\"twitter:site\" content=\"@apg_solutions\" \/>\n<meta name=\"twitter:label1\" content=\"Est. tempo de leitura\" \/>\n\t<meta name=\"twitter:data1\" content=\"2 minutos\" \/>\n<script type=\"application\/ld+json\" class=\"yoast-schema-graph\">{\"@context\":\"https:\/\/schema.org\",\"@graph\":[{\"@type\":\"WebPage\",\"@id\":\"https:\/\/apgsolutions.com\/pt-br\/compass-partner-program\/\",\"url\":\"https:\/\/apgsolutions.com\/pt-br\/compass-partner-program\/\",\"name\":\"apg Programa de revenda da Compass\",\"isPartOf\":{\"@id\":\"https:\/\/apgsolutions.com\/pt-br\/#website\"},\"primaryImageOfPage\":{\"@id\":\"https:\/\/apgsolutions.com\/pt-br\/compass-partner-program\/#primaryimage\"},\"image\":{\"@id\":\"https:\/\/apgsolutions.com\/pt-br\/compass-partner-program\/#primaryimage\"},\"thumbnailUrl\":\"https:\/\/apgsolutions.com\/wp-content\/uploads\/2024\/03\/1-1.png\",\"datePublished\":\"2026-03-20T11:37:15+00:00\",\"dateModified\":\"2026-03-20T11:42:22+00:00\",\"description\":\"Junte-se ao nosso programa Compass Partner com 40 anos de experi\u00eancia em solu\u00e7\u00f5es de gerenciamento de numer\u00e1rio. Aumente a efici\u00eancia e a seguran\u00e7a no ponto de venda.\",\"inLanguage\":\"pt-BR\",\"potentialAction\":[{\"@type\":\"ReadAction\",\"target\":[\"https:\/\/apgsolutions.com\/pt-br\/compass-partner-program\/\"]}]},{\"@type\":\"ImageObject\",\"inLanguage\":\"pt-BR\",\"@id\":\"https:\/\/apgsolutions.com\/pt-br\/compass-partner-program\/#primaryimage\",\"url\":\"https:\/\/apgsolutions.com\/wp-content\/uploads\/2024\/03\/1-1.png\",\"contentUrl\":\"https:\/\/apgsolutions.com\/wp-content\/uploads\/2024\/03\/1-1.png\"},{\"@type\":\"WebSite\",\"@id\":\"https:\/\/apgsolutions.com\/pt-br\/#website\",\"url\":\"https:\/\/apgsolutions.com\/pt-br\/\",\"name\":\"APG Solutions, LLC\",\"description\":\"Trust at every point.\",\"publisher\":{\"@id\":\"https:\/\/apgsolutions.com\/pt-br\/#organization\"},\"potentialAction\":[{\"@type\":\"SearchAction\",\"target\":{\"@type\":\"EntryPoint\",\"urlTemplate\":\"https:\/\/apgsolutions.com\/pt-br\/?s={search_term_string}\"},\"query-input\":{\"@type\":\"PropertyValueSpecification\",\"valueRequired\":true,\"valueName\":\"search_term_string\"}}],\"inLanguage\":\"pt-BR\"},{\"@type\":\"Organization\",\"@id\":\"https:\/\/apgsolutions.com\/pt-br\/#organization\",\"name\":\"APG Solution, LLC\",\"url\":\"https:\/\/apgsolutions.com\/pt-br\/\",\"logo\":{\"@type\":\"ImageObject\",\"inLanguage\":\"pt-BR\",\"@id\":\"https:\/\/apgsolutions.com\/pt-br\/#\/schema\/logo\/image\/\",\"url\":\"https:\/\/apgsolutions.com\/wp-content\/uploads\/2023\/12\/logomark-color.svg\",\"contentUrl\":\"https:\/\/apgsolutions.com\/wp-content\/uploads\/2023\/12\/logomark-color.svg\",\"width\":141,\"height\":138,\"caption\":\"APG Solution, LLC\"},\"image\":{\"@id\":\"https:\/\/apgsolutions.com\/pt-br\/#\/schema\/logo\/image\/\"},\"sameAs\":[\"https:\/\/www.facebook.com\/apgglobalsolutions\",\"https:\/\/x.com\/apg_solutions\",\"https:\/\/www.youtube.com\/c\/CashManagementGlobalSolutionsbyapg\",\"https:\/\/www.linkedin.com\/company\/apgglobalsolutions\/\",\"https:\/\/www.instagram.com\/apgglobalsolutions\/\",\"https:\/\/www.pinterest.com\/apgcashdrawer\/\"]}]}<\/script>\n<!-- \/ Yoast SEO Premium plugin. -->","yoast_head_json":{"title":"apg Programa de revenda da Compass","description":"Junte-se ao nosso programa Compass Partner com 40 anos de experi\u00eancia em solu\u00e7\u00f5es de gerenciamento de numer\u00e1rio. Aumente a efici\u00eancia e a seguran\u00e7a no ponto de venda.","robots":{"index":"index","follow":"follow","max-snippet":"max-snippet:-1","max-image-preview":"max-image-preview:large","max-video-preview":"max-video-preview:-1"},"canonical":"https:\/\/apgsolutions.com\/pt-br\/compass-partner-program\/","og_locale":"pt_BR","og_type":"article","og_title":"apg Programa de revenda da Compass","og_description":"Junte-se ao nosso programa Compass Partner com 40 anos de experi\u00eancia em solu\u00e7\u00f5es de gerenciamento de numer\u00e1rio. Aumente a efici\u00eancia e a seguran\u00e7a no ponto de venda.","og_url":"https:\/\/apgsolutions.com\/pt-br\/compass-partner-program\/","og_site_name":"apg\u00ae Solutions","article_publisher":"https:\/\/www.facebook.com\/apgglobalsolutions","article_modified_time":"2026-03-20T11:42:22+00:00","og_image":[{"url":"https:\/\/apgsolutions.com\/wp-content\/uploads\/2024\/03\/1-1.png","type":"","width":"","height":""}],"twitter_card":"summary_large_image","twitter_site":"@apg_solutions","twitter_misc":{"Est. tempo de leitura":"2 minutos"},"schema":{"@context":"https:\/\/schema.org","@graph":[{"@type":"WebPage","@id":"https:\/\/apgsolutions.com\/pt-br\/compass-partner-program\/","url":"https:\/\/apgsolutions.com\/pt-br\/compass-partner-program\/","name":"apg Programa de revenda da Compass","isPartOf":{"@id":"https:\/\/apgsolutions.com\/pt-br\/#website"},"primaryImageOfPage":{"@id":"https:\/\/apgsolutions.com\/pt-br\/compass-partner-program\/#primaryimage"},"image":{"@id":"https:\/\/apgsolutions.com\/pt-br\/compass-partner-program\/#primaryimage"},"thumbnailUrl":"https:\/\/apgsolutions.com\/wp-content\/uploads\/2024\/03\/1-1.png","datePublished":"2026-03-20T11:37:15+00:00","dateModified":"2026-03-20T11:42:22+00:00","description":"Junte-se ao nosso programa Compass Partner com 40 anos de experi\u00eancia em solu\u00e7\u00f5es de gerenciamento de numer\u00e1rio. Aumente a efici\u00eancia e a seguran\u00e7a no ponto de venda.","inLanguage":"pt-BR","potentialAction":[{"@type":"ReadAction","target":["https:\/\/apgsolutions.com\/pt-br\/compass-partner-program\/"]}]},{"@type":"ImageObject","inLanguage":"pt-BR","@id":"https:\/\/apgsolutions.com\/pt-br\/compass-partner-program\/#primaryimage","url":"https:\/\/apgsolutions.com\/wp-content\/uploads\/2024\/03\/1-1.png","contentUrl":"https:\/\/apgsolutions.com\/wp-content\/uploads\/2024\/03\/1-1.png"},{"@type":"WebSite","@id":"https:\/\/apgsolutions.com\/pt-br\/#website","url":"https:\/\/apgsolutions.com\/pt-br\/","name":"APG Solutions, LLC","description":"Trust at every point.","publisher":{"@id":"https:\/\/apgsolutions.com\/pt-br\/#organization"},"potentialAction":[{"@type":"SearchAction","target":{"@type":"EntryPoint","urlTemplate":"https:\/\/apgsolutions.com\/pt-br\/?s={search_term_string}"},"query-input":{"@type":"PropertyValueSpecification","valueRequired":true,"valueName":"search_term_string"}}],"inLanguage":"pt-BR"},{"@type":"Organization","@id":"https:\/\/apgsolutions.com\/pt-br\/#organization","name":"APG Solution, LLC","url":"https:\/\/apgsolutions.com\/pt-br\/","logo":{"@type":"ImageObject","inLanguage":"pt-BR","@id":"https:\/\/apgsolutions.com\/pt-br\/#\/schema\/logo\/image\/","url":"https:\/\/apgsolutions.com\/wp-content\/uploads\/2023\/12\/logomark-color.svg","contentUrl":"https:\/\/apgsolutions.com\/wp-content\/uploads\/2023\/12\/logomark-color.svg","width":141,"height":138,"caption":"APG Solution, LLC"},"image":{"@id":"https:\/\/apgsolutions.com\/pt-br\/#\/schema\/logo\/image\/"},"sameAs":["https:\/\/www.facebook.com\/apgglobalsolutions","https:\/\/x.com\/apg_solutions","https:\/\/www.youtube.com\/c\/CashManagementGlobalSolutionsbyapg","https:\/\/www.linkedin.com\/company\/apgglobalsolutions\/","https:\/\/www.instagram.com\/apgglobalsolutions\/","https:\/\/www.pinterest.com\/apgcashdrawer\/"]}]}},"acf":[],"_links":{"self":[{"href":"https:\/\/apgsolutions.com\/pt-br\/wp-json\/wp\/v2\/pages\/109144","targetHints":{"allow":["GET"]}}],"collection":[{"href":"https:\/\/apgsolutions.com\/pt-br\/wp-json\/wp\/v2\/pages"}],"about":[{"href":"https:\/\/apgsolutions.com\/pt-br\/wp-json\/wp\/v2\/types\/page"}],"author":[{"embeddable":true,"href":"https:\/\/apgsolutions.com\/pt-br\/wp-json\/wp\/v2\/users\/488"}],"replies":[{"embeddable":true,"href":"https:\/\/apgsolutions.com\/pt-br\/wp-json\/wp\/v2\/comments?post=109144"}],"version-history":[{"count":1,"href":"https:\/\/apgsolutions.com\/pt-br\/wp-json\/wp\/v2\/pages\/109144\/revisions"}],"predecessor-version":[{"id":109156,"href":"https:\/\/apgsolutions.com\/pt-br\/wp-json\/wp\/v2\/pages\/109144\/revisions\/109156"}],"wp:attachment":[{"href":"https:\/\/apgsolutions.com\/pt-br\/wp-json\/wp\/v2\/media?parent=109144"}],"curies":[{"name":"wp","href":"https:\/\/api.w.org\/{rel}","templated":true}]}}