{"id":109184,"date":"2026-03-20T11:39:47","date_gmt":"2026-03-20T11:39:47","guid":{"rendered":"https:\/\/apgsolutions.com\/calculoid\/"},"modified":"2026-03-23T13:57:43","modified_gmt":"2026-03-23T13:57:43","slug":"calculoid","status":"publish","type":"page","link":"https:\/\/apgsolutions.com\/pt-br\/calculoid\/","title":{"rendered":"Calculadora de valor smarttill"},"content":{"rendered":"<div class=\"section_page-header \">\n    <img decoding=\"async\" class=\"header-image\" src=\"https:\/\/apgsolutions.com\/wp-content\/uploads\/2025\/04\/Smarttill-value-calculator-banner-simple.png\" alt=\"Smarttill-value-calculator-banner-simple\" title=\"Smarttill-value-calculator-banner-simple\">\n            <div class=\"header-content\">\n            <h1>smarttill\u00ae Value Calculator<\/h1>\n        <\/div>\n    <\/div>\n<div class=\"wp-block-columns pad-t0 is-layout-flex wp-container-core-columns-is-layout-9d6595d7 wp-block-columns-is-layout-flex\">\n<div class=\"wp-block-column is-vertically-aligned-center is-layout-flow wp-block-column-is-layout-flow\">\n<h2 class=\"wp-block-heading has-text-align-left has-large-font-size\" id=\"h-discover-your-potential-savings-with-apg-s-smarttill-cash-management-solution\">Descubra o potencial de economia que voc\u00ea tem com a solu\u00e7\u00e3o smarttill\u00ae Cash Management da apg<\/h2>\n\n\n\n<p>O gerenciamento manual do numer\u00e1rio leva tempo, consome os recursos da equipe e aumenta o risco de erros e perdas. A <a href=\"https:\/\/apgsolutions.com\/pt-br\/products\/smarttill-solution-suite\/\">solu\u00e7\u00e3o de gerenciamento de numer\u00e1rio smarttill<\/a> oferece uma maneira mais inteligente &#8211; automatizando a contagem de numer\u00e1rio em tempo real, reduzindo a perda e dando \u00e0 sua equipe mais tempo para se concentrar no que importa: seus clientes. <\/p>\n\n\n\n<p>Com a nossa Calculadora de valor smarttill, voc\u00ea pode estimar rapidamente quanto tempo e dinheiro sua empresa de varejo ou hotelaria poderia economizar ao mudar para uma solu\u00e7\u00e3o automatizada de gerenciamento de numer\u00e1rio.<\/p>\n\n\n\n<h3 class=\"wp-block-heading\" id=\"h-see-the-impact-on-your-business\">Veja o impacto em seus neg\u00f3cios<\/h3>\n\n\n\n<ul class=\"wp-block-list\">\n<li>Economize tempo todos os dias na reconcilia\u00e7\u00e3o de caixa e nas trocas de turno<\/li>\n\n\n\n<li>Reduzir as perdas de caixa em at\u00e9 90%<\/li>\n\n\n\n<li>Reduza os custos operacionais e aumente a efici\u00eancia da equipe<\/li>\n\n\n\n<li>Obtenha visibilidade e controle em tempo real sobre o manuseio de dinheiro<\/li>\n<\/ul>\n<\/div>\n\n\n\n<div class=\"wp-block-column is-vertically-aligned-center is-layout-flow wp-block-column-is-layout-flow\">\n<figure class=\"wp-block-image size-large is-resized\"><img fetchpriority=\"high\" decoding=\"async\" width=\"1024\" height=\"848\" src=\"https:\/\/apgsolutions.com\/wp-content\/uploads\/2025\/04\/See_The_Impact_Of_Your_Business-1-1024x848.png\" alt=\"Calculadora de valor smarttill\" class=\"wp-image-89923\" style=\"width:800px\" srcset=\"https:\/\/apgsolutions.com\/wp-content\/uploads\/2025\/04\/See_The_Impact_Of_Your_Business-1-1024x848.png 1024w, https:\/\/apgsolutions.com\/wp-content\/uploads\/2025\/04\/See_The_Impact_Of_Your_Business-1-300x248.png 300w, https:\/\/apgsolutions.com\/wp-content\/uploads\/2025\/04\/See_The_Impact_Of_Your_Business-1-768x636.png 768w, https:\/\/apgsolutions.com\/wp-content\/uploads\/2025\/04\/See_The_Impact_Of_Your_Business-1-50x41.png 50w, https:\/\/apgsolutions.com\/wp-content\/uploads\/2025\/04\/See_The_Impact_Of_Your_Business-1-550x455.png 550w, https:\/\/apgsolutions.com\/wp-content\/uploads\/2025\/04\/See_The_Impact_Of_Your_Business-1-80x66.png 80w, https:\/\/apgsolutions.com\/wp-content\/uploads\/2025\/04\/See_The_Impact_Of_Your_Business-1-600x497.png 600w, https:\/\/apgsolutions.com\/wp-content\/uploads\/2025\/04\/See_The_Impact_Of_Your_Business-1.png 1080w\" sizes=\"(max-width: 1024px) 100vw, 1024px\" \/><\/figure>\n<\/div>\n<\/div>\n\n<div class=\"wp-block-columns is-layout-flex wp-container-core-columns-is-layout-9d6595d7 wp-block-columns-is-layout-flex\">\n<div class=\"wp-block-column is-layout-flow wp-block-column-is-layout-flow\"><div class=\"wp-block-image\">\n<figure class=\"aligncenter size-full is-resized\"><img decoding=\"async\" width=\"847\" height=\"211\" src=\"https:\/\/apgsolutions.com\/wp-content\/uploads\/2025\/04\/TimeAndMoneySavingsWithSmarttill.png\" alt=\"Economia de tempo e dinheiro com o Smarttill\" class=\"wp-image-89857\" style=\"width:500px\" srcset=\"https:\/\/apgsolutions.com\/wp-content\/uploads\/2025\/04\/TimeAndMoneySavingsWithSmarttill.png 847w, https:\/\/apgsolutions.com\/wp-content\/uploads\/2025\/04\/TimeAndMoneySavingsWithSmarttill-300x75.png 300w, https:\/\/apgsolutions.com\/wp-content\/uploads\/2025\/04\/TimeAndMoneySavingsWithSmarttill-768x191.png 768w, https:\/\/apgsolutions.com\/wp-content\/uploads\/2025\/04\/TimeAndMoneySavingsWithSmarttill-50x12.png 50w, https:\/\/apgsolutions.com\/wp-content\/uploads\/2025\/04\/TimeAndMoneySavingsWithSmarttill-550x137.png 550w, https:\/\/apgsolutions.com\/wp-content\/uploads\/2025\/04\/TimeAndMoneySavingsWithSmarttill-80x20.png 80w, https:\/\/apgsolutions.com\/wp-content\/uploads\/2025\/04\/TimeAndMoneySavingsWithSmarttill-600x149.png 600w\" sizes=\"(max-width: 847px) 100vw, 847px\" \/><\/figure>\n<\/div>\n\n\n<p class=\"has-text-align-center\">Calcule quanto tempo e dinheiro voc\u00ea pode economizar usando a solu\u00e7\u00e3o de gerenciamento de caixa smarttill da apg.<\/p>\n\n\n\n<p class=\"has-text-align-center\">Essa calculadora fornece uma vis\u00e3o simplificada do potencial de economia que voc\u00ea tem. Para obter uma an\u00e1lise mais profunda e personalizada &#8211; levando em conta o n\u00famero exato de locais, pistas, caixas, sal\u00e1rios dos funcion\u00e1rios e outros fatores exclusivos -, preencha o formul\u00e1rio abaixo para solicitar uma auditoria abrangente de nossos arquitetos de solu\u00e7\u00f5es smarttill. <\/p>\n\n\n\n<div style=\"height:25px\" aria-hidden=\"true\" class=\"wp-block-spacer\"><\/div>\n\n\n\n<link rel=\"stylesheet\" href=\"https:\/\/embed.calculoid.com\/styles\/main.css\"\/><script src=\"https:\/\/embed.calculoid.com\/scripts\/combined.min.js\"><\/script><div ng-app=\"calculoid\" ng-controller=\"CalculoidMainCtrl\" ng-init=\"init({calcId:106969,apiKey:'c5fa80d86793aaea28a54'})\" ng-include=\"load()\"><\/div>\n<\/div>\n<\/div>\n\n<h2 class=\"wp-block-heading has-text-align-center\" id=\"h-why-choose-smarttill\">Por que escolher a smarttill?<\/h2>\n\n<div class=\"wp-block-columns are-vertically-aligned-center is-layout-flex wp-container-core-columns-is-layout-9d6595d7 wp-block-columns-is-layout-flex\">\n<div class=\"wp-block-column is-vertically-aligned-center is-layout-flow wp-block-column-is-layout-flow\"><div class=\"wp-block-image\">\n<figure class=\"aligncenter size-large is-resized\"><img decoding=\"async\" width=\"1024\" height=\"848\" src=\"https:\/\/apgsolutions.com\/wp-content\/uploads\/2025\/04\/Why_Choose_smarttill-1024x848.png\" alt=\"calculadora smarttill\" class=\"wp-image-89966\" style=\"width:700px\" srcset=\"https:\/\/apgsolutions.com\/wp-content\/uploads\/2025\/04\/Why_Choose_smarttill-1024x848.png 1024w, https:\/\/apgsolutions.com\/wp-content\/uploads\/2025\/04\/Why_Choose_smarttill-300x248.png 300w, https:\/\/apgsolutions.com\/wp-content\/uploads\/2025\/04\/Why_Choose_smarttill-768x636.png 768w, https:\/\/apgsolutions.com\/wp-content\/uploads\/2025\/04\/Why_Choose_smarttill-50x41.png 50w, https:\/\/apgsolutions.com\/wp-content\/uploads\/2025\/04\/Why_Choose_smarttill-550x455.png 550w, https:\/\/apgsolutions.com\/wp-content\/uploads\/2025\/04\/Why_Choose_smarttill-80x66.png 80w, https:\/\/apgsolutions.com\/wp-content\/uploads\/2025\/04\/Why_Choose_smarttill-600x497.png 600w, https:\/\/apgsolutions.com\/wp-content\/uploads\/2025\/04\/Why_Choose_smarttill.png 1080w\" sizes=\"(max-width: 1024px) 100vw, 1024px\" \/><\/figure>\n<\/div><\/div>\n\n\n\n<div class=\"wp-block-column is-vertically-aligned-center is-layout-flow wp-block-column-is-layout-flow\">\n<p>O smarttill tem a confian\u00e7a dos principais <a href=\"https:\/\/apgsolutions.com\/industry\/retail\/\">varejistas<\/a> e fornecedores <a href=\"https:\/\/apgsolutions.com\/industry\/hospitality\/\">de servi\u00e7os de hospitalidade<\/a> em todo o mundo. Quer voc\u00ea opere uma \u00fanica loja ou uma grande rede, o smarttill se integra perfeitamente ao seu ambiente de PDV existente. <\/p>\n\n\n\n<p>Voc\u00ea quer saber mais sobre como funciona o smarttill?<\/p>\n\n\n\n<div class=\"wp-block-buttons is-layout-flex wp-block-buttons-is-layout-flex\">\n<div class=\"wp-block-button\"><a class=\"wp-block-button__link wp-element-button\" href=\"https:\/\/apgsolutions.com\/pt-br\/products\/smarttill-solution-suite\/\">Leia mais sobre a smarttill<\/a><\/div>\n<\/div>\n<\/div>\n<\/div>\n\n<div class=\"wp-block-group graybox has-background is-vertical is-content-justification-center is-layout-flex wp-container-core-group-is-layout-4b2eccd6 wp-block-group-is-layout-flex\" style=\"background-color:#ecf1f7\">\n<figure class=\"wp-block-image size-full is-resized\"><img loading=\"lazy\" decoding=\"async\" width=\"911\" height=\"163\" src=\"https:\/\/apgsolutions.com\/wp-content\/uploads\/2025\/04\/GetInTouch.png\" alt=\"Entre em contato\" class=\"wp-image-89863\" style=\"width:600px\" srcset=\"https:\/\/apgsolutions.com\/wp-content\/uploads\/2025\/04\/GetInTouch.png 911w, https:\/\/apgsolutions.com\/wp-content\/uploads\/2025\/04\/GetInTouch-300x54.png 300w, https:\/\/apgsolutions.com\/wp-content\/uploads\/2025\/04\/GetInTouch-768x137.png 768w, https:\/\/apgsolutions.com\/wp-content\/uploads\/2025\/04\/GetInTouch-50x9.png 50w, https:\/\/apgsolutions.com\/wp-content\/uploads\/2025\/04\/GetInTouch-550x98.png 550w, https:\/\/apgsolutions.com\/wp-content\/uploads\/2025\/04\/GetInTouch-80x14.png 80w, https:\/\/apgsolutions.com\/wp-content\/uploads\/2025\/04\/GetInTouch-600x107.png 600w\" sizes=\"(max-width: 911px) 100vw, 911px\" \/><\/figure>\n\n\n\n<p class=\"has-text-align-center\">Marque uma consulta com um de nossos gerentes de contas apg e arquitetos de solu\u00e7\u00f5es smarttill &#8211; pessoalmente ou on-line.<\/p>\n<\/div>\n\n<div style=\"height:50px\" aria-hidden=\"true\" class=\"wp-block-spacer\"><\/div>\n\n<p><script charset=\"utf-8\" type=\"text\/javascript\" src=\"\/\/js.hsforms.net\/forms\/embed\/v2.js\"><\/script><script>hbspt.forms.create({\n    region: \"na1\",\n    portalId: \"3337275\",\n    formId: \"3fa13a5b-1718-4053-9c9c-d3189889d1b6\",\n    \/\/ Redirect after successful submission\n    onFormSubmit: function($form) {\n      window.location.href = \"https:\/\/apgsolutions.com\/thank-you-for-contacting-apg-cash-drawer\/\";\n    }\n  });\n<\/script><\/p>\n\n<p><\/p>\n","protected":false},"excerpt":{"rendered":"<p>Descubra o potencial de economia que voc\u00ea tem com a solu\u00e7\u00e3o smarttill\u00ae Cash Management da apg O gerenciamento manual do numer\u00e1rio leva tempo, consome os recursos da equipe e aumenta o risco de erros e perdas. A solu\u00e7\u00e3o de gerenciamento de numer\u00e1rio smarttill oferece uma maneira mais inteligente &#8211; automatizando a contagem de numer\u00e1rio em [&hellip;]<\/p>\n","protected":false},"author":2921,"featured_media":0,"parent":0,"menu_order":0,"comment_status":"closed","ping_status":"closed","template":"","meta":{"_acf_changed":false,"content-type":"","footnotes":""},"class_list":["post-109184","page","type-page","status-publish"],"yoast_head":"<!-- This site is optimized with the Yoast SEO Premium plugin v23.5 (Yoast SEO v27.2) - https:\/\/yoast.com\/product\/yoast-seo-premium-wordpress\/ -->\n<title>Calculadora de valor smarttill\u00ae | apg\u00ae<\/title>\n<meta name=\"description\" content=\"Fa\u00e7a uma estimativa r\u00e1pida de quanto tempo e dinheiro sua empresa de varejo ou hotelaria poderia economizar ao mudar para nossa solu\u00e7\u00e3o de gerenciamento de numer\u00e1rio smarttill.\" \/>\n<meta name=\"robots\" content=\"index, follow, max-snippet:-1, max-image-preview:large, max-video-preview:-1\" \/>\n<link rel=\"canonical\" href=\"https:\/\/apgsolutions.com\/pt-br\/calculoid\/\" \/>\n<meta property=\"og:locale\" content=\"pt_BR\" \/>\n<meta property=\"og:type\" content=\"article\" \/>\n<meta property=\"og:title\" content=\"Calculadora de valor smarttill\u00ae | apg\u00ae\" \/>\n<meta property=\"og:description\" content=\"Fa\u00e7a uma estimativa r\u00e1pida de quanto tempo e dinheiro sua empresa de varejo ou hotelaria poderia economizar ao mudar para nossa solu\u00e7\u00e3o de gerenciamento de numer\u00e1rio smarttill.\" \/>\n<meta property=\"og:url\" content=\"https:\/\/apgsolutions.com\/pt-br\/calculoid\/\" \/>\n<meta property=\"og:site_name\" content=\"apg\u00ae Solutions\" \/>\n<meta property=\"article:publisher\" content=\"https:\/\/www.facebook.com\/apgglobalsolutions\" \/>\n<meta property=\"article:modified_time\" content=\"2026-03-23T13:57:43+00:00\" \/>\n<meta property=\"og:image\" content=\"https:\/\/apgsolutions.com\/wp-content\/uploads\/2025\/04\/See_The_Impact_Of_Your_Business-1-1024x848.png\" \/>\n<meta name=\"twitter:card\" content=\"summary_large_image\" \/>\n<meta name=\"twitter:site\" content=\"@apg_solutions\" \/>\n<meta name=\"twitter:label1\" content=\"Est. tempo de leitura\" \/>\n\t<meta name=\"twitter:data1\" content=\"2 minutos\" \/>\n<script type=\"application\/ld+json\" class=\"yoast-schema-graph\">{\"@context\":\"https:\/\/schema.org\",\"@graph\":[{\"@type\":\"WebPage\",\"@id\":\"https:\/\/apgsolutions.com\/pt-br\/calculoid\/\",\"url\":\"https:\/\/apgsolutions.com\/pt-br\/calculoid\/\",\"name\":\"Calculadora de valor smarttill\u00ae | apg\u00ae\",\"isPartOf\":{\"@id\":\"https:\/\/apgsolutions.com\/pt-br\/#website\"},\"primaryImageOfPage\":{\"@id\":\"https:\/\/apgsolutions.com\/pt-br\/calculoid\/#primaryimage\"},\"image\":{\"@id\":\"https:\/\/apgsolutions.com\/pt-br\/calculoid\/#primaryimage\"},\"thumbnailUrl\":\"https:\/\/apgsolutions.com\/wp-content\/uploads\/2025\/04\/See_The_Impact_Of_Your_Business-1-1024x848.png\",\"datePublished\":\"2026-03-20T11:39:47+00:00\",\"dateModified\":\"2026-03-23T13:57:43+00:00\",\"description\":\"Fa\u00e7a uma estimativa r\u00e1pida de quanto tempo e dinheiro sua empresa de varejo ou hotelaria poderia economizar ao mudar para nossa solu\u00e7\u00e3o de gerenciamento de numer\u00e1rio smarttill.\",\"inLanguage\":\"pt-BR\",\"potentialAction\":[{\"@type\":\"ReadAction\",\"target\":[\"https:\/\/apgsolutions.com\/pt-br\/calculoid\/\"]}]},{\"@type\":\"ImageObject\",\"inLanguage\":\"pt-BR\",\"@id\":\"https:\/\/apgsolutions.com\/pt-br\/calculoid\/#primaryimage\",\"url\":\"https:\/\/apgsolutions.com\/wp-content\/uploads\/2025\/04\/See_The_Impact_Of_Your_Business-1-1024x848.png\",\"contentUrl\":\"https:\/\/apgsolutions.com\/wp-content\/uploads\/2025\/04\/See_The_Impact_Of_Your_Business-1-1024x848.png\"},{\"@type\":\"WebSite\",\"@id\":\"https:\/\/apgsolutions.com\/pt-br\/#website\",\"url\":\"https:\/\/apgsolutions.com\/pt-br\/\",\"name\":\"APG Solutions, LLC\",\"description\":\"Trust at every point.\",\"publisher\":{\"@id\":\"https:\/\/apgsolutions.com\/pt-br\/#organization\"},\"potentialAction\":[{\"@type\":\"SearchAction\",\"target\":{\"@type\":\"EntryPoint\",\"urlTemplate\":\"https:\/\/apgsolutions.com\/pt-br\/?s={search_term_string}\"},\"query-input\":{\"@type\":\"PropertyValueSpecification\",\"valueRequired\":true,\"valueName\":\"search_term_string\"}}],\"inLanguage\":\"pt-BR\"},{\"@type\":\"Organization\",\"@id\":\"https:\/\/apgsolutions.com\/pt-br\/#organization\",\"name\":\"APG Solution, LLC\",\"url\":\"https:\/\/apgsolutions.com\/pt-br\/\",\"logo\":{\"@type\":\"ImageObject\",\"inLanguage\":\"pt-BR\",\"@id\":\"https:\/\/apgsolutions.com\/pt-br\/#\/schema\/logo\/image\/\",\"url\":\"https:\/\/apgsolutions.com\/wp-content\/uploads\/2023\/12\/logomark-color.svg\",\"contentUrl\":\"https:\/\/apgsolutions.com\/wp-content\/uploads\/2023\/12\/logomark-color.svg\",\"width\":141,\"height\":138,\"caption\":\"APG Solution, LLC\"},\"image\":{\"@id\":\"https:\/\/apgsolutions.com\/pt-br\/#\/schema\/logo\/image\/\"},\"sameAs\":[\"https:\/\/www.facebook.com\/apgglobalsolutions\",\"https:\/\/x.com\/apg_solutions\",\"https:\/\/www.youtube.com\/c\/CashManagementGlobalSolutionsbyapg\",\"https:\/\/www.linkedin.com\/company\/apgglobalsolutions\/\",\"https:\/\/www.instagram.com\/apgglobalsolutions\/\",\"https:\/\/www.pinterest.com\/apgcashdrawer\/\"]}]}<\/script>\n<!-- \/ Yoast SEO Premium plugin. -->","yoast_head_json":{"title":"Calculadora de valor smarttill\u00ae | apg\u00ae","description":"Fa\u00e7a uma estimativa r\u00e1pida de quanto tempo e dinheiro sua empresa de varejo ou hotelaria poderia economizar ao mudar para nossa solu\u00e7\u00e3o de gerenciamento de numer\u00e1rio smarttill.","robots":{"index":"index","follow":"follow","max-snippet":"max-snippet:-1","max-image-preview":"max-image-preview:large","max-video-preview":"max-video-preview:-1"},"canonical":"https:\/\/apgsolutions.com\/pt-br\/calculoid\/","og_locale":"pt_BR","og_type":"article","og_title":"Calculadora de valor smarttill\u00ae | apg\u00ae","og_description":"Fa\u00e7a uma estimativa r\u00e1pida de quanto tempo e dinheiro sua empresa de varejo ou hotelaria poderia economizar ao mudar para nossa solu\u00e7\u00e3o de gerenciamento de numer\u00e1rio smarttill.","og_url":"https:\/\/apgsolutions.com\/pt-br\/calculoid\/","og_site_name":"apg\u00ae Solutions","article_publisher":"https:\/\/www.facebook.com\/apgglobalsolutions","article_modified_time":"2026-03-23T13:57:43+00:00","og_image":[{"url":"https:\/\/apgsolutions.com\/wp-content\/uploads\/2025\/04\/See_The_Impact_Of_Your_Business-1-1024x848.png","type":"","width":"","height":""}],"twitter_card":"summary_large_image","twitter_site":"@apg_solutions","twitter_misc":{"Est. tempo de leitura":"2 minutos"},"schema":{"@context":"https:\/\/schema.org","@graph":[{"@type":"WebPage","@id":"https:\/\/apgsolutions.com\/pt-br\/calculoid\/","url":"https:\/\/apgsolutions.com\/pt-br\/calculoid\/","name":"Calculadora de valor smarttill\u00ae | apg\u00ae","isPartOf":{"@id":"https:\/\/apgsolutions.com\/pt-br\/#website"},"primaryImageOfPage":{"@id":"https:\/\/apgsolutions.com\/pt-br\/calculoid\/#primaryimage"},"image":{"@id":"https:\/\/apgsolutions.com\/pt-br\/calculoid\/#primaryimage"},"thumbnailUrl":"https:\/\/apgsolutions.com\/wp-content\/uploads\/2025\/04\/See_The_Impact_Of_Your_Business-1-1024x848.png","datePublished":"2026-03-20T11:39:47+00:00","dateModified":"2026-03-23T13:57:43+00:00","description":"Fa\u00e7a uma estimativa r\u00e1pida de quanto tempo e dinheiro sua empresa de varejo ou hotelaria poderia economizar ao mudar para nossa solu\u00e7\u00e3o de gerenciamento de numer\u00e1rio smarttill.","inLanguage":"pt-BR","potentialAction":[{"@type":"ReadAction","target":["https:\/\/apgsolutions.com\/pt-br\/calculoid\/"]}]},{"@type":"ImageObject","inLanguage":"pt-BR","@id":"https:\/\/apgsolutions.com\/pt-br\/calculoid\/#primaryimage","url":"https:\/\/apgsolutions.com\/wp-content\/uploads\/2025\/04\/See_The_Impact_Of_Your_Business-1-1024x848.png","contentUrl":"https:\/\/apgsolutions.com\/wp-content\/uploads\/2025\/04\/See_The_Impact_Of_Your_Business-1-1024x848.png"},{"@type":"WebSite","@id":"https:\/\/apgsolutions.com\/pt-br\/#website","url":"https:\/\/apgsolutions.com\/pt-br\/","name":"APG Solutions, LLC","description":"Trust at every point.","publisher":{"@id":"https:\/\/apgsolutions.com\/pt-br\/#organization"},"potentialAction":[{"@type":"SearchAction","target":{"@type":"EntryPoint","urlTemplate":"https:\/\/apgsolutions.com\/pt-br\/?s={search_term_string}"},"query-input":{"@type":"PropertyValueSpecification","valueRequired":true,"valueName":"search_term_string"}}],"inLanguage":"pt-BR"},{"@type":"Organization","@id":"https:\/\/apgsolutions.com\/pt-br\/#organization","name":"APG Solution, LLC","url":"https:\/\/apgsolutions.com\/pt-br\/","logo":{"@type":"ImageObject","inLanguage":"pt-BR","@id":"https:\/\/apgsolutions.com\/pt-br\/#\/schema\/logo\/image\/","url":"https:\/\/apgsolutions.com\/wp-content\/uploads\/2023\/12\/logomark-color.svg","contentUrl":"https:\/\/apgsolutions.com\/wp-content\/uploads\/2023\/12\/logomark-color.svg","width":141,"height":138,"caption":"APG Solution, LLC"},"image":{"@id":"https:\/\/apgsolutions.com\/pt-br\/#\/schema\/logo\/image\/"},"sameAs":["https:\/\/www.facebook.com\/apgglobalsolutions","https:\/\/x.com\/apg_solutions","https:\/\/www.youtube.com\/c\/CashManagementGlobalSolutionsbyapg","https:\/\/www.linkedin.com\/company\/apgglobalsolutions\/","https:\/\/www.instagram.com\/apgglobalsolutions\/","https:\/\/www.pinterest.com\/apgcashdrawer\/"]}]}},"acf":[],"_links":{"self":[{"href":"https:\/\/apgsolutions.com\/pt-br\/wp-json\/wp\/v2\/pages\/109184","targetHints":{"allow":["GET"]}}],"collection":[{"href":"https:\/\/apgsolutions.com\/pt-br\/wp-json\/wp\/v2\/pages"}],"about":[{"href":"https:\/\/apgsolutions.com\/pt-br\/wp-json\/wp\/v2\/types\/page"}],"author":[{"embeddable":true,"href":"https:\/\/apgsolutions.com\/pt-br\/wp-json\/wp\/v2\/users\/2921"}],"replies":[{"embeddable":true,"href":"https:\/\/apgsolutions.com\/pt-br\/wp-json\/wp\/v2\/comments?post=109184"}],"version-history":[{"count":4,"href":"https:\/\/apgsolutions.com\/pt-br\/wp-json\/wp\/v2\/pages\/109184\/revisions"}],"predecessor-version":[{"id":110685,"href":"https:\/\/apgsolutions.com\/pt-br\/wp-json\/wp\/v2\/pages\/109184\/revisions\/110685"}],"wp:attachment":[{"href":"https:\/\/apgsolutions.com\/pt-br\/wp-json\/wp\/v2\/media?parent=109184"}],"curies":[{"name":"wp","href":"https:\/\/api.w.org\/{rel}","templated":true}]}}