{"id":109223,"date":"2026-03-20T11:41:58","date_gmt":"2026-03-20T11:41:58","guid":{"rendered":"https:\/\/apgsolutions.com\/open-minneapolis-positions\/"},"modified":"2026-03-20T11:52:54","modified_gmt":"2026-03-20T11:52:54","slug":"open-minneapolis-positions","status":"publish","type":"page","link":"https:\/\/apgsolutions.com\/pt-br\/job-positions\/open-minneapolis-positions\/","title":{"rendered":"Vagas abertas em Minneapolis"},"content":{"rendered":"\n<h1 class=\"wp-block-heading has-text-align-center\" id=\"h-open-minneapolis-positions\">Vagas abertas em Minneapolis<\/h1>\n\n<p class=\"has-text-align-center\">Veja todas as vagas abertas em Minneapolis <a href=\"https:\/\/www.paycomonline.net\/v4\/ats\/web.php\/jobs?clientkey=2328182528056843FB9FDBC9AD2B04B0\" target=\"_blank\" rel=\"noreferrer noopener nofollow\">aqui<\/a>.<\/p>\n","protected":false},"excerpt":{"rendered":"<p>Vagas abertas em Minneapolis Veja todas as vagas abertas em Minneapolis aqui.<\/p>\n","protected":false},"author":4,"featured_media":0,"parent":109613,"menu_order":0,"comment_status":"closed","ping_status":"closed","template":"","meta":{"_acf_changed":false,"content-type":"","footnotes":""},"class_list":["post-109223","page","type-page","status-publish"],"yoast_head":"<!-- This site is optimized with the Yoast SEO Premium plugin v23.5 (Yoast SEO v27.2) - https:\/\/yoast.com\/product\/yoast-seo-premium-wordpress\/ -->\n<title>Vagas abertas em Minneapolis<\/title>\n<meta name=\"description\" content=\"Descubra as vagas de emprego abertas na unidade da APG em Minneapolis. Junte-se \u00e0 nossa equipe no desenvolvimento de solu\u00e7\u00f5es inovadoras para gavetas de dinheiro.\" \/>\n<meta name=\"robots\" content=\"index, follow, max-snippet:-1, max-image-preview:large, max-video-preview:-1\" \/>\n<link rel=\"canonical\" href=\"https:\/\/apgsolutions.com\/pt-br\/job-positions\/open-minneapolis-positions\/\" \/>\n<meta property=\"og:locale\" content=\"pt_BR\" \/>\n<meta property=\"og:type\" content=\"article\" \/>\n<meta property=\"og:title\" content=\"Vagas abertas em Minneapolis\" \/>\n<meta property=\"og:description\" content=\"Descubra as vagas de emprego abertas na unidade da APG em Minneapolis. Junte-se \u00e0 nossa equipe no desenvolvimento de solu\u00e7\u00f5es inovadoras para gavetas de dinheiro.\" \/>\n<meta property=\"og:url\" content=\"https:\/\/apgsolutions.com\/pt-br\/job-positions\/open-minneapolis-positions\/\" \/>\n<meta property=\"og:site_name\" content=\"apg\u00ae Solutions\" \/>\n<meta property=\"article:publisher\" content=\"https:\/\/www.facebook.com\/apgglobalsolutions\" \/>\n<meta property=\"article:modified_time\" content=\"2026-03-20T11:52:54+00:00\" \/>\n<meta name=\"twitter:card\" content=\"summary_large_image\" \/>\n<meta name=\"twitter:site\" content=\"@apg_solutions\" \/>\n<script type=\"application\/ld+json\" class=\"yoast-schema-graph\">{\"@context\":\"https:\/\/schema.org\",\"@graph\":[{\"@type\":\"WebPage\",\"@id\":\"https:\/\/apgsolutions.com\/pt-br\/job-positions\/open-minneapolis-positions\/\",\"url\":\"https:\/\/apgsolutions.com\/pt-br\/job-positions\/open-minneapolis-positions\/\",\"name\":\"Vagas abertas em Minneapolis\",\"isPartOf\":{\"@id\":\"https:\/\/apgsolutions.com\/pt-br\/#website\"},\"datePublished\":\"2026-03-20T11:41:58+00:00\",\"dateModified\":\"2026-03-20T11:52:54+00:00\",\"description\":\"Descubra as vagas de emprego abertas na unidade da APG em Minneapolis. Junte-se \u00e0 nossa equipe no desenvolvimento de solu\u00e7\u00f5es inovadoras para gavetas de dinheiro.\",\"breadcrumb\":{\"@id\":\"https:\/\/apgsolutions.com\/pt-br\/job-positions\/open-minneapolis-positions\/#breadcrumb\"},\"inLanguage\":\"pt-BR\",\"potentialAction\":[{\"@type\":\"ReadAction\",\"target\":[\"https:\/\/apgsolutions.com\/pt-br\/job-positions\/open-minneapolis-positions\/\"]}]},{\"@type\":\"BreadcrumbList\",\"@id\":\"https:\/\/apgsolutions.com\/pt-br\/job-positions\/open-minneapolis-positions\/#breadcrumb\",\"itemListElement\":[{\"@type\":\"ListItem\",\"position\":1,\"name\":\"Cargos\",\"item\":\"https:\/\/apgsolutions.com\/pt-br\/job-positions\/\"},{\"@type\":\"ListItem\",\"position\":2,\"name\":\"Vagas abertas em Minneapolis\"}]},{\"@type\":\"WebSite\",\"@id\":\"https:\/\/apgsolutions.com\/pt-br\/#website\",\"url\":\"https:\/\/apgsolutions.com\/pt-br\/\",\"name\":\"APG Solutions, LLC\",\"description\":\"Trust at every point.\",\"publisher\":{\"@id\":\"https:\/\/apgsolutions.com\/pt-br\/#organization\"},\"potentialAction\":[{\"@type\":\"SearchAction\",\"target\":{\"@type\":\"EntryPoint\",\"urlTemplate\":\"https:\/\/apgsolutions.com\/pt-br\/?s={search_term_string}\"},\"query-input\":{\"@type\":\"PropertyValueSpecification\",\"valueRequired\":true,\"valueName\":\"search_term_string\"}}],\"inLanguage\":\"pt-BR\"},{\"@type\":\"Organization\",\"@id\":\"https:\/\/apgsolutions.com\/pt-br\/#organization\",\"name\":\"APG Solution, LLC\",\"url\":\"https:\/\/apgsolutions.com\/pt-br\/\",\"logo\":{\"@type\":\"ImageObject\",\"inLanguage\":\"pt-BR\",\"@id\":\"https:\/\/apgsolutions.com\/pt-br\/#\/schema\/logo\/image\/\",\"url\":\"https:\/\/apgsolutions.com\/wp-content\/uploads\/2023\/12\/logomark-color.svg\",\"contentUrl\":\"https:\/\/apgsolutions.com\/wp-content\/uploads\/2023\/12\/logomark-color.svg\",\"width\":141,\"height\":138,\"caption\":\"APG Solution, LLC\"},\"image\":{\"@id\":\"https:\/\/apgsolutions.com\/pt-br\/#\/schema\/logo\/image\/\"},\"sameAs\":[\"https:\/\/www.facebook.com\/apgglobalsolutions\",\"https:\/\/x.com\/apg_solutions\",\"https:\/\/www.youtube.com\/c\/CashManagementGlobalSolutionsbyapg\",\"https:\/\/www.linkedin.com\/company\/apgglobalsolutions\/\",\"https:\/\/www.instagram.com\/apgglobalsolutions\/\",\"https:\/\/www.pinterest.com\/apgcashdrawer\/\"]}]}<\/script>\n<!-- \/ Yoast SEO Premium plugin. -->","yoast_head_json":{"title":"Vagas abertas em Minneapolis","description":"Descubra as vagas de emprego abertas na unidade da APG em Minneapolis. Junte-se \u00e0 nossa equipe no desenvolvimento de solu\u00e7\u00f5es inovadoras para gavetas de dinheiro.","robots":{"index":"index","follow":"follow","max-snippet":"max-snippet:-1","max-image-preview":"max-image-preview:large","max-video-preview":"max-video-preview:-1"},"canonical":"https:\/\/apgsolutions.com\/pt-br\/job-positions\/open-minneapolis-positions\/","og_locale":"pt_BR","og_type":"article","og_title":"Vagas abertas em Minneapolis","og_description":"Descubra as vagas de emprego abertas na unidade da APG em Minneapolis. Junte-se \u00e0 nossa equipe no desenvolvimento de solu\u00e7\u00f5es inovadoras para gavetas de dinheiro.","og_url":"https:\/\/apgsolutions.com\/pt-br\/job-positions\/open-minneapolis-positions\/","og_site_name":"apg\u00ae Solutions","article_publisher":"https:\/\/www.facebook.com\/apgglobalsolutions","article_modified_time":"2026-03-20T11:52:54+00:00","twitter_card":"summary_large_image","twitter_site":"@apg_solutions","schema":{"@context":"https:\/\/schema.org","@graph":[{"@type":"WebPage","@id":"https:\/\/apgsolutions.com\/pt-br\/job-positions\/open-minneapolis-positions\/","url":"https:\/\/apgsolutions.com\/pt-br\/job-positions\/open-minneapolis-positions\/","name":"Vagas abertas em Minneapolis","isPartOf":{"@id":"https:\/\/apgsolutions.com\/pt-br\/#website"},"datePublished":"2026-03-20T11:41:58+00:00","dateModified":"2026-03-20T11:52:54+00:00","description":"Descubra as vagas de emprego abertas na unidade da APG em Minneapolis. Junte-se \u00e0 nossa equipe no desenvolvimento de solu\u00e7\u00f5es inovadoras para gavetas de dinheiro.","breadcrumb":{"@id":"https:\/\/apgsolutions.com\/pt-br\/job-positions\/open-minneapolis-positions\/#breadcrumb"},"inLanguage":"pt-BR","potentialAction":[{"@type":"ReadAction","target":["https:\/\/apgsolutions.com\/pt-br\/job-positions\/open-minneapolis-positions\/"]}]},{"@type":"BreadcrumbList","@id":"https:\/\/apgsolutions.com\/pt-br\/job-positions\/open-minneapolis-positions\/#breadcrumb","itemListElement":[{"@type":"ListItem","position":1,"name":"Cargos","item":"https:\/\/apgsolutions.com\/pt-br\/job-positions\/"},{"@type":"ListItem","position":2,"name":"Vagas abertas em Minneapolis"}]},{"@type":"WebSite","@id":"https:\/\/apgsolutions.com\/pt-br\/#website","url":"https:\/\/apgsolutions.com\/pt-br\/","name":"APG Solutions, LLC","description":"Trust at every point.","publisher":{"@id":"https:\/\/apgsolutions.com\/pt-br\/#organization"},"potentialAction":[{"@type":"SearchAction","target":{"@type":"EntryPoint","urlTemplate":"https:\/\/apgsolutions.com\/pt-br\/?s={search_term_string}"},"query-input":{"@type":"PropertyValueSpecification","valueRequired":true,"valueName":"search_term_string"}}],"inLanguage":"pt-BR"},{"@type":"Organization","@id":"https:\/\/apgsolutions.com\/pt-br\/#organization","name":"APG Solution, LLC","url":"https:\/\/apgsolutions.com\/pt-br\/","logo":{"@type":"ImageObject","inLanguage":"pt-BR","@id":"https:\/\/apgsolutions.com\/pt-br\/#\/schema\/logo\/image\/","url":"https:\/\/apgsolutions.com\/wp-content\/uploads\/2023\/12\/logomark-color.svg","contentUrl":"https:\/\/apgsolutions.com\/wp-content\/uploads\/2023\/12\/logomark-color.svg","width":141,"height":138,"caption":"APG Solution, LLC"},"image":{"@id":"https:\/\/apgsolutions.com\/pt-br\/#\/schema\/logo\/image\/"},"sameAs":["https:\/\/www.facebook.com\/apgglobalsolutions","https:\/\/x.com\/apg_solutions","https:\/\/www.youtube.com\/c\/CashManagementGlobalSolutionsbyapg","https:\/\/www.linkedin.com\/company\/apgglobalsolutions\/","https:\/\/www.instagram.com\/apgglobalsolutions\/","https:\/\/www.pinterest.com\/apgcashdrawer\/"]}]}},"acf":[],"_links":{"self":[{"href":"https:\/\/apgsolutions.com\/pt-br\/wp-json\/wp\/v2\/pages\/109223","targetHints":{"allow":["GET"]}}],"collection":[{"href":"https:\/\/apgsolutions.com\/pt-br\/wp-json\/wp\/v2\/pages"}],"about":[{"href":"https:\/\/apgsolutions.com\/pt-br\/wp-json\/wp\/v2\/types\/page"}],"author":[{"embeddable":true,"href":"https:\/\/apgsolutions.com\/pt-br\/wp-json\/wp\/v2\/users\/4"}],"replies":[{"embeddable":true,"href":"https:\/\/apgsolutions.com\/pt-br\/wp-json\/wp\/v2\/comments?post=109223"}],"version-history":[{"count":1,"href":"https:\/\/apgsolutions.com\/pt-br\/wp-json\/wp\/v2\/pages\/109223\/revisions"}],"predecessor-version":[{"id":109225,"href":"https:\/\/apgsolutions.com\/pt-br\/wp-json\/wp\/v2\/pages\/109223\/revisions\/109225"}],"up":[{"embeddable":true,"href":"https:\/\/apgsolutions.com\/pt-br\/wp-json\/wp\/v2\/pages\/109613"}],"wp:attachment":[{"href":"https:\/\/apgsolutions.com\/pt-br\/wp-json\/wp\/v2\/media?parent=109223"}],"curies":[{"name":"wp","href":"https:\/\/api.w.org\/{rel}","templated":true}]}}