{"id":109224,"date":"2026-03-20T11:41:58","date_gmt":"2026-03-20T11:41:58","guid":{"rendered":"https:\/\/apgsolutions.com\/apgs-commitment-to-excellence\/supply-chain-environmental-responsibility-policy\/"},"modified":"2026-03-20T11:47:07","modified_gmt":"2026-03-20T11:47:07","slug":"supply-chain-environmental-responsibility-policy","status":"publish","type":"page","link":"https:\/\/apgsolutions.com\/pt-br\/apgs-commitment-to-excellence\/supply-chain-environmental-responsibility-policy\/","title":{"rendered":"Pol\u00edtica de responsabilidade ambiental da cadeia de suprimentos"},"content":{"rendered":"<div class=\"section_page-header \">\n    <img decoding=\"async\" class=\"header-image\" src=\"https:\/\/apgsolutions.com\/wp-content\/uploads\/2023\/05\/Supply-chain.jpg\" alt=\"Supply-chain\" title=\"Supply-chain\">\n            <div class=\"header-content\">\n            <h1>Supply Chain Environmental Responsibility Policy<\/h1>\n        <\/div>\n    <\/div>\n<h2 class=\"wp-block-heading has-text-align-center has-large-font-size\" id=\"h-apg-cash-drawer-strives-to-be-a-steward-of-the-environment\">A APG Cash Drawer se esfor\u00e7a para ser uma administradora do meio ambiente.<\/h2>\n\n<p>Temos a responsabilidade de cuidar e proteger o ambiente em que operamos. Estamos totalmente comprometidos com a melhoria do desempenho ambiental em todas as nossas atividades comerciais e incentivaremos nossos fornecedores, parceiros comerciais e membros da comunidade em geral a se juntarem a n\u00f3s nesse esfor\u00e7o. <\/p>\n\n<h2 class=\"wp-block-heading\"><strong>Principais impactos nas \u00e1reas de:<\/strong><\/h2>\n\n<ul class=\"wp-block-list\">\n<li>Uso de energia, mat\u00e9ria-prima e \u00e1gua<\/li>\n\n\n\n<li>Gera\u00e7\u00e3o de res\u00edduos<\/li>\n\n\n\n<li>Emiss\u00f5es para o ar\/\u00e1gua<\/li>\n\n\n\n<li>Transporte<\/li>\n\n\n\n<li>Aquisi\u00e7\u00e3o<\/li>\n<\/ul>\n\n<h2 class=\"wp-block-heading\"><strong>A APG Cash Drawer se esfor\u00e7a para:<\/strong><\/h2>\n\n<ul class=\"wp-block-list\">\n<li>Avaliar nossas atividades organizacionais e identificar \u00e1reas em que podemos minimizar os impactos.<\/li>\n\n\n\n<li>Minimizar o desperd\u00edcio por meio do uso cuidadoso e eficiente de todos os materiais e energia.<\/li>\n\n\n\n<li>Adquirir produtos sustent\u00e1veis e de origem \u00e9tica sempre que poss\u00edvel. Isso inclui produtos reciclados, FSC ou de baixo impacto ambiental, componentes que contenham minerais livres de conflitos e energia de fontes renov\u00e1veis. <\/li>\n\n\n\n<li>Treine os funcion\u00e1rios em boas pr\u00e1ticas ambientais e incentive o envolvimento deles em a\u00e7\u00f5es ambientais.<\/li>\n\n\n\n<li>Reduzir os riscos ambientais, de sa\u00fade ou de seguran\u00e7a para os funcion\u00e1rios e outras pessoas nas proximidades de nossas opera\u00e7\u00f5es.<\/li>\n\n\n\n<li>Adotar uma estrat\u00e9gia de transporte ambientalmente correta.<\/li>\n\n\n\n<li>Avaliar continuamente o impacto ambiental de nossas opera\u00e7\u00f5es e otimiz\u00e1-las para minimizar o impacto adverso.<\/li>\n\n\n\n<li>Procure incluir considera\u00e7\u00f5es ambientais e \u00e9ticas nas decis\u00f5es de investimento, quando apropriado.<\/li>\n\n\n\n<li>Auxiliar no desenvolvimento de solu\u00e7\u00f5es para problemas ambientais.<\/li>\n\n\n\n<li>Divulgar nossa posi\u00e7\u00e3o ambiental.<\/li>\n\n\n\n<li>Alinhar-se com fornecedores que se esfor\u00e7am para atingir altos padr\u00f5es de gest\u00e3o ambiental.<\/li>\n\n\n\n<li>Garantir o descarte adequado de nossos produtos ao final de sua vida \u00fatil.<\/li>\n<\/ul>\n\n<h2 class=\"wp-block-heading\"><strong>Regulamento (CE) n\u00ba 1907\/2006, artigo 33<\/strong><\/h2>\n\n<p>Alguns dos produtos da APG cont\u00eam dodecametilciclohexasiloxano, chumbo (Pb), tri\u00f3xido de diboro e 1,3,5-Tris(oxiran-2-ylmethyl)-1,3,5-triazinane-2,4,6-trione (TGIC). Entre em contato conosco pelo <a href=\"mailto:compliance@apgsolutions.com\">e-mail compliance@apgsolutions.com<\/a> para obter mais informa\u00e7\u00f5es sobre produtos espec\u00edficos e informa\u00e7\u00f5es sobre manuseio seguro. <\/p>\n","protected":false},"excerpt":{"rendered":"<p>A APG Cash Drawer se esfor\u00e7a para ser uma administradora do meio ambiente. Temos a responsabilidade de cuidar e proteger o ambiente em que operamos. Estamos totalmente comprometidos com a melhoria do desempenho ambiental em todas as nossas atividades comerciais e incentivaremos nossos fornecedores, parceiros comerciais e membros da comunidade em geral a se juntarem [&hellip;]<\/p>\n","protected":false},"author":4,"featured_media":0,"parent":108708,"menu_order":0,"comment_status":"closed","ping_status":"closed","template":"","meta":{"_acf_changed":false,"content-type":"","footnotes":""},"class_list":["post-109224","page","type-page","status-publish"],"yoast_head":"<!-- This site is optimized with the Yoast SEO Premium plugin v23.5 (Yoast SEO v27.2) - https:\/\/yoast.com\/product\/yoast-seo-premium-wordpress\/ -->\n<title>Pol\u00edtica de responsabilidade ambiental da cadeia de suprimentos - APG Cash Drawer<\/title>\n<meta name=\"description\" content=\"A APG Cash Drawer se esfor\u00e7a para ser uma administradora do meio ambiente. Temos a responsabilidade de cuidar e proteger o ambiente em que operamos. Estamos totalmente comprometidos com a melhoria do desempenho ambiental.\" \/>\n<meta name=\"robots\" content=\"index, follow, max-snippet:-1, max-image-preview:large, max-video-preview:-1\" \/>\n<link rel=\"canonical\" href=\"https:\/\/apgsolutions.com\/pt-br\/apgs-commitment-to-excellence\/supply-chain-environmental-responsibility-policy\/\" \/>\n<meta property=\"og:locale\" content=\"pt_BR\" \/>\n<meta property=\"og:type\" content=\"article\" \/>\n<meta property=\"og:title\" content=\"Pol\u00edtica de responsabilidade ambiental da cadeia de suprimentos - APG Cash Drawer\" \/>\n<meta property=\"og:description\" content=\"A APG Cash Drawer se esfor\u00e7a para ser uma administradora do meio ambiente. Temos a responsabilidade de cuidar e proteger o ambiente em que operamos. Estamos totalmente comprometidos com a melhoria do desempenho ambiental.\" \/>\n<meta property=\"og:url\" content=\"https:\/\/apgsolutions.com\/pt-br\/apgs-commitment-to-excellence\/supply-chain-environmental-responsibility-policy\/\" \/>\n<meta property=\"og:site_name\" content=\"apg\u00ae Solutions\" \/>\n<meta property=\"article:publisher\" content=\"https:\/\/www.facebook.com\/apgglobalsolutions\" \/>\n<meta property=\"article:modified_time\" content=\"2026-03-20T11:47:07+00:00\" \/>\n<meta name=\"twitter:card\" content=\"summary_large_image\" \/>\n<meta name=\"twitter:site\" content=\"@apg_solutions\" \/>\n<meta name=\"twitter:label1\" content=\"Est. tempo de leitura\" \/>\n\t<meta name=\"twitter:data1\" content=\"2 minutos\" \/>\n<script type=\"application\/ld+json\" class=\"yoast-schema-graph\">{\"@context\":\"https:\/\/schema.org\",\"@graph\":[{\"@type\":\"WebPage\",\"@id\":\"https:\/\/apgsolutions.com\/pt-br\/apgs-commitment-to-excellence\/supply-chain-environmental-responsibility-policy\/\",\"url\":\"https:\/\/apgsolutions.com\/pt-br\/apgs-commitment-to-excellence\/supply-chain-environmental-responsibility-policy\/\",\"name\":\"Pol\u00edtica de responsabilidade ambiental da cadeia de suprimentos - APG Cash Drawer\",\"isPartOf\":{\"@id\":\"https:\/\/apgsolutions.com\/pt-br\/#website\"},\"datePublished\":\"2026-03-20T11:41:58+00:00\",\"dateModified\":\"2026-03-20T11:47:07+00:00\",\"description\":\"A APG Cash Drawer se esfor\u00e7a para ser uma administradora do meio ambiente. Temos a responsabilidade de cuidar e proteger o ambiente em que operamos. Estamos totalmente comprometidos com a melhoria do desempenho ambiental.\",\"breadcrumb\":{\"@id\":\"https:\/\/apgsolutions.com\/pt-br\/apgs-commitment-to-excellence\/supply-chain-environmental-responsibility-policy\/#breadcrumb\"},\"inLanguage\":\"pt-BR\",\"potentialAction\":[{\"@type\":\"ReadAction\",\"target\":[\"https:\/\/apgsolutions.com\/pt-br\/apgs-commitment-to-excellence\/supply-chain-environmental-responsibility-policy\/\"]}]},{\"@type\":\"BreadcrumbList\",\"@id\":\"https:\/\/apgsolutions.com\/pt-br\/apgs-commitment-to-excellence\/supply-chain-environmental-responsibility-policy\/#breadcrumb\",\"itemListElement\":[{\"@type\":\"ListItem\",\"position\":1,\"name\":\"Compromisso com a excel\u00eancia\",\"item\":\"https:\/\/apgsolutions.com\/pt-br\/apgs-commitment-to-excellence\/\"},{\"@type\":\"ListItem\",\"position\":2,\"name\":\"Pol\u00edtica de responsabilidade ambiental da cadeia de suprimentos\"}]},{\"@type\":\"WebSite\",\"@id\":\"https:\/\/apgsolutions.com\/pt-br\/#website\",\"url\":\"https:\/\/apgsolutions.com\/pt-br\/\",\"name\":\"APG Solutions, LLC\",\"description\":\"Trust at every point.\",\"publisher\":{\"@id\":\"https:\/\/apgsolutions.com\/pt-br\/#organization\"},\"potentialAction\":[{\"@type\":\"SearchAction\",\"target\":{\"@type\":\"EntryPoint\",\"urlTemplate\":\"https:\/\/apgsolutions.com\/pt-br\/?s={search_term_string}\"},\"query-input\":{\"@type\":\"PropertyValueSpecification\",\"valueRequired\":true,\"valueName\":\"search_term_string\"}}],\"inLanguage\":\"pt-BR\"},{\"@type\":\"Organization\",\"@id\":\"https:\/\/apgsolutions.com\/pt-br\/#organization\",\"name\":\"APG Solution, LLC\",\"url\":\"https:\/\/apgsolutions.com\/pt-br\/\",\"logo\":{\"@type\":\"ImageObject\",\"inLanguage\":\"pt-BR\",\"@id\":\"https:\/\/apgsolutions.com\/pt-br\/#\/schema\/logo\/image\/\",\"url\":\"https:\/\/apgsolutions.com\/wp-content\/uploads\/2023\/12\/logomark-color.svg\",\"contentUrl\":\"https:\/\/apgsolutions.com\/wp-content\/uploads\/2023\/12\/logomark-color.svg\",\"width\":141,\"height\":138,\"caption\":\"APG Solution, LLC\"},\"image\":{\"@id\":\"https:\/\/apgsolutions.com\/pt-br\/#\/schema\/logo\/image\/\"},\"sameAs\":[\"https:\/\/www.facebook.com\/apgglobalsolutions\",\"https:\/\/x.com\/apg_solutions\",\"https:\/\/www.youtube.com\/c\/CashManagementGlobalSolutionsbyapg\",\"https:\/\/www.linkedin.com\/company\/apgglobalsolutions\/\",\"https:\/\/www.instagram.com\/apgglobalsolutions\/\",\"https:\/\/www.pinterest.com\/apgcashdrawer\/\"]}]}<\/script>\n<!-- \/ Yoast SEO Premium plugin. -->","yoast_head_json":{"title":"Pol\u00edtica de responsabilidade ambiental da cadeia de suprimentos - APG Cash Drawer","description":"A APG Cash Drawer se esfor\u00e7a para ser uma administradora do meio ambiente. Temos a responsabilidade de cuidar e proteger o ambiente em que operamos. Estamos totalmente comprometidos com a melhoria do desempenho ambiental.","robots":{"index":"index","follow":"follow","max-snippet":"max-snippet:-1","max-image-preview":"max-image-preview:large","max-video-preview":"max-video-preview:-1"},"canonical":"https:\/\/apgsolutions.com\/pt-br\/apgs-commitment-to-excellence\/supply-chain-environmental-responsibility-policy\/","og_locale":"pt_BR","og_type":"article","og_title":"Pol\u00edtica de responsabilidade ambiental da cadeia de suprimentos - APG Cash Drawer","og_description":"A APG Cash Drawer se esfor\u00e7a para ser uma administradora do meio ambiente. Temos a responsabilidade de cuidar e proteger o ambiente em que operamos. Estamos totalmente comprometidos com a melhoria do desempenho ambiental.","og_url":"https:\/\/apgsolutions.com\/pt-br\/apgs-commitment-to-excellence\/supply-chain-environmental-responsibility-policy\/","og_site_name":"apg\u00ae Solutions","article_publisher":"https:\/\/www.facebook.com\/apgglobalsolutions","article_modified_time":"2026-03-20T11:47:07+00:00","twitter_card":"summary_large_image","twitter_site":"@apg_solutions","twitter_misc":{"Est. tempo de leitura":"2 minutos"},"schema":{"@context":"https:\/\/schema.org","@graph":[{"@type":"WebPage","@id":"https:\/\/apgsolutions.com\/pt-br\/apgs-commitment-to-excellence\/supply-chain-environmental-responsibility-policy\/","url":"https:\/\/apgsolutions.com\/pt-br\/apgs-commitment-to-excellence\/supply-chain-environmental-responsibility-policy\/","name":"Pol\u00edtica de responsabilidade ambiental da cadeia de suprimentos - APG Cash Drawer","isPartOf":{"@id":"https:\/\/apgsolutions.com\/pt-br\/#website"},"datePublished":"2026-03-20T11:41:58+00:00","dateModified":"2026-03-20T11:47:07+00:00","description":"A APG Cash Drawer se esfor\u00e7a para ser uma administradora do meio ambiente. Temos a responsabilidade de cuidar e proteger o ambiente em que operamos. Estamos totalmente comprometidos com a melhoria do desempenho ambiental.","breadcrumb":{"@id":"https:\/\/apgsolutions.com\/pt-br\/apgs-commitment-to-excellence\/supply-chain-environmental-responsibility-policy\/#breadcrumb"},"inLanguage":"pt-BR","potentialAction":[{"@type":"ReadAction","target":["https:\/\/apgsolutions.com\/pt-br\/apgs-commitment-to-excellence\/supply-chain-environmental-responsibility-policy\/"]}]},{"@type":"BreadcrumbList","@id":"https:\/\/apgsolutions.com\/pt-br\/apgs-commitment-to-excellence\/supply-chain-environmental-responsibility-policy\/#breadcrumb","itemListElement":[{"@type":"ListItem","position":1,"name":"Compromisso com a excel\u00eancia","item":"https:\/\/apgsolutions.com\/pt-br\/apgs-commitment-to-excellence\/"},{"@type":"ListItem","position":2,"name":"Pol\u00edtica de responsabilidade ambiental da cadeia de suprimentos"}]},{"@type":"WebSite","@id":"https:\/\/apgsolutions.com\/pt-br\/#website","url":"https:\/\/apgsolutions.com\/pt-br\/","name":"APG Solutions, LLC","description":"Trust at every point.","publisher":{"@id":"https:\/\/apgsolutions.com\/pt-br\/#organization"},"potentialAction":[{"@type":"SearchAction","target":{"@type":"EntryPoint","urlTemplate":"https:\/\/apgsolutions.com\/pt-br\/?s={search_term_string}"},"query-input":{"@type":"PropertyValueSpecification","valueRequired":true,"valueName":"search_term_string"}}],"inLanguage":"pt-BR"},{"@type":"Organization","@id":"https:\/\/apgsolutions.com\/pt-br\/#organization","name":"APG Solution, LLC","url":"https:\/\/apgsolutions.com\/pt-br\/","logo":{"@type":"ImageObject","inLanguage":"pt-BR","@id":"https:\/\/apgsolutions.com\/pt-br\/#\/schema\/logo\/image\/","url":"https:\/\/apgsolutions.com\/wp-content\/uploads\/2023\/12\/logomark-color.svg","contentUrl":"https:\/\/apgsolutions.com\/wp-content\/uploads\/2023\/12\/logomark-color.svg","width":141,"height":138,"caption":"APG Solution, LLC"},"image":{"@id":"https:\/\/apgsolutions.com\/pt-br\/#\/schema\/logo\/image\/"},"sameAs":["https:\/\/www.facebook.com\/apgglobalsolutions","https:\/\/x.com\/apg_solutions","https:\/\/www.youtube.com\/c\/CashManagementGlobalSolutionsbyapg","https:\/\/www.linkedin.com\/company\/apgglobalsolutions\/","https:\/\/www.instagram.com\/apgglobalsolutions\/","https:\/\/www.pinterest.com\/apgcashdrawer\/"]}]}},"acf":[],"_links":{"self":[{"href":"https:\/\/apgsolutions.com\/pt-br\/wp-json\/wp\/v2\/pages\/109224","targetHints":{"allow":["GET"]}}],"collection":[{"href":"https:\/\/apgsolutions.com\/pt-br\/wp-json\/wp\/v2\/pages"}],"about":[{"href":"https:\/\/apgsolutions.com\/pt-br\/wp-json\/wp\/v2\/types\/page"}],"author":[{"embeddable":true,"href":"https:\/\/apgsolutions.com\/pt-br\/wp-json\/wp\/v2\/users\/4"}],"replies":[{"embeddable":true,"href":"https:\/\/apgsolutions.com\/pt-br\/wp-json\/wp\/v2\/comments?post=109224"}],"version-history":[{"count":1,"href":"https:\/\/apgsolutions.com\/pt-br\/wp-json\/wp\/v2\/pages\/109224\/revisions"}],"predecessor-version":[{"id":109228,"href":"https:\/\/apgsolutions.com\/pt-br\/wp-json\/wp\/v2\/pages\/109224\/revisions\/109228"}],"up":[{"embeddable":true,"href":"https:\/\/apgsolutions.com\/pt-br\/wp-json\/wp\/v2\/pages\/108708"}],"wp:attachment":[{"href":"https:\/\/apgsolutions.com\/pt-br\/wp-json\/wp\/v2\/media?parent=109224"}],"curies":[{"name":"wp","href":"https:\/\/api.w.org\/{rel}","templated":true}]}}