{"id":109227,"date":"2026-03-20T11:41:59","date_gmt":"2026-03-20T11:41:59","guid":{"rendered":"https:\/\/apgsolutions.com\/open-newhaven-uk-positions\/"},"modified":"2026-03-20T11:52:54","modified_gmt":"2026-03-20T11:52:54","slug":"open-newhaven-uk-positions","status":"publish","type":"page","link":"https:\/\/apgsolutions.com\/pt-br\/job-positions\/open-newhaven-uk-positions\/","title":{"rendered":"Vagas abertas em Newhaven (Reino Unido)"},"content":{"rendered":"\n<h1 class=\"wp-block-heading\" id=\"h-open-newhaven-uk-positions\">Vagas abertas em Newhaven (Reino Unido)<\/h1>\n\n<h2 class=\"wp-block-heading\" id=\"h-product-designer\">Designer de produtos<\/h2>\n\n<p>APG Solutions EMEA<br\/>Unit 4, The Drove, Newhaven BN9 0LA<br\/>\u00a326.000 &#8211; \u00a330.000 por ano &#8211; Tempo integral<br\/> <\/p>\n\n<h3 class=\"wp-block-heading\" id=\"h-job-title\">Cargo:<\/h3>\n\n<p>Designer de produtos<\/p>\n\n<h3 class=\"wp-block-heading\">Localiza\u00e7\u00e3o:<\/h3>\n\n<p>Newhaven, Reino Unido<\/p>\n\n<h3 class=\"wp-block-heading\">Departamento:<\/h3>\n\n<p>Engenharia Faixa salarial: Escrit\u00f3rio\/T\u00e9cnico\/L\u00edderes<\/p>\n\n<h3 class=\"wp-block-heading\">Reporta-se a:<\/h3>\n\n<p>Gerente de projeto de engenharia<\/p>\n\n<h3 class=\"wp-block-heading\">Tipo de posi\u00e7\u00e3o:<\/h3>\n\n<p>Tempo integral<\/p>\n\n<h3 class=\"wp-block-heading\">OBJETIVO:<\/h3>\n\n<p>O designer de produtos \u00e9 respons\u00e1vel por fornecer suporte especializado de engenharia por meio de projetos CAD no SolidWorks e realizar verifica\u00e7\u00f5es de qualidade de componentes novos e existentes. Essa fun\u00e7\u00e3o envolve o desenvolvimento de projetos precisos e funcionais, garantindo a conformidade com os requisitos t\u00e9cnicos e gerando relat\u00f3rios detalhados para manter a integridade do projeto e os padr\u00f5es de desempenho. Ao contribuir para o desenvolvimento de produtos e a melhoria cont\u00ednua, esse cargo desempenha uma fun\u00e7\u00e3o vital no aprimoramento dos processos gerais de engenharia e fabrica\u00e7\u00e3o.  <\/p>\n\n<h3 class=\"wp-block-heading\">RESPONSABILIDADES:<\/h3>\n\n<p>Design e desenvolvimento de produtos<\/p>\n\n<ul class=\"wp-block-list\">\n<li>Projetar e modificar produtos como parte de projetos de engenharia, garantindo o alinhamento com os requisitos t\u00e9cnicos e funcionais.<\/li>\n\n\n\n<li>Desenvolver e atualizar modelos 3D e desenhos t\u00e9cnicos no SolidWorks como parte do processo de gerenciamento de mudan\u00e7as.<\/li>\n\n\n\n<li>Revisar e manter a documenta\u00e7\u00e3o t\u00e9cnica de acordo com as solicita\u00e7\u00f5es de altera\u00e7\u00e3o aprovadas para garantir a precis\u00e3o e a conformidade.<\/li>\n\n\n\n<li>Colabore com a P&amp;D para avaliar a necessidade de Verifica\u00e7\u00e3o e Valida\u00e7\u00e3o (V&amp;V) adicionais para altera\u00e7\u00f5es de projeto aplic\u00e1veis.<\/li>\n<\/ul>\n\n<p>Gerenciamento de mudan\u00e7as e garantia de qualidade<\/p>\n\n<ul class=\"wp-block-list\">\n<li>Conduzir verifica\u00e7\u00f5es de qualidade em pe\u00e7as fornecidas por fornecedores, mediante solicita\u00e7\u00e3o, garantindo a conformidade com as especifica\u00e7\u00f5es e os padr\u00f5es.<\/li>\n\n\n\n<li>Estabele\u00e7a e gerencie uma lista de prioridades clara de modifica\u00e7\u00f5es de projeto que se alinhe aos cronogramas de produ\u00e7\u00e3o e aos processos de introdu\u00e7\u00e3o de novas pe\u00e7as.<\/li>\n\n\n\n<li>Garantir a implementa\u00e7\u00e3o e a valida\u00e7\u00e3o cont\u00ednuas das solicita\u00e7\u00f5es de mudan\u00e7a aprovadas, mantendo a integridade do produto.<\/li>\n\n\n\n<li>Coordenar com a Engenharia de Produ\u00e7\u00e3o para revisar, avaliar e implementar as a\u00e7\u00f5es necess\u00e1rias decorrentes das Solicita\u00e7\u00f5es de Mudan\u00e7a para otimizar a efici\u00eancia da fabrica\u00e7\u00e3o.<\/li>\n<\/ul>\n\n<h3 class=\"wp-block-heading\" id=\"h-knowledge-skills-and-abilities\">CONHECIMENTOS, HABILIDADES E CAPACIDADES:<\/h3>\n\n<ul class=\"wp-block-list\">\n<li>HNC\/HND em Engenharia Mec\u00e2nica ou equivalente.<\/li>\n\n\n\n<li>Experi\u00eancia em uma fun\u00e7\u00e3o anterior que envolva a atualiza\u00e7\u00e3o de desenhos via Solidworks.<\/li>\n\n\n\n<li>Experi\u00eancia em modelagem SolidWorks.<\/li>\n\n\n\n<li>Experi\u00eancia em sistemas de gerenciamento de mudan\u00e7as.<\/li>\n\n\n\n<li>Grande experi\u00eancia com ferramentas de medi\u00e7\u00e3o manual.<\/li>\n\n\n\n<li>Excelente comunicador com boas habilidades interpessoais e anal\u00edticas.<\/li>\n\n\n\n<li>Fortes habilidades de colabora\u00e7\u00e3o com a capacidade de trabalhar como parte de uma equipe ou de forma independente com o m\u00ednimo de suporte.<\/li>\n\n\n\n<li>Capacidade de gerenciar prioridades vari\u00e1veis, adaptando-se a v\u00e1rios projetos ao mesmo tempo.<\/li>\n<\/ul>\n\n<h3 class=\"wp-block-heading\">REQUISITOS:<\/h3>\n\n<ul class=\"wp-block-list\">\n<li>HNC\/HND ou superior em Engenharia Mec\u00e2nica ou em uma \u00e1rea relacionada.<\/li>\n\n\n\n<li>\u00c9 desej\u00e1vel que voc\u00ea tenha certifica\u00e7\u00f5es relevantes em software CAD (por exemplo, SolidWorks).<\/li>\n\n\n\n<li>De 2 a 5 anos de experi\u00eancia em uma fun\u00e7\u00e3o de designer de produto ou engenheiro de projeto mec\u00e2nico, ou em um cargo semelhante.<\/li>\n<\/ul>\n<p><script charset=\"utf-8\" type=\"text\/javascript\" src=\"\/\/js.hsforms.net\/forms\/embed\/v2.js\"><\/script><br \/>\n<script>\n  hbspt.forms.create({\n    portalId: \"3337275\",\n    formId: \"dce214bb-a4d0-4cc2-a8ad-0023beda9f2c\",\n    region: \"na1\"\n  });\n<\/script><\/p>\n","protected":false},"excerpt":{"rendered":"<p>Vagas abertas em Newhaven (Reino Unido) Designer de produtos APG Solutions EMEAUnit 4, The Drove, Newhaven BN9 0LA\u00a326.000 &#8211; \u00a330.000 por ano &#8211; Tempo integral Cargo: Designer de produtos Localiza\u00e7\u00e3o: Newhaven, Reino Unido Departamento: Engenharia Faixa salarial: Escrit\u00f3rio\/T\u00e9cnico\/L\u00edderes Reporta-se a: Gerente de projeto de engenharia Tipo de posi\u00e7\u00e3o: Tempo integral OBJETIVO: O designer de produtos [&hellip;]<\/p>\n","protected":false},"author":4,"featured_media":0,"parent":109613,"menu_order":0,"comment_status":"closed","ping_status":"closed","template":"","meta":{"_acf_changed":false,"content-type":"","footnotes":""},"class_list":["post-109227","page","type-page","status-publish"],"yoast_head":"<!-- This site is optimized with the Yoast SEO Premium plugin v23.5 (Yoast SEO v27.2) - https:\/\/yoast.com\/product\/yoast-seo-premium-wordpress\/ -->\n<title>Vagas abertas em Newhaven (Reino Unido)<\/title>\n<meta name=\"description\" content=\"Verifique as vagas atuais em Newhaven, Reino Unido, com a APG. Oportunidades em design de produtos e tecnologia de gerenciamento de caixa.\" \/>\n<meta name=\"robots\" content=\"index, follow, max-snippet:-1, max-image-preview:large, max-video-preview:-1\" \/>\n<link rel=\"canonical\" href=\"https:\/\/apgsolutions.com\/pt-br\/job-positions\/open-newhaven-uk-positions\/\" \/>\n<meta property=\"og:locale\" content=\"pt_BR\" \/>\n<meta property=\"og:type\" content=\"article\" \/>\n<meta property=\"og:title\" content=\"Vagas abertas em Newhaven (Reino Unido)\" \/>\n<meta property=\"og:description\" content=\"Verifique as vagas atuais em Newhaven, Reino Unido, com a APG. Oportunidades em design de produtos e tecnologia de gerenciamento de caixa.\" \/>\n<meta property=\"og:url\" content=\"https:\/\/apgsolutions.com\/pt-br\/job-positions\/open-newhaven-uk-positions\/\" \/>\n<meta property=\"og:site_name\" content=\"apg\u00ae Solutions\" \/>\n<meta property=\"article:publisher\" content=\"https:\/\/www.facebook.com\/apgglobalsolutions\" \/>\n<meta property=\"article:modified_time\" content=\"2026-03-20T11:52:54+00:00\" \/>\n<meta name=\"twitter:card\" content=\"summary_large_image\" \/>\n<meta name=\"twitter:site\" content=\"@apg_solutions\" \/>\n<meta name=\"twitter:label1\" content=\"Est. tempo de leitura\" \/>\n\t<meta name=\"twitter:data1\" content=\"3 minutos\" \/>\n<script type=\"application\/ld+json\" class=\"yoast-schema-graph\">{\"@context\":\"https:\/\/schema.org\",\"@graph\":[{\"@type\":\"WebPage\",\"@id\":\"https:\/\/apgsolutions.com\/pt-br\/job-positions\/open-newhaven-uk-positions\/\",\"url\":\"https:\/\/apgsolutions.com\/pt-br\/job-positions\/open-newhaven-uk-positions\/\",\"name\":\"Vagas abertas em Newhaven (Reino Unido)\",\"isPartOf\":{\"@id\":\"https:\/\/apgsolutions.com\/pt-br\/#website\"},\"datePublished\":\"2026-03-20T11:41:59+00:00\",\"dateModified\":\"2026-03-20T11:52:54+00:00\",\"description\":\"Verifique as vagas atuais em Newhaven, Reino Unido, com a APG. Oportunidades em design de produtos e tecnologia de gerenciamento de caixa.\",\"breadcrumb\":{\"@id\":\"https:\/\/apgsolutions.com\/pt-br\/job-positions\/open-newhaven-uk-positions\/#breadcrumb\"},\"inLanguage\":\"pt-BR\",\"potentialAction\":[{\"@type\":\"ReadAction\",\"target\":[\"https:\/\/apgsolutions.com\/pt-br\/job-positions\/open-newhaven-uk-positions\/\"]}]},{\"@type\":\"BreadcrumbList\",\"@id\":\"https:\/\/apgsolutions.com\/pt-br\/job-positions\/open-newhaven-uk-positions\/#breadcrumb\",\"itemListElement\":[{\"@type\":\"ListItem\",\"position\":1,\"name\":\"Cargos\",\"item\":\"https:\/\/apgsolutions.com\/pt-br\/job-positions\/\"},{\"@type\":\"ListItem\",\"position\":2,\"name\":\"Vagas abertas em Newhaven (Reino Unido)\"}]},{\"@type\":\"WebSite\",\"@id\":\"https:\/\/apgsolutions.com\/pt-br\/#website\",\"url\":\"https:\/\/apgsolutions.com\/pt-br\/\",\"name\":\"APG Solutions, LLC\",\"description\":\"Trust at every point.\",\"publisher\":{\"@id\":\"https:\/\/apgsolutions.com\/pt-br\/#organization\"},\"potentialAction\":[{\"@type\":\"SearchAction\",\"target\":{\"@type\":\"EntryPoint\",\"urlTemplate\":\"https:\/\/apgsolutions.com\/pt-br\/?s={search_term_string}\"},\"query-input\":{\"@type\":\"PropertyValueSpecification\",\"valueRequired\":true,\"valueName\":\"search_term_string\"}}],\"inLanguage\":\"pt-BR\"},{\"@type\":\"Organization\",\"@id\":\"https:\/\/apgsolutions.com\/pt-br\/#organization\",\"name\":\"APG Solution, LLC\",\"url\":\"https:\/\/apgsolutions.com\/pt-br\/\",\"logo\":{\"@type\":\"ImageObject\",\"inLanguage\":\"pt-BR\",\"@id\":\"https:\/\/apgsolutions.com\/pt-br\/#\/schema\/logo\/image\/\",\"url\":\"https:\/\/apgsolutions.com\/wp-content\/uploads\/2023\/12\/logomark-color.svg\",\"contentUrl\":\"https:\/\/apgsolutions.com\/wp-content\/uploads\/2023\/12\/logomark-color.svg\",\"width\":141,\"height\":138,\"caption\":\"APG Solution, LLC\"},\"image\":{\"@id\":\"https:\/\/apgsolutions.com\/pt-br\/#\/schema\/logo\/image\/\"},\"sameAs\":[\"https:\/\/www.facebook.com\/apgglobalsolutions\",\"https:\/\/x.com\/apg_solutions\",\"https:\/\/www.youtube.com\/c\/CashManagementGlobalSolutionsbyapg\",\"https:\/\/www.linkedin.com\/company\/apgglobalsolutions\/\",\"https:\/\/www.instagram.com\/apgglobalsolutions\/\",\"https:\/\/www.pinterest.com\/apgcashdrawer\/\"]}]}<\/script>\n<!-- \/ Yoast SEO Premium plugin. -->","yoast_head_json":{"title":"Vagas abertas em Newhaven (Reino Unido)","description":"Verifique as vagas atuais em Newhaven, Reino Unido, com a APG. Oportunidades em design de produtos e tecnologia de gerenciamento de caixa.","robots":{"index":"index","follow":"follow","max-snippet":"max-snippet:-1","max-image-preview":"max-image-preview:large","max-video-preview":"max-video-preview:-1"},"canonical":"https:\/\/apgsolutions.com\/pt-br\/job-positions\/open-newhaven-uk-positions\/","og_locale":"pt_BR","og_type":"article","og_title":"Vagas abertas em Newhaven (Reino Unido)","og_description":"Verifique as vagas atuais em Newhaven, Reino Unido, com a APG. Oportunidades em design de produtos e tecnologia de gerenciamento de caixa.","og_url":"https:\/\/apgsolutions.com\/pt-br\/job-positions\/open-newhaven-uk-positions\/","og_site_name":"apg\u00ae Solutions","article_publisher":"https:\/\/www.facebook.com\/apgglobalsolutions","article_modified_time":"2026-03-20T11:52:54+00:00","twitter_card":"summary_large_image","twitter_site":"@apg_solutions","twitter_misc":{"Est. tempo de leitura":"3 minutos"},"schema":{"@context":"https:\/\/schema.org","@graph":[{"@type":"WebPage","@id":"https:\/\/apgsolutions.com\/pt-br\/job-positions\/open-newhaven-uk-positions\/","url":"https:\/\/apgsolutions.com\/pt-br\/job-positions\/open-newhaven-uk-positions\/","name":"Vagas abertas em Newhaven (Reino Unido)","isPartOf":{"@id":"https:\/\/apgsolutions.com\/pt-br\/#website"},"datePublished":"2026-03-20T11:41:59+00:00","dateModified":"2026-03-20T11:52:54+00:00","description":"Verifique as vagas atuais em Newhaven, Reino Unido, com a APG. Oportunidades em design de produtos e tecnologia de gerenciamento de caixa.","breadcrumb":{"@id":"https:\/\/apgsolutions.com\/pt-br\/job-positions\/open-newhaven-uk-positions\/#breadcrumb"},"inLanguage":"pt-BR","potentialAction":[{"@type":"ReadAction","target":["https:\/\/apgsolutions.com\/pt-br\/job-positions\/open-newhaven-uk-positions\/"]}]},{"@type":"BreadcrumbList","@id":"https:\/\/apgsolutions.com\/pt-br\/job-positions\/open-newhaven-uk-positions\/#breadcrumb","itemListElement":[{"@type":"ListItem","position":1,"name":"Cargos","item":"https:\/\/apgsolutions.com\/pt-br\/job-positions\/"},{"@type":"ListItem","position":2,"name":"Vagas abertas em Newhaven (Reino Unido)"}]},{"@type":"WebSite","@id":"https:\/\/apgsolutions.com\/pt-br\/#website","url":"https:\/\/apgsolutions.com\/pt-br\/","name":"APG Solutions, LLC","description":"Trust at every point.","publisher":{"@id":"https:\/\/apgsolutions.com\/pt-br\/#organization"},"potentialAction":[{"@type":"SearchAction","target":{"@type":"EntryPoint","urlTemplate":"https:\/\/apgsolutions.com\/pt-br\/?s={search_term_string}"},"query-input":{"@type":"PropertyValueSpecification","valueRequired":true,"valueName":"search_term_string"}}],"inLanguage":"pt-BR"},{"@type":"Organization","@id":"https:\/\/apgsolutions.com\/pt-br\/#organization","name":"APG Solution, LLC","url":"https:\/\/apgsolutions.com\/pt-br\/","logo":{"@type":"ImageObject","inLanguage":"pt-BR","@id":"https:\/\/apgsolutions.com\/pt-br\/#\/schema\/logo\/image\/","url":"https:\/\/apgsolutions.com\/wp-content\/uploads\/2023\/12\/logomark-color.svg","contentUrl":"https:\/\/apgsolutions.com\/wp-content\/uploads\/2023\/12\/logomark-color.svg","width":141,"height":138,"caption":"APG Solution, LLC"},"image":{"@id":"https:\/\/apgsolutions.com\/pt-br\/#\/schema\/logo\/image\/"},"sameAs":["https:\/\/www.facebook.com\/apgglobalsolutions","https:\/\/x.com\/apg_solutions","https:\/\/www.youtube.com\/c\/CashManagementGlobalSolutionsbyapg","https:\/\/www.linkedin.com\/company\/apgglobalsolutions\/","https:\/\/www.instagram.com\/apgglobalsolutions\/","https:\/\/www.pinterest.com\/apgcashdrawer\/"]}]}},"acf":[],"_links":{"self":[{"href":"https:\/\/apgsolutions.com\/pt-br\/wp-json\/wp\/v2\/pages\/109227","targetHints":{"allow":["GET"]}}],"collection":[{"href":"https:\/\/apgsolutions.com\/pt-br\/wp-json\/wp\/v2\/pages"}],"about":[{"href":"https:\/\/apgsolutions.com\/pt-br\/wp-json\/wp\/v2\/types\/page"}],"author":[{"embeddable":true,"href":"https:\/\/apgsolutions.com\/pt-br\/wp-json\/wp\/v2\/users\/4"}],"replies":[{"embeddable":true,"href":"https:\/\/apgsolutions.com\/pt-br\/wp-json\/wp\/v2\/comments?post=109227"}],"version-history":[{"count":1,"href":"https:\/\/apgsolutions.com\/pt-br\/wp-json\/wp\/v2\/pages\/109227\/revisions"}],"predecessor-version":[{"id":109229,"href":"https:\/\/apgsolutions.com\/pt-br\/wp-json\/wp\/v2\/pages\/109227\/revisions\/109229"}],"up":[{"embeddable":true,"href":"https:\/\/apgsolutions.com\/pt-br\/wp-json\/wp\/v2\/pages\/109613"}],"wp:attachment":[{"href":"https:\/\/apgsolutions.com\/pt-br\/wp-json\/wp\/v2\/media?parent=109227"}],"curies":[{"name":"wp","href":"https:\/\/api.w.org\/{rel}","templated":true}]}}