{"id":109244,"date":"2026-03-20T11:41:59","date_gmt":"2026-03-20T11:41:59","guid":{"rendered":"https:\/\/apgsolutions.com\/open-saint-germain-en-laye-positions\/"},"modified":"2026-03-23T14:05:37","modified_gmt":"2026-03-23T14:05:37","slug":"open-saint-germain-en-laye-positions","status":"publish","type":"page","link":"https:\/\/apgsolutions.com\/pt-br\/job-positions\/open-saint-germain-en-laye-positions\/","title":{"rendered":"Posi\u00e7\u00f5es abertas em Saint Germain en Laye"},"content":{"rendered":"\n<h1 class=\"wp-block-heading\" id=\"h-open-saint-germain-en-laye-positions\">Posi\u00e7\u00f5es abertas em Saint Germain en Laye<\/h1>\n\n<h2 class=\"wp-block-heading\" id=\"h-branch-office-administrator-h-f\">Administrador de filial H\/F<\/h2>\n\n<p>A apg \u00e9 uma empresa de fabrica\u00e7\u00e3o de caixas de tiro e de solu\u00e7\u00f5es de gerenciamento de caixa, l\u00edder em seu mercado. Estamos procurando um\/uma administrador\/a de filial a tempo parcial para nosso escrit\u00f3rio franc\u00eas respons\u00e1vel pelos mercados da Fran\u00e7a, Benelux e It\u00e1lia. <\/p>\n\n<h3 class=\"wp-block-heading\" id=\"h-salaire\">Sal\u00e1rio :  <\/h3>\n\n<p>N\u00e3o comunicado<\/p>\n\n<h3 class=\"wp-block-heading\" id=\"h-type-de-contrat\">Tipo de contrato :<\/h3>\n\n<p>Tempo parcial a ser definido<\/p>\n\n<h3 class=\"wp-block-heading\" id=\"h-adresse\">Endere\u00e7o :  <\/h3>\n\n<p>Saint-Germain en Laye, Ile de France<\/p>\n\n<h3 class=\"wp-block-heading\" id=\"h-vos-missions-sont\">Suas miss\u00f5es s\u00e3o :<\/h3>\n\n<ul class=\"wp-block-list\">\n<li>Voc\u00ea pode usar o logiciel previsto para esse fim, mas respeitando os procedimentos internos.\n<ul class=\"wp-block-list\">\n<li>Enviar mensagens aos clientes (tel. e e-mail) de acordo com suas demandas, assegurando o relacionamento entre os clientes e os comerciais.<\/li>\n\n\n\n<li>Estabelecer as prepara\u00e7\u00f5es de encomenda a serem efetuadas e fornecer os b\u00f4nus de livraison. Gerenciar os estoques na Fran\u00e7a e trabalhar em intera\u00e7\u00e3o com outros escrit\u00f3rios. <\/li>\n<\/ul>\n<\/li>\n\n\n\n<li>Gerenciamento de reparos e RMA em conjunto com o servi\u00e7o t\u00e9cnico\n<ul class=\"wp-block-list\">\n<li>Organizar a entrega para o cliente: Contato com os transportadores e coleta de dados, planejamento de entregas a serem seguidas.<\/li>\n\n\n\n<li>Voc\u00ea pode fazer os pagamentos em apoio ao servi\u00e7o de faturamento em ingl\u00eas.<\/li>\n<\/ul>\n<\/li>\n\n\n\n<li>Gerenciar os congressos, as entregas, o correio e uma parte do suporte de RH e dos servi\u00e7os gerais do escrit\u00f3rio franc\u00eas, 6 pessoas<\/li>\n<\/ul>\n\n<h3 class=\"wp-block-heading\" id=\"h-profil-recherche\">Perfil pesquisado :<\/h3>\n\n<p>Voc\u00ea tem pelo menos a primeira experi\u00eancia em um cargo semelhante e possui forma\u00e7\u00e3o administrativa e\/ou comercial. Voc\u00ea associa rigor e organiza\u00e7\u00e3o em seu trabalho, al\u00e9m de uma boa habilidade de relacionamento e um grande senso de servi\u00e7o aos clientes. Voc\u00ea est\u00e1 familiarizado com a ferramenta de inform\u00e1tica e com o sistema de comando do ERP. O dom\u00ednio do ingl\u00eas \u00e9 indispens\u00e1vel e uma segunda l\u00edngua \u00e9 bem-vinda. Voc\u00ea trabalhar\u00e1 em bin\u00f4mio com uma equipe pequena e com esp\u00edrito de conviv\u00eancia.    <\/p>\n\n<p>Agradecemos o envio de sua carta de motiva\u00e7\u00e3o em ingl\u00eas e seu curr\u00edculo para <a href=\"mailto:ventes@apgsolutions.com\">ventes@apgsolutions.com.<\/a><\/p>\n\n<div class=\"wp-block-buttons is-layout-flex wp-block-buttons-is-layout-flex\"><\/div>\n<p><script charset=\"utf-8\" type=\"text\/javascript\" src=\"\/\/js.hsforms.net\/forms\/embed\/v2.js\"><\/script><br \/>\n<script>\n  hbspt.forms.create({\n    region: \"na1\",\n    portalId: \"3337275\",\n    formId: \"16245354-99a4-4dd2-9e9f-fa84d519082d\"\n  });\n<\/script><\/p>\n","protected":false},"excerpt":{"rendered":"<p>Posi\u00e7\u00f5es abertas em Saint Germain en Laye Administrador de filial H\/F A apg \u00e9 uma empresa de fabrica\u00e7\u00e3o de caixas de tiro e de solu\u00e7\u00f5es de gerenciamento de caixa, l\u00edder em seu mercado. Estamos procurando um\/uma administrador\/a de filial a tempo parcial para nosso escrit\u00f3rio franc\u00eas respons\u00e1vel pelos mercados da Fran\u00e7a, Benelux e It\u00e1lia. Sal\u00e1rio [&hellip;]<\/p>\n","protected":false},"author":4,"featured_media":0,"parent":109613,"menu_order":0,"comment_status":"closed","ping_status":"closed","template":"","meta":{"_acf_changed":false,"content-type":"","footnotes":""},"class_list":["post-109244","page","type-page","status-publish"],"yoast_head":"<!-- This site is optimized with the Yoast SEO Premium plugin v23.5 (Yoast SEO v27.2) - https:\/\/yoast.com\/product\/yoast-seo-premium-wordpress\/ -->\n<title>Posi\u00e7\u00f5es abertas em Saint Germain en Laye<\/title>\n<meta name=\"description\" content=\"Veja as vagas dispon\u00edveis em Saint-Germain-en-Laye, Fran\u00e7a, na APG. Explore as fun\u00e7\u00f5es de suporte \u00e0s opera\u00e7\u00f5es de gerenciamento de caixa.\" \/>\n<meta name=\"robots\" content=\"index, follow, max-snippet:-1, max-image-preview:large, max-video-preview:-1\" \/>\n<link rel=\"canonical\" href=\"https:\/\/apgsolutions.com\/pt-br\/job-positions\/open-saint-germain-en-laye-positions\/\" \/>\n<meta property=\"og:locale\" content=\"pt_BR\" \/>\n<meta property=\"og:type\" content=\"article\" \/>\n<meta property=\"og:title\" content=\"Posi\u00e7\u00f5es abertas em Saint Germain en Laye\" \/>\n<meta property=\"og:description\" content=\"Veja as vagas dispon\u00edveis em Saint-Germain-en-Laye, Fran\u00e7a, na APG. Explore as fun\u00e7\u00f5es de suporte \u00e0s opera\u00e7\u00f5es de gerenciamento de caixa.\" \/>\n<meta property=\"og:url\" content=\"https:\/\/apgsolutions.com\/pt-br\/job-positions\/open-saint-germain-en-laye-positions\/\" \/>\n<meta property=\"og:site_name\" content=\"apg\u00ae Solutions\" \/>\n<meta property=\"article:publisher\" content=\"https:\/\/www.facebook.com\/apgglobalsolutions\" \/>\n<meta property=\"article:modified_time\" content=\"2026-03-23T14:05:37+00:00\" \/>\n<meta name=\"twitter:card\" content=\"summary_large_image\" \/>\n<meta name=\"twitter:site\" content=\"@apg_solutions\" \/>\n<meta name=\"twitter:label1\" content=\"Est. tempo de leitura\" \/>\n\t<meta name=\"twitter:data1\" content=\"2 minutos\" \/>\n<script type=\"application\/ld+json\" class=\"yoast-schema-graph\">{\"@context\":\"https:\/\/schema.org\",\"@graph\":[{\"@type\":\"WebPage\",\"@id\":\"https:\/\/apgsolutions.com\/pt-br\/job-positions\/open-saint-germain-en-laye-positions\/\",\"url\":\"https:\/\/apgsolutions.com\/pt-br\/job-positions\/open-saint-germain-en-laye-positions\/\",\"name\":\"Posi\u00e7\u00f5es abertas em Saint Germain en Laye\",\"isPartOf\":{\"@id\":\"https:\/\/apgsolutions.com\/pt-br\/#website\"},\"datePublished\":\"2026-03-20T11:41:59+00:00\",\"dateModified\":\"2026-03-23T14:05:37+00:00\",\"description\":\"Veja as vagas dispon\u00edveis em Saint-Germain-en-Laye, Fran\u00e7a, na APG. Explore as fun\u00e7\u00f5es de suporte \u00e0s opera\u00e7\u00f5es de gerenciamento de caixa.\",\"breadcrumb\":{\"@id\":\"https:\/\/apgsolutions.com\/pt-br\/job-positions\/open-saint-germain-en-laye-positions\/#breadcrumb\"},\"inLanguage\":\"pt-BR\",\"potentialAction\":[{\"@type\":\"ReadAction\",\"target\":[\"https:\/\/apgsolutions.com\/pt-br\/job-positions\/open-saint-germain-en-laye-positions\/\"]}]},{\"@type\":\"BreadcrumbList\",\"@id\":\"https:\/\/apgsolutions.com\/pt-br\/job-positions\/open-saint-germain-en-laye-positions\/#breadcrumb\",\"itemListElement\":[{\"@type\":\"ListItem\",\"position\":1,\"name\":\"Cargos\",\"item\":\"https:\/\/apgsolutions.com\/pt-br\/job-positions\/\"},{\"@type\":\"ListItem\",\"position\":2,\"name\":\"Posi\u00e7\u00f5es abertas em Saint Germain en Laye\"}]},{\"@type\":\"WebSite\",\"@id\":\"https:\/\/apgsolutions.com\/pt-br\/#website\",\"url\":\"https:\/\/apgsolutions.com\/pt-br\/\",\"name\":\"APG Solutions, LLC\",\"description\":\"Trust at every point.\",\"publisher\":{\"@id\":\"https:\/\/apgsolutions.com\/pt-br\/#organization\"},\"potentialAction\":[{\"@type\":\"SearchAction\",\"target\":{\"@type\":\"EntryPoint\",\"urlTemplate\":\"https:\/\/apgsolutions.com\/pt-br\/?s={search_term_string}\"},\"query-input\":{\"@type\":\"PropertyValueSpecification\",\"valueRequired\":true,\"valueName\":\"search_term_string\"}}],\"inLanguage\":\"pt-BR\"},{\"@type\":\"Organization\",\"@id\":\"https:\/\/apgsolutions.com\/pt-br\/#organization\",\"name\":\"APG Solution, LLC\",\"url\":\"https:\/\/apgsolutions.com\/pt-br\/\",\"logo\":{\"@type\":\"ImageObject\",\"inLanguage\":\"pt-BR\",\"@id\":\"https:\/\/apgsolutions.com\/pt-br\/#\/schema\/logo\/image\/\",\"url\":\"https:\/\/apgsolutions.com\/wp-content\/uploads\/2023\/12\/logomark-color.svg\",\"contentUrl\":\"https:\/\/apgsolutions.com\/wp-content\/uploads\/2023\/12\/logomark-color.svg\",\"width\":141,\"height\":138,\"caption\":\"APG Solution, LLC\"},\"image\":{\"@id\":\"https:\/\/apgsolutions.com\/pt-br\/#\/schema\/logo\/image\/\"},\"sameAs\":[\"https:\/\/www.facebook.com\/apgglobalsolutions\",\"https:\/\/x.com\/apg_solutions\",\"https:\/\/www.youtube.com\/c\/CashManagementGlobalSolutionsbyapg\",\"https:\/\/www.linkedin.com\/company\/apgglobalsolutions\/\",\"https:\/\/www.instagram.com\/apgglobalsolutions\/\",\"https:\/\/www.pinterest.com\/apgcashdrawer\/\"]}]}<\/script>\n<!-- \/ Yoast SEO Premium plugin. -->","yoast_head_json":{"title":"Posi\u00e7\u00f5es abertas em Saint Germain en Laye","description":"Veja as vagas dispon\u00edveis em Saint-Germain-en-Laye, Fran\u00e7a, na APG. Explore as fun\u00e7\u00f5es de suporte \u00e0s opera\u00e7\u00f5es de gerenciamento de caixa.","robots":{"index":"index","follow":"follow","max-snippet":"max-snippet:-1","max-image-preview":"max-image-preview:large","max-video-preview":"max-video-preview:-1"},"canonical":"https:\/\/apgsolutions.com\/pt-br\/job-positions\/open-saint-germain-en-laye-positions\/","og_locale":"pt_BR","og_type":"article","og_title":"Posi\u00e7\u00f5es abertas em Saint Germain en Laye","og_description":"Veja as vagas dispon\u00edveis em Saint-Germain-en-Laye, Fran\u00e7a, na APG. Explore as fun\u00e7\u00f5es de suporte \u00e0s opera\u00e7\u00f5es de gerenciamento de caixa.","og_url":"https:\/\/apgsolutions.com\/pt-br\/job-positions\/open-saint-germain-en-laye-positions\/","og_site_name":"apg\u00ae Solutions","article_publisher":"https:\/\/www.facebook.com\/apgglobalsolutions","article_modified_time":"2026-03-23T14:05:37+00:00","twitter_card":"summary_large_image","twitter_site":"@apg_solutions","twitter_misc":{"Est. tempo de leitura":"2 minutos"},"schema":{"@context":"https:\/\/schema.org","@graph":[{"@type":"WebPage","@id":"https:\/\/apgsolutions.com\/pt-br\/job-positions\/open-saint-germain-en-laye-positions\/","url":"https:\/\/apgsolutions.com\/pt-br\/job-positions\/open-saint-germain-en-laye-positions\/","name":"Posi\u00e7\u00f5es abertas em Saint Germain en Laye","isPartOf":{"@id":"https:\/\/apgsolutions.com\/pt-br\/#website"},"datePublished":"2026-03-20T11:41:59+00:00","dateModified":"2026-03-23T14:05:37+00:00","description":"Veja as vagas dispon\u00edveis em Saint-Germain-en-Laye, Fran\u00e7a, na APG. Explore as fun\u00e7\u00f5es de suporte \u00e0s opera\u00e7\u00f5es de gerenciamento de caixa.","breadcrumb":{"@id":"https:\/\/apgsolutions.com\/pt-br\/job-positions\/open-saint-germain-en-laye-positions\/#breadcrumb"},"inLanguage":"pt-BR","potentialAction":[{"@type":"ReadAction","target":["https:\/\/apgsolutions.com\/pt-br\/job-positions\/open-saint-germain-en-laye-positions\/"]}]},{"@type":"BreadcrumbList","@id":"https:\/\/apgsolutions.com\/pt-br\/job-positions\/open-saint-germain-en-laye-positions\/#breadcrumb","itemListElement":[{"@type":"ListItem","position":1,"name":"Cargos","item":"https:\/\/apgsolutions.com\/pt-br\/job-positions\/"},{"@type":"ListItem","position":2,"name":"Posi\u00e7\u00f5es abertas em Saint Germain en Laye"}]},{"@type":"WebSite","@id":"https:\/\/apgsolutions.com\/pt-br\/#website","url":"https:\/\/apgsolutions.com\/pt-br\/","name":"APG Solutions, LLC","description":"Trust at every point.","publisher":{"@id":"https:\/\/apgsolutions.com\/pt-br\/#organization"},"potentialAction":[{"@type":"SearchAction","target":{"@type":"EntryPoint","urlTemplate":"https:\/\/apgsolutions.com\/pt-br\/?s={search_term_string}"},"query-input":{"@type":"PropertyValueSpecification","valueRequired":true,"valueName":"search_term_string"}}],"inLanguage":"pt-BR"},{"@type":"Organization","@id":"https:\/\/apgsolutions.com\/pt-br\/#organization","name":"APG Solution, LLC","url":"https:\/\/apgsolutions.com\/pt-br\/","logo":{"@type":"ImageObject","inLanguage":"pt-BR","@id":"https:\/\/apgsolutions.com\/pt-br\/#\/schema\/logo\/image\/","url":"https:\/\/apgsolutions.com\/wp-content\/uploads\/2023\/12\/logomark-color.svg","contentUrl":"https:\/\/apgsolutions.com\/wp-content\/uploads\/2023\/12\/logomark-color.svg","width":141,"height":138,"caption":"APG Solution, LLC"},"image":{"@id":"https:\/\/apgsolutions.com\/pt-br\/#\/schema\/logo\/image\/"},"sameAs":["https:\/\/www.facebook.com\/apgglobalsolutions","https:\/\/x.com\/apg_solutions","https:\/\/www.youtube.com\/c\/CashManagementGlobalSolutionsbyapg","https:\/\/www.linkedin.com\/company\/apgglobalsolutions\/","https:\/\/www.instagram.com\/apgglobalsolutions\/","https:\/\/www.pinterest.com\/apgcashdrawer\/"]}]}},"acf":[],"_links":{"self":[{"href":"https:\/\/apgsolutions.com\/pt-br\/wp-json\/wp\/v2\/pages\/109244","targetHints":{"allow":["GET"]}}],"collection":[{"href":"https:\/\/apgsolutions.com\/pt-br\/wp-json\/wp\/v2\/pages"}],"about":[{"href":"https:\/\/apgsolutions.com\/pt-br\/wp-json\/wp\/v2\/types\/page"}],"author":[{"embeddable":true,"href":"https:\/\/apgsolutions.com\/pt-br\/wp-json\/wp\/v2\/users\/4"}],"replies":[{"embeddable":true,"href":"https:\/\/apgsolutions.com\/pt-br\/wp-json\/wp\/v2\/comments?post=109244"}],"version-history":[{"count":5,"href":"https:\/\/apgsolutions.com\/pt-br\/wp-json\/wp\/v2\/pages\/109244\/revisions"}],"predecessor-version":[{"id":110697,"href":"https:\/\/apgsolutions.com\/pt-br\/wp-json\/wp\/v2\/pages\/109244\/revisions\/110697"}],"up":[{"embeddable":true,"href":"https:\/\/apgsolutions.com\/pt-br\/wp-json\/wp\/v2\/pages\/109613"}],"wp:attachment":[{"href":"https:\/\/apgsolutions.com\/pt-br\/wp-json\/wp\/v2\/media?parent=109244"}],"curies":[{"name":"wp","href":"https:\/\/api.w.org\/{rel}","templated":true}]}}