{"id":109255,"date":"2026-03-20T11:42:24","date_gmt":"2026-03-20T11:42:24","guid":{"rendered":"https:\/\/apgsolutions.com\/warranty-repairs\/"},"modified":"2026-03-23T14:42:22","modified_gmt":"2026-03-23T14:42:22","slug":"warranty-repairs","status":"publish","type":"page","link":"https:\/\/apgsolutions.com\/pt-br\/support\/faqs\/warranty-repairs\/","title":{"rendered":"Garantia + reparos"},"content":{"rendered":"<div class=\"section_page-header \">\n    <img decoding=\"async\" class=\"header-image\" src=\"https:\/\/apgsolutions.com\/wp-content\/uploads\/2023\/04\/business-cards.jpg\" alt=\"business-cards\" title=\"business-cards\">\n            <div class=\"header-content\">\n            <h1>Warranty + Repairs<\/h1>\n        <\/div>\n    <\/div>\n<h2 class=\"wp-block-heading has-text-align-center has-x-large-font-size\" id=\"h-cash-drawer-warranty-and-repairs-faqs\">Perguntas frequentes sobre garantia e reparos de gavetas de dinheiro<\/h2>\n\n<p class=\"has-text-align-center\">Role abaixo para ver mais perguntas relacionadas \u00e0s garantias da gaveta de dinheiro, como consertar a gaveta de dinheiro ou obter uma gaveta de dinheiro substituta. Se voc\u00ea precisar de ajuda adicional do suporte t\u00e9cnico, preencha o formul\u00e1rio de contato em nossa <a href=\"https:\/\/apgsolutions.com\/pt-br\/support\/\">p\u00e1gina de suporte<\/a>. <\/p>\n\n<div style=\"height:0.5rem\" aria-hidden=\"true\" class=\"wp-block-spacer\"><\/div>\n\n<div class=\"wp-block-columns is-layout-flex wp-container-core-columns-is-layout-9d6595d7 wp-block-columns-is-layout-flex\">\n<div class=\"wp-block-column tile has-link is-layout-flow wp-block-column-is-layout-flow\" style=\"flex-basis:20%\"><div class=\"wp-block-image\">\n<figure class=\"aligncenter size-full is-resized\"><img decoding=\"async\" width=\"100\" height=\"100\" src=\"https:\/\/apgsolutions.com\/wp-content\/uploads\/2023\/06\/USB-Interface-Icon_white-1.png\" alt=\"&#xCD;cone de interface USB\" class=\"wp-image-65801\" style=\"width:60px;height:60px\" srcset=\"https:\/\/apgsolutions.com\/wp-content\/uploads\/2023\/06\/USB-Interface-Icon_white-1.png 100w, https:\/\/apgsolutions.com\/wp-content\/uploads\/2023\/06\/USB-Interface-Icon_white-1-80x80.png 80w, https:\/\/apgsolutions.com\/wp-content\/uploads\/2023\/06\/USB-Interface-Icon_white-1-95x95.png 95w\" sizes=\"(max-width: 100px) 100vw, 100px\" \/><\/figure>\n<\/div>\n\n\n<h3 class=\"wp-block-heading has-text-align-center\" id=\"h-cables\" style=\"font-size:1.125rem\">Cabos<\/h3>\n\n\n\n<p class=\"has-text-align-center\">Consulte nossas perguntas frequentes relacionadas \u00e0s ofertas de gavetas de dinheiro acionadas por impressora da APG<\/p>\n\n\n\n<p class=\"has-text-align-center cover-link\"><a href=\"https:\/\/apgsolutions.com\/pt-br\/support\/faqs\/cables\/\">Link<\/a><\/p>\n<\/div>\n\n\n\n<div class=\"wp-block-column tile has-link is-layout-flow wp-block-column-is-layout-flow\" style=\"flex-basis:20%\"><div class=\"wp-block-image\">\n<figure class=\"aligncenter size-full\"><img decoding=\"async\" width=\"63\" height=\"60\" src=\"https:\/\/apgsolutions.com\/wp-content\/uploads\/2023\/06\/Archive_white.png\" alt=\"&#xCD;cone de arquivo\" class=\"wp-image-65817\" srcset=\"https:\/\/apgsolutions.com\/wp-content\/uploads\/2023\/06\/Archive_white.png 63w, https:\/\/apgsolutions.com\/wp-content\/uploads\/2023\/06\/Archive_white-61x58.png 61w\" sizes=\"(max-width: 63px) 100vw, 63px\" \/><\/figure>\n<\/div>\n\n\n<h3 class=\"wp-block-heading has-text-align-center\" id=\"h-interface-drivers\" style=\"font-size:1.125rem\">Interface + drivers<\/h3>\n\n\n\n<p class=\"has-text-align-center\">Clique aqui para ver as perguntas relacionadas a interfaces e drivers<\/p>\n\n\n\n<p class=\"has-text-align-center cover-link\"><a href=\"https:\/\/apgsolutions.com\/pt-br\/support\/faqs\/interface-drivers\/\">Link<\/a><\/p>\n<\/div>\n\n\n\n<div class=\"wp-block-column tile has-link is-layout-flow wp-block-column-is-layout-flow\" style=\"flex-basis:20%\"><div class=\"wp-block-image\">\n<figure class=\"aligncenter size-full is-resized\"><img decoding=\"async\" width=\"68\" height=\"67\" src=\"https:\/\/apgsolutions.com\/wp-content\/uploads\/2023\/06\/KeysandLocks.png\" alt=\"&#xCD;cone de chaves e cadeados\" class=\"wp-image-65822\" style=\"width:61px;height:60px\"\/><\/figure>\n<\/div>\n\n\n<h3 class=\"wp-block-heading has-text-align-center\" id=\"h-keys-and-locks\" style=\"font-size:1.125rem\">Chaves e cadeados<\/h3>\n\n\n\n<p class=\"has-text-align-center\">Clique aqui para ver perguntas relacionadas a chaves e fechaduras de gavetas de dinheiro<\/p>\n\n\n\n<p class=\"has-text-align-center cover-link\"><a href=\"https:\/\/apgsolutions.com\/pt-br\/support\/faqs\/keys-and-locks-2\/\">Link<\/a><\/p>\n<\/div>\n\n\n\n<div class=\"wp-block-column tile has-link is-layout-flow wp-block-column-is-layout-flow\" style=\"flex-basis:20%\"><div class=\"wp-block-image\">\n<figure class=\"aligncenter size-full is-resized\"><img loading=\"lazy\" decoding=\"async\" width=\"65\" height=\"65\" src=\"https:\/\/apgsolutions.com\/wp-content\/uploads\/2023\/06\/Operations_White.png\" alt=\"&#xCD;cone de opera&#xE7;&#xF5;es\" class=\"wp-image-65827\" style=\"width:60px;height:60px\"\/><\/figure>\n<\/div>\n\n\n<h3 class=\"wp-block-heading has-text-align-center\" id=\"h-operating-maintenance\" style=\"font-size:1.125rem\">Opera\u00e7\u00e3o + manuten\u00e7\u00e3o<\/h3>\n\n\n\n<p class=\"has-text-align-center\">Clique aqui para ver as perguntas frequentes relacionadas \u00e0 manuten\u00e7\u00e3o da gaveta de dinheiro e aos recursos operacionais<\/p>\n\n\n\n<p class=\"has-text-align-center cover-link\"><a href=\"https:\/\/apgsolutions.com\/pt-br\/support\/faqs\/operating-maintenance\/\">Link<\/a><\/p>\n<\/div>\n\n\n\n<div class=\"wp-block-column tile has-link selected is-layout-flow wp-block-column-is-layout-flow\" style=\"flex-basis:20%\"><div class=\"wp-block-image\">\n<figure class=\"aligncenter size-full is-resized\"><img loading=\"lazy\" decoding=\"async\" width=\"65\" height=\"61\" src=\"https:\/\/apgsolutions.com\/wp-content\/uploads\/2023\/06\/repair-tools_white.png\" alt=\"&#xED;cone da ferramenta de reparo\" class=\"wp-image-65832\" style=\"width:64px;height:60px\" srcset=\"https:\/\/apgsolutions.com\/wp-content\/uploads\/2023\/06\/repair-tools_white.png 65w, https:\/\/apgsolutions.com\/wp-content\/uploads\/2023\/06\/repair-tools_white-61x58.png 61w\" sizes=\"(max-width: 65px) 100vw, 65px\" \/><\/figure>\n<\/div>\n\n\n<h3 class=\"wp-block-heading has-text-align-center\" id=\"h-warranty-repairs\" style=\"font-size:1.125rem\">Garantia + reparos<\/h3>\n\n\n\n<p class=\"has-text-align-center\">Clique aqui para ver as perguntas relacionadas a reparos<\/p>\n\n\n\n<p class=\"has-text-align-center cover-link\"><a href=\"https:\/\/apgsolutions.com\/pt-br\/support\/faqs\/warranty-repairs\/\">Link<\/a><\/p>\n<\/div>\n<\/div>\n\n<div style=\"height:2rem\" aria-hidden=\"true\" class=\"wp-block-spacer\"><\/div>\n\n<h2 class=\"wp-block-heading\">Minha gaveta de dinheiro est\u00e1 coberta pela garantia?<\/h2>\n\n<p>Para obter mais informa\u00e7\u00f5es sobre a garantia do produto apg, visite nossa <a href=\"https:\/\/apgsolutions.com\/pt-br\/warranty\/\">p\u00e1gina de Garantia<\/a>.<\/p>\n\n<h2 class=\"wp-block-heading\">Qual \u00e9 a pol\u00edtica de devolu\u00e7\u00e3o?<\/h2>\n\n<p>A apg Cash Drawer garante seus produtos e continua a trabalhar para tornar sua experi\u00eancia de compra a mais agrad\u00e1vel e simples poss\u00edvel. Se voc\u00ea n\u00e3o estiver completamente satisfeito com sua compra, teremos prazer em devolver o item, excluindo as taxas de envio e manuseio.   <strong>A Gaveta de Dinheiro apg aceitar\u00e1 devolu\u00e7\u00f5es sob as seguintes condi\u00e7\u00f5es. O produto deve ser: <\/strong> <\/p>\n\n<ul class=\"wp-block-list\">\n<li>Comprado na loja on-line da apg<\/li>\n\n\n\n<li>Em sua condi\u00e7\u00e3o original<\/li>\n\n\n\n<li>Recebido em nossas instala\u00e7\u00f5es em at\u00e9 30 dias ap\u00f3s a entrega<\/li>\n\n\n\n<li>Qualquer item ser\u00e1 reembolsado na forma original de pagamento dentro de 30 a 60 dias ap\u00f3s o recebimento em nossas instala\u00e7\u00f5es<\/li>\n<\/ul>\n\n<p><strong>Instru\u00e7\u00f5es de devolu\u00e7\u00e3o<em>:<\/em><\/strong> Use a etiqueta pr\u00e9-impressa fornecida com seu pedido. Coloque-a na parte externa da embalagem e envie-a para nossas instala\u00e7\u00f5es em Minneapolis, MN. As devolu\u00e7\u00f5es ser\u00e3o reembolsadas dentro de 30 a 60 dias ap\u00f3s o recebimento em nossas instala\u00e7\u00f5es. As taxas de remessa e manuseio n\u00e3o s\u00e3o reembols\u00e1veis. Entre em contato com <a href=\"mailto:ebizreturns@apgcd.com\">ebizreturns@apgcd.com<\/a> se voc\u00ea n\u00e3o estiver totalmente satisfeito com a compra. Teremos prazer em devolver o item, excluindo as taxas de envio e manuseio.    <\/p>\n\n<h2 class=\"wp-block-heading\">Como fa\u00e7o para obter uma gaveta de dinheiro substituta?<\/h2>\n\n<p>A apg Cash Drawer vende produtos por meio de <a href=\"https:\/\/apgsolutions.com\/pt-br\/distributors\/\">distribuidores<\/a>, clientes OEM e revendedores. Se voc\u00ea sabe de quem comprou a gaveta de dinheiro original, entre em contato com eles e eles poder\u00e3o ajud\u00e1-lo. Se voc\u00ea tiver um sistema POS OEM, precisar\u00e1 entrar em contato com ele para obter assist\u00eancia. Se puder configurar a gaveta de dinheiro por meio do nosso <a href=\"https:\/\/apgsolutions.com\/pt-br\/configurator\/\">configurador de produtos,<\/a> voc\u00ea poder\u00e1 solicitar uma cota\u00e7\u00e3o de um <a href=\"https:\/\/apgsolutions.com\/pt-br\/distributors\/\">distribuidor<\/a> ap\u00f3s a conclus\u00e3o da configura\u00e7\u00e3o.   <\/p>\n\n<h2 class=\"wp-block-heading\">Quais s\u00e3o minhas op\u00e7\u00f5es de reparo?<\/h2>\n\n<p>Oferecemos RMAs com e sem garantia. Entre <a href=\"https:\/\/apgsolutions.com\/pt-br\/contact-us\/\">em contato conosco<\/a> para obter um n\u00famero de RMA exclusivo para enviar a gaveta de volta \u00e0 apg para reparo. Se a gaveta estiver na garantia, cobriremos o custo das pe\u00e7as, da m\u00e3o de obra e do envio de volta para voc\u00ea. Os clientes com gavetas que n\u00e3o estiverem na garantia devem entrar em contato conosco para obter uma estimativa dos custos. Se voc\u00ea puder consertar a gaveta por conta pr\u00f3pria, enviaremos as pe\u00e7as para os clientes com produtos dentro da garantia. Os clientes com produtos fora da garantia podem comprar pe\u00e7as <a href=\"\/store\/\">on-line<\/a> ou com seu revendedor de PDV.     <\/p>\n\n<h2 class=\"wp-block-heading\">Como fa\u00e7o para obter um RMA?<\/h2>\n\n<p>Entre em contato conosco e tenha em m\u00e3os o seguinte: os n\u00fameros da pe\u00e7a e de s\u00e9rie, um endere\u00e7o para devolu\u00e7\u00e3o e uma descri\u00e7\u00e3o do problema. Atribuiremos a voc\u00ea um n\u00famero de RMA exclusivo. Esse n\u00famero acompanhar\u00e1 a sua gaveta at\u00e9 a nossa f\u00e1brica e de volta ao seu endere\u00e7o de devolu\u00e7\u00e3o.  <\/p>\n\n<h2 class=\"wp-block-heading\">Voc\u00ea far\u00e1 a manuten\u00e7\u00e3o do equipamento?<\/h2>\n\n<p>A apg est\u00e1 sempre atenta \u00e0s necessidades de nossos clientes e aos nossos produtos. Se a sua gaveta de dinheiro precisar de manuten\u00e7\u00e3o, melhorias ou atualiza\u00e7\u00f5es, a apg tem t\u00e9cnicos de servi\u00e7o dedicados localizados em seu dep\u00f3sito de servi\u00e7os em Minneapolis. A apg acredita na renova\u00e7\u00e3o do produto, n\u00e3o apenas no reparo. Todos os produtos com RMA em garantia s\u00e3o atualizados de acordo com a revis\u00e3o atual de fabrica\u00e7\u00e3o. A apg tem uma excelente equipe de suporte que pode ajudar a atender \u00e0s suas necessidades. Fique \u00e0 vontade para <a href=\"https:\/\/apgsolutions.com\/pt-br\/contact-us\/\">entrar em contato conosco<\/a>. Consulte nossa <a href=\"https:\/\/apgsolutions.com\/pt-br\/warranty\/\">Declara\u00e7\u00e3o de Garantia Limitada<\/a> para obter mais informa\u00e7\u00f5es.       <\/p>\n\n<h2 class=\"wp-block-heading\">Comprei a gaveta de dinheiro errada, o que posso fazer?<\/h2>\n\n<p>Voc\u00ea deve entrar em contato com o revendedor para fazer a troca.<\/p>\n\n<h2 class=\"wp-block-heading\">Como fa\u00e7o para devolver minhas compras?<\/h2>\n\n<p>Voc\u00ea deve usar a documenta\u00e7\u00e3o inclu\u00edda no pacote para a devolu\u00e7\u00e3o.<\/p>\n\n<h2 class=\"wp-block-heading\">Como fa\u00e7o para devolver minhas compras?<\/h2>\n\n<p>Voc\u00ea deve usar a documenta\u00e7\u00e3o inclu\u00edda no pacote para a devolu\u00e7\u00e3o.<\/p>\n\n<div style=\"height:100px\" aria-hidden=\"true\" class=\"wp-block-spacer\"><\/div>\n<p><script charset=\"utf-8\" type=\"text\/javascript\" src=\"\/\/js.hsforms.net\/forms\/embed\/v2.js\"><\/script><br \/>\n<script>\n  hbspt.forms.create({\n    region: \"na1\",\n    portalId: \"3337275\",\n    formId: \"3a628e92-d1cb-47d1-aee7-a34c02043524\"\n  });\n<\/script><\/p>\n","protected":false},"excerpt":{"rendered":"<p>Perguntas frequentes sobre garantia e reparos de gavetas de dinheiro Role abaixo para ver mais perguntas relacionadas \u00e0s garantias da gaveta de dinheiro, como consertar a gaveta de dinheiro ou obter uma gaveta de dinheiro substituta. Se voc\u00ea precisar de ajuda adicional do suporte t\u00e9cnico, preencha o formul\u00e1rio de contato em nossa p\u00e1gina de suporte. [&hellip;]<\/p>\n","protected":false},"author":4,"featured_media":0,"parent":109629,"menu_order":0,"comment_status":"closed","ping_status":"closed","template":"","meta":{"_acf_changed":false,"content-type":"","footnotes":""},"class_list":["post-109255","page","type-page","status-publish"],"yoast_head":"<!-- This site is optimized with the Yoast SEO Premium plugin v23.5 (Yoast SEO v27.2) - https:\/\/yoast.com\/product\/yoast-seo-premium-wordpress\/ -->\n<title>Garantia + reparos<\/title>\n<meta name=\"description\" content=\"Analise as perguntas frequentes sobre garantia de gaveta de dinheiro, reparos, devolu\u00e7\u00f5es e processos de suporte para servi\u00e7o e substitui\u00e7\u00e3o de produtos.\" \/>\n<meta name=\"robots\" content=\"index, follow, max-snippet:-1, max-image-preview:large, max-video-preview:-1\" \/>\n<link rel=\"canonical\" href=\"https:\/\/apgsolutions.com\/pt-br\/support\/faqs\/warranty-repairs\/\" \/>\n<meta property=\"og:locale\" content=\"pt_BR\" \/>\n<meta property=\"og:type\" content=\"article\" \/>\n<meta property=\"og:title\" content=\"Garantia + reparos\" \/>\n<meta property=\"og:description\" content=\"Analise as perguntas frequentes sobre garantia de gaveta de dinheiro, reparos, devolu\u00e7\u00f5es e processos de suporte para servi\u00e7o e substitui\u00e7\u00e3o de produtos.\" \/>\n<meta property=\"og:url\" content=\"https:\/\/apgsolutions.com\/pt-br\/support\/faqs\/warranty-repairs\/\" \/>\n<meta property=\"og:site_name\" content=\"apg\u00ae Solutions\" \/>\n<meta property=\"article:publisher\" content=\"https:\/\/www.facebook.com\/apgglobalsolutions\" \/>\n<meta property=\"article:modified_time\" content=\"2026-03-23T14:42:22+00:00\" \/>\n<meta property=\"og:image\" content=\"https:\/\/apgsolutions.com\/wp-content\/uploads\/2023\/06\/USB-Interface-Icon_white-1.png\" \/>\n<meta name=\"twitter:card\" content=\"summary_large_image\" \/>\n<meta name=\"twitter:site\" content=\"@apg_solutions\" \/>\n<meta name=\"twitter:label1\" content=\"Est. tempo de leitura\" \/>\n\t<meta name=\"twitter:data1\" content=\"4 minutos\" \/>\n<script type=\"application\/ld+json\" class=\"yoast-schema-graph\">{\"@context\":\"https:\/\/schema.org\",\"@graph\":[{\"@type\":\"WebPage\",\"@id\":\"https:\/\/apgsolutions.com\/pt-br\/support\/faqs\/warranty-repairs\/\",\"url\":\"https:\/\/apgsolutions.com\/pt-br\/support\/faqs\/warranty-repairs\/\",\"name\":\"Garantia + reparos\",\"isPartOf\":{\"@id\":\"https:\/\/apgsolutions.com\/pt-br\/#website\"},\"primaryImageOfPage\":{\"@id\":\"https:\/\/apgsolutions.com\/pt-br\/support\/faqs\/warranty-repairs\/#primaryimage\"},\"image\":{\"@id\":\"https:\/\/apgsolutions.com\/pt-br\/support\/faqs\/warranty-repairs\/#primaryimage\"},\"thumbnailUrl\":\"https:\/\/apgsolutions.com\/wp-content\/uploads\/2023\/06\/USB-Interface-Icon_white-1.png\",\"datePublished\":\"2026-03-20T11:42:24+00:00\",\"dateModified\":\"2026-03-23T14:42:22+00:00\",\"description\":\"Analise as perguntas frequentes sobre garantia de gaveta de dinheiro, reparos, devolu\u00e7\u00f5es e processos de suporte para servi\u00e7o e substitui\u00e7\u00e3o de produtos.\",\"breadcrumb\":{\"@id\":\"https:\/\/apgsolutions.com\/pt-br\/support\/faqs\/warranty-repairs\/#breadcrumb\"},\"inLanguage\":\"pt-BR\",\"potentialAction\":[{\"@type\":\"ReadAction\",\"target\":[\"https:\/\/apgsolutions.com\/pt-br\/support\/faqs\/warranty-repairs\/\"]}]},{\"@type\":\"ImageObject\",\"inLanguage\":\"pt-BR\",\"@id\":\"https:\/\/apgsolutions.com\/pt-br\/support\/faqs\/warranty-repairs\/#primaryimage\",\"url\":\"https:\/\/apgsolutions.com\/wp-content\/uploads\/2023\/06\/USB-Interface-Icon_white-1.png\",\"contentUrl\":\"https:\/\/apgsolutions.com\/wp-content\/uploads\/2023\/06\/USB-Interface-Icon_white-1.png\"},{\"@type\":\"BreadcrumbList\",\"@id\":\"https:\/\/apgsolutions.com\/pt-br\/support\/faqs\/warranty-repairs\/#breadcrumb\",\"itemListElement\":[{\"@type\":\"ListItem\",\"position\":1,\"name\":\"Suporte\",\"item\":\"https:\/\/apgsolutions.com\/pt-br\/support\/\"},{\"@type\":\"ListItem\",\"position\":2,\"name\":\"Perguntas frequentes sobre o produto\",\"item\":\"https:\/\/apgsolutions.com\/pt-br\/support\/faqs\/\"},{\"@type\":\"ListItem\",\"position\":3,\"name\":\"Garantia + reparos\"}]},{\"@type\":\"WebSite\",\"@id\":\"https:\/\/apgsolutions.com\/pt-br\/#website\",\"url\":\"https:\/\/apgsolutions.com\/pt-br\/\",\"name\":\"APG Solutions, LLC\",\"description\":\"Trust at every point.\",\"publisher\":{\"@id\":\"https:\/\/apgsolutions.com\/pt-br\/#organization\"},\"potentialAction\":[{\"@type\":\"SearchAction\",\"target\":{\"@type\":\"EntryPoint\",\"urlTemplate\":\"https:\/\/apgsolutions.com\/pt-br\/?s={search_term_string}\"},\"query-input\":{\"@type\":\"PropertyValueSpecification\",\"valueRequired\":true,\"valueName\":\"search_term_string\"}}],\"inLanguage\":\"pt-BR\"},{\"@type\":\"Organization\",\"@id\":\"https:\/\/apgsolutions.com\/pt-br\/#organization\",\"name\":\"APG Solution, LLC\",\"url\":\"https:\/\/apgsolutions.com\/pt-br\/\",\"logo\":{\"@type\":\"ImageObject\",\"inLanguage\":\"pt-BR\",\"@id\":\"https:\/\/apgsolutions.com\/pt-br\/#\/schema\/logo\/image\/\",\"url\":\"https:\/\/apgsolutions.com\/wp-content\/uploads\/2023\/12\/logomark-color.svg\",\"contentUrl\":\"https:\/\/apgsolutions.com\/wp-content\/uploads\/2023\/12\/logomark-color.svg\",\"width\":141,\"height\":138,\"caption\":\"APG Solution, LLC\"},\"image\":{\"@id\":\"https:\/\/apgsolutions.com\/pt-br\/#\/schema\/logo\/image\/\"},\"sameAs\":[\"https:\/\/www.facebook.com\/apgglobalsolutions\",\"https:\/\/x.com\/apg_solutions\",\"https:\/\/www.youtube.com\/c\/CashManagementGlobalSolutionsbyapg\",\"https:\/\/www.linkedin.com\/company\/apgglobalsolutions\/\",\"https:\/\/www.instagram.com\/apgglobalsolutions\/\",\"https:\/\/www.pinterest.com\/apgcashdrawer\/\"]}]}<\/script>\n<!-- \/ Yoast SEO Premium plugin. -->","yoast_head_json":{"title":"Garantia + reparos","description":"Analise as perguntas frequentes sobre garantia de gaveta de dinheiro, reparos, devolu\u00e7\u00f5es e processos de suporte para servi\u00e7o e substitui\u00e7\u00e3o de produtos.","robots":{"index":"index","follow":"follow","max-snippet":"max-snippet:-1","max-image-preview":"max-image-preview:large","max-video-preview":"max-video-preview:-1"},"canonical":"https:\/\/apgsolutions.com\/pt-br\/support\/faqs\/warranty-repairs\/","og_locale":"pt_BR","og_type":"article","og_title":"Garantia + reparos","og_description":"Analise as perguntas frequentes sobre garantia de gaveta de dinheiro, reparos, devolu\u00e7\u00f5es e processos de suporte para servi\u00e7o e substitui\u00e7\u00e3o de produtos.","og_url":"https:\/\/apgsolutions.com\/pt-br\/support\/faqs\/warranty-repairs\/","og_site_name":"apg\u00ae Solutions","article_publisher":"https:\/\/www.facebook.com\/apgglobalsolutions","article_modified_time":"2026-03-23T14:42:22+00:00","og_image":[{"url":"https:\/\/apgsolutions.com\/wp-content\/uploads\/2023\/06\/USB-Interface-Icon_white-1.png","type":"","width":"","height":""}],"twitter_card":"summary_large_image","twitter_site":"@apg_solutions","twitter_misc":{"Est. tempo de leitura":"4 minutos"},"schema":{"@context":"https:\/\/schema.org","@graph":[{"@type":"WebPage","@id":"https:\/\/apgsolutions.com\/pt-br\/support\/faqs\/warranty-repairs\/","url":"https:\/\/apgsolutions.com\/pt-br\/support\/faqs\/warranty-repairs\/","name":"Garantia + reparos","isPartOf":{"@id":"https:\/\/apgsolutions.com\/pt-br\/#website"},"primaryImageOfPage":{"@id":"https:\/\/apgsolutions.com\/pt-br\/support\/faqs\/warranty-repairs\/#primaryimage"},"image":{"@id":"https:\/\/apgsolutions.com\/pt-br\/support\/faqs\/warranty-repairs\/#primaryimage"},"thumbnailUrl":"https:\/\/apgsolutions.com\/wp-content\/uploads\/2023\/06\/USB-Interface-Icon_white-1.png","datePublished":"2026-03-20T11:42:24+00:00","dateModified":"2026-03-23T14:42:22+00:00","description":"Analise as perguntas frequentes sobre garantia de gaveta de dinheiro, reparos, devolu\u00e7\u00f5es e processos de suporte para servi\u00e7o e substitui\u00e7\u00e3o de produtos.","breadcrumb":{"@id":"https:\/\/apgsolutions.com\/pt-br\/support\/faqs\/warranty-repairs\/#breadcrumb"},"inLanguage":"pt-BR","potentialAction":[{"@type":"ReadAction","target":["https:\/\/apgsolutions.com\/pt-br\/support\/faqs\/warranty-repairs\/"]}]},{"@type":"ImageObject","inLanguage":"pt-BR","@id":"https:\/\/apgsolutions.com\/pt-br\/support\/faqs\/warranty-repairs\/#primaryimage","url":"https:\/\/apgsolutions.com\/wp-content\/uploads\/2023\/06\/USB-Interface-Icon_white-1.png","contentUrl":"https:\/\/apgsolutions.com\/wp-content\/uploads\/2023\/06\/USB-Interface-Icon_white-1.png"},{"@type":"BreadcrumbList","@id":"https:\/\/apgsolutions.com\/pt-br\/support\/faqs\/warranty-repairs\/#breadcrumb","itemListElement":[{"@type":"ListItem","position":1,"name":"Suporte","item":"https:\/\/apgsolutions.com\/pt-br\/support\/"},{"@type":"ListItem","position":2,"name":"Perguntas frequentes sobre o produto","item":"https:\/\/apgsolutions.com\/pt-br\/support\/faqs\/"},{"@type":"ListItem","position":3,"name":"Garantia + reparos"}]},{"@type":"WebSite","@id":"https:\/\/apgsolutions.com\/pt-br\/#website","url":"https:\/\/apgsolutions.com\/pt-br\/","name":"APG Solutions, LLC","description":"Trust at every point.","publisher":{"@id":"https:\/\/apgsolutions.com\/pt-br\/#organization"},"potentialAction":[{"@type":"SearchAction","target":{"@type":"EntryPoint","urlTemplate":"https:\/\/apgsolutions.com\/pt-br\/?s={search_term_string}"},"query-input":{"@type":"PropertyValueSpecification","valueRequired":true,"valueName":"search_term_string"}}],"inLanguage":"pt-BR"},{"@type":"Organization","@id":"https:\/\/apgsolutions.com\/pt-br\/#organization","name":"APG Solution, LLC","url":"https:\/\/apgsolutions.com\/pt-br\/","logo":{"@type":"ImageObject","inLanguage":"pt-BR","@id":"https:\/\/apgsolutions.com\/pt-br\/#\/schema\/logo\/image\/","url":"https:\/\/apgsolutions.com\/wp-content\/uploads\/2023\/12\/logomark-color.svg","contentUrl":"https:\/\/apgsolutions.com\/wp-content\/uploads\/2023\/12\/logomark-color.svg","width":141,"height":138,"caption":"APG Solution, LLC"},"image":{"@id":"https:\/\/apgsolutions.com\/pt-br\/#\/schema\/logo\/image\/"},"sameAs":["https:\/\/www.facebook.com\/apgglobalsolutions","https:\/\/x.com\/apg_solutions","https:\/\/www.youtube.com\/c\/CashManagementGlobalSolutionsbyapg","https:\/\/www.linkedin.com\/company\/apgglobalsolutions\/","https:\/\/www.instagram.com\/apgglobalsolutions\/","https:\/\/www.pinterest.com\/apgcashdrawer\/"]}]}},"acf":[],"_links":{"self":[{"href":"https:\/\/apgsolutions.com\/pt-br\/wp-json\/wp\/v2\/pages\/109255","targetHints":{"allow":["GET"]}}],"collection":[{"href":"https:\/\/apgsolutions.com\/pt-br\/wp-json\/wp\/v2\/pages"}],"about":[{"href":"https:\/\/apgsolutions.com\/pt-br\/wp-json\/wp\/v2\/types\/page"}],"author":[{"embeddable":true,"href":"https:\/\/apgsolutions.com\/pt-br\/wp-json\/wp\/v2\/users\/4"}],"replies":[{"embeddable":true,"href":"https:\/\/apgsolutions.com\/pt-br\/wp-json\/wp\/v2\/comments?post=109255"}],"version-history":[{"count":4,"href":"https:\/\/apgsolutions.com\/pt-br\/wp-json\/wp\/v2\/pages\/109255\/revisions"}],"predecessor-version":[{"id":110889,"href":"https:\/\/apgsolutions.com\/pt-br\/wp-json\/wp\/v2\/pages\/109255\/revisions\/110889"}],"up":[{"embeddable":true,"href":"https:\/\/apgsolutions.com\/pt-br\/wp-json\/wp\/v2\/pages\/109629"}],"wp:attachment":[{"href":"https:\/\/apgsolutions.com\/pt-br\/wp-json\/wp\/v2\/media?parent=109255"}],"curies":[{"name":"wp","href":"https:\/\/api.w.org\/{rel}","templated":true}]}}