{"id":109260,"date":"2026-03-20T11:42:28","date_gmt":"2026-03-20T11:42:28","guid":{"rendered":"https:\/\/apgsolutions.com\/thank-you-for-visiting-apg-cash-drawer-at-our-booth\/"},"modified":"2026-03-20T11:47:36","modified_gmt":"2026-03-20T11:47:36","slug":"thank-you-for-visiting-apg-cash-drawer-at-our-booth","status":"publish","type":"page","link":"https:\/\/apgsolutions.com\/pt-br\/thank-you-for-visiting-apg-cash-drawer-at-our-booth\/","title":{"rendered":"Obrigado por visitar a APG Cash Drawer em nosso estande"},"content":{"rendered":"<div class=\"section_page-header \">\n    <img decoding=\"async\" class=\"header-image\" src=\"https:\/\/apgsolutions.com\/wp-content\/uploads\/2023\/04\/dark-blue-rotated.jpg\" alt=\"dark-blue\" title=\"dark-blue\">\n            <div class=\"header-content\">\n            <h1>Thank you for Visiting APG Cash Drawer<\/h1>\n        <\/div>\n    <\/div>\n<h2 class=\"wp-block-heading has-text-align-center has-large-font-size\" id=\"h-apg-cash-drawer-is-a-global-manufacturer-of-cash-management-solutions-serving-a-variety-of-customers-and-industries\">A APG Cash Drawer \u00e9 uma fabricante global de solu\u00e7\u00f5es de gerenciamento de numer\u00e1rio que atende a uma variedade de clientes e setores.<\/h2>\n\n<p>Explore os links abaixo e saiba mais sobre a APG Cash Drawer:<\/p>\n\n<ul class=\"wp-block-list\">\n<li><a href=\"https:\/\/apgsolutions.com\/pt-br\/products\/\">Produtos APG<\/a><\/li>\n\n\n\n<li><a href=\"https:\/\/apgsolutions.com\/pt-br\/about-apg\/\">Por que escolher a APG Cash Drawer?<\/a><\/li>\n\n\n\n<li><a href=\"https:\/\/apgsolutions.com\/pt-br\/press\/\">Sala de imprensa<\/a><\/li>\n\n\n\n<li><a href=\"https:\/\/apgsolutions.com\/pt-br\/resources\/\">Recursos APG<\/a><\/li>\n\n\n\n<li>Saiba mais sobre nossos <a href=\"https:\/\/apgsolutions.com\/pt-br\/distributors\/\">distribuidores<\/a><\/li>\n<\/ul>\n\n<p>Voc\u00ea quer se tornar um parceiro valioso? <a href=\"https:\/\/apgsolutions.com\/pt-br\/global-partners\/\">Clique aqui<\/a> para saber mais.<\/p>\n\n<p>Ou sinta-se \u00e0 vontade para <a href=\"https:\/\/apgsolutions.com\/pt-br\/contact-us\/\" target=\"_blank\" rel=\"noreferrer noopener\">entrar em contato conosco<\/a> se tiver mais perguntas.<\/p>\n","protected":false},"excerpt":{"rendered":"<p>A APG Cash Drawer \u00e9 uma fabricante global de solu\u00e7\u00f5es de gerenciamento de numer\u00e1rio que atende a uma variedade de clientes e setores. Explore os links abaixo e saiba mais sobre a APG Cash Drawer: Voc\u00ea quer se tornar um parceiro valioso? Clique aqui para saber mais. Ou sinta-se \u00e0 vontade para entrar em contato [&hellip;]<\/p>\n","protected":false},"author":4,"featured_media":0,"parent":0,"menu_order":0,"comment_status":"closed","ping_status":"closed","template":"","meta":{"_acf_changed":false,"content-type":"","footnotes":""},"class_list":["post-109260","page","type-page","status-publish"],"yoast_head":"<!-- This site is optimized with the Yoast SEO Premium plugin v23.5 (Yoast SEO v27.2) - https:\/\/yoast.com\/product\/yoast-seo-premium-wordpress\/ -->\n<title>Obrigado por visitar a apg\u00ae Solutions<\/title>\n<meta name=\"description\" content=\"Obrigado por nos visitar em nossos eventos de feiras comerciais. Voc\u00ea deseja obter mais informa\u00e7\u00f5es? Explore os links desta p\u00e1gina e saiba mais sobre a APG Cash Drawer.\" \/>\n<meta name=\"robots\" content=\"index, follow, max-snippet:-1, max-image-preview:large, max-video-preview:-1\" \/>\n<link rel=\"canonical\" href=\"https:\/\/apgsolutions.com\/pt-br\/thank-you-for-visiting-apg-cash-drawer-at-our-booth\/\" \/>\n<meta property=\"og:locale\" content=\"pt_BR\" \/>\n<meta property=\"og:type\" content=\"article\" \/>\n<meta property=\"og:title\" content=\"Obrigado por visitar a apg\u00ae Solutions\" \/>\n<meta property=\"og:description\" content=\"Obrigado por nos visitar em nossos eventos de feiras comerciais. Voc\u00ea deseja obter mais informa\u00e7\u00f5es? Explore os links desta p\u00e1gina e saiba mais sobre a APG Cash Drawer.\" \/>\n<meta property=\"og:url\" content=\"https:\/\/apgsolutions.com\/pt-br\/thank-you-for-visiting-apg-cash-drawer-at-our-booth\/\" \/>\n<meta property=\"og:site_name\" content=\"apg\u00ae Solutions\" \/>\n<meta property=\"article:publisher\" content=\"https:\/\/www.facebook.com\/apgglobalsolutions\" \/>\n<meta property=\"article:modified_time\" content=\"2026-03-20T11:47:36+00:00\" \/>\n<meta name=\"twitter:card\" content=\"summary_large_image\" \/>\n<meta name=\"twitter:site\" content=\"@apg_solutions\" \/>\n<script type=\"application\/ld+json\" class=\"yoast-schema-graph\">{\"@context\":\"https:\/\/schema.org\",\"@graph\":[{\"@type\":\"WebPage\",\"@id\":\"https:\/\/apgsolutions.com\/pt-br\/thank-you-for-visiting-apg-cash-drawer-at-our-booth\/\",\"url\":\"https:\/\/apgsolutions.com\/pt-br\/thank-you-for-visiting-apg-cash-drawer-at-our-booth\/\",\"name\":\"Obrigado por visitar a apg\u00ae Solutions\",\"isPartOf\":{\"@id\":\"https:\/\/apgsolutions.com\/pt-br\/#website\"},\"datePublished\":\"2026-03-20T11:42:28+00:00\",\"dateModified\":\"2026-03-20T11:47:36+00:00\",\"description\":\"Obrigado por nos visitar em nossos eventos de feiras comerciais. Voc\u00ea deseja obter mais informa\u00e7\u00f5es? Explore os links desta p\u00e1gina e saiba mais sobre a APG Cash Drawer.\",\"inLanguage\":\"pt-BR\",\"potentialAction\":[{\"@type\":\"ReadAction\",\"target\":[\"https:\/\/apgsolutions.com\/pt-br\/thank-you-for-visiting-apg-cash-drawer-at-our-booth\/\"]}]},{\"@type\":\"WebSite\",\"@id\":\"https:\/\/apgsolutions.com\/pt-br\/#website\",\"url\":\"https:\/\/apgsolutions.com\/pt-br\/\",\"name\":\"APG Solutions, LLC\",\"description\":\"Trust at every point.\",\"publisher\":{\"@id\":\"https:\/\/apgsolutions.com\/pt-br\/#organization\"},\"potentialAction\":[{\"@type\":\"SearchAction\",\"target\":{\"@type\":\"EntryPoint\",\"urlTemplate\":\"https:\/\/apgsolutions.com\/pt-br\/?s={search_term_string}\"},\"query-input\":{\"@type\":\"PropertyValueSpecification\",\"valueRequired\":true,\"valueName\":\"search_term_string\"}}],\"inLanguage\":\"pt-BR\"},{\"@type\":\"Organization\",\"@id\":\"https:\/\/apgsolutions.com\/pt-br\/#organization\",\"name\":\"APG Solution, LLC\",\"url\":\"https:\/\/apgsolutions.com\/pt-br\/\",\"logo\":{\"@type\":\"ImageObject\",\"inLanguage\":\"pt-BR\",\"@id\":\"https:\/\/apgsolutions.com\/pt-br\/#\/schema\/logo\/image\/\",\"url\":\"https:\/\/apgsolutions.com\/wp-content\/uploads\/2023\/12\/logomark-color.svg\",\"contentUrl\":\"https:\/\/apgsolutions.com\/wp-content\/uploads\/2023\/12\/logomark-color.svg\",\"width\":141,\"height\":138,\"caption\":\"APG Solution, LLC\"},\"image\":{\"@id\":\"https:\/\/apgsolutions.com\/pt-br\/#\/schema\/logo\/image\/\"},\"sameAs\":[\"https:\/\/www.facebook.com\/apgglobalsolutions\",\"https:\/\/x.com\/apg_solutions\",\"https:\/\/www.youtube.com\/c\/CashManagementGlobalSolutionsbyapg\",\"https:\/\/www.linkedin.com\/company\/apgglobalsolutions\/\",\"https:\/\/www.instagram.com\/apgglobalsolutions\/\",\"https:\/\/www.pinterest.com\/apgcashdrawer\/\"]}]}<\/script>\n<!-- \/ Yoast SEO Premium plugin. -->","yoast_head_json":{"title":"Obrigado por visitar a apg\u00ae Solutions","description":"Obrigado por nos visitar em nossos eventos de feiras comerciais. Voc\u00ea deseja obter mais informa\u00e7\u00f5es? Explore os links desta p\u00e1gina e saiba mais sobre a APG Cash Drawer.","robots":{"index":"index","follow":"follow","max-snippet":"max-snippet:-1","max-image-preview":"max-image-preview:large","max-video-preview":"max-video-preview:-1"},"canonical":"https:\/\/apgsolutions.com\/pt-br\/thank-you-for-visiting-apg-cash-drawer-at-our-booth\/","og_locale":"pt_BR","og_type":"article","og_title":"Obrigado por visitar a apg\u00ae Solutions","og_description":"Obrigado por nos visitar em nossos eventos de feiras comerciais. Voc\u00ea deseja obter mais informa\u00e7\u00f5es? Explore os links desta p\u00e1gina e saiba mais sobre a APG Cash Drawer.","og_url":"https:\/\/apgsolutions.com\/pt-br\/thank-you-for-visiting-apg-cash-drawer-at-our-booth\/","og_site_name":"apg\u00ae Solutions","article_publisher":"https:\/\/www.facebook.com\/apgglobalsolutions","article_modified_time":"2026-03-20T11:47:36+00:00","twitter_card":"summary_large_image","twitter_site":"@apg_solutions","schema":{"@context":"https:\/\/schema.org","@graph":[{"@type":"WebPage","@id":"https:\/\/apgsolutions.com\/pt-br\/thank-you-for-visiting-apg-cash-drawer-at-our-booth\/","url":"https:\/\/apgsolutions.com\/pt-br\/thank-you-for-visiting-apg-cash-drawer-at-our-booth\/","name":"Obrigado por visitar a apg\u00ae Solutions","isPartOf":{"@id":"https:\/\/apgsolutions.com\/pt-br\/#website"},"datePublished":"2026-03-20T11:42:28+00:00","dateModified":"2026-03-20T11:47:36+00:00","description":"Obrigado por nos visitar em nossos eventos de feiras comerciais. Voc\u00ea deseja obter mais informa\u00e7\u00f5es? Explore os links desta p\u00e1gina e saiba mais sobre a APG Cash Drawer.","inLanguage":"pt-BR","potentialAction":[{"@type":"ReadAction","target":["https:\/\/apgsolutions.com\/pt-br\/thank-you-for-visiting-apg-cash-drawer-at-our-booth\/"]}]},{"@type":"WebSite","@id":"https:\/\/apgsolutions.com\/pt-br\/#website","url":"https:\/\/apgsolutions.com\/pt-br\/","name":"APG Solutions, LLC","description":"Trust at every point.","publisher":{"@id":"https:\/\/apgsolutions.com\/pt-br\/#organization"},"potentialAction":[{"@type":"SearchAction","target":{"@type":"EntryPoint","urlTemplate":"https:\/\/apgsolutions.com\/pt-br\/?s={search_term_string}"},"query-input":{"@type":"PropertyValueSpecification","valueRequired":true,"valueName":"search_term_string"}}],"inLanguage":"pt-BR"},{"@type":"Organization","@id":"https:\/\/apgsolutions.com\/pt-br\/#organization","name":"APG Solution, LLC","url":"https:\/\/apgsolutions.com\/pt-br\/","logo":{"@type":"ImageObject","inLanguage":"pt-BR","@id":"https:\/\/apgsolutions.com\/pt-br\/#\/schema\/logo\/image\/","url":"https:\/\/apgsolutions.com\/wp-content\/uploads\/2023\/12\/logomark-color.svg","contentUrl":"https:\/\/apgsolutions.com\/wp-content\/uploads\/2023\/12\/logomark-color.svg","width":141,"height":138,"caption":"APG Solution, LLC"},"image":{"@id":"https:\/\/apgsolutions.com\/pt-br\/#\/schema\/logo\/image\/"},"sameAs":["https:\/\/www.facebook.com\/apgglobalsolutions","https:\/\/x.com\/apg_solutions","https:\/\/www.youtube.com\/c\/CashManagementGlobalSolutionsbyapg","https:\/\/www.linkedin.com\/company\/apgglobalsolutions\/","https:\/\/www.instagram.com\/apgglobalsolutions\/","https:\/\/www.pinterest.com\/apgcashdrawer\/"]}]}},"acf":[],"_links":{"self":[{"href":"https:\/\/apgsolutions.com\/pt-br\/wp-json\/wp\/v2\/pages\/109260","targetHints":{"allow":["GET"]}}],"collection":[{"href":"https:\/\/apgsolutions.com\/pt-br\/wp-json\/wp\/v2\/pages"}],"about":[{"href":"https:\/\/apgsolutions.com\/pt-br\/wp-json\/wp\/v2\/types\/page"}],"author":[{"embeddable":true,"href":"https:\/\/apgsolutions.com\/pt-br\/wp-json\/wp\/v2\/users\/4"}],"replies":[{"embeddable":true,"href":"https:\/\/apgsolutions.com\/pt-br\/wp-json\/wp\/v2\/comments?post=109260"}],"version-history":[{"count":1,"href":"https:\/\/apgsolutions.com\/pt-br\/wp-json\/wp\/v2\/pages\/109260\/revisions"}],"predecessor-version":[{"id":109261,"href":"https:\/\/apgsolutions.com\/pt-br\/wp-json\/wp\/v2\/pages\/109260\/revisions\/109261"}],"wp:attachment":[{"href":"https:\/\/apgsolutions.com\/pt-br\/wp-json\/wp\/v2\/media?parent=109260"}],"curies":[{"name":"wp","href":"https:\/\/api.w.org\/{rel}","templated":true}]}}