{"id":109298,"date":"2026-03-20T11:47:37","date_gmt":"2026-03-20T11:47:37","guid":{"rendered":"https:\/\/apgsolutions.com\/squirrel-systems-cash-drawer-solutions\/"},"modified":"2026-03-20T11:52:45","modified_gmt":"2026-03-20T11:52:45","slug":"squirrel-systems-cash-drawer-solutions","status":"publish","type":"page","link":"https:\/\/apgsolutions.com\/pt-br\/squirrel-systems-cash-drawer-solutions\/","title":{"rendered":"Solu\u00e7\u00f5es para gavetas de dinheiro da Squirrel Systems"},"content":{"rendered":"<div class=\"section_page-header \">\n    <img decoding=\"async\" class=\"header-image\" src=\"https:\/\/apgsolutions.com\/wp-content\/uploads\/2023\/04\/dark-blue-rotated.jpg\" alt=\"dark-blue\" title=\"dark-blue\">\n            <div class=\"header-content\">\n            <h1>Squirrel Systems Cash Drawer Solutions<\/h1>\n        <\/div>\n    <\/div><div class=\"wp-block-image\">\n<figure class=\"aligncenter size-full\"><img fetchpriority=\"high\" decoding=\"async\" width=\"300\" height=\"180\" src=\"https:\/\/apgsolutions.com\/wp-content\/uploads\/2023\/05\/squirrel-systems-logo-300x180-1.png\" alt=\"logotipo da squirrel systems\" class=\"wp-image-3282\"\/><\/figure>\n<\/div>\n<p>A APG oferece uma ampla variedade de gavetas de dinheiro para todos os tipos de ambientes de PDV. A Squirrel Systems e a APG t\u00eam um longo hist\u00f3rico de trabalho conjunto para fornecer uma solu\u00e7\u00e3o robusta de hardware de PDV com baixo custo total de propriedade. Para saber mais, visite-nos em <a href=\"https:\/\/apgsolutions.com\/pt-br\/\">www.cashdrawer.com.<\/a>  <\/p>\n\n<h2 class=\"wp-block-heading has-text-align-center\" id=\"h-series-100-cash-drawer\">Gaveta de dinheiro S\u00e9rie 100<\/h2>\n\n<h3 class=\"wp-block-heading\">Uma solu\u00e7\u00e3o eficiente, que aumenta a efic\u00e1cia de sua esta\u00e7\u00e3o de trabalho.<\/h3>\n\n<p>De tamanho pequeno, a gaveta de dinheiro APG Series 100 n\u00e3o compromete a efici\u00eancia. Na verdade, ela a aprimora, aumentando a efic\u00e1cia de sua esta\u00e7\u00e3o de trabalho.  Projetada em torno de um caixa de tamanho normal, a \u00e1rea de cobertura estreita da S\u00e9rie 100 minimiza a quantidade de espa\u00e7o necess\u00e1rio no balc\u00e3o. H\u00e1 um amplo espa\u00e7o de armazenamento em um compartimento profundo embaixo do caixa, para guardar rolos de moedas e moedas embaladas. Um divisor ajust\u00e1vel do compartimento de m\u00eddia separa e organiza diferentes tipos de m\u00eddia.  <\/p>\n\n<p>Com recursos que incluem corredi\u00e7as de rolamento de esferas de a\u00e7o e um mecanismo de trava robusto, a S\u00e9rie 100 \u00e9 comprovada por mais de 4 milh\u00f5es de ciclos. O design dur\u00e1vel da caixa e o acabamento resiliente com revestimento em p\u00f3 resistem ao abuso at\u00e9 mesmo nos ambientes mais dif\u00edceis. As op\u00e7\u00f5es de tamanho, cor, interface, acess\u00f3rios e configura\u00e7\u00e3o completam a solu\u00e7\u00e3o da S\u00e9rie 100.  <\/p>\n\n<p><strong>Downloads de PDFs:<\/strong><\/p>\n\n<p><a href=\"\/wp-content\/uploads\/2023\/05\/M-43-001-Rev.-I-Series-100-English_WEB-1.pdf\">Folheto da S\u00e9rie 100<\/a><br\/><a href=\"\/wp-content\/uploads\/2023\/05\/M-423_RevA.pdf\">Instru\u00e7\u00f5es de opera\u00e7\u00e3o e manuten\u00e7\u00e3o da S\u00e9rie 100<\/a><br\/><a href=\"\/wp-content\/uploads\/2023\/04\/M-43-021-Rev.-M-Performance-Accessories-Guide_WEB.pdf\">Guia de acess\u00f3rios de desempenho<\/a><br\/><a href=\"\/wp-content\/uploads\/2023\/04\/M-43-118-Rev.-E-Coin-Cups_web.pdf\">Brochura sobre copos para moedas pes\u00e1veis<\/a><\/p>\n\n<h2 class=\"wp-block-heading has-text-align-center\" id=\"h-vasario-cash-drawer\">Gaveta de dinheiro Vasario<\/h2>\n\n<h3 class=\"wp-block-heading\">A solu\u00e7\u00e3o perfeita para aplica\u00e7\u00f5es que podem ser atendidas com uma gaveta de dinheiro padr\u00e3o.<\/h3>\n\n<p>A s\u00e9rie Vasario \u00e9 a op\u00e7\u00e3o econ\u00f4mica que n\u00e3o sacrifica a qualidade nem a confiabilidade. Cada membro da fam\u00edlia de gavetas de dinheiro Vasario tem um pre\u00e7o competitivo e inclui recursos, como travas multifuncionais e relat\u00f3rios de status da gaveta, encontrados em gavetas de dinheiro mais caras. Uma variedade de modelos com uma ampla gama de op\u00e7\u00f5es de tamanho, estilo, cor, interface e configura\u00e7\u00e3o de caixa est\u00e3o dispon\u00edveis para atender \u00e0s suas necessidades espec\u00edficas.  <\/p>\n\n<p><strong>Downloads de PDFs:<\/strong><\/p>\n\n<p><a href=\"\/wp-content\/uploads\/2023\/05\/M-43-026-Rev.-J-Vasario-Series-English-1.pdf\">Folheto do Vasario<\/a><br\/><a href=\"\/wp-content\/uploads\/2023\/05\/M-43-024-Rev.-K-Standard-Accessories-Guide_WEB.pdf\">Cat\u00e1logo de acess\u00f3rios padr\u00e3o<\/a><br\/><a href=\"\/wp-content\/uploads\/2023\/04\/M-43-118-Rev.-E-Coin-Cups_web.pdf\">Cat\u00e1logo de Copos para Moedas Pes\u00e1veis<\/a><\/p>\n","protected":false},"excerpt":{"rendered":"<p>A APG oferece uma ampla variedade de gavetas de dinheiro para todos os tipos de ambientes de PDV. A Squirrel Systems e a APG t\u00eam um longo hist\u00f3rico de trabalho conjunto para fornecer uma solu\u00e7\u00e3o robusta de hardware de PDV com baixo custo total de propriedade. Para saber mais, visite-nos em www.cashdrawer.com. Gaveta de dinheiro [&hellip;]<\/p>\n","protected":false},"author":4,"featured_media":0,"parent":0,"menu_order":0,"comment_status":"closed","ping_status":"closed","template":"","meta":{"_acf_changed":false,"content-type":"","footnotes":""},"class_list":["post-109298","page","type-page","status-publish"],"yoast_head":"<!-- This site is optimized with the Yoast SEO Premium plugin v23.5 (Yoast SEO v27.2) - https:\/\/yoast.com\/product\/yoast-seo-premium-wordpress\/ -->\n<title>Solu\u00e7\u00f5es para gavetas de dinheiro da Squirrel Systems<\/title>\n<meta name=\"description\" content=\"Op\u00e7\u00f5es de gaveta de dinheiro APG para Squirrel Systems POS. Integra\u00e7\u00f5es confi\u00e1veis para ambientes de hospitalidade.\" \/>\n<meta name=\"robots\" content=\"index, follow, max-snippet:-1, max-image-preview:large, max-video-preview:-1\" \/>\n<link rel=\"canonical\" href=\"https:\/\/apgsolutions.com\/pt-br\/squirrel-systems-cash-drawer-solutions\/\" \/>\n<meta property=\"og:locale\" content=\"pt_BR\" \/>\n<meta property=\"og:type\" content=\"article\" \/>\n<meta property=\"og:title\" content=\"Solu\u00e7\u00f5es para gavetas de dinheiro da Squirrel Systems\" \/>\n<meta property=\"og:description\" content=\"Op\u00e7\u00f5es de gaveta de dinheiro APG para Squirrel Systems POS. Integra\u00e7\u00f5es confi\u00e1veis para ambientes de hospitalidade.\" \/>\n<meta property=\"og:url\" content=\"https:\/\/apgsolutions.com\/pt-br\/squirrel-systems-cash-drawer-solutions\/\" \/>\n<meta property=\"og:site_name\" content=\"apg\u00ae Solutions\" \/>\n<meta property=\"article:publisher\" content=\"https:\/\/www.facebook.com\/apgglobalsolutions\" \/>\n<meta property=\"article:modified_time\" content=\"2026-03-20T11:52:45+00:00\" \/>\n<meta property=\"og:image\" content=\"https:\/\/apgsolutions.com\/wp-content\/uploads\/2023\/05\/squirrel-systems-logo-300x180-1.png\" \/>\n<meta name=\"twitter:card\" content=\"summary_large_image\" \/>\n<meta name=\"twitter:site\" content=\"@apg_solutions\" \/>\n<meta name=\"twitter:label1\" content=\"Est. tempo de leitura\" \/>\n\t<meta name=\"twitter:data1\" content=\"2 minutos\" \/>\n<script type=\"application\/ld+json\" class=\"yoast-schema-graph\">{\"@context\":\"https:\/\/schema.org\",\"@graph\":[{\"@type\":\"WebPage\",\"@id\":\"https:\/\/apgsolutions.com\/pt-br\/squirrel-systems-cash-drawer-solutions\/\",\"url\":\"https:\/\/apgsolutions.com\/pt-br\/squirrel-systems-cash-drawer-solutions\/\",\"name\":\"Solu\u00e7\u00f5es para gavetas de dinheiro da Squirrel Systems\",\"isPartOf\":{\"@id\":\"https:\/\/apgsolutions.com\/pt-br\/#website\"},\"primaryImageOfPage\":{\"@id\":\"https:\/\/apgsolutions.com\/pt-br\/squirrel-systems-cash-drawer-solutions\/#primaryimage\"},\"image\":{\"@id\":\"https:\/\/apgsolutions.com\/pt-br\/squirrel-systems-cash-drawer-solutions\/#primaryimage\"},\"thumbnailUrl\":\"https:\/\/apgsolutions.com\/wp-content\/uploads\/2023\/05\/squirrel-systems-logo-300x180-1.png\",\"datePublished\":\"2026-03-20T11:47:37+00:00\",\"dateModified\":\"2026-03-20T11:52:45+00:00\",\"description\":\"Op\u00e7\u00f5es de gaveta de dinheiro APG para Squirrel Systems POS. Integra\u00e7\u00f5es confi\u00e1veis para ambientes de hospitalidade.\",\"inLanguage\":\"pt-BR\",\"potentialAction\":[{\"@type\":\"ReadAction\",\"target\":[\"https:\/\/apgsolutions.com\/pt-br\/squirrel-systems-cash-drawer-solutions\/\"]}]},{\"@type\":\"ImageObject\",\"inLanguage\":\"pt-BR\",\"@id\":\"https:\/\/apgsolutions.com\/pt-br\/squirrel-systems-cash-drawer-solutions\/#primaryimage\",\"url\":\"https:\/\/apgsolutions.com\/wp-content\/uploads\/2023\/05\/squirrel-systems-logo-300x180-1.png\",\"contentUrl\":\"https:\/\/apgsolutions.com\/wp-content\/uploads\/2023\/05\/squirrel-systems-logo-300x180-1.png\"},{\"@type\":\"WebSite\",\"@id\":\"https:\/\/apgsolutions.com\/pt-br\/#website\",\"url\":\"https:\/\/apgsolutions.com\/pt-br\/\",\"name\":\"APG Solutions, LLC\",\"description\":\"Trust at every point.\",\"publisher\":{\"@id\":\"https:\/\/apgsolutions.com\/pt-br\/#organization\"},\"potentialAction\":[{\"@type\":\"SearchAction\",\"target\":{\"@type\":\"EntryPoint\",\"urlTemplate\":\"https:\/\/apgsolutions.com\/pt-br\/?s={search_term_string}\"},\"query-input\":{\"@type\":\"PropertyValueSpecification\",\"valueRequired\":true,\"valueName\":\"search_term_string\"}}],\"inLanguage\":\"pt-BR\"},{\"@type\":\"Organization\",\"@id\":\"https:\/\/apgsolutions.com\/pt-br\/#organization\",\"name\":\"APG Solution, LLC\",\"url\":\"https:\/\/apgsolutions.com\/pt-br\/\",\"logo\":{\"@type\":\"ImageObject\",\"inLanguage\":\"pt-BR\",\"@id\":\"https:\/\/apgsolutions.com\/pt-br\/#\/schema\/logo\/image\/\",\"url\":\"https:\/\/apgsolutions.com\/wp-content\/uploads\/2023\/12\/logomark-color.svg\",\"contentUrl\":\"https:\/\/apgsolutions.com\/wp-content\/uploads\/2023\/12\/logomark-color.svg\",\"width\":141,\"height\":138,\"caption\":\"APG Solution, LLC\"},\"image\":{\"@id\":\"https:\/\/apgsolutions.com\/pt-br\/#\/schema\/logo\/image\/\"},\"sameAs\":[\"https:\/\/www.facebook.com\/apgglobalsolutions\",\"https:\/\/x.com\/apg_solutions\",\"https:\/\/www.youtube.com\/c\/CashManagementGlobalSolutionsbyapg\",\"https:\/\/www.linkedin.com\/company\/apgglobalsolutions\/\",\"https:\/\/www.instagram.com\/apgglobalsolutions\/\",\"https:\/\/www.pinterest.com\/apgcashdrawer\/\"]}]}<\/script>\n<!-- \/ Yoast SEO Premium plugin. -->","yoast_head_json":{"title":"Solu\u00e7\u00f5es para gavetas de dinheiro da Squirrel Systems","description":"Op\u00e7\u00f5es de gaveta de dinheiro APG para Squirrel Systems POS. Integra\u00e7\u00f5es confi\u00e1veis para ambientes de hospitalidade.","robots":{"index":"index","follow":"follow","max-snippet":"max-snippet:-1","max-image-preview":"max-image-preview:large","max-video-preview":"max-video-preview:-1"},"canonical":"https:\/\/apgsolutions.com\/pt-br\/squirrel-systems-cash-drawer-solutions\/","og_locale":"pt_BR","og_type":"article","og_title":"Solu\u00e7\u00f5es para gavetas de dinheiro da Squirrel Systems","og_description":"Op\u00e7\u00f5es de gaveta de dinheiro APG para Squirrel Systems POS. Integra\u00e7\u00f5es confi\u00e1veis para ambientes de hospitalidade.","og_url":"https:\/\/apgsolutions.com\/pt-br\/squirrel-systems-cash-drawer-solutions\/","og_site_name":"apg\u00ae Solutions","article_publisher":"https:\/\/www.facebook.com\/apgglobalsolutions","article_modified_time":"2026-03-20T11:52:45+00:00","og_image":[{"url":"https:\/\/apgsolutions.com\/wp-content\/uploads\/2023\/05\/squirrel-systems-logo-300x180-1.png","type":"","width":"","height":""}],"twitter_card":"summary_large_image","twitter_site":"@apg_solutions","twitter_misc":{"Est. tempo de leitura":"2 minutos"},"schema":{"@context":"https:\/\/schema.org","@graph":[{"@type":"WebPage","@id":"https:\/\/apgsolutions.com\/pt-br\/squirrel-systems-cash-drawer-solutions\/","url":"https:\/\/apgsolutions.com\/pt-br\/squirrel-systems-cash-drawer-solutions\/","name":"Solu\u00e7\u00f5es para gavetas de dinheiro da Squirrel Systems","isPartOf":{"@id":"https:\/\/apgsolutions.com\/pt-br\/#website"},"primaryImageOfPage":{"@id":"https:\/\/apgsolutions.com\/pt-br\/squirrel-systems-cash-drawer-solutions\/#primaryimage"},"image":{"@id":"https:\/\/apgsolutions.com\/pt-br\/squirrel-systems-cash-drawer-solutions\/#primaryimage"},"thumbnailUrl":"https:\/\/apgsolutions.com\/wp-content\/uploads\/2023\/05\/squirrel-systems-logo-300x180-1.png","datePublished":"2026-03-20T11:47:37+00:00","dateModified":"2026-03-20T11:52:45+00:00","description":"Op\u00e7\u00f5es de gaveta de dinheiro APG para Squirrel Systems POS. Integra\u00e7\u00f5es confi\u00e1veis para ambientes de hospitalidade.","inLanguage":"pt-BR","potentialAction":[{"@type":"ReadAction","target":["https:\/\/apgsolutions.com\/pt-br\/squirrel-systems-cash-drawer-solutions\/"]}]},{"@type":"ImageObject","inLanguage":"pt-BR","@id":"https:\/\/apgsolutions.com\/pt-br\/squirrel-systems-cash-drawer-solutions\/#primaryimage","url":"https:\/\/apgsolutions.com\/wp-content\/uploads\/2023\/05\/squirrel-systems-logo-300x180-1.png","contentUrl":"https:\/\/apgsolutions.com\/wp-content\/uploads\/2023\/05\/squirrel-systems-logo-300x180-1.png"},{"@type":"WebSite","@id":"https:\/\/apgsolutions.com\/pt-br\/#website","url":"https:\/\/apgsolutions.com\/pt-br\/","name":"APG Solutions, LLC","description":"Trust at every point.","publisher":{"@id":"https:\/\/apgsolutions.com\/pt-br\/#organization"},"potentialAction":[{"@type":"SearchAction","target":{"@type":"EntryPoint","urlTemplate":"https:\/\/apgsolutions.com\/pt-br\/?s={search_term_string}"},"query-input":{"@type":"PropertyValueSpecification","valueRequired":true,"valueName":"search_term_string"}}],"inLanguage":"pt-BR"},{"@type":"Organization","@id":"https:\/\/apgsolutions.com\/pt-br\/#organization","name":"APG Solution, LLC","url":"https:\/\/apgsolutions.com\/pt-br\/","logo":{"@type":"ImageObject","inLanguage":"pt-BR","@id":"https:\/\/apgsolutions.com\/pt-br\/#\/schema\/logo\/image\/","url":"https:\/\/apgsolutions.com\/wp-content\/uploads\/2023\/12\/logomark-color.svg","contentUrl":"https:\/\/apgsolutions.com\/wp-content\/uploads\/2023\/12\/logomark-color.svg","width":141,"height":138,"caption":"APG Solution, LLC"},"image":{"@id":"https:\/\/apgsolutions.com\/pt-br\/#\/schema\/logo\/image\/"},"sameAs":["https:\/\/www.facebook.com\/apgglobalsolutions","https:\/\/x.com\/apg_solutions","https:\/\/www.youtube.com\/c\/CashManagementGlobalSolutionsbyapg","https:\/\/www.linkedin.com\/company\/apgglobalsolutions\/","https:\/\/www.instagram.com\/apgglobalsolutions\/","https:\/\/www.pinterest.com\/apgcashdrawer\/"]}]}},"acf":[],"_links":{"self":[{"href":"https:\/\/apgsolutions.com\/pt-br\/wp-json\/wp\/v2\/pages\/109298","targetHints":{"allow":["GET"]}}],"collection":[{"href":"https:\/\/apgsolutions.com\/pt-br\/wp-json\/wp\/v2\/pages"}],"about":[{"href":"https:\/\/apgsolutions.com\/pt-br\/wp-json\/wp\/v2\/types\/page"}],"author":[{"embeddable":true,"href":"https:\/\/apgsolutions.com\/pt-br\/wp-json\/wp\/v2\/users\/4"}],"replies":[{"embeddable":true,"href":"https:\/\/apgsolutions.com\/pt-br\/wp-json\/wp\/v2\/comments?post=109298"}],"version-history":[{"count":1,"href":"https:\/\/apgsolutions.com\/pt-br\/wp-json\/wp\/v2\/pages\/109298\/revisions"}],"predecessor-version":[{"id":109300,"href":"https:\/\/apgsolutions.com\/pt-br\/wp-json\/wp\/v2\/pages\/109298\/revisions\/109300"}],"wp:attachment":[{"href":"https:\/\/apgsolutions.com\/pt-br\/wp-json\/wp\/v2\/media?parent=109298"}],"curies":[{"name":"wp","href":"https:\/\/api.w.org\/{rel}","templated":true}]}}