{"id":109596,"date":"2026-03-20T11:52:51","date_gmt":"2026-03-20T11:52:51","guid":{"rendered":"https:\/\/apgsolutions.com\/cash-management-solutions-white-paper-download\/"},"modified":"2026-03-20T11:52:52","modified_gmt":"2026-03-20T11:52:52","slug":"cash-management-solutions-white-paper-download","status":"publish","type":"page","link":"https:\/\/apgsolutions.com\/pt-br\/cash-management-solutions-white-paper-download\/","title":{"rendered":"White Paper sobre solu\u00e7\u00f5es de gerenciamento de caixa Download"},"content":{"rendered":"\n<h1 class=\"wp-block-heading has-text-align-center\" id=\"h-cash-management-solutions\">Solu\u00e7\u00f5es de gerenciamento de caixa<\/h1>\n\n<p>Se voc\u00ea acha que os cart\u00f5es de cr\u00e9dito e d\u00e9bito est\u00e3o prestes a substituir o dinheiro em esp\u00e9cie nas transa\u00e7\u00f5es de varejo, pense novamente. A moeda de curso legal representa at\u00e9 40% das transa\u00e7\u00f5es em geral e at\u00e9 dois ter\u00e7os das compras abaixo de US$ 10. As empresas precisam de solu\u00e7\u00f5es de gerenciamento de caixa eficazes e econ\u00f4micas.   \u00c0 medida que a tecnologia de PDV evolui de equipamentos pesados e complexos para solu\u00e7\u00f5es mais leves e m\u00f3veis, os revendedores precisam de maneiras de permanecer relevantes. As solu\u00e7\u00f5es inteligentes de gerenciamento de numer\u00e1rio com cofres inteligentes, recicladores de numer\u00e1rio e contadores de notas baseados em peso ajudam os clientes a superar os desafios de numer\u00e1rio e permitem que os revendedores consolidem suas fun\u00e7\u00f5es de consultor de TI confi\u00e1vel. <\/p>\n\n<h2 class=\"wp-block-heading\" id=\"h-english\">Ingl\u00eas<\/h2>\n\n<p><a href=\"\/wp-content\/uploads\/2023\/05\/APG-White-Paper-Cash-Mgmt_FINAL-2.pdf\">Solu\u00e7\u00f5es de gerenciamento de caixa: A oportunidade emergente para os revendedores de PDV<\/a><br\/><a href=\"https:\/\/apgsolutions.com\/wp-content\/uploads\/2023\/05\/APG-White-Paper-Cash-Mgmt_FINAL-2.pdf\">Solu\u00e7\u00f5es de gerenciamento de numer\u00e1rio: Integra\u00e7\u00e3o da reciclagem de dinheiro aos sistemas de PDV<\/a><br\/><a href=\"https:\/\/apgsolutions.com\/wp-content\/uploads\/2023\/05\/APG-White-Paper-Cash-Mgmt-3.pdf\">Solu\u00e7\u00f5es de gerenciamento de numer\u00e1rio: Agregando valor com a tecnologia de reciclagem de numer\u00e1rio inteligente de ponta a ponta<\/a><\/p>\n\n<h2 class=\"wp-block-heading\" id=\"h-francais\">Franc\u00eas<\/h2>\n\n<p>Se voc\u00ea acha que os cart\u00f5es de cr\u00e9dito e de d\u00e9bito est\u00e3o a ponto de suplantar os pagamentos correspondentes \u00e0s transa\u00e7\u00f5es de venda a varejo, descubra. A moeda corrente representa cerca de 40 por cento das transa\u00e7\u00f5es globais e at\u00e9 dois ter\u00e7os das compras de menos de 10 d\u00f3lares. Embora os pagamentos eletr\u00f4nicos e por cart\u00e3o de cr\u00e9dito tenham sido frequentemente pressionados como as transa\u00e7\u00f5es do futuro, a sociedade sem moeda n\u00e3o est\u00e1 a ponto de ver o dia.  <\/p>\n\n<p><a href=\"\/wp-content\/uploads\/2023\/05\/APG-White-Paper-Cash-Mgmt-FR-2-Integrating-Cash-Recycling.pdf\">SOLU\u00c7\u00d5ES DE GEST\u00c3O DE PAIEMENTOS COMPTANTES: uma nova oportunidade para os fornecedores de PDV<\/a><br\/><a href=\"https:\/\/apgsolutions.com\/wp-content\/uploads\/2023\/05\/FR-3-APG-WhitePaper-Cash-Mgmt-BLUE-FR-Intergating-cash-recycling-into-POS-systems.pdf\">SOLU\u00c7\u00d5ES DE GERENCIAMENTO DE ESP\u00c9CIES: Integra\u00e7\u00e3o da reciclagem de esp\u00e9cies nos sistemas de PDV<\/a><\/p>\n\n<h2 class=\"wp-block-heading\" id=\"h-deutsch\">Alem\u00e3o<\/h2>\n\n<p>Se voc\u00ea tem a inten\u00e7\u00e3o de dizer que os cart\u00f5es de cr\u00e9dito e d\u00e9bito devem ser cobrados com barreira para os clientes de servi\u00e7os eletr\u00f4nicos, voc\u00ea deve se informar novamente. Os Zahlungsmittel da Gesetzliche fazem com que at\u00e9 40 por cento das transa\u00e7\u00f5es sejam feitas em conjunto e at\u00e9 dois d\u00edgitos das compras abaixo de 10 d\u00f3lares. Como os plastificantes e as vendas eletr\u00f4nicas s\u00e3o frequentemente considerados como o futuro do futuro, a sociedade em geral, muitas vezes profetizada como bargeldlose, n\u00e3o est\u00e1 em perigo.  <\/p>\n\n<p><a href=\"\/wp-content\/uploads\/2023\/05\/DE-APG-White-Paper-Cash-Mgmt-BLUE-DE.pdf\">GERENCIAMENTO DE DINHEIRO: A nova realidade para os comerciantes de PDV<\/a><br\/><a href=\"https:\/\/apgsolutions.com\/wp-content\/uploads\/2023\/05\/APG-White-Paper-Cash-Mgmt-2-Integrating-Cash-Recycling-DE.pdf\">CASH MANAGEMENT-L\u00d6SUNGEN: Reciclagem de dinheiro em sistemas de PDV integrados<\/a><br\/><a href=\"https:\/\/apgsolutions.com\/wp-content\/uploads\/2023\/05\/APG-White-Paper-Cash-Mgmt-3-Adding-Value-DE.pdf\">CASH MANAGEMENT-L\u00d6SUNGEN: Mais benef\u00edcios com uma tecnologia de reciclagem de dinheiro completa<\/a><\/p>\n\n<p><\/p>\n","protected":false},"excerpt":{"rendered":"<p>Solu\u00e7\u00f5es de gerenciamento de caixa Se voc\u00ea acha que os cart\u00f5es de cr\u00e9dito e d\u00e9bito est\u00e3o prestes a substituir o dinheiro em esp\u00e9cie nas transa\u00e7\u00f5es de varejo, pense novamente. A moeda de curso legal representa at\u00e9 40% das transa\u00e7\u00f5es em geral e at\u00e9 dois ter\u00e7os das compras abaixo de US$ 10. As empresas precisam de [&hellip;]<\/p>\n","protected":false},"author":4,"featured_media":0,"parent":0,"menu_order":0,"comment_status":"closed","ping_status":"closed","template":"","meta":{"_acf_changed":false,"content-type":"","footnotes":""},"class_list":["post-109596","page","type-page","status-publish"],"yoast_head":"<!-- This site is optimized with the Yoast SEO Premium plugin v23.5 (Yoast SEO v27.2) - https:\/\/yoast.com\/product\/yoast-seo-premium-wordpress\/ -->\n<title>White Paper sobre solu\u00e7\u00f5es de gerenciamento de caixa Download<\/title>\n<meta name=\"description\" content=\"Fa\u00e7a o download de recursos sobre solu\u00e7\u00f5es de gerenciamento de numer\u00e1rio. Saiba mais sobre ferramentas inteligentes para efici\u00eancia e seguran\u00e7a no varejo.\" \/>\n<meta name=\"robots\" content=\"index, follow, max-snippet:-1, max-image-preview:large, max-video-preview:-1\" \/>\n<link rel=\"canonical\" href=\"https:\/\/apgsolutions.com\/pt-br\/cash-management-solutions-white-paper-download\/\" \/>\n<meta property=\"og:locale\" content=\"pt_BR\" \/>\n<meta property=\"og:type\" content=\"article\" \/>\n<meta property=\"og:title\" content=\"White Paper sobre solu\u00e7\u00f5es de gerenciamento de caixa Download\" \/>\n<meta property=\"og:description\" content=\"Fa\u00e7a o download de recursos sobre solu\u00e7\u00f5es de gerenciamento de numer\u00e1rio. Saiba mais sobre ferramentas inteligentes para efici\u00eancia e seguran\u00e7a no varejo.\" \/>\n<meta property=\"og:url\" content=\"https:\/\/apgsolutions.com\/pt-br\/cash-management-solutions-white-paper-download\/\" \/>\n<meta property=\"og:site_name\" content=\"apg\u00ae Solutions\" \/>\n<meta property=\"article:publisher\" content=\"https:\/\/www.facebook.com\/apgglobalsolutions\" \/>\n<meta property=\"article:modified_time\" content=\"2026-03-20T11:52:52+00:00\" \/>\n<meta name=\"twitter:card\" content=\"summary_large_image\" \/>\n<meta name=\"twitter:site\" content=\"@apg_solutions\" \/>\n<meta name=\"twitter:label1\" content=\"Est. tempo de leitura\" \/>\n\t<meta name=\"twitter:data1\" content=\"2 minutos\" \/>\n<script type=\"application\/ld+json\" class=\"yoast-schema-graph\">{\"@context\":\"https:\/\/schema.org\",\"@graph\":[{\"@type\":\"WebPage\",\"@id\":\"https:\/\/apgsolutions.com\/pt-br\/cash-management-solutions-white-paper-download\/\",\"url\":\"https:\/\/apgsolutions.com\/pt-br\/cash-management-solutions-white-paper-download\/\",\"name\":\"White Paper sobre solu\u00e7\u00f5es de gerenciamento de caixa Download\",\"isPartOf\":{\"@id\":\"https:\/\/apgsolutions.com\/pt-br\/#website\"},\"datePublished\":\"2026-03-20T11:52:51+00:00\",\"dateModified\":\"2026-03-20T11:52:52+00:00\",\"description\":\"Fa\u00e7a o download de recursos sobre solu\u00e7\u00f5es de gerenciamento de numer\u00e1rio. Saiba mais sobre ferramentas inteligentes para efici\u00eancia e seguran\u00e7a no varejo.\",\"inLanguage\":\"pt-BR\",\"potentialAction\":[{\"@type\":\"ReadAction\",\"target\":[\"https:\/\/apgsolutions.com\/pt-br\/cash-management-solutions-white-paper-download\/\"]}]},{\"@type\":\"WebSite\",\"@id\":\"https:\/\/apgsolutions.com\/pt-br\/#website\",\"url\":\"https:\/\/apgsolutions.com\/pt-br\/\",\"name\":\"APG Solutions, LLC\",\"description\":\"Trust at every point.\",\"publisher\":{\"@id\":\"https:\/\/apgsolutions.com\/pt-br\/#organization\"},\"potentialAction\":[{\"@type\":\"SearchAction\",\"target\":{\"@type\":\"EntryPoint\",\"urlTemplate\":\"https:\/\/apgsolutions.com\/pt-br\/?s={search_term_string}\"},\"query-input\":{\"@type\":\"PropertyValueSpecification\",\"valueRequired\":true,\"valueName\":\"search_term_string\"}}],\"inLanguage\":\"pt-BR\"},{\"@type\":\"Organization\",\"@id\":\"https:\/\/apgsolutions.com\/pt-br\/#organization\",\"name\":\"APG Solution, LLC\",\"url\":\"https:\/\/apgsolutions.com\/pt-br\/\",\"logo\":{\"@type\":\"ImageObject\",\"inLanguage\":\"pt-BR\",\"@id\":\"https:\/\/apgsolutions.com\/pt-br\/#\/schema\/logo\/image\/\",\"url\":\"https:\/\/apgsolutions.com\/wp-content\/uploads\/2023\/12\/logomark-color.svg\",\"contentUrl\":\"https:\/\/apgsolutions.com\/wp-content\/uploads\/2023\/12\/logomark-color.svg\",\"width\":141,\"height\":138,\"caption\":\"APG Solution, LLC\"},\"image\":{\"@id\":\"https:\/\/apgsolutions.com\/pt-br\/#\/schema\/logo\/image\/\"},\"sameAs\":[\"https:\/\/www.facebook.com\/apgglobalsolutions\",\"https:\/\/x.com\/apg_solutions\",\"https:\/\/www.youtube.com\/c\/CashManagementGlobalSolutionsbyapg\",\"https:\/\/www.linkedin.com\/company\/apgglobalsolutions\/\",\"https:\/\/www.instagram.com\/apgglobalsolutions\/\",\"https:\/\/www.pinterest.com\/apgcashdrawer\/\"]}]}<\/script>\n<!-- \/ Yoast SEO Premium plugin. -->","yoast_head_json":{"title":"White Paper sobre solu\u00e7\u00f5es de gerenciamento de caixa Download","description":"Fa\u00e7a o download de recursos sobre solu\u00e7\u00f5es de gerenciamento de numer\u00e1rio. Saiba mais sobre ferramentas inteligentes para efici\u00eancia e seguran\u00e7a no varejo.","robots":{"index":"index","follow":"follow","max-snippet":"max-snippet:-1","max-image-preview":"max-image-preview:large","max-video-preview":"max-video-preview:-1"},"canonical":"https:\/\/apgsolutions.com\/pt-br\/cash-management-solutions-white-paper-download\/","og_locale":"pt_BR","og_type":"article","og_title":"White Paper sobre solu\u00e7\u00f5es de gerenciamento de caixa Download","og_description":"Fa\u00e7a o download de recursos sobre solu\u00e7\u00f5es de gerenciamento de numer\u00e1rio. Saiba mais sobre ferramentas inteligentes para efici\u00eancia e seguran\u00e7a no varejo.","og_url":"https:\/\/apgsolutions.com\/pt-br\/cash-management-solutions-white-paper-download\/","og_site_name":"apg\u00ae Solutions","article_publisher":"https:\/\/www.facebook.com\/apgglobalsolutions","article_modified_time":"2026-03-20T11:52:52+00:00","twitter_card":"summary_large_image","twitter_site":"@apg_solutions","twitter_misc":{"Est. tempo de leitura":"2 minutos"},"schema":{"@context":"https:\/\/schema.org","@graph":[{"@type":"WebPage","@id":"https:\/\/apgsolutions.com\/pt-br\/cash-management-solutions-white-paper-download\/","url":"https:\/\/apgsolutions.com\/pt-br\/cash-management-solutions-white-paper-download\/","name":"White Paper sobre solu\u00e7\u00f5es de gerenciamento de caixa Download","isPartOf":{"@id":"https:\/\/apgsolutions.com\/pt-br\/#website"},"datePublished":"2026-03-20T11:52:51+00:00","dateModified":"2026-03-20T11:52:52+00:00","description":"Fa\u00e7a o download de recursos sobre solu\u00e7\u00f5es de gerenciamento de numer\u00e1rio. Saiba mais sobre ferramentas inteligentes para efici\u00eancia e seguran\u00e7a no varejo.","inLanguage":"pt-BR","potentialAction":[{"@type":"ReadAction","target":["https:\/\/apgsolutions.com\/pt-br\/cash-management-solutions-white-paper-download\/"]}]},{"@type":"WebSite","@id":"https:\/\/apgsolutions.com\/pt-br\/#website","url":"https:\/\/apgsolutions.com\/pt-br\/","name":"APG Solutions, LLC","description":"Trust at every point.","publisher":{"@id":"https:\/\/apgsolutions.com\/pt-br\/#organization"},"potentialAction":[{"@type":"SearchAction","target":{"@type":"EntryPoint","urlTemplate":"https:\/\/apgsolutions.com\/pt-br\/?s={search_term_string}"},"query-input":{"@type":"PropertyValueSpecification","valueRequired":true,"valueName":"search_term_string"}}],"inLanguage":"pt-BR"},{"@type":"Organization","@id":"https:\/\/apgsolutions.com\/pt-br\/#organization","name":"APG Solution, LLC","url":"https:\/\/apgsolutions.com\/pt-br\/","logo":{"@type":"ImageObject","inLanguage":"pt-BR","@id":"https:\/\/apgsolutions.com\/pt-br\/#\/schema\/logo\/image\/","url":"https:\/\/apgsolutions.com\/wp-content\/uploads\/2023\/12\/logomark-color.svg","contentUrl":"https:\/\/apgsolutions.com\/wp-content\/uploads\/2023\/12\/logomark-color.svg","width":141,"height":138,"caption":"APG Solution, LLC"},"image":{"@id":"https:\/\/apgsolutions.com\/pt-br\/#\/schema\/logo\/image\/"},"sameAs":["https:\/\/www.facebook.com\/apgglobalsolutions","https:\/\/x.com\/apg_solutions","https:\/\/www.youtube.com\/c\/CashManagementGlobalSolutionsbyapg","https:\/\/www.linkedin.com\/company\/apgglobalsolutions\/","https:\/\/www.instagram.com\/apgglobalsolutions\/","https:\/\/www.pinterest.com\/apgcashdrawer\/"]}]}},"acf":[],"_links":{"self":[{"href":"https:\/\/apgsolutions.com\/pt-br\/wp-json\/wp\/v2\/pages\/109596","targetHints":{"allow":["GET"]}}],"collection":[{"href":"https:\/\/apgsolutions.com\/pt-br\/wp-json\/wp\/v2\/pages"}],"about":[{"href":"https:\/\/apgsolutions.com\/pt-br\/wp-json\/wp\/v2\/types\/page"}],"author":[{"embeddable":true,"href":"https:\/\/apgsolutions.com\/pt-br\/wp-json\/wp\/v2\/users\/4"}],"replies":[{"embeddable":true,"href":"https:\/\/apgsolutions.com\/pt-br\/wp-json\/wp\/v2\/comments?post=109596"}],"version-history":[{"count":1,"href":"https:\/\/apgsolutions.com\/pt-br\/wp-json\/wp\/v2\/pages\/109596\/revisions"}],"predecessor-version":[{"id":109604,"href":"https:\/\/apgsolutions.com\/pt-br\/wp-json\/wp\/v2\/pages\/109596\/revisions\/109604"}],"wp:attachment":[{"href":"https:\/\/apgsolutions.com\/pt-br\/wp-json\/wp\/v2\/media?parent=109596"}],"curies":[{"name":"wp","href":"https:\/\/api.w.org\/{rel}","templated":true}]}}