{"id":109606,"date":"2026-03-20T11:52:53","date_gmt":"2026-03-20T11:52:53","guid":{"rendered":"https:\/\/apgsolutions.com\/cash-drawer-overview-keys-locks-description-use-white-paper-download\/"},"modified":"2026-03-20T11:58:01","modified_gmt":"2026-03-20T11:58:01","slug":"cash-drawer-overview-keys-locks-description-use-white-paper-download","status":"publish","type":"page","link":"https:\/\/apgsolutions.com\/pt-br\/cash-drawer-overview-keys-locks-description-use-white-paper-download\/","title":{"rendered":"Vis\u00e3o geral da gaveta de dinheiro: Descri\u00e7\u00e3o e uso de chaves e cadeados"},"content":{"rendered":"\n<h1 class=\"wp-block-heading has-text-align-center\" id=\"h-cash-drawer-overview-keys-and-locks-description-and-use\">Vis\u00e3o geral da gaveta de dinheiro: Descri\u00e7\u00e3o e uso de chaves e cadeados<\/h1>\n\n<p>Uma gaveta de dinheiro oferece um local tempor\u00e1rio e razoavelmente seguro para armazenar e apresentar o dinheiro classificado em transa\u00e7\u00f5es de varejo. Este white paper destaca as op\u00e7\u00f5es de chave e trava da APG Cash Drawer. <\/p>\n\n<p><a href=\"\/wp-content\/uploads\/2023\/05\/Lock-Design.pdf\">Vis\u00e3o geral da gaveta de dinheiro APG &#8211; Descri\u00e7\u00e3o e uso das chaves e travas<\/a><\/p>\n","protected":false},"excerpt":{"rendered":"<p>Vis\u00e3o geral da gaveta de dinheiro: Descri\u00e7\u00e3o e uso de chaves e cadeados Uma gaveta de dinheiro oferece um local tempor\u00e1rio e razoavelmente seguro para armazenar e apresentar o dinheiro classificado em transa\u00e7\u00f5es de varejo. Este white paper destaca as op\u00e7\u00f5es de chave e trava da APG Cash Drawer. Vis\u00e3o geral da gaveta de dinheiro [&hellip;]<\/p>\n","protected":false},"author":4,"featured_media":0,"parent":0,"menu_order":0,"comment_status":"closed","ping_status":"closed","template":"","meta":{"_acf_changed":false,"content-type":"","footnotes":""},"class_list":["post-109606","page","type-page","status-publish"],"yoast_head":"<!-- This site is optimized with the Yoast SEO Premium plugin v23.5 (Yoast SEO v27.2) - https:\/\/yoast.com\/product\/yoast-seo-premium-wordpress\/ -->\n<title>Vis\u00e3o geral da gaveta de dinheiro: Descri\u00e7\u00e3o e uso de chaves e cadeados<\/title>\n<meta name=\"description\" content=\"Vis\u00e3o geral das chaves e travas de gavetas de dinheiro. Acesso a recursos e informa\u00e7\u00f5es sobre uso e manuten\u00e7\u00e3o de equipamentos de PDV.\" \/>\n<meta name=\"robots\" content=\"index, follow, max-snippet:-1, max-image-preview:large, max-video-preview:-1\" \/>\n<link rel=\"canonical\" href=\"https:\/\/apgsolutions.com\/pt-br\/cash-drawer-overview-keys-locks-description-use-white-paper-download\/\" \/>\n<meta property=\"og:locale\" content=\"pt_BR\" \/>\n<meta property=\"og:type\" content=\"article\" \/>\n<meta property=\"og:title\" content=\"Vis\u00e3o geral da gaveta de dinheiro: Descri\u00e7\u00e3o e uso de chaves e cadeados\" \/>\n<meta property=\"og:description\" content=\"Vis\u00e3o geral das chaves e travas de gavetas de dinheiro. Acesso a recursos e informa\u00e7\u00f5es sobre uso e manuten\u00e7\u00e3o de equipamentos de PDV.\" \/>\n<meta property=\"og:url\" content=\"https:\/\/apgsolutions.com\/pt-br\/cash-drawer-overview-keys-locks-description-use-white-paper-download\/\" \/>\n<meta property=\"og:site_name\" content=\"apg\u00ae Solutions\" \/>\n<meta property=\"article:publisher\" content=\"https:\/\/www.facebook.com\/apgglobalsolutions\" \/>\n<meta property=\"article:modified_time\" content=\"2026-03-20T11:58:01+00:00\" \/>\n<meta name=\"twitter:card\" content=\"summary_large_image\" \/>\n<meta name=\"twitter:site\" content=\"@apg_solutions\" \/>\n<script type=\"application\/ld+json\" class=\"yoast-schema-graph\">{\"@context\":\"https:\/\/schema.org\",\"@graph\":[{\"@type\":\"WebPage\",\"@id\":\"https:\/\/apgsolutions.com\/pt-br\/cash-drawer-overview-keys-locks-description-use-white-paper-download\/\",\"url\":\"https:\/\/apgsolutions.com\/pt-br\/cash-drawer-overview-keys-locks-description-use-white-paper-download\/\",\"name\":\"Vis\u00e3o geral da gaveta de dinheiro: Descri\u00e7\u00e3o e uso de chaves e cadeados\",\"isPartOf\":{\"@id\":\"https:\/\/apgsolutions.com\/pt-br\/#website\"},\"datePublished\":\"2026-03-20T11:52:53+00:00\",\"dateModified\":\"2026-03-20T11:58:01+00:00\",\"description\":\"Vis\u00e3o geral das chaves e travas de gavetas de dinheiro. Acesso a recursos e informa\u00e7\u00f5es sobre uso e manuten\u00e7\u00e3o de equipamentos de PDV.\",\"inLanguage\":\"pt-BR\",\"potentialAction\":[{\"@type\":\"ReadAction\",\"target\":[\"https:\/\/apgsolutions.com\/pt-br\/cash-drawer-overview-keys-locks-description-use-white-paper-download\/\"]}]},{\"@type\":\"WebSite\",\"@id\":\"https:\/\/apgsolutions.com\/pt-br\/#website\",\"url\":\"https:\/\/apgsolutions.com\/pt-br\/\",\"name\":\"APG Solutions, LLC\",\"description\":\"Trust at every point.\",\"publisher\":{\"@id\":\"https:\/\/apgsolutions.com\/pt-br\/#organization\"},\"potentialAction\":[{\"@type\":\"SearchAction\",\"target\":{\"@type\":\"EntryPoint\",\"urlTemplate\":\"https:\/\/apgsolutions.com\/pt-br\/?s={search_term_string}\"},\"query-input\":{\"@type\":\"PropertyValueSpecification\",\"valueRequired\":true,\"valueName\":\"search_term_string\"}}],\"inLanguage\":\"pt-BR\"},{\"@type\":\"Organization\",\"@id\":\"https:\/\/apgsolutions.com\/pt-br\/#organization\",\"name\":\"APG Solution, LLC\",\"url\":\"https:\/\/apgsolutions.com\/pt-br\/\",\"logo\":{\"@type\":\"ImageObject\",\"inLanguage\":\"pt-BR\",\"@id\":\"https:\/\/apgsolutions.com\/pt-br\/#\/schema\/logo\/image\/\",\"url\":\"https:\/\/apgsolutions.com\/wp-content\/uploads\/2023\/12\/logomark-color.svg\",\"contentUrl\":\"https:\/\/apgsolutions.com\/wp-content\/uploads\/2023\/12\/logomark-color.svg\",\"width\":141,\"height\":138,\"caption\":\"APG Solution, LLC\"},\"image\":{\"@id\":\"https:\/\/apgsolutions.com\/pt-br\/#\/schema\/logo\/image\/\"},\"sameAs\":[\"https:\/\/www.facebook.com\/apgglobalsolutions\",\"https:\/\/x.com\/apg_solutions\",\"https:\/\/www.youtube.com\/c\/CashManagementGlobalSolutionsbyapg\",\"https:\/\/www.linkedin.com\/company\/apgglobalsolutions\/\",\"https:\/\/www.instagram.com\/apgglobalsolutions\/\",\"https:\/\/www.pinterest.com\/apgcashdrawer\/\"]}]}<\/script>\n<!-- \/ Yoast SEO Premium plugin. -->","yoast_head_json":{"title":"Vis\u00e3o geral da gaveta de dinheiro: Descri\u00e7\u00e3o e uso de chaves e cadeados","description":"Vis\u00e3o geral das chaves e travas de gavetas de dinheiro. Acesso a recursos e informa\u00e7\u00f5es sobre uso e manuten\u00e7\u00e3o de equipamentos de PDV.","robots":{"index":"index","follow":"follow","max-snippet":"max-snippet:-1","max-image-preview":"max-image-preview:large","max-video-preview":"max-video-preview:-1"},"canonical":"https:\/\/apgsolutions.com\/pt-br\/cash-drawer-overview-keys-locks-description-use-white-paper-download\/","og_locale":"pt_BR","og_type":"article","og_title":"Vis\u00e3o geral da gaveta de dinheiro: Descri\u00e7\u00e3o e uso de chaves e cadeados","og_description":"Vis\u00e3o geral das chaves e travas de gavetas de dinheiro. Acesso a recursos e informa\u00e7\u00f5es sobre uso e manuten\u00e7\u00e3o de equipamentos de PDV.","og_url":"https:\/\/apgsolutions.com\/pt-br\/cash-drawer-overview-keys-locks-description-use-white-paper-download\/","og_site_name":"apg\u00ae Solutions","article_publisher":"https:\/\/www.facebook.com\/apgglobalsolutions","article_modified_time":"2026-03-20T11:58:01+00:00","twitter_card":"summary_large_image","twitter_site":"@apg_solutions","schema":{"@context":"https:\/\/schema.org","@graph":[{"@type":"WebPage","@id":"https:\/\/apgsolutions.com\/pt-br\/cash-drawer-overview-keys-locks-description-use-white-paper-download\/","url":"https:\/\/apgsolutions.com\/pt-br\/cash-drawer-overview-keys-locks-description-use-white-paper-download\/","name":"Vis\u00e3o geral da gaveta de dinheiro: Descri\u00e7\u00e3o e uso de chaves e cadeados","isPartOf":{"@id":"https:\/\/apgsolutions.com\/pt-br\/#website"},"datePublished":"2026-03-20T11:52:53+00:00","dateModified":"2026-03-20T11:58:01+00:00","description":"Vis\u00e3o geral das chaves e travas de gavetas de dinheiro. Acesso a recursos e informa\u00e7\u00f5es sobre uso e manuten\u00e7\u00e3o de equipamentos de PDV.","inLanguage":"pt-BR","potentialAction":[{"@type":"ReadAction","target":["https:\/\/apgsolutions.com\/pt-br\/cash-drawer-overview-keys-locks-description-use-white-paper-download\/"]}]},{"@type":"WebSite","@id":"https:\/\/apgsolutions.com\/pt-br\/#website","url":"https:\/\/apgsolutions.com\/pt-br\/","name":"APG Solutions, LLC","description":"Trust at every point.","publisher":{"@id":"https:\/\/apgsolutions.com\/pt-br\/#organization"},"potentialAction":[{"@type":"SearchAction","target":{"@type":"EntryPoint","urlTemplate":"https:\/\/apgsolutions.com\/pt-br\/?s={search_term_string}"},"query-input":{"@type":"PropertyValueSpecification","valueRequired":true,"valueName":"search_term_string"}}],"inLanguage":"pt-BR"},{"@type":"Organization","@id":"https:\/\/apgsolutions.com\/pt-br\/#organization","name":"APG Solution, LLC","url":"https:\/\/apgsolutions.com\/pt-br\/","logo":{"@type":"ImageObject","inLanguage":"pt-BR","@id":"https:\/\/apgsolutions.com\/pt-br\/#\/schema\/logo\/image\/","url":"https:\/\/apgsolutions.com\/wp-content\/uploads\/2023\/12\/logomark-color.svg","contentUrl":"https:\/\/apgsolutions.com\/wp-content\/uploads\/2023\/12\/logomark-color.svg","width":141,"height":138,"caption":"APG Solution, LLC"},"image":{"@id":"https:\/\/apgsolutions.com\/pt-br\/#\/schema\/logo\/image\/"},"sameAs":["https:\/\/www.facebook.com\/apgglobalsolutions","https:\/\/x.com\/apg_solutions","https:\/\/www.youtube.com\/c\/CashManagementGlobalSolutionsbyapg","https:\/\/www.linkedin.com\/company\/apgglobalsolutions\/","https:\/\/www.instagram.com\/apgglobalsolutions\/","https:\/\/www.pinterest.com\/apgcashdrawer\/"]}]}},"acf":[],"_links":{"self":[{"href":"https:\/\/apgsolutions.com\/pt-br\/wp-json\/wp\/v2\/pages\/109606","targetHints":{"allow":["GET"]}}],"collection":[{"href":"https:\/\/apgsolutions.com\/pt-br\/wp-json\/wp\/v2\/pages"}],"about":[{"href":"https:\/\/apgsolutions.com\/pt-br\/wp-json\/wp\/v2\/types\/page"}],"author":[{"embeddable":true,"href":"https:\/\/apgsolutions.com\/pt-br\/wp-json\/wp\/v2\/users\/4"}],"replies":[{"embeddable":true,"href":"https:\/\/apgsolutions.com\/pt-br\/wp-json\/wp\/v2\/comments?post=109606"}],"version-history":[{"count":1,"href":"https:\/\/apgsolutions.com\/pt-br\/wp-json\/wp\/v2\/pages\/109606\/revisions"}],"predecessor-version":[{"id":109607,"href":"https:\/\/apgsolutions.com\/pt-br\/wp-json\/wp\/v2\/pages\/109606\/revisions\/109607"}],"wp:attachment":[{"href":"https:\/\/apgsolutions.com\/pt-br\/wp-json\/wp\/v2\/media?parent=109606"}],"curies":[{"name":"wp","href":"https:\/\/api.w.org\/{rel}","templated":true}]}}