{"id":109610,"date":"2026-03-20T11:52:53","date_gmt":"2026-03-20T11:52:53","guid":{"rendered":"https:\/\/apgsolutions.com\/hp-partners\/"},"modified":"2026-03-20T11:58:02","modified_gmt":"2026-03-20T11:58:02","slug":"hp-partners","status":"publish","type":"page","link":"https:\/\/apgsolutions.com\/pt-br\/hp-partners\/","title":{"rendered":"Parceiros HP"},"content":{"rendered":"<div class=\"section_page-header \">\n    <img decoding=\"async\" class=\"header-image\" src=\"https:\/\/apgsolutions.com\/wp-content\/uploads\/2023\/04\/dark-blue-rotated.jpg\" alt=\"dark-blue\" title=\"dark-blue\">\n            <div class=\"header-content\">\n            <h1>HP Product Exchange Form<\/h1>\n        <\/div>\n    <\/div>\n<h2 class=\"wp-block-heading has-text-align-center\" id=\"h-please-complete-and-submit-the-information-below-and-apg-will-review-your-products-to-see-if-they-meet-the-requirements-for-this-exchange\">Preencha e envie as informa\u00e7\u00f5es abaixo e a APG analisar\u00e1 seus produtos para verificar se eles atendem aos requisitos para essa troca.<\/h2>\n\n<h3 class=\"wp-block-heading has-text-align-left\"><strong>Insira os dados a seguir para que possamos ativar o processo de tratamento de res\u00edduos para voc\u00ea.<\/strong><\/h3>\n\n<p class=\"has-text-align-left\">Voc\u00ea ser\u00e1 solicitado a fornecer o n\u00famero de pe\u00e7a e o n\u00famero de s\u00e9rie da gaveta de dinheiro. Consulte o exemplo de etiqueta abaixo, destacando o local geral onde voc\u00ea encontrar\u00e1 essas informa\u00e7\u00f5es. Os n\u00fameros de pe\u00e7a geralmente podem ser encontrados na caixa destacada em verde e o n\u00famero de s\u00e9rie pode ser localizado na etiqueta na caixa destacada em amarelo.  <\/p>\n<div class=\"wp-block-image\">\n<figure class=\"aligncenter size-full\"><img fetchpriority=\"high\" decoding=\"async\" width=\"474\" height=\"711\" src=\"https:\/\/apgsolutions.com\/wp-content\/uploads\/2023\/04\/serial-number-example.jpg\" alt=\"exemplo de n&#xFA;mero de s&#xE9;rie\" class=\"wp-image-1487\" srcset=\"https:\/\/apgsolutions.com\/wp-content\/uploads\/2023\/04\/serial-number-example.jpg 474w, https:\/\/apgsolutions.com\/wp-content\/uploads\/2023\/04\/serial-number-example-200x300.jpg 200w\" sizes=\"(max-width: 474px) 100vw, 474px\" \/><\/figure>\n<\/div><p><script charset=\"utf-8\" type=\"text\/javascript\" src=\"\/\/js.hsforms.net\/forms\/embed\/v2.js\"><\/script><br \/>\n<script>\n  hbspt.forms.create({\n    region: \"na1\",\n    portalId: \"3337275\",\n    formId: \"45e03d15-1b29-415f-90a0-01f72d58239b\"\n  });\n<\/script><\/p>\n\n<p class=\"has-text-align-left\">Se o seu produto se qualificar para o programa de troca, a APG enviar\u00e1 a voc\u00ea instru\u00e7\u00f5es de remessa para encaminhar as gavetas de dinheiro para o local de descarte seguro de res\u00edduos. Quando o produto chegar ao local de descarte seguro de res\u00edduos, ele ser\u00e1 retrabalhado e devolvido. Depois de fornecer suas informa\u00e7\u00f5es no formul\u00e1rio acima, voc\u00ea ser\u00e1 contatado pelo <a href=\"mailto:Dwr-returns@apgsolutions.com\">e-mail Dwr-returns@apgsolutions.com.<\/a>  <\/p>\n\n<p class=\"has-text-align-left\">Se voc\u00ea tiver alguma d\u00favida ou pergunta, entre em contato conosco pelo <a href=\"mailto:Dwr-returns@apgsolutions.com\">e-mail Dwr-returns@apgsolutions.com.<\/a><\/p>\n","protected":false},"excerpt":{"rendered":"<p>Preencha e envie as informa\u00e7\u00f5es abaixo e a APG analisar\u00e1 seus produtos para verificar se eles atendem aos requisitos para essa troca. Insira os dados a seguir para que possamos ativar o processo de tratamento de res\u00edduos para voc\u00ea. Voc\u00ea ser\u00e1 solicitado a fornecer o n\u00famero de pe\u00e7a e o n\u00famero de s\u00e9rie da gaveta [&hellip;]<\/p>\n","protected":false},"author":4,"featured_media":0,"parent":0,"menu_order":0,"comment_status":"closed","ping_status":"closed","template":"","meta":{"_acf_changed":false,"content-type":"","footnotes":""},"class_list":["post-109610","page","type-page","status-publish"],"yoast_head":"<!-- This site is optimized with the Yoast SEO Premium plugin v23.5 (Yoast SEO v27.2) - https:\/\/yoast.com\/product\/yoast-seo-premium-wordpress\/ -->\n<title>Parceiros HP<\/title>\n<meta name=\"description\" content=\"Informa\u00e7\u00f5es para parceiros da HP sobre troca de produtos e suporte. Gerencie as atualiza\u00e7\u00f5es e a conformidade da gaveta de dinheiro.\" \/>\n<meta name=\"robots\" content=\"index, follow, max-snippet:-1, max-image-preview:large, max-video-preview:-1\" \/>\n<link rel=\"canonical\" href=\"https:\/\/apgsolutions.com\/pt-br\/hp-partners\/\" \/>\n<meta property=\"og:locale\" content=\"pt_BR\" \/>\n<meta property=\"og:type\" content=\"article\" \/>\n<meta property=\"og:title\" content=\"Parceiros HP\" \/>\n<meta property=\"og:description\" content=\"Informa\u00e7\u00f5es para parceiros da HP sobre troca de produtos e suporte. Gerencie as atualiza\u00e7\u00f5es e a conformidade da gaveta de dinheiro.\" \/>\n<meta property=\"og:url\" content=\"https:\/\/apgsolutions.com\/pt-br\/hp-partners\/\" \/>\n<meta property=\"og:site_name\" content=\"apg\u00ae Solutions\" \/>\n<meta property=\"article:publisher\" content=\"https:\/\/www.facebook.com\/apgglobalsolutions\" \/>\n<meta property=\"article:modified_time\" content=\"2026-03-20T11:58:02+00:00\" \/>\n<meta property=\"og:image\" content=\"https:\/\/apgsolutions.com\/wp-content\/uploads\/2023\/04\/serial-number-example.jpg\" \/>\n<meta name=\"twitter:card\" content=\"summary_large_image\" \/>\n<meta name=\"twitter:site\" content=\"@apg_solutions\" \/>\n<meta name=\"twitter:label1\" content=\"Est. tempo de leitura\" \/>\n\t<meta name=\"twitter:data1\" content=\"1 minuto\" \/>\n<script type=\"application\/ld+json\" class=\"yoast-schema-graph\">{\"@context\":\"https:\/\/schema.org\",\"@graph\":[{\"@type\":\"WebPage\",\"@id\":\"https:\/\/apgsolutions.com\/pt-br\/hp-partners\/\",\"url\":\"https:\/\/apgsolutions.com\/pt-br\/hp-partners\/\",\"name\":\"Parceiros HP\",\"isPartOf\":{\"@id\":\"https:\/\/apgsolutions.com\/pt-br\/#website\"},\"primaryImageOfPage\":{\"@id\":\"https:\/\/apgsolutions.com\/pt-br\/hp-partners\/#primaryimage\"},\"image\":{\"@id\":\"https:\/\/apgsolutions.com\/pt-br\/hp-partners\/#primaryimage\"},\"thumbnailUrl\":\"https:\/\/apgsolutions.com\/wp-content\/uploads\/2023\/04\/serial-number-example.jpg\",\"datePublished\":\"2026-03-20T11:52:53+00:00\",\"dateModified\":\"2026-03-20T11:58:02+00:00\",\"description\":\"Informa\u00e7\u00f5es para parceiros da HP sobre troca de produtos e suporte. Gerencie as atualiza\u00e7\u00f5es e a conformidade da gaveta de dinheiro.\",\"inLanguage\":\"pt-BR\",\"potentialAction\":[{\"@type\":\"ReadAction\",\"target\":[\"https:\/\/apgsolutions.com\/pt-br\/hp-partners\/\"]}]},{\"@type\":\"ImageObject\",\"inLanguage\":\"pt-BR\",\"@id\":\"https:\/\/apgsolutions.com\/pt-br\/hp-partners\/#primaryimage\",\"url\":\"https:\/\/apgsolutions.com\/wp-content\/uploads\/2023\/04\/serial-number-example.jpg\",\"contentUrl\":\"https:\/\/apgsolutions.com\/wp-content\/uploads\/2023\/04\/serial-number-example.jpg\"},{\"@type\":\"WebSite\",\"@id\":\"https:\/\/apgsolutions.com\/pt-br\/#website\",\"url\":\"https:\/\/apgsolutions.com\/pt-br\/\",\"name\":\"APG Solutions, LLC\",\"description\":\"Trust at every point.\",\"publisher\":{\"@id\":\"https:\/\/apgsolutions.com\/pt-br\/#organization\"},\"potentialAction\":[{\"@type\":\"SearchAction\",\"target\":{\"@type\":\"EntryPoint\",\"urlTemplate\":\"https:\/\/apgsolutions.com\/pt-br\/?s={search_term_string}\"},\"query-input\":{\"@type\":\"PropertyValueSpecification\",\"valueRequired\":true,\"valueName\":\"search_term_string\"}}],\"inLanguage\":\"pt-BR\"},{\"@type\":\"Organization\",\"@id\":\"https:\/\/apgsolutions.com\/pt-br\/#organization\",\"name\":\"APG Solution, LLC\",\"url\":\"https:\/\/apgsolutions.com\/pt-br\/\",\"logo\":{\"@type\":\"ImageObject\",\"inLanguage\":\"pt-BR\",\"@id\":\"https:\/\/apgsolutions.com\/pt-br\/#\/schema\/logo\/image\/\",\"url\":\"https:\/\/apgsolutions.com\/wp-content\/uploads\/2023\/12\/logomark-color.svg\",\"contentUrl\":\"https:\/\/apgsolutions.com\/wp-content\/uploads\/2023\/12\/logomark-color.svg\",\"width\":141,\"height\":138,\"caption\":\"APG Solution, LLC\"},\"image\":{\"@id\":\"https:\/\/apgsolutions.com\/pt-br\/#\/schema\/logo\/image\/\"},\"sameAs\":[\"https:\/\/www.facebook.com\/apgglobalsolutions\",\"https:\/\/x.com\/apg_solutions\",\"https:\/\/www.youtube.com\/c\/CashManagementGlobalSolutionsbyapg\",\"https:\/\/www.linkedin.com\/company\/apgglobalsolutions\/\",\"https:\/\/www.instagram.com\/apgglobalsolutions\/\",\"https:\/\/www.pinterest.com\/apgcashdrawer\/\"]}]}<\/script>\n<!-- \/ Yoast SEO Premium plugin. -->","yoast_head_json":{"title":"Parceiros HP","description":"Informa\u00e7\u00f5es para parceiros da HP sobre troca de produtos e suporte. Gerencie as atualiza\u00e7\u00f5es e a conformidade da gaveta de dinheiro.","robots":{"index":"index","follow":"follow","max-snippet":"max-snippet:-1","max-image-preview":"max-image-preview:large","max-video-preview":"max-video-preview:-1"},"canonical":"https:\/\/apgsolutions.com\/pt-br\/hp-partners\/","og_locale":"pt_BR","og_type":"article","og_title":"Parceiros HP","og_description":"Informa\u00e7\u00f5es para parceiros da HP sobre troca de produtos e suporte. Gerencie as atualiza\u00e7\u00f5es e a conformidade da gaveta de dinheiro.","og_url":"https:\/\/apgsolutions.com\/pt-br\/hp-partners\/","og_site_name":"apg\u00ae Solutions","article_publisher":"https:\/\/www.facebook.com\/apgglobalsolutions","article_modified_time":"2026-03-20T11:58:02+00:00","og_image":[{"url":"https:\/\/apgsolutions.com\/wp-content\/uploads\/2023\/04\/serial-number-example.jpg","type":"","width":"","height":""}],"twitter_card":"summary_large_image","twitter_site":"@apg_solutions","twitter_misc":{"Est. tempo de leitura":"1 minuto"},"schema":{"@context":"https:\/\/schema.org","@graph":[{"@type":"WebPage","@id":"https:\/\/apgsolutions.com\/pt-br\/hp-partners\/","url":"https:\/\/apgsolutions.com\/pt-br\/hp-partners\/","name":"Parceiros HP","isPartOf":{"@id":"https:\/\/apgsolutions.com\/pt-br\/#website"},"primaryImageOfPage":{"@id":"https:\/\/apgsolutions.com\/pt-br\/hp-partners\/#primaryimage"},"image":{"@id":"https:\/\/apgsolutions.com\/pt-br\/hp-partners\/#primaryimage"},"thumbnailUrl":"https:\/\/apgsolutions.com\/wp-content\/uploads\/2023\/04\/serial-number-example.jpg","datePublished":"2026-03-20T11:52:53+00:00","dateModified":"2026-03-20T11:58:02+00:00","description":"Informa\u00e7\u00f5es para parceiros da HP sobre troca de produtos e suporte. Gerencie as atualiza\u00e7\u00f5es e a conformidade da gaveta de dinheiro.","inLanguage":"pt-BR","potentialAction":[{"@type":"ReadAction","target":["https:\/\/apgsolutions.com\/pt-br\/hp-partners\/"]}]},{"@type":"ImageObject","inLanguage":"pt-BR","@id":"https:\/\/apgsolutions.com\/pt-br\/hp-partners\/#primaryimage","url":"https:\/\/apgsolutions.com\/wp-content\/uploads\/2023\/04\/serial-number-example.jpg","contentUrl":"https:\/\/apgsolutions.com\/wp-content\/uploads\/2023\/04\/serial-number-example.jpg"},{"@type":"WebSite","@id":"https:\/\/apgsolutions.com\/pt-br\/#website","url":"https:\/\/apgsolutions.com\/pt-br\/","name":"APG Solutions, LLC","description":"Trust at every point.","publisher":{"@id":"https:\/\/apgsolutions.com\/pt-br\/#organization"},"potentialAction":[{"@type":"SearchAction","target":{"@type":"EntryPoint","urlTemplate":"https:\/\/apgsolutions.com\/pt-br\/?s={search_term_string}"},"query-input":{"@type":"PropertyValueSpecification","valueRequired":true,"valueName":"search_term_string"}}],"inLanguage":"pt-BR"},{"@type":"Organization","@id":"https:\/\/apgsolutions.com\/pt-br\/#organization","name":"APG Solution, LLC","url":"https:\/\/apgsolutions.com\/pt-br\/","logo":{"@type":"ImageObject","inLanguage":"pt-BR","@id":"https:\/\/apgsolutions.com\/pt-br\/#\/schema\/logo\/image\/","url":"https:\/\/apgsolutions.com\/wp-content\/uploads\/2023\/12\/logomark-color.svg","contentUrl":"https:\/\/apgsolutions.com\/wp-content\/uploads\/2023\/12\/logomark-color.svg","width":141,"height":138,"caption":"APG Solution, LLC"},"image":{"@id":"https:\/\/apgsolutions.com\/pt-br\/#\/schema\/logo\/image\/"},"sameAs":["https:\/\/www.facebook.com\/apgglobalsolutions","https:\/\/x.com\/apg_solutions","https:\/\/www.youtube.com\/c\/CashManagementGlobalSolutionsbyapg","https:\/\/www.linkedin.com\/company\/apgglobalsolutions\/","https:\/\/www.instagram.com\/apgglobalsolutions\/","https:\/\/www.pinterest.com\/apgcashdrawer\/"]}]}},"acf":[],"_links":{"self":[{"href":"https:\/\/apgsolutions.com\/pt-br\/wp-json\/wp\/v2\/pages\/109610","targetHints":{"allow":["GET"]}}],"collection":[{"href":"https:\/\/apgsolutions.com\/pt-br\/wp-json\/wp\/v2\/pages"}],"about":[{"href":"https:\/\/apgsolutions.com\/pt-br\/wp-json\/wp\/v2\/types\/page"}],"author":[{"embeddable":true,"href":"https:\/\/apgsolutions.com\/pt-br\/wp-json\/wp\/v2\/users\/4"}],"replies":[{"embeddable":true,"href":"https:\/\/apgsolutions.com\/pt-br\/wp-json\/wp\/v2\/comments?post=109610"}],"version-history":[{"count":1,"href":"https:\/\/apgsolutions.com\/pt-br\/wp-json\/wp\/v2\/pages\/109610\/revisions"}],"predecessor-version":[{"id":109611,"href":"https:\/\/apgsolutions.com\/pt-br\/wp-json\/wp\/v2\/pages\/109610\/revisions\/109611"}],"wp:attachment":[{"href":"https:\/\/apgsolutions.com\/pt-br\/wp-json\/wp\/v2\/media?parent=109610"}],"curies":[{"name":"wp","href":"https:\/\/api.w.org\/{rel}","templated":true}]}}