{"id":109624,"date":"2026-03-20T11:52:59","date_gmt":"2026-03-20T11:52:59","guid":{"rendered":"https:\/\/apgsolutions.com\/distributors\/"},"modified":"2026-03-20T11:53:01","modified_gmt":"2026-03-20T11:53:01","slug":"distributors","status":"publish","type":"page","link":"https:\/\/apgsolutions.com\/pt-br\/distributors\/","title":{"rendered":"Distribuidores"},"content":{"rendered":"<div class=\"section_page-header \">\n    <img decoding=\"async\" class=\"header-image\" src=\"https:\/\/apgsolutions.com\/wp-content\/uploads\/2023\/04\/Distribution-Header_optimized-1.jpg\" alt=\"Distribution-Header_optimized-1\" title=\"Distribution-Header_optimized-1\">\n            <div class=\"header-content\">\n            <h1>Distributors<\/h1>\n        <\/div>\n    <\/div>\n<div data-block-name=\"woocommerce\/filter-wrapper\" data-filter-type=\"active-filters\" data-heading=\"Active filters\" class=\"wp-block-woocommerce-filter-wrapper\">\n<h2 class=\"wp-block-heading has-text-align-center has-large-font-size\" id=\"h-find-an-apg-distribution-partner\">Encontre um parceiro de distribui\u00e7\u00e3o da apg\u00ae.<\/h2>\n<\/div>\n\n<p class=\"has-text-align-center\">A apg\u00ae fabrica um portf\u00f3lio l\u00edder do setor de gavetas de dinheiro de alto desempenho, permitindo que nossos parceiros de distribui\u00e7\u00e3o e revendedores de valor agregado aumentem as vendas e a participa\u00e7\u00e3o no mercado. Oferecemos solu\u00e7\u00f5es confi\u00e1veis e com pre\u00e7os competitivos, com um alto n\u00edvel de integridade e capacidade de resposta do canal, dando aos nossos parceiros a confian\u00e7a necess\u00e1ria para atender melhor \u00e0s necessidades em constante evolu\u00e7\u00e3o de seus clientes.   <em>Para encontrar um distribuidor em sua regi\u00e3o, selecione um pa\u00eds no menu suspenso.<\/em><\/p>\n\n<h2 class=\"wp-block-heading has-text-align-center\">Distribuidores em todo o mundo<\/h2>\n","protected":false},"excerpt":{"rendered":"<p>A apg\u00ae fabrica um portf\u00f3lio l\u00edder do setor de gavetas de dinheiro de alto desempenho, permitindo que nossos parceiros de distribui\u00e7\u00e3o e revendedores de valor agregado aumentem as vendas e a participa\u00e7\u00e3o no mercado. Oferecemos solu\u00e7\u00f5es confi\u00e1veis e com pre\u00e7os competitivos, com um alto n\u00edvel de integridade e capacidade de resposta do canal, dando aos [&hellip;]<\/p>\n","protected":false},"author":4,"featured_media":0,"parent":0,"menu_order":0,"comment_status":"closed","ping_status":"closed","template":"page-distributors.php","meta":{"_acf_changed":false,"content-type":"","footnotes":""},"class_list":["post-109624","page","type-page","status-publish"],"yoast_head":"<!-- This site is optimized with the Yoast SEO Premium plugin v23.5 (Yoast SEO v27.2) - https:\/\/yoast.com\/product\/yoast-seo-premium-wordpress\/ -->\n<title>Distribuidores | Solu\u00e7\u00f5es apg<\/title>\n<meta name=\"description\" content=\"Encontre seus parceiros distribuidores APG. Voc\u00ea pode pesquisar por pa\u00eds para encontrar o distribuidor mais pr\u00f3ximo de voc\u00ea e atender melhor \u00e0s suas necessidades comerciais.\" \/>\n<meta name=\"robots\" content=\"index, follow, max-snippet:-1, max-image-preview:large, max-video-preview:-1\" \/>\n<link rel=\"canonical\" href=\"https:\/\/apgsolutions.com\/pt-br\/distributors\/\" \/>\n<meta property=\"og:locale\" content=\"pt_BR\" \/>\n<meta property=\"og:type\" content=\"article\" \/>\n<meta property=\"og:title\" content=\"Distribuidores | Solu\u00e7\u00f5es apg\" \/>\n<meta property=\"og:description\" content=\"Encontre seus parceiros distribuidores APG. Voc\u00ea pode pesquisar por pa\u00eds para encontrar o distribuidor mais pr\u00f3ximo de voc\u00ea e atender melhor \u00e0s suas necessidades comerciais.\" \/>\n<meta property=\"og:url\" content=\"https:\/\/apgsolutions.com\/pt-br\/distributors\/\" \/>\n<meta property=\"og:site_name\" content=\"apg\u00ae Solutions\" \/>\n<meta property=\"article:publisher\" content=\"https:\/\/www.facebook.com\/apgglobalsolutions\" \/>\n<meta property=\"article:modified_time\" content=\"2026-03-20T11:53:01+00:00\" \/>\n<meta name=\"twitter:card\" content=\"summary_large_image\" \/>\n<meta name=\"twitter:site\" content=\"@apg_solutions\" \/>\n<meta name=\"twitter:label1\" content=\"Est. tempo de leitura\" \/>\n\t<meta name=\"twitter:data1\" content=\"1 minuto\" \/>\n<script type=\"application\/ld+json\" class=\"yoast-schema-graph\">{\"@context\":\"https:\/\/schema.org\",\"@graph\":[{\"@type\":\"WebPage\",\"@id\":\"https:\/\/apgsolutions.com\/pt-br\/distributors\/\",\"url\":\"https:\/\/apgsolutions.com\/pt-br\/distributors\/\",\"name\":\"Distribuidores | Solu\u00e7\u00f5es apg\",\"isPartOf\":{\"@id\":\"https:\/\/apgsolutions.com\/pt-br\/#website\"},\"datePublished\":\"2026-03-20T11:52:59+00:00\",\"dateModified\":\"2026-03-20T11:53:01+00:00\",\"description\":\"Encontre seus parceiros distribuidores APG. Voc\u00ea pode pesquisar por pa\u00eds para encontrar o distribuidor mais pr\u00f3ximo de voc\u00ea e atender melhor \u00e0s suas necessidades comerciais.\",\"inLanguage\":\"pt-BR\",\"potentialAction\":[{\"@type\":\"ReadAction\",\"target\":[\"https:\/\/apgsolutions.com\/pt-br\/distributors\/\"]}]},{\"@type\":\"WebSite\",\"@id\":\"https:\/\/apgsolutions.com\/pt-br\/#website\",\"url\":\"https:\/\/apgsolutions.com\/pt-br\/\",\"name\":\"APG Solutions, LLC\",\"description\":\"Trust at every point.\",\"publisher\":{\"@id\":\"https:\/\/apgsolutions.com\/pt-br\/#organization\"},\"potentialAction\":[{\"@type\":\"SearchAction\",\"target\":{\"@type\":\"EntryPoint\",\"urlTemplate\":\"https:\/\/apgsolutions.com\/pt-br\/?s={search_term_string}\"},\"query-input\":{\"@type\":\"PropertyValueSpecification\",\"valueRequired\":true,\"valueName\":\"search_term_string\"}}],\"inLanguage\":\"pt-BR\"},{\"@type\":\"Organization\",\"@id\":\"https:\/\/apgsolutions.com\/pt-br\/#organization\",\"name\":\"APG Solution, LLC\",\"url\":\"https:\/\/apgsolutions.com\/pt-br\/\",\"logo\":{\"@type\":\"ImageObject\",\"inLanguage\":\"pt-BR\",\"@id\":\"https:\/\/apgsolutions.com\/pt-br\/#\/schema\/logo\/image\/\",\"url\":\"https:\/\/apgsolutions.com\/wp-content\/uploads\/2023\/12\/logomark-color.svg\",\"contentUrl\":\"https:\/\/apgsolutions.com\/wp-content\/uploads\/2023\/12\/logomark-color.svg\",\"width\":141,\"height\":138,\"caption\":\"APG Solution, LLC\"},\"image\":{\"@id\":\"https:\/\/apgsolutions.com\/pt-br\/#\/schema\/logo\/image\/\"},\"sameAs\":[\"https:\/\/www.facebook.com\/apgglobalsolutions\",\"https:\/\/x.com\/apg_solutions\",\"https:\/\/www.youtube.com\/c\/CashManagementGlobalSolutionsbyapg\",\"https:\/\/www.linkedin.com\/company\/apgglobalsolutions\/\",\"https:\/\/www.instagram.com\/apgglobalsolutions\/\",\"https:\/\/www.pinterest.com\/apgcashdrawer\/\"]}]}<\/script>\n<!-- \/ Yoast SEO Premium plugin. -->","yoast_head_json":{"title":"Distribuidores | Solu\u00e7\u00f5es apg","description":"Encontre seus parceiros distribuidores APG. Voc\u00ea pode pesquisar por pa\u00eds para encontrar o distribuidor mais pr\u00f3ximo de voc\u00ea e atender melhor \u00e0s suas necessidades comerciais.","robots":{"index":"index","follow":"follow","max-snippet":"max-snippet:-1","max-image-preview":"max-image-preview:large","max-video-preview":"max-video-preview:-1"},"canonical":"https:\/\/apgsolutions.com\/pt-br\/distributors\/","og_locale":"pt_BR","og_type":"article","og_title":"Distribuidores | Solu\u00e7\u00f5es apg","og_description":"Encontre seus parceiros distribuidores APG. Voc\u00ea pode pesquisar por pa\u00eds para encontrar o distribuidor mais pr\u00f3ximo de voc\u00ea e atender melhor \u00e0s suas necessidades comerciais.","og_url":"https:\/\/apgsolutions.com\/pt-br\/distributors\/","og_site_name":"apg\u00ae Solutions","article_publisher":"https:\/\/www.facebook.com\/apgglobalsolutions","article_modified_time":"2026-03-20T11:53:01+00:00","twitter_card":"summary_large_image","twitter_site":"@apg_solutions","twitter_misc":{"Est. tempo de leitura":"1 minuto"},"schema":{"@context":"https:\/\/schema.org","@graph":[{"@type":"WebPage","@id":"https:\/\/apgsolutions.com\/pt-br\/distributors\/","url":"https:\/\/apgsolutions.com\/pt-br\/distributors\/","name":"Distribuidores | Solu\u00e7\u00f5es apg","isPartOf":{"@id":"https:\/\/apgsolutions.com\/pt-br\/#website"},"datePublished":"2026-03-20T11:52:59+00:00","dateModified":"2026-03-20T11:53:01+00:00","description":"Encontre seus parceiros distribuidores APG. Voc\u00ea pode pesquisar por pa\u00eds para encontrar o distribuidor mais pr\u00f3ximo de voc\u00ea e atender melhor \u00e0s suas necessidades comerciais.","inLanguage":"pt-BR","potentialAction":[{"@type":"ReadAction","target":["https:\/\/apgsolutions.com\/pt-br\/distributors\/"]}]},{"@type":"WebSite","@id":"https:\/\/apgsolutions.com\/pt-br\/#website","url":"https:\/\/apgsolutions.com\/pt-br\/","name":"APG Solutions, LLC","description":"Trust at every point.","publisher":{"@id":"https:\/\/apgsolutions.com\/pt-br\/#organization"},"potentialAction":[{"@type":"SearchAction","target":{"@type":"EntryPoint","urlTemplate":"https:\/\/apgsolutions.com\/pt-br\/?s={search_term_string}"},"query-input":{"@type":"PropertyValueSpecification","valueRequired":true,"valueName":"search_term_string"}}],"inLanguage":"pt-BR"},{"@type":"Organization","@id":"https:\/\/apgsolutions.com\/pt-br\/#organization","name":"APG Solution, LLC","url":"https:\/\/apgsolutions.com\/pt-br\/","logo":{"@type":"ImageObject","inLanguage":"pt-BR","@id":"https:\/\/apgsolutions.com\/pt-br\/#\/schema\/logo\/image\/","url":"https:\/\/apgsolutions.com\/wp-content\/uploads\/2023\/12\/logomark-color.svg","contentUrl":"https:\/\/apgsolutions.com\/wp-content\/uploads\/2023\/12\/logomark-color.svg","width":141,"height":138,"caption":"APG Solution, LLC"},"image":{"@id":"https:\/\/apgsolutions.com\/pt-br\/#\/schema\/logo\/image\/"},"sameAs":["https:\/\/www.facebook.com\/apgglobalsolutions","https:\/\/x.com\/apg_solutions","https:\/\/www.youtube.com\/c\/CashManagementGlobalSolutionsbyapg","https:\/\/www.linkedin.com\/company\/apgglobalsolutions\/","https:\/\/www.instagram.com\/apgglobalsolutions\/","https:\/\/www.pinterest.com\/apgcashdrawer\/"]}]}},"acf":[],"_links":{"self":[{"href":"https:\/\/apgsolutions.com\/pt-br\/wp-json\/wp\/v2\/pages\/109624","targetHints":{"allow":["GET"]}}],"collection":[{"href":"https:\/\/apgsolutions.com\/pt-br\/wp-json\/wp\/v2\/pages"}],"about":[{"href":"https:\/\/apgsolutions.com\/pt-br\/wp-json\/wp\/v2\/types\/page"}],"author":[{"embeddable":true,"href":"https:\/\/apgsolutions.com\/pt-br\/wp-json\/wp\/v2\/users\/4"}],"replies":[{"embeddable":true,"href":"https:\/\/apgsolutions.com\/pt-br\/wp-json\/wp\/v2\/comments?post=109624"}],"version-history":[{"count":1,"href":"https:\/\/apgsolutions.com\/pt-br\/wp-json\/wp\/v2\/pages\/109624\/revisions"}],"predecessor-version":[{"id":109627,"href":"https:\/\/apgsolutions.com\/pt-br\/wp-json\/wp\/v2\/pages\/109624\/revisions\/109627"}],"wp:attachment":[{"href":"https:\/\/apgsolutions.com\/pt-br\/wp-json\/wp\/v2\/media?parent=109624"}],"curies":[{"name":"wp","href":"https:\/\/api.w.org\/{rel}","templated":true}]}}