{"id":109630,"date":"2026-03-20T11:53:00","date_gmt":"2026-03-20T11:53:00","guid":{"rendered":"https:\/\/apgsolutions.com\/modern-slavery-act\/"},"modified":"2026-03-23T13:50:10","modified_gmt":"2026-03-23T13:50:10","slug":"modern-slavery-act","status":"publish","type":"page","link":"https:\/\/apgsolutions.com\/pt-br\/modern-slavery-act\/","title":{"rendered":"Lei da Escravid\u00e3o Moderna"},"content":{"rendered":"<div class=\"section_page-header \">\n    <img decoding=\"async\" class=\"header-image\" src=\"https:\/\/apgsolutions.com\/wp-content\/uploads\/2023\/04\/dark-blue-rotated.jpg\" alt=\"dark-blue\" title=\"dark-blue\">\n            <div class=\"header-content\">\n            <h1>Modern Slavery Act<\/h1>\n        <\/div>\n    <\/div>\n<p><strong>Esta declara\u00e7\u00e3o \u00e9 feita em nome da APG Cash Drawer Ltd (APG), de acordo com a se\u00e7\u00e3o 54(1) da Modern Slavery Act 2015 (a &#8220;Lei&#8221;), e constitui a declara\u00e7\u00e3o de escravid\u00e3o e tr\u00e1fico humano do nosso grupo para o ano que termina em 31 de dezembro de 2021.<\/strong><\/p>\n\n<p><strong>NOSSOS NEG\u00d3CIOS E ESTRUTURA<\/strong><\/p>\n\n<p>A APG compra e fabrica gavetas de dinheiro para distribuidores e revendedores em todo o mundo. Estamos sediados em Minneapolis, Minnesota, EUA, e temos escrit\u00f3rios registrados e filiais no Reino Unido, Fran\u00e7a, B\u00e9lgica, Espanha e Alemanha. <\/p>\n\n<p><strong>NOSSAS CADEIAS DE SUPRIMENTOS<\/strong><\/p>\n\n<p>Nossas cadeias de suprimentos incluem gavetas de dinheiro, chapas met\u00e1licas, fixa\u00e7\u00f5es, componentes eletr\u00f4nicos, PCBs, conjuntos de cabos, papel\u00e3o, embalagens, servi\u00e7os de publica\u00e7\u00e3o e impress\u00e3o, servi\u00e7os de TI, provedores de treinamento e consultores, servi\u00e7os de marketing e rela\u00e7\u00f5es p\u00fablicas. Analisamos os riscos que essas cadeias de suprimentos podem apresentar e, embora consideremos que nossa exposi\u00e7\u00e3o \u00e0 escravid\u00e3o moderna seja limitada, esperamos que nossos fornecedores e contratados demonstrem uma abordagem de toler\u00e2ncia zero em rela\u00e7\u00e3o \u00e0 explora\u00e7\u00e3o. <\/p>\n\n<p><strong>A\u00c7\u00c3O<\/strong><\/p>\n\n<p>Como parte de nosso processo de compras em 2021, dialogamos com nossos fornecedores com o objetivo n\u00e3o apenas de conscientiz\u00e1-los, mas tamb\u00e9m de buscar garantias de sua compreens\u00e3o da Lei da Escravid\u00e3o Moderna de 2015 e de como ela se aplica a eles. Continuamos a coletar dados de nossos principais fornecedores e informaremos nossas descobertas em uma declara\u00e7\u00e3o no in\u00edcio de 2023. <\/p>\n\n<p><strong>NOSSA EQUIPE DE COMPRAS<\/strong><\/p>\n\n<p>Nossa equipe de compras tem plena consci\u00eancia de que a escravid\u00e3o moderna \u00e9 um problema global que afeta a todos n\u00f3s. Eles est\u00e3o cientes das armadilhas cognitivas que os funcion\u00e1rios juniores enfrentam e que podem, sem querer, fazer parte do ciclo. Por meio do treinamento e das qualifica\u00e7\u00f5es do CIPS ao longo de 2021, tomamos medidas para mitigar esses riscos.  <\/p>\n","protected":false},"excerpt":{"rendered":"<p>Esta declara\u00e7\u00e3o \u00e9 feita em nome da APG Cash Drawer Ltd (APG), de acordo com a se\u00e7\u00e3o 54(1) da Modern Slavery Act 2015 (a &#8220;Lei&#8221;), e constitui a declara\u00e7\u00e3o de escravid\u00e3o e tr\u00e1fico humano do nosso grupo para o ano que termina em 31 de dezembro de 2021. NOSSOS NEG\u00d3CIOS E ESTRUTURA A APG compra [&hellip;]<\/p>\n","protected":false},"author":4,"featured_media":0,"parent":0,"menu_order":0,"comment_status":"closed","ping_status":"closed","template":"","meta":{"_acf_changed":false,"content-type":"","footnotes":""},"class_list":["post-109630","page","type-page","status-publish"],"yoast_head":"<!-- This site is optimized with the Yoast SEO Premium plugin v23.5 (Yoast SEO v27.2) - https:\/\/yoast.com\/product\/yoast-seo-premium-wordpress\/ -->\n<title>Lei da Escravid\u00e3o Moderna<\/title>\n<meta name=\"description\" content=\"Declara\u00e7\u00e3o da APG sobre a conformidade com a Lei da Escravid\u00e3o Moderna. Compromisso com pr\u00e1ticas \u00e9ticas nas cadeias de suprimentos.\" \/>\n<meta name=\"robots\" content=\"index, follow, max-snippet:-1, max-image-preview:large, max-video-preview:-1\" \/>\n<link rel=\"canonical\" href=\"https:\/\/apgsolutions.com\/pt-br\/modern-slavery-act\/\" \/>\n<meta property=\"og:locale\" content=\"pt_BR\" \/>\n<meta property=\"og:type\" content=\"article\" \/>\n<meta property=\"og:title\" content=\"Lei da Escravid\u00e3o Moderna\" \/>\n<meta property=\"og:description\" content=\"Declara\u00e7\u00e3o da APG sobre a conformidade com a Lei da Escravid\u00e3o Moderna. Compromisso com pr\u00e1ticas \u00e9ticas nas cadeias de suprimentos.\" \/>\n<meta property=\"og:url\" content=\"https:\/\/apgsolutions.com\/pt-br\/modern-slavery-act\/\" \/>\n<meta property=\"og:site_name\" content=\"apg\u00ae Solutions\" \/>\n<meta property=\"article:publisher\" content=\"https:\/\/www.facebook.com\/apgglobalsolutions\" \/>\n<meta property=\"article:modified_time\" content=\"2026-03-23T13:50:10+00:00\" \/>\n<meta name=\"twitter:card\" content=\"summary_large_image\" \/>\n<meta name=\"twitter:site\" content=\"@apg_solutions\" \/>\n<meta name=\"twitter:label1\" content=\"Est. tempo de leitura\" \/>\n\t<meta name=\"twitter:data1\" content=\"2 minutos\" \/>\n<script type=\"application\/ld+json\" class=\"yoast-schema-graph\">{\"@context\":\"https:\/\/schema.org\",\"@graph\":[{\"@type\":\"WebPage\",\"@id\":\"https:\/\/apgsolutions.com\/pt-br\/modern-slavery-act\/\",\"url\":\"https:\/\/apgsolutions.com\/pt-br\/modern-slavery-act\/\",\"name\":\"Lei da Escravid\u00e3o Moderna\",\"isPartOf\":{\"@id\":\"https:\/\/apgsolutions.com\/pt-br\/#website\"},\"datePublished\":\"2026-03-20T11:53:00+00:00\",\"dateModified\":\"2026-03-23T13:50:10+00:00\",\"description\":\"Declara\u00e7\u00e3o da APG sobre a conformidade com a Lei da Escravid\u00e3o Moderna. Compromisso com pr\u00e1ticas \u00e9ticas nas cadeias de suprimentos.\",\"inLanguage\":\"pt-BR\",\"potentialAction\":[{\"@type\":\"ReadAction\",\"target\":[\"https:\/\/apgsolutions.com\/pt-br\/modern-slavery-act\/\"]}]},{\"@type\":\"WebSite\",\"@id\":\"https:\/\/apgsolutions.com\/pt-br\/#website\",\"url\":\"https:\/\/apgsolutions.com\/pt-br\/\",\"name\":\"APG Solutions, LLC\",\"description\":\"Trust at every point.\",\"publisher\":{\"@id\":\"https:\/\/apgsolutions.com\/pt-br\/#organization\"},\"potentialAction\":[{\"@type\":\"SearchAction\",\"target\":{\"@type\":\"EntryPoint\",\"urlTemplate\":\"https:\/\/apgsolutions.com\/pt-br\/?s={search_term_string}\"},\"query-input\":{\"@type\":\"PropertyValueSpecification\",\"valueRequired\":true,\"valueName\":\"search_term_string\"}}],\"inLanguage\":\"pt-BR\"},{\"@type\":\"Organization\",\"@id\":\"https:\/\/apgsolutions.com\/pt-br\/#organization\",\"name\":\"APG Solution, LLC\",\"url\":\"https:\/\/apgsolutions.com\/pt-br\/\",\"logo\":{\"@type\":\"ImageObject\",\"inLanguage\":\"pt-BR\",\"@id\":\"https:\/\/apgsolutions.com\/pt-br\/#\/schema\/logo\/image\/\",\"url\":\"https:\/\/apgsolutions.com\/wp-content\/uploads\/2023\/12\/logomark-color.svg\",\"contentUrl\":\"https:\/\/apgsolutions.com\/wp-content\/uploads\/2023\/12\/logomark-color.svg\",\"width\":141,\"height\":138,\"caption\":\"APG Solution, LLC\"},\"image\":{\"@id\":\"https:\/\/apgsolutions.com\/pt-br\/#\/schema\/logo\/image\/\"},\"sameAs\":[\"https:\/\/www.facebook.com\/apgglobalsolutions\",\"https:\/\/x.com\/apg_solutions\",\"https:\/\/www.youtube.com\/c\/CashManagementGlobalSolutionsbyapg\",\"https:\/\/www.linkedin.com\/company\/apgglobalsolutions\/\",\"https:\/\/www.instagram.com\/apgglobalsolutions\/\",\"https:\/\/www.pinterest.com\/apgcashdrawer\/\"]}]}<\/script>\n<!-- \/ Yoast SEO Premium plugin. -->","yoast_head_json":{"title":"Lei da Escravid\u00e3o Moderna","description":"Declara\u00e7\u00e3o da APG sobre a conformidade com a Lei da Escravid\u00e3o Moderna. Compromisso com pr\u00e1ticas \u00e9ticas nas cadeias de suprimentos.","robots":{"index":"index","follow":"follow","max-snippet":"max-snippet:-1","max-image-preview":"max-image-preview:large","max-video-preview":"max-video-preview:-1"},"canonical":"https:\/\/apgsolutions.com\/pt-br\/modern-slavery-act\/","og_locale":"pt_BR","og_type":"article","og_title":"Lei da Escravid\u00e3o Moderna","og_description":"Declara\u00e7\u00e3o da APG sobre a conformidade com a Lei da Escravid\u00e3o Moderna. Compromisso com pr\u00e1ticas \u00e9ticas nas cadeias de suprimentos.","og_url":"https:\/\/apgsolutions.com\/pt-br\/modern-slavery-act\/","og_site_name":"apg\u00ae Solutions","article_publisher":"https:\/\/www.facebook.com\/apgglobalsolutions","article_modified_time":"2026-03-23T13:50:10+00:00","twitter_card":"summary_large_image","twitter_site":"@apg_solutions","twitter_misc":{"Est. tempo de leitura":"2 minutos"},"schema":{"@context":"https:\/\/schema.org","@graph":[{"@type":"WebPage","@id":"https:\/\/apgsolutions.com\/pt-br\/modern-slavery-act\/","url":"https:\/\/apgsolutions.com\/pt-br\/modern-slavery-act\/","name":"Lei da Escravid\u00e3o Moderna","isPartOf":{"@id":"https:\/\/apgsolutions.com\/pt-br\/#website"},"datePublished":"2026-03-20T11:53:00+00:00","dateModified":"2026-03-23T13:50:10+00:00","description":"Declara\u00e7\u00e3o da APG sobre a conformidade com a Lei da Escravid\u00e3o Moderna. Compromisso com pr\u00e1ticas \u00e9ticas nas cadeias de suprimentos.","inLanguage":"pt-BR","potentialAction":[{"@type":"ReadAction","target":["https:\/\/apgsolutions.com\/pt-br\/modern-slavery-act\/"]}]},{"@type":"WebSite","@id":"https:\/\/apgsolutions.com\/pt-br\/#website","url":"https:\/\/apgsolutions.com\/pt-br\/","name":"APG Solutions, LLC","description":"Trust at every point.","publisher":{"@id":"https:\/\/apgsolutions.com\/pt-br\/#organization"},"potentialAction":[{"@type":"SearchAction","target":{"@type":"EntryPoint","urlTemplate":"https:\/\/apgsolutions.com\/pt-br\/?s={search_term_string}"},"query-input":{"@type":"PropertyValueSpecification","valueRequired":true,"valueName":"search_term_string"}}],"inLanguage":"pt-BR"},{"@type":"Organization","@id":"https:\/\/apgsolutions.com\/pt-br\/#organization","name":"APG Solution, LLC","url":"https:\/\/apgsolutions.com\/pt-br\/","logo":{"@type":"ImageObject","inLanguage":"pt-BR","@id":"https:\/\/apgsolutions.com\/pt-br\/#\/schema\/logo\/image\/","url":"https:\/\/apgsolutions.com\/wp-content\/uploads\/2023\/12\/logomark-color.svg","contentUrl":"https:\/\/apgsolutions.com\/wp-content\/uploads\/2023\/12\/logomark-color.svg","width":141,"height":138,"caption":"APG Solution, LLC"},"image":{"@id":"https:\/\/apgsolutions.com\/pt-br\/#\/schema\/logo\/image\/"},"sameAs":["https:\/\/www.facebook.com\/apgglobalsolutions","https:\/\/x.com\/apg_solutions","https:\/\/www.youtube.com\/c\/CashManagementGlobalSolutionsbyapg","https:\/\/www.linkedin.com\/company\/apgglobalsolutions\/","https:\/\/www.instagram.com\/apgglobalsolutions\/","https:\/\/www.pinterest.com\/apgcashdrawer\/"]}]}},"acf":[],"_links":{"self":[{"href":"https:\/\/apgsolutions.com\/pt-br\/wp-json\/wp\/v2\/pages\/109630","targetHints":{"allow":["GET"]}}],"collection":[{"href":"https:\/\/apgsolutions.com\/pt-br\/wp-json\/wp\/v2\/pages"}],"about":[{"href":"https:\/\/apgsolutions.com\/pt-br\/wp-json\/wp\/v2\/types\/page"}],"author":[{"embeddable":true,"href":"https:\/\/apgsolutions.com\/pt-br\/wp-json\/wp\/v2\/users\/4"}],"replies":[{"embeddable":true,"href":"https:\/\/apgsolutions.com\/pt-br\/wp-json\/wp\/v2\/comments?post=109630"}],"version-history":[{"count":3,"href":"https:\/\/apgsolutions.com\/pt-br\/wp-json\/wp\/v2\/pages\/109630\/revisions"}],"predecessor-version":[{"id":110636,"href":"https:\/\/apgsolutions.com\/pt-br\/wp-json\/wp\/v2\/pages\/109630\/revisions\/110636"}],"wp:attachment":[{"href":"https:\/\/apgsolutions.com\/pt-br\/wp-json\/wp\/v2\/media?parent=109630"}],"curies":[{"name":"wp","href":"https:\/\/api.w.org\/{rel}","templated":true}]}}