{"id":109768,"date":"2026-03-20T15:19:11","date_gmt":"2026-03-20T15:19:11","guid":{"rendered":"https:\/\/apgsolutions.com\/medicinal-cannabis-industry\/"},"modified":"2026-04-21T17:36:20","modified_gmt":"2026-04-21T17:36:20","slug":"medicinal-cannabis-industry","status":"publish","type":"page","link":"https:\/\/apgsolutions.com\/pt-br\/industry\/medicinal-cannabis\/","title":{"rendered":"Solu\u00e7\u00f5es de PDV e gavetas de dinheiro para cannabis medicinal"},"content":{"rendered":"<div class=\"section_page-header \">\n    <img decoding=\"async\" class=\"header-image\" src=\"https:\/\/apgsolutions.com\/wp-content\/uploads\/2023\/07\/Cannabis-Header-Image.jpg\" alt=\"Medicinal Cannabis\" title=\"Medicinal Cannabis\">\n            <div class=\"header-content\">\n            <h1>POS Solutions &amp; Cash Drawers for Medicinal Cannabis<\/h1>\n        <\/div>\n    <\/div>\n<div class=\"wp-block-group pos-content-div is-vertical is-content-justification-center is-layout-flex wp-container-core-group-is-layout-4b2eccd6 wp-block-group-is-layout-flex\">\n<div style=\"height:0px\" aria-hidden=\"true\" class=\"wp-block-spacer wp-container-content-b83b6736\"><\/div>\n\n\n\n<div class=\"wp-block-group is-vertical is-content-justification-center is-nowrap is-layout-flex wp-container-core-group-is-layout-e862386f wp-block-group-is-layout-flex\">\n<p class=\"has-text-align-center has-large-font-size\"><strong>A crescente necessidade de gavetas de dinheiro dur\u00e1veis e confi\u00e1veis<\/strong><\/p>\n\n\n\n<div style=\"height:0px\" aria-hidden=\"true\" class=\"wp-block-spacer wp-container-content-5082a153\"><\/div>\n\n\n\n<p class=\"has-text-align-center\">A legisla\u00e7\u00e3o federal exige que os dispens\u00e1rios de cannabis dos EUA realizem todas as transa\u00e7\u00f5es em dinheiro, o que representa um desafio operacional significativo. O gerenciamento de numer\u00e1rio nesse ambiente \u00e9 trabalhoso e propenso a erros, a menos que os comerciantes tenham acesso a <a href=\"https:\/\/apgsolutions.com\/pt-br\/products\/\">solu\u00e7\u00f5es<\/a> confi\u00e1veis <a href=\"https:\/\/apgsolutions.com\/pt-br\/products\/smarttill-solution-suite\/\">de gerenciamento de numer\u00e1rio<\/a> e de PDV para garantir opera\u00e7\u00f5es comerciais tranquilas. O gerenciamento eficaz de numer\u00e1rio \u00e9 fundamental para os comerciantes de maconha que se esfor\u00e7am para manter a conformidade e a lucratividade.  <\/p>\n\n\n\n<p class=\"has-text-align-center\">A apg\u00ae \u00e9 especializada em gavetas de dinheiro de alta capacidade, solu\u00e7\u00f5es avan\u00e7adas de gerenciamento de dinheiro e recicladores de dinheiro adaptados para atender aos desafios exclusivos das empresas de cannabis. Nossas tecnologias inovadoras simplificam os processos de manuseio de numer\u00e1rio, aumentam a seguran\u00e7a e otimizam a efici\u00eancia, permitindo que os comerciantes de maconha se concentrem no crescimento e na satisfa\u00e7\u00e3o do cliente. <\/p>\n<\/div>\n\n\n\n<div style=\"height:0px\" aria-hidden=\"true\" class=\"wp-block-spacer wp-container-content-b83b6736\"><\/div>\n\n\n\n<div class=\"wp-block-group is-vertical is-layout-flex wp-container-core-group-is-layout-8cf370e7 wp-block-group-is-layout-flex\">\n<p style=\"font-size:30px\"><strong>Fatos e estat\u00edsticas<\/strong><\/p>\n\n\n\n<div style=\"height:0px\" aria-hidden=\"true\" class=\"wp-block-spacer wp-container-content-5082a153\"><\/div>\n<\/div>\n\n\n\n<div class=\"wp-block-columns is-layout-flex wp-container-core-columns-is-layout-9d6595d7 wp-block-columns-is-layout-flex\">\n<div class=\"wp-block-column pos-card-box has-background is-layout-flow wp-block-column-is-layout-flow\" style=\"background-color:#fcfaf7;flex-basis:360px\">\n<div style=\"height:1rem\" aria-hidden=\"true\" class=\"wp-block-spacer\"><\/div>\n\n\n<div class=\"wp-block-image\">\n<figure class=\"aligncenter size-full\"><img decoding=\"async\" width=\"80\" height=\"80\" src=\"https:\/\/apgsolutions.com\/wp-content\/uploads\/2023\/07\/Growth_Light-Blue.png\" alt=\"Neg&#xF3;cios licenciados&#10;\" class=\"wp-image-69003\" style=\"object-fit:cover\"\/><\/figure>\n<\/div>\n\n\n<h3 class=\"wp-block-heading has-text-align-center\" id=\"h-licensed-business\">Neg\u00f3cios licenciados<\/h3>\n\n\n\n<p class=\"has-text-align-center\">Atualmente, existem 15.000 dispens\u00e1rios de cannabis nos EUA | Pew Research<\/p>\n\n\n\n<div style=\"height:1rem\" aria-hidden=\"true\" class=\"wp-block-spacer\"><\/div>\n<\/div>\n\n\n\n<div class=\"wp-block-column pos-card-box has-background is-layout-flow wp-block-column-is-layout-flow\" style=\"background-color:#fcfaf7;flex-basis:360px\">\n<div style=\"height:1rem\" aria-hidden=\"true\" class=\"wp-block-spacer\"><\/div>\n\n\n<div class=\"wp-block-image\">\n<figure class=\"aligncenter size-full\"><img decoding=\"async\" width=\"80\" height=\"80\" src=\"https:\/\/apgsolutions.com\/wp-content\/uploads\/2023\/07\/Cannabis-Leaf_White-b.png\" alt=\"Legaliza&#xE7;&#xE3;o da Cannabis\" class=\"wp-image-68989\" style=\"object-fit:cover\"\/><\/figure>\n<\/div>\n\n\n<h3 class=\"wp-block-heading has-text-align-center\" id=\"h-cannabis-legalization\">Legaliza\u00e7\u00e3o da Cannabis<\/h3>\n\n\n\n<p class=\"has-text-align-center\">Em abril de 2024, 24 estados legalizaram o uso recreativo de cannabis nos EUA | Pew Research<\/p>\n\n\n\n<div style=\"height:1rem\" aria-hidden=\"true\" class=\"wp-block-spacer\"><\/div>\n<\/div>\n\n\n\n<div class=\"wp-block-column pos-card-box has-background is-layout-flow wp-block-column-is-layout-flow\" style=\"background-color:#fcfaf7;flex-basis:360px\">\n<div style=\"height:1rem\" aria-hidden=\"true\" class=\"wp-block-spacer\"><\/div>\n\n\n<div class=\"wp-block-image\">\n<figure class=\"aligncenter size-full\"><img decoding=\"async\" width=\"80\" height=\"80\" src=\"https:\/\/apgsolutions.com\/wp-content\/uploads\/2023\/07\/Money-Growth_Light-Blue.png\" alt=\"&#xCD;cone da principal fonte de receita\" class=\"wp-image-68978\" style=\"object-fit:cover\"\/><\/figure>\n<\/div>\n\n\n<h3 class=\"wp-block-heading has-text-align-center\" id=\"h-growth-potential\">Potencial de crescimento<\/h3>\n\n\n\n<p class=\"has-text-align-center\">A previs\u00e3o \u00e9 que a receita atinja US$ 42,98 bilh\u00f5es em 2024 | Statista<\/p>\n\n\n\n<div style=\"height:16px\" aria-hidden=\"true\" class=\"wp-block-spacer\"><\/div>\n<\/div>\n<\/div>\n\n\n\n<div style=\"height:0px\" aria-hidden=\"true\" class=\"wp-block-spacer wp-container-content-b83b6736\"><\/div>\n\n\n\n<div class=\"wp-block-group is-vertical is-layout-flex wp-container-core-group-is-layout-8cf370e7 wp-block-group-is-layout-flex\">\n<p style=\"font-size:30px\"><strong>Nossas gavetas recomendadas para o setor de cannabis medicinal<\/strong><\/p>\n\n\n\n<div style=\"height:0px\" aria-hidden=\"true\" class=\"wp-block-spacer wp-container-content-2cb1e7d4\"><\/div>\n<\/div>\n\n\n\n<div class=\"wp-block-columns is-layout-flex wp-container-core-columns-is-layout-9d6595d7 wp-block-columns-is-layout-flex\">\n<div class=\"wp-block-column is-layout-flow wp-block-column-is-layout-flow\">\n<div style=\"height:1rem\" aria-hidden=\"true\" class=\"wp-block-spacer\"><\/div>\n\n\n<div class=\"wp-block-image\">\n<figure class=\"aligncenter size-full is-resized\"><img loading=\"lazy\" decoding=\"async\" width=\"280\" height=\"210\" src=\"https:\/\/apgsolutions.com\/wp-content\/uploads\/2023\/06\/Vasario-VBxxx-BL1616-Closed-Left.jpg\" alt=\"Gaveta de dinheiro da s&#xE9;rie Vasario\" class=\"wp-image-62747\" style=\"width:186px\"\/><\/figure>\n<\/div>\n\n\n<h3 class=\"wp-block-heading has-text-align-center\" id=\"h-vasario-series-cash-drawer\">Gaveta de dinheiro da s\u00e9rie Vasario<\/h3>\n\n\n\n<p class=\"has-text-align-left\">Para uma solu\u00e7\u00e3o econ\u00f4mica, considere a <a href=\"https:\/\/apgsolutions.com\/products\/cash-drawers\/standard-duty\/vasario\">gaveta de dinheiro Vasario<\/a>. Criada para atender \u00e0s demandas dos dispens\u00e1rios, a gaveta de dinheiro Vasario vem em v\u00e1rios tamanhos para se adequar \u00e0 sua configura\u00e7\u00e3o espec\u00edfica.   <\/p>\n\n\n\n<p class=\"has-text-align-left\">Com durabilidade testada para exceder um milh\u00e3o de transa\u00e7\u00f5es, a gaveta de dinheiro Vasario garante opera\u00e7\u00f5es tranquilas e eficientes.<\/p>\n\n\n\n<div style=\"height:1rem\" aria-hidden=\"true\" class=\"wp-block-spacer\"><\/div>\n<\/div>\n\n\n\n<div class=\"wp-block-column is-layout-flow wp-block-column-is-layout-flow\">\n<div style=\"height:1rem\" aria-hidden=\"true\" class=\"wp-block-spacer\"><\/div>\n\n\n<div class=\"wp-block-image\">\n<figure class=\"aligncenter size-full is-resized\"><img decoding=\"async\" src=\"https:\/\/apgsolutions.com\/wp-content\/uploads\/2024\/09\/Series-100.png\" alt=\"Gaveta de dinheiro S&#xE9;rie 100\" class=\"wp-image-86680\" style=\"width:186px\"\/><\/figure>\n<\/div>\n\n\n<h3 class=\"wp-block-heading has-text-align-center\" id=\"h-series-100-cash-drawer\">Gaveta de dinheiro S\u00e9rie 100<\/h3>\n\n\n\n<p class=\"has-text-align-left\">A <a href=\"https:\/\/apgsolutions.com\/products\/cash-drawers\/heavy-duty\/series-100\/\">S\u00e9rie 100<\/a> \u00e9 ideal para as necessidades do setor de cannabis, oferecendo amplo armazenamento com um compartimento inferior profundo projetado para armazenar rolos de moedas e moedas embaladas.<\/p>\n\n\n\n<p class=\"has-text-align-left\">Testado para durar mais de quatro milh\u00f5es de transa\u00e7\u00f5es, o Series 100 pode suportar as demandas de alto volume de transa\u00e7\u00f5es de dispens\u00e1rios.<\/p>\n\n\n\n<div style=\"height:1rem\" aria-hidden=\"true\" class=\"wp-block-spacer\"><\/div>\n<\/div>\n<\/div>\n<\/div>\n","protected":false},"excerpt":{"rendered":"<p>A crescente necessidade de gavetas de dinheiro dur\u00e1veis e confi\u00e1veis A legisla\u00e7\u00e3o federal exige que os dispens\u00e1rios de cannabis dos EUA realizem todas as transa\u00e7\u00f5es em dinheiro, o que representa um desafio operacional significativo. O gerenciamento de numer\u00e1rio nesse ambiente \u00e9 trabalhoso e propenso a erros, a menos que os comerciantes tenham acesso a solu\u00e7\u00f5es [&hellip;]<\/p>\n","protected":false},"author":4,"featured_media":0,"parent":0,"menu_order":0,"comment_status":"closed","ping_status":"closed","template":"","meta":{"_acf_changed":false,"content-type":"","footnotes":""},"class_list":["post-109768","page","type-page","status-publish"],"yoast_head":"<!-- This site is optimized with the Yoast SEO Premium plugin v23.5 (Yoast SEO v27.2) - https:\/\/yoast.com\/product\/yoast-seo-premium-wordpress\/ -->\n<title>Solu\u00e7\u00f5es de POS para cannabis medicinal - Gavetas de dinheiro para cannabis medicinal | apg\u00ae<\/title>\n<meta name=\"description\" content=\"Uma gaveta de dinheiro \u00e9 essencial em todos os dispens\u00e1rios de cannabis. Descubra as solu\u00e7\u00f5es e os produtos de PDV recomendados pela APG para o seu ambiente de varejo.\" \/>\n<meta name=\"robots\" content=\"index, follow, max-snippet:-1, max-image-preview:large, max-video-preview:-1\" \/>\n<link rel=\"canonical\" href=\"https:\/\/apgsolutions.com\/pt-br\/industry\/medicinal-cannabis\/\" \/>\n<meta property=\"og:locale\" content=\"pt_BR\" \/>\n<meta property=\"og:type\" content=\"article\" \/>\n<meta property=\"og:title\" content=\"Solu\u00e7\u00f5es de POS para cannabis medicinal - Gavetas de dinheiro para cannabis medicinal | apg\u00ae\" \/>\n<meta property=\"og:description\" content=\"Uma gaveta de dinheiro \u00e9 essencial em todos os dispens\u00e1rios de cannabis. Descubra as solu\u00e7\u00f5es e os produtos de PDV recomendados pela APG para o seu ambiente de varejo.\" \/>\n<meta property=\"og:url\" content=\"https:\/\/apgsolutions.com\/pt-br\/industry\/medicinal-cannabis\/\" \/>\n<meta property=\"og:site_name\" content=\"apg\u00ae Solutions\" \/>\n<meta property=\"article:publisher\" content=\"https:\/\/www.facebook.com\/apgglobalsolutions\" \/>\n<meta property=\"article:modified_time\" content=\"2026-04-21T17:36:20+00:00\" \/>\n<meta property=\"og:image\" content=\"https:\/\/apgsolutions.com\/wp-content\/uploads\/2023\/07\/Growth_Light-Blue.png\" \/>\n<meta name=\"twitter:card\" content=\"summary_large_image\" \/>\n<meta name=\"twitter:site\" content=\"@apg_solutions\" \/>\n<meta name=\"twitter:label1\" content=\"Est. tempo de leitura\" \/>\n\t<meta name=\"twitter:data1\" content=\"3 minutos\" \/>\n<script type=\"application\/ld+json\" class=\"yoast-schema-graph\">{\"@context\":\"https:\/\/schema.org\",\"@graph\":[{\"@type\":\"WebPage\",\"@id\":\"https:\/\/apgsolutions.com\/pt-br\/industry\/medicinal-cannabis\/\",\"url\":\"https:\/\/apgsolutions.com\/pt-br\/industry\/medicinal-cannabis\/\",\"name\":\"Solu\u00e7\u00f5es de POS para cannabis medicinal - Gavetas de dinheiro para cannabis medicinal | apg\u00ae\",\"isPartOf\":{\"@id\":\"https:\/\/apgsolutions.com\/pt-br\/#website\"},\"primaryImageOfPage\":{\"@id\":\"https:\/\/apgsolutions.com\/pt-br\/industry\/medicinal-cannabis\/#primaryimage\"},\"image\":{\"@id\":\"https:\/\/apgsolutions.com\/pt-br\/industry\/medicinal-cannabis\/#primaryimage\"},\"thumbnailUrl\":\"https:\/\/apgsolutions.com\/wp-content\/uploads\/2023\/07\/Growth_Light-Blue.png\",\"datePublished\":\"2026-03-20T15:19:11+00:00\",\"dateModified\":\"2026-04-21T17:36:20+00:00\",\"description\":\"Uma gaveta de dinheiro \u00e9 essencial em todos os dispens\u00e1rios de cannabis. Descubra as solu\u00e7\u00f5es e os produtos de PDV recomendados pela APG para o seu ambiente de varejo.\",\"inLanguage\":\"pt-BR\",\"potentialAction\":[{\"@type\":\"ReadAction\",\"target\":[\"https:\/\/apgsolutions.com\/pt-br\/industry\/medicinal-cannabis\/\"]}]},{\"@type\":\"ImageObject\",\"inLanguage\":\"pt-BR\",\"@id\":\"https:\/\/apgsolutions.com\/pt-br\/industry\/medicinal-cannabis\/#primaryimage\",\"url\":\"https:\/\/apgsolutions.com\/wp-content\/uploads\/2023\/07\/Growth_Light-Blue.png\",\"contentUrl\":\"https:\/\/apgsolutions.com\/wp-content\/uploads\/2023\/07\/Growth_Light-Blue.png\"},{\"@type\":\"WebSite\",\"@id\":\"https:\/\/apgsolutions.com\/pt-br\/#website\",\"url\":\"https:\/\/apgsolutions.com\/pt-br\/\",\"name\":\"APG Solutions, LLC\",\"description\":\"Trust at every point.\",\"publisher\":{\"@id\":\"https:\/\/apgsolutions.com\/pt-br\/#organization\"},\"potentialAction\":[{\"@type\":\"SearchAction\",\"target\":{\"@type\":\"EntryPoint\",\"urlTemplate\":\"https:\/\/apgsolutions.com\/pt-br\/?s={search_term_string}\"},\"query-input\":{\"@type\":\"PropertyValueSpecification\",\"valueRequired\":true,\"valueName\":\"search_term_string\"}}],\"inLanguage\":\"pt-BR\"},{\"@type\":\"Organization\",\"@id\":\"https:\/\/apgsolutions.com\/pt-br\/#organization\",\"name\":\"APG Solution, LLC\",\"url\":\"https:\/\/apgsolutions.com\/pt-br\/\",\"logo\":{\"@type\":\"ImageObject\",\"inLanguage\":\"pt-BR\",\"@id\":\"https:\/\/apgsolutions.com\/pt-br\/#\/schema\/logo\/image\/\",\"url\":\"https:\/\/apgsolutions.com\/wp-content\/uploads\/2023\/12\/logomark-color.svg\",\"contentUrl\":\"https:\/\/apgsolutions.com\/wp-content\/uploads\/2023\/12\/logomark-color.svg\",\"width\":141,\"height\":138,\"caption\":\"APG Solution, LLC\"},\"image\":{\"@id\":\"https:\/\/apgsolutions.com\/pt-br\/#\/schema\/logo\/image\/\"},\"sameAs\":[\"https:\/\/www.facebook.com\/apgglobalsolutions\",\"https:\/\/x.com\/apg_solutions\",\"https:\/\/www.youtube.com\/c\/CashManagementGlobalSolutionsbyapg\",\"https:\/\/www.linkedin.com\/company\/apgglobalsolutions\/\",\"https:\/\/www.instagram.com\/apgglobalsolutions\/\",\"https:\/\/www.pinterest.com\/apgcashdrawer\/\"]}]}<\/script>\n<!-- \/ Yoast SEO Premium plugin. -->","yoast_head_json":{"title":"Solu\u00e7\u00f5es de POS para cannabis medicinal - Gavetas de dinheiro para cannabis medicinal | apg\u00ae","description":"Uma gaveta de dinheiro \u00e9 essencial em todos os dispens\u00e1rios de cannabis. Descubra as solu\u00e7\u00f5es e os produtos de PDV recomendados pela APG para o seu ambiente de varejo.","robots":{"index":"index","follow":"follow","max-snippet":"max-snippet:-1","max-image-preview":"max-image-preview:large","max-video-preview":"max-video-preview:-1"},"canonical":"https:\/\/apgsolutions.com\/pt-br\/industry\/medicinal-cannabis\/","og_locale":"pt_BR","og_type":"article","og_title":"Solu\u00e7\u00f5es de POS para cannabis medicinal - Gavetas de dinheiro para cannabis medicinal | apg\u00ae","og_description":"Uma gaveta de dinheiro \u00e9 essencial em todos os dispens\u00e1rios de cannabis. Descubra as solu\u00e7\u00f5es e os produtos de PDV recomendados pela APG para o seu ambiente de varejo.","og_url":"https:\/\/apgsolutions.com\/pt-br\/industry\/medicinal-cannabis\/","og_site_name":"apg\u00ae Solutions","article_publisher":"https:\/\/www.facebook.com\/apgglobalsolutions","article_modified_time":"2026-04-21T17:36:20+00:00","og_image":[{"url":"https:\/\/apgsolutions.com\/wp-content\/uploads\/2023\/07\/Growth_Light-Blue.png","type":"","width":"","height":""}],"twitter_card":"summary_large_image","twitter_site":"@apg_solutions","twitter_misc":{"Est. tempo de leitura":"3 minutos"},"schema":{"@context":"https:\/\/schema.org","@graph":[{"@type":"WebPage","@id":"https:\/\/apgsolutions.com\/pt-br\/industry\/medicinal-cannabis\/","url":"https:\/\/apgsolutions.com\/pt-br\/industry\/medicinal-cannabis\/","name":"Solu\u00e7\u00f5es de POS para cannabis medicinal - Gavetas de dinheiro para cannabis medicinal | apg\u00ae","isPartOf":{"@id":"https:\/\/apgsolutions.com\/pt-br\/#website"},"primaryImageOfPage":{"@id":"https:\/\/apgsolutions.com\/pt-br\/industry\/medicinal-cannabis\/#primaryimage"},"image":{"@id":"https:\/\/apgsolutions.com\/pt-br\/industry\/medicinal-cannabis\/#primaryimage"},"thumbnailUrl":"https:\/\/apgsolutions.com\/wp-content\/uploads\/2023\/07\/Growth_Light-Blue.png","datePublished":"2026-03-20T15:19:11+00:00","dateModified":"2026-04-21T17:36:20+00:00","description":"Uma gaveta de dinheiro \u00e9 essencial em todos os dispens\u00e1rios de cannabis. Descubra as solu\u00e7\u00f5es e os produtos de PDV recomendados pela APG para o seu ambiente de varejo.","inLanguage":"pt-BR","potentialAction":[{"@type":"ReadAction","target":["https:\/\/apgsolutions.com\/pt-br\/industry\/medicinal-cannabis\/"]}]},{"@type":"ImageObject","inLanguage":"pt-BR","@id":"https:\/\/apgsolutions.com\/pt-br\/industry\/medicinal-cannabis\/#primaryimage","url":"https:\/\/apgsolutions.com\/wp-content\/uploads\/2023\/07\/Growth_Light-Blue.png","contentUrl":"https:\/\/apgsolutions.com\/wp-content\/uploads\/2023\/07\/Growth_Light-Blue.png"},{"@type":"WebSite","@id":"https:\/\/apgsolutions.com\/pt-br\/#website","url":"https:\/\/apgsolutions.com\/pt-br\/","name":"APG Solutions, LLC","description":"Trust at every point.","publisher":{"@id":"https:\/\/apgsolutions.com\/pt-br\/#organization"},"potentialAction":[{"@type":"SearchAction","target":{"@type":"EntryPoint","urlTemplate":"https:\/\/apgsolutions.com\/pt-br\/?s={search_term_string}"},"query-input":{"@type":"PropertyValueSpecification","valueRequired":true,"valueName":"search_term_string"}}],"inLanguage":"pt-BR"},{"@type":"Organization","@id":"https:\/\/apgsolutions.com\/pt-br\/#organization","name":"APG Solution, LLC","url":"https:\/\/apgsolutions.com\/pt-br\/","logo":{"@type":"ImageObject","inLanguage":"pt-BR","@id":"https:\/\/apgsolutions.com\/pt-br\/#\/schema\/logo\/image\/","url":"https:\/\/apgsolutions.com\/wp-content\/uploads\/2023\/12\/logomark-color.svg","contentUrl":"https:\/\/apgsolutions.com\/wp-content\/uploads\/2023\/12\/logomark-color.svg","width":141,"height":138,"caption":"APG Solution, LLC"},"image":{"@id":"https:\/\/apgsolutions.com\/pt-br\/#\/schema\/logo\/image\/"},"sameAs":["https:\/\/www.facebook.com\/apgglobalsolutions","https:\/\/x.com\/apg_solutions","https:\/\/www.youtube.com\/c\/CashManagementGlobalSolutionsbyapg","https:\/\/www.linkedin.com\/company\/apgglobalsolutions\/","https:\/\/www.instagram.com\/apgglobalsolutions\/","https:\/\/www.pinterest.com\/apgcashdrawer\/"]}]}},"acf":[],"_links":{"self":[{"href":"https:\/\/apgsolutions.com\/pt-br\/wp-json\/wp\/v2\/pages\/109768","targetHints":{"allow":["GET"]}}],"collection":[{"href":"https:\/\/apgsolutions.com\/pt-br\/wp-json\/wp\/v2\/pages"}],"about":[{"href":"https:\/\/apgsolutions.com\/pt-br\/wp-json\/wp\/v2\/types\/page"}],"author":[{"embeddable":true,"href":"https:\/\/apgsolutions.com\/pt-br\/wp-json\/wp\/v2\/users\/4"}],"replies":[{"embeddable":true,"href":"https:\/\/apgsolutions.com\/pt-br\/wp-json\/wp\/v2\/comments?post=109768"}],"version-history":[{"count":1,"href":"https:\/\/apgsolutions.com\/pt-br\/wp-json\/wp\/v2\/pages\/109768\/revisions"}],"predecessor-version":[{"id":109774,"href":"https:\/\/apgsolutions.com\/pt-br\/wp-json\/wp\/v2\/pages\/109768\/revisions\/109774"}],"wp:attachment":[{"href":"https:\/\/apgsolutions.com\/pt-br\/wp-json\/wp\/v2\/media?parent=109768"}],"curies":[{"name":"wp","href":"https:\/\/api.w.org\/{rel}","templated":true}]}}