{"id":109775,"date":"2026-03-20T15:19:12","date_gmt":"2026-03-20T15:19:12","guid":{"rendered":"https:\/\/apgsolutions.com\/configurator\/"},"modified":"2026-03-20T15:19:12","modified_gmt":"2026-03-20T15:19:12","slug":"configurator","status":"publish","type":"page","link":"https:\/\/apgsolutions.com\/pt-br\/configurator\/","title":{"rendered":"Configurador"},"content":{"rendered":"<h1>Configurador<\/h1>\n<p>A apg\u00ae n\u00e3o vende diretamente aos usu\u00e1rios finais.<\/p>\n<p>Configure sua gaveta de dinheiro e escolha um de nossos <a href=\"https:\/\/apgsolutions.com\/pt-br\/distributors\/\">distribuidores<\/a> confi\u00e1veis para fazer o pedido do produto.<\/p>\n<p>Se voc\u00ea tiver d\u00favidas sobre o nosso processo de solicita\u00e7\u00e3o de cota\u00e7\u00e3o de produtos, envie um e-mail para <a href=\"mailto:sales.na@apgsolutions.com\">sales@apgsolutions.com<\/a> (Am\u00e9rica do Norte) ou <a href=\"mailto:sales.eu@apgsolutions.com\">sales.eu@apgsolutions.com<\/a> (EMEA).<\/p>\n","protected":false},"excerpt":{"rendered":"<p>Configurador A apg\u00ae n\u00e3o vende diretamente aos usu\u00e1rios finais. Configure sua gaveta de dinheiro e escolha um de nossos distribuidores confi\u00e1veis para fazer o pedido do produto. Se voc\u00ea tiver d\u00favidas sobre o nosso processo de solicita\u00e7\u00e3o de cota\u00e7\u00e3o de produtos, envie um e-mail para sales@apgsolutions.com (Am\u00e9rica do Norte) ou sales.eu@apgsolutions.com (EMEA).<\/p>\n","protected":false},"author":4,"featured_media":0,"parent":0,"menu_order":0,"comment_status":"closed","ping_status":"closed","template":"page-configurator.php","meta":{"_acf_changed":false,"content-type":"","footnotes":""},"class_list":["post-109775","page","type-page","status-publish"],"yoast_head":"<!-- This site is optimized with the Yoast SEO Premium plugin v23.5 (Yoast SEO v27.2) - https:\/\/yoast.com\/product\/yoast-seo-premium-wordpress\/ -->\n<title>Configurador de gaveta de dinheiro - Configure sua gaveta de dinheiro<\/title>\n<meta name=\"description\" content=\"A APG Cash Drawer fabrica gavetas de dinheiro, solu\u00e7\u00f5es de gerenciamento de dinheiro e solu\u00e7\u00f5es personalizadas. Configure sua gaveta de dinheiro e fa\u00e7a o pedido agora mesmo!\" \/>\n<meta name=\"robots\" content=\"index, follow, max-snippet:-1, max-image-preview:large, max-video-preview:-1\" \/>\n<link rel=\"canonical\" href=\"https:\/\/apgsolutions.com\/pt-br\/configurator\/\" \/>\n<meta property=\"og:locale\" content=\"pt_BR\" \/>\n<meta property=\"og:type\" content=\"article\" \/>\n<meta property=\"og:title\" content=\"Configurador de gaveta de dinheiro - Configure sua gaveta de dinheiro\" \/>\n<meta property=\"og:description\" content=\"A APG Cash Drawer fabrica gavetas de dinheiro, solu\u00e7\u00f5es de gerenciamento de dinheiro e solu\u00e7\u00f5es personalizadas. Configure sua gaveta de dinheiro e fa\u00e7a o pedido agora mesmo!\" \/>\n<meta property=\"og:url\" content=\"https:\/\/apgsolutions.com\/pt-br\/configurator\/\" \/>\n<meta property=\"og:site_name\" content=\"apg\u00ae Solutions\" \/>\n<meta property=\"article:publisher\" content=\"https:\/\/www.facebook.com\/apgglobalsolutions\" \/>\n<meta name=\"twitter:card\" content=\"summary_large_image\" \/>\n<meta name=\"twitter:site\" content=\"@apg_solutions\" \/>\n<script type=\"application\/ld+json\" class=\"yoast-schema-graph\">{\"@context\":\"https:\/\/schema.org\",\"@graph\":[{\"@type\":\"WebPage\",\"@id\":\"https:\/\/apgsolutions.com\/pt-br\/configurator\/\",\"url\":\"https:\/\/apgsolutions.com\/pt-br\/configurator\/\",\"name\":\"Configurador de gaveta de dinheiro - Configure sua gaveta de dinheiro\",\"isPartOf\":{\"@id\":\"https:\/\/apgsolutions.com\/pt-br\/#website\"},\"datePublished\":\"2026-03-20T15:19:12+00:00\",\"description\":\"A APG Cash Drawer fabrica gavetas de dinheiro, solu\u00e7\u00f5es de gerenciamento de dinheiro e solu\u00e7\u00f5es personalizadas. Configure sua gaveta de dinheiro e fa\u00e7a o pedido agora mesmo!\",\"inLanguage\":\"pt-BR\",\"potentialAction\":[{\"@type\":\"ReadAction\",\"target\":[\"https:\/\/apgsolutions.com\/pt-br\/configurator\/\"]}]},{\"@type\":\"WebSite\",\"@id\":\"https:\/\/apgsolutions.com\/pt-br\/#website\",\"url\":\"https:\/\/apgsolutions.com\/pt-br\/\",\"name\":\"APG Solutions, LLC\",\"description\":\"Trust at every point.\",\"publisher\":{\"@id\":\"https:\/\/apgsolutions.com\/pt-br\/#organization\"},\"potentialAction\":[{\"@type\":\"SearchAction\",\"target\":{\"@type\":\"EntryPoint\",\"urlTemplate\":\"https:\/\/apgsolutions.com\/pt-br\/?s={search_term_string}\"},\"query-input\":{\"@type\":\"PropertyValueSpecification\",\"valueRequired\":true,\"valueName\":\"search_term_string\"}}],\"inLanguage\":\"pt-BR\"},{\"@type\":\"Organization\",\"@id\":\"https:\/\/apgsolutions.com\/pt-br\/#organization\",\"name\":\"APG Solution, LLC\",\"url\":\"https:\/\/apgsolutions.com\/pt-br\/\",\"logo\":{\"@type\":\"ImageObject\",\"inLanguage\":\"pt-BR\",\"@id\":\"https:\/\/apgsolutions.com\/pt-br\/#\/schema\/logo\/image\/\",\"url\":\"https:\/\/apgsolutions.com\/wp-content\/uploads\/2023\/12\/logomark-color.svg\",\"contentUrl\":\"https:\/\/apgsolutions.com\/wp-content\/uploads\/2023\/12\/logomark-color.svg\",\"width\":141,\"height\":138,\"caption\":\"APG Solution, LLC\"},\"image\":{\"@id\":\"https:\/\/apgsolutions.com\/pt-br\/#\/schema\/logo\/image\/\"},\"sameAs\":[\"https:\/\/www.facebook.com\/apgglobalsolutions\",\"https:\/\/x.com\/apg_solutions\",\"https:\/\/www.youtube.com\/c\/CashManagementGlobalSolutionsbyapg\",\"https:\/\/www.linkedin.com\/company\/apgglobalsolutions\/\",\"https:\/\/www.instagram.com\/apgglobalsolutions\/\",\"https:\/\/www.pinterest.com\/apgcashdrawer\/\"]}]}<\/script>\n<!-- \/ Yoast SEO Premium plugin. -->","yoast_head_json":{"title":"Configurador de gaveta de dinheiro - Configure sua gaveta de dinheiro","description":"A APG Cash Drawer fabrica gavetas de dinheiro, solu\u00e7\u00f5es de gerenciamento de dinheiro e solu\u00e7\u00f5es personalizadas. Configure sua gaveta de dinheiro e fa\u00e7a o pedido agora mesmo!","robots":{"index":"index","follow":"follow","max-snippet":"max-snippet:-1","max-image-preview":"max-image-preview:large","max-video-preview":"max-video-preview:-1"},"canonical":"https:\/\/apgsolutions.com\/pt-br\/configurator\/","og_locale":"pt_BR","og_type":"article","og_title":"Configurador de gaveta de dinheiro - Configure sua gaveta de dinheiro","og_description":"A APG Cash Drawer fabrica gavetas de dinheiro, solu\u00e7\u00f5es de gerenciamento de dinheiro e solu\u00e7\u00f5es personalizadas. Configure sua gaveta de dinheiro e fa\u00e7a o pedido agora mesmo!","og_url":"https:\/\/apgsolutions.com\/pt-br\/configurator\/","og_site_name":"apg\u00ae Solutions","article_publisher":"https:\/\/www.facebook.com\/apgglobalsolutions","twitter_card":"summary_large_image","twitter_site":"@apg_solutions","schema":{"@context":"https:\/\/schema.org","@graph":[{"@type":"WebPage","@id":"https:\/\/apgsolutions.com\/pt-br\/configurator\/","url":"https:\/\/apgsolutions.com\/pt-br\/configurator\/","name":"Configurador de gaveta de dinheiro - Configure sua gaveta de dinheiro","isPartOf":{"@id":"https:\/\/apgsolutions.com\/pt-br\/#website"},"datePublished":"2026-03-20T15:19:12+00:00","description":"A APG Cash Drawer fabrica gavetas de dinheiro, solu\u00e7\u00f5es de gerenciamento de dinheiro e solu\u00e7\u00f5es personalizadas. Configure sua gaveta de dinheiro e fa\u00e7a o pedido agora mesmo!","inLanguage":"pt-BR","potentialAction":[{"@type":"ReadAction","target":["https:\/\/apgsolutions.com\/pt-br\/configurator\/"]}]},{"@type":"WebSite","@id":"https:\/\/apgsolutions.com\/pt-br\/#website","url":"https:\/\/apgsolutions.com\/pt-br\/","name":"APG Solutions, LLC","description":"Trust at every point.","publisher":{"@id":"https:\/\/apgsolutions.com\/pt-br\/#organization"},"potentialAction":[{"@type":"SearchAction","target":{"@type":"EntryPoint","urlTemplate":"https:\/\/apgsolutions.com\/pt-br\/?s={search_term_string}"},"query-input":{"@type":"PropertyValueSpecification","valueRequired":true,"valueName":"search_term_string"}}],"inLanguage":"pt-BR"},{"@type":"Organization","@id":"https:\/\/apgsolutions.com\/pt-br\/#organization","name":"APG Solution, LLC","url":"https:\/\/apgsolutions.com\/pt-br\/","logo":{"@type":"ImageObject","inLanguage":"pt-BR","@id":"https:\/\/apgsolutions.com\/pt-br\/#\/schema\/logo\/image\/","url":"https:\/\/apgsolutions.com\/wp-content\/uploads\/2023\/12\/logomark-color.svg","contentUrl":"https:\/\/apgsolutions.com\/wp-content\/uploads\/2023\/12\/logomark-color.svg","width":141,"height":138,"caption":"APG Solution, LLC"},"image":{"@id":"https:\/\/apgsolutions.com\/pt-br\/#\/schema\/logo\/image\/"},"sameAs":["https:\/\/www.facebook.com\/apgglobalsolutions","https:\/\/x.com\/apg_solutions","https:\/\/www.youtube.com\/c\/CashManagementGlobalSolutionsbyapg","https:\/\/www.linkedin.com\/company\/apgglobalsolutions\/","https:\/\/www.instagram.com\/apgglobalsolutions\/","https:\/\/www.pinterest.com\/apgcashdrawer\/"]}]}},"acf":[],"_links":{"self":[{"href":"https:\/\/apgsolutions.com\/pt-br\/wp-json\/wp\/v2\/pages\/109775","targetHints":{"allow":["GET"]}}],"collection":[{"href":"https:\/\/apgsolutions.com\/pt-br\/wp-json\/wp\/v2\/pages"}],"about":[{"href":"https:\/\/apgsolutions.com\/pt-br\/wp-json\/wp\/v2\/types\/page"}],"author":[{"embeddable":true,"href":"https:\/\/apgsolutions.com\/pt-br\/wp-json\/wp\/v2\/users\/4"}],"replies":[{"embeddable":true,"href":"https:\/\/apgsolutions.com\/pt-br\/wp-json\/wp\/v2\/comments?post=109775"}],"version-history":[{"count":0,"href":"https:\/\/apgsolutions.com\/pt-br\/wp-json\/wp\/v2\/pages\/109775\/revisions"}],"wp:attachment":[{"href":"https:\/\/apgsolutions.com\/pt-br\/wp-json\/wp\/v2\/media?parent=109775"}],"curies":[{"name":"wp","href":"https:\/\/api.w.org\/{rel}","templated":true}]}}