{"id":110457,"date":"2026-03-23T13:11:48","date_gmt":"2026-03-23T13:11:48","guid":{"rendered":"https:\/\/apgsolutions.com\/quick-serve-restaurant-qsr\/"},"modified":"2026-04-21T17:38:29","modified_gmt":"2026-04-21T17:38:29","slug":"quick-serve-restaurant-qsr","status":"publish","type":"page","link":"https:\/\/apgsolutions.com\/pt-br\/industry\/quick-serve-restaurant-qsr\/","title":{"rendered":"Restaurantes de servi\u00e7o r\u00e1pido"},"content":{"rendered":"<div class=\"section_page-header \">\n    <img decoding=\"async\" class=\"header-image\" src=\"https:\/\/apgsolutions.com\/wp-content\/uploads\/2023\/07\/QSR-Header.jpg\" alt=\"Quick Serve Restaurants\" title=\"Quick Serve Restaurants\">\n            <div class=\"header-content\">\n            <h1>Quick Serve Restaurants<\/h1>\n        <\/div>\n    <\/div>\n<div class=\"wp-block-group pos-content-div is-vertical is-content-justification-center is-layout-flex wp-container-core-group-is-layout-4b2eccd6 wp-block-group-is-layout-flex\">\n<div style=\"height:0px\" aria-hidden=\"true\" class=\"wp-block-spacer wp-container-content-b83b6736\"><\/div>\n\n\n\n<div class=\"wp-block-group is-vertical is-content-justification-center is-nowrap is-layout-flex wp-container-core-group-is-layout-e862386f wp-block-group-is-layout-flex\">\n<p class=\"has-text-align-center has-large-font-size\"><strong>Solu\u00e7\u00f5es de PDV robustas e dur\u00e1veis<\/strong><\/p>\n\n\n\n<div style=\"height:0px\" aria-hidden=\"true\" class=\"wp-block-spacer wp-container-content-5082a153\"><\/div>\n\n\n\n<p class=\"has-text-align-center\">Os restaurantes de servi\u00e7o r\u00e1pido constituem uma parte significativa do mercado do setor de alimentos. Somente nos Estados Unidos, h\u00e1 195.507 restaurantes de servi\u00e7o r\u00e1pido, e o tamanho do mercado atingiu US$ 382 bilh\u00f5es em 2022. Os restaurantes de servi\u00e7o r\u00e1pido s\u00e3o vitais para a hospitalidade, geralmente operando de 2 a 3 terminais de PDV nos caixas da loja e de 1 a 2 nas janelas do drive-thru.    <\/p>\n\n\n\n<p class=\"has-text-align-center\">A apg\u00ae tem a experi\u00eancia e a capacidade de fabricar o hardware de ponto de venda mais confi\u00e1vel e seguro para restaurantes de servi\u00e7o r\u00e1pido. Nossas solu\u00e7\u00f5es robustas s\u00e3o projetadas para aumentar a produtividade e melhorar a experi\u00eancia geral do cliente. <\/p>\n<\/div>\n\n\n\n<div style=\"height:0px\" aria-hidden=\"true\" class=\"wp-block-spacer wp-container-content-b83b6736\"><\/div>\n\n\n\n<div class=\"wp-block-group is-vertical is-layout-flex wp-container-core-group-is-layout-8cf370e7 wp-block-group-is-layout-flex\">\n<p style=\"font-size:30px\"><strong>Fatos e estat\u00edsticas<\/strong><\/p>\n\n\n\n<div style=\"height:0px\" aria-hidden=\"true\" class=\"wp-block-spacer wp-container-content-5082a153\"><\/div>\n<\/div>\n\n\n\n<div class=\"wp-block-columns is-layout-flex wp-container-core-columns-is-layout-9d6595d7 wp-block-columns-is-layout-flex\">\n<div class=\"wp-block-column pos-card-box has-background is-layout-flow wp-block-column-is-layout-flow\" style=\"background-color:#fcfaf7;flex-basis:360px\">\n<div style=\"height:1rem\" aria-hidden=\"true\" class=\"wp-block-spacer\"><\/div>\n\n\n<div class=\"wp-block-image\">\n<figure class=\"aligncenter size-full\"><img decoding=\"async\" width=\"80\" height=\"80\" src=\"https:\/\/apgsolutions.com\/wp-content\/uploads\/2023\/07\/Money-Growth_Light-Blue.png\" alt=\"&#xCD;cone da principal fonte de receita\" class=\"wp-image-68978\" style=\"object-fit:cover\"\/><\/figure>\n<\/div>\n\n\n<h3 class=\"wp-block-heading has-text-align-center\" id=\"h-growth\">Crescimento<\/h3>\n\n\n\n<p class=\"has-text-align-center\">Em 2023, os gastos dos consumidores com QSRs foram de US$ 350 bilh\u00f5es | Statista<\/p>\n\n\n\n<div style=\"height:1rem\" aria-hidden=\"true\" class=\"wp-block-spacer\"><\/div>\n<\/div>\n\n\n\n<div class=\"wp-block-column pos-card-box has-background is-layout-flow wp-block-column-is-layout-flow\" style=\"background-color:#fcfaf7;flex-basis:360px\">\n<div style=\"height:1rem\" aria-hidden=\"true\" class=\"wp-block-spacer\"><\/div>\n\n\n<div class=\"wp-block-image\">\n<figure class=\"aligncenter size-full\"><img decoding=\"async\" width=\"80\" height=\"80\" src=\"https:\/\/apgsolutions.com\/wp-content\/uploads\/2023\/08\/Serve-Brands-1.png\" alt=\"Valor\" class=\"wp-image-70076\" style=\"object-fit:cover\"\/><\/figure>\n<\/div>\n\n\n<h3 class=\"wp-block-heading has-text-align-center\" id=\"h-value\">Valor<\/h3>\n\n\n\n<p class=\"has-text-align-center\">Os restaurantes de servi\u00e7o r\u00e1pido s\u00e3o uma op\u00e7\u00e3o atraente para os consumidores preocupados com o or\u00e7amento. Os consumidores usam dinheiro em cerca de metade de todas as vendas avaliadas em menos de US$ 50 | FRB <\/p>\n\n\n\n<div style=\"height:1rem\" aria-hidden=\"true\" class=\"wp-block-spacer\"><\/div>\n<\/div>\n\n\n\n<div class=\"wp-block-column pos-card-box has-background is-layout-flow wp-block-column-is-layout-flow\" style=\"background-color:#fcfaf7;flex-basis:360px\">\n<div style=\"height:1rem\" aria-hidden=\"true\" class=\"wp-block-spacer\"><\/div>\n\n\n<div class=\"wp-block-image\">\n<figure class=\"aligncenter size-full\"><img decoding=\"async\" width=\"80\" height=\"80\" src=\"https:\/\/apgsolutions.com\/wp-content\/uploads\/2023\/07\/Bill_Light-Blue.png\" alt=\"&#xCD;cone da conta\" class=\"wp-image-68967\" style=\"object-fit:cover\"\/><\/figure>\n<\/div>\n\n\n<h3 class=\"wp-block-heading has-text-align-center\" id=\"h-cash-usage\">Uso de dinheiro<\/h3>\n\n\n\n<p class=\"has-text-align-center\">O dinheiro ainda \u00e9 a forma de pagamento mais usada, 67% dos americanos preferem usar dinheiro<\/p>\n\n\n\n<div style=\"height:16px\" aria-hidden=\"true\" class=\"wp-block-spacer\"><\/div>\n<\/div>\n<\/div>\n\n\n\n<div style=\"height:0px\" aria-hidden=\"true\" class=\"wp-block-spacer wp-container-content-b83b6736\"><\/div>\n\n\n\n<div class=\"wp-block-group is-vertical is-layout-flex wp-container-core-group-is-layout-8cf370e7 wp-block-group-is-layout-flex\">\n<p style=\"font-size:30px\"><strong>Nossas gavetas recomendadas para restaurantes de servi\u00e7o r\u00e1pido<\/strong><\/p>\n\n\n\n<div style=\"height:0px\" aria-hidden=\"true\" class=\"wp-block-spacer wp-container-content-2cb1e7d4\"><\/div>\n<\/div>\n\n\n\n<div class=\"wp-block-columns is-layout-flex wp-container-core-columns-is-layout-9d6595d7 wp-block-columns-is-layout-flex\">\n<div class=\"wp-block-column is-layout-flow wp-block-column-is-layout-flow\">\n<div style=\"height:1rem\" aria-hidden=\"true\" class=\"wp-block-spacer\"><\/div>\n\n\n<div class=\"wp-block-image\">\n<figure class=\"aligncenter size-full is-resized\"><img decoding=\"async\" src=\"https:\/\/apgsolutions.com\/wp-content\/uploads\/2024\/09\/Series-100.png\" alt=\"Gaveta de dinheiro S&#xE9;rie 100\" class=\"wp-image-86680\" style=\"width:186px\"\/><\/figure>\n<\/div>\n\n\n<h3 class=\"wp-block-heading has-text-align-center\" id=\"h-series-100-cash-drawers\">Gavetas de dinheiro da s\u00e9rie 100<\/h3>\n\n\n\n<p class=\"has-text-align-left\">A S\u00e9rie 100 \u00e9 ideal para restaurantes de servi\u00e7o r\u00e1pido, oferecendo amplo armazenamento com um compartimento inferior profundo para rolos de moedas e moedas embaladas. Seu design compacto otimiza o espa\u00e7o no balc\u00e3o, tornando-o ideal para ambientes de ritmo acelerado. <\/p>\n\n\n\n<p class=\"has-text-align-left\">Testado em mais de quatro milh\u00f5es de transa\u00e7\u00f5es, o Series 100 oferece confiabilidade e durabilidade constantes para as transa\u00e7\u00f5es de alto volume de restaurantes de servi\u00e7o r\u00e1pido.<\/p>\n\n\n\n<div style=\"height:1rem\" aria-hidden=\"true\" class=\"wp-block-spacer\"><\/div>\n<\/div>\n\n\n\n<div class=\"wp-block-column is-layout-flow wp-block-column-is-layout-flow\">\n<div style=\"height:1rem\" aria-hidden=\"true\" class=\"wp-block-spacer\"><\/div>\n\n\n<div class=\"wp-block-image\">\n<figure class=\"aligncenter size-full is-resized\"><img loading=\"lazy\" decoding=\"async\" width=\"1600\" height=\"1200\" src=\"https:\/\/apgsolutions.com\/wp-content\/uploads\/2023\/06\/Series-4000-JB520-BL1816-Closed-Right.png\" alt=\"Gaveta de dinheiro Series 4000\" class=\"wp-image-83857\" style=\"width:186px\" srcset=\"https:\/\/apgsolutions.com\/wp-content\/uploads\/2023\/06\/Series-4000-JB520-BL1816-Closed-Right.png 1600w, https:\/\/apgsolutions.com\/wp-content\/uploads\/2023\/06\/Series-4000-JB520-BL1816-Closed-Right-300x225.png 300w, https:\/\/apgsolutions.com\/wp-content\/uploads\/2023\/06\/Series-4000-JB520-BL1816-Closed-Right-1024x768.png 1024w, https:\/\/apgsolutions.com\/wp-content\/uploads\/2023\/06\/Series-4000-JB520-BL1816-Closed-Right-768x576.png 768w, https:\/\/apgsolutions.com\/wp-content\/uploads\/2023\/06\/Series-4000-JB520-BL1816-Closed-Right-1536x1152.png 1536w, https:\/\/apgsolutions.com\/wp-content\/uploads\/2023\/06\/Series-4000-JB520-BL1816-Closed-Right-550x413.png 550w, https:\/\/apgsolutions.com\/wp-content\/uploads\/2023\/06\/Series-4000-JB520-BL1816-Closed-Right-80x60.png 80w, https:\/\/apgsolutions.com\/wp-content\/uploads\/2023\/06\/Series-4000-JB520-BL1816-Closed-Right-600x450.png 600w\" sizes=\"(max-width: 1600px) 100vw, 1600px\" \/><\/figure>\n<\/div>\n\n\n<h3 class=\"wp-block-heading has-text-align-center\" id=\"h-series-4000-cash-drawer\">Gaveta de dinheiro Series 4000<\/h3>\n\n\n\n<p class=\"has-text-align-left\">A S\u00e9rie 4000 garante solu\u00e7\u00f5es de armazenamento flex\u00edveis com v\u00e1rios tamanhos e cores para atender \u00e0s suas necessidades de checkout em ritmo acelerado.  <\/p>\n\n\n\n<p class=\"has-text-align-left\">Constru\u00eddo para lidar com mais de quatro milh\u00f5es de transa\u00e7\u00f5es, o Series 4000 garante desempenho e durabilidade confi\u00e1veis, o que o torna a op\u00e7\u00e3o segura para restaurantes de servi\u00e7o r\u00e1pido.<\/p>\n\n\n\n<div style=\"height:1rem\" aria-hidden=\"true\" class=\"wp-block-spacer\"><\/div>\n<\/div>\n<\/div>\n<\/div>\n","protected":false},"excerpt":{"rendered":"<p>Solu\u00e7\u00f5es de PDV robustas e dur\u00e1veis Os restaurantes de servi\u00e7o r\u00e1pido constituem uma parte significativa do mercado do setor de alimentos. Somente nos Estados Unidos, h\u00e1 195.507 restaurantes de servi\u00e7o r\u00e1pido, e o tamanho do mercado atingiu US$ 382 bilh\u00f5es em 2022. Os restaurantes de servi\u00e7o r\u00e1pido s\u00e3o vitais para a hospitalidade, geralmente operando de [&hellip;]<\/p>\n","protected":false},"author":4,"featured_media":0,"parent":0,"menu_order":0,"comment_status":"closed","ping_status":"closed","template":"","meta":{"_acf_changed":false,"content-type":"","footnotes":""},"class_list":["post-110457","page","type-page","status-publish"],"yoast_head":"<!-- This site is optimized with the Yoast SEO Premium plugin v23.5 (Yoast SEO v27.2) - https:\/\/yoast.com\/product\/yoast-seo-premium-wordpress\/ -->\n<title>Solu\u00e7\u00f5es de PDV recomendadas para restaurantes de servi\u00e7o r\u00e1pido - APG<\/title>\n<meta name=\"description\" content=\"A APG tem solu\u00e7\u00f5es de ponto de venda dur\u00e1veis para restaurantes de servi\u00e7o r\u00e1pido. Nossas solu\u00e7\u00f5es robustas podem aumentar a produtividade e aprimorar a experi\u00eancia de check-out.\" \/>\n<meta name=\"robots\" content=\"index, follow, max-snippet:-1, max-image-preview:large, max-video-preview:-1\" \/>\n<link rel=\"canonical\" href=\"https:\/\/apgsolutions.com\/pt-br\/industry\/quick-serve-restaurant-qsr\/\" \/>\n<meta property=\"og:locale\" content=\"pt_BR\" \/>\n<meta property=\"og:type\" content=\"article\" \/>\n<meta property=\"og:title\" content=\"Solu\u00e7\u00f5es de PDV recomendadas para restaurantes de servi\u00e7o r\u00e1pido - APG\" \/>\n<meta property=\"og:description\" content=\"A APG tem solu\u00e7\u00f5es de ponto de venda dur\u00e1veis para restaurantes de servi\u00e7o r\u00e1pido. Nossas solu\u00e7\u00f5es robustas podem aumentar a produtividade e aprimorar a experi\u00eancia de check-out.\" \/>\n<meta property=\"og:url\" content=\"https:\/\/apgsolutions.com\/pt-br\/industry\/quick-serve-restaurant-qsr\/\" \/>\n<meta property=\"og:site_name\" content=\"apg\u00ae Solutions\" \/>\n<meta property=\"article:publisher\" content=\"https:\/\/www.facebook.com\/apgglobalsolutions\" \/>\n<meta property=\"article:modified_time\" content=\"2026-04-21T17:38:29+00:00\" \/>\n<meta property=\"og:image\" content=\"https:\/\/apgsolutions.com\/wp-content\/uploads\/2023\/07\/Money-Growth_Light-Blue.png\" \/>\n<meta name=\"twitter:card\" content=\"summary_large_image\" \/>\n<meta name=\"twitter:site\" content=\"@apg_solutions\" \/>\n<meta name=\"twitter:label1\" content=\"Est. tempo de leitura\" \/>\n\t<meta name=\"twitter:data1\" content=\"3 minutos\" \/>\n<script type=\"application\/ld+json\" class=\"yoast-schema-graph\">{\"@context\":\"https:\/\/schema.org\",\"@graph\":[{\"@type\":\"WebPage\",\"@id\":\"https:\/\/apgsolutions.com\/pt-br\/industry\/quick-serve-restaurant-qsr\/\",\"url\":\"https:\/\/apgsolutions.com\/pt-br\/industry\/quick-serve-restaurant-qsr\/\",\"name\":\"Solu\u00e7\u00f5es de PDV recomendadas para restaurantes de servi\u00e7o r\u00e1pido - APG\",\"isPartOf\":{\"@id\":\"https:\/\/apgsolutions.com\/pt-br\/#website\"},\"primaryImageOfPage\":{\"@id\":\"https:\/\/apgsolutions.com\/pt-br\/industry\/quick-serve-restaurant-qsr\/#primaryimage\"},\"image\":{\"@id\":\"https:\/\/apgsolutions.com\/pt-br\/industry\/quick-serve-restaurant-qsr\/#primaryimage\"},\"thumbnailUrl\":\"https:\/\/apgsolutions.com\/wp-content\/uploads\/2023\/07\/Money-Growth_Light-Blue.png\",\"datePublished\":\"2026-03-23T13:11:48+00:00\",\"dateModified\":\"2026-04-21T17:38:29+00:00\",\"description\":\"A APG tem solu\u00e7\u00f5es de ponto de venda dur\u00e1veis para restaurantes de servi\u00e7o r\u00e1pido. Nossas solu\u00e7\u00f5es robustas podem aumentar a produtividade e aprimorar a experi\u00eancia de check-out.\",\"inLanguage\":\"pt-BR\",\"potentialAction\":[{\"@type\":\"ReadAction\",\"target\":[\"https:\/\/apgsolutions.com\/pt-br\/industry\/quick-serve-restaurant-qsr\/\"]}]},{\"@type\":\"ImageObject\",\"inLanguage\":\"pt-BR\",\"@id\":\"https:\/\/apgsolutions.com\/pt-br\/industry\/quick-serve-restaurant-qsr\/#primaryimage\",\"url\":\"https:\/\/apgsolutions.com\/wp-content\/uploads\/2023\/07\/Money-Growth_Light-Blue.png\",\"contentUrl\":\"https:\/\/apgsolutions.com\/wp-content\/uploads\/2023\/07\/Money-Growth_Light-Blue.png\"},{\"@type\":\"WebSite\",\"@id\":\"https:\/\/apgsolutions.com\/pt-br\/#website\",\"url\":\"https:\/\/apgsolutions.com\/pt-br\/\",\"name\":\"APG Solutions, LLC\",\"description\":\"Trust at every point.\",\"publisher\":{\"@id\":\"https:\/\/apgsolutions.com\/pt-br\/#organization\"},\"potentialAction\":[{\"@type\":\"SearchAction\",\"target\":{\"@type\":\"EntryPoint\",\"urlTemplate\":\"https:\/\/apgsolutions.com\/pt-br\/?s={search_term_string}\"},\"query-input\":{\"@type\":\"PropertyValueSpecification\",\"valueRequired\":true,\"valueName\":\"search_term_string\"}}],\"inLanguage\":\"pt-BR\"},{\"@type\":\"Organization\",\"@id\":\"https:\/\/apgsolutions.com\/pt-br\/#organization\",\"name\":\"APG Solution, LLC\",\"url\":\"https:\/\/apgsolutions.com\/pt-br\/\",\"logo\":{\"@type\":\"ImageObject\",\"inLanguage\":\"pt-BR\",\"@id\":\"https:\/\/apgsolutions.com\/pt-br\/#\/schema\/logo\/image\/\",\"url\":\"https:\/\/apgsolutions.com\/wp-content\/uploads\/2023\/12\/logomark-color.svg\",\"contentUrl\":\"https:\/\/apgsolutions.com\/wp-content\/uploads\/2023\/12\/logomark-color.svg\",\"width\":141,\"height\":138,\"caption\":\"APG Solution, LLC\"},\"image\":{\"@id\":\"https:\/\/apgsolutions.com\/pt-br\/#\/schema\/logo\/image\/\"},\"sameAs\":[\"https:\/\/www.facebook.com\/apgglobalsolutions\",\"https:\/\/x.com\/apg_solutions\",\"https:\/\/www.youtube.com\/c\/CashManagementGlobalSolutionsbyapg\",\"https:\/\/www.linkedin.com\/company\/apgglobalsolutions\/\",\"https:\/\/www.instagram.com\/apgglobalsolutions\/\",\"https:\/\/www.pinterest.com\/apgcashdrawer\/\"]}]}<\/script>\n<!-- \/ Yoast SEO Premium plugin. -->","yoast_head_json":{"title":"Solu\u00e7\u00f5es de PDV recomendadas para restaurantes de servi\u00e7o r\u00e1pido - APG","description":"A APG tem solu\u00e7\u00f5es de ponto de venda dur\u00e1veis para restaurantes de servi\u00e7o r\u00e1pido. Nossas solu\u00e7\u00f5es robustas podem aumentar a produtividade e aprimorar a experi\u00eancia de check-out.","robots":{"index":"index","follow":"follow","max-snippet":"max-snippet:-1","max-image-preview":"max-image-preview:large","max-video-preview":"max-video-preview:-1"},"canonical":"https:\/\/apgsolutions.com\/pt-br\/industry\/quick-serve-restaurant-qsr\/","og_locale":"pt_BR","og_type":"article","og_title":"Solu\u00e7\u00f5es de PDV recomendadas para restaurantes de servi\u00e7o r\u00e1pido - APG","og_description":"A APG tem solu\u00e7\u00f5es de ponto de venda dur\u00e1veis para restaurantes de servi\u00e7o r\u00e1pido. Nossas solu\u00e7\u00f5es robustas podem aumentar a produtividade e aprimorar a experi\u00eancia de check-out.","og_url":"https:\/\/apgsolutions.com\/pt-br\/industry\/quick-serve-restaurant-qsr\/","og_site_name":"apg\u00ae Solutions","article_publisher":"https:\/\/www.facebook.com\/apgglobalsolutions","article_modified_time":"2026-04-21T17:38:29+00:00","og_image":[{"url":"https:\/\/apgsolutions.com\/wp-content\/uploads\/2023\/07\/Money-Growth_Light-Blue.png","type":"","width":"","height":""}],"twitter_card":"summary_large_image","twitter_site":"@apg_solutions","twitter_misc":{"Est. tempo de leitura":"3 minutos"},"schema":{"@context":"https:\/\/schema.org","@graph":[{"@type":"WebPage","@id":"https:\/\/apgsolutions.com\/pt-br\/industry\/quick-serve-restaurant-qsr\/","url":"https:\/\/apgsolutions.com\/pt-br\/industry\/quick-serve-restaurant-qsr\/","name":"Solu\u00e7\u00f5es de PDV recomendadas para restaurantes de servi\u00e7o r\u00e1pido - APG","isPartOf":{"@id":"https:\/\/apgsolutions.com\/pt-br\/#website"},"primaryImageOfPage":{"@id":"https:\/\/apgsolutions.com\/pt-br\/industry\/quick-serve-restaurant-qsr\/#primaryimage"},"image":{"@id":"https:\/\/apgsolutions.com\/pt-br\/industry\/quick-serve-restaurant-qsr\/#primaryimage"},"thumbnailUrl":"https:\/\/apgsolutions.com\/wp-content\/uploads\/2023\/07\/Money-Growth_Light-Blue.png","datePublished":"2026-03-23T13:11:48+00:00","dateModified":"2026-04-21T17:38:29+00:00","description":"A APG tem solu\u00e7\u00f5es de ponto de venda dur\u00e1veis para restaurantes de servi\u00e7o r\u00e1pido. Nossas solu\u00e7\u00f5es robustas podem aumentar a produtividade e aprimorar a experi\u00eancia de check-out.","inLanguage":"pt-BR","potentialAction":[{"@type":"ReadAction","target":["https:\/\/apgsolutions.com\/pt-br\/industry\/quick-serve-restaurant-qsr\/"]}]},{"@type":"ImageObject","inLanguage":"pt-BR","@id":"https:\/\/apgsolutions.com\/pt-br\/industry\/quick-serve-restaurant-qsr\/#primaryimage","url":"https:\/\/apgsolutions.com\/wp-content\/uploads\/2023\/07\/Money-Growth_Light-Blue.png","contentUrl":"https:\/\/apgsolutions.com\/wp-content\/uploads\/2023\/07\/Money-Growth_Light-Blue.png"},{"@type":"WebSite","@id":"https:\/\/apgsolutions.com\/pt-br\/#website","url":"https:\/\/apgsolutions.com\/pt-br\/","name":"APG Solutions, LLC","description":"Trust at every point.","publisher":{"@id":"https:\/\/apgsolutions.com\/pt-br\/#organization"},"potentialAction":[{"@type":"SearchAction","target":{"@type":"EntryPoint","urlTemplate":"https:\/\/apgsolutions.com\/pt-br\/?s={search_term_string}"},"query-input":{"@type":"PropertyValueSpecification","valueRequired":true,"valueName":"search_term_string"}}],"inLanguage":"pt-BR"},{"@type":"Organization","@id":"https:\/\/apgsolutions.com\/pt-br\/#organization","name":"APG Solution, LLC","url":"https:\/\/apgsolutions.com\/pt-br\/","logo":{"@type":"ImageObject","inLanguage":"pt-BR","@id":"https:\/\/apgsolutions.com\/pt-br\/#\/schema\/logo\/image\/","url":"https:\/\/apgsolutions.com\/wp-content\/uploads\/2023\/12\/logomark-color.svg","contentUrl":"https:\/\/apgsolutions.com\/wp-content\/uploads\/2023\/12\/logomark-color.svg","width":141,"height":138,"caption":"APG Solution, LLC"},"image":{"@id":"https:\/\/apgsolutions.com\/pt-br\/#\/schema\/logo\/image\/"},"sameAs":["https:\/\/www.facebook.com\/apgglobalsolutions","https:\/\/x.com\/apg_solutions","https:\/\/www.youtube.com\/c\/CashManagementGlobalSolutionsbyapg","https:\/\/www.linkedin.com\/company\/apgglobalsolutions\/","https:\/\/www.instagram.com\/apgglobalsolutions\/","https:\/\/www.pinterest.com\/apgcashdrawer\/"]}]}},"acf":[],"_links":{"self":[{"href":"https:\/\/apgsolutions.com\/pt-br\/wp-json\/wp\/v2\/pages\/110457","targetHints":{"allow":["GET"]}}],"collection":[{"href":"https:\/\/apgsolutions.com\/pt-br\/wp-json\/wp\/v2\/pages"}],"about":[{"href":"https:\/\/apgsolutions.com\/pt-br\/wp-json\/wp\/v2\/types\/page"}],"author":[{"embeddable":true,"href":"https:\/\/apgsolutions.com\/pt-br\/wp-json\/wp\/v2\/users\/4"}],"replies":[{"embeddable":true,"href":"https:\/\/apgsolutions.com\/pt-br\/wp-json\/wp\/v2\/comments?post=110457"}],"version-history":[{"count":3,"href":"https:\/\/apgsolutions.com\/pt-br\/wp-json\/wp\/v2\/pages\/110457\/revisions"}],"predecessor-version":[{"id":110483,"href":"https:\/\/apgsolutions.com\/pt-br\/wp-json\/wp\/v2\/pages\/110457\/revisions\/110483"}],"wp:attachment":[{"href":"https:\/\/apgsolutions.com\/pt-br\/wp-json\/wp\/v2\/media?parent=110457"}],"curies":[{"name":"wp","href":"https:\/\/api.w.org\/{rel}","templated":true}]}}