{"id":110473,"date":"2026-03-23T13:11:50","date_gmt":"2026-03-23T13:11:50","guid":{"rendered":"https:\/\/apgsolutions.com\/thank-quote-request\/"},"modified":"2026-03-23T14:30:10","modified_gmt":"2026-03-23T14:30:10","slug":"thank-quote-request","status":"publish","type":"page","link":"https:\/\/apgsolutions.com\/pt-br\/thank-quote-request\/","title":{"rendered":"Obrigado por voc\u00ea ter solicitado uma cota\u00e7\u00e3o"},"content":{"rendered":"<div class=\"section_page-header \">\n    <img decoding=\"async\" class=\"header-image\" src=\"https:\/\/apgsolutions.com\/wp-content\/uploads\/2023\/04\/dark-blue-rotated.jpg\" alt=\"dark-blue\" title=\"dark-blue\">\n            <div class=\"header-content\">\n            <h1>Thank You for Requesting a Quote<\/h1>\n        <\/div>\n    <\/div>\n<h3 class=\"wp-block-heading\" id=\"h-your-distributor-of-choice-will-be-following-up-with-you-soon\">O distribuidor de sua escolha entrar\u00e1 em contato com voc\u00ea em breve.<\/h3>\n\n<h3 class=\"wp-block-heading\" id=\"h-click-here-to-configure-another-product\">Clique <a href=\"https:\/\/apgsolutions.com\/pt-br\/configurator\/\">aqui<\/a> para configurar outro produto.<\/h3>\n\n<p>Gostar\u00edamos muito que voc\u00ea desse sua opini\u00e3o sobre n\u00f3s. Clique <a href=\"https:\/\/apgsolutions.com\/pt-br\/customer-satisfaction-survey-2\/\">aqui<\/a> para responder \u00e0 nossa pesquisa de uma pergunta. <\/p>\n\n<p>Sinta-se \u00e0 vontade para explorar os links abaixo e saber mais sobre a APG Cash Drawer:<\/p>\n\n<ul class=\"wp-block-list\">\n<li><a href=\"https:\/\/apgsolutions.com\/pt-br\/produtos\/\">Produtos APG<\/a><\/li>\n\n\n\n<li><a href=\"https:\/\/apgsolutions.com\/pt-br\/keys-and-locks\/\">Chaves e cadeados<\/a><\/li>\n\n\n\n<li><a href=\"https:\/\/apgsolutions.com\/integration-systems\/\">Sistemas de integra\u00e7\u00e3o<\/a><\/li>\n\n\n\n<li><a href=\"https:\/\/apgsolutions.com\/pt-br\/about-apg\/\">Por que escolher a APG Cash Drawer?<\/a><\/li>\n\n\n\n<li><a href=\"https:\/\/apgsolutions.com\/pt-br\/press\/\">Sala de imprensa<\/a><\/li>\n\n\n\n<li><a href=\"https:\/\/apgsolutions.com\/pt-br\/configurator\/\">Configurador de n\u00famero de pe\u00e7a<\/a><\/li>\n\n\n\n<li><a href=\"https:\/\/apgsolutions.com\/pt-br\/resources\/\">Recursos APG<\/a><\/li>\n<\/ul>\n\n<p>Leia o <a href=\"https:\/\/apgsolutions.com\/blog\/\">blog<\/a> da APG Cash Drawer e fique por dentro das novidades do setor!<\/p>\n","protected":false},"excerpt":{"rendered":"<p>O distribuidor de sua escolha entrar\u00e1 em contato com voc\u00ea em breve. Clique aqui para configurar outro produto. Gostar\u00edamos muito que voc\u00ea desse sua opini\u00e3o sobre n\u00f3s. Clique aqui para responder \u00e0 nossa pesquisa de uma pergunta. Sinta-se \u00e0 vontade para explorar os links abaixo e saber mais sobre a APG Cash Drawer: Leia o [&hellip;]<\/p>\n","protected":false},"author":4,"featured_media":0,"parent":0,"menu_order":0,"comment_status":"closed","ping_status":"closed","template":"","meta":{"_acf_changed":false,"content-type":"","footnotes":""},"class_list":["post-110473","page","type-page","status-publish"],"yoast_head":"<!-- This site is optimized with the Yoast SEO Premium plugin v23.5 (Yoast SEO v27.2) - https:\/\/yoast.com\/product\/yoast-seo-premium-wordpress\/ -->\n<title>Obrigado por solicitar uma cota\u00e7\u00e3o | apg\u00ae Solutions<\/title>\n<meta name=\"robots\" content=\"noindex, follow\" \/>\n<meta property=\"og:locale\" content=\"pt_BR\" \/>\n<meta property=\"og:type\" content=\"article\" \/>\n<meta property=\"og:title\" content=\"Obrigado por solicitar uma cota\u00e7\u00e3o | apg\u00ae Solutions\" \/>\n<meta property=\"og:description\" content=\"O distribuidor de sua escolha entrar\u00e1 em contato com voc\u00ea em breve. Clique aqui para configurar outro produto. Gostar\u00edamos muito que voc\u00ea desse sua opini\u00e3o sobre n\u00f3s. Clique aqui para responder \u00e0 nossa pesquisa de uma pergunta. Sinta-se \u00e0 vontade para explorar os links abaixo e saber mais sobre a APG Cash Drawer: Leia o [&hellip;]\" \/>\n<meta property=\"og:url\" content=\"https:\/\/apgsolutions.com\/pt-br\/thank-quote-request\/\" \/>\n<meta property=\"og:site_name\" content=\"apg\u00ae Solutions\" \/>\n<meta property=\"article:publisher\" content=\"https:\/\/www.facebook.com\/apgglobalsolutions\" \/>\n<meta property=\"article:modified_time\" content=\"2026-03-23T14:30:10+00:00\" \/>\n<meta name=\"twitter:card\" content=\"summary_large_image\" \/>\n<meta name=\"twitter:site\" content=\"@apg_solutions\" \/>\n<script type=\"application\/ld+json\" class=\"yoast-schema-graph\">{\"@context\":\"https:\/\/schema.org\",\"@graph\":[{\"@type\":\"WebPage\",\"@id\":\"https:\/\/apgsolutions.com\/pt-br\/thank-quote-request\/\",\"url\":\"https:\/\/apgsolutions.com\/pt-br\/thank-quote-request\/\",\"name\":\"Obrigado por solicitar uma cota\u00e7\u00e3o | apg\u00ae Solutions\",\"isPartOf\":{\"@id\":\"https:\/\/apgsolutions.com\/pt-br\/#website\"},\"datePublished\":\"2026-03-23T13:11:50+00:00\",\"dateModified\":\"2026-03-23T14:30:10+00:00\",\"inLanguage\":\"pt-BR\",\"potentialAction\":[{\"@type\":\"ReadAction\",\"target\":[\"https:\/\/apgsolutions.com\/pt-br\/thank-quote-request\/\"]}]},{\"@type\":\"WebSite\",\"@id\":\"https:\/\/apgsolutions.com\/pt-br\/#website\",\"url\":\"https:\/\/apgsolutions.com\/pt-br\/\",\"name\":\"APG Solutions, LLC\",\"description\":\"Trust at every point.\",\"publisher\":{\"@id\":\"https:\/\/apgsolutions.com\/pt-br\/#organization\"},\"potentialAction\":[{\"@type\":\"SearchAction\",\"target\":{\"@type\":\"EntryPoint\",\"urlTemplate\":\"https:\/\/apgsolutions.com\/pt-br\/?s={search_term_string}\"},\"query-input\":{\"@type\":\"PropertyValueSpecification\",\"valueRequired\":true,\"valueName\":\"search_term_string\"}}],\"inLanguage\":\"pt-BR\"},{\"@type\":\"Organization\",\"@id\":\"https:\/\/apgsolutions.com\/pt-br\/#organization\",\"name\":\"APG Solution, LLC\",\"url\":\"https:\/\/apgsolutions.com\/pt-br\/\",\"logo\":{\"@type\":\"ImageObject\",\"inLanguage\":\"pt-BR\",\"@id\":\"https:\/\/apgsolutions.com\/pt-br\/#\/schema\/logo\/image\/\",\"url\":\"https:\/\/apgsolutions.com\/wp-content\/uploads\/2023\/12\/logomark-color.svg\",\"contentUrl\":\"https:\/\/apgsolutions.com\/wp-content\/uploads\/2023\/12\/logomark-color.svg\",\"width\":141,\"height\":138,\"caption\":\"APG Solution, LLC\"},\"image\":{\"@id\":\"https:\/\/apgsolutions.com\/pt-br\/#\/schema\/logo\/image\/\"},\"sameAs\":[\"https:\/\/www.facebook.com\/apgglobalsolutions\",\"https:\/\/x.com\/apg_solutions\",\"https:\/\/www.youtube.com\/c\/CashManagementGlobalSolutionsbyapg\",\"https:\/\/www.linkedin.com\/company\/apgglobalsolutions\/\",\"https:\/\/www.instagram.com\/apgglobalsolutions\/\",\"https:\/\/www.pinterest.com\/apgcashdrawer\/\"]}]}<\/script>\n<!-- \/ Yoast SEO Premium plugin. -->","yoast_head_json":{"title":"Obrigado por solicitar uma cota\u00e7\u00e3o | apg\u00ae Solutions","robots":{"index":"noindex","follow":"follow"},"og_locale":"pt_BR","og_type":"article","og_title":"Obrigado por solicitar uma cota\u00e7\u00e3o | apg\u00ae Solutions","og_description":"O distribuidor de sua escolha entrar\u00e1 em contato com voc\u00ea em breve. Clique aqui para configurar outro produto. Gostar\u00edamos muito que voc\u00ea desse sua opini\u00e3o sobre n\u00f3s. Clique aqui para responder \u00e0 nossa pesquisa de uma pergunta. Sinta-se \u00e0 vontade para explorar os links abaixo e saber mais sobre a APG Cash Drawer: Leia o [&hellip;]","og_url":"https:\/\/apgsolutions.com\/pt-br\/thank-quote-request\/","og_site_name":"apg\u00ae Solutions","article_publisher":"https:\/\/www.facebook.com\/apgglobalsolutions","article_modified_time":"2026-03-23T14:30:10+00:00","twitter_card":"summary_large_image","twitter_site":"@apg_solutions","schema":{"@context":"https:\/\/schema.org","@graph":[{"@type":"WebPage","@id":"https:\/\/apgsolutions.com\/pt-br\/thank-quote-request\/","url":"https:\/\/apgsolutions.com\/pt-br\/thank-quote-request\/","name":"Obrigado por solicitar uma cota\u00e7\u00e3o | apg\u00ae Solutions","isPartOf":{"@id":"https:\/\/apgsolutions.com\/pt-br\/#website"},"datePublished":"2026-03-23T13:11:50+00:00","dateModified":"2026-03-23T14:30:10+00:00","inLanguage":"pt-BR","potentialAction":[{"@type":"ReadAction","target":["https:\/\/apgsolutions.com\/pt-br\/thank-quote-request\/"]}]},{"@type":"WebSite","@id":"https:\/\/apgsolutions.com\/pt-br\/#website","url":"https:\/\/apgsolutions.com\/pt-br\/","name":"APG Solutions, LLC","description":"Trust at every point.","publisher":{"@id":"https:\/\/apgsolutions.com\/pt-br\/#organization"},"potentialAction":[{"@type":"SearchAction","target":{"@type":"EntryPoint","urlTemplate":"https:\/\/apgsolutions.com\/pt-br\/?s={search_term_string}"},"query-input":{"@type":"PropertyValueSpecification","valueRequired":true,"valueName":"search_term_string"}}],"inLanguage":"pt-BR"},{"@type":"Organization","@id":"https:\/\/apgsolutions.com\/pt-br\/#organization","name":"APG Solution, LLC","url":"https:\/\/apgsolutions.com\/pt-br\/","logo":{"@type":"ImageObject","inLanguage":"pt-BR","@id":"https:\/\/apgsolutions.com\/pt-br\/#\/schema\/logo\/image\/","url":"https:\/\/apgsolutions.com\/wp-content\/uploads\/2023\/12\/logomark-color.svg","contentUrl":"https:\/\/apgsolutions.com\/wp-content\/uploads\/2023\/12\/logomark-color.svg","width":141,"height":138,"caption":"APG Solution, LLC"},"image":{"@id":"https:\/\/apgsolutions.com\/pt-br\/#\/schema\/logo\/image\/"},"sameAs":["https:\/\/www.facebook.com\/apgglobalsolutions","https:\/\/x.com\/apg_solutions","https:\/\/www.youtube.com\/c\/CashManagementGlobalSolutionsbyapg","https:\/\/www.linkedin.com\/company\/apgglobalsolutions\/","https:\/\/www.instagram.com\/apgglobalsolutions\/","https:\/\/www.pinterest.com\/apgcashdrawer\/"]}]}},"acf":[],"_links":{"self":[{"href":"https:\/\/apgsolutions.com\/pt-br\/wp-json\/wp\/v2\/pages\/110473","targetHints":{"allow":["GET"]}}],"collection":[{"href":"https:\/\/apgsolutions.com\/pt-br\/wp-json\/wp\/v2\/pages"}],"about":[{"href":"https:\/\/apgsolutions.com\/pt-br\/wp-json\/wp\/v2\/types\/page"}],"author":[{"embeddable":true,"href":"https:\/\/apgsolutions.com\/pt-br\/wp-json\/wp\/v2\/users\/4"}],"replies":[{"embeddable":true,"href":"https:\/\/apgsolutions.com\/pt-br\/wp-json\/wp\/v2\/comments?post=110473"}],"version-history":[{"count":7,"href":"https:\/\/apgsolutions.com\/pt-br\/wp-json\/wp\/v2\/pages\/110473\/revisions"}],"predecessor-version":[{"id":110819,"href":"https:\/\/apgsolutions.com\/pt-br\/wp-json\/wp\/v2\/pages\/110473\/revisions\/110819"}],"wp:attachment":[{"href":"https:\/\/apgsolutions.com\/pt-br\/wp-json\/wp\/v2\/media?parent=110473"}],"curies":[{"name":"wp","href":"https:\/\/api.w.org\/{rel}","templated":true}]}}