{"id":110517,"date":"2026-03-23T13:23:56","date_gmt":"2026-03-23T13:23:56","guid":{"rendered":"https:\/\/apgsolutions.com\/oem-heb-2\/"},"modified":"2026-03-23T13:29:02","modified_gmt":"2026-03-23T13:29:02","slug":"oem-heb-2","status":"publish","type":"page","link":"https:\/\/apgsolutions.com\/pt-br\/oem-heb-2\/","title":{"rendered":"OEM HEB"},"content":{"rendered":"<div class=\"section_page-header \">\n    <img decoding=\"async\" class=\"header-image\" src=\"https:\/\/apgsolutions.com\/wp-content\/uploads\/2023\/04\/dark-blue-rotated.jpg\" alt=\"dark-blue\" title=\"dark-blue\">\n            <div class=\"header-content\">\n            <h1>OEM \u2013 HEB<\/h1>\n        <\/div>\n    <\/div><div class=\"wp-block-image\">\n<figure class=\"aligncenter size-full\"><img decoding=\"async\" width=\"300\" height=\"97\" src=\"https:\/\/apgsolutions.com\/wp-content\/uploads\/2023\/05\/heb-logo-300x97-1.jpg\" alt=\"heb-logo-300&#215;97\" class=\"wp-image-3773\"\/><\/figure>\n<\/div>\n<p class=\"has-text-align-center\">Entre em contato com a H-E-B sobre todos os produtos desta lista.<\/p>\n\n<p class=\"has-text-align-center\">Telefone: 210-938-8357 | Site: <a href=\"https:\/\/www.heb.com\/\" target=\"_blank\" rel=\"noreferrer noopener nofollow\">www.heb.com<\/a><\/p>\n\n<figure class=\"wp-block-table is-style-stripes\"><table><thead><tr><th>N\u00famero de pe\u00e7a do produto<\/th><th>Descri\u00e7\u00e3o<\/th><th>C\u00f3digo do produto<\/th><\/tr><\/thead><tbody><tr><td>AB378-4-BL1811<\/td><td>GAVETA DE DINHEIRO S\u00c9RIE 1150<\/td><td>S1150-FG<\/td><\/tr><tr><td>AC378-BL2111<\/td><td>POS-Podium\u2122 gaveta de dinheiro<\/td><td>PODIUM-FG<\/td><\/tr><\/tbody><\/table><\/figure>\n","protected":false},"excerpt":{"rendered":"<p>Entre em contato com a H-E-B sobre todos os produtos desta lista. Telefone: 210-938-8357 | Site: www.heb.com N\u00famero de pe\u00e7a do produto Descri\u00e7\u00e3o C\u00f3digo do produto AB378-4-BL1811 GAVETA DE DINHEIRO S\u00c9RIE 1150 S1150-FG AC378-BL2111 POS-Podium\u2122 gaveta de dinheiro PODIUM-FG<\/p>\n","protected":false},"author":4,"featured_media":0,"parent":0,"menu_order":0,"comment_status":"closed","ping_status":"closed","template":"","meta":{"_acf_changed":false,"content-type":"","footnotes":""},"class_list":["post-110517","page","type-page","status-publish"],"yoast_head":"<!-- This site is optimized with the Yoast SEO Premium plugin v23.5 (Yoast SEO v27.2) - https:\/\/yoast.com\/product\/yoast-seo-premium-wordpress\/ -->\n<title>HEB - Fabricante de Equipamento Original (OEM) | Solu\u00e7\u00f5es apg<\/title>\n<meta name=\"description\" content=\"Entre em contato com a H-E-B para obter informa\u00e7\u00f5es sobre o n\u00famero de pe\u00e7a do produto OEM e a lista de c\u00f3digos de produto. Telefone: 210-938-8357 | Site: www.heb.com\" \/>\n<meta name=\"robots\" content=\"index, follow, max-snippet:-1, max-image-preview:large, max-video-preview:-1\" \/>\n<link rel=\"canonical\" href=\"https:\/\/apgsolutions.com\/pt-br\/oem-heb-2\/\" \/>\n<meta property=\"og:locale\" content=\"pt_BR\" \/>\n<meta property=\"og:type\" content=\"article\" \/>\n<meta property=\"og:title\" content=\"HEB - Fabricante de Equipamento Original (OEM) | Solu\u00e7\u00f5es apg\" \/>\n<meta property=\"og:description\" content=\"Entre em contato com a H-E-B para obter informa\u00e7\u00f5es sobre o n\u00famero de pe\u00e7a do produto OEM e a lista de c\u00f3digos de produto. Telefone: 210-938-8357 | Site: www.heb.com\" \/>\n<meta property=\"og:url\" content=\"https:\/\/apgsolutions.com\/pt-br\/oem-heb-2\/\" \/>\n<meta property=\"og:site_name\" content=\"apg\u00ae Solutions\" \/>\n<meta property=\"article:publisher\" content=\"https:\/\/www.facebook.com\/apgglobalsolutions\" \/>\n<meta property=\"article:modified_time\" content=\"2026-03-23T13:29:02+00:00\" \/>\n<meta property=\"og:image\" content=\"https:\/\/apgsolutions.com\/wp-content\/uploads\/2023\/05\/heb-logo-300x97-1.jpg\" \/>\n<meta name=\"twitter:card\" content=\"summary_large_image\" \/>\n<meta name=\"twitter:site\" content=\"@apg_solutions\" \/>\n<script type=\"application\/ld+json\" class=\"yoast-schema-graph\">{\"@context\":\"https:\/\/schema.org\",\"@graph\":[{\"@type\":\"WebPage\",\"@id\":\"https:\/\/apgsolutions.com\/pt-br\/oem-heb-2\/\",\"url\":\"https:\/\/apgsolutions.com\/pt-br\/oem-heb-2\/\",\"name\":\"HEB - Fabricante de Equipamento Original (OEM) | Solu\u00e7\u00f5es apg\",\"isPartOf\":{\"@id\":\"https:\/\/apgsolutions.com\/pt-br\/#website\"},\"primaryImageOfPage\":{\"@id\":\"https:\/\/apgsolutions.com\/pt-br\/oem-heb-2\/#primaryimage\"},\"image\":{\"@id\":\"https:\/\/apgsolutions.com\/pt-br\/oem-heb-2\/#primaryimage\"},\"thumbnailUrl\":\"https:\/\/apgsolutions.com\/wp-content\/uploads\/2023\/05\/heb-logo-300x97-1.jpg\",\"datePublished\":\"2026-03-23T13:23:56+00:00\",\"dateModified\":\"2026-03-23T13:29:02+00:00\",\"description\":\"Entre em contato com a H-E-B para obter informa\u00e7\u00f5es sobre o n\u00famero de pe\u00e7a do produto OEM e a lista de c\u00f3digos de produto. Telefone: 210-938-8357 | Site: www.heb.com\",\"inLanguage\":\"pt-BR\",\"potentialAction\":[{\"@type\":\"ReadAction\",\"target\":[\"https:\/\/apgsolutions.com\/pt-br\/oem-heb-2\/\"]}]},{\"@type\":\"ImageObject\",\"inLanguage\":\"pt-BR\",\"@id\":\"https:\/\/apgsolutions.com\/pt-br\/oem-heb-2\/#primaryimage\",\"url\":\"https:\/\/apgsolutions.com\/wp-content\/uploads\/2023\/05\/heb-logo-300x97-1.jpg\",\"contentUrl\":\"https:\/\/apgsolutions.com\/wp-content\/uploads\/2023\/05\/heb-logo-300x97-1.jpg\"},{\"@type\":\"WebSite\",\"@id\":\"https:\/\/apgsolutions.com\/pt-br\/#website\",\"url\":\"https:\/\/apgsolutions.com\/pt-br\/\",\"name\":\"APG Solutions, LLC\",\"description\":\"Trust at every point.\",\"publisher\":{\"@id\":\"https:\/\/apgsolutions.com\/pt-br\/#organization\"},\"potentialAction\":[{\"@type\":\"SearchAction\",\"target\":{\"@type\":\"EntryPoint\",\"urlTemplate\":\"https:\/\/apgsolutions.com\/pt-br\/?s={search_term_string}\"},\"query-input\":{\"@type\":\"PropertyValueSpecification\",\"valueRequired\":true,\"valueName\":\"search_term_string\"}}],\"inLanguage\":\"pt-BR\"},{\"@type\":\"Organization\",\"@id\":\"https:\/\/apgsolutions.com\/pt-br\/#organization\",\"name\":\"APG Solution, LLC\",\"url\":\"https:\/\/apgsolutions.com\/pt-br\/\",\"logo\":{\"@type\":\"ImageObject\",\"inLanguage\":\"pt-BR\",\"@id\":\"https:\/\/apgsolutions.com\/pt-br\/#\/schema\/logo\/image\/\",\"url\":\"https:\/\/apgsolutions.com\/wp-content\/uploads\/2023\/12\/logomark-color.svg\",\"contentUrl\":\"https:\/\/apgsolutions.com\/wp-content\/uploads\/2023\/12\/logomark-color.svg\",\"width\":141,\"height\":138,\"caption\":\"APG Solution, LLC\"},\"image\":{\"@id\":\"https:\/\/apgsolutions.com\/pt-br\/#\/schema\/logo\/image\/\"},\"sameAs\":[\"https:\/\/www.facebook.com\/apgglobalsolutions\",\"https:\/\/x.com\/apg_solutions\",\"https:\/\/www.youtube.com\/c\/CashManagementGlobalSolutionsbyapg\",\"https:\/\/www.linkedin.com\/company\/apgglobalsolutions\/\",\"https:\/\/www.instagram.com\/apgglobalsolutions\/\",\"https:\/\/www.pinterest.com\/apgcashdrawer\/\"]}]}<\/script>\n<!-- \/ Yoast SEO Premium plugin. -->","yoast_head_json":{"title":"HEB - Fabricante de Equipamento Original (OEM) | Solu\u00e7\u00f5es apg","description":"Entre em contato com a H-E-B para obter informa\u00e7\u00f5es sobre o n\u00famero de pe\u00e7a do produto OEM e a lista de c\u00f3digos de produto. Telefone: 210-938-8357 | Site: www.heb.com","robots":{"index":"index","follow":"follow","max-snippet":"max-snippet:-1","max-image-preview":"max-image-preview:large","max-video-preview":"max-video-preview:-1"},"canonical":"https:\/\/apgsolutions.com\/pt-br\/oem-heb-2\/","og_locale":"pt_BR","og_type":"article","og_title":"HEB - Fabricante de Equipamento Original (OEM) | Solu\u00e7\u00f5es apg","og_description":"Entre em contato com a H-E-B para obter informa\u00e7\u00f5es sobre o n\u00famero de pe\u00e7a do produto OEM e a lista de c\u00f3digos de produto. Telefone: 210-938-8357 | Site: www.heb.com","og_url":"https:\/\/apgsolutions.com\/pt-br\/oem-heb-2\/","og_site_name":"apg\u00ae Solutions","article_publisher":"https:\/\/www.facebook.com\/apgglobalsolutions","article_modified_time":"2026-03-23T13:29:02+00:00","og_image":[{"url":"https:\/\/apgsolutions.com\/wp-content\/uploads\/2023\/05\/heb-logo-300x97-1.jpg","type":"","width":"","height":""}],"twitter_card":"summary_large_image","twitter_site":"@apg_solutions","schema":{"@context":"https:\/\/schema.org","@graph":[{"@type":"WebPage","@id":"https:\/\/apgsolutions.com\/pt-br\/oem-heb-2\/","url":"https:\/\/apgsolutions.com\/pt-br\/oem-heb-2\/","name":"HEB - Fabricante de Equipamento Original (OEM) | Solu\u00e7\u00f5es apg","isPartOf":{"@id":"https:\/\/apgsolutions.com\/pt-br\/#website"},"primaryImageOfPage":{"@id":"https:\/\/apgsolutions.com\/pt-br\/oem-heb-2\/#primaryimage"},"image":{"@id":"https:\/\/apgsolutions.com\/pt-br\/oem-heb-2\/#primaryimage"},"thumbnailUrl":"https:\/\/apgsolutions.com\/wp-content\/uploads\/2023\/05\/heb-logo-300x97-1.jpg","datePublished":"2026-03-23T13:23:56+00:00","dateModified":"2026-03-23T13:29:02+00:00","description":"Entre em contato com a H-E-B para obter informa\u00e7\u00f5es sobre o n\u00famero de pe\u00e7a do produto OEM e a lista de c\u00f3digos de produto. Telefone: 210-938-8357 | Site: www.heb.com","inLanguage":"pt-BR","potentialAction":[{"@type":"ReadAction","target":["https:\/\/apgsolutions.com\/pt-br\/oem-heb-2\/"]}]},{"@type":"ImageObject","inLanguage":"pt-BR","@id":"https:\/\/apgsolutions.com\/pt-br\/oem-heb-2\/#primaryimage","url":"https:\/\/apgsolutions.com\/wp-content\/uploads\/2023\/05\/heb-logo-300x97-1.jpg","contentUrl":"https:\/\/apgsolutions.com\/wp-content\/uploads\/2023\/05\/heb-logo-300x97-1.jpg"},{"@type":"WebSite","@id":"https:\/\/apgsolutions.com\/pt-br\/#website","url":"https:\/\/apgsolutions.com\/pt-br\/","name":"APG Solutions, LLC","description":"Trust at every point.","publisher":{"@id":"https:\/\/apgsolutions.com\/pt-br\/#organization"},"potentialAction":[{"@type":"SearchAction","target":{"@type":"EntryPoint","urlTemplate":"https:\/\/apgsolutions.com\/pt-br\/?s={search_term_string}"},"query-input":{"@type":"PropertyValueSpecification","valueRequired":true,"valueName":"search_term_string"}}],"inLanguage":"pt-BR"},{"@type":"Organization","@id":"https:\/\/apgsolutions.com\/pt-br\/#organization","name":"APG Solution, LLC","url":"https:\/\/apgsolutions.com\/pt-br\/","logo":{"@type":"ImageObject","inLanguage":"pt-BR","@id":"https:\/\/apgsolutions.com\/pt-br\/#\/schema\/logo\/image\/","url":"https:\/\/apgsolutions.com\/wp-content\/uploads\/2023\/12\/logomark-color.svg","contentUrl":"https:\/\/apgsolutions.com\/wp-content\/uploads\/2023\/12\/logomark-color.svg","width":141,"height":138,"caption":"APG Solution, LLC"},"image":{"@id":"https:\/\/apgsolutions.com\/pt-br\/#\/schema\/logo\/image\/"},"sameAs":["https:\/\/www.facebook.com\/apgglobalsolutions","https:\/\/x.com\/apg_solutions","https:\/\/www.youtube.com\/c\/CashManagementGlobalSolutionsbyapg","https:\/\/www.linkedin.com\/company\/apgglobalsolutions\/","https:\/\/www.instagram.com\/apgglobalsolutions\/","https:\/\/www.pinterest.com\/apgcashdrawer\/"]}]}},"acf":[],"_links":{"self":[{"href":"https:\/\/apgsolutions.com\/pt-br\/wp-json\/wp\/v2\/pages\/110517","targetHints":{"allow":["GET"]}}],"collection":[{"href":"https:\/\/apgsolutions.com\/pt-br\/wp-json\/wp\/v2\/pages"}],"about":[{"href":"https:\/\/apgsolutions.com\/pt-br\/wp-json\/wp\/v2\/types\/page"}],"author":[{"embeddable":true,"href":"https:\/\/apgsolutions.com\/pt-br\/wp-json\/wp\/v2\/users\/4"}],"replies":[{"embeddable":true,"href":"https:\/\/apgsolutions.com\/pt-br\/wp-json\/wp\/v2\/comments?post=110517"}],"version-history":[{"count":1,"href":"https:\/\/apgsolutions.com\/pt-br\/wp-json\/wp\/v2\/pages\/110517\/revisions"}],"predecessor-version":[{"id":110518,"href":"https:\/\/apgsolutions.com\/pt-br\/wp-json\/wp\/v2\/pages\/110517\/revisions\/110518"}],"wp:attachment":[{"href":"https:\/\/apgsolutions.com\/pt-br\/wp-json\/wp\/v2\/media?parent=110517"}],"curies":[{"name":"wp","href":"https:\/\/api.w.org\/{rel}","templated":true}]}}