{"id":110611,"date":"2026-03-23T13:39:01","date_gmt":"2026-03-23T13:39:01","guid":{"rendered":"https:\/\/apgsolutions.com\/oem-r2\/"},"modified":"2026-03-23T14:08:36","modified_gmt":"2026-03-23T14:08:36","slug":"oem-r2","status":"publish","type":"page","link":"https:\/\/apgsolutions.com\/pt-br\/oem-r2\/","title":{"rendered":"OEM R2"},"content":{"rendered":"<div class=\"section_page-header \">\n    <img decoding=\"async\" class=\"header-image\" src=\"https:\/\/apgsolutions.com\/wp-content\/uploads\/2023\/04\/dark-blue-rotated.jpg\" alt=\"dark-blue\" title=\"dark-blue\">\n            <div class=\"header-content\">\n            <h1>OEM \u2013 R2<\/h1>\n        <\/div>\n    <\/div>\n<p class=\"has-text-align-center\">Entre em contato com a R2 sobre todos os produtos desta lista.<\/p>\n\n<p class=\"has-text-align-center\"><a href=\"https:\/\/apgsolutions.com\/pt-br\/distributors\/\">www.apgsolutions.com\/distributors\/<\/a><\/p>\n\n<figure class=\"wp-block-table is-style-stripes\"><table><thead><tr><th>N\u00famero de pe\u00e7a do produto<\/th><th>Descri\u00e7\u00e3o<\/th><th>C\u00f3digo do produto<\/th><\/tr><\/thead><tbody><tr><td>JB237A-CW1816<\/td><td>GAVETA DE DINHEIRO S\u00c9RIE 4000<\/td><td>S4000-FG<\/td><\/tr><tr><td>JB237A-D2-CW1816-C<\/td><td>GAVETA DE DINHEIRO S\u00c9RIE 4000<\/td><td>S4000-FG<\/td><\/tr><tr><td>JD237A-D2-BL1816<\/td><td>GAVETA DE DINHEIRO S\u00c9RIE 4000<\/td><td>S4000-FG<\/td><\/tr><tr><td>JB237A-BL1816-C  <\/td><td>GAVETA DE DINHEIRO S\u00c9RIE 4000  <\/td><td>S4000-FG<\/td><\/tr><tr><td>JB237A-CW1816-C  <\/td><td>GAVETA DE DINHEIRO S\u00c9RIE 4000  <\/td><td>S4000-FG<\/td><\/tr><tr><td>JB237A-CW1816-K2-C  <\/td><td>GAVETA DE DINHEIRO S\u00c9RIE 4000  <\/td><td>S4000-FG<\/td><\/tr><tr><td>JB237A-CW1816-K7  <\/td><td>GAVETA DE DINHEIRO S\u00c9RIE 4000  <\/td><td>S4000-FG<\/td><\/tr><tr><td>JB237A-CW1821-C  <\/td><td>GAVETA DE DINHEIRO S\u00c9RIE 4000  <\/td><td>S4000-FG<\/td><\/tr><tr><td>JD237A-BL1816  <\/td><td>GAVETA DE DINHEIRO S\u00c9RIE 4000  <\/td><td>S4000-FG<\/td><\/tr><tr><td>JD237A-BL1816-C  <\/td><td>GAVETA DE DINHEIRO S\u00c9RIE 4000  <\/td><td>S4000-FG<\/td><\/tr><tr><td>JD237A-CW1816  <\/td><td>GAVETA DE DINHEIRO S\u00c9RIE 4000  <\/td><td>S4000-FG<\/td><\/tr><tr><td>JD237A-CW1816-C  <\/td><td>GAVETA DE DINHEIRO S\u00c9RIE 4000  <\/td><td>S4000-FG<\/td><\/tr><tr><td>JD237A-CW1816-J  <\/td><td>GAVETA DE DINHEIRO S\u00c9RIE 4000  <\/td><td>S4000-FG<\/td><\/tr><tr><td>JD237A-CW1821-C  <\/td><td>GAVETA DE DINHEIRO S\u00c9RIE 4000  <\/td><td>S4000-FG<\/td><\/tr><tr><td>JD237A-D2-CW1816  <\/td><td>GAVETA DE DINHEIRO S\u00c9RIE 4000  <\/td><td>S4000-FG<\/td><\/tr><tr><td>T237A-BL1616  <\/td><td>GAVETA DE DINHEIRO S\u00c9RIE 100  <\/td><td>S100-FG<\/td><\/tr><tr><td>T237A-CW1616  <\/td><td>GAVETA DE DINHEIRO S\u00c9RIE 100  <\/td><td>S100-FG<\/td><\/tr><tr><td>T237A-CW1616-U6  <\/td><td>GAVETA DE DINHEIRO S\u00c9RIE 100  <\/td><td>S100-FG<\/td><\/tr><tr><td>VB237A-BL1616-B5  <\/td><td>GAVETA DE DINHEIRO VASARIO  <\/td><td>VASARIO-FG<\/td><\/tr><\/tbody><\/table><\/figure>\n","protected":false},"excerpt":{"rendered":"<p>Entre em contato com a R2 sobre todos os produtos desta lista. www.apgsolutions.com\/distributors\/ N\u00famero de pe\u00e7a do produto Descri\u00e7\u00e3o C\u00f3digo do produto JB237A-CW1816 GAVETA DE DINHEIRO S\u00c9RIE 4000 S4000-FG JB237A-D2-CW1816-C GAVETA DE DINHEIRO S\u00c9RIE 4000 S4000-FG JD237A-D2-BL1816 GAVETA DE DINHEIRO S\u00c9RIE 4000 S4000-FG JB237A-BL1816-C GAVETA DE DINHEIRO S\u00c9RIE 4000 S4000-FG JB237A-CW1816-C GAVETA DE DINHEIRO S\u00c9RIE [&hellip;]<\/p>\n","protected":false},"author":4,"featured_media":0,"parent":0,"menu_order":0,"comment_status":"closed","ping_status":"closed","template":"","meta":{"_acf_changed":false,"content-type":"","footnotes":""},"class_list":["post-110611","page","type-page","status-publish"],"yoast_head":"<!-- This site is optimized with the Yoast SEO Premium plugin v23.5 (Yoast SEO v27.2) - https:\/\/yoast.com\/product\/yoast-seo-premium-wordpress\/ -->\n<title>R2 - Fabricante de equipamento original (OEM) | apg\u00ae<\/title>\n<meta name=\"description\" content=\"Entre em contato com a R2 para obter informa\u00e7\u00f5es sobre o n\u00famero de pe\u00e7a do produto OEM e a lista de c\u00f3digos de produto. Visite esta p\u00e1gina para obter informa\u00e7\u00f5es de contato e detalhes da pe\u00e7a.\" \/>\n<meta name=\"robots\" content=\"index, follow, max-snippet:-1, max-image-preview:large, max-video-preview:-1\" \/>\n<link rel=\"canonical\" href=\"https:\/\/apgsolutions.com\/pt-br\/oem-r2\/\" \/>\n<meta property=\"og:locale\" content=\"pt_BR\" \/>\n<meta property=\"og:type\" content=\"article\" \/>\n<meta property=\"og:title\" content=\"R2 - Fabricante de equipamento original (OEM) | apg\u00ae\" \/>\n<meta property=\"og:description\" content=\"Entre em contato com a R2 para obter informa\u00e7\u00f5es sobre o n\u00famero de pe\u00e7a do produto OEM e a lista de c\u00f3digos de produto. Visite esta p\u00e1gina para obter informa\u00e7\u00f5es de contato e detalhes da pe\u00e7a.\" \/>\n<meta property=\"og:url\" content=\"https:\/\/apgsolutions.com\/pt-br\/oem-r2\/\" \/>\n<meta property=\"og:site_name\" content=\"apg\u00ae Solutions\" \/>\n<meta property=\"article:publisher\" content=\"https:\/\/www.facebook.com\/apgglobalsolutions\" \/>\n<meta property=\"article:modified_time\" content=\"2026-03-23T14:08:36+00:00\" \/>\n<meta name=\"twitter:card\" content=\"summary_large_image\" \/>\n<meta name=\"twitter:site\" content=\"@apg_solutions\" \/>\n<meta name=\"twitter:label1\" content=\"Est. tempo de leitura\" \/>\n\t<meta name=\"twitter:data1\" content=\"1 minuto\" \/>\n<script type=\"application\/ld+json\" class=\"yoast-schema-graph\">{\"@context\":\"https:\/\/schema.org\",\"@graph\":[{\"@type\":\"WebPage\",\"@id\":\"https:\/\/apgsolutions.com\/pt-br\/oem-r2\/\",\"url\":\"https:\/\/apgsolutions.com\/pt-br\/oem-r2\/\",\"name\":\"R2 - Fabricante de equipamento original (OEM) | apg\u00ae\",\"isPartOf\":{\"@id\":\"https:\/\/apgsolutions.com\/pt-br\/#website\"},\"datePublished\":\"2026-03-23T13:39:01+00:00\",\"dateModified\":\"2026-03-23T14:08:36+00:00\",\"description\":\"Entre em contato com a R2 para obter informa\u00e7\u00f5es sobre o n\u00famero de pe\u00e7a do produto OEM e a lista de c\u00f3digos de produto. Visite esta p\u00e1gina para obter informa\u00e7\u00f5es de contato e detalhes da pe\u00e7a.\",\"inLanguage\":\"pt-BR\",\"potentialAction\":[{\"@type\":\"ReadAction\",\"target\":[\"https:\/\/apgsolutions.com\/pt-br\/oem-r2\/\"]}]},{\"@type\":\"WebSite\",\"@id\":\"https:\/\/apgsolutions.com\/pt-br\/#website\",\"url\":\"https:\/\/apgsolutions.com\/pt-br\/\",\"name\":\"APG Solutions, LLC\",\"description\":\"Trust at every point.\",\"publisher\":{\"@id\":\"https:\/\/apgsolutions.com\/pt-br\/#organization\"},\"potentialAction\":[{\"@type\":\"SearchAction\",\"target\":{\"@type\":\"EntryPoint\",\"urlTemplate\":\"https:\/\/apgsolutions.com\/pt-br\/?s={search_term_string}\"},\"query-input\":{\"@type\":\"PropertyValueSpecification\",\"valueRequired\":true,\"valueName\":\"search_term_string\"}}],\"inLanguage\":\"pt-BR\"},{\"@type\":\"Organization\",\"@id\":\"https:\/\/apgsolutions.com\/pt-br\/#organization\",\"name\":\"APG Solution, LLC\",\"url\":\"https:\/\/apgsolutions.com\/pt-br\/\",\"logo\":{\"@type\":\"ImageObject\",\"inLanguage\":\"pt-BR\",\"@id\":\"https:\/\/apgsolutions.com\/pt-br\/#\/schema\/logo\/image\/\",\"url\":\"https:\/\/apgsolutions.com\/wp-content\/uploads\/2023\/12\/logomark-color.svg\",\"contentUrl\":\"https:\/\/apgsolutions.com\/wp-content\/uploads\/2023\/12\/logomark-color.svg\",\"width\":141,\"height\":138,\"caption\":\"APG Solution, LLC\"},\"image\":{\"@id\":\"https:\/\/apgsolutions.com\/pt-br\/#\/schema\/logo\/image\/\"},\"sameAs\":[\"https:\/\/www.facebook.com\/apgglobalsolutions\",\"https:\/\/x.com\/apg_solutions\",\"https:\/\/www.youtube.com\/c\/CashManagementGlobalSolutionsbyapg\",\"https:\/\/www.linkedin.com\/company\/apgglobalsolutions\/\",\"https:\/\/www.instagram.com\/apgglobalsolutions\/\",\"https:\/\/www.pinterest.com\/apgcashdrawer\/\"]}]}<\/script>\n<!-- \/ Yoast SEO Premium plugin. -->","yoast_head_json":{"title":"R2 - Fabricante de equipamento original (OEM) | apg\u00ae","description":"Entre em contato com a R2 para obter informa\u00e7\u00f5es sobre o n\u00famero de pe\u00e7a do produto OEM e a lista de c\u00f3digos de produto. Visite esta p\u00e1gina para obter informa\u00e7\u00f5es de contato e detalhes da pe\u00e7a.","robots":{"index":"index","follow":"follow","max-snippet":"max-snippet:-1","max-image-preview":"max-image-preview:large","max-video-preview":"max-video-preview:-1"},"canonical":"https:\/\/apgsolutions.com\/pt-br\/oem-r2\/","og_locale":"pt_BR","og_type":"article","og_title":"R2 - Fabricante de equipamento original (OEM) | apg\u00ae","og_description":"Entre em contato com a R2 para obter informa\u00e7\u00f5es sobre o n\u00famero de pe\u00e7a do produto OEM e a lista de c\u00f3digos de produto. Visite esta p\u00e1gina para obter informa\u00e7\u00f5es de contato e detalhes da pe\u00e7a.","og_url":"https:\/\/apgsolutions.com\/pt-br\/oem-r2\/","og_site_name":"apg\u00ae Solutions","article_publisher":"https:\/\/www.facebook.com\/apgglobalsolutions","article_modified_time":"2026-03-23T14:08:36+00:00","twitter_card":"summary_large_image","twitter_site":"@apg_solutions","twitter_misc":{"Est. tempo de leitura":"1 minuto"},"schema":{"@context":"https:\/\/schema.org","@graph":[{"@type":"WebPage","@id":"https:\/\/apgsolutions.com\/pt-br\/oem-r2\/","url":"https:\/\/apgsolutions.com\/pt-br\/oem-r2\/","name":"R2 - Fabricante de equipamento original (OEM) | apg\u00ae","isPartOf":{"@id":"https:\/\/apgsolutions.com\/pt-br\/#website"},"datePublished":"2026-03-23T13:39:01+00:00","dateModified":"2026-03-23T14:08:36+00:00","description":"Entre em contato com a R2 para obter informa\u00e7\u00f5es sobre o n\u00famero de pe\u00e7a do produto OEM e a lista de c\u00f3digos de produto. Visite esta p\u00e1gina para obter informa\u00e7\u00f5es de contato e detalhes da pe\u00e7a.","inLanguage":"pt-BR","potentialAction":[{"@type":"ReadAction","target":["https:\/\/apgsolutions.com\/pt-br\/oem-r2\/"]}]},{"@type":"WebSite","@id":"https:\/\/apgsolutions.com\/pt-br\/#website","url":"https:\/\/apgsolutions.com\/pt-br\/","name":"APG Solutions, LLC","description":"Trust at every point.","publisher":{"@id":"https:\/\/apgsolutions.com\/pt-br\/#organization"},"potentialAction":[{"@type":"SearchAction","target":{"@type":"EntryPoint","urlTemplate":"https:\/\/apgsolutions.com\/pt-br\/?s={search_term_string}"},"query-input":{"@type":"PropertyValueSpecification","valueRequired":true,"valueName":"search_term_string"}}],"inLanguage":"pt-BR"},{"@type":"Organization","@id":"https:\/\/apgsolutions.com\/pt-br\/#organization","name":"APG Solution, LLC","url":"https:\/\/apgsolutions.com\/pt-br\/","logo":{"@type":"ImageObject","inLanguage":"pt-BR","@id":"https:\/\/apgsolutions.com\/pt-br\/#\/schema\/logo\/image\/","url":"https:\/\/apgsolutions.com\/wp-content\/uploads\/2023\/12\/logomark-color.svg","contentUrl":"https:\/\/apgsolutions.com\/wp-content\/uploads\/2023\/12\/logomark-color.svg","width":141,"height":138,"caption":"APG Solution, LLC"},"image":{"@id":"https:\/\/apgsolutions.com\/pt-br\/#\/schema\/logo\/image\/"},"sameAs":["https:\/\/www.facebook.com\/apgglobalsolutions","https:\/\/x.com\/apg_solutions","https:\/\/www.youtube.com\/c\/CashManagementGlobalSolutionsbyapg","https:\/\/www.linkedin.com\/company\/apgglobalsolutions\/","https:\/\/www.instagram.com\/apgglobalsolutions\/","https:\/\/www.pinterest.com\/apgcashdrawer\/"]}]}},"acf":[],"_links":{"self":[{"href":"https:\/\/apgsolutions.com\/pt-br\/wp-json\/wp\/v2\/pages\/110611","targetHints":{"allow":["GET"]}}],"collection":[{"href":"https:\/\/apgsolutions.com\/pt-br\/wp-json\/wp\/v2\/pages"}],"about":[{"href":"https:\/\/apgsolutions.com\/pt-br\/wp-json\/wp\/v2\/types\/page"}],"author":[{"embeddable":true,"href":"https:\/\/apgsolutions.com\/pt-br\/wp-json\/wp\/v2\/users\/4"}],"replies":[{"embeddable":true,"href":"https:\/\/apgsolutions.com\/pt-br\/wp-json\/wp\/v2\/comments?post=110611"}],"version-history":[{"count":3,"href":"https:\/\/apgsolutions.com\/pt-br\/wp-json\/wp\/v2\/pages\/110611\/revisions"}],"predecessor-version":[{"id":110722,"href":"https:\/\/apgsolutions.com\/pt-br\/wp-json\/wp\/v2\/pages\/110611\/revisions\/110722"}],"wp:attachment":[{"href":"https:\/\/apgsolutions.com\/pt-br\/wp-json\/wp\/v2\/media?parent=110611"}],"curies":[{"name":"wp","href":"https:\/\/api.w.org\/{rel}","templated":true}]}}