{"id":110618,"date":"2026-03-23T13:42:01","date_gmt":"2026-03-23T13:42:01","guid":{"rendered":"https:\/\/apgsolutions.com\/square-cash-drawer-integration\/"},"modified":"2026-03-23T13:47:08","modified_gmt":"2026-03-23T13:47:08","slug":"square-cash-drawer-integration","status":"publish","type":"page","link":"https:\/\/apgsolutions.com\/pt-br\/square-cash-drawer-integration\/","title":{"rendered":"Integra\u00e7\u00e3o com a gaveta de dinheiro Square"},"content":{"rendered":"<div class=\"section_page-header \">\n    <img decoding=\"async\" class=\"header-image\" src=\"https:\/\/apgsolutions.com\/wp-content\/uploads\/2023\/05\/configure-counter-7dc4881c9aa248e1c0bca54905eb9b6a-e1529684984186.jpg\" alt=\"configure-counter-7dc4881c9aa248e1c0bca54905eb9b6a-e1529684984186\" title=\"configure-counter-7dc4881c9aa248e1c0bca54905eb9b6a-e1529684984186\">\n            <div class=\"header-content\">\n            <h1>Square Cash Drawer Integration<\/h1>\n        <\/div>\n    <\/div>\n<h2 class=\"wp-block-heading has-text-align-center\" id=\"h-what-kind-of-cash-drawer-should-you-purchase-to-work-with-square\">Que tipo de gaveta de dinheiro voc\u00ea deve comprar para trabalhar com o Square?<\/h2>\n\n<p>A Square apresenta mais maneiras de voc\u00ea interagir com os clientes. O Square agora se integra a <a href=\"https:\/\/apgsolutions.com\/pt-br\/products\/\">gavetas de dinheiro<\/a> e impressoras de recibos. Com um simples toque em um iPad, voc\u00ea pode abrir a gaveta do seu caixa para concluir uma venda em dinheiro ou fazer o troco. Leia atentamente as op\u00e7\u00f5es abaixo antes de comprar uma gaveta de dinheiro.   <\/p>\n<div class=\"wp-block-image\">\n<figure class=\"aligncenter size-full\"><img decoding=\"async\" width=\"300\" height=\"75\" src=\"https:\/\/apgsolutions.com\/wp-content\/uploads\/2023\/05\/Square_Inc._logo.svg-300x75-1.png\" alt=\"Logotipo quadrado\" class=\"wp-image-3325\"\/><\/figure>\n<\/div>\n<div class=\"wp-block-columns is-layout-flex wp-container-core-columns-is-layout-9d6595d7 wp-block-columns-is-layout-flex\">\n<div class=\"wp-block-column is-layout-flow wp-block-column-is-layout-flow\" style=\"flex-basis:33.33%\">\n<figure class=\"wp-block-image size-full\"><img decoding=\"async\" width=\"150\" height=\"150\" src=\"https:\/\/apgsolutions.com\/wp-content\/uploads\/2023\/05\/square-stand-150x150-1.png\" alt=\"Kit de registro quadrado\" class=\"wp-image-3332\" srcset=\"https:\/\/apgsolutions.com\/wp-content\/uploads\/2023\/05\/square-stand-150x150-1.png 150w, https:\/\/apgsolutions.com\/wp-content\/uploads\/2023\/05\/square-stand-150x150-1-100x100.png 100w\" sizes=\"(max-width: 150px) 100vw, 150px\" \/><\/figure>\n<\/div>\n\n\n\n<div class=\"wp-block-column is-layout-flow wp-block-column-is-layout-flow\" style=\"flex-basis:66.66%\">\n<p><strong>Op\u00e7\u00e3o n\u00ba 1<\/strong><\/p>\n\n\n\n<p>Se voc\u00ea estiver usando o Square Register Kit e conectando a gaveta de dinheiro \u00e0 porta USB, compre <a href=\"https:\/\/apgsolutions.com\/pt-br\/configurator\/?product_family=Genesis%2C\/VB554A-BL1616\">o VB554A-BL1616<\/a> ou nossa op\u00e7\u00e3o totalmente branca <a href=\"https:\/\/apgsolutions.com\/pt-br\/configurator\/?product_family=Genesis%2C\/VB554A-AW1616\">VB554A-AW1616<\/a>. OBSERVA\u00c7\u00c3O: se voc\u00ea estiver comprando uma impressora de recibos com uma interface USB para conectar ao suporte Square, a VB320-BL1616 n\u00e3o funcionar\u00e1. <\/p>\n<\/div>\n<\/div>\n\n<div class=\"wp-block-columns is-layout-flex wp-container-core-columns-is-layout-9d6595d7 wp-block-columns-is-layout-flex\">\n<div class=\"wp-block-column is-layout-flow wp-block-column-is-layout-flow\" style=\"flex-basis:33.33%\">\n<figure class=\"wp-block-image size-full\"><img decoding=\"async\" width=\"150\" height=\"150\" src=\"https:\/\/apgsolutions.com\/wp-content\/uploads\/2023\/05\/square-stand-150x150-1.jpg\" alt=\"Kits quadrados com uma impressora\" class=\"wp-image-3339\" srcset=\"https:\/\/apgsolutions.com\/wp-content\/uploads\/2023\/05\/square-stand-150x150-1.jpg 150w, https:\/\/apgsolutions.com\/wp-content\/uploads\/2023\/05\/square-stand-150x150-1-100x100.jpg 100w\" sizes=\"(max-width: 150px) 100vw, 150px\" \/><\/figure>\n<\/div>\n\n\n\n<div class=\"wp-block-column is-layout-flow wp-block-column-is-layout-flow\">\n<p><strong>Op\u00e7\u00e3o n\u00ba 2<\/strong><\/p>\n\n\n\n<p>Se voc\u00ea estiver usando qualquer outro Square Kits com uma impressora, a \u00fanica maneira de conectar a gaveta de dinheiro do APG \u00e9 por meio da porta da gaveta de dinheiro da impressora de recibos. Compre <a href=\"https:\/\/apgsolutions.com\/pt-br\/configurator\/?product_family=Genesis%2C\/VB320-BL1616\">o VB320-BL1616<\/a> ou a op\u00e7\u00e3o totalmente branca <a href=\"https:\/\/apgsolutions.com\/pt-br\/configurator\/?product_family=Genesis%2C\/VB320-AW1616\">VB320-AW1616<\/a> e o <a href=\"https:\/\/apgsolutions.com\/pt-br\/store\/cd-101a-printer-cable\/\">cabo CD-101A<\/a>. <\/p>\n<\/div>\n<\/div>\n\n<p>Para outras op\u00e7\u00f5es de gaveta de dinheiro, consulte: <a href=\"\/wp-content\/uploads\/2023\/05\/M-43-518-Arlo-Cash-Drawer-for-Square.pdf\">Folheto de op\u00e7\u00f5es de gaveta de dinheiro quadrada<\/a><\/p>\n\n<h2 class=\"wp-block-heading has-text-align-center\" id=\"h-what-accessories-work-with-your-apg-cash-drawer\">Quais acess\u00f3rios funcionam com a gaveta de dinheiro APG?<\/h2>\n\n<p>Leia atentamente as op\u00e7\u00f5es abaixo antes de comprar qualquer acess\u00f3rio. N\u00e3o podemos aceitar pedidos de pe\u00e7as e acess\u00f3rios por telefone. <\/p>\n\n<p><strong>Abaixo voc\u00ea encontrar\u00e1 os acess\u00f3rios para gavetas de dinheiro que funcionar\u00e3o com a gaveta de dinheiro Vasario\u2122 1616 (o n\u00famero de pe\u00e7a come\u00e7a com VBXXX-XX1616, conforme listado acima ou no folheto da Square)<\/strong>. Muitos desses acess\u00f3rios s\u00e3o oferecidos na APG`s Online Store; para aqueles que n\u00e3o s\u00e3o, entre em contato com o revendedor local. <\/p>\n\n<p>Para verificar a identifica\u00e7\u00e3o da pe\u00e7a da gaveta &#8211; na parte inferior da unidade inteira, observe a etiqueta prateada. <a href=\"https:\/\/www.youtube.com\/watch?v=tDuEuduMgwo\" target=\"_blank\" rel=\"noreferrer noopener\">Assista a este v\u00eddeo<\/a>.<\/p>\n\n<h3 class=\"wp-block-heading\">Chaves e cadeados<\/h3>\n\n<p>Encontre suas <a href=\"https:\/\/apgsolutions.com\/pt-br\/keys-and-locks\/\">chaves e fechaduras<\/a> de reposi\u00e7\u00e3o<\/p>\n\n<h3 class=\"wp-block-heading\">Suportes de montagem sob o balc\u00e3o<\/h3>\n\n<p><a href=\"https:\/\/apgsolutions.com\/pt-br\/store\/vpk-27b-16-bx\/\">VPK-27B-16-BX<\/a><\/p>\n\n<h3 class=\"wp-block-heading\">Tampas de fechamento do toldo<\/h3>\n\n<p>VPK-14B-3-BX (Entre em contato com o revendedor local)<br\/><a href=\"https:\/\/apgsolutions.com\/pt-br\/store\/vpk-14b-6-bx\/\">VPK-14B-6-BX<\/a><\/p>\n\n<h3 class=\"wp-block-heading\">Moinhos<\/h3>\n\n<p><a href=\"https:\/\/apgsolutions.com\/pt-br\/store\/vpk-15b-2a-bx\/\">VPK-15B-2A-BX<\/a><br\/>VPK-15B-8-BX (Entre em contato com o revendedor local)<\/p>\n\n<h3 class=\"wp-block-heading\">Cabos<\/h3>\n\n<p><a href=\"https:\/\/apgsolutions.com\/pt-br\/store\/cd-101a-printer-cable\/\">CD-101A<\/a><br\/><\/p>\n","protected":false},"excerpt":{"rendered":"<p>Que tipo de gaveta de dinheiro voc\u00ea deve comprar para trabalhar com o Square? A Square apresenta mais maneiras de voc\u00ea interagir com os clientes. O Square agora se integra a gavetas de dinheiro e impressoras de recibos. Com um simples toque em um iPad, voc\u00ea pode abrir a gaveta do seu caixa para concluir [&hellip;]<\/p>\n","protected":false},"author":4,"featured_media":0,"parent":0,"menu_order":0,"comment_status":"closed","ping_status":"closed","template":"","meta":{"_acf_changed":false,"content-type":"","footnotes":""},"class_list":["post-110618","page","type-page","status-publish"],"yoast_head":"<!-- This site is optimized with the Yoast SEO Premium plugin v23.5 (Yoast SEO v27.2) - https:\/\/yoast.com\/product\/yoast-seo-premium-wordpress\/ -->\n<title>Integra\u00e7\u00e3o da gaveta de dinheiro Square - Conecte uma caixa registradora ao Square POS<\/title>\n<meta name=\"description\" content=\"Que tipo de gaveta de dinheiro voc\u00ea deve comprar para trabalhar com o Square? Leia atentamente as op\u00e7\u00f5es antes de comprar uma gaveta de dinheiro.\" \/>\n<meta name=\"robots\" content=\"index, follow, max-snippet:-1, max-image-preview:large, max-video-preview:-1\" \/>\n<link rel=\"canonical\" href=\"https:\/\/apgsolutions.com\/pt-br\/square-cash-drawer-integration\/\" \/>\n<meta property=\"og:locale\" content=\"pt_BR\" \/>\n<meta property=\"og:type\" content=\"article\" \/>\n<meta property=\"og:title\" content=\"Integra\u00e7\u00e3o da gaveta de dinheiro Square - Conecte uma caixa registradora ao Square POS\" \/>\n<meta property=\"og:description\" content=\"Que tipo de gaveta de dinheiro voc\u00ea deve comprar para trabalhar com o Square? Leia atentamente as op\u00e7\u00f5es antes de comprar uma gaveta de dinheiro.\" \/>\n<meta property=\"og:url\" content=\"https:\/\/apgsolutions.com\/pt-br\/square-cash-drawer-integration\/\" \/>\n<meta property=\"og:site_name\" content=\"apg\u00ae Solutions\" \/>\n<meta property=\"article:publisher\" content=\"https:\/\/www.facebook.com\/apgglobalsolutions\" \/>\n<meta property=\"article:modified_time\" content=\"2026-03-23T13:47:08+00:00\" \/>\n<meta property=\"og:image\" content=\"https:\/\/apgsolutions.com\/wp-content\/uploads\/2023\/05\/Square_Inc._logo.svg-300x75-1.png\" \/>\n<meta name=\"twitter:card\" content=\"summary_large_image\" \/>\n<meta name=\"twitter:site\" content=\"@apg_solutions\" \/>\n<meta name=\"twitter:label1\" content=\"Est. tempo de leitura\" \/>\n\t<meta name=\"twitter:data1\" content=\"2 minutos\" \/>\n<script type=\"application\/ld+json\" class=\"yoast-schema-graph\">{\"@context\":\"https:\/\/schema.org\",\"@graph\":[{\"@type\":\"WebPage\",\"@id\":\"https:\/\/apgsolutions.com\/pt-br\/square-cash-drawer-integration\/\",\"url\":\"https:\/\/apgsolutions.com\/pt-br\/square-cash-drawer-integration\/\",\"name\":\"Integra\u00e7\u00e3o da gaveta de dinheiro Square - Conecte uma caixa registradora ao Square POS\",\"isPartOf\":{\"@id\":\"https:\/\/apgsolutions.com\/pt-br\/#website\"},\"primaryImageOfPage\":{\"@id\":\"https:\/\/apgsolutions.com\/pt-br\/square-cash-drawer-integration\/#primaryimage\"},\"image\":{\"@id\":\"https:\/\/apgsolutions.com\/pt-br\/square-cash-drawer-integration\/#primaryimage\"},\"thumbnailUrl\":\"https:\/\/apgsolutions.com\/wp-content\/uploads\/2023\/05\/Square_Inc._logo.svg-300x75-1.png\",\"datePublished\":\"2026-03-23T13:42:01+00:00\",\"dateModified\":\"2026-03-23T13:47:08+00:00\",\"description\":\"Que tipo de gaveta de dinheiro voc\u00ea deve comprar para trabalhar com o Square? Leia atentamente as op\u00e7\u00f5es antes de comprar uma gaveta de dinheiro.\",\"inLanguage\":\"pt-BR\",\"potentialAction\":[{\"@type\":\"ReadAction\",\"target\":[\"https:\/\/apgsolutions.com\/pt-br\/square-cash-drawer-integration\/\"]}]},{\"@type\":\"ImageObject\",\"inLanguage\":\"pt-BR\",\"@id\":\"https:\/\/apgsolutions.com\/pt-br\/square-cash-drawer-integration\/#primaryimage\",\"url\":\"https:\/\/apgsolutions.com\/wp-content\/uploads\/2023\/05\/Square_Inc._logo.svg-300x75-1.png\",\"contentUrl\":\"https:\/\/apgsolutions.com\/wp-content\/uploads\/2023\/05\/Square_Inc._logo.svg-300x75-1.png\"},{\"@type\":\"WebSite\",\"@id\":\"https:\/\/apgsolutions.com\/pt-br\/#website\",\"url\":\"https:\/\/apgsolutions.com\/pt-br\/\",\"name\":\"APG Solutions, LLC\",\"description\":\"Trust at every point.\",\"publisher\":{\"@id\":\"https:\/\/apgsolutions.com\/pt-br\/#organization\"},\"potentialAction\":[{\"@type\":\"SearchAction\",\"target\":{\"@type\":\"EntryPoint\",\"urlTemplate\":\"https:\/\/apgsolutions.com\/pt-br\/?s={search_term_string}\"},\"query-input\":{\"@type\":\"PropertyValueSpecification\",\"valueRequired\":true,\"valueName\":\"search_term_string\"}}],\"inLanguage\":\"pt-BR\"},{\"@type\":\"Organization\",\"@id\":\"https:\/\/apgsolutions.com\/pt-br\/#organization\",\"name\":\"APG Solution, LLC\",\"url\":\"https:\/\/apgsolutions.com\/pt-br\/\",\"logo\":{\"@type\":\"ImageObject\",\"inLanguage\":\"pt-BR\",\"@id\":\"https:\/\/apgsolutions.com\/pt-br\/#\/schema\/logo\/image\/\",\"url\":\"https:\/\/apgsolutions.com\/wp-content\/uploads\/2023\/12\/logomark-color.svg\",\"contentUrl\":\"https:\/\/apgsolutions.com\/wp-content\/uploads\/2023\/12\/logomark-color.svg\",\"width\":141,\"height\":138,\"caption\":\"APG Solution, LLC\"},\"image\":{\"@id\":\"https:\/\/apgsolutions.com\/pt-br\/#\/schema\/logo\/image\/\"},\"sameAs\":[\"https:\/\/www.facebook.com\/apgglobalsolutions\",\"https:\/\/x.com\/apg_solutions\",\"https:\/\/www.youtube.com\/c\/CashManagementGlobalSolutionsbyapg\",\"https:\/\/www.linkedin.com\/company\/apgglobalsolutions\/\",\"https:\/\/www.instagram.com\/apgglobalsolutions\/\",\"https:\/\/www.pinterest.com\/apgcashdrawer\/\"]}]}<\/script>\n<!-- \/ Yoast SEO Premium plugin. -->","yoast_head_json":{"title":"Integra\u00e7\u00e3o da gaveta de dinheiro Square - Conecte uma caixa registradora ao Square POS","description":"Que tipo de gaveta de dinheiro voc\u00ea deve comprar para trabalhar com o Square? Leia atentamente as op\u00e7\u00f5es antes de comprar uma gaveta de dinheiro.","robots":{"index":"index","follow":"follow","max-snippet":"max-snippet:-1","max-image-preview":"max-image-preview:large","max-video-preview":"max-video-preview:-1"},"canonical":"https:\/\/apgsolutions.com\/pt-br\/square-cash-drawer-integration\/","og_locale":"pt_BR","og_type":"article","og_title":"Integra\u00e7\u00e3o da gaveta de dinheiro Square - Conecte uma caixa registradora ao Square POS","og_description":"Que tipo de gaveta de dinheiro voc\u00ea deve comprar para trabalhar com o Square? Leia atentamente as op\u00e7\u00f5es antes de comprar uma gaveta de dinheiro.","og_url":"https:\/\/apgsolutions.com\/pt-br\/square-cash-drawer-integration\/","og_site_name":"apg\u00ae Solutions","article_publisher":"https:\/\/www.facebook.com\/apgglobalsolutions","article_modified_time":"2026-03-23T13:47:08+00:00","og_image":[{"url":"https:\/\/apgsolutions.com\/wp-content\/uploads\/2023\/05\/Square_Inc._logo.svg-300x75-1.png","type":"","width":"","height":""}],"twitter_card":"summary_large_image","twitter_site":"@apg_solutions","twitter_misc":{"Est. tempo de leitura":"2 minutos"},"schema":{"@context":"https:\/\/schema.org","@graph":[{"@type":"WebPage","@id":"https:\/\/apgsolutions.com\/pt-br\/square-cash-drawer-integration\/","url":"https:\/\/apgsolutions.com\/pt-br\/square-cash-drawer-integration\/","name":"Integra\u00e7\u00e3o da gaveta de dinheiro Square - Conecte uma caixa registradora ao Square POS","isPartOf":{"@id":"https:\/\/apgsolutions.com\/pt-br\/#website"},"primaryImageOfPage":{"@id":"https:\/\/apgsolutions.com\/pt-br\/square-cash-drawer-integration\/#primaryimage"},"image":{"@id":"https:\/\/apgsolutions.com\/pt-br\/square-cash-drawer-integration\/#primaryimage"},"thumbnailUrl":"https:\/\/apgsolutions.com\/wp-content\/uploads\/2023\/05\/Square_Inc._logo.svg-300x75-1.png","datePublished":"2026-03-23T13:42:01+00:00","dateModified":"2026-03-23T13:47:08+00:00","description":"Que tipo de gaveta de dinheiro voc\u00ea deve comprar para trabalhar com o Square? Leia atentamente as op\u00e7\u00f5es antes de comprar uma gaveta de dinheiro.","inLanguage":"pt-BR","potentialAction":[{"@type":"ReadAction","target":["https:\/\/apgsolutions.com\/pt-br\/square-cash-drawer-integration\/"]}]},{"@type":"ImageObject","inLanguage":"pt-BR","@id":"https:\/\/apgsolutions.com\/pt-br\/square-cash-drawer-integration\/#primaryimage","url":"https:\/\/apgsolutions.com\/wp-content\/uploads\/2023\/05\/Square_Inc._logo.svg-300x75-1.png","contentUrl":"https:\/\/apgsolutions.com\/wp-content\/uploads\/2023\/05\/Square_Inc._logo.svg-300x75-1.png"},{"@type":"WebSite","@id":"https:\/\/apgsolutions.com\/pt-br\/#website","url":"https:\/\/apgsolutions.com\/pt-br\/","name":"APG Solutions, LLC","description":"Trust at every point.","publisher":{"@id":"https:\/\/apgsolutions.com\/pt-br\/#organization"},"potentialAction":[{"@type":"SearchAction","target":{"@type":"EntryPoint","urlTemplate":"https:\/\/apgsolutions.com\/pt-br\/?s={search_term_string}"},"query-input":{"@type":"PropertyValueSpecification","valueRequired":true,"valueName":"search_term_string"}}],"inLanguage":"pt-BR"},{"@type":"Organization","@id":"https:\/\/apgsolutions.com\/pt-br\/#organization","name":"APG Solution, LLC","url":"https:\/\/apgsolutions.com\/pt-br\/","logo":{"@type":"ImageObject","inLanguage":"pt-BR","@id":"https:\/\/apgsolutions.com\/pt-br\/#\/schema\/logo\/image\/","url":"https:\/\/apgsolutions.com\/wp-content\/uploads\/2023\/12\/logomark-color.svg","contentUrl":"https:\/\/apgsolutions.com\/wp-content\/uploads\/2023\/12\/logomark-color.svg","width":141,"height":138,"caption":"APG Solution, LLC"},"image":{"@id":"https:\/\/apgsolutions.com\/pt-br\/#\/schema\/logo\/image\/"},"sameAs":["https:\/\/www.facebook.com\/apgglobalsolutions","https:\/\/x.com\/apg_solutions","https:\/\/www.youtube.com\/c\/CashManagementGlobalSolutionsbyapg","https:\/\/www.linkedin.com\/company\/apgglobalsolutions\/","https:\/\/www.instagram.com\/apgglobalsolutions\/","https:\/\/www.pinterest.com\/apgcashdrawer\/"]}]}},"acf":[],"_links":{"self":[{"href":"https:\/\/apgsolutions.com\/pt-br\/wp-json\/wp\/v2\/pages\/110618","targetHints":{"allow":["GET"]}}],"collection":[{"href":"https:\/\/apgsolutions.com\/pt-br\/wp-json\/wp\/v2\/pages"}],"about":[{"href":"https:\/\/apgsolutions.com\/pt-br\/wp-json\/wp\/v2\/types\/page"}],"author":[{"embeddable":true,"href":"https:\/\/apgsolutions.com\/pt-br\/wp-json\/wp\/v2\/users\/4"}],"replies":[{"embeddable":true,"href":"https:\/\/apgsolutions.com\/pt-br\/wp-json\/wp\/v2\/comments?post=110618"}],"version-history":[{"count":1,"href":"https:\/\/apgsolutions.com\/pt-br\/wp-json\/wp\/v2\/pages\/110618\/revisions"}],"predecessor-version":[{"id":110624,"href":"https:\/\/apgsolutions.com\/pt-br\/wp-json\/wp\/v2\/pages\/110618\/revisions\/110624"}],"wp:attachment":[{"href":"https:\/\/apgsolutions.com\/pt-br\/wp-json\/wp\/v2\/media?parent=110618"}],"curies":[{"name":"wp","href":"https:\/\/api.w.org\/{rel}","templated":true}]}}