{"id":110627,"date":"2026-03-23T13:42:02","date_gmt":"2026-03-23T13:42:02","guid":{"rendered":"https:\/\/apgsolutions.com\/cash-transactions-mobile-world-download\/"},"modified":"2026-03-23T14:13:33","modified_gmt":"2026-03-23T14:13:33","slug":"cash-transactions-mobile-world-download","status":"publish","type":"page","link":"https:\/\/apgsolutions.com\/pt-br\/cash-transactions-mobile-world-download\/","title":{"rendered":"Transa\u00e7\u00f5es em dinheiro Mobile World Download"},"content":{"rendered":"<div class=\"section_page-header \">\n    <img decoding=\"async\" class=\"header-image\" src=\"https:\/\/apgsolutions.com\/wp-content\/uploads\/2023\/05\/GettyImages-184405133-1-1.jpg\" alt=\"GettyImages-184405133-1-1\" title=\"GettyImages-184405133-1-1\">\n            <div class=\"header-content\">\n            <h1>Cash Transactions Mobile World Download<\/h1>\n        <\/div>\n    <\/div>\n<h2 class=\"wp-block-heading has-text-align-center has-x-large-font-size\" id=\"h-cash-transactions-in-a-mobile-world-download\">Transa\u00e7\u00f5es em dinheiro em um mundo m\u00f3vel Download<\/h2>\n\n<p>A introdu\u00e7\u00e3o das solu\u00e7\u00f5es de ponto de venda mPOS fez com que os varejistas de todo o mundo mudassem a forma como fazem o check-out dos clientes. Seja um Thin Client, uma solu\u00e7\u00e3o baseada em nuvem ou uma solu\u00e7\u00e3o para uma instala\u00e7\u00e3o de PDV existente, a APG tem a solu\u00e7\u00e3o de conectividade com um conjunto de interfaces expandido. Baixe nossos white papers para saber mais sobre transa\u00e7\u00f5es m\u00f3veis e solu\u00e7\u00f5es de PDV para ajudar sua empresa a prosperar em 2018.  <\/p>\n\n<h2 class=\"wp-block-heading\" id=\"h-english\">Ingl\u00eas<\/h2>\n\n<p><a href=\"\/wp-content\/uploads\/2023\/05\/APG_whitepaper_dealer.pdf\">Transa\u00e7\u00f5es em dinheiro em um mundo m\u00f3vel (vers\u00e3o do revendedor)<\/a><br\/><a href=\"https:\/\/apgsolutions.com\/wp-content\/uploads\/2023\/05\/APG_whitepaper_ISV.pdf\">Transa\u00e7\u00f5es em dinheiro em um mundo m\u00f3vel (vers\u00e3o ISV)<\/a><br\/><a href=\"https:\/\/apgsolutions.com\/wp-content\/uploads\/2023\/05\/APG_whitepaper_technical.pdf\">Transa\u00e7\u00f5es em dinheiro em um mundo m\u00f3vel (vers\u00e3o t\u00e9cnica)<\/a><\/p>\n\n<p><\/p>\n\n<h2 class=\"wp-block-heading\" id=\"h-francais\">Franc\u00eas<\/h2>\n\n<p>A introdu\u00e7\u00e3o de uma solu\u00e7\u00e3o de ponto de venda mPOS est\u00e1 causando mudan\u00e7as em todo o mundo, alterando a forma como os clientes fazem o check-out. Quer se trate de um cliente maior, baseado na nuvem ou de um boulon sobre a solu\u00e7\u00e3o em uma instala\u00e7\u00e3o de PDV existente, a APG tem a solu\u00e7\u00e3o de conectividade com uma su\u00edte de interface ampla. Baixe nossos livros em branco para saber mais sobre as transa\u00e7\u00f5es m\u00f3veis e solu\u00e7\u00f5es de ponto de venda para ajudar sua empresa a prosperar em 2018.  <\/p>\n\n<p><a href=\"\/wp-content\/uploads\/2023\/05\/APG_whitepaper_dealer-Fr1-French.pdf\">Opera\u00e7\u00f5es da Caixa em um mundo m\u00f3vel (ponto de vista do concession\u00e1rio: vis\u00e3o do conjunto)<\/a><br\/><a href=\"https:\/\/apgsolutions.com\/wp-content\/uploads\/2023\/05\/APG_whitepaper_ISV-French.pdf\">Opera\u00e7\u00f5es de caixa em um mundo m\u00f3vel (editores de aplicativos independentes: vis\u00e3o do conjunto)<\/a><br\/><a href=\"https:\/\/apgsolutions.com\/wp-content\/uploads\/2023\/05\/APG_whitepaper_technical-Fr-French.pdf\">Opera\u00e7\u00f5es de caixa em um mundo m\u00f3vel (vis\u00e3o t\u00e9cnica do conjunto)<\/a><\/p>\n\n<p><\/p>\n\n<h2 class=\"wp-block-heading\" id=\"h-deutsch\">Alem\u00e3o<\/h2>\n\n<p>A introdu\u00e7\u00e3o de solu\u00e7\u00f5es de ponto de venda de mPOS ajuda os clientes em todo o mundo a entender como eles fazem o check-out de seus clientes. Seja um Thin Client, uma solu\u00e7\u00e3o baseada em nuvem ou uma solu\u00e7\u00e3o mais abrangente para uma instala\u00e7\u00e3o de PDV de ponta, a APG-Connectivity-L\u00f6sung oferece a voc\u00ea uma su\u00edte de solu\u00e7\u00f5es mais avan\u00e7ada. Leia nosso whitepaper para saber mais sobre transa\u00e7\u00f5es m\u00f3veis e solu\u00e7\u00f5es de PDV, para que voc\u00ea possa melhorar seu neg\u00f3cio no ano de 2018.  <\/p>\n\n<p><a href=\"\/wp-content\/uploads\/2023\/05\/APG_whitepaper_dealer-DE-German.pdf\">Transa\u00e7\u00f5es de caixa em um mundo m\u00f3vel (vers\u00e3o para download)<\/a><br\/><a href=\"https:\/\/apgsolutions.com\/wp-content\/uploads\/2023\/05\/APG_whitepaper_ISV-German.pdf\">Transa\u00e7\u00f5es de caixa em um mundo m\u00f3vel (vers\u00e3o para usu\u00e1rios)<\/a><br\/><a href=\"https:\/\/apgsolutions.com\/wp-content\/uploads\/2023\/05\/APG_whitepaper_technical-DE-German.pdf\">Transa\u00e7\u00f5es de caixa em um mundo m\u00f3vel (vers\u00e3o t\u00e9cnica)<\/a><\/p>\n\n<p><\/p>\n","protected":false},"excerpt":{"rendered":"<p>Transa\u00e7\u00f5es em dinheiro em um mundo m\u00f3vel Download A introdu\u00e7\u00e3o das solu\u00e7\u00f5es de ponto de venda mPOS fez com que os varejistas de todo o mundo mudassem a forma como fazem o check-out dos clientes. Seja um Thin Client, uma solu\u00e7\u00e3o baseada em nuvem ou uma solu\u00e7\u00e3o para uma instala\u00e7\u00e3o de PDV existente, a APG [&hellip;]<\/p>\n","protected":false},"author":4,"featured_media":0,"parent":0,"menu_order":0,"comment_status":"closed","ping_status":"closed","template":"","meta":{"_acf_changed":false,"content-type":"","footnotes":""},"class_list":["post-110627","page","type-page","status-publish"],"yoast_head":"<!-- This site is optimized with the Yoast SEO Premium plugin v23.5 (Yoast SEO v27.2) - https:\/\/yoast.com\/product\/yoast-seo-premium-wordpress\/ -->\n<title>Transa\u00e7\u00f5es em dinheiro Mobile World Download<\/title>\n<meta name=\"description\" content=\"Acesse insights sobre manuseio de dinheiro em ambientes de PDV m\u00f3vel. Fa\u00e7a o download de guias para solu\u00e7\u00f5es integradas de varejo.\" \/>\n<meta name=\"robots\" content=\"index, follow, max-snippet:-1, max-image-preview:large, max-video-preview:-1\" \/>\n<link rel=\"canonical\" href=\"https:\/\/apgsolutions.com\/pt-br\/cash-transactions-mobile-world-download\/\" \/>\n<meta property=\"og:locale\" content=\"pt_BR\" \/>\n<meta property=\"og:type\" content=\"article\" \/>\n<meta property=\"og:title\" content=\"Transa\u00e7\u00f5es em dinheiro Mobile World Download\" \/>\n<meta property=\"og:description\" content=\"Acesse insights sobre manuseio de dinheiro em ambientes de PDV m\u00f3vel. Fa\u00e7a o download de guias para solu\u00e7\u00f5es integradas de varejo.\" \/>\n<meta property=\"og:url\" content=\"https:\/\/apgsolutions.com\/pt-br\/cash-transactions-mobile-world-download\/\" \/>\n<meta property=\"og:site_name\" content=\"apg\u00ae Solutions\" \/>\n<meta property=\"article:publisher\" content=\"https:\/\/www.facebook.com\/apgglobalsolutions\" \/>\n<meta property=\"article:modified_time\" content=\"2026-03-23T14:13:33+00:00\" \/>\n<meta name=\"twitter:card\" content=\"summary_large_image\" \/>\n<meta name=\"twitter:site\" content=\"@apg_solutions\" \/>\n<meta name=\"twitter:label1\" content=\"Est. tempo de leitura\" \/>\n\t<meta name=\"twitter:data1\" content=\"2 minutos\" \/>\n<script type=\"application\/ld+json\" class=\"yoast-schema-graph\">{\"@context\":\"https:\/\/schema.org\",\"@graph\":[{\"@type\":\"WebPage\",\"@id\":\"https:\/\/apgsolutions.com\/pt-br\/cash-transactions-mobile-world-download\/\",\"url\":\"https:\/\/apgsolutions.com\/pt-br\/cash-transactions-mobile-world-download\/\",\"name\":\"Transa\u00e7\u00f5es em dinheiro Mobile World Download\",\"isPartOf\":{\"@id\":\"https:\/\/apgsolutions.com\/pt-br\/#website\"},\"datePublished\":\"2026-03-23T13:42:02+00:00\",\"dateModified\":\"2026-03-23T14:13:33+00:00\",\"description\":\"Acesse insights sobre manuseio de dinheiro em ambientes de PDV m\u00f3vel. Fa\u00e7a o download de guias para solu\u00e7\u00f5es integradas de varejo.\",\"inLanguage\":\"pt-BR\",\"potentialAction\":[{\"@type\":\"ReadAction\",\"target\":[\"https:\/\/apgsolutions.com\/pt-br\/cash-transactions-mobile-world-download\/\"]}]},{\"@type\":\"WebSite\",\"@id\":\"https:\/\/apgsolutions.com\/pt-br\/#website\",\"url\":\"https:\/\/apgsolutions.com\/pt-br\/\",\"name\":\"APG Solutions, LLC\",\"description\":\"Trust at every point.\",\"publisher\":{\"@id\":\"https:\/\/apgsolutions.com\/pt-br\/#organization\"},\"potentialAction\":[{\"@type\":\"SearchAction\",\"target\":{\"@type\":\"EntryPoint\",\"urlTemplate\":\"https:\/\/apgsolutions.com\/pt-br\/?s={search_term_string}\"},\"query-input\":{\"@type\":\"PropertyValueSpecification\",\"valueRequired\":true,\"valueName\":\"search_term_string\"}}],\"inLanguage\":\"pt-BR\"},{\"@type\":\"Organization\",\"@id\":\"https:\/\/apgsolutions.com\/pt-br\/#organization\",\"name\":\"APG Solution, LLC\",\"url\":\"https:\/\/apgsolutions.com\/pt-br\/\",\"logo\":{\"@type\":\"ImageObject\",\"inLanguage\":\"pt-BR\",\"@id\":\"https:\/\/apgsolutions.com\/pt-br\/#\/schema\/logo\/image\/\",\"url\":\"https:\/\/apgsolutions.com\/wp-content\/uploads\/2023\/12\/logomark-color.svg\",\"contentUrl\":\"https:\/\/apgsolutions.com\/wp-content\/uploads\/2023\/12\/logomark-color.svg\",\"width\":141,\"height\":138,\"caption\":\"APG Solution, LLC\"},\"image\":{\"@id\":\"https:\/\/apgsolutions.com\/pt-br\/#\/schema\/logo\/image\/\"},\"sameAs\":[\"https:\/\/www.facebook.com\/apgglobalsolutions\",\"https:\/\/x.com\/apg_solutions\",\"https:\/\/www.youtube.com\/c\/CashManagementGlobalSolutionsbyapg\",\"https:\/\/www.linkedin.com\/company\/apgglobalsolutions\/\",\"https:\/\/www.instagram.com\/apgglobalsolutions\/\",\"https:\/\/www.pinterest.com\/apgcashdrawer\/\"]}]}<\/script>\n<!-- \/ Yoast SEO Premium plugin. -->","yoast_head_json":{"title":"Transa\u00e7\u00f5es em dinheiro Mobile World Download","description":"Acesse insights sobre manuseio de dinheiro em ambientes de PDV m\u00f3vel. Fa\u00e7a o download de guias para solu\u00e7\u00f5es integradas de varejo.","robots":{"index":"index","follow":"follow","max-snippet":"max-snippet:-1","max-image-preview":"max-image-preview:large","max-video-preview":"max-video-preview:-1"},"canonical":"https:\/\/apgsolutions.com\/pt-br\/cash-transactions-mobile-world-download\/","og_locale":"pt_BR","og_type":"article","og_title":"Transa\u00e7\u00f5es em dinheiro Mobile World Download","og_description":"Acesse insights sobre manuseio de dinheiro em ambientes de PDV m\u00f3vel. Fa\u00e7a o download de guias para solu\u00e7\u00f5es integradas de varejo.","og_url":"https:\/\/apgsolutions.com\/pt-br\/cash-transactions-mobile-world-download\/","og_site_name":"apg\u00ae Solutions","article_publisher":"https:\/\/www.facebook.com\/apgglobalsolutions","article_modified_time":"2026-03-23T14:13:33+00:00","twitter_card":"summary_large_image","twitter_site":"@apg_solutions","twitter_misc":{"Est. tempo de leitura":"2 minutos"},"schema":{"@context":"https:\/\/schema.org","@graph":[{"@type":"WebPage","@id":"https:\/\/apgsolutions.com\/pt-br\/cash-transactions-mobile-world-download\/","url":"https:\/\/apgsolutions.com\/pt-br\/cash-transactions-mobile-world-download\/","name":"Transa\u00e7\u00f5es em dinheiro Mobile World Download","isPartOf":{"@id":"https:\/\/apgsolutions.com\/pt-br\/#website"},"datePublished":"2026-03-23T13:42:02+00:00","dateModified":"2026-03-23T14:13:33+00:00","description":"Acesse insights sobre manuseio de dinheiro em ambientes de PDV m\u00f3vel. Fa\u00e7a o download de guias para solu\u00e7\u00f5es integradas de varejo.","inLanguage":"pt-BR","potentialAction":[{"@type":"ReadAction","target":["https:\/\/apgsolutions.com\/pt-br\/cash-transactions-mobile-world-download\/"]}]},{"@type":"WebSite","@id":"https:\/\/apgsolutions.com\/pt-br\/#website","url":"https:\/\/apgsolutions.com\/pt-br\/","name":"APG Solutions, LLC","description":"Trust at every point.","publisher":{"@id":"https:\/\/apgsolutions.com\/pt-br\/#organization"},"potentialAction":[{"@type":"SearchAction","target":{"@type":"EntryPoint","urlTemplate":"https:\/\/apgsolutions.com\/pt-br\/?s={search_term_string}"},"query-input":{"@type":"PropertyValueSpecification","valueRequired":true,"valueName":"search_term_string"}}],"inLanguage":"pt-BR"},{"@type":"Organization","@id":"https:\/\/apgsolutions.com\/pt-br\/#organization","name":"APG Solution, LLC","url":"https:\/\/apgsolutions.com\/pt-br\/","logo":{"@type":"ImageObject","inLanguage":"pt-BR","@id":"https:\/\/apgsolutions.com\/pt-br\/#\/schema\/logo\/image\/","url":"https:\/\/apgsolutions.com\/wp-content\/uploads\/2023\/12\/logomark-color.svg","contentUrl":"https:\/\/apgsolutions.com\/wp-content\/uploads\/2023\/12\/logomark-color.svg","width":141,"height":138,"caption":"APG Solution, LLC"},"image":{"@id":"https:\/\/apgsolutions.com\/pt-br\/#\/schema\/logo\/image\/"},"sameAs":["https:\/\/www.facebook.com\/apgglobalsolutions","https:\/\/x.com\/apg_solutions","https:\/\/www.youtube.com\/c\/CashManagementGlobalSolutionsbyapg","https:\/\/www.linkedin.com\/company\/apgglobalsolutions\/","https:\/\/www.instagram.com\/apgglobalsolutions\/","https:\/\/www.pinterest.com\/apgcashdrawer\/"]}]}},"acf":[],"_links":{"self":[{"href":"https:\/\/apgsolutions.com\/pt-br\/wp-json\/wp\/v2\/pages\/110627","targetHints":{"allow":["GET"]}}],"collection":[{"href":"https:\/\/apgsolutions.com\/pt-br\/wp-json\/wp\/v2\/pages"}],"about":[{"href":"https:\/\/apgsolutions.com\/pt-br\/wp-json\/wp\/v2\/types\/page"}],"author":[{"embeddable":true,"href":"https:\/\/apgsolutions.com\/pt-br\/wp-json\/wp\/v2\/users\/4"}],"replies":[{"embeddable":true,"href":"https:\/\/apgsolutions.com\/pt-br\/wp-json\/wp\/v2\/comments?post=110627"}],"version-history":[{"count":3,"href":"https:\/\/apgsolutions.com\/pt-br\/wp-json\/wp\/v2\/pages\/110627\/revisions"}],"predecessor-version":[{"id":110750,"href":"https:\/\/apgsolutions.com\/pt-br\/wp-json\/wp\/v2\/pages\/110627\/revisions\/110750"}],"wp:attachment":[{"href":"https:\/\/apgsolutions.com\/pt-br\/wp-json\/wp\/v2\/media?parent=110627"}],"curies":[{"name":"wp","href":"https:\/\/api.w.org\/{rel}","templated":true}]}}