{"id":110635,"date":"2026-03-23T13:45:01","date_gmt":"2026-03-23T13:45:01","guid":{"rendered":"https:\/\/apgsolutions.com\/warranty\/"},"modified":"2026-03-23T13:45:04","modified_gmt":"2026-03-23T13:45:04","slug":"warranty","status":"publish","type":"page","link":"https:\/\/apgsolutions.com\/pt-br\/warranty\/","title":{"rendered":"Garantia do produto"},"content":{"rendered":"<div class=\"section_page-header \">\n    <img decoding=\"async\" class=\"header-image\" src=\"https:\/\/apgsolutions.com\/wp-content\/uploads\/2023\/05\/MICROS-matrix-header.jpg\" alt=\"MICROS-matrix-header\" title=\"MICROS-matrix-header\">\n            <div class=\"header-content\">\n            <h1>Product Warranty<\/h1>\n        <\/div>\n    <\/div>\n<h2 class=\"wp-block-heading has-text-align-center has-large-font-size\" id=\"h-view-our-warranty-statement-below-and-register-your-pos-products\">Veja nossa declara\u00e7\u00e3o de garantia abaixo e registre seus produtos de PDV.<\/h2>\n\n<p>A apg\u00ae oferece uma garantia <strong>vital\u00edcia limitada<\/strong> de 1, 3, 5 ou uma garantia <strong>vital\u00edcia limitada<\/strong> para suas <a href=\"https:\/\/apgsolutions.com\/pt-br\/products\/#cash-drawers\">gavetas de dinheiro<\/a> n\u00e3o OEM e produtos <a href=\"https:\/\/apg.apgsolutions.com\/smarttill-solution-suite\">de gerenciamento de dinheiro<\/a>.<\/p>\n\n<p>Veja abaixo a garantia apropriada para cada linha de produto e preencha o formul\u00e1rio na parte inferior desta p\u00e1gina para se registrar. Entre em contato com seu representante de vendas para obter mais informa\u00e7\u00f5es. <\/p>\n\n<div class=\"wp-block-buttons is-content-justification-center is-layout-flex wp-container-core-buttons-is-layout-28206b41 wp-block-buttons-is-layout-flex\"><\/div>\n\n<h2 class=\"wp-block-heading\" id=\"h-non-oem-product-warranty\">Garantia de produto n\u00e3o OEM<\/h2>\n\n<p>A apg\u00ae fornece uma garantia de 1, 3, 5 ou uma garantia vital\u00edcia limitada para seus produtos de gaveta de dinheiro n\u00e3o OEM. Veja abaixo a garantia apropriada para cada linha de produto. Entre em contato com seu representante de vendas para obter mais informa\u00e7\u00f5es.  <\/p>\n\n<h2 class=\"wp-block-heading\" id=\"h-1-year-limited\">Limitado a 1 ano<\/h2>\n\n<p>Aplica-se \u00e0s gavetas de dinheiro de n\u00edvel b\u00e1sico econ\u00f4mico (ECD), \u00e0 gaveta de dinheiro Minota e \u00e0 gaveta de dinheiro Arlo.<\/p>\n\n<h2 class=\"wp-block-heading\" id=\"h-3-year-limited-warranty\">Garantia limitada de 3 anos<\/h2>\n\n<p>Aplica-se aos produtos padr\u00e3o, de aplica\u00e7\u00e3o geral (GA): Vasario, S\u00e9rie 1150, S\u00e9rie 1517, S\u00e9rie Stratis\u2122, MICRO, 460MOD03, STD2000, E3000 e linhas de produtos de gaveta de dinheiro Flip-Top. Isso se aplica a n\u00fameros de s\u00e9rie que datam de mar\u00e7o de 2019. <\/p>\n\n<h2 class=\"wp-block-heading\" id=\"h-5-year-limited-warranty\">Garantia limitada de 5 anos<\/h2>\n\n<p>As linhas de produtos Series 100 e Series 4000 Cash Drawer Performance t\u00eam uma garantia de 5 anos (a partir de mar\u00e7o de 2019).<\/p>\n\n<h2 class=\"wp-block-heading\" id=\"h-limited-lifetime-warranty\">Garantia vital\u00edcia limitada<\/h2>\n\n<p>A gaveta de dinheiro Series 4000 tem uma garantia vital\u00edcia limitada, registrando-se <a href=\"https:\/\/share.hsforms.com\/1Uxrj08iASHemvyI3rcnR2w1zj23\">aqui<\/a>. O produto deve ser registrado dentro de 30 dias ap\u00f3s a compra para receber a garantia estendida. Sem o registro, ele inclui uma garantia de 5 anos. Essa garantia vital\u00edcia limitada n\u00e3o cobre danos causados por desgaste normal.   <\/p>\n\n<h2 class=\"wp-block-heading\" id=\"h-oem-amp-bespoke-product-warranty\">Garantia de produtos OEM e sob medida<\/h2>\n\n<p>A apg\u00ae oferece garantia de 1 ano para seus produtos de gaveta de dinheiro OEM e Bespoke. Entre em contato com seu representante de vendas para obter mais informa\u00e7\u00f5es. <\/p>\n\n<h2 class=\"wp-block-heading\" id=\"h-cash-management-product-warranty\">Garantia do produto de gerenciamento de caixa<\/h2>\n\n<p>A apg\u00ae fornece uma garantia de 1 ano para seus produtos smarttill\u00ae Solution. As garantias estendidas do smarttill\u00ae Solution est\u00e3o dispon\u00edveis para compra.  Entre em contato com seu representante de vendas para obter mais informa\u00e7\u00f5es.<\/p>\n\n<h2 class=\"wp-block-heading\" id=\"h-warranty-statement\">Declara\u00e7\u00e3o de garantia<\/h2>\n\n<p>Entre em contato com o departamento de rela\u00e7\u00f5es com o cliente da apg\u00ae para obter assist\u00eancia na determina\u00e7\u00e3o da cobertura da garantia. N\u00e3o devolva nenhum material <strong>antes que<\/strong> a cobertura da garantia seja determinada. Esta garantia oferece direitos legais espec\u00edficos e outros direitos aplic\u00e1veis em alguns estados.  <\/p>\n\n<p>A apg\u00ae garante que seus produtos estar\u00e3o livres de defeitos de material ou de fabrica\u00e7\u00e3o durante o per\u00edodo de garantia espec\u00edfico a partir da data de fabrica\u00e7\u00e3o, sob condi\u00e7\u00f5es normais de uso e manuten\u00e7\u00e3o. Esta garantia limitada est\u00e1 dispon\u00edvel para o comprador original e n\u00e3o cobre produtos mal utilizados, alterados, negligenciados, manuseados de forma descuidada ou produtos usados para fins n\u00e3o intencionais. <\/p>\n\n<p>A apg\u00ae consertar\u00e1 ou substituir\u00e1, a seu crit\u00e9rio, qualquer produto que apresente defeito durante o per\u00edodo de garantia. Os reparos em garantia s\u00e3o realizados sem custo de pe\u00e7as ou m\u00e3o de obra. Voc\u00ea \u00e9 respons\u00e1vel pelos custos de envio do produto de e para as instala\u00e7\u00f5es da apg\u00ae. A \u00fanica obriga\u00e7\u00e3o da apg\u00ae limita-se ao reparo ou substitui\u00e7\u00e3o do produto ou componentes defeituosos.   <\/p>\n\n<p>a apg\u00ae n\u00e3o se responsabiliza por quaisquer danos incidentais ou consequentes, ou por quaisquer outros custos que possam ocorrer em decorr\u00eancia da compra ou do uso deste produto. Nenhuma outra garantia (incluindo comercializa\u00e7\u00e3o e adequa\u00e7\u00e3o a uma finalidade espec\u00edfica) \u00e9 expressamente feita ou impl\u00edcita. Alguns estados n\u00e3o permitem limita\u00e7\u00f5es ou exclus\u00f5es de garantias impl\u00edcitas e, nesses estados, as limita\u00e7\u00f5es acima de uma garantia impl\u00edcita podem n\u00e3o se aplicar.  <\/p>\n\n<h2 class=\"wp-block-heading\" id=\"h-warranty-registration-form\">Formul\u00e1rio de registro de garantia<\/h2>\n<p><script charset=\"utf-8\" type=\"text\/javascript\" src=\"\/\/js.hsforms.net\/forms\/embed\/v2.js\"><\/script><br \/>\n<script>\n  hbspt.forms.create({\n    region: \"na1\",\n    portalId: \"3337275\",\n    formId: \"531ae3d3-c880-4877-a6bf-2237adc9d1db\",\n    sfdcCampaignId: \"7011L000000H6sFQAS\"\n  });\n<\/script><\/p>\n","protected":false},"excerpt":{"rendered":"<p>Veja nossa declara\u00e7\u00e3o de garantia abaixo e registre seus produtos de PDV. A apg\u00ae oferece uma garantia vital\u00edcia limitada de 1, 3, 5 ou uma garantia vital\u00edcia limitada para suas gavetas de dinheiro n\u00e3o OEM e produtos de gerenciamento de dinheiro. Veja abaixo a garantia apropriada para cada linha de produto e preencha o formul\u00e1rio [&hellip;]<\/p>\n","protected":false},"author":4,"featured_media":0,"parent":0,"menu_order":0,"comment_status":"closed","ping_status":"closed","template":"","meta":{"_acf_changed":false,"content-type":"","footnotes":""},"class_list":["post-110635","page","type-page","status-publish"],"yoast_head":"<!-- This site is optimized with the Yoast SEO Premium plugin v23.5 (Yoast SEO v27.2) - https:\/\/yoast.com\/product\/yoast-seo-premium-wordpress\/ -->\n<title>Declara\u00e7\u00e3o de garantia do produto e registro | apg\u00ae<\/title>\n<meta name=\"description\" content=\"A APG Cash Drawer oferece uma garantia vital\u00edcia limitada de 1, 3, 5 ou uma garantia vital\u00edcia limitada para seus produtos Guardiant e de gerenciamento de numer\u00e1rio n\u00e3o OEM.\" \/>\n<meta name=\"robots\" content=\"index, follow, max-snippet:-1, max-image-preview:large, max-video-preview:-1\" \/>\n<link rel=\"canonical\" href=\"https:\/\/apgsolutions.com\/pt-br\/warranty\/\" \/>\n<meta property=\"og:locale\" content=\"pt_BR\" \/>\n<meta property=\"og:type\" content=\"article\" \/>\n<meta property=\"og:title\" content=\"Declara\u00e7\u00e3o de garantia do produto e registro | apg\u00ae\" \/>\n<meta property=\"og:description\" content=\"A APG Cash Drawer oferece uma garantia vital\u00edcia limitada de 1, 3, 5 ou uma garantia vital\u00edcia limitada para seus produtos Guardiant e de gerenciamento de numer\u00e1rio n\u00e3o OEM.\" \/>\n<meta property=\"og:url\" content=\"https:\/\/apgsolutions.com\/pt-br\/warranty\/\" \/>\n<meta property=\"og:site_name\" content=\"apg\u00ae Solutions\" \/>\n<meta property=\"article:publisher\" content=\"https:\/\/www.facebook.com\/apgglobalsolutions\" \/>\n<meta property=\"article:modified_time\" content=\"2026-03-23T13:45:04+00:00\" \/>\n<meta name=\"twitter:card\" content=\"summary_large_image\" \/>\n<meta name=\"twitter:site\" content=\"@apg_solutions\" \/>\n<meta name=\"twitter:label1\" content=\"Est. tempo de leitura\" \/>\n\t<meta name=\"twitter:data1\" content=\"3 minutos\" \/>\n<script type=\"application\/ld+json\" class=\"yoast-schema-graph\">{\"@context\":\"https:\/\/schema.org\",\"@graph\":[{\"@type\":\"WebPage\",\"@id\":\"https:\/\/apgsolutions.com\/pt-br\/warranty\/\",\"url\":\"https:\/\/apgsolutions.com\/pt-br\/warranty\/\",\"name\":\"Declara\u00e7\u00e3o de garantia do produto e registro | apg\u00ae\",\"isPartOf\":{\"@id\":\"https:\/\/apgsolutions.com\/pt-br\/#website\"},\"datePublished\":\"2026-03-23T13:45:01+00:00\",\"dateModified\":\"2026-03-23T13:45:04+00:00\",\"description\":\"A APG Cash Drawer oferece uma garantia vital\u00edcia limitada de 1, 3, 5 ou uma garantia vital\u00edcia limitada para seus produtos Guardiant e de gerenciamento de numer\u00e1rio n\u00e3o OEM.\",\"inLanguage\":\"pt-BR\",\"potentialAction\":[{\"@type\":\"ReadAction\",\"target\":[\"https:\/\/apgsolutions.com\/pt-br\/warranty\/\"]}]},{\"@type\":\"WebSite\",\"@id\":\"https:\/\/apgsolutions.com\/pt-br\/#website\",\"url\":\"https:\/\/apgsolutions.com\/pt-br\/\",\"name\":\"APG Solutions, LLC\",\"description\":\"Trust at every point.\",\"publisher\":{\"@id\":\"https:\/\/apgsolutions.com\/pt-br\/#organization\"},\"potentialAction\":[{\"@type\":\"SearchAction\",\"target\":{\"@type\":\"EntryPoint\",\"urlTemplate\":\"https:\/\/apgsolutions.com\/pt-br\/?s={search_term_string}\"},\"query-input\":{\"@type\":\"PropertyValueSpecification\",\"valueRequired\":true,\"valueName\":\"search_term_string\"}}],\"inLanguage\":\"pt-BR\"},{\"@type\":\"Organization\",\"@id\":\"https:\/\/apgsolutions.com\/pt-br\/#organization\",\"name\":\"APG Solution, LLC\",\"url\":\"https:\/\/apgsolutions.com\/pt-br\/\",\"logo\":{\"@type\":\"ImageObject\",\"inLanguage\":\"pt-BR\",\"@id\":\"https:\/\/apgsolutions.com\/pt-br\/#\/schema\/logo\/image\/\",\"url\":\"https:\/\/apgsolutions.com\/wp-content\/uploads\/2023\/12\/logomark-color.svg\",\"contentUrl\":\"https:\/\/apgsolutions.com\/wp-content\/uploads\/2023\/12\/logomark-color.svg\",\"width\":141,\"height\":138,\"caption\":\"APG Solution, LLC\"},\"image\":{\"@id\":\"https:\/\/apgsolutions.com\/pt-br\/#\/schema\/logo\/image\/\"},\"sameAs\":[\"https:\/\/www.facebook.com\/apgglobalsolutions\",\"https:\/\/x.com\/apg_solutions\",\"https:\/\/www.youtube.com\/c\/CashManagementGlobalSolutionsbyapg\",\"https:\/\/www.linkedin.com\/company\/apgglobalsolutions\/\",\"https:\/\/www.instagram.com\/apgglobalsolutions\/\",\"https:\/\/www.pinterest.com\/apgcashdrawer\/\"]}]}<\/script>\n<!-- \/ Yoast SEO Premium plugin. -->","yoast_head_json":{"title":"Declara\u00e7\u00e3o de garantia do produto e registro | apg\u00ae","description":"A APG Cash Drawer oferece uma garantia vital\u00edcia limitada de 1, 3, 5 ou uma garantia vital\u00edcia limitada para seus produtos Guardiant e de gerenciamento de numer\u00e1rio n\u00e3o OEM.","robots":{"index":"index","follow":"follow","max-snippet":"max-snippet:-1","max-image-preview":"max-image-preview:large","max-video-preview":"max-video-preview:-1"},"canonical":"https:\/\/apgsolutions.com\/pt-br\/warranty\/","og_locale":"pt_BR","og_type":"article","og_title":"Declara\u00e7\u00e3o de garantia do produto e registro | apg\u00ae","og_description":"A APG Cash Drawer oferece uma garantia vital\u00edcia limitada de 1, 3, 5 ou uma garantia vital\u00edcia limitada para seus produtos Guardiant e de gerenciamento de numer\u00e1rio n\u00e3o OEM.","og_url":"https:\/\/apgsolutions.com\/pt-br\/warranty\/","og_site_name":"apg\u00ae Solutions","article_publisher":"https:\/\/www.facebook.com\/apgglobalsolutions","article_modified_time":"2026-03-23T13:45:04+00:00","twitter_card":"summary_large_image","twitter_site":"@apg_solutions","twitter_misc":{"Est. tempo de leitura":"3 minutos"},"schema":{"@context":"https:\/\/schema.org","@graph":[{"@type":"WebPage","@id":"https:\/\/apgsolutions.com\/pt-br\/warranty\/","url":"https:\/\/apgsolutions.com\/pt-br\/warranty\/","name":"Declara\u00e7\u00e3o de garantia do produto e registro | apg\u00ae","isPartOf":{"@id":"https:\/\/apgsolutions.com\/pt-br\/#website"},"datePublished":"2026-03-23T13:45:01+00:00","dateModified":"2026-03-23T13:45:04+00:00","description":"A APG Cash Drawer oferece uma garantia vital\u00edcia limitada de 1, 3, 5 ou uma garantia vital\u00edcia limitada para seus produtos Guardiant e de gerenciamento de numer\u00e1rio n\u00e3o OEM.","inLanguage":"pt-BR","potentialAction":[{"@type":"ReadAction","target":["https:\/\/apgsolutions.com\/pt-br\/warranty\/"]}]},{"@type":"WebSite","@id":"https:\/\/apgsolutions.com\/pt-br\/#website","url":"https:\/\/apgsolutions.com\/pt-br\/","name":"APG Solutions, LLC","description":"Trust at every point.","publisher":{"@id":"https:\/\/apgsolutions.com\/pt-br\/#organization"},"potentialAction":[{"@type":"SearchAction","target":{"@type":"EntryPoint","urlTemplate":"https:\/\/apgsolutions.com\/pt-br\/?s={search_term_string}"},"query-input":{"@type":"PropertyValueSpecification","valueRequired":true,"valueName":"search_term_string"}}],"inLanguage":"pt-BR"},{"@type":"Organization","@id":"https:\/\/apgsolutions.com\/pt-br\/#organization","name":"APG Solution, LLC","url":"https:\/\/apgsolutions.com\/pt-br\/","logo":{"@type":"ImageObject","inLanguage":"pt-BR","@id":"https:\/\/apgsolutions.com\/pt-br\/#\/schema\/logo\/image\/","url":"https:\/\/apgsolutions.com\/wp-content\/uploads\/2023\/12\/logomark-color.svg","contentUrl":"https:\/\/apgsolutions.com\/wp-content\/uploads\/2023\/12\/logomark-color.svg","width":141,"height":138,"caption":"APG Solution, LLC"},"image":{"@id":"https:\/\/apgsolutions.com\/pt-br\/#\/schema\/logo\/image\/"},"sameAs":["https:\/\/www.facebook.com\/apgglobalsolutions","https:\/\/x.com\/apg_solutions","https:\/\/www.youtube.com\/c\/CashManagementGlobalSolutionsbyapg","https:\/\/www.linkedin.com\/company\/apgglobalsolutions\/","https:\/\/www.instagram.com\/apgglobalsolutions\/","https:\/\/www.pinterest.com\/apgcashdrawer\/"]}]}},"acf":[],"_links":{"self":[{"href":"https:\/\/apgsolutions.com\/pt-br\/wp-json\/wp\/v2\/pages\/110635","targetHints":{"allow":["GET"]}}],"collection":[{"href":"https:\/\/apgsolutions.com\/pt-br\/wp-json\/wp\/v2\/pages"}],"about":[{"href":"https:\/\/apgsolutions.com\/pt-br\/wp-json\/wp\/v2\/types\/page"}],"author":[{"embeddable":true,"href":"https:\/\/apgsolutions.com\/pt-br\/wp-json\/wp\/v2\/users\/4"}],"replies":[{"embeddable":true,"href":"https:\/\/apgsolutions.com\/pt-br\/wp-json\/wp\/v2\/comments?post=110635"}],"version-history":[{"count":1,"href":"https:\/\/apgsolutions.com\/pt-br\/wp-json\/wp\/v2\/pages\/110635\/revisions"}],"predecessor-version":[{"id":110638,"href":"https:\/\/apgsolutions.com\/pt-br\/wp-json\/wp\/v2\/pages\/110635\/revisions\/110638"}],"wp:attachment":[{"href":"https:\/\/apgsolutions.com\/pt-br\/wp-json\/wp\/v2\/media?parent=110635"}],"curies":[{"name":"wp","href":"https:\/\/api.w.org\/{rel}","templated":true}]}}