{"id":110639,"date":"2026-03-23T13:45:01","date_gmt":"2026-03-23T13:45:01","guid":{"rendered":"https:\/\/apgsolutions.com\/cookies-policy\/"},"modified":"2026-03-23T13:50:10","modified_gmt":"2026-03-23T13:50:10","slug":"cookies-policy","status":"publish","type":"page","link":"https:\/\/apgsolutions.com\/pt-br\/cookies-policy\/","title":{"rendered":"Pol\u00edtica de cookies"},"content":{"rendered":"<div class=\"section_page-header \">\n    <img decoding=\"async\" class=\"header-image\" src=\"https:\/\/apgsolutions.com\/wp-content\/uploads\/2023\/04\/dark-blue-rotated.jpg\" alt=\"dark-blue\" title=\"dark-blue\">\n            <div class=\"header-content\">\n            <h1>Cookies <br>Policy<\/h1>\n        <\/div>\n    <\/div>\n<p>Queremos que voc\u00ea, como valioso usu\u00e1rio do site da apg\u00ae, entenda completamente sua privacidade, como os cookies o afetam e que se sinta totalmente confort\u00e1vel com sua experi\u00eancia no site da apg\u00ae. Se voc\u00ea tamb\u00e9m quiser mais informa\u00e7\u00f5es sobre a pol\u00edtica de privacidade da apg, visite nossa p\u00e1gina de <a href=\"https:\/\/apgsolutions.com\/pt-br\/privacy-policy\/\">pol\u00edtica de privacidade<\/a>. <\/p>\n\n<h2 class=\"wp-block-heading\" id=\"h-what-are-cookies\"><strong>O que s\u00e3o cookies?<\/strong><\/h2>\n\n<p>Um cookie \u00e9 um pequeno arquivo que, muitas vezes, pede permiss\u00e3o para ser colocado no disco r\u00edgido do seu computador. Quando voc\u00ea concorda, o arquivo \u00e9 adicionado e o cookie ajuda a analisar o tr\u00e1fego da Web. Por exemplo, os cookies podem rastrear quando voc\u00ea fez login em um site, visitou determinadas p\u00e1ginas ou clicou em determinados bot\u00f5es de chamada para a\u00e7\u00e3o.  <\/p>\n\n<p>Um cookie n\u00e3o nos d\u00e1 acesso ao seu computador ou a qualquer informa\u00e7\u00e3o sobre voc\u00ea, a n\u00e3o ser os dados que voc\u00ea decide compartilhar conosco. Voc\u00ea pode optar por aceitar ou recusar cookies. A maioria dos navegadores da Web aceita cookies automaticamente, mas voc\u00ea pode alterar as configura\u00e7\u00f5es do navegador para recusar cookies.  <\/p>\n\n<h2 class=\"wp-block-heading\"><strong>Para que usamos os cookies?<\/strong><\/h2>\n\n<ul class=\"wp-block-list\">\n<li><em>Google Analytics<\/em>\n<ul class=\"wp-block-list\">\n<li>Os c\u00f3digos de rastreamento do Google Analytics nos ajudam a entender como o site est\u00e1 sendo usado para melhorar a experi\u00eancia do usu\u00e1rio<\/li>\n\n\n\n<li>Os dados do usu\u00e1rio s\u00e3o todos an\u00f4nimos. Saiba mais sobre <a href=\"https:\/\/support.google.com\/analytics\/answer\/6004245\" target=\"_blank\" rel=\"noreferrer noopener\">a posi\u00e7\u00e3o do Google em rela\u00e7\u00e3o \u00e0 privacidade<\/a> como um servi\u00e7o de an\u00e1lise e seu <a href=\"https:\/\/developers.google.com\/analytics\/devguides\/collection\/analyticsjs\/cookie-usage\" target=\"_blank\" rel=\"noreferrer noopener\">uso de cookies em sites<\/a> <\/li>\n<\/ul>\n<\/li>\n\n\n\n<li><em>HubSpot<\/em>\n<ul class=\"wp-block-list\">\n<li>Os c\u00f3digos de rastreamento da HubSpot nos ajudam a acompanhar o sucesso de nossas campanhas de marketing e o desempenho do site. <a href=\"https:\/\/knowledge.hubspot.com\/privacy-and-consent\/what-cookies-does-hubspot-set-in-a-visitor-s-browser\" target=\"_blank\" rel=\"noreferrer noopener\">Saiba mais<\/a> sobre o uso de cookies da HubSpot<\/li>\n\n\n\n<li>Os c\u00f3digos de rastreamento nos ajudam a capturar:\n<ul class=\"wp-block-list\">\n<li>Como nosso site gera tr\u00e1fego e leads<\/li>\n\n\n\n<li>\u00c1reas em que podemos melhorar o tr\u00e1fego do nosso site e as campanhas de marketing<\/li>\n\n\n\n<li>Intelig\u00eancia de leads, transformando mais leads de marketing, vendas e sites em clientes<\/li>\n\n\n\n<li>Coletar informa\u00e7\u00f5es sobre seu navegador e suas prefer\u00eancias<\/li>\n<\/ul>\n<\/li>\n<\/ul>\n<\/li>\n\n\n\n<li><em>WooCommerce<\/em>\n<ul class=\"wp-block-list\">\n<li>Os cookies do WooCommerce s\u00e3o usados para manter o controle dos dados do carrinho de compras na loja online da apg\u00ae. Saiba mais sobre os cookies do WooCommerce <\/li>\n<\/ul>\n<\/li>\n<\/ul>\n\n<h2 class=\"wp-block-heading\"><strong>Informa\u00e7\u00f5es que coletamos dos cookies<\/strong><\/h2>\n\n<p>A apg\u00ae usa o Google Analytics para capturar o uso do site; como nossos usu\u00e1rios chegam ao nosso site, o que fazem no site, que navegador est\u00e3o usando e em que sistema operacional etc. No entanto, esses dados anal\u00edticos, coletados por meio de c\u00f3digos de rastreamento nas p\u00e1ginas de nosso site, n\u00e3o est\u00e3o vinculados a informa\u00e7\u00f5es de identifica\u00e7\u00e3o pessoal. <\/p>\n\n<p>O site da apg tamb\u00e9m usa c\u00f3digos de rastreamento da HubSpot que rastreiam os visitantes anonimamente. Se e quando um usu\u00e1rio preencher um formul\u00e1rio do HubSpot no site da apg\u00ae, suas informa\u00e7\u00f5es pessoais ser\u00e3o associadas \u00e0 sua atividade anterior no site ap\u00f3s o envio do formul\u00e1rio. No entanto, se voc\u00ea n\u00e3o quiser divulgar seus dados pessoais, n\u00e3o envie nenhuma informa\u00e7\u00e3o por meio dos formul\u00e1rios da apg. <a href=\"https:\/\/knowledge.hubspot.com\/articles\/kcs_article\/account\/how-does-hubspot-track-visitors\" target=\"_blank\" rel=\"noreferrer noopener\">Saiba mais<\/a> sobre como a HubSpot rastreia os visitantes.  <\/p>\n\n<h2 class=\"wp-block-heading\"><strong>Cookies de terceiros<\/strong><\/h2>\n\n<p>Para proporcionar a voc\u00ea uma melhor experi\u00eancia de usu\u00e1rio, a apg\u00ae \u00e0s vezes incorpora fotos, v\u00eddeos ou elementos semelhantes hospedados em servi\u00e7os on-line de terceiros, como o YouTube. Portanto, voc\u00ea pode ser exposto a cookies desses servi\u00e7os quando visitar uma p\u00e1gina do apg\u00ae que contenha esse conte\u00fado. <\/p>\n\n<p>Voc\u00ea pode usar bot\u00f5es de compartilhamento incorporados no site da apg\u00ae. Esses bot\u00f5es permitem que os usu\u00e1rios compartilhem facilmente o conte\u00fado com seus amigos por meio de v\u00e1rias redes sociais populares. Quando voc\u00ea clica em um desses bot\u00f5es, um cookie pode ser definido pelo servi\u00e7o que voc\u00ea escolheu para compartilhar o conte\u00fado.  <\/p>\n\n<p>A apg\u00ae n\u00e3o controla a distribui\u00e7\u00e3o desses cookies de servi\u00e7os on-line de terceiros e recomendamos que voc\u00ea verifique o site do terceiro em quest\u00e3o para obter mais informa\u00e7\u00f5es.<\/p>\n\n<h2 class=\"wp-block-heading\"><strong>Consentimento e acordo<\/strong><\/h2>\n\n<p>AO CONTINUAR A USAR NOSSO SITE, VOC\u00ca CONCORDA EM ESTAR SUJEITO AOS TERMOS DESTA POL\u00cdTICA DE COOKIES E AO NOSSO USO DE COOKIES, CONFORME DIVULGADO NESTA POL\u00cdTICA. Se voc\u00ea n\u00e3o concordar com esses termos e condi\u00e7\u00f5es, n\u00e3o divulgue nenhuma informa\u00e7\u00e3o pessoal no site da apg\u00ae. A APG Cash Drawer, LLC pode alterar esta Pol\u00edtica de Cookies de tempos em tempos, atualizando esta p\u00e1gina. Recomendamos que voc\u00ea verifique esta p\u00e1gina periodicamente para garantir que est\u00e1 satisfeito com quaisquer altera\u00e7\u00f5es. Esta pol\u00edtica foi revisada em 9 de maio de 2018.    <\/p>\n\n<h2 class=\"wp-block-heading\"><strong>Entre em contato conosco<\/strong><\/h2>\n\n<p>Se voc\u00ea tiver alguma d\u00favida sobre nossa Pol\u00edtica de Cookies, entre em contato conosco por e-mail em <a href=\"mailto:marketing.na@apgsolutions.com\">marketing.na@apgsolutions.com<\/a> e <a href=\"mailto:marketing.eu@apgsolutions.com\">marketing.eu@apgsolutions.com.<\/a><\/p>\n","protected":false},"excerpt":{"rendered":"<p>Queremos que voc\u00ea, como valioso usu\u00e1rio do site da apg\u00ae, entenda completamente sua privacidade, como os cookies o afetam e que se sinta totalmente confort\u00e1vel com sua experi\u00eancia no site da apg\u00ae. Se voc\u00ea tamb\u00e9m quiser mais informa\u00e7\u00f5es sobre a pol\u00edtica de privacidade da apg, visite nossa p\u00e1gina de pol\u00edtica de privacidade. O que s\u00e3o [&hellip;]<\/p>\n","protected":false},"author":4,"featured_media":0,"parent":0,"menu_order":0,"comment_status":"closed","ping_status":"closed","template":"","meta":{"_acf_changed":false,"content-type":"","footnotes":""},"class_list":["post-110639","page","type-page","status-publish"],"yoast_head":"<!-- This site is optimized with the Yoast SEO Premium plugin v23.5 (Yoast SEO v27.2) - https:\/\/yoast.com\/product\/yoast-seo-premium-wordpress\/ -->\n<title>Pol\u00edtica de cookies - apg\u00ae - voc\u00ea pode usar o site da apg\u00ae.<\/title>\n<meta name=\"description\" content=\"Queremos que voc\u00ea, como valioso usu\u00e1rio do site da apg\u00ae, entenda completamente sua privacidade, como os cookies o afetam e que se sinta totalmente confort\u00e1vel com sua experi\u00eancia no site da apg\u00ae. Clique aqui para ver a pol\u00edtica completa da apg.\" \/>\n<meta name=\"robots\" content=\"index, follow, max-snippet:-1, max-image-preview:large, max-video-preview:-1\" \/>\n<link rel=\"canonical\" href=\"https:\/\/apgsolutions.com\/pt-br\/cookies-policy\/\" \/>\n<meta property=\"og:locale\" content=\"pt_BR\" \/>\n<meta property=\"og:type\" content=\"article\" \/>\n<meta property=\"og:title\" content=\"Pol\u00edtica de cookies - apg\u00ae - voc\u00ea pode usar o site da apg\u00ae.\" \/>\n<meta property=\"og:description\" content=\"Queremos que voc\u00ea, como valioso usu\u00e1rio do site da apg\u00ae, entenda completamente sua privacidade, como os cookies o afetam e que se sinta totalmente confort\u00e1vel com sua experi\u00eancia no site da apg\u00ae. Clique aqui para ver a pol\u00edtica completa da apg.\" \/>\n<meta property=\"og:url\" content=\"https:\/\/apgsolutions.com\/pt-br\/cookies-policy\/\" \/>\n<meta property=\"og:site_name\" content=\"apg\u00ae Solutions\" \/>\n<meta property=\"article:publisher\" content=\"https:\/\/www.facebook.com\/apgglobalsolutions\" \/>\n<meta property=\"article:modified_time\" content=\"2026-03-23T13:50:10+00:00\" \/>\n<meta name=\"twitter:card\" content=\"summary_large_image\" \/>\n<meta name=\"twitter:site\" content=\"@apg_solutions\" \/>\n<meta name=\"twitter:label1\" content=\"Est. tempo de leitura\" \/>\n\t<meta name=\"twitter:data1\" content=\"4 minutos\" \/>\n<script type=\"application\/ld+json\" class=\"yoast-schema-graph\">{\"@context\":\"https:\/\/schema.org\",\"@graph\":[{\"@type\":\"WebPage\",\"@id\":\"https:\/\/apgsolutions.com\/pt-br\/cookies-policy\/\",\"url\":\"https:\/\/apgsolutions.com\/pt-br\/cookies-policy\/\",\"name\":\"Pol\u00edtica de cookies - apg\u00ae - voc\u00ea pode usar o site da apg\u00ae.\",\"isPartOf\":{\"@id\":\"https:\/\/apgsolutions.com\/pt-br\/#website\"},\"datePublished\":\"2026-03-23T13:45:01+00:00\",\"dateModified\":\"2026-03-23T13:50:10+00:00\",\"description\":\"Queremos que voc\u00ea, como valioso usu\u00e1rio do site da apg\u00ae, entenda completamente sua privacidade, como os cookies o afetam e que se sinta totalmente confort\u00e1vel com sua experi\u00eancia no site da apg\u00ae. Clique aqui para ver a pol\u00edtica completa da apg.\",\"inLanguage\":\"pt-BR\",\"potentialAction\":[{\"@type\":\"ReadAction\",\"target\":[\"https:\/\/apgsolutions.com\/pt-br\/cookies-policy\/\"]}]},{\"@type\":\"WebSite\",\"@id\":\"https:\/\/apgsolutions.com\/pt-br\/#website\",\"url\":\"https:\/\/apgsolutions.com\/pt-br\/\",\"name\":\"APG Solutions, LLC\",\"description\":\"Trust at every point.\",\"publisher\":{\"@id\":\"https:\/\/apgsolutions.com\/pt-br\/#organization\"},\"potentialAction\":[{\"@type\":\"SearchAction\",\"target\":{\"@type\":\"EntryPoint\",\"urlTemplate\":\"https:\/\/apgsolutions.com\/pt-br\/?s={search_term_string}\"},\"query-input\":{\"@type\":\"PropertyValueSpecification\",\"valueRequired\":true,\"valueName\":\"search_term_string\"}}],\"inLanguage\":\"pt-BR\"},{\"@type\":\"Organization\",\"@id\":\"https:\/\/apgsolutions.com\/pt-br\/#organization\",\"name\":\"APG Solution, LLC\",\"url\":\"https:\/\/apgsolutions.com\/pt-br\/\",\"logo\":{\"@type\":\"ImageObject\",\"inLanguage\":\"pt-BR\",\"@id\":\"https:\/\/apgsolutions.com\/pt-br\/#\/schema\/logo\/image\/\",\"url\":\"https:\/\/apgsolutions.com\/wp-content\/uploads\/2023\/12\/logomark-color.svg\",\"contentUrl\":\"https:\/\/apgsolutions.com\/wp-content\/uploads\/2023\/12\/logomark-color.svg\",\"width\":141,\"height\":138,\"caption\":\"APG Solution, LLC\"},\"image\":{\"@id\":\"https:\/\/apgsolutions.com\/pt-br\/#\/schema\/logo\/image\/\"},\"sameAs\":[\"https:\/\/www.facebook.com\/apgglobalsolutions\",\"https:\/\/x.com\/apg_solutions\",\"https:\/\/www.youtube.com\/c\/CashManagementGlobalSolutionsbyapg\",\"https:\/\/www.linkedin.com\/company\/apgglobalsolutions\/\",\"https:\/\/www.instagram.com\/apgglobalsolutions\/\",\"https:\/\/www.pinterest.com\/apgcashdrawer\/\"]}]}<\/script>\n<!-- \/ Yoast SEO Premium plugin. -->","yoast_head_json":{"title":"Pol\u00edtica de cookies - apg\u00ae - voc\u00ea pode usar o site da apg\u00ae.","description":"Queremos que voc\u00ea, como valioso usu\u00e1rio do site da apg\u00ae, entenda completamente sua privacidade, como os cookies o afetam e que se sinta totalmente confort\u00e1vel com sua experi\u00eancia no site da apg\u00ae. Clique aqui para ver a pol\u00edtica completa da apg.","robots":{"index":"index","follow":"follow","max-snippet":"max-snippet:-1","max-image-preview":"max-image-preview:large","max-video-preview":"max-video-preview:-1"},"canonical":"https:\/\/apgsolutions.com\/pt-br\/cookies-policy\/","og_locale":"pt_BR","og_type":"article","og_title":"Pol\u00edtica de cookies - apg\u00ae - voc\u00ea pode usar o site da apg\u00ae.","og_description":"Queremos que voc\u00ea, como valioso usu\u00e1rio do site da apg\u00ae, entenda completamente sua privacidade, como os cookies o afetam e que se sinta totalmente confort\u00e1vel com sua experi\u00eancia no site da apg\u00ae. Clique aqui para ver a pol\u00edtica completa da apg.","og_url":"https:\/\/apgsolutions.com\/pt-br\/cookies-policy\/","og_site_name":"apg\u00ae Solutions","article_publisher":"https:\/\/www.facebook.com\/apgglobalsolutions","article_modified_time":"2026-03-23T13:50:10+00:00","twitter_card":"summary_large_image","twitter_site":"@apg_solutions","twitter_misc":{"Est. tempo de leitura":"4 minutos"},"schema":{"@context":"https:\/\/schema.org","@graph":[{"@type":"WebPage","@id":"https:\/\/apgsolutions.com\/pt-br\/cookies-policy\/","url":"https:\/\/apgsolutions.com\/pt-br\/cookies-policy\/","name":"Pol\u00edtica de cookies - apg\u00ae - voc\u00ea pode usar o site da apg\u00ae.","isPartOf":{"@id":"https:\/\/apgsolutions.com\/pt-br\/#website"},"datePublished":"2026-03-23T13:45:01+00:00","dateModified":"2026-03-23T13:50:10+00:00","description":"Queremos que voc\u00ea, como valioso usu\u00e1rio do site da apg\u00ae, entenda completamente sua privacidade, como os cookies o afetam e que se sinta totalmente confort\u00e1vel com sua experi\u00eancia no site da apg\u00ae. Clique aqui para ver a pol\u00edtica completa da apg.","inLanguage":"pt-BR","potentialAction":[{"@type":"ReadAction","target":["https:\/\/apgsolutions.com\/pt-br\/cookies-policy\/"]}]},{"@type":"WebSite","@id":"https:\/\/apgsolutions.com\/pt-br\/#website","url":"https:\/\/apgsolutions.com\/pt-br\/","name":"APG Solutions, LLC","description":"Trust at every point.","publisher":{"@id":"https:\/\/apgsolutions.com\/pt-br\/#organization"},"potentialAction":[{"@type":"SearchAction","target":{"@type":"EntryPoint","urlTemplate":"https:\/\/apgsolutions.com\/pt-br\/?s={search_term_string}"},"query-input":{"@type":"PropertyValueSpecification","valueRequired":true,"valueName":"search_term_string"}}],"inLanguage":"pt-BR"},{"@type":"Organization","@id":"https:\/\/apgsolutions.com\/pt-br\/#organization","name":"APG Solution, LLC","url":"https:\/\/apgsolutions.com\/pt-br\/","logo":{"@type":"ImageObject","inLanguage":"pt-BR","@id":"https:\/\/apgsolutions.com\/pt-br\/#\/schema\/logo\/image\/","url":"https:\/\/apgsolutions.com\/wp-content\/uploads\/2023\/12\/logomark-color.svg","contentUrl":"https:\/\/apgsolutions.com\/wp-content\/uploads\/2023\/12\/logomark-color.svg","width":141,"height":138,"caption":"APG Solution, LLC"},"image":{"@id":"https:\/\/apgsolutions.com\/pt-br\/#\/schema\/logo\/image\/"},"sameAs":["https:\/\/www.facebook.com\/apgglobalsolutions","https:\/\/x.com\/apg_solutions","https:\/\/www.youtube.com\/c\/CashManagementGlobalSolutionsbyapg","https:\/\/www.linkedin.com\/company\/apgglobalsolutions\/","https:\/\/www.instagram.com\/apgglobalsolutions\/","https:\/\/www.pinterest.com\/apgcashdrawer\/"]}]}},"acf":[],"_links":{"self":[{"href":"https:\/\/apgsolutions.com\/pt-br\/wp-json\/wp\/v2\/pages\/110639","targetHints":{"allow":["GET"]}}],"collection":[{"href":"https:\/\/apgsolutions.com\/pt-br\/wp-json\/wp\/v2\/pages"}],"about":[{"href":"https:\/\/apgsolutions.com\/pt-br\/wp-json\/wp\/v2\/types\/page"}],"author":[{"embeddable":true,"href":"https:\/\/apgsolutions.com\/pt-br\/wp-json\/wp\/v2\/users\/4"}],"replies":[{"embeddable":true,"href":"https:\/\/apgsolutions.com\/pt-br\/wp-json\/wp\/v2\/comments?post=110639"}],"version-history":[{"count":1,"href":"https:\/\/apgsolutions.com\/pt-br\/wp-json\/wp\/v2\/pages\/110639\/revisions"}],"predecessor-version":[{"id":110640,"href":"https:\/\/apgsolutions.com\/pt-br\/wp-json\/wp\/v2\/pages\/110639\/revisions\/110640"}],"wp:attachment":[{"href":"https:\/\/apgsolutions.com\/pt-br\/wp-json\/wp\/v2\/media?parent=110639"}],"curies":[{"name":"wp","href":"https:\/\/api.w.org\/{rel}","templated":true}]}}